{"id":8391,"date":"2020-10-06T11:56:33","date_gmt":"2020-10-06T09:56:33","guid":{"rendered":"https:\/\/pans.krosno.pl\/pracownicy\/?page_id=8391"},"modified":"2020-10-06T11:56:33","modified_gmt":"2020-10-06T09:56:33","slug":"dr-krzysztof-kasprzyk-other-professional-experience-2","status":"publish","type":"page","link":"https:\/\/pans.krosno.pl\/pracownicy\/en\/dr-krzysztof-kasprzyk\/dr-krzysztof-kasprzyk-other-professional-experience-2\/","title":{"rendered":"dr Krzysztof Kasprzyk \u2013 Other Professional Experience"},"content":{"rendered":"\n<ul class=\"wp-block-list\"><li>From 1967 to 1975, teacher of English at I LO in Krosno,<\/li><li>From 1975 to 1989&nbsp; inspector of West European languages \u200b\u200band methodological advisor to School and Education Board (KOiW) in Krosno and Teacher Training Department (ODN) in Rzesz\u00f3w,<\/li><li>From 1989 to 1995, Director in the Foreign Language Teaching College in Krosno &#8211; English teaching Methodology, Phonetics, Introduction to Linguistics; Krosno State College &#8211; English Teaching Methodology, Undergraduate Seminar,<\/li><li>From 2005 to 2013, the Foreign Language Teaching College \u200b\u200bin Sanok &#8211; Practical English,<\/li><li>From 2005 to 2010, the Academy of Humanities and Economics in \u0141\u00f3d\u017a (Assistant Professor) \u2013 Methodology of Teaching, MA Seminar,<\/li><li>Since 2010, a senior lecturer at the Stanis\u0142aw Pigo\u0144 State College in Krosno, currently at the Carpathian State College in Krosno &#8211; Methodology of Teaching English, Undergraduate Seminar, Practical English.<\/li><\/ul>\n","protected":false},"excerpt":{"rendered":"<p>From 1967 to 1975, teacher of English at I LO in Krosno, From 1975 to 1989&nbsp; inspector of West European languages \u200b\u200band methodological advisor to School and Education Board (KOiW) in Krosno and Teacher Training Department (ODN) in Rzesz\u00f3w, From 1989 to 1995, Director in the Foreign Language Teaching College [\u2026] <\/p>\n<div class=\"clear\"><\/div>\n<p><a class=\"more_link clearfix\" href=\"https:\/\/pans.krosno.pl\/pracownicy\/en\/dr-krzysztof-kasprzyk\/dr-krzysztof-kasprzyk-other-professional-experience-2\/\" rel=\"nofollow\">Read More<\/a><\/p>\n","protected":false},"author":27,"featured_media":0,"parent":8380,"menu_order":0,"comment_status":"closed","ping_status":"closed","template":"","meta":{"ngg_post_thumbnail":0,"footnotes":""},"class_list":["post-8391","page","type-page","status-publish","hentry"],"yoast_head":"<!-- This site is optimized with the Yoast SEO Premium plugin v27.3 (Yoast SEO v27.3) - https:\/\/yoast.com\/product\/yoast-seo-premium-wordpress\/ -->\n<title>dr Krzysztof Kasprzyk \u2013 Other Professional Experience - Pracownicy PANS w Kro\u015bnie<\/title>\n<meta name=\"robots\" content=\"index, follow, max-snippet:-1, max-image-preview:large, max-video-preview:-1\" \/>\n<link rel=\"canonical\" href=\"https:\/\/pans.krosno.pl\/pracownicy\/dr-krzysztof-kasprzyk\/dr-krzysztof-kasprzyk-other-professional-experience-2\/\" \/>\n<meta property=\"og:locale\" content=\"en_US\" \/>\n<meta property=\"og:type\" content=\"article\" \/>\n<meta property=\"og:title\" content=\"dr Krzysztof Kasprzyk \u2013 Other Professional Experience\" \/>\n<meta property=\"og:description\" content=\"From 1967 to 1975, teacher of English at I LO in Krosno, From 1975 to 1989&nbsp; inspector of West European languages \u200b\u200band methodological advisor to School and Education Board (KOiW) in Krosno and Teacher Training Department (ODN) in Rzesz\u00f3w, From 1989 to 1995, Director in the Foreign Language Teaching College [\u2026] Read More\" \/>\n<meta property=\"og:url\" content=\"https:\/\/pans.krosno.pl\/pracownicy\/dr-krzysztof-kasprzyk\/dr-krzysztof-kasprzyk-other-professional-experience-2\/\" \/>\n<meta property=\"og:site_name\" content=\"Pracownicy PANS w Kro\u015bnie\" \/>\n<meta name=\"twitter:card\" content=\"summary_large_image\" \/>\n<meta name=\"twitter:label1\" content=\"Est. reading time\" \/>\n\t<meta name=\"twitter:data1\" content=\"1 minute\" \/>\n<script type=\"application\/ld+json\" class=\"yoast-schema-graph\">{\"@context\":\"https:\\\/\\\/schema.org\",\"@graph\":[{\"@type\":\"WebPage\",\"@id\":\"https:\\\/\\\/pans.krosno.pl\\\/pracownicy\\\/dr-krzysztof-kasprzyk\\\/dr-krzysztof-kasprzyk-other-professional-experience-2\\\/\",\"url\":\"https:\\\/\\\/pans.krosno.pl\\\/pracownicy\\\/dr-krzysztof-kasprzyk\\\/dr-krzysztof-kasprzyk-other-professional-experience-2\\\/\",\"name\":\"dr Krzysztof Kasprzyk \u2013 Other Professional Experience - Pracownicy PANS w Kro\u015bnie\",\"isPartOf\":{\"@id\":\"https:\\\/\\\/pans.krosno.pl\\\/pracownicy\\\/#website\"},\"datePublished\":\"2020-10-06T09:56:33+00:00\",\"breadcrumb\":{\"@id\":\"https:\\\/\\\/pans.krosno.pl\\\/pracownicy\\\/dr-krzysztof-kasprzyk\\\/dr-krzysztof-kasprzyk-other-professional-experience-2\\\/#breadcrumb\"},\"inLanguage\":\"en-US\",\"potentialAction\":[{\"@type\":\"ReadAction\",\"target\":[\"https:\\\/\\\/pans.krosno.pl\\\/pracownicy\\\/dr-krzysztof-kasprzyk\\\/dr-krzysztof-kasprzyk-other-professional-experience-2\\\/\"]}]},{\"@type\":\"BreadcrumbList\",\"@id\":\"https:\\\/\\\/pans.krosno.pl\\\/pracownicy\\\/dr-krzysztof-kasprzyk\\\/dr-krzysztof-kasprzyk-other-professional-experience-2\\\/#breadcrumb\",\"itemListElement\":[{\"@type\":\"ListItem\",\"position\":1,\"name\":\"Strona g\u0142\u00f3wna\",\"item\":\"https:\\\/\\\/pans.krosno.pl\\\/pracownicy\\\/\"},{\"@type\":\"ListItem\",\"position\":2,\"name\":\"dr Krzysztof Kasprzyk\",\"item\":\"https:\\\/\\\/pans.krosno.pl\\\/pracownicy\\\/dr-krzysztof-kasprzyk\\\/\"},{\"@type\":\"ListItem\",\"position\":3,\"name\":\"dr Krzysztof Kasprzyk \u2013 Other Professional Experience\"}]},{\"@type\":\"WebSite\",\"@id\":\"https:\\\/\\\/pans.krosno.pl\\\/pracownicy\\\/#website\",\"url\":\"https:\\\/\\\/pans.krosno.pl\\\/pracownicy\\\/\",\"name\":\"Pracownicy PANS w Kro\u015bnie\",\"description\":\"Pracownicy - Pa\u0144stwowa Akademia Nauk Stosowanych\",\"publisher\":{\"@id\":\"https:\\\/\\\/pans.krosno.pl\\\/pracownicy\\\/#organization\"},\"potentialAction\":[{\"@type\":\"SearchAction\",\"target\":{\"@type\":\"EntryPoint\",\"urlTemplate\":\"https:\\\/\\\/pans.krosno.pl\\\/pracownicy\\\/?s={search_term_string}\"},\"query-input\":{\"@type\":\"PropertyValueSpecification\",\"valueRequired\":true,\"valueName\":\"search_term_string\"}}],\"inLanguage\":\"en-US\"},{\"@type\":\"Organization\",\"@id\":\"https:\\\/\\\/pans.krosno.pl\\\/pracownicy\\\/#organization\",\"name\":\"Pracownicy PANS w Kro\u015bnie\",\"url\":\"https:\\\/\\\/pans.krosno.pl\\\/pracownicy\\\/\",\"logo\":{\"@type\":\"ImageObject\",\"inLanguage\":\"en-US\",\"@id\":\"https:\\\/\\\/pans.krosno.pl\\\/pracownicy\\\/#\\\/schema\\\/logo\\\/image\\\/\",\"url\":\"https:\\\/\\\/pans.krosno.pl\\\/pracownicy\\\/wp-content\\\/uploads\\\/sites\\\/41\\\/2023\\\/01\\\/Logo-PANS-2022-pelne.png\",\"contentUrl\":\"https:\\\/\\\/pans.krosno.pl\\\/pracownicy\\\/wp-content\\\/uploads\\\/sites\\\/41\\\/2023\\\/01\\\/Logo-PANS-2022-pelne.png\",\"width\":3096,\"height\":696,\"caption\":\"Pracownicy PANS w Kro\u015bnie\"},\"image\":{\"@id\":\"https:\\\/\\\/pans.krosno.pl\\\/pracownicy\\\/#\\\/schema\\\/logo\\\/image\\\/\"}}]}<\/script>\n<!-- \/ Yoast SEO Premium plugin. -->","yoast_head_json":{"title":"dr Krzysztof Kasprzyk \u2013 Other Professional Experience - Pracownicy PANS w Kro\u015bnie","robots":{"index":"index","follow":"follow","max-snippet":"max-snippet:-1","max-image-preview":"max-image-preview:large","max-video-preview":"max-video-preview:-1"},"canonical":"https:\/\/pans.krosno.pl\/pracownicy\/dr-krzysztof-kasprzyk\/dr-krzysztof-kasprzyk-other-professional-experience-2\/","og_locale":"en_US","og_type":"article","og_title":"dr Krzysztof Kasprzyk \u2013 Other Professional Experience","og_description":"From 1967 to 1975, teacher of English at I LO in Krosno, From 1975 to 1989&nbsp; inspector of West European languages \u200b\u200band methodological advisor to School and Education Board (KOiW) in Krosno and Teacher Training Department (ODN) in Rzesz\u00f3w, From 1989 to 1995, Director in the Foreign Language Teaching College [\u2026] Read More","og_url":"https:\/\/pans.krosno.pl\/pracownicy\/dr-krzysztof-kasprzyk\/dr-krzysztof-kasprzyk-other-professional-experience-2\/","og_site_name":"Pracownicy PANS w Kro\u015bnie","twitter_card":"summary_large_image","twitter_misc":{"Est. reading time":"1 minute"},"schema":{"@context":"https:\/\/schema.org","@graph":[{"@type":"WebPage","@id":"https:\/\/pans.krosno.pl\/pracownicy\/dr-krzysztof-kasprzyk\/dr-krzysztof-kasprzyk-other-professional-experience-2\/","url":"https:\/\/pans.krosno.pl\/pracownicy\/dr-krzysztof-kasprzyk\/dr-krzysztof-kasprzyk-other-professional-experience-2\/","name":"dr Krzysztof Kasprzyk \u2013 Other Professional Experience - Pracownicy PANS w Kro\u015bnie","isPartOf":{"@id":"https:\/\/pans.krosno.pl\/pracownicy\/#website"},"datePublished":"2020-10-06T09:56:33+00:00","breadcrumb":{"@id":"https:\/\/pans.krosno.pl\/pracownicy\/dr-krzysztof-kasprzyk\/dr-krzysztof-kasprzyk-other-professional-experience-2\/#breadcrumb"},"inLanguage":"en-US","potentialAction":[{"@type":"ReadAction","target":["https:\/\/pans.krosno.pl\/pracownicy\/dr-krzysztof-kasprzyk\/dr-krzysztof-kasprzyk-other-professional-experience-2\/"]}]},{"@type":"BreadcrumbList","@id":"https:\/\/pans.krosno.pl\/pracownicy\/dr-krzysztof-kasprzyk\/dr-krzysztof-kasprzyk-other-professional-experience-2\/#breadcrumb","itemListElement":[{"@type":"ListItem","position":1,"name":"Strona g\u0142\u00f3wna","item":"https:\/\/pans.krosno.pl\/pracownicy\/"},{"@type":"ListItem","position":2,"name":"dr Krzysztof Kasprzyk","item":"https:\/\/pans.krosno.pl\/pracownicy\/dr-krzysztof-kasprzyk\/"},{"@type":"ListItem","position":3,"name":"dr Krzysztof Kasprzyk \u2013 Other Professional Experience"}]},{"@type":"WebSite","@id":"https:\/\/pans.krosno.pl\/pracownicy\/#website","url":"https:\/\/pans.krosno.pl\/pracownicy\/","name":"Pracownicy PANS w Kro\u015bnie","description":"Pracownicy - Pa\u0144stwowa Akademia Nauk Stosowanych","publisher":{"@id":"https:\/\/pans.krosno.pl\/pracownicy\/#organization"},"potentialAction":[{"@type":"SearchAction","target":{"@type":"EntryPoint","urlTemplate":"https:\/\/pans.krosno.pl\/pracownicy\/?s={search_term_string}"},"query-input":{"@type":"PropertyValueSpecification","valueRequired":true,"valueName":"search_term_string"}}],"inLanguage":"en-US"},{"@type":"Organization","@id":"https:\/\/pans.krosno.pl\/pracownicy\/#organization","name":"Pracownicy PANS w Kro\u015bnie","url":"https:\/\/pans.krosno.pl\/pracownicy\/","logo":{"@type":"ImageObject","inLanguage":"en-US","@id":"https:\/\/pans.krosno.pl\/pracownicy\/#\/schema\/logo\/image\/","url":"https:\/\/pans.krosno.pl\/pracownicy\/wp-content\/uploads\/sites\/41\/2023\/01\/Logo-PANS-2022-pelne.png","contentUrl":"https:\/\/pans.krosno.pl\/pracownicy\/wp-content\/uploads\/sites\/41\/2023\/01\/Logo-PANS-2022-pelne.png","width":3096,"height":696,"caption":"Pracownicy PANS w Kro\u015bnie"},"image":{"@id":"https:\/\/pans.krosno.pl\/pracownicy\/#\/schema\/logo\/image\/"}}]}},"_links":{"self":[{"href":"https:\/\/pans.krosno.pl\/pracownicy\/en\/wp-json\/wp\/v2\/pages\/8391","targetHints":{"allow":["GET"]}}],"collection":[{"href":"https:\/\/pans.krosno.pl\/pracownicy\/en\/wp-json\/wp\/v2\/pages"}],"about":[{"href":"https:\/\/pans.krosno.pl\/pracownicy\/en\/wp-json\/wp\/v2\/types\/page"}],"author":[{"embeddable":true,"href":"https:\/\/pans.krosno.pl\/pracownicy\/en\/wp-json\/wp\/v2\/users\/27"}],"replies":[{"embeddable":true,"href":"https:\/\/pans.krosno.pl\/pracownicy\/en\/wp-json\/wp\/v2\/comments?post=8391"}],"version-history":[{"count":1,"href":"https:\/\/pans.krosno.pl\/pracownicy\/en\/wp-json\/wp\/v2\/pages\/8391\/revisions"}],"predecessor-version":[{"id":8392,"href":"https:\/\/pans.krosno.pl\/pracownicy\/en\/wp-json\/wp\/v2\/pages\/8391\/revisions\/8392"}],"up":[{"embeddable":true,"href":"https:\/\/pans.krosno.pl\/pracownicy\/en\/wp-json\/wp\/v2\/pages\/8380"}],"wp:attachment":[{"href":"https:\/\/pans.krosno.pl\/pracownicy\/en\/wp-json\/wp\/v2\/media?parent=8391"}],"curies":[{"name":"wp","href":"https:\/\/api.w.org\/{rel}","templated":true}]}}