{"id":8375,"date":"2020-10-06T11:24:11","date_gmt":"2020-10-06T09:24:11","guid":{"rendered":"https:\/\/pans.krosno.pl\/pracownicy\/?page_id=8375"},"modified":"2020-10-19T10:54:35","modified_gmt":"2020-10-19T08:54:35","slug":"dr-agnieszka-habrat-publications","status":"publish","type":"page","link":"https:\/\/pans.krosno.pl\/pracownicy\/en\/dr-agnieszka-habrat\/dr-agnieszka-habrat-publications\/","title":{"rendered":"dr Agnieszka Habrat &#8211; Publications"},"content":{"rendered":"<p><strong><br \/>\nBook:<\/strong><\/p>\n<p><em>The Role of Self-esteem in Foreign Language Learning and Teaching<\/em>, ed. Springer 2018.<\/p>\n<p><strong>Articles:<\/strong><\/p>\n<ol>\n<li>Let&#8217;s make a sandwich. Supporting the development of children&#8217;s creativity through integrating foreign language teaching with early primary curriculum. In B. Muchacka, J. Korcz (Eds). <em>Wspieranie dzieci\u0119cej kreatywno\u015bci<\/em> (24) [Supporting children&#8217;s creativity (24)] (pp.155 &#8211; 162). Pa\u0144stwowa Wy\u017csza Szko\u0142a Zawodowa, Nowy S\u0105cz. 2006.<\/li>\n<li>Czy podr\u0119cznik pomaga wdra\u017ca\u0107 ucznia do autonomii? Ewaluacja wybranych podr\u0119cznik\u00f3w do nauki j\u0119zyka angielskiego w starszych klasach szko\u0142y podstawowej pod k\u0105tem autonomizacji. In M. Pawlak (Ed.), <em>Autonomia w nauce j\u0119zyka obcego\u2014co osi\u0105gn\u0119li\u015bmy i dok\u0105d zmierzamy<\/em> [Autonomy in foreign language learning\u2014what we have achieved and were we are headed] (pp. 281\u2013290). Pozna\u0144\u2013Kalisz\u2013Konin: Wydawnictwo Uniwersytetu Adama Mickiewicza i Pa\u0144stwowej Wy\u017cszej Szko\u0142y Zawodowej w Koninie. 2008,<\/li>\n<li>Strategy training as an attempt at motivating learners through raising their learning awareness. In Koz\u0142owski A. (Ed). <em>Interdyscyplinarno\u015b\u0107 w glottodydaktyce. J\u0119zyk &#8211; Literatura &#8211; Kultura<\/em> [Interdisciplinarity in foreign language teaching] (pp.489 &#8211; 498). Wydawnictwo Pa\u0144stwowej Wy\u017cszej Szko\u0142y Zawodowej w P\u0142ocku. 2009.<\/li>\n<li>The effect on affect on learning. Self-esteem and self-concept &nbsp;In: Piechurska-Kuciel E., Szyma\u0144ska-Czaplak E. (Eds) <em>Language in Cognition and Affect. Second Language Learning and Teaching. <\/em>Springer, Berlin, Heidelberg. https:\/\/doi.org\/10.1007\/978-3-642-35305-5_145.<\/li>\n<li>Self-esteem across cultures. In: A. Witalisz(Ed.) <em>Papers on Language, Culture and Literature 4<\/em>, <em>Prace naukowo-dydaktyczne Pa\u0144stwowej Wy\u017cszej Szko\u0142y Zawodowej im. St. Pigonia w Kro\u015bnie <\/em>vol. 61, Krosno, 2013, 103-114.<\/li>\n<li>The interplay between college students\u2019 readiness for autonomy and their self-concept in Polish cultural context. In: W. Ch\u0142opicki, J, Ziobro-Strz\u0119pek (Eds.).<em> Across Borders 6: The West Looks East<\/em>. Ed., <em>Prace naukowo-dydaktyczne Pa\u0144stwowej Wy\u017cszej Szko\u0142y Zawodowej im. St. Pigonia w Kro\u015bnie <\/em>vol. 71, Krosno, 2017, 275-288.<\/li>\n<li>Students&#8217;&nbsp; L2 motivational self-system and ethnocentric attitudes across three levels of education. In: E. Rusek, W. Witalisz (Eds.)<em> Across Borders Cultural and Linguistic Shifts in the 21st Century.<\/em> Cracow Studies in English Language, Literature and Culture, Peter Lang, 2020.<\/li>\n<\/ol>\n<p><strong>Conference papers:<\/strong><\/p>\n<ol>\n<li>The relationship between self-related views and L2 proficiency in Polish secondary and tertiary students, conference presentation: International Conference Across Borders Conference VII, Tartu, Estonia;<\/li>\n<li>Students\u2019 L2 motivational self-system and attitudes towards L2 community, conference presentation: International Conference ICFSLA, Szczyrk 2018.<\/li>\n<\/ol>\n<p><strong>Others:<\/strong><\/p>\n<ol>\n<li>Cooauthorship of the teaching curriculum for a bilingual kindergarten 2012. (Samorz\u0105dowe Przedszkole w Dydni)<\/li>\n<li>Reviews of articles in the field of methodology of second language teaching for scholarly journals (T<em>ertium Linguistic Journal, Global Issues in Education Journal<\/em>).<\/li>\n<\/ol>\n<p>&nbsp;<\/p>\n","protected":false},"excerpt":{"rendered":"<p>Book: The Role of Self-esteem in Foreign Language Learning and Teaching, ed. Springer 2018. Articles: Let&#8217;s make a sandwich. Supporting the development of children&#8217;s creativity through integrating foreign language teaching with early primary curriculum. In B. Muchacka, J. Korcz (Eds). Wspieranie dzieci\u0119cej kreatywno\u015bci (24) [Supporting children&#8217;s creativity (24)] (pp.155 &#8211; [\u2026] <\/p>\n<div class=\"clear\"><\/div>\n<p><a class=\"more_link clearfix\" href=\"https:\/\/pans.krosno.pl\/pracownicy\/en\/dr-agnieszka-habrat\/dr-agnieszka-habrat-publications\/\" rel=\"nofollow\">Read More<\/a><\/p>\n","protected":false},"author":27,"featured_media":0,"parent":8367,"menu_order":0,"comment_status":"closed","ping_status":"closed","template":"","meta":{"ngg_post_thumbnail":0,"footnotes":""},"class_list":["post-8375","page","type-page","status-publish","hentry"],"yoast_head":"<!-- This site is optimized with the Yoast SEO Premium plugin v27.4 (Yoast SEO v27.4) - https:\/\/yoast.com\/product\/yoast-seo-premium-wordpress\/ -->\n<title>dr Agnieszka Habrat - Publications - Pracownicy PANS w Kro\u015bnie<\/title>\n<meta name=\"robots\" content=\"index, follow, max-snippet:-1, max-image-preview:large, max-video-preview:-1\" \/>\n<link rel=\"canonical\" href=\"https:\/\/pans.krosno.pl\/pracownicy\/dr-agnieszka-habrat\/dr-agnieszka-habrat-publications\/\" \/>\n<meta property=\"og:locale\" content=\"en_US\" \/>\n<meta property=\"og:type\" content=\"article\" \/>\n<meta property=\"og:title\" content=\"dr Agnieszka Habrat - Publications\" \/>\n<meta property=\"og:description\" content=\"Book: The Role of Self-esteem in Foreign Language Learning and Teaching, ed. Springer 2018. Articles: Let&#8217;s make a sandwich. Supporting the development of children&#8217;s creativity through integrating foreign language teaching with early primary curriculum. In B. Muchacka, J. Korcz (Eds). Wspieranie dzieci\u0119cej kreatywno\u015bci (24) [Supporting children&#8217;s creativity (24)] (pp.155 &#8211; [\u2026] Read More\" \/>\n<meta property=\"og:url\" content=\"https:\/\/pans.krosno.pl\/pracownicy\/dr-agnieszka-habrat\/dr-agnieszka-habrat-publications\/\" \/>\n<meta property=\"og:site_name\" content=\"Pracownicy PANS w Kro\u015bnie\" \/>\n<meta property=\"article:modified_time\" content=\"2020-10-19T08:54:35+00:00\" \/>\n<meta name=\"twitter:card\" content=\"summary_large_image\" \/>\n<meta name=\"twitter:label1\" content=\"Est. reading time\" \/>\n\t<meta name=\"twitter:data1\" content=\"2 minutes\" \/>\n<script type=\"application\/ld+json\" class=\"yoast-schema-graph\">{\"@context\":\"https:\\\/\\\/schema.org\",\"@graph\":[{\"@type\":\"WebPage\",\"@id\":\"https:\\\/\\\/pans.krosno.pl\\\/pracownicy\\\/dr-agnieszka-habrat\\\/dr-agnieszka-habrat-publications\\\/\",\"url\":\"https:\\\/\\\/pans.krosno.pl\\\/pracownicy\\\/dr-agnieszka-habrat\\\/dr-agnieszka-habrat-publications\\\/\",\"name\":\"dr Agnieszka Habrat - Publications - Pracownicy PANS w Kro\u015bnie\",\"isPartOf\":{\"@id\":\"https:\\\/\\\/pans.krosno.pl\\\/pracownicy\\\/#website\"},\"datePublished\":\"2020-10-06T09:24:11+00:00\",\"dateModified\":\"2020-10-19T08:54:35+00:00\",\"breadcrumb\":{\"@id\":\"https:\\\/\\\/pans.krosno.pl\\\/pracownicy\\\/dr-agnieszka-habrat\\\/dr-agnieszka-habrat-publications\\\/#breadcrumb\"},\"inLanguage\":\"en-US\",\"potentialAction\":[{\"@type\":\"ReadAction\",\"target\":[\"https:\\\/\\\/pans.krosno.pl\\\/pracownicy\\\/dr-agnieszka-habrat\\\/dr-agnieszka-habrat-publications\\\/\"]}]},{\"@type\":\"BreadcrumbList\",\"@id\":\"https:\\\/\\\/pans.krosno.pl\\\/pracownicy\\\/dr-agnieszka-habrat\\\/dr-agnieszka-habrat-publications\\\/#breadcrumb\",\"itemListElement\":[{\"@type\":\"ListItem\",\"position\":1,\"name\":\"Strona g\u0142\u00f3wna\",\"item\":\"https:\\\/\\\/pans.krosno.pl\\\/pracownicy\\\/\"},{\"@type\":\"ListItem\",\"position\":2,\"name\":\"dr Agnieszka Habrat\",\"item\":\"https:\\\/\\\/pans.krosno.pl\\\/pracownicy\\\/dr-agnieszka-habrat\\\/\"},{\"@type\":\"ListItem\",\"position\":3,\"name\":\"dr Agnieszka Habrat &#8211; Publications\"}]},{\"@type\":\"WebSite\",\"@id\":\"https:\\\/\\\/pans.krosno.pl\\\/pracownicy\\\/#website\",\"url\":\"https:\\\/\\\/pans.krosno.pl\\\/pracownicy\\\/\",\"name\":\"Pracownicy PANS w Kro\u015bnie\",\"description\":\"Pracownicy - Pa\u0144stwowa Akademia Nauk Stosowanych\",\"publisher\":{\"@id\":\"https:\\\/\\\/pans.krosno.pl\\\/pracownicy\\\/#organization\"},\"potentialAction\":[{\"@type\":\"SearchAction\",\"target\":{\"@type\":\"EntryPoint\",\"urlTemplate\":\"https:\\\/\\\/pans.krosno.pl\\\/pracownicy\\\/?s={search_term_string}\"},\"query-input\":{\"@type\":\"PropertyValueSpecification\",\"valueRequired\":true,\"valueName\":\"search_term_string\"}}],\"inLanguage\":\"en-US\"},{\"@type\":\"Organization\",\"@id\":\"https:\\\/\\\/pans.krosno.pl\\\/pracownicy\\\/#organization\",\"name\":\"Pracownicy PANS w Kro\u015bnie\",\"url\":\"https:\\\/\\\/pans.krosno.pl\\\/pracownicy\\\/\",\"logo\":{\"@type\":\"ImageObject\",\"inLanguage\":\"en-US\",\"@id\":\"https:\\\/\\\/pans.krosno.pl\\\/pracownicy\\\/#\\\/schema\\\/logo\\\/image\\\/\",\"url\":\"https:\\\/\\\/pans.krosno.pl\\\/pracownicy\\\/wp-content\\\/uploads\\\/sites\\\/41\\\/2023\\\/01\\\/Logo-PANS-2022-pelne.png\",\"contentUrl\":\"https:\\\/\\\/pans.krosno.pl\\\/pracownicy\\\/wp-content\\\/uploads\\\/sites\\\/41\\\/2023\\\/01\\\/Logo-PANS-2022-pelne.png\",\"width\":3096,\"height\":696,\"caption\":\"Pracownicy PANS w Kro\u015bnie\"},\"image\":{\"@id\":\"https:\\\/\\\/pans.krosno.pl\\\/pracownicy\\\/#\\\/schema\\\/logo\\\/image\\\/\"}}]}<\/script>\n<!-- \/ Yoast SEO Premium plugin. -->","yoast_head_json":{"title":"dr Agnieszka Habrat - Publications - Pracownicy PANS w Kro\u015bnie","robots":{"index":"index","follow":"follow","max-snippet":"max-snippet:-1","max-image-preview":"max-image-preview:large","max-video-preview":"max-video-preview:-1"},"canonical":"https:\/\/pans.krosno.pl\/pracownicy\/dr-agnieszka-habrat\/dr-agnieszka-habrat-publications\/","og_locale":"en_US","og_type":"article","og_title":"dr Agnieszka Habrat - Publications","og_description":"Book: The Role of Self-esteem in Foreign Language Learning and Teaching, ed. Springer 2018. Articles: Let&#8217;s make a sandwich. Supporting the development of children&#8217;s creativity through integrating foreign language teaching with early primary curriculum. In B. Muchacka, J. Korcz (Eds). Wspieranie dzieci\u0119cej kreatywno\u015bci (24) [Supporting children&#8217;s creativity (24)] (pp.155 &#8211; [\u2026] Read More","og_url":"https:\/\/pans.krosno.pl\/pracownicy\/dr-agnieszka-habrat\/dr-agnieszka-habrat-publications\/","og_site_name":"Pracownicy PANS w Kro\u015bnie","article_modified_time":"2020-10-19T08:54:35+00:00","twitter_card":"summary_large_image","twitter_misc":{"Est. reading time":"2 minutes"},"schema":{"@context":"https:\/\/schema.org","@graph":[{"@type":"WebPage","@id":"https:\/\/pans.krosno.pl\/pracownicy\/dr-agnieszka-habrat\/dr-agnieszka-habrat-publications\/","url":"https:\/\/pans.krosno.pl\/pracownicy\/dr-agnieszka-habrat\/dr-agnieszka-habrat-publications\/","name":"dr Agnieszka Habrat - Publications - Pracownicy PANS w Kro\u015bnie","isPartOf":{"@id":"https:\/\/pans.krosno.pl\/pracownicy\/#website"},"datePublished":"2020-10-06T09:24:11+00:00","dateModified":"2020-10-19T08:54:35+00:00","breadcrumb":{"@id":"https:\/\/pans.krosno.pl\/pracownicy\/dr-agnieszka-habrat\/dr-agnieszka-habrat-publications\/#breadcrumb"},"inLanguage":"en-US","potentialAction":[{"@type":"ReadAction","target":["https:\/\/pans.krosno.pl\/pracownicy\/dr-agnieszka-habrat\/dr-agnieszka-habrat-publications\/"]}]},{"@type":"BreadcrumbList","@id":"https:\/\/pans.krosno.pl\/pracownicy\/dr-agnieszka-habrat\/dr-agnieszka-habrat-publications\/#breadcrumb","itemListElement":[{"@type":"ListItem","position":1,"name":"Strona g\u0142\u00f3wna","item":"https:\/\/pans.krosno.pl\/pracownicy\/"},{"@type":"ListItem","position":2,"name":"dr Agnieszka Habrat","item":"https:\/\/pans.krosno.pl\/pracownicy\/dr-agnieszka-habrat\/"},{"@type":"ListItem","position":3,"name":"dr Agnieszka Habrat &#8211; Publications"}]},{"@type":"WebSite","@id":"https:\/\/pans.krosno.pl\/pracownicy\/#website","url":"https:\/\/pans.krosno.pl\/pracownicy\/","name":"Pracownicy PANS w Kro\u015bnie","description":"Pracownicy - Pa\u0144stwowa Akademia Nauk Stosowanych","publisher":{"@id":"https:\/\/pans.krosno.pl\/pracownicy\/#organization"},"potentialAction":[{"@type":"SearchAction","target":{"@type":"EntryPoint","urlTemplate":"https:\/\/pans.krosno.pl\/pracownicy\/?s={search_term_string}"},"query-input":{"@type":"PropertyValueSpecification","valueRequired":true,"valueName":"search_term_string"}}],"inLanguage":"en-US"},{"@type":"Organization","@id":"https:\/\/pans.krosno.pl\/pracownicy\/#organization","name":"Pracownicy PANS w Kro\u015bnie","url":"https:\/\/pans.krosno.pl\/pracownicy\/","logo":{"@type":"ImageObject","inLanguage":"en-US","@id":"https:\/\/pans.krosno.pl\/pracownicy\/#\/schema\/logo\/image\/","url":"https:\/\/pans.krosno.pl\/pracownicy\/wp-content\/uploads\/sites\/41\/2023\/01\/Logo-PANS-2022-pelne.png","contentUrl":"https:\/\/pans.krosno.pl\/pracownicy\/wp-content\/uploads\/sites\/41\/2023\/01\/Logo-PANS-2022-pelne.png","width":3096,"height":696,"caption":"Pracownicy PANS w Kro\u015bnie"},"image":{"@id":"https:\/\/pans.krosno.pl\/pracownicy\/#\/schema\/logo\/image\/"}}]}},"_links":{"self":[{"href":"https:\/\/pans.krosno.pl\/pracownicy\/en\/wp-json\/wp\/v2\/pages\/8375","targetHints":{"allow":["GET"]}}],"collection":[{"href":"https:\/\/pans.krosno.pl\/pracownicy\/en\/wp-json\/wp\/v2\/pages"}],"about":[{"href":"https:\/\/pans.krosno.pl\/pracownicy\/en\/wp-json\/wp\/v2\/types\/page"}],"author":[{"embeddable":true,"href":"https:\/\/pans.krosno.pl\/pracownicy\/en\/wp-json\/wp\/v2\/users\/27"}],"replies":[{"embeddable":true,"href":"https:\/\/pans.krosno.pl\/pracownicy\/en\/wp-json\/wp\/v2\/comments?post=8375"}],"version-history":[{"count":4,"href":"https:\/\/pans.krosno.pl\/pracownicy\/en\/wp-json\/wp\/v2\/pages\/8375\/revisions"}],"predecessor-version":[{"id":8828,"href":"https:\/\/pans.krosno.pl\/pracownicy\/en\/wp-json\/wp\/v2\/pages\/8375\/revisions\/8828"}],"up":[{"embeddable":true,"href":"https:\/\/pans.krosno.pl\/pracownicy\/en\/wp-json\/wp\/v2\/pages\/8367"}],"wp:attachment":[{"href":"https:\/\/pans.krosno.pl\/pracownicy\/en\/wp-json\/wp\/v2\/media?parent=8375"}],"curies":[{"name":"wp","href":"https:\/\/api.w.org\/{rel}","templated":true}]}}