{"id":8371,"date":"2020-10-06T11:21:38","date_gmt":"2020-10-06T09:21:38","guid":{"rendered":"https:\/\/pans.krosno.pl\/pracownicy\/?page_id=8371"},"modified":"2020-10-06T11:21:38","modified_gmt":"2020-10-06T09:21:38","slug":"dr-agnieszka-habrat-other-professional-experience","status":"publish","type":"page","link":"https:\/\/pans.krosno.pl\/pracownicy\/en\/dr-agnieszka-habrat\/dr-agnieszka-habrat-other-professional-experience\/","title":{"rendered":"dr Agnieszka Habrat &#8211; Other Professional Experience"},"content":{"rendered":"\n<p>Participant of national and international conferences and courses, including a multi-module course for teacher trainers organized by the British Council and the Centre of Teacher Education in Warsaw on teaching young learners.<\/p>\n\n\n\n<p>The relationship between self-related views and L2 proficiency in Polish secondary and tertiary students, conference presentation (Mi\u0119dzynarodowa Konferencja: Across Borders Conference VII, Tartu, Estonia);<\/p>\n\n\n\n<p>Students\u2019 L2 motivational self-system and attitudes towards L2 community, conference presentation (Mi\u0119dzynarodowa Konferencja Naukowa ICFSLA, Szczyrk 2018).<\/p>\n\n\n\n<p>Under&nbsp;the Erasmus programme she has delivered many lectures at universities in Spain (Universidad de Cadiz, Universidad de Jaen, Universidad de Huelva), Portugal (Universidade do Minho, Braga), France (Universite Dijon), Austria (Die P\u00e4dagogische Hochschule K\u00e4rnten) and Turkey (Universit\u00e0 di Mu\u011fla).<\/p>\n\n\n\n<p>Reviews of articles from the field of language teaching for scholarly journals (Tertium Linguistic Journal, Global Issues).<\/p>\n\n\n\n<p>She supervises students\u2019 teaching practice and coordinates cooperation with The J. Szczepanik School Complex&nbsp; No. 1 in Krosno.<\/p>\n\n\n\n<p>She co-authored the teaching curriculum for a bilingual kindergarten (Samorz\u0105dowe Przedszkole w Dydni) in 2012.<\/p>\n","protected":false},"excerpt":{"rendered":"<p>Participant of national and international conferences and courses, including a multi-module course for teacher trainers organized by the British Council and the Centre of Teacher Education in Warsaw on teaching young learners. The relationship between self-related views and L2 proficiency in Polish secondary and tertiary students, conference presentation (Mi\u0119dzynarodowa Konferencja: [\u2026] <\/p>\n<div class=\"clear\"><\/div>\n<p><a class=\"more_link clearfix\" href=\"https:\/\/pans.krosno.pl\/pracownicy\/en\/dr-agnieszka-habrat\/dr-agnieszka-habrat-other-professional-experience\/\" rel=\"nofollow\">Read More<\/a><\/p>\n","protected":false},"author":27,"featured_media":0,"parent":8367,"menu_order":0,"comment_status":"closed","ping_status":"closed","template":"","meta":{"ngg_post_thumbnail":0,"footnotes":""},"class_list":["post-8371","page","type-page","status-publish","hentry"],"yoast_head":"<!-- This site is optimized with the Yoast SEO Premium plugin v27.4 (Yoast SEO v27.4) - https:\/\/yoast.com\/product\/yoast-seo-premium-wordpress\/ -->\n<title>dr Agnieszka Habrat - Other Professional Experience - Pracownicy PANS w Kro\u015bnie<\/title>\n<meta name=\"robots\" content=\"index, follow, max-snippet:-1, max-image-preview:large, max-video-preview:-1\" \/>\n<link rel=\"canonical\" href=\"https:\/\/pans.krosno.pl\/pracownicy\/dr-agnieszka-habrat\/dr-agnieszka-habrat-other-professional-experience\/\" \/>\n<meta property=\"og:locale\" content=\"en_US\" \/>\n<meta property=\"og:type\" content=\"article\" \/>\n<meta property=\"og:title\" content=\"dr Agnieszka Habrat - Other Professional Experience\" \/>\n<meta property=\"og:description\" content=\"Participant of national and international conferences and courses, including a multi-module course for teacher trainers organized by the British Council and the Centre of Teacher Education in Warsaw on teaching young learners. The relationship between self-related views and L2 proficiency in Polish secondary and tertiary students, conference presentation (Mi\u0119dzynarodowa Konferencja: [\u2026] Read More\" \/>\n<meta property=\"og:url\" content=\"https:\/\/pans.krosno.pl\/pracownicy\/dr-agnieszka-habrat\/dr-agnieszka-habrat-other-professional-experience\/\" \/>\n<meta property=\"og:site_name\" content=\"Pracownicy PANS w Kro\u015bnie\" \/>\n<meta name=\"twitter:card\" content=\"summary_large_image\" \/>\n<meta name=\"twitter:label1\" content=\"Est. reading time\" \/>\n\t<meta name=\"twitter:data1\" content=\"1 minute\" \/>\n<script type=\"application\/ld+json\" class=\"yoast-schema-graph\">{\"@context\":\"https:\\\/\\\/schema.org\",\"@graph\":[{\"@type\":\"WebPage\",\"@id\":\"https:\\\/\\\/pans.krosno.pl\\\/pracownicy\\\/dr-agnieszka-habrat\\\/dr-agnieszka-habrat-other-professional-experience\\\/\",\"url\":\"https:\\\/\\\/pans.krosno.pl\\\/pracownicy\\\/dr-agnieszka-habrat\\\/dr-agnieszka-habrat-other-professional-experience\\\/\",\"name\":\"dr Agnieszka Habrat - Other Professional Experience - Pracownicy PANS w Kro\u015bnie\",\"isPartOf\":{\"@id\":\"https:\\\/\\\/pans.krosno.pl\\\/pracownicy\\\/#website\"},\"datePublished\":\"2020-10-06T09:21:38+00:00\",\"breadcrumb\":{\"@id\":\"https:\\\/\\\/pans.krosno.pl\\\/pracownicy\\\/dr-agnieszka-habrat\\\/dr-agnieszka-habrat-other-professional-experience\\\/#breadcrumb\"},\"inLanguage\":\"en-US\",\"potentialAction\":[{\"@type\":\"ReadAction\",\"target\":[\"https:\\\/\\\/pans.krosno.pl\\\/pracownicy\\\/dr-agnieszka-habrat\\\/dr-agnieszka-habrat-other-professional-experience\\\/\"]}]},{\"@type\":\"BreadcrumbList\",\"@id\":\"https:\\\/\\\/pans.krosno.pl\\\/pracownicy\\\/dr-agnieszka-habrat\\\/dr-agnieszka-habrat-other-professional-experience\\\/#breadcrumb\",\"itemListElement\":[{\"@type\":\"ListItem\",\"position\":1,\"name\":\"Strona g\u0142\u00f3wna\",\"item\":\"https:\\\/\\\/pans.krosno.pl\\\/pracownicy\\\/\"},{\"@type\":\"ListItem\",\"position\":2,\"name\":\"dr Agnieszka Habrat\",\"item\":\"https:\\\/\\\/pans.krosno.pl\\\/pracownicy\\\/dr-agnieszka-habrat\\\/\"},{\"@type\":\"ListItem\",\"position\":3,\"name\":\"dr Agnieszka Habrat &#8211; Other Professional Experience\"}]},{\"@type\":\"WebSite\",\"@id\":\"https:\\\/\\\/pans.krosno.pl\\\/pracownicy\\\/#website\",\"url\":\"https:\\\/\\\/pans.krosno.pl\\\/pracownicy\\\/\",\"name\":\"Pracownicy PANS w Kro\u015bnie\",\"description\":\"Pracownicy - Pa\u0144stwowa Akademia Nauk Stosowanych\",\"publisher\":{\"@id\":\"https:\\\/\\\/pans.krosno.pl\\\/pracownicy\\\/#organization\"},\"potentialAction\":[{\"@type\":\"SearchAction\",\"target\":{\"@type\":\"EntryPoint\",\"urlTemplate\":\"https:\\\/\\\/pans.krosno.pl\\\/pracownicy\\\/?s={search_term_string}\"},\"query-input\":{\"@type\":\"PropertyValueSpecification\",\"valueRequired\":true,\"valueName\":\"search_term_string\"}}],\"inLanguage\":\"en-US\"},{\"@type\":\"Organization\",\"@id\":\"https:\\\/\\\/pans.krosno.pl\\\/pracownicy\\\/#organization\",\"name\":\"Pracownicy PANS w Kro\u015bnie\",\"url\":\"https:\\\/\\\/pans.krosno.pl\\\/pracownicy\\\/\",\"logo\":{\"@type\":\"ImageObject\",\"inLanguage\":\"en-US\",\"@id\":\"https:\\\/\\\/pans.krosno.pl\\\/pracownicy\\\/#\\\/schema\\\/logo\\\/image\\\/\",\"url\":\"https:\\\/\\\/pans.krosno.pl\\\/pracownicy\\\/wp-content\\\/uploads\\\/sites\\\/41\\\/2023\\\/01\\\/Logo-PANS-2022-pelne.png\",\"contentUrl\":\"https:\\\/\\\/pans.krosno.pl\\\/pracownicy\\\/wp-content\\\/uploads\\\/sites\\\/41\\\/2023\\\/01\\\/Logo-PANS-2022-pelne.png\",\"width\":3096,\"height\":696,\"caption\":\"Pracownicy PANS w Kro\u015bnie\"},\"image\":{\"@id\":\"https:\\\/\\\/pans.krosno.pl\\\/pracownicy\\\/#\\\/schema\\\/logo\\\/image\\\/\"}}]}<\/script>\n<!-- \/ Yoast SEO Premium plugin. -->","yoast_head_json":{"title":"dr Agnieszka Habrat - Other Professional Experience - Pracownicy PANS w Kro\u015bnie","robots":{"index":"index","follow":"follow","max-snippet":"max-snippet:-1","max-image-preview":"max-image-preview:large","max-video-preview":"max-video-preview:-1"},"canonical":"https:\/\/pans.krosno.pl\/pracownicy\/dr-agnieszka-habrat\/dr-agnieszka-habrat-other-professional-experience\/","og_locale":"en_US","og_type":"article","og_title":"dr Agnieszka Habrat - Other Professional Experience","og_description":"Participant of national and international conferences and courses, including a multi-module course for teacher trainers organized by the British Council and the Centre of Teacher Education in Warsaw on teaching young learners. The relationship between self-related views and L2 proficiency in Polish secondary and tertiary students, conference presentation (Mi\u0119dzynarodowa Konferencja: [\u2026] Read More","og_url":"https:\/\/pans.krosno.pl\/pracownicy\/dr-agnieszka-habrat\/dr-agnieszka-habrat-other-professional-experience\/","og_site_name":"Pracownicy PANS w Kro\u015bnie","twitter_card":"summary_large_image","twitter_misc":{"Est. reading time":"1 minute"},"schema":{"@context":"https:\/\/schema.org","@graph":[{"@type":"WebPage","@id":"https:\/\/pans.krosno.pl\/pracownicy\/dr-agnieszka-habrat\/dr-agnieszka-habrat-other-professional-experience\/","url":"https:\/\/pans.krosno.pl\/pracownicy\/dr-agnieszka-habrat\/dr-agnieszka-habrat-other-professional-experience\/","name":"dr Agnieszka Habrat - Other Professional Experience - Pracownicy PANS w Kro\u015bnie","isPartOf":{"@id":"https:\/\/pans.krosno.pl\/pracownicy\/#website"},"datePublished":"2020-10-06T09:21:38+00:00","breadcrumb":{"@id":"https:\/\/pans.krosno.pl\/pracownicy\/dr-agnieszka-habrat\/dr-agnieszka-habrat-other-professional-experience\/#breadcrumb"},"inLanguage":"en-US","potentialAction":[{"@type":"ReadAction","target":["https:\/\/pans.krosno.pl\/pracownicy\/dr-agnieszka-habrat\/dr-agnieszka-habrat-other-professional-experience\/"]}]},{"@type":"BreadcrumbList","@id":"https:\/\/pans.krosno.pl\/pracownicy\/dr-agnieszka-habrat\/dr-agnieszka-habrat-other-professional-experience\/#breadcrumb","itemListElement":[{"@type":"ListItem","position":1,"name":"Strona g\u0142\u00f3wna","item":"https:\/\/pans.krosno.pl\/pracownicy\/"},{"@type":"ListItem","position":2,"name":"dr Agnieszka Habrat","item":"https:\/\/pans.krosno.pl\/pracownicy\/dr-agnieszka-habrat\/"},{"@type":"ListItem","position":3,"name":"dr Agnieszka Habrat &#8211; Other Professional Experience"}]},{"@type":"WebSite","@id":"https:\/\/pans.krosno.pl\/pracownicy\/#website","url":"https:\/\/pans.krosno.pl\/pracownicy\/","name":"Pracownicy PANS w Kro\u015bnie","description":"Pracownicy - Pa\u0144stwowa Akademia Nauk Stosowanych","publisher":{"@id":"https:\/\/pans.krosno.pl\/pracownicy\/#organization"},"potentialAction":[{"@type":"SearchAction","target":{"@type":"EntryPoint","urlTemplate":"https:\/\/pans.krosno.pl\/pracownicy\/?s={search_term_string}"},"query-input":{"@type":"PropertyValueSpecification","valueRequired":true,"valueName":"search_term_string"}}],"inLanguage":"en-US"},{"@type":"Organization","@id":"https:\/\/pans.krosno.pl\/pracownicy\/#organization","name":"Pracownicy PANS w Kro\u015bnie","url":"https:\/\/pans.krosno.pl\/pracownicy\/","logo":{"@type":"ImageObject","inLanguage":"en-US","@id":"https:\/\/pans.krosno.pl\/pracownicy\/#\/schema\/logo\/image\/","url":"https:\/\/pans.krosno.pl\/pracownicy\/wp-content\/uploads\/sites\/41\/2023\/01\/Logo-PANS-2022-pelne.png","contentUrl":"https:\/\/pans.krosno.pl\/pracownicy\/wp-content\/uploads\/sites\/41\/2023\/01\/Logo-PANS-2022-pelne.png","width":3096,"height":696,"caption":"Pracownicy PANS w Kro\u015bnie"},"image":{"@id":"https:\/\/pans.krosno.pl\/pracownicy\/#\/schema\/logo\/image\/"}}]}},"_links":{"self":[{"href":"https:\/\/pans.krosno.pl\/pracownicy\/en\/wp-json\/wp\/v2\/pages\/8371","targetHints":{"allow":["GET"]}}],"collection":[{"href":"https:\/\/pans.krosno.pl\/pracownicy\/en\/wp-json\/wp\/v2\/pages"}],"about":[{"href":"https:\/\/pans.krosno.pl\/pracownicy\/en\/wp-json\/wp\/v2\/types\/page"}],"author":[{"embeddable":true,"href":"https:\/\/pans.krosno.pl\/pracownicy\/en\/wp-json\/wp\/v2\/users\/27"}],"replies":[{"embeddable":true,"href":"https:\/\/pans.krosno.pl\/pracownicy\/en\/wp-json\/wp\/v2\/comments?post=8371"}],"version-history":[{"count":1,"href":"https:\/\/pans.krosno.pl\/pracownicy\/en\/wp-json\/wp\/v2\/pages\/8371\/revisions"}],"predecessor-version":[{"id":8372,"href":"https:\/\/pans.krosno.pl\/pracownicy\/en\/wp-json\/wp\/v2\/pages\/8371\/revisions\/8372"}],"up":[{"embeddable":true,"href":"https:\/\/pans.krosno.pl\/pracownicy\/en\/wp-json\/wp\/v2\/pages\/8367"}],"wp:attachment":[{"href":"https:\/\/pans.krosno.pl\/pracownicy\/en\/wp-json\/wp\/v2\/media?parent=8371"}],"curies":[{"name":"wp","href":"https:\/\/api.w.org\/{rel}","templated":true}]}}