{"id":8364,"date":"2020-10-06T11:17:01","date_gmt":"2020-10-06T09:17:01","guid":{"rendered":"https:\/\/pans.krosno.pl\/pracownicy\/?page_id=8364"},"modified":"2020-10-06T11:17:02","modified_gmt":"2020-10-06T09:17:02","slug":"dr-hab-wladyslaw-chlopicki-prof-kpu-other-professional-experience","status":"publish","type":"page","link":"https:\/\/pans.krosno.pl\/pracownicy\/en\/dr-hab-wladyslaw-chlopicki-prof-kpu\/dr-hab-wladyslaw-chlopicki-prof-kpu-other-professional-experience\/","title":{"rendered":"dr hab. W\u0142adys\u0142aw Ch\u0142opicki, prof. KPU &#8211; Other Professional Experience"},"content":{"rendered":"\n<ul class=\"wp-block-list\"><li>From 2006 to 2009, member of the Executive Board of the International Society for Humor Studies, and from 2018 to 2019, President of this Society,<\/li><li>Member of the Polish Cognitive Linguistics Association,<\/li><li>President of the Cracow Tertium Society for Promotion of Language Studies (since 2008),<\/li><li>Editor of <em>The European Journal of Humour Research<\/em> and <em>Tertium Linguistic Journal<\/em> and member of scientific councils of other international journals,<\/li><li>Co-editor of publications in the <em>J\u0119zyk a komunikacja<\/em> series and editor of the international <em>Humor and Culture<\/em> series,<\/li><li>Since 2000, co-organizer of the series of conferences &#8220;The Language of the Third Millennium&#8221; (J\u0119zyk trzeciego tysi\u0105clecia) held every two years in Krak\u00f3w,<\/li><li>Co-organizer of the Across Borders and Communication Styles series of conferences, held every two years in Krosno,<\/li><li>He has given guest lectures in Germany, Portugal, Northern Ireland, Estonia, Romania and Taiwan.<\/li><\/ul>\n","protected":false},"excerpt":{"rendered":"<p>From 2006 to 2009, member of the Executive Board of the International Society for Humor Studies, and from 2018 to 2019, President of this Society, Member of the Polish Cognitive Linguistics Association, President of the Cracow Tertium Society for Promotion of Language Studies (since 2008), Editor of The European Journal [\u2026] <\/p>\n<div class=\"clear\"><\/div>\n<p><a class=\"more_link clearfix\" href=\"https:\/\/pans.krosno.pl\/pracownicy\/en\/dr-hab-wladyslaw-chlopicki-prof-kpu\/dr-hab-wladyslaw-chlopicki-prof-kpu-other-professional-experience\/\" rel=\"nofollow\">Read More<\/a><\/p>\n","protected":false},"author":27,"featured_media":0,"parent":8354,"menu_order":0,"comment_status":"closed","ping_status":"closed","template":"","meta":{"ngg_post_thumbnail":0,"footnotes":""},"class_list":["post-8364","page","type-page","status-publish","hentry"],"yoast_head":"<!-- This site is optimized with the Yoast SEO Premium plugin v27.4 (Yoast SEO v27.4) - https:\/\/yoast.com\/product\/yoast-seo-premium-wordpress\/ -->\n<title>dr hab. W\u0142adys\u0142aw Ch\u0142opicki, prof. KPU - Other Professional Experience - Pracownicy PANS w Kro\u015bnie<\/title>\n<meta name=\"robots\" content=\"index, follow, max-snippet:-1, max-image-preview:large, max-video-preview:-1\" \/>\n<link rel=\"canonical\" href=\"https:\/\/pans.krosno.pl\/pracownicy\/dr-hab-wladyslaw-chlopicki-prof-kpu\/dr-hab-wladyslaw-chlopicki-prof-kpu-other-professional-experience\/\" \/>\n<meta property=\"og:locale\" content=\"en_US\" \/>\n<meta property=\"og:type\" content=\"article\" \/>\n<meta property=\"og:title\" content=\"dr hab. W\u0142adys\u0142aw Ch\u0142opicki, prof. KPU - Other Professional Experience\" \/>\n<meta property=\"og:description\" content=\"From 2006 to 2009, member of the Executive Board of the International Society for Humor Studies, and from 2018 to 2019, President of this Society, Member of the Polish Cognitive Linguistics Association, President of the Cracow Tertium Society for Promotion of Language Studies (since 2008), Editor of The European Journal [\u2026] Read More\" \/>\n<meta property=\"og:url\" content=\"https:\/\/pans.krosno.pl\/pracownicy\/dr-hab-wladyslaw-chlopicki-prof-kpu\/dr-hab-wladyslaw-chlopicki-prof-kpu-other-professional-experience\/\" \/>\n<meta property=\"og:site_name\" content=\"Pracownicy PANS w Kro\u015bnie\" \/>\n<meta property=\"article:modified_time\" content=\"2020-10-06T09:17:02+00:00\" \/>\n<meta name=\"twitter:card\" content=\"summary_large_image\" \/>\n<meta name=\"twitter:label1\" content=\"Est. reading time\" \/>\n\t<meta name=\"twitter:data1\" content=\"1 minute\" \/>\n<script type=\"application\/ld+json\" class=\"yoast-schema-graph\">{\"@context\":\"https:\\\/\\\/schema.org\",\"@graph\":[{\"@type\":\"WebPage\",\"@id\":\"https:\\\/\\\/pans.krosno.pl\\\/pracownicy\\\/dr-hab-wladyslaw-chlopicki-prof-kpu\\\/dr-hab-wladyslaw-chlopicki-prof-kpu-other-professional-experience\\\/\",\"url\":\"https:\\\/\\\/pans.krosno.pl\\\/pracownicy\\\/dr-hab-wladyslaw-chlopicki-prof-kpu\\\/dr-hab-wladyslaw-chlopicki-prof-kpu-other-professional-experience\\\/\",\"name\":\"dr hab. W\u0142adys\u0142aw Ch\u0142opicki, prof. KPU - Other Professional Experience - Pracownicy PANS w Kro\u015bnie\",\"isPartOf\":{\"@id\":\"https:\\\/\\\/pans.krosno.pl\\\/pracownicy\\\/#website\"},\"datePublished\":\"2020-10-06T09:17:01+00:00\",\"dateModified\":\"2020-10-06T09:17:02+00:00\",\"breadcrumb\":{\"@id\":\"https:\\\/\\\/pans.krosno.pl\\\/pracownicy\\\/dr-hab-wladyslaw-chlopicki-prof-kpu\\\/dr-hab-wladyslaw-chlopicki-prof-kpu-other-professional-experience\\\/#breadcrumb\"},\"inLanguage\":\"en-US\",\"potentialAction\":[{\"@type\":\"ReadAction\",\"target\":[\"https:\\\/\\\/pans.krosno.pl\\\/pracownicy\\\/dr-hab-wladyslaw-chlopicki-prof-kpu\\\/dr-hab-wladyslaw-chlopicki-prof-kpu-other-professional-experience\\\/\"]}]},{\"@type\":\"BreadcrumbList\",\"@id\":\"https:\\\/\\\/pans.krosno.pl\\\/pracownicy\\\/dr-hab-wladyslaw-chlopicki-prof-kpu\\\/dr-hab-wladyslaw-chlopicki-prof-kpu-other-professional-experience\\\/#breadcrumb\",\"itemListElement\":[{\"@type\":\"ListItem\",\"position\":1,\"name\":\"Strona g\u0142\u00f3wna\",\"item\":\"https:\\\/\\\/pans.krosno.pl\\\/pracownicy\\\/\"},{\"@type\":\"ListItem\",\"position\":2,\"name\":\"dr hab. W\u0142adys\u0142aw Ch\u0142opicki, prof. KPU\",\"item\":\"https:\\\/\\\/pans.krosno.pl\\\/pracownicy\\\/dr-hab-wladyslaw-chlopicki-prof-kpu\\\/\"},{\"@type\":\"ListItem\",\"position\":3,\"name\":\"dr hab. W\u0142adys\u0142aw Ch\u0142opicki, prof. KPU &#8211; Other Professional Experience\"}]},{\"@type\":\"WebSite\",\"@id\":\"https:\\\/\\\/pans.krosno.pl\\\/pracownicy\\\/#website\",\"url\":\"https:\\\/\\\/pans.krosno.pl\\\/pracownicy\\\/\",\"name\":\"Pracownicy PANS w Kro\u015bnie\",\"description\":\"Pracownicy - Pa\u0144stwowa Akademia Nauk Stosowanych\",\"publisher\":{\"@id\":\"https:\\\/\\\/pans.krosno.pl\\\/pracownicy\\\/#organization\"},\"potentialAction\":[{\"@type\":\"SearchAction\",\"target\":{\"@type\":\"EntryPoint\",\"urlTemplate\":\"https:\\\/\\\/pans.krosno.pl\\\/pracownicy\\\/?s={search_term_string}\"},\"query-input\":{\"@type\":\"PropertyValueSpecification\",\"valueRequired\":true,\"valueName\":\"search_term_string\"}}],\"inLanguage\":\"en-US\"},{\"@type\":\"Organization\",\"@id\":\"https:\\\/\\\/pans.krosno.pl\\\/pracownicy\\\/#organization\",\"name\":\"Pracownicy PANS w Kro\u015bnie\",\"url\":\"https:\\\/\\\/pans.krosno.pl\\\/pracownicy\\\/\",\"logo\":{\"@type\":\"ImageObject\",\"inLanguage\":\"en-US\",\"@id\":\"https:\\\/\\\/pans.krosno.pl\\\/pracownicy\\\/#\\\/schema\\\/logo\\\/image\\\/\",\"url\":\"https:\\\/\\\/pans.krosno.pl\\\/pracownicy\\\/wp-content\\\/uploads\\\/sites\\\/41\\\/2023\\\/01\\\/Logo-PANS-2022-pelne.png\",\"contentUrl\":\"https:\\\/\\\/pans.krosno.pl\\\/pracownicy\\\/wp-content\\\/uploads\\\/sites\\\/41\\\/2023\\\/01\\\/Logo-PANS-2022-pelne.png\",\"width\":3096,\"height\":696,\"caption\":\"Pracownicy PANS w Kro\u015bnie\"},\"image\":{\"@id\":\"https:\\\/\\\/pans.krosno.pl\\\/pracownicy\\\/#\\\/schema\\\/logo\\\/image\\\/\"}}]}<\/script>\n<!-- \/ Yoast SEO Premium plugin. -->","yoast_head_json":{"title":"dr hab. W\u0142adys\u0142aw Ch\u0142opicki, prof. KPU - Other Professional Experience - Pracownicy PANS w Kro\u015bnie","robots":{"index":"index","follow":"follow","max-snippet":"max-snippet:-1","max-image-preview":"max-image-preview:large","max-video-preview":"max-video-preview:-1"},"canonical":"https:\/\/pans.krosno.pl\/pracownicy\/dr-hab-wladyslaw-chlopicki-prof-kpu\/dr-hab-wladyslaw-chlopicki-prof-kpu-other-professional-experience\/","og_locale":"en_US","og_type":"article","og_title":"dr hab. W\u0142adys\u0142aw Ch\u0142opicki, prof. KPU - Other Professional Experience","og_description":"From 2006 to 2009, member of the Executive Board of the International Society for Humor Studies, and from 2018 to 2019, President of this Society, Member of the Polish Cognitive Linguistics Association, President of the Cracow Tertium Society for Promotion of Language Studies (since 2008), Editor of The European Journal [\u2026] Read More","og_url":"https:\/\/pans.krosno.pl\/pracownicy\/dr-hab-wladyslaw-chlopicki-prof-kpu\/dr-hab-wladyslaw-chlopicki-prof-kpu-other-professional-experience\/","og_site_name":"Pracownicy PANS w Kro\u015bnie","article_modified_time":"2020-10-06T09:17:02+00:00","twitter_card":"summary_large_image","twitter_misc":{"Est. reading time":"1 minute"},"schema":{"@context":"https:\/\/schema.org","@graph":[{"@type":"WebPage","@id":"https:\/\/pans.krosno.pl\/pracownicy\/dr-hab-wladyslaw-chlopicki-prof-kpu\/dr-hab-wladyslaw-chlopicki-prof-kpu-other-professional-experience\/","url":"https:\/\/pans.krosno.pl\/pracownicy\/dr-hab-wladyslaw-chlopicki-prof-kpu\/dr-hab-wladyslaw-chlopicki-prof-kpu-other-professional-experience\/","name":"dr hab. W\u0142adys\u0142aw Ch\u0142opicki, prof. KPU - Other Professional Experience - Pracownicy PANS w Kro\u015bnie","isPartOf":{"@id":"https:\/\/pans.krosno.pl\/pracownicy\/#website"},"datePublished":"2020-10-06T09:17:01+00:00","dateModified":"2020-10-06T09:17:02+00:00","breadcrumb":{"@id":"https:\/\/pans.krosno.pl\/pracownicy\/dr-hab-wladyslaw-chlopicki-prof-kpu\/dr-hab-wladyslaw-chlopicki-prof-kpu-other-professional-experience\/#breadcrumb"},"inLanguage":"en-US","potentialAction":[{"@type":"ReadAction","target":["https:\/\/pans.krosno.pl\/pracownicy\/dr-hab-wladyslaw-chlopicki-prof-kpu\/dr-hab-wladyslaw-chlopicki-prof-kpu-other-professional-experience\/"]}]},{"@type":"BreadcrumbList","@id":"https:\/\/pans.krosno.pl\/pracownicy\/dr-hab-wladyslaw-chlopicki-prof-kpu\/dr-hab-wladyslaw-chlopicki-prof-kpu-other-professional-experience\/#breadcrumb","itemListElement":[{"@type":"ListItem","position":1,"name":"Strona g\u0142\u00f3wna","item":"https:\/\/pans.krosno.pl\/pracownicy\/"},{"@type":"ListItem","position":2,"name":"dr hab. W\u0142adys\u0142aw Ch\u0142opicki, prof. KPU","item":"https:\/\/pans.krosno.pl\/pracownicy\/dr-hab-wladyslaw-chlopicki-prof-kpu\/"},{"@type":"ListItem","position":3,"name":"dr hab. W\u0142adys\u0142aw Ch\u0142opicki, prof. KPU &#8211; Other Professional Experience"}]},{"@type":"WebSite","@id":"https:\/\/pans.krosno.pl\/pracownicy\/#website","url":"https:\/\/pans.krosno.pl\/pracownicy\/","name":"Pracownicy PANS w Kro\u015bnie","description":"Pracownicy - Pa\u0144stwowa Akademia Nauk Stosowanych","publisher":{"@id":"https:\/\/pans.krosno.pl\/pracownicy\/#organization"},"potentialAction":[{"@type":"SearchAction","target":{"@type":"EntryPoint","urlTemplate":"https:\/\/pans.krosno.pl\/pracownicy\/?s={search_term_string}"},"query-input":{"@type":"PropertyValueSpecification","valueRequired":true,"valueName":"search_term_string"}}],"inLanguage":"en-US"},{"@type":"Organization","@id":"https:\/\/pans.krosno.pl\/pracownicy\/#organization","name":"Pracownicy PANS w Kro\u015bnie","url":"https:\/\/pans.krosno.pl\/pracownicy\/","logo":{"@type":"ImageObject","inLanguage":"en-US","@id":"https:\/\/pans.krosno.pl\/pracownicy\/#\/schema\/logo\/image\/","url":"https:\/\/pans.krosno.pl\/pracownicy\/wp-content\/uploads\/sites\/41\/2023\/01\/Logo-PANS-2022-pelne.png","contentUrl":"https:\/\/pans.krosno.pl\/pracownicy\/wp-content\/uploads\/sites\/41\/2023\/01\/Logo-PANS-2022-pelne.png","width":3096,"height":696,"caption":"Pracownicy PANS w Kro\u015bnie"},"image":{"@id":"https:\/\/pans.krosno.pl\/pracownicy\/#\/schema\/logo\/image\/"}}]}},"_links":{"self":[{"href":"https:\/\/pans.krosno.pl\/pracownicy\/en\/wp-json\/wp\/v2\/pages\/8364","targetHints":{"allow":["GET"]}}],"collection":[{"href":"https:\/\/pans.krosno.pl\/pracownicy\/en\/wp-json\/wp\/v2\/pages"}],"about":[{"href":"https:\/\/pans.krosno.pl\/pracownicy\/en\/wp-json\/wp\/v2\/types\/page"}],"author":[{"embeddable":true,"href":"https:\/\/pans.krosno.pl\/pracownicy\/en\/wp-json\/wp\/v2\/users\/27"}],"replies":[{"embeddable":true,"href":"https:\/\/pans.krosno.pl\/pracownicy\/en\/wp-json\/wp\/v2\/comments?post=8364"}],"version-history":[{"count":1,"href":"https:\/\/pans.krosno.pl\/pracownicy\/en\/wp-json\/wp\/v2\/pages\/8364\/revisions"}],"predecessor-version":[{"id":8365,"href":"https:\/\/pans.krosno.pl\/pracownicy\/en\/wp-json\/wp\/v2\/pages\/8364\/revisions\/8365"}],"up":[{"embeddable":true,"href":"https:\/\/pans.krosno.pl\/pracownicy\/en\/wp-json\/wp\/v2\/pages\/8354"}],"wp:attachment":[{"href":"https:\/\/pans.krosno.pl\/pracownicy\/en\/wp-json\/wp\/v2\/media?parent=8364"}],"curies":[{"name":"wp","href":"https:\/\/api.w.org\/{rel}","templated":true}]}}