{"id":8362,"date":"2020-10-06T11:16:18","date_gmt":"2020-10-06T09:16:18","guid":{"rendered":"https:\/\/pans.krosno.pl\/pracownicy\/?page_id=8362"},"modified":"2020-10-06T11:16:18","modified_gmt":"2020-10-06T09:16:18","slug":"dr-hab-wladyslaw-chlopicki-prof-kpu-brief-cv","status":"publish","type":"page","link":"https:\/\/pans.krosno.pl\/pracownicy\/en\/dr-hab-wladyslaw-chlopicki-prof-kpu\/dr-hab-wladyslaw-chlopicki-prof-kpu-brief-cv\/","title":{"rendered":"dr hab. W\u0142adys\u0142aw Ch\u0142opicki, prof. KPU &#8211; Brief CV"},"content":{"rendered":"\n<p>He spent two years of research scholarship in the USA, where he received the Bachelor of Arts (Alliance College) and Master of Arts (Purdue University) degrees. He was also awarded scholarships in Great Britain, Germany and Denmark. He defended his Master&#8217;s and PhD dissertations at the Jagiellonian University. In 2019, the Council of the Faculty of Philology awarded him the degree of Habilitated Doctor and the position of Associate Professor at the Institute of English Studies at the Jagiellonian University.<\/p>\n\n\n\n<ul class=\"wp-block-list\"><li>From 2012 to 2016 &#8211; Director of the Institute of Humanities of Krosno State College.<\/li><li>From 2008 to 2012 and from 2016 to 2020 &#8211; Head of the Department of English at Krosno State College, currently &#8211; The Carpathian State College in Krosno,<\/li><li>From 2012 to 2016 &#8211; Chairman of the Committee of Education Quality Assurance at Krosno State College.<\/li><\/ul>\n","protected":false},"excerpt":{"rendered":"<p>He spent two years of research scholarship in the USA, where he received the Bachelor of Arts (Alliance College) and Master of Arts (Purdue University) degrees. He was also awarded scholarships in Great Britain, Germany and Denmark. He defended his Master&#8217;s and PhD dissertations at the Jagiellonian University. In 2019, [\u2026] <\/p>\n<div class=\"clear\"><\/div>\n<p><a class=\"more_link clearfix\" href=\"https:\/\/pans.krosno.pl\/pracownicy\/en\/dr-hab-wladyslaw-chlopicki-prof-kpu\/dr-hab-wladyslaw-chlopicki-prof-kpu-brief-cv\/\" rel=\"nofollow\">Read More<\/a><\/p>\n","protected":false},"author":27,"featured_media":0,"parent":8354,"menu_order":0,"comment_status":"closed","ping_status":"closed","template":"","meta":{"ngg_post_thumbnail":0,"footnotes":""},"class_list":["post-8362","page","type-page","status-publish","hentry"],"yoast_head":"<!-- This site is optimized with the Yoast SEO Premium plugin v27.4 (Yoast SEO v27.4) - https:\/\/yoast.com\/product\/yoast-seo-premium-wordpress\/ -->\n<title>dr hab. W\u0142adys\u0142aw Ch\u0142opicki, prof. KPU - Brief CV - Pracownicy PANS w Kro\u015bnie<\/title>\n<meta name=\"robots\" content=\"index, follow, max-snippet:-1, max-image-preview:large, max-video-preview:-1\" \/>\n<link rel=\"canonical\" href=\"https:\/\/pans.krosno.pl\/pracownicy\/dr-hab-wladyslaw-chlopicki-prof-kpu\/dr-hab-wladyslaw-chlopicki-prof-kpu-brief-cv\/\" \/>\n<meta property=\"og:locale\" content=\"en_US\" \/>\n<meta property=\"og:type\" content=\"article\" \/>\n<meta property=\"og:title\" content=\"dr hab. W\u0142adys\u0142aw Ch\u0142opicki, prof. KPU - Brief CV\" \/>\n<meta property=\"og:description\" content=\"He spent two years of research scholarship in the USA, where he received the Bachelor of Arts (Alliance College) and Master of Arts (Purdue University) degrees. He was also awarded scholarships in Great Britain, Germany and Denmark. He defended his Master&#8217;s and PhD dissertations at the Jagiellonian University. In 2019, [\u2026] Read More\" \/>\n<meta property=\"og:url\" content=\"https:\/\/pans.krosno.pl\/pracownicy\/dr-hab-wladyslaw-chlopicki-prof-kpu\/dr-hab-wladyslaw-chlopicki-prof-kpu-brief-cv\/\" \/>\n<meta property=\"og:site_name\" content=\"Pracownicy PANS w Kro\u015bnie\" \/>\n<meta name=\"twitter:card\" content=\"summary_large_image\" \/>\n<meta name=\"twitter:label1\" content=\"Est. reading time\" \/>\n\t<meta name=\"twitter:data1\" content=\"1 minute\" \/>\n<script type=\"application\/ld+json\" class=\"yoast-schema-graph\">{\"@context\":\"https:\\\/\\\/schema.org\",\"@graph\":[{\"@type\":\"WebPage\",\"@id\":\"https:\\\/\\\/pans.krosno.pl\\\/pracownicy\\\/dr-hab-wladyslaw-chlopicki-prof-kpu\\\/dr-hab-wladyslaw-chlopicki-prof-kpu-brief-cv\\\/\",\"url\":\"https:\\\/\\\/pans.krosno.pl\\\/pracownicy\\\/dr-hab-wladyslaw-chlopicki-prof-kpu\\\/dr-hab-wladyslaw-chlopicki-prof-kpu-brief-cv\\\/\",\"name\":\"dr hab. W\u0142adys\u0142aw Ch\u0142opicki, prof. KPU - Brief CV - Pracownicy PANS w Kro\u015bnie\",\"isPartOf\":{\"@id\":\"https:\\\/\\\/pans.krosno.pl\\\/pracownicy\\\/#website\"},\"datePublished\":\"2020-10-06T09:16:18+00:00\",\"breadcrumb\":{\"@id\":\"https:\\\/\\\/pans.krosno.pl\\\/pracownicy\\\/dr-hab-wladyslaw-chlopicki-prof-kpu\\\/dr-hab-wladyslaw-chlopicki-prof-kpu-brief-cv\\\/#breadcrumb\"},\"inLanguage\":\"en-US\",\"potentialAction\":[{\"@type\":\"ReadAction\",\"target\":[\"https:\\\/\\\/pans.krosno.pl\\\/pracownicy\\\/dr-hab-wladyslaw-chlopicki-prof-kpu\\\/dr-hab-wladyslaw-chlopicki-prof-kpu-brief-cv\\\/\"]}]},{\"@type\":\"BreadcrumbList\",\"@id\":\"https:\\\/\\\/pans.krosno.pl\\\/pracownicy\\\/dr-hab-wladyslaw-chlopicki-prof-kpu\\\/dr-hab-wladyslaw-chlopicki-prof-kpu-brief-cv\\\/#breadcrumb\",\"itemListElement\":[{\"@type\":\"ListItem\",\"position\":1,\"name\":\"Strona g\u0142\u00f3wna\",\"item\":\"https:\\\/\\\/pans.krosno.pl\\\/pracownicy\\\/\"},{\"@type\":\"ListItem\",\"position\":2,\"name\":\"dr hab. W\u0142adys\u0142aw Ch\u0142opicki, prof. KPU\",\"item\":\"https:\\\/\\\/pans.krosno.pl\\\/pracownicy\\\/dr-hab-wladyslaw-chlopicki-prof-kpu\\\/\"},{\"@type\":\"ListItem\",\"position\":3,\"name\":\"dr hab. W\u0142adys\u0142aw Ch\u0142opicki, prof. KPU &#8211; Brief CV\"}]},{\"@type\":\"WebSite\",\"@id\":\"https:\\\/\\\/pans.krosno.pl\\\/pracownicy\\\/#website\",\"url\":\"https:\\\/\\\/pans.krosno.pl\\\/pracownicy\\\/\",\"name\":\"Pracownicy PANS w Kro\u015bnie\",\"description\":\"Pracownicy - Pa\u0144stwowa Akademia Nauk Stosowanych\",\"publisher\":{\"@id\":\"https:\\\/\\\/pans.krosno.pl\\\/pracownicy\\\/#organization\"},\"potentialAction\":[{\"@type\":\"SearchAction\",\"target\":{\"@type\":\"EntryPoint\",\"urlTemplate\":\"https:\\\/\\\/pans.krosno.pl\\\/pracownicy\\\/?s={search_term_string}\"},\"query-input\":{\"@type\":\"PropertyValueSpecification\",\"valueRequired\":true,\"valueName\":\"search_term_string\"}}],\"inLanguage\":\"en-US\"},{\"@type\":\"Organization\",\"@id\":\"https:\\\/\\\/pans.krosno.pl\\\/pracownicy\\\/#organization\",\"name\":\"Pracownicy PANS w Kro\u015bnie\",\"url\":\"https:\\\/\\\/pans.krosno.pl\\\/pracownicy\\\/\",\"logo\":{\"@type\":\"ImageObject\",\"inLanguage\":\"en-US\",\"@id\":\"https:\\\/\\\/pans.krosno.pl\\\/pracownicy\\\/#\\\/schema\\\/logo\\\/image\\\/\",\"url\":\"https:\\\/\\\/pans.krosno.pl\\\/pracownicy\\\/wp-content\\\/uploads\\\/sites\\\/41\\\/2023\\\/01\\\/Logo-PANS-2022-pelne.png\",\"contentUrl\":\"https:\\\/\\\/pans.krosno.pl\\\/pracownicy\\\/wp-content\\\/uploads\\\/sites\\\/41\\\/2023\\\/01\\\/Logo-PANS-2022-pelne.png\",\"width\":3096,\"height\":696,\"caption\":\"Pracownicy PANS w Kro\u015bnie\"},\"image\":{\"@id\":\"https:\\\/\\\/pans.krosno.pl\\\/pracownicy\\\/#\\\/schema\\\/logo\\\/image\\\/\"}}]}<\/script>\n<!-- \/ Yoast SEO Premium plugin. -->","yoast_head_json":{"title":"dr hab. W\u0142adys\u0142aw Ch\u0142opicki, prof. KPU - Brief CV - Pracownicy PANS w Kro\u015bnie","robots":{"index":"index","follow":"follow","max-snippet":"max-snippet:-1","max-image-preview":"max-image-preview:large","max-video-preview":"max-video-preview:-1"},"canonical":"https:\/\/pans.krosno.pl\/pracownicy\/dr-hab-wladyslaw-chlopicki-prof-kpu\/dr-hab-wladyslaw-chlopicki-prof-kpu-brief-cv\/","og_locale":"en_US","og_type":"article","og_title":"dr hab. W\u0142adys\u0142aw Ch\u0142opicki, prof. KPU - Brief CV","og_description":"He spent two years of research scholarship in the USA, where he received the Bachelor of Arts (Alliance College) and Master of Arts (Purdue University) degrees. He was also awarded scholarships in Great Britain, Germany and Denmark. He defended his Master&#8217;s and PhD dissertations at the Jagiellonian University. In 2019, [\u2026] Read More","og_url":"https:\/\/pans.krosno.pl\/pracownicy\/dr-hab-wladyslaw-chlopicki-prof-kpu\/dr-hab-wladyslaw-chlopicki-prof-kpu-brief-cv\/","og_site_name":"Pracownicy PANS w Kro\u015bnie","twitter_card":"summary_large_image","twitter_misc":{"Est. reading time":"1 minute"},"schema":{"@context":"https:\/\/schema.org","@graph":[{"@type":"WebPage","@id":"https:\/\/pans.krosno.pl\/pracownicy\/dr-hab-wladyslaw-chlopicki-prof-kpu\/dr-hab-wladyslaw-chlopicki-prof-kpu-brief-cv\/","url":"https:\/\/pans.krosno.pl\/pracownicy\/dr-hab-wladyslaw-chlopicki-prof-kpu\/dr-hab-wladyslaw-chlopicki-prof-kpu-brief-cv\/","name":"dr hab. W\u0142adys\u0142aw Ch\u0142opicki, prof. KPU - Brief CV - Pracownicy PANS w Kro\u015bnie","isPartOf":{"@id":"https:\/\/pans.krosno.pl\/pracownicy\/#website"},"datePublished":"2020-10-06T09:16:18+00:00","breadcrumb":{"@id":"https:\/\/pans.krosno.pl\/pracownicy\/dr-hab-wladyslaw-chlopicki-prof-kpu\/dr-hab-wladyslaw-chlopicki-prof-kpu-brief-cv\/#breadcrumb"},"inLanguage":"en-US","potentialAction":[{"@type":"ReadAction","target":["https:\/\/pans.krosno.pl\/pracownicy\/dr-hab-wladyslaw-chlopicki-prof-kpu\/dr-hab-wladyslaw-chlopicki-prof-kpu-brief-cv\/"]}]},{"@type":"BreadcrumbList","@id":"https:\/\/pans.krosno.pl\/pracownicy\/dr-hab-wladyslaw-chlopicki-prof-kpu\/dr-hab-wladyslaw-chlopicki-prof-kpu-brief-cv\/#breadcrumb","itemListElement":[{"@type":"ListItem","position":1,"name":"Strona g\u0142\u00f3wna","item":"https:\/\/pans.krosno.pl\/pracownicy\/"},{"@type":"ListItem","position":2,"name":"dr hab. W\u0142adys\u0142aw Ch\u0142opicki, prof. KPU","item":"https:\/\/pans.krosno.pl\/pracownicy\/dr-hab-wladyslaw-chlopicki-prof-kpu\/"},{"@type":"ListItem","position":3,"name":"dr hab. W\u0142adys\u0142aw Ch\u0142opicki, prof. KPU &#8211; Brief CV"}]},{"@type":"WebSite","@id":"https:\/\/pans.krosno.pl\/pracownicy\/#website","url":"https:\/\/pans.krosno.pl\/pracownicy\/","name":"Pracownicy PANS w Kro\u015bnie","description":"Pracownicy - Pa\u0144stwowa Akademia Nauk Stosowanych","publisher":{"@id":"https:\/\/pans.krosno.pl\/pracownicy\/#organization"},"potentialAction":[{"@type":"SearchAction","target":{"@type":"EntryPoint","urlTemplate":"https:\/\/pans.krosno.pl\/pracownicy\/?s={search_term_string}"},"query-input":{"@type":"PropertyValueSpecification","valueRequired":true,"valueName":"search_term_string"}}],"inLanguage":"en-US"},{"@type":"Organization","@id":"https:\/\/pans.krosno.pl\/pracownicy\/#organization","name":"Pracownicy PANS w Kro\u015bnie","url":"https:\/\/pans.krosno.pl\/pracownicy\/","logo":{"@type":"ImageObject","inLanguage":"en-US","@id":"https:\/\/pans.krosno.pl\/pracownicy\/#\/schema\/logo\/image\/","url":"https:\/\/pans.krosno.pl\/pracownicy\/wp-content\/uploads\/sites\/41\/2023\/01\/Logo-PANS-2022-pelne.png","contentUrl":"https:\/\/pans.krosno.pl\/pracownicy\/wp-content\/uploads\/sites\/41\/2023\/01\/Logo-PANS-2022-pelne.png","width":3096,"height":696,"caption":"Pracownicy PANS w Kro\u015bnie"},"image":{"@id":"https:\/\/pans.krosno.pl\/pracownicy\/#\/schema\/logo\/image\/"}}]}},"_links":{"self":[{"href":"https:\/\/pans.krosno.pl\/pracownicy\/en\/wp-json\/wp\/v2\/pages\/8362","targetHints":{"allow":["GET"]}}],"collection":[{"href":"https:\/\/pans.krosno.pl\/pracownicy\/en\/wp-json\/wp\/v2\/pages"}],"about":[{"href":"https:\/\/pans.krosno.pl\/pracownicy\/en\/wp-json\/wp\/v2\/types\/page"}],"author":[{"embeddable":true,"href":"https:\/\/pans.krosno.pl\/pracownicy\/en\/wp-json\/wp\/v2\/users\/27"}],"replies":[{"embeddable":true,"href":"https:\/\/pans.krosno.pl\/pracownicy\/en\/wp-json\/wp\/v2\/comments?post=8362"}],"version-history":[{"count":1,"href":"https:\/\/pans.krosno.pl\/pracownicy\/en\/wp-json\/wp\/v2\/pages\/8362\/revisions"}],"predecessor-version":[{"id":8363,"href":"https:\/\/pans.krosno.pl\/pracownicy\/en\/wp-json\/wp\/v2\/pages\/8362\/revisions\/8363"}],"up":[{"embeddable":true,"href":"https:\/\/pans.krosno.pl\/pracownicy\/en\/wp-json\/wp\/v2\/pages\/8354"}],"wp:attachment":[{"href":"https:\/\/pans.krosno.pl\/pracownicy\/en\/wp-json\/wp\/v2\/media?parent=8362"}],"curies":[{"name":"wp","href":"https:\/\/api.w.org\/{rel}","templated":true}]}}