{"id":8360,"date":"2020-10-06T11:15:18","date_gmt":"2020-10-06T09:15:18","guid":{"rendered":"https:\/\/pans.krosno.pl\/pracownicy\/?page_id=8360"},"modified":"2020-10-14T09:08:56","modified_gmt":"2020-10-14T07:08:56","slug":"dr-hab-wladyslaw-chlopicki-prof-kpu-publications","status":"publish","type":"page","link":"https:\/\/pans.krosno.pl\/pracownicy\/en\/dr-hab-wladyslaw-chlopicki-prof-kpu\/dr-hab-wladyslaw-chlopicki-prof-kpu-publications\/","title":{"rendered":"dr hab. W\u0142adys\u0142aw Ch\u0142opicki, prof. KPU &#8211; Publications"},"content":{"rendered":"\n<p>Author and co-author of over 60 scholarly articles and 3 books, editor and co-editor of several monographs, including <em>Polish Humour<\/em>, <em>Cognition in Language<\/em>, <em>Culture&#8217;s Software: Communication Styles<\/em>, <em>Humorous Discours<\/em>e, and numerous published book translations.<\/p>\n\n\n\n<p><strong>Books:<\/strong><\/p>\n\n\n\n<ol class=\"wp-block-list\" type=\"1\"><li>W\u0142adys\u0142aw Ch\u0142opicki, 1995, <em>O humorze powa\u017cnie<\/em>, Krak\u00f3w: PAN.<\/li><li>W\u0142adys\u0142aw Ch\u0142opicki i Anna Sosnowska, 1995, <em>Poradnik ortograficzny dla Polak\u00f3w: J\u0119zyk angielski<\/em>, Krak\u00f3w: PWN.<\/li><li>W\u0142adys\u0142aw Ch\u0142opicki i Jerzy \u015awi\u0105tek, 2000, <em>Angielski w polskiej reklamie<\/em>, Krak\u00f3w: PWN.<\/li><\/ol>\n\n\n\n<p><strong>Seelected recent articles and book chapters:<\/strong><\/p>\n\n\n\n<ul class=\"wp-block-list\"><li>2020, \u201cJoke construction and joke structure\u201d, in: <em>Script-based Semantics<\/em>, ed. S. Attardo, Walter de Gruyter. pp. 167-190.<\/li><li>2020\u00a0 Dorota Rygiel. W\u0142adys\u0142aw Ch\u0142opicki \u201cMi\u0142o\u015b\u0107 w uj\u0119ciu Woody\u2019ego Allena\u201d, \u00a0w: <em>O mi\u0142o\u015bci s\u0142\u00f3w kilka \u2013 wybrane aspekty mi\u0142o\u015bci w literaturze i sztuce<\/em>, pod red.\u00a0 M. \u015aliwa &amp; I. Mo\u0142doch-Mendo\u0144, wyd. Tygiel, Lublin 2020, pp. 7-18.<\/li><li>2020, Dorota Brzozowska, W\u0142adys\u0142aw Ch\u0142opicki, April Fools\u2019 day news \u2014 still funny? <em>Media linguistics<\/em>\u00a0 7 (2). <em>Criticism of Media Speech\u00a0<\/em> 184-192. \u00a0<a href=\"https:\/\/medialing.ru\/april-fools-day-news-still-funny\/\">https:\/\/medialing.ru\/april-fools-day-news-still-funny\/<\/a><\/li><li>2019, \u201cConventional expletives as indicators of emotion, impoliteness and amusement in Polish spoken discourse\u201d, <em>mediAzioni 24<\/em>, <a href=\"http:\/\/mediazioni.sitlec.unibo.it\">http:\/\/mediazioni.sitlec.unibo.it <\/a><\/li><li>2019, \u201cDeclarative questions in Polish communication style\u201d, <em>Journal of Pragmatics<\/em> 153, <em>Special issue: Communication styles: Between deliberate strategy and ambivalence<\/em>. pp. 69-89.<\/li><li>2019 Liisi Laineste, W\u0142adys\u0142aw Ch\u0142opicki, \u201cCo-construction of metaphors in Estonian conversation\u201d, <em>Journal of Pragmatics<\/em> 153. <em>Special issue: Communication styles: Between deliberate strategy and ambivalence<\/em>, pp. 92-102.<\/li><li>2019, \u201cWhat do doctors advise patients in jokes and why?\u201d <em>Humour: International Journal of Humor Research <\/em>32:3. str 475-497.<\/li><li>2019, Dorota Brzozowska, W\u0142adys\u0142aw Ch\u0142opicki, \u201cThe Chinese as targets in Polish humorous discourse\u201d <em>Humour: International Journal of Humor Research<\/em> 32:2, <em>Special issue dedicated to Christie Davies- jokes, targets and spontaneous order<\/em>, pp. 235-265.<\/li><li>2018, \u201cStatler and Waldorf as two all-American hecklers in the show of life\u201d, in: <em>Le badaud et le regardeur<\/em>, ed. Julian Kornhauser and Iwona Piechnik, Biblioteka Jagiello\u0144ska, pp. 143-172.<\/li><li>2018, Sonja Heinz, Willibald Ruch, W\u0142adys\u0142aw Ch\u0142opicki, et al. \u201cPsychometric comparisons of benevolent and corrective humor across 22 countries: the virtue gap in humor goes international\u201d, <em>Frontiers in Psychology<\/em> \u00a09:92.<\/li><li>2017, \u201cComrade Ragball and a Slimeball as unique visions of the other in postwar Poland\u201d, in: <em>The multi-mediatized other: the construction of reality in East-Central Europe, 1945-1980<\/em> , ed. Dagnos\u0142aw Demski, Anelia Kassabova, Ildik\u00f3 Sz, Krist\u00f3f, Liisi Laineste, Kamila Baraniecka-Olszewska, Budapeszt: Editions L\u2019Harmattan, pp. 382-401.<\/li><li>\u00a02017, \u201cHumor and narrative\u201d in: <em>The Routledge handbook of language and humor<\/em>, \u00a0ed. S. Attardo. Routledge Handbooks in Linguistics. Routledge, pp 143-157.<\/li><li>2017, \u201cCommunication styles: an overview\u201d, <em>Styles of Communication<\/em> 9.2, pp. 9-25.<\/li><li>2017, \u201cMetonymy in humour\u201d in: <em>Humorous discourse<\/em>, ed. W. Ch\u0142opicki and D. Brzozowska. Humour Research 11. Mouton de Gruyter, pp. 23-52.<\/li><\/ul>\n\n\n\n<p><strong>Selected book-length translations:<\/strong><\/p>\n\n\n\n<ol class=\"wp-block-list\" type=\"1\"><li><em>La Serenissima of Wojciech Weiss. Venice Scenery<\/em>. Krak\u00f3w: Fundacja Museum Wojciecha Weissa 2011.<\/li><li>Zofia Weiss, <em>W\u0142adys\u0142aw Jarocki<\/em>. Krak\u00f3w, Zakopane: Galeria W\u0142adys\u0142awa Zamoyskiego w Zakopanem, Akademia Sztuk Pi\u0119knych w Krakowie 2015 (with Katarzyna Dziemian and Marta Kapera).<\/li><li>Marian Wolski, <em>The Potocki Family of the Pilawa Coat of Arms. A Study of Family History and Estates Until the Early 17th Century<\/em>, Krak\u00f3w: Societas Vistulana. Towarzystwo Naukowe, 2017.<\/li><\/ol>\n\n\n\n<p>Details of all publications available at: <a href=\"https:\/\/orcid.org\/0000-0002-4675-4102\">https:\/\/orcid.org\/0000-0002-4675-4102<\/a><\/p>\n","protected":false},"excerpt":{"rendered":"<p>Author and co-author of over 60 scholarly articles and 3 books, editor and co-editor of several monographs, including Polish Humour, Cognition in Language, Culture&#8217;s Software: Communication Styles, Humorous Discourse, and numerous published book translations. Books: W\u0142adys\u0142aw Ch\u0142opicki, 1995, O humorze powa\u017cnie, Krak\u00f3w: PAN. W\u0142adys\u0142aw Ch\u0142opicki i Anna Sosnowska, 1995, Poradnik [\u2026] <\/p>\n<div class=\"clear\"><\/div>\n<p><a class=\"more_link clearfix\" href=\"https:\/\/pans.krosno.pl\/pracownicy\/en\/dr-hab-wladyslaw-chlopicki-prof-kpu\/dr-hab-wladyslaw-chlopicki-prof-kpu-publications\/\" rel=\"nofollow\">Read More<\/a><\/p>\n","protected":false},"author":27,"featured_media":0,"parent":8354,"menu_order":0,"comment_status":"closed","ping_status":"closed","template":"","meta":{"ngg_post_thumbnail":0,"footnotes":""},"class_list":["post-8360","page","type-page","status-publish","hentry"],"yoast_head":"<!-- This site is optimized with the Yoast SEO Premium plugin v27.4 (Yoast SEO v27.4) - https:\/\/yoast.com\/product\/yoast-seo-premium-wordpress\/ -->\n<title>dr hab. W\u0142adys\u0142aw Ch\u0142opicki, prof. KPU - Publications - Pracownicy PANS w Kro\u015bnie<\/title>\n<meta name=\"robots\" content=\"index, follow, max-snippet:-1, max-image-preview:large, max-video-preview:-1\" \/>\n<link rel=\"canonical\" href=\"https:\/\/pans.krosno.pl\/pracownicy\/dr-hab-wladyslaw-chlopicki-prof-kpu\/dr-hab-wladyslaw-chlopicki-prof-kpu-publications\/\" \/>\n<meta property=\"og:locale\" content=\"en_US\" \/>\n<meta property=\"og:type\" content=\"article\" \/>\n<meta property=\"og:title\" content=\"dr hab. W\u0142adys\u0142aw Ch\u0142opicki, prof. KPU - Publications\" \/>\n<meta property=\"og:description\" content=\"Author and co-author of over 60 scholarly articles and 3 books, editor and co-editor of several monographs, including Polish Humour, Cognition in Language, Culture&#8217;s Software: Communication Styles, Humorous Discourse, and numerous published book translations. Books: W\u0142adys\u0142aw Ch\u0142opicki, 1995, O humorze powa\u017cnie, Krak\u00f3w: PAN. W\u0142adys\u0142aw Ch\u0142opicki i Anna Sosnowska, 1995, Poradnik [\u2026] Read More\" \/>\n<meta property=\"og:url\" content=\"https:\/\/pans.krosno.pl\/pracownicy\/dr-hab-wladyslaw-chlopicki-prof-kpu\/dr-hab-wladyslaw-chlopicki-prof-kpu-publications\/\" \/>\n<meta property=\"og:site_name\" content=\"Pracownicy PANS w Kro\u015bnie\" \/>\n<meta property=\"article:modified_time\" content=\"2020-10-14T07:08:56+00:00\" \/>\n<meta name=\"twitter:card\" content=\"summary_large_image\" \/>\n<meta name=\"twitter:label1\" content=\"Est. reading time\" \/>\n\t<meta name=\"twitter:data1\" content=\"3 minutes\" \/>\n<script type=\"application\/ld+json\" class=\"yoast-schema-graph\">{\"@context\":\"https:\\\/\\\/schema.org\",\"@graph\":[{\"@type\":\"WebPage\",\"@id\":\"https:\\\/\\\/pans.krosno.pl\\\/pracownicy\\\/dr-hab-wladyslaw-chlopicki-prof-kpu\\\/dr-hab-wladyslaw-chlopicki-prof-kpu-publications\\\/\",\"url\":\"https:\\\/\\\/pans.krosno.pl\\\/pracownicy\\\/dr-hab-wladyslaw-chlopicki-prof-kpu\\\/dr-hab-wladyslaw-chlopicki-prof-kpu-publications\\\/\",\"name\":\"dr hab. W\u0142adys\u0142aw Ch\u0142opicki, prof. KPU - Publications - Pracownicy PANS w Kro\u015bnie\",\"isPartOf\":{\"@id\":\"https:\\\/\\\/pans.krosno.pl\\\/pracownicy\\\/#website\"},\"datePublished\":\"2020-10-06T09:15:18+00:00\",\"dateModified\":\"2020-10-14T07:08:56+00:00\",\"breadcrumb\":{\"@id\":\"https:\\\/\\\/pans.krosno.pl\\\/pracownicy\\\/dr-hab-wladyslaw-chlopicki-prof-kpu\\\/dr-hab-wladyslaw-chlopicki-prof-kpu-publications\\\/#breadcrumb\"},\"inLanguage\":\"en-US\",\"potentialAction\":[{\"@type\":\"ReadAction\",\"target\":[\"https:\\\/\\\/pans.krosno.pl\\\/pracownicy\\\/dr-hab-wladyslaw-chlopicki-prof-kpu\\\/dr-hab-wladyslaw-chlopicki-prof-kpu-publications\\\/\"]}]},{\"@type\":\"BreadcrumbList\",\"@id\":\"https:\\\/\\\/pans.krosno.pl\\\/pracownicy\\\/dr-hab-wladyslaw-chlopicki-prof-kpu\\\/dr-hab-wladyslaw-chlopicki-prof-kpu-publications\\\/#breadcrumb\",\"itemListElement\":[{\"@type\":\"ListItem\",\"position\":1,\"name\":\"Strona g\u0142\u00f3wna\",\"item\":\"https:\\\/\\\/pans.krosno.pl\\\/pracownicy\\\/\"},{\"@type\":\"ListItem\",\"position\":2,\"name\":\"dr hab. W\u0142adys\u0142aw Ch\u0142opicki, prof. KPU\",\"item\":\"https:\\\/\\\/pans.krosno.pl\\\/pracownicy\\\/dr-hab-wladyslaw-chlopicki-prof-kpu\\\/\"},{\"@type\":\"ListItem\",\"position\":3,\"name\":\"dr hab. W\u0142adys\u0142aw Ch\u0142opicki, prof. KPU &#8211; Publications\"}]},{\"@type\":\"WebSite\",\"@id\":\"https:\\\/\\\/pans.krosno.pl\\\/pracownicy\\\/#website\",\"url\":\"https:\\\/\\\/pans.krosno.pl\\\/pracownicy\\\/\",\"name\":\"Pracownicy PANS w Kro\u015bnie\",\"description\":\"Pracownicy - Pa\u0144stwowa Akademia Nauk Stosowanych\",\"publisher\":{\"@id\":\"https:\\\/\\\/pans.krosno.pl\\\/pracownicy\\\/#organization\"},\"potentialAction\":[{\"@type\":\"SearchAction\",\"target\":{\"@type\":\"EntryPoint\",\"urlTemplate\":\"https:\\\/\\\/pans.krosno.pl\\\/pracownicy\\\/?s={search_term_string}\"},\"query-input\":{\"@type\":\"PropertyValueSpecification\",\"valueRequired\":true,\"valueName\":\"search_term_string\"}}],\"inLanguage\":\"en-US\"},{\"@type\":\"Organization\",\"@id\":\"https:\\\/\\\/pans.krosno.pl\\\/pracownicy\\\/#organization\",\"name\":\"Pracownicy PANS w Kro\u015bnie\",\"url\":\"https:\\\/\\\/pans.krosno.pl\\\/pracownicy\\\/\",\"logo\":{\"@type\":\"ImageObject\",\"inLanguage\":\"en-US\",\"@id\":\"https:\\\/\\\/pans.krosno.pl\\\/pracownicy\\\/#\\\/schema\\\/logo\\\/image\\\/\",\"url\":\"https:\\\/\\\/pans.krosno.pl\\\/pracownicy\\\/wp-content\\\/uploads\\\/sites\\\/41\\\/2023\\\/01\\\/Logo-PANS-2022-pelne.png\",\"contentUrl\":\"https:\\\/\\\/pans.krosno.pl\\\/pracownicy\\\/wp-content\\\/uploads\\\/sites\\\/41\\\/2023\\\/01\\\/Logo-PANS-2022-pelne.png\",\"width\":3096,\"height\":696,\"caption\":\"Pracownicy PANS w Kro\u015bnie\"},\"image\":{\"@id\":\"https:\\\/\\\/pans.krosno.pl\\\/pracownicy\\\/#\\\/schema\\\/logo\\\/image\\\/\"}}]}<\/script>\n<!-- \/ Yoast SEO Premium plugin. -->","yoast_head_json":{"title":"dr hab. W\u0142adys\u0142aw Ch\u0142opicki, prof. KPU - Publications - Pracownicy PANS w Kro\u015bnie","robots":{"index":"index","follow":"follow","max-snippet":"max-snippet:-1","max-image-preview":"max-image-preview:large","max-video-preview":"max-video-preview:-1"},"canonical":"https:\/\/pans.krosno.pl\/pracownicy\/dr-hab-wladyslaw-chlopicki-prof-kpu\/dr-hab-wladyslaw-chlopicki-prof-kpu-publications\/","og_locale":"en_US","og_type":"article","og_title":"dr hab. W\u0142adys\u0142aw Ch\u0142opicki, prof. KPU - Publications","og_description":"Author and co-author of over 60 scholarly articles and 3 books, editor and co-editor of several monographs, including Polish Humour, Cognition in Language, Culture&#8217;s Software: Communication Styles, Humorous Discourse, and numerous published book translations. Books: W\u0142adys\u0142aw Ch\u0142opicki, 1995, O humorze powa\u017cnie, Krak\u00f3w: PAN. W\u0142adys\u0142aw Ch\u0142opicki i Anna Sosnowska, 1995, Poradnik [\u2026] Read More","og_url":"https:\/\/pans.krosno.pl\/pracownicy\/dr-hab-wladyslaw-chlopicki-prof-kpu\/dr-hab-wladyslaw-chlopicki-prof-kpu-publications\/","og_site_name":"Pracownicy PANS w Kro\u015bnie","article_modified_time":"2020-10-14T07:08:56+00:00","twitter_card":"summary_large_image","twitter_misc":{"Est. reading time":"3 minutes"},"schema":{"@context":"https:\/\/schema.org","@graph":[{"@type":"WebPage","@id":"https:\/\/pans.krosno.pl\/pracownicy\/dr-hab-wladyslaw-chlopicki-prof-kpu\/dr-hab-wladyslaw-chlopicki-prof-kpu-publications\/","url":"https:\/\/pans.krosno.pl\/pracownicy\/dr-hab-wladyslaw-chlopicki-prof-kpu\/dr-hab-wladyslaw-chlopicki-prof-kpu-publications\/","name":"dr hab. W\u0142adys\u0142aw Ch\u0142opicki, prof. KPU - Publications - Pracownicy PANS w Kro\u015bnie","isPartOf":{"@id":"https:\/\/pans.krosno.pl\/pracownicy\/#website"},"datePublished":"2020-10-06T09:15:18+00:00","dateModified":"2020-10-14T07:08:56+00:00","breadcrumb":{"@id":"https:\/\/pans.krosno.pl\/pracownicy\/dr-hab-wladyslaw-chlopicki-prof-kpu\/dr-hab-wladyslaw-chlopicki-prof-kpu-publications\/#breadcrumb"},"inLanguage":"en-US","potentialAction":[{"@type":"ReadAction","target":["https:\/\/pans.krosno.pl\/pracownicy\/dr-hab-wladyslaw-chlopicki-prof-kpu\/dr-hab-wladyslaw-chlopicki-prof-kpu-publications\/"]}]},{"@type":"BreadcrumbList","@id":"https:\/\/pans.krosno.pl\/pracownicy\/dr-hab-wladyslaw-chlopicki-prof-kpu\/dr-hab-wladyslaw-chlopicki-prof-kpu-publications\/#breadcrumb","itemListElement":[{"@type":"ListItem","position":1,"name":"Strona g\u0142\u00f3wna","item":"https:\/\/pans.krosno.pl\/pracownicy\/"},{"@type":"ListItem","position":2,"name":"dr hab. W\u0142adys\u0142aw Ch\u0142opicki, prof. KPU","item":"https:\/\/pans.krosno.pl\/pracownicy\/dr-hab-wladyslaw-chlopicki-prof-kpu\/"},{"@type":"ListItem","position":3,"name":"dr hab. W\u0142adys\u0142aw Ch\u0142opicki, prof. KPU &#8211; Publications"}]},{"@type":"WebSite","@id":"https:\/\/pans.krosno.pl\/pracownicy\/#website","url":"https:\/\/pans.krosno.pl\/pracownicy\/","name":"Pracownicy PANS w Kro\u015bnie","description":"Pracownicy - Pa\u0144stwowa Akademia Nauk Stosowanych","publisher":{"@id":"https:\/\/pans.krosno.pl\/pracownicy\/#organization"},"potentialAction":[{"@type":"SearchAction","target":{"@type":"EntryPoint","urlTemplate":"https:\/\/pans.krosno.pl\/pracownicy\/?s={search_term_string}"},"query-input":{"@type":"PropertyValueSpecification","valueRequired":true,"valueName":"search_term_string"}}],"inLanguage":"en-US"},{"@type":"Organization","@id":"https:\/\/pans.krosno.pl\/pracownicy\/#organization","name":"Pracownicy PANS w Kro\u015bnie","url":"https:\/\/pans.krosno.pl\/pracownicy\/","logo":{"@type":"ImageObject","inLanguage":"en-US","@id":"https:\/\/pans.krosno.pl\/pracownicy\/#\/schema\/logo\/image\/","url":"https:\/\/pans.krosno.pl\/pracownicy\/wp-content\/uploads\/sites\/41\/2023\/01\/Logo-PANS-2022-pelne.png","contentUrl":"https:\/\/pans.krosno.pl\/pracownicy\/wp-content\/uploads\/sites\/41\/2023\/01\/Logo-PANS-2022-pelne.png","width":3096,"height":696,"caption":"Pracownicy PANS w Kro\u015bnie"},"image":{"@id":"https:\/\/pans.krosno.pl\/pracownicy\/#\/schema\/logo\/image\/"}}]}},"_links":{"self":[{"href":"https:\/\/pans.krosno.pl\/pracownicy\/en\/wp-json\/wp\/v2\/pages\/8360","targetHints":{"allow":["GET"]}}],"collection":[{"href":"https:\/\/pans.krosno.pl\/pracownicy\/en\/wp-json\/wp\/v2\/pages"}],"about":[{"href":"https:\/\/pans.krosno.pl\/pracownicy\/en\/wp-json\/wp\/v2\/types\/page"}],"author":[{"embeddable":true,"href":"https:\/\/pans.krosno.pl\/pracownicy\/en\/wp-json\/wp\/v2\/users\/27"}],"replies":[{"embeddable":true,"href":"https:\/\/pans.krosno.pl\/pracownicy\/en\/wp-json\/wp\/v2\/comments?post=8360"}],"version-history":[{"count":3,"href":"https:\/\/pans.krosno.pl\/pracownicy\/en\/wp-json\/wp\/v2\/pages\/8360\/revisions"}],"predecessor-version":[{"id":8714,"href":"https:\/\/pans.krosno.pl\/pracownicy\/en\/wp-json\/wp\/v2\/pages\/8360\/revisions\/8714"}],"up":[{"embeddable":true,"href":"https:\/\/pans.krosno.pl\/pracownicy\/en\/wp-json\/wp\/v2\/pages\/8354"}],"wp:attachment":[{"href":"https:\/\/pans.krosno.pl\/pracownicy\/en\/wp-json\/wp\/v2\/media?parent=8360"}],"curies":[{"name":"wp","href":"https:\/\/api.w.org\/{rel}","templated":true}]}}