{"id":8358,"date":"2020-10-06T11:11:39","date_gmt":"2020-10-06T09:11:39","guid":{"rendered":"https:\/\/pans.krosno.pl\/pracownicy\/?page_id=8358"},"modified":"2020-10-06T11:11:40","modified_gmt":"2020-10-06T09:11:40","slug":"dr-hab-wladyslaw-chlopicki-prof-kpu-awards","status":"publish","type":"page","link":"https:\/\/pans.krosno.pl\/pracownicy\/en\/dr-hab-wladyslaw-chlopicki-prof-kpu\/dr-hab-wladyslaw-chlopicki-prof-kpu-awards\/","title":{"rendered":"dr hab. W\u0142adys\u0142aw Ch\u0142opicki, prof. KPU &#8211; Awards"},"content":{"rendered":"\n<ul class=\"wp-block-list\"><li>Silver Cross of Merit of the Republic of Poland (2003),<\/li><li>Silver Medal of the Republic of Poland for many years of service (2014),<\/li><li>Awards of the Rector of Krosno State College (from 2008 to 2020)<\/li><\/ul>\n","protected":false},"excerpt":{"rendered":"<p>Silver Cross of Merit of the Republic of Poland (2003), Silver Medal of the Republic of Poland for many years of service (2014), Awards of the Rector of Krosno State College (from 2008 to 2020)<\/p>\n","protected":false},"author":27,"featured_media":0,"parent":8354,"menu_order":0,"comment_status":"closed","ping_status":"closed","template":"","meta":{"ngg_post_thumbnail":0,"footnotes":""},"class_list":["post-8358","page","type-page","status-publish","hentry"],"yoast_head":"<!-- This site is optimized with the Yoast SEO Premium plugin v27.4 (Yoast SEO v27.4) - https:\/\/yoast.com\/product\/yoast-seo-premium-wordpress\/ -->\n<title>dr hab. W\u0142adys\u0142aw Ch\u0142opicki, prof. KPU - Awards - Pracownicy PANS w Kro\u015bnie<\/title>\n<meta name=\"robots\" content=\"index, follow, max-snippet:-1, max-image-preview:large, max-video-preview:-1\" \/>\n<link rel=\"canonical\" href=\"https:\/\/pans.krosno.pl\/pracownicy\/dr-hab-wladyslaw-chlopicki-prof-kpu\/dr-hab-wladyslaw-chlopicki-prof-kpu-awards\/\" \/>\n<meta property=\"og:locale\" content=\"en_US\" \/>\n<meta property=\"og:type\" content=\"article\" \/>\n<meta property=\"og:title\" content=\"dr hab. W\u0142adys\u0142aw Ch\u0142opicki, prof. KPU - Awards\" \/>\n<meta property=\"og:description\" content=\"Silver Cross of Merit of the Republic of Poland (2003), Silver Medal of the Republic of Poland for many years of service (2014), Awards of the Rector of Krosno State College (from 2008 to 2020)\" \/>\n<meta property=\"og:url\" content=\"https:\/\/pans.krosno.pl\/pracownicy\/dr-hab-wladyslaw-chlopicki-prof-kpu\/dr-hab-wladyslaw-chlopicki-prof-kpu-awards\/\" \/>\n<meta property=\"og:site_name\" content=\"Pracownicy PANS w Kro\u015bnie\" \/>\n<meta property=\"article:modified_time\" content=\"2020-10-06T09:11:40+00:00\" \/>\n<meta name=\"twitter:card\" content=\"summary_large_image\" \/>\n<script type=\"application\/ld+json\" class=\"yoast-schema-graph\">{\"@context\":\"https:\\\/\\\/schema.org\",\"@graph\":[{\"@type\":\"WebPage\",\"@id\":\"https:\\\/\\\/pans.krosno.pl\\\/pracownicy\\\/dr-hab-wladyslaw-chlopicki-prof-kpu\\\/dr-hab-wladyslaw-chlopicki-prof-kpu-awards\\\/\",\"url\":\"https:\\\/\\\/pans.krosno.pl\\\/pracownicy\\\/dr-hab-wladyslaw-chlopicki-prof-kpu\\\/dr-hab-wladyslaw-chlopicki-prof-kpu-awards\\\/\",\"name\":\"dr hab. W\u0142adys\u0142aw Ch\u0142opicki, prof. KPU - Awards - Pracownicy PANS w Kro\u015bnie\",\"isPartOf\":{\"@id\":\"https:\\\/\\\/pans.krosno.pl\\\/pracownicy\\\/#website\"},\"datePublished\":\"2020-10-06T09:11:39+00:00\",\"dateModified\":\"2020-10-06T09:11:40+00:00\",\"breadcrumb\":{\"@id\":\"https:\\\/\\\/pans.krosno.pl\\\/pracownicy\\\/dr-hab-wladyslaw-chlopicki-prof-kpu\\\/dr-hab-wladyslaw-chlopicki-prof-kpu-awards\\\/#breadcrumb\"},\"inLanguage\":\"en-US\",\"potentialAction\":[{\"@type\":\"ReadAction\",\"target\":[\"https:\\\/\\\/pans.krosno.pl\\\/pracownicy\\\/dr-hab-wladyslaw-chlopicki-prof-kpu\\\/dr-hab-wladyslaw-chlopicki-prof-kpu-awards\\\/\"]}]},{\"@type\":\"BreadcrumbList\",\"@id\":\"https:\\\/\\\/pans.krosno.pl\\\/pracownicy\\\/dr-hab-wladyslaw-chlopicki-prof-kpu\\\/dr-hab-wladyslaw-chlopicki-prof-kpu-awards\\\/#breadcrumb\",\"itemListElement\":[{\"@type\":\"ListItem\",\"position\":1,\"name\":\"Strona g\u0142\u00f3wna\",\"item\":\"https:\\\/\\\/pans.krosno.pl\\\/pracownicy\\\/\"},{\"@type\":\"ListItem\",\"position\":2,\"name\":\"dr hab. W\u0142adys\u0142aw Ch\u0142opicki, prof. KPU\",\"item\":\"https:\\\/\\\/pans.krosno.pl\\\/pracownicy\\\/dr-hab-wladyslaw-chlopicki-prof-kpu\\\/\"},{\"@type\":\"ListItem\",\"position\":3,\"name\":\"dr hab. W\u0142adys\u0142aw Ch\u0142opicki, prof. KPU &#8211; Awards\"}]},{\"@type\":\"WebSite\",\"@id\":\"https:\\\/\\\/pans.krosno.pl\\\/pracownicy\\\/#website\",\"url\":\"https:\\\/\\\/pans.krosno.pl\\\/pracownicy\\\/\",\"name\":\"Pracownicy PANS w Kro\u015bnie\",\"description\":\"Pracownicy - Pa\u0144stwowa Akademia Nauk Stosowanych\",\"publisher\":{\"@id\":\"https:\\\/\\\/pans.krosno.pl\\\/pracownicy\\\/#organization\"},\"potentialAction\":[{\"@type\":\"SearchAction\",\"target\":{\"@type\":\"EntryPoint\",\"urlTemplate\":\"https:\\\/\\\/pans.krosno.pl\\\/pracownicy\\\/?s={search_term_string}\"},\"query-input\":{\"@type\":\"PropertyValueSpecification\",\"valueRequired\":true,\"valueName\":\"search_term_string\"}}],\"inLanguage\":\"en-US\"},{\"@type\":\"Organization\",\"@id\":\"https:\\\/\\\/pans.krosno.pl\\\/pracownicy\\\/#organization\",\"name\":\"Pracownicy PANS w Kro\u015bnie\",\"url\":\"https:\\\/\\\/pans.krosno.pl\\\/pracownicy\\\/\",\"logo\":{\"@type\":\"ImageObject\",\"inLanguage\":\"en-US\",\"@id\":\"https:\\\/\\\/pans.krosno.pl\\\/pracownicy\\\/#\\\/schema\\\/logo\\\/image\\\/\",\"url\":\"https:\\\/\\\/pans.krosno.pl\\\/pracownicy\\\/wp-content\\\/uploads\\\/sites\\\/41\\\/2023\\\/01\\\/Logo-PANS-2022-pelne.png\",\"contentUrl\":\"https:\\\/\\\/pans.krosno.pl\\\/pracownicy\\\/wp-content\\\/uploads\\\/sites\\\/41\\\/2023\\\/01\\\/Logo-PANS-2022-pelne.png\",\"width\":3096,\"height\":696,\"caption\":\"Pracownicy PANS w Kro\u015bnie\"},\"image\":{\"@id\":\"https:\\\/\\\/pans.krosno.pl\\\/pracownicy\\\/#\\\/schema\\\/logo\\\/image\\\/\"}}]}<\/script>\n<!-- \/ Yoast SEO Premium plugin. -->","yoast_head_json":{"title":"dr hab. W\u0142adys\u0142aw Ch\u0142opicki, prof. KPU - Awards - Pracownicy PANS w Kro\u015bnie","robots":{"index":"index","follow":"follow","max-snippet":"max-snippet:-1","max-image-preview":"max-image-preview:large","max-video-preview":"max-video-preview:-1"},"canonical":"https:\/\/pans.krosno.pl\/pracownicy\/dr-hab-wladyslaw-chlopicki-prof-kpu\/dr-hab-wladyslaw-chlopicki-prof-kpu-awards\/","og_locale":"en_US","og_type":"article","og_title":"dr hab. W\u0142adys\u0142aw Ch\u0142opicki, prof. KPU - Awards","og_description":"Silver Cross of Merit of the Republic of Poland (2003), Silver Medal of the Republic of Poland for many years of service (2014), Awards of the Rector of Krosno State College (from 2008 to 2020)","og_url":"https:\/\/pans.krosno.pl\/pracownicy\/dr-hab-wladyslaw-chlopicki-prof-kpu\/dr-hab-wladyslaw-chlopicki-prof-kpu-awards\/","og_site_name":"Pracownicy PANS w Kro\u015bnie","article_modified_time":"2020-10-06T09:11:40+00:00","twitter_card":"summary_large_image","schema":{"@context":"https:\/\/schema.org","@graph":[{"@type":"WebPage","@id":"https:\/\/pans.krosno.pl\/pracownicy\/dr-hab-wladyslaw-chlopicki-prof-kpu\/dr-hab-wladyslaw-chlopicki-prof-kpu-awards\/","url":"https:\/\/pans.krosno.pl\/pracownicy\/dr-hab-wladyslaw-chlopicki-prof-kpu\/dr-hab-wladyslaw-chlopicki-prof-kpu-awards\/","name":"dr hab. W\u0142adys\u0142aw Ch\u0142opicki, prof. KPU - Awards - Pracownicy PANS w Kro\u015bnie","isPartOf":{"@id":"https:\/\/pans.krosno.pl\/pracownicy\/#website"},"datePublished":"2020-10-06T09:11:39+00:00","dateModified":"2020-10-06T09:11:40+00:00","breadcrumb":{"@id":"https:\/\/pans.krosno.pl\/pracownicy\/dr-hab-wladyslaw-chlopicki-prof-kpu\/dr-hab-wladyslaw-chlopicki-prof-kpu-awards\/#breadcrumb"},"inLanguage":"en-US","potentialAction":[{"@type":"ReadAction","target":["https:\/\/pans.krosno.pl\/pracownicy\/dr-hab-wladyslaw-chlopicki-prof-kpu\/dr-hab-wladyslaw-chlopicki-prof-kpu-awards\/"]}]},{"@type":"BreadcrumbList","@id":"https:\/\/pans.krosno.pl\/pracownicy\/dr-hab-wladyslaw-chlopicki-prof-kpu\/dr-hab-wladyslaw-chlopicki-prof-kpu-awards\/#breadcrumb","itemListElement":[{"@type":"ListItem","position":1,"name":"Strona g\u0142\u00f3wna","item":"https:\/\/pans.krosno.pl\/pracownicy\/"},{"@type":"ListItem","position":2,"name":"dr hab. W\u0142adys\u0142aw Ch\u0142opicki, prof. KPU","item":"https:\/\/pans.krosno.pl\/pracownicy\/dr-hab-wladyslaw-chlopicki-prof-kpu\/"},{"@type":"ListItem","position":3,"name":"dr hab. W\u0142adys\u0142aw Ch\u0142opicki, prof. KPU &#8211; Awards"}]},{"@type":"WebSite","@id":"https:\/\/pans.krosno.pl\/pracownicy\/#website","url":"https:\/\/pans.krosno.pl\/pracownicy\/","name":"Pracownicy PANS w Kro\u015bnie","description":"Pracownicy - Pa\u0144stwowa Akademia Nauk Stosowanych","publisher":{"@id":"https:\/\/pans.krosno.pl\/pracownicy\/#organization"},"potentialAction":[{"@type":"SearchAction","target":{"@type":"EntryPoint","urlTemplate":"https:\/\/pans.krosno.pl\/pracownicy\/?s={search_term_string}"},"query-input":{"@type":"PropertyValueSpecification","valueRequired":true,"valueName":"search_term_string"}}],"inLanguage":"en-US"},{"@type":"Organization","@id":"https:\/\/pans.krosno.pl\/pracownicy\/#organization","name":"Pracownicy PANS w Kro\u015bnie","url":"https:\/\/pans.krosno.pl\/pracownicy\/","logo":{"@type":"ImageObject","inLanguage":"en-US","@id":"https:\/\/pans.krosno.pl\/pracownicy\/#\/schema\/logo\/image\/","url":"https:\/\/pans.krosno.pl\/pracownicy\/wp-content\/uploads\/sites\/41\/2023\/01\/Logo-PANS-2022-pelne.png","contentUrl":"https:\/\/pans.krosno.pl\/pracownicy\/wp-content\/uploads\/sites\/41\/2023\/01\/Logo-PANS-2022-pelne.png","width":3096,"height":696,"caption":"Pracownicy PANS w Kro\u015bnie"},"image":{"@id":"https:\/\/pans.krosno.pl\/pracownicy\/#\/schema\/logo\/image\/"}}]}},"_links":{"self":[{"href":"https:\/\/pans.krosno.pl\/pracownicy\/en\/wp-json\/wp\/v2\/pages\/8358","targetHints":{"allow":["GET"]}}],"collection":[{"href":"https:\/\/pans.krosno.pl\/pracownicy\/en\/wp-json\/wp\/v2\/pages"}],"about":[{"href":"https:\/\/pans.krosno.pl\/pracownicy\/en\/wp-json\/wp\/v2\/types\/page"}],"author":[{"embeddable":true,"href":"https:\/\/pans.krosno.pl\/pracownicy\/en\/wp-json\/wp\/v2\/users\/27"}],"replies":[{"embeddable":true,"href":"https:\/\/pans.krosno.pl\/pracownicy\/en\/wp-json\/wp\/v2\/comments?post=8358"}],"version-history":[{"count":1,"href":"https:\/\/pans.krosno.pl\/pracownicy\/en\/wp-json\/wp\/v2\/pages\/8358\/revisions"}],"predecessor-version":[{"id":8359,"href":"https:\/\/pans.krosno.pl\/pracownicy\/en\/wp-json\/wp\/v2\/pages\/8358\/revisions\/8359"}],"up":[{"embeddable":true,"href":"https:\/\/pans.krosno.pl\/pracownicy\/en\/wp-json\/wp\/v2\/pages\/8354"}],"wp:attachment":[{"href":"https:\/\/pans.krosno.pl\/pracownicy\/en\/wp-json\/wp\/v2\/media?parent=8358"}],"curies":[{"name":"wp","href":"https:\/\/api.w.org\/{rel}","templated":true}]}}