{"id":8354,"date":"2020-10-06T11:17:15","date_gmt":"2020-10-06T09:17:15","guid":{"rendered":"https:\/\/pans.krosno.pl\/pracownicy\/?page_id=8354"},"modified":"2020-10-13T22:13:40","modified_gmt":"2020-10-13T20:13:40","slug":"dr-hab-wladyslaw-chlopicki-prof-kpu","status":"publish","type":"page","link":"https:\/\/pans.krosno.pl\/pracownicy\/en\/dr-hab-wladyslaw-chlopicki-prof-kpu\/","title":{"rendered":"dr hab. W\u0142adys\u0142aw Ch\u0142opicki, prof. KPU"},"content":{"rendered":"\n<h3 class=\"wp-block-heading\"><strong><strong><strong>Department of English<\/strong><\/strong><\/strong><\/h3>\n\n\n\n<hr class=\"wp-block-separator\" \/>\n\n\n<p>Linguist and translator. His research interests include interdisciplinary research on humour in the context of cultural studies, cognitive linguistics, linguistic pragmatics and the study of communication styles. Active member of international research teams and editor of recognized scientific journals. At the Carpathian State College in Krosno, he teaches classes in the field of Linguistics, Communication and Intercultural Communication, Translation, as well as classes in Practical English.<\/p>\n\n\n<hr class=\"wp-block-separator\" \/>\n\n\n\n<div class=\"wp-block-columns is-layout-flex wp-container-core-columns-is-layout-28f84493 wp-block-columns-is-layout-flex\">\n<div class=\"wp-block-column is-layout-flow wp-block-column-is-layout-flow\" style=\"flex-basis:22%\">\n<figure class=\"wp-block-image size-large\"><img loading=\"lazy\" decoding=\"async\" width=\"300\" height=\"205\" src=\"https:\/\/pans.krosno.pl\/pracownicy\/wp-content\/uploads\/sites\/41\/2020\/10\/w\u0142adys\u0142aw-ch\u0142opicki-300x205-1.png\" alt=\"\" class=\"wp-image-8355\" \/><\/figure>\n\n\n\n<p> <\/p>\n<\/div>\n\n\n\n<div class=\"wp-block-column is-layout-flow wp-block-column-is-layout-flow\" style=\"flex-basis:78%\">\n<ul class=\"rich-text block-editor-rich-text__editable\" role=\"textbox\" aria-label=\"Wprowad\u017a list\u0119...\">\n<li><a href=\"https:\/\/pans.krosno.pl\/pracownicy\/en\/dr-hab-wladyslaw-chlopicki-prof-kpu\/dr-hab-wladyslaw-chlopicki-prof-kpu-brief-cv\/\">Brief CV<\/a><\/li>\n<li><a href=\"https:\/\/pans.krosno.pl\/pracownicy\/en\/dr-hab-wladyslaw-chlopicki-prof-kpu\/dr-hab-wladyslaw-chlopicki-prof-kpu-other-professional-experience\/\">Other Professional Experience<\/a><\/li>\n<li><a href=\"https:\/\/pans.krosno.pl\/pracownicy\/en\/dr-hab-wladyslaw-chlopicki-prof-kpu\/dr-hab-wladyslaw-chlopicki-prof-kpu-publications\/\">Publications<\/a><\/li>\n<li><a href=\"https:\/\/pans.krosno.pl\/pracownicy\/en\/dr-hab-wladyslaw-chlopicki-prof-kpu\/dr-hab-wladyslaw-chlopicki-prof-kpu-awards\/\">Awards<\/a><\/li>\n<\/ul>\n\n\n\n<hr class=\"wp-block-separator\" \/>\n\n\n\n<figure class=\"wp-block-table aligncenter is-style-stripes\"><table><tbody><tr><td class=\"has-text-align-left\" data-align=\"left\">Phone: 13 43 755 40<\/td><\/tr><tr><td class=\"has-text-align-left\" data-align=\"left\">E-mail: <a href=\"mailto:wladyslaw.chlopicki@pans.krosno.pl\">wladyslaw.chlopicki@pans.krosno.pl<\/a><\/td><\/tr><tr><td class=\"has-text-align-left\" data-align=\"left\">Contact: <a href=\"https:\/\/pans.krosno.pl\/fa\/en\/staff-office-hours\/\">Office Hours<\/a><\/td><\/tr><\/tbody><\/table><\/figure>\n<\/div>\n<\/div>\n\n\n\n<hr class=\"wp-block-separator\" \/>\n\n\n\n<p><\/p>\n","protected":false},"excerpt":{"rendered":"<p>Department of English Linguist and translator. His research interests include interdisciplinary research on humour in the context of cultural studies, cognitive linguistics, linguistic pragmatics and the study of communication styles. Active member of international research teams and editor of recognized scientific journals. At the Carpathian State College in Krosno, he [\u2026] <\/p>\n<div class=\"clear\"><\/div>\n<p><a class=\"more_link clearfix\" href=\"https:\/\/pans.krosno.pl\/pracownicy\/en\/dr-hab-wladyslaw-chlopicki-prof-kpu\/\" rel=\"nofollow\">Read More<\/a><\/p>\n","protected":false},"author":27,"featured_media":0,"parent":0,"menu_order":0,"comment_status":"closed","ping_status":"closed","template":"","meta":{"ngg_post_thumbnail":0,"footnotes":""},"class_list":["post-8354","page","type-page","status-publish","hentry"],"yoast_head":"<!-- This site is optimized with the Yoast SEO Premium plugin v27.4 (Yoast SEO v27.4) - https:\/\/yoast.com\/product\/yoast-seo-premium-wordpress\/ -->\n<title>dr hab. W\u0142adys\u0142aw Ch\u0142opicki, prof. KPU - Pracownicy PANS w Kro\u015bnie<\/title>\n<meta name=\"robots\" content=\"index, follow, max-snippet:-1, max-image-preview:large, max-video-preview:-1\" \/>\n<link rel=\"canonical\" href=\"https:\/\/pans.krosno.pl\/pracownicy\/dr-hab-wladyslaw-chlopicki-prof-kpu\/\" \/>\n<meta property=\"og:locale\" content=\"en_US\" \/>\n<meta property=\"og:type\" content=\"article\" \/>\n<meta property=\"og:title\" content=\"dr hab. W\u0142adys\u0142aw Ch\u0142opicki, prof. KPU\" \/>\n<meta property=\"og:description\" content=\"Department of English Linguist and translator. His research interests include interdisciplinary research on humour in the context of cultural studies, cognitive linguistics, linguistic pragmatics and the study of communication styles. Active member of international research teams and editor of recognized scientific journals. At the Carpathian State College in Krosno, he [\u2026] Read More\" \/>\n<meta property=\"og:url\" content=\"https:\/\/pans.krosno.pl\/pracownicy\/dr-hab-wladyslaw-chlopicki-prof-kpu\/\" \/>\n<meta property=\"og:site_name\" content=\"Pracownicy PANS w Kro\u015bnie\" \/>\n<meta property=\"article:modified_time\" content=\"2020-10-13T20:13:40+00:00\" \/>\n<meta name=\"twitter:card\" content=\"summary_large_image\" \/>\n<script type=\"application\/ld+json\" class=\"yoast-schema-graph\">{\"@context\":\"https:\\\/\\\/schema.org\",\"@graph\":[{\"@type\":\"WebPage\",\"@id\":\"https:\\\/\\\/pans.krosno.pl\\\/pracownicy\\\/dr-hab-wladyslaw-chlopicki-prof-kpu\\\/\",\"url\":\"https:\\\/\\\/pans.krosno.pl\\\/pracownicy\\\/dr-hab-wladyslaw-chlopicki-prof-kpu\\\/\",\"name\":\"dr hab. W\u0142adys\u0142aw Ch\u0142opicki, prof. KPU - Pracownicy PANS w Kro\u015bnie\",\"isPartOf\":{\"@id\":\"https:\\\/\\\/pans.krosno.pl\\\/pracownicy\\\/#website\"},\"datePublished\":\"2020-10-06T09:17:15+00:00\",\"dateModified\":\"2020-10-13T20:13:40+00:00\",\"breadcrumb\":{\"@id\":\"https:\\\/\\\/pans.krosno.pl\\\/pracownicy\\\/dr-hab-wladyslaw-chlopicki-prof-kpu\\\/#breadcrumb\"},\"inLanguage\":\"en-US\",\"potentialAction\":[{\"@type\":\"ReadAction\",\"target\":[\"https:\\\/\\\/pans.krosno.pl\\\/pracownicy\\\/dr-hab-wladyslaw-chlopicki-prof-kpu\\\/\"]}]},{\"@type\":\"BreadcrumbList\",\"@id\":\"https:\\\/\\\/pans.krosno.pl\\\/pracownicy\\\/dr-hab-wladyslaw-chlopicki-prof-kpu\\\/#breadcrumb\",\"itemListElement\":[{\"@type\":\"ListItem\",\"position\":1,\"name\":\"Strona g\u0142\u00f3wna\",\"item\":\"https:\\\/\\\/pans.krosno.pl\\\/pracownicy\\\/\"},{\"@type\":\"ListItem\",\"position\":2,\"name\":\"dr hab. W\u0142adys\u0142aw Ch\u0142opicki, prof. KPU\"}]},{\"@type\":\"WebSite\",\"@id\":\"https:\\\/\\\/pans.krosno.pl\\\/pracownicy\\\/#website\",\"url\":\"https:\\\/\\\/pans.krosno.pl\\\/pracownicy\\\/\",\"name\":\"Pracownicy PANS w Kro\u015bnie\",\"description\":\"Pracownicy - Pa\u0144stwowa Akademia Nauk Stosowanych\",\"publisher\":{\"@id\":\"https:\\\/\\\/pans.krosno.pl\\\/pracownicy\\\/#organization\"},\"potentialAction\":[{\"@type\":\"SearchAction\",\"target\":{\"@type\":\"EntryPoint\",\"urlTemplate\":\"https:\\\/\\\/pans.krosno.pl\\\/pracownicy\\\/?s={search_term_string}\"},\"query-input\":{\"@type\":\"PropertyValueSpecification\",\"valueRequired\":true,\"valueName\":\"search_term_string\"}}],\"inLanguage\":\"en-US\"},{\"@type\":\"Organization\",\"@id\":\"https:\\\/\\\/pans.krosno.pl\\\/pracownicy\\\/#organization\",\"name\":\"Pracownicy PANS w Kro\u015bnie\",\"url\":\"https:\\\/\\\/pans.krosno.pl\\\/pracownicy\\\/\",\"logo\":{\"@type\":\"ImageObject\",\"inLanguage\":\"en-US\",\"@id\":\"https:\\\/\\\/pans.krosno.pl\\\/pracownicy\\\/#\\\/schema\\\/logo\\\/image\\\/\",\"url\":\"https:\\\/\\\/pans.krosno.pl\\\/pracownicy\\\/wp-content\\\/uploads\\\/sites\\\/41\\\/2023\\\/01\\\/Logo-PANS-2022-pelne.png\",\"contentUrl\":\"https:\\\/\\\/pans.krosno.pl\\\/pracownicy\\\/wp-content\\\/uploads\\\/sites\\\/41\\\/2023\\\/01\\\/Logo-PANS-2022-pelne.png\",\"width\":3096,\"height\":696,\"caption\":\"Pracownicy PANS w Kro\u015bnie\"},\"image\":{\"@id\":\"https:\\\/\\\/pans.krosno.pl\\\/pracownicy\\\/#\\\/schema\\\/logo\\\/image\\\/\"}}]}<\/script>\n<!-- \/ Yoast SEO Premium plugin. -->","yoast_head_json":{"title":"dr hab. W\u0142adys\u0142aw Ch\u0142opicki, prof. KPU - Pracownicy PANS w Kro\u015bnie","robots":{"index":"index","follow":"follow","max-snippet":"max-snippet:-1","max-image-preview":"max-image-preview:large","max-video-preview":"max-video-preview:-1"},"canonical":"https:\/\/pans.krosno.pl\/pracownicy\/dr-hab-wladyslaw-chlopicki-prof-kpu\/","og_locale":"en_US","og_type":"article","og_title":"dr hab. W\u0142adys\u0142aw Ch\u0142opicki, prof. KPU","og_description":"Department of English Linguist and translator. His research interests include interdisciplinary research on humour in the context of cultural studies, cognitive linguistics, linguistic pragmatics and the study of communication styles. Active member of international research teams and editor of recognized scientific journals. At the Carpathian State College in Krosno, he [\u2026] Read More","og_url":"https:\/\/pans.krosno.pl\/pracownicy\/dr-hab-wladyslaw-chlopicki-prof-kpu\/","og_site_name":"Pracownicy PANS w Kro\u015bnie","article_modified_time":"2020-10-13T20:13:40+00:00","twitter_card":"summary_large_image","schema":{"@context":"https:\/\/schema.org","@graph":[{"@type":"WebPage","@id":"https:\/\/pans.krosno.pl\/pracownicy\/dr-hab-wladyslaw-chlopicki-prof-kpu\/","url":"https:\/\/pans.krosno.pl\/pracownicy\/dr-hab-wladyslaw-chlopicki-prof-kpu\/","name":"dr hab. W\u0142adys\u0142aw Ch\u0142opicki, prof. KPU - Pracownicy PANS w Kro\u015bnie","isPartOf":{"@id":"https:\/\/pans.krosno.pl\/pracownicy\/#website"},"datePublished":"2020-10-06T09:17:15+00:00","dateModified":"2020-10-13T20:13:40+00:00","breadcrumb":{"@id":"https:\/\/pans.krosno.pl\/pracownicy\/dr-hab-wladyslaw-chlopicki-prof-kpu\/#breadcrumb"},"inLanguage":"en-US","potentialAction":[{"@type":"ReadAction","target":["https:\/\/pans.krosno.pl\/pracownicy\/dr-hab-wladyslaw-chlopicki-prof-kpu\/"]}]},{"@type":"BreadcrumbList","@id":"https:\/\/pans.krosno.pl\/pracownicy\/dr-hab-wladyslaw-chlopicki-prof-kpu\/#breadcrumb","itemListElement":[{"@type":"ListItem","position":1,"name":"Strona g\u0142\u00f3wna","item":"https:\/\/pans.krosno.pl\/pracownicy\/"},{"@type":"ListItem","position":2,"name":"dr hab. W\u0142adys\u0142aw Ch\u0142opicki, prof. KPU"}]},{"@type":"WebSite","@id":"https:\/\/pans.krosno.pl\/pracownicy\/#website","url":"https:\/\/pans.krosno.pl\/pracownicy\/","name":"Pracownicy PANS w Kro\u015bnie","description":"Pracownicy - Pa\u0144stwowa Akademia Nauk Stosowanych","publisher":{"@id":"https:\/\/pans.krosno.pl\/pracownicy\/#organization"},"potentialAction":[{"@type":"SearchAction","target":{"@type":"EntryPoint","urlTemplate":"https:\/\/pans.krosno.pl\/pracownicy\/?s={search_term_string}"},"query-input":{"@type":"PropertyValueSpecification","valueRequired":true,"valueName":"search_term_string"}}],"inLanguage":"en-US"},{"@type":"Organization","@id":"https:\/\/pans.krosno.pl\/pracownicy\/#organization","name":"Pracownicy PANS w Kro\u015bnie","url":"https:\/\/pans.krosno.pl\/pracownicy\/","logo":{"@type":"ImageObject","inLanguage":"en-US","@id":"https:\/\/pans.krosno.pl\/pracownicy\/#\/schema\/logo\/image\/","url":"https:\/\/pans.krosno.pl\/pracownicy\/wp-content\/uploads\/sites\/41\/2023\/01\/Logo-PANS-2022-pelne.png","contentUrl":"https:\/\/pans.krosno.pl\/pracownicy\/wp-content\/uploads\/sites\/41\/2023\/01\/Logo-PANS-2022-pelne.png","width":3096,"height":696,"caption":"Pracownicy PANS w Kro\u015bnie"},"image":{"@id":"https:\/\/pans.krosno.pl\/pracownicy\/#\/schema\/logo\/image\/"}}]}},"_links":{"self":[{"href":"https:\/\/pans.krosno.pl\/pracownicy\/en\/wp-json\/wp\/v2\/pages\/8354","targetHints":{"allow":["GET"]}}],"collection":[{"href":"https:\/\/pans.krosno.pl\/pracownicy\/en\/wp-json\/wp\/v2\/pages"}],"about":[{"href":"https:\/\/pans.krosno.pl\/pracownicy\/en\/wp-json\/wp\/v2\/types\/page"}],"author":[{"embeddable":true,"href":"https:\/\/pans.krosno.pl\/pracownicy\/en\/wp-json\/wp\/v2\/users\/27"}],"replies":[{"embeddable":true,"href":"https:\/\/pans.krosno.pl\/pracownicy\/en\/wp-json\/wp\/v2\/comments?post=8354"}],"version-history":[{"count":2,"href":"https:\/\/pans.krosno.pl\/pracownicy\/en\/wp-json\/wp\/v2\/pages\/8354\/revisions"}],"predecessor-version":[{"id":8694,"href":"https:\/\/pans.krosno.pl\/pracownicy\/en\/wp-json\/wp\/v2\/pages\/8354\/revisions\/8694"}],"wp:attachment":[{"href":"https:\/\/pans.krosno.pl\/pracownicy\/en\/wp-json\/wp\/v2\/media?parent=8354"}],"curies":[{"name":"wp","href":"https:\/\/api.w.org\/{rel}","templated":true}]}}