{"id":2,"date":"2020-07-27T09:07:41","date_gmt":"2020-07-27T07:07:41","guid":{"rendered":"https:\/\/pans.krosno.pl\/poradynazdrowie\/?page_id=2"},"modified":"2026-04-08T15:33:53","modified_gmt":"2026-04-08T13:33:53","slug":"strona-glowna","status":"publish","type":"page","link":"https:\/\/pans.krosno.pl\/poradynazdrowie\/","title":{"rendered":"Strona g\u0142\u00f3wna"},"content":{"rendered":"\n<figure class=\"wp-block-image size-full\"><img loading=\"lazy\" decoding=\"async\" width=\"2544\" height=\"416\" src=\"https:\/\/pans.krosno.pl\/poradynazdrowie\/wp-content\/uploads\/sites\/50\/2026\/04\/Gemini_Generated_Image_8hjo2q8hjo2q8hjo.png\" alt=\"\" class=\"wp-image-586\" srcset=\"https:\/\/pans.krosno.pl\/poradynazdrowie\/wp-content\/uploads\/sites\/50\/2026\/04\/Gemini_Generated_Image_8hjo2q8hjo2q8hjo.png 2544w, https:\/\/pans.krosno.pl\/poradynazdrowie\/wp-content\/uploads\/sites\/50\/2026\/04\/Gemini_Generated_Image_8hjo2q8hjo2q8hjo-300x49.png 300w, https:\/\/pans.krosno.pl\/poradynazdrowie\/wp-content\/uploads\/sites\/50\/2026\/04\/Gemini_Generated_Image_8hjo2q8hjo2q8hjo-1024x167.png 1024w, https:\/\/pans.krosno.pl\/poradynazdrowie\/wp-content\/uploads\/sites\/50\/2026\/04\/Gemini_Generated_Image_8hjo2q8hjo2q8hjo-768x126.png 768w, https:\/\/pans.krosno.pl\/poradynazdrowie\/wp-content\/uploads\/sites\/50\/2026\/04\/Gemini_Generated_Image_8hjo2q8hjo2q8hjo-1536x251.png 1536w, https:\/\/pans.krosno.pl\/poradynazdrowie\/wp-content\/uploads\/sites\/50\/2026\/04\/Gemini_Generated_Image_8hjo2q8hjo2q8hjo-2048x335.png 2048w, https:\/\/pans.krosno.pl\/poradynazdrowie\/wp-content\/uploads\/sites\/50\/2026\/04\/Gemini_Generated_Image_8hjo2q8hjo2q8hjo-2000x327.png 2000w, https:\/\/pans.krosno.pl\/poradynazdrowie\/wp-content\/uploads\/sites\/50\/2026\/04\/Gemini_Generated_Image_8hjo2q8hjo2q8hjo-800x131.png 800w, https:\/\/pans.krosno.pl\/poradynazdrowie\/wp-content\/uploads\/sites\/50\/2026\/04\/Gemini_Generated_Image_8hjo2q8hjo2q8hjo-580x95.png 580w\" sizes=\"auto, (max-width: 2544px) 100vw, 2544px\" \/><\/figure>\n\n\n\n<div class=\"wp-block-columns is-layout-flex wp-container-core-columns-is-layout-28f84493 wp-block-columns-is-layout-flex\">\n<div class=\"wp-block-column is-layout-flow wp-block-column-is-layout-flow\" style=\"flex-basis:20%\">\n\t\t<style>\r\n\t#wps_accordion_pro_378{\r\n\t\toverflow:hidden;\r\n\t\tdisplay:block;\r\n\t\twidth:100%;\r\n\t\tmargin-bottom:30px;\r\n\t}\r\n\t#accordion_pro_378 .wpsm_panel-title {\r\n\t\tmargin-top: 0px !important;\r\n\t\tmargin-bottom: 0px !important;\r\n\t\tpadding-top: 0px !important;\r\n\t\tpadding-bottom: 0px !important;\r\n\t}\r\n\t\r\n\t#accordion_pro_378 .wpsm_panel-title > a{\r\n\t\t\r\n\t\tborder-bottom: 0px !important;\r\n\t\ttext-decoration:none !important;\r\n\t\toutline: none !important;\r\n\t\tbox-shadow:none !important;\r\n\t}\r\n\t#accordion_pro_378 .ac_title_icon{\r\n\t\tmargin-right:8px;\r\n\t\t\t\t\r\n\t}\r\n\t\r\n\t\r\n\t\/* css files *\/\r\n\t#accordion_pro_378 a:hover, #accordion_pro_378 a:focus{\r\n    outline: none !important;\r\n    text-decoration: none !important;\r\n}\r\n#accordion_pro_378 a[aria-expanded=\"false\"]:focus-visible{\r\noutline: 2px solid #C20067 !important;\r\noutline-offset: -4px;\r\n}\r\n#accordion_pro_378 a[aria-expanded=\"true\"]:focus-visible{\r\noutline: 2px solid #FFB8DB !important;\r\noutline-offset: -4px;\r\n}\r\n#accordion_pro_378 .wpsm_panel{\r\n   \t    border: 1px solid #cccccc;\r\n\t    border-radius: 0px !important;\r\n    box-shadow: none !important;\r\n    margin-bottom: 3px !important;\r\n}\r\n#accordion_pro_378 .wpsm_panel-heading{\r\n    padding: 0 !important;\r\n    border-radius: 0px !important;\r\n    \r\n}\r\n#accordion_pro_378 .wpsm_panel-title > a{\r\n    display: block !important;\r\n\t    padding: 15px 15px 15px 50px !important;\r\n\t    position: relative !important;\r\n\ttransition:0.4s ease !important;\r\n    color:#ffffff !important;\r\n    background:#f2c487 !important;\r\n\tfont-size: 16px !important;\r\n\tbox-shadow:none !important;\r\n\tline-height:1.5 !important;\r\n\tfont-weight:500 !important;\r\n}\r\n#accordion_pro_378 .wpsm_panel-title > a > i{\r\n\tcolor:#ffffff !important;\r\n}\r\n#accordion_pro_378 .wpsm_panel-title > a > .ac_title_img_icon{\r\n    \twidth: 16px !important;\r\n\theight: 16px !important;\r\n\tvertical-align: middle !important;\r\n\tmargin-left: 0 !important;\r\n\tmargin-top: 0 !important;\r\n\tmargin-bottom: 0 !important;\r\n}\r\n\r\n#accordion_pro_378 .wpsm_panel-title > a.collapsed{\r\n    background: #ffffff !important;\r\n\tcolor: #000000 !important;\r\n}\r\n#accordion_pro_378 .wpsm_panel-title > a.collapsed > i{\r\n    color: #000000 !important;\r\n}\r\n#accordion_pro_378 .wpsm_panel-title > a:hover{\r\n   color:#ffffff !important;\r\n    background:#f2c487 !important;\r\n}\r\n#accordion_pro_378 .wpsm_panel-title > a:hover i{\r\n   color:#ffffff !important;\r\n}\r\n#accordion_pro_378 .wpsm_panel-title > a:after,\r\n#accordion_pro_378 .wpsm_panel-title > a.collapsed:after{\r\n    content: \"\\f068\" !important;\r\n    font-family: FontAwesome !important;\r\n    color: #ffffff !important;\r\n    font-size: 16px !important;\r\n    position: absolute !important;\r\n    top:calc(50% - 25px) !important;\r\n    left:0px !important;\r\n    padding: 14.5px !important;\r\n    line-height:16px !important;\r\n}\r\n#accordion_pro_378 .wpsm_panel-title > a.collapsed:after{\r\n    content: \"\\f067\" !important;\r\n    color:#000000 !important;\r\n   transition: 0.4s ease !important;\r\n}\r\n#accordion_pro_378 .wpsm_panel-title > a.collapsed:hover:after{\r\n    color:#ffffff !important;\r\n}\r\n#accordion_pro_378 .wpsm_panel-body{\r\n\tbackground:#ffffff !important;\r\n\tcolor:#000000 !important;\r\n\tfont-size:16px !important;\r\n\tline-height: 26px !important;\r\n    \r\n    border-top: 1px solid #cccccc !important;\r\n}\r\n\r\n#accordion_pro_378 .wpsm_panel-body p{\r\n\tcolor:#000000 !important;\r\n\tfont-size:16px !important;\r\n\tline-height: 26px !important;\r\n}\r\n\r\n\r\n\r\n\t\t#accordion_pro_378 .wpsm_panel-title a, #accordion_pro_378 .wpsm_panel-title a:hover, #accordion_pro_378 .wpsm_panel-title a.collapsed, #accordion_pro_378 .wpsm_panel-title a.collapsed:hover {\r\n\t\t\tbackground-image: none !important;\r\n\t\t}\r\n\t\t\t\r\n\t\/* open close icon option *\/\r\n\t\t\r\n\t#accordion_pro_378 .wpsm_panel {\r\n\t\tbackground-color:transparent !important;\r\n\t\t\t\t\tmargin-bottom:10px !important;\r\n\t\t\t\tmargin-top:0px !important;\r\n\t}\r\n\t#accordion_pro_378 .collapsing {\r\n\t\ttransition: height 0.6s;\r\n\t}\r\n\t#accordion_pro_378 .wpsm_panel-body_inner{\r\n\t\toverflow:hidden;\r\n\t\tdisplay:block;\r\n\t\t\r\n\t}\r\n\t\r\n\t\t#accordion_pro_378 .wpsm_panel-body{\r\n\t\tfont-family:Arial !important;\r\n\t}\r\n\t#accordion_pro_378 .wpsm_panel-title a{\r\n\t\tfont-family:Arial !important;\r\n\t}\r\n\t\t\t\r\n\t\t\r\n\t\t\r\n\t<\/style>\r\n\t<div id=\"wps_accordion_pro_378\"  >\r\n\t\t<div class=\"wpsm_panel-group\" id=\"accordion_pro_378\">\r\n\t\t\t\t\t<div class=\"wpsm_panel panel wpsm_panel-default\" id=\"offset_378_1\">\r\n\t\t\t\t\t<div class=\"wpsm_panel-heading\" id=\"heading_378_1\">\r\n\t\t\t\t\t\t<div class=\"wpsm_panel-title\">\r\n\t\t\t\t\t\t\t<a                                     role=\"button\"  data-toggle=\"collapse\" data-parent=\"#accordion_pro_378\"\r\n                                    href=\"#collapse_378_1\"\r\n                                    aria-expanded=\"true\" aria-controls=\"collapse_378_1\">\r\n\t\t\t\t\t\t\t\t\t\t\t\t\t\t\t\t\t\t\t\t\t\t\t\tAKTUALNO\u015aCI\t\t\t\t\t\t\t\t\r\n\t\t\t\t\t\t\t<\/a>\r\n\t\t\t\t\t\t<\/div>\r\n\t\t\t\t\t<\/div>\r\n\t\t\t\t\t<div id=\"collapse_378_1\" class=\"wpsm_panel-collapse collapse in\" role=\"region\" aria-labelledby=\"heading_378_1\">\r\n\t\t\t\t\t\t<div class=\"wpsm_panel-body\">\r\n\t\t\t\t\t\t\t<div id=\"#wpsm_acc_desc_378_1\" class=\"wpsm_panel-body_inner  animated fadeIn\"><p><a href=\"https:\/\/pans.krosno.pl\/poradynazdrowie\/aktualnosci-wydawnictwo\/\">Bie\u017c\u0105ce<\/a><a href=\"https:\/\/pans.krosno.pl\/poradynazdrowie\/aktualnosci-wydawnictwo\/\"> info<\/a><a href=\"https:\/\/pans.krosno.pl\/poradynazdrowie\/aktualnosci-wydawnictwo\/\">rmacje<\/a><\/p>\t\t\t\t\t\t\t<\/div>\r\n\t\t\t\t\t\t\t   \r\n\t\t\t\t\t\t<\/div>\r\n\t\t\t\t\t<\/div>\r\n\t\t\t\t\t\t\t\t\t\t\t\r\n\t\t\t\t<\/div>\r\n\t\t\t\t\t\t\t<div class=\"wpsm_panel panel wpsm_panel-default\" id=\"offset_378_2\">\r\n\t\t\t\t\t<div class=\"wpsm_panel-heading\" id=\"heading_378_2\">\r\n\t\t\t\t\t\t<div class=\"wpsm_panel-title\">\r\n\t\t\t\t\t\t\t<a                                     role=\"button\" class=collapsed data-toggle=\"collapse\" data-parent=\"#accordion_pro_378\"\r\n                                    href=\"#collapse_378_2\"\r\n                                    aria-expanded=\"false\" aria-controls=\"collapse_378_2\">\r\n\t\t\t\t\t\t\t\t\t\t\t\t\t\t\t\t\t\t\t\t\t\t\t\tPUBLIKACJE\t\t\t\t\t\t\t\t\r\n\t\t\t\t\t\t\t<\/a>\r\n\t\t\t\t\t\t<\/div>\r\n\t\t\t\t\t<\/div>\r\n\t\t\t\t\t<div id=\"collapse_378_2\" class=\"wpsm_panel-collapse collapse \" role=\"region\" aria-labelledby=\"heading_378_2\">\r\n\t\t\t\t\t\t<div class=\"wpsm_panel-body\">\r\n\t\t\t\t\t\t\t<div id=\"#wpsm_acc_desc_378_2\" class=\"wpsm_panel-body_inner  animated fadeIn\"><p><a href=\"https:\/\/sklep.krosnopans.pl\/pl\/c\/Wydawnictwa\/39\">Wykaz wszystkich publikacji<\/a><\/p>\t\t\t\t\t\t\t<\/div>\r\n\t\t\t\t\t\t\t   \r\n\t\t\t\t\t\t<\/div>\r\n\t\t\t\t\t<\/div>\r\n\t\t\t\t\t\t\t\t\t\t\t\r\n\t\t\t\t<\/div>\r\n\t\t\t\t\t\t\t<div class=\"wpsm_panel panel wpsm_panel-default\" id=\"offset_378_3\">\r\n\t\t\t\t\t<div class=\"wpsm_panel-heading\" id=\"heading_378_3\">\r\n\t\t\t\t\t\t<div class=\"wpsm_panel-title\">\r\n\t\t\t\t\t\t\t<a                                     role=\"button\" class=collapsed data-toggle=\"collapse\" data-parent=\"#accordion_pro_378\"\r\n                                    href=\"#collapse_378_3\"\r\n                                    aria-expanded=\"false\" aria-controls=\"collapse_378_3\">\r\n\t\t\t\t\t\t\t\t\t\t\t\t\t\t\t\t\t\t\t\t\t\t\t\tSERIE WYDAWNICZE\t\t\t\t\t\t\t\t\r\n\t\t\t\t\t\t\t<\/a>\r\n\t\t\t\t\t\t<\/div>\r\n\t\t\t\t\t<\/div>\r\n\t\t\t\t\t<div id=\"collapse_378_3\" class=\"wpsm_panel-collapse collapse \" role=\"region\" aria-labelledby=\"heading_378_3\">\r\n\t\t\t\t\t\t<div class=\"wpsm_panel-body\">\r\n\t\t\t\t\t\t\t<div id=\"#wpsm_acc_desc_378_3\" class=\"wpsm_panel-body_inner  animated fadeIn\"><ul>\r\n<li><a href=\"https:\/\/pans.krosno.pl\/czasopisma\/bibliotheca-pigoniana\/\">Bibliotheca Pigoniana<\/a><\/li>\r\n<li><a href=\"https:\/\/sklep.krosnopans.pl\/pl\/c\/Prace-naukowo-dydaktyczne\/41\">Prace Naukowo-Dydaktyczne<\/a><\/li>\r\n<\/ul>\t\t\t\t\t\t\t<\/div>\r\n\t\t\t\t\t\t\t   \r\n\t\t\t\t\t\t<\/div>\r\n\t\t\t\t\t<\/div>\r\n\t\t\t\t\t\t\t\t\t\t\t\r\n\t\t\t\t<\/div>\r\n\t\t\t\t\t\t\t<div class=\"wpsm_panel panel wpsm_panel-default\" id=\"offset_378_4\">\r\n\t\t\t\t\t<div class=\"wpsm_panel-heading\" id=\"heading_378_4\">\r\n\t\t\t\t\t\t<div class=\"wpsm_panel-title\">\r\n\t\t\t\t\t\t\t<a                                     role=\"button\" class=collapsed data-toggle=\"collapse\" data-parent=\"#accordion_pro_378\"\r\n                                    href=\"#collapse_378_4\"\r\n                                    aria-expanded=\"false\" aria-controls=\"collapse_378_4\">\r\n\t\t\t\t\t\t\t\t\t\t\t\t\t\t\t\t\t\t\t\t\t\t\t\tCZASOPISMA\t\t\t\t\t\t\t\t\r\n\t\t\t\t\t\t\t<\/a>\r\n\t\t\t\t\t\t<\/div>\r\n\t\t\t\t\t<\/div>\r\n\t\t\t\t\t<div id=\"collapse_378_4\" class=\"wpsm_panel-collapse collapse \" role=\"region\" aria-labelledby=\"heading_378_4\">\r\n\t\t\t\t\t\t<div class=\"wpsm_panel-body\">\r\n\t\t\t\t\t\t\t<div id=\"#wpsm_acc_desc_378_4\" class=\"wpsm_panel-body_inner  animated fadeIn\"><ul>\r\n<li><a href=\"https:\/\/pans.krosno.pl\/czasopisma\/studia-pigoniana\/\">Studia Pigoniana<\/a><\/li>\r\n<li><a href=\"https:\/\/pans.krosno.pl\/czasopisma\/herbalism\/\">HERBALISM<\/a><\/li>\r\n<li><a href=\"https:\/\/sklep.krosnopans.pl\/pl\/c\/Porady-na-Zdrowie\/49\">Porady na zdrowie<\/a><\/li>\r\n<\/ul>\t\t\t\t\t\t\t<\/div>\r\n\t\t\t\t\t\t\t   \r\n\t\t\t\t\t\t<\/div>\r\n\t\t\t\t\t<\/div>\r\n\t\t\t\t\t\t\t\t\t\t\t\r\n\t\t\t\t<\/div>\r\n\t\t\t\t\t\t\t<div class=\"wpsm_panel panel wpsm_panel-default\" id=\"offset_378_5\">\r\n\t\t\t\t\t<div class=\"wpsm_panel-heading\" id=\"heading_378_5\">\r\n\t\t\t\t\t\t<div class=\"wpsm_panel-title\">\r\n\t\t\t\t\t\t\t<a                                     role=\"button\" class=collapsed data-toggle=\"collapse\" data-parent=\"#accordion_pro_378\"\r\n                                    href=\"#collapse_378_5\"\r\n                                    aria-expanded=\"false\" aria-controls=\"collapse_378_5\">\r\n\t\t\t\t\t\t\t\t\t\t\t\t\t\t\t\t\t\t\t\t\t\t\t\tKONTAKT\t\t\t\t\t\t\t\t\r\n\t\t\t\t\t\t\t<\/a>\r\n\t\t\t\t\t\t<\/div>\r\n\t\t\t\t\t<\/div>\r\n\t\t\t\t\t<div id=\"collapse_378_5\" class=\"wpsm_panel-collapse collapse \" role=\"region\" aria-labelledby=\"heading_378_5\">\r\n\t\t\t\t\t\t<div class=\"wpsm_panel-body\">\r\n\t\t\t\t\t\t\t<div id=\"#wpsm_acc_desc_378_5\" class=\"wpsm_panel-body_inner  animated fadeIn\"><ul>\r\n<li>\r\n<p>Uzupe\u0142ni\u0107 wszystkimi cz\u0142onkami wydawnictwa wraz z podaniem afiliacji<\/p>\r\n<\/li>\r\n<\/ul>\t\t\t\t\t\t\t<\/div>\r\n\t\t\t\t\t\t\t   \r\n\t\t\t\t\t\t<\/div>\r\n\t\t\t\t\t<\/div>\r\n\t\t\t\t\t\t\t\t\t\t\t\r\n\t\t\t\t<\/div>\r\n\t\t\t\t\r\n<\/div>\r\n\t<\/div>\r\n\t\r\n\t\t\n<\/div>\n\n\n\n<div class=\"wp-block-column is-layout-flow wp-block-column-is-layout-flow\" style=\"flex-basis:80%\">\n<h1 class=\"wp-block-heading\" id=\"h-o-wydawnictwie\">O Wydawnictwie<\/h1>\n\n\n\n<p><strong>Wydawnictwo Naukowe PIGONIANUM<\/strong>&nbsp;powo\u0142ane zosta\u0142o w styczniu 2023 roku&nbsp;<a href=\"https:\/\/pans.krosno.pl\/wydawnictwo-naukowe-pigonianum\/wp-content\/uploads\/sites\/60\/2023\/02\/Zarzadzenie_Rektora_WNP.pdf\" target=\"_blank\" rel=\"noreferrer noopener\">zarz\u0105dzeniem&nbsp;<\/a>JM Rektora Pa\u0144stwowej Akademii Nauk Stosowanych w Kro\u015bnie, dr. hab. Zbigniewa Barabasza, prof. PANS. Akt ten zintegrowa\u0142 tym samym wszystkie funkcjonuj\u0105ce do tej pory na uczelni inicjatywy wydawnicze, w tym funkcjonuj\u0105ce Wydawnictwo Humanistyczne PIGONIANUM, za\u0142o\u017cone w 2018 roku z inicjatywy prof. dr hab. Grzegorza Przebindy \u2013 \u00f3wczesnego Rektora Karpackiej Pa\u0144stwowej Uczelni im. Stanis\u0142awa Pigonia w Kro\u015bnie. Nazwa Wydawnictwa odwo\u0142uje si\u0119 do Patrona Uczelni \u2013 Profesora Stanis\u0142awa Pigonia, syna ziemi kro\u015bnie\u0144skiej, wybitnego filologa, historyka literatury i edytora dzie\u0142 literackich. Wydawnictwo PIGONIANUM to og\u00f3lnouczelniana jednostka organizacyjna, dzia\u0142aj\u0105c\u0105 na podstawie statutu PANS w Kro\u015bnie.<\/p>\n\n\n\n<p><strong>Wydawnictwo Naukowe PIGONIANUM<\/strong>, skupiaj\u0105c pracownik\u00f3w naukowych Pa\u0144stwowej Akademii Nauk Stosowanych w Kro\u015bnie, wsp\u00f3\u0142pracuje z uczonymi z Uniwersytetu Jagiello\u0144skiego, Uniwersytetu Pedagogicznego im. KEN w Krakowie, jak r\u00f3wnie\u017c Uniwersytetu Rzeszowskiego. Przedmiotem naszej dzia\u0142alno\u015bci jest wydawanie w formie drukowanej i elektronicznej publikacji \u2013 w tym monografii i czasopism naukowych, podr\u0119cznik\u00f3w, skrypt\u00f3w i przewodnik\u00f3w do \u0107wicze\u0144 oraz materia\u0142\u00f3w pokonferencyjnych, okoliczno\u015bciowych czy informacyjnych Uczelni, a tak\u017ce prac zleconych z zewn\u0105trz. PIGONIANUM specjalizuje si\u0119 w redakcyjnym przygotowywaniu publikacji naukowych z dziedziny szeroko rozumianej humanistyki (ze szczeg\u00f3lnym uwzgl\u0119dnieniem, historii i teorii literatury, filologii, historii, filozofii, nauki o j\u0119zyku i edytorstwa, historii sztuki, etnologii i etnografii oraz regionalistyki), ponadto zielarstwa oraz dyscyplin politechnicznych.<\/p>\n\n\n\n<p>Pragn\u0105c przeciwdzia\u0142a\u0107 nieuczciwym praktykom publikacyjnym Wydawnictwo Naukowe PIGONIANUM w&nbsp;Kro\u015bnie przyj\u0119\u0142o i&nbsp;stosuje zasady etyki wydawniczej zgodne z&nbsp;wytycznymi Komitetu do Spraw Etyki Publikacyjnej COPE (Committee on Publication Ethics). Wszelkie publikacje naukowe i dydaktyczne wydawane przez nas podlegaj\u0105 procedurze antyplagiatowej oraz recenzowaniu, a procedura recenzji jest zgodna z zaleceniami Ministerstwa Nauki i Szkolnictwa Wy\u017cszego (\u201eDobre praktyki w procedurach recenzyjnych w nauce\u201d).<\/p>\n<\/div>\n<\/div>\n","protected":false},"excerpt":{"rendered":"<p>O Wydawnictwie Wydawnictwo Naukowe PIGONIANUM&nbsp;powo\u0142ane zosta\u0142o w styczniu 2023 roku&nbsp;zarz\u0105dzeniem&nbsp;JM Rektora Pa\u0144stwowej Akademii Nauk Stosowanych w Kro\u015bnie, dr. hab. Zbigniewa Barabasza, prof. PANS. Akt ten zintegrowa\u0142 tym samym wszystkie funkcjonuj\u0105ce do tej pory na uczelni inicjatywy wydawnicze, w tym funkcjonuj\u0105ce Wydawnictwo Humanistyczne PIGONIANUM, za\u0142o\u017cone w 2018 roku z inicjatywy prof. [\u2026] <\/p>\n<div class=\"clear\"><\/div>\n<p><a class=\"more_link clearfix\" href=\"https:\/\/pans.krosno.pl\/poradynazdrowie\/?p=378\" rel=\"nofollow\">Read More<\/a><\/p>\n","protected":false},"author":1,"featured_media":0,"parent":0,"menu_order":0,"comment_status":"closed","ping_status":"open","template":"page-templates\/template-full-width-without-breadcrumbs.php","meta":{"ngg_post_thumbnail":0,"footnotes":""},"class_list":["post-2","page","type-page","status-publish","hentry"],"yoast_head":"<!-- This site is optimized with the Yoast SEO Premium plugin v27.3 (Yoast SEO v27.3) - https:\/\/yoast.com\/product\/yoast-seo-premium-wordpress\/ -->\n<title>Strona g\u0142\u00f3wna - Porady na Zdrowie PANS w Kro\u015bnie<\/title>\n<meta name=\"robots\" content=\"index, follow, max-snippet:-1, max-image-preview:large, max-video-preview:-1\" \/>\n<link rel=\"canonical\" href=\"https:\/\/pans.krosno.pl\/poradynazdrowie\/\" \/>\n<meta property=\"og:locale\" content=\"pl_PL\" \/>\n<meta property=\"og:type\" content=\"article\" \/>\n<meta property=\"og:title\" content=\"Strona g\u0142\u00f3wna\" \/>\n<meta property=\"og:description\" content=\"O Wydawnictwie Wydawnictwo Naukowe PIGONIANUM&nbsp;powo\u0142ane zosta\u0142o w styczniu 2023 roku&nbsp;zarz\u0105dzeniem&nbsp;JM Rektora Pa\u0144stwowej Akademii Nauk Stosowanych w Kro\u015bnie, dr. hab. Zbigniewa Barabasza, prof. PANS. Akt ten zintegrowa\u0142 tym samym wszystkie funkcjonuj\u0105ce do tej pory na uczelni inicjatywy wydawnicze, w tym funkcjonuj\u0105ce Wydawnictwo Humanistyczne PIGONIANUM, za\u0142o\u017cone w 2018 roku z inicjatywy prof. [\u2026] Read More\" \/>\n<meta property=\"og:url\" content=\"https:\/\/pans.krosno.pl\/poradynazdrowie\/\" \/>\n<meta property=\"og:site_name\" content=\"Porady na Zdrowie PANS w Kro\u015bnie\" \/>\n<meta property=\"article:modified_time\" content=\"2026-04-08T13:33:53+00:00\" \/>\n<meta property=\"og:image\" content=\"https:\/\/pans.krosno.pl\/poradynazdrowie\/wp-content\/uploads\/sites\/50\/2026\/04\/Gemini_Generated_Image_8hjo2q8hjo2q8hjo-1024x167.png\" \/>\n\t<meta property=\"og:image:width\" content=\"1024\" \/>\n\t<meta property=\"og:image:height\" content=\"167\" \/>\n\t<meta property=\"og:image:type\" content=\"image\/png\" \/>\n<meta name=\"twitter:card\" content=\"summary_large_image\" \/>\n<meta name=\"twitter:label1\" content=\"Szacowany czas czytania\" \/>\n\t<meta name=\"twitter:data1\" content=\"2 minuty\" \/>\n<script type=\"application\/ld+json\" class=\"yoast-schema-graph\">{\"@context\":\"https:\\\/\\\/schema.org\",\"@graph\":[{\"@type\":\"WebPage\",\"@id\":\"https:\\\/\\\/pans.krosno.pl\\\/poradynazdrowie\\\/\",\"url\":\"https:\\\/\\\/pans.krosno.pl\\\/poradynazdrowie\\\/\",\"name\":\"Strona g\u0142\u00f3wna - Porady na Zdrowie PANS w Kro\u015bnie\",\"isPartOf\":{\"@id\":\"https:\\\/\\\/pans.krosno.pl\\\/poradynazdrowie\\\/#website\"},\"primaryImageOfPage\":{\"@id\":\"https:\\\/\\\/pans.krosno.pl\\\/poradynazdrowie\\\/#primaryimage\"},\"image\":{\"@id\":\"https:\\\/\\\/pans.krosno.pl\\\/poradynazdrowie\\\/#primaryimage\"},\"thumbnailUrl\":\"https:\\\/\\\/pans.krosno.pl\\\/poradynazdrowie\\\/wp-content\\\/uploads\\\/sites\\\/50\\\/2026\\\/04\\\/Gemini_Generated_Image_8hjo2q8hjo2q8hjo.png\",\"datePublished\":\"2020-07-27T07:07:41+00:00\",\"dateModified\":\"2026-04-08T13:33:53+00:00\",\"breadcrumb\":{\"@id\":\"https:\\\/\\\/pans.krosno.pl\\\/poradynazdrowie\\\/#breadcrumb\"},\"inLanguage\":\"pl-PL\",\"potentialAction\":[{\"@type\":\"ReadAction\",\"target\":[\"https:\\\/\\\/pans.krosno.pl\\\/poradynazdrowie\\\/\"]}]},{\"@type\":\"ImageObject\",\"inLanguage\":\"pl-PL\",\"@id\":\"https:\\\/\\\/pans.krosno.pl\\\/poradynazdrowie\\\/#primaryimage\",\"url\":\"https:\\\/\\\/pans.krosno.pl\\\/poradynazdrowie\\\/wp-content\\\/uploads\\\/sites\\\/50\\\/2026\\\/04\\\/Gemini_Generated_Image_8hjo2q8hjo2q8hjo.png\",\"contentUrl\":\"https:\\\/\\\/pans.krosno.pl\\\/poradynazdrowie\\\/wp-content\\\/uploads\\\/sites\\\/50\\\/2026\\\/04\\\/Gemini_Generated_Image_8hjo2q8hjo2q8hjo.png\",\"width\":2544,\"height\":416},{\"@type\":\"BreadcrumbList\",\"@id\":\"https:\\\/\\\/pans.krosno.pl\\\/poradynazdrowie\\\/#breadcrumb\",\"itemListElement\":[{\"@type\":\"ListItem\",\"position\":1,\"name\":\"Strona g\u0142\u00f3wna\",\"item\":\"https:\\\/\\\/pans.krosno.pl\\\/poradynazdrowie\\\/\"},{\"@type\":\"ListItem\",\"position\":2,\"name\":\"Strona g\u0142\u00f3wna\"}]},{\"@type\":\"WebSite\",\"@id\":\"https:\\\/\\\/pans.krosno.pl\\\/poradynazdrowie\\\/#website\",\"url\":\"https:\\\/\\\/pans.krosno.pl\\\/poradynazdrowie\\\/\",\"name\":\"Porady na zdrowie\",\"description\":\"KPU\",\"publisher\":{\"@id\":\"https:\\\/\\\/pans.krosno.pl\\\/poradynazdrowie\\\/#organization\"},\"potentialAction\":[{\"@type\":\"SearchAction\",\"target\":{\"@type\":\"EntryPoint\",\"urlTemplate\":\"https:\\\/\\\/pans.krosno.pl\\\/poradynazdrowie\\\/?s={search_term_string}\"},\"query-input\":{\"@type\":\"PropertyValueSpecification\",\"valueRequired\":true,\"valueName\":\"search_term_string\"}}],\"inLanguage\":\"pl-PL\"},{\"@type\":\"Organization\",\"@id\":\"https:\\\/\\\/pans.krosno.pl\\\/poradynazdrowie\\\/#organization\",\"name\":\"Porady na zdrowie\",\"url\":\"https:\\\/\\\/pans.krosno.pl\\\/poradynazdrowie\\\/\",\"logo\":{\"@type\":\"ImageObject\",\"inLanguage\":\"pl-PL\",\"@id\":\"https:\\\/\\\/pans.krosno.pl\\\/poradynazdrowie\\\/#\\\/schema\\\/logo\\\/image\\\/\",\"url\":\"\",\"contentUrl\":\"\",\"caption\":\"Porady na zdrowie\"},\"image\":{\"@id\":\"https:\\\/\\\/pans.krosno.pl\\\/poradynazdrowie\\\/#\\\/schema\\\/logo\\\/image\\\/\"}}]}<\/script>\n<!-- \/ Yoast SEO Premium plugin. -->","yoast_head_json":{"title":"Strona g\u0142\u00f3wna - Porady na Zdrowie PANS w Kro\u015bnie","robots":{"index":"index","follow":"follow","max-snippet":"max-snippet:-1","max-image-preview":"max-image-preview:large","max-video-preview":"max-video-preview:-1"},"canonical":"https:\/\/pans.krosno.pl\/poradynazdrowie\/","og_locale":"pl_PL","og_type":"article","og_title":"Strona g\u0142\u00f3wna","og_description":"O Wydawnictwie Wydawnictwo Naukowe PIGONIANUM&nbsp;powo\u0142ane zosta\u0142o w styczniu 2023 roku&nbsp;zarz\u0105dzeniem&nbsp;JM Rektora Pa\u0144stwowej Akademii Nauk Stosowanych w Kro\u015bnie, dr. hab. Zbigniewa Barabasza, prof. PANS. Akt ten zintegrowa\u0142 tym samym wszystkie funkcjonuj\u0105ce do tej pory na uczelni inicjatywy wydawnicze, w tym funkcjonuj\u0105ce Wydawnictwo Humanistyczne PIGONIANUM, za\u0142o\u017cone w 2018 roku z inicjatywy prof. [\u2026] Read More","og_url":"https:\/\/pans.krosno.pl\/poradynazdrowie\/","og_site_name":"Porady na Zdrowie PANS w Kro\u015bnie","article_modified_time":"2026-04-08T13:33:53+00:00","og_image":[{"width":1024,"height":167,"url":"https:\/\/pans.krosno.pl\/poradynazdrowie\/wp-content\/uploads\/sites\/50\/2026\/04\/Gemini_Generated_Image_8hjo2q8hjo2q8hjo-1024x167.png","type":"image\/png"}],"twitter_card":"summary_large_image","twitter_misc":{"Szacowany czas czytania":"2 minuty"},"schema":{"@context":"https:\/\/schema.org","@graph":[{"@type":"WebPage","@id":"https:\/\/pans.krosno.pl\/poradynazdrowie\/","url":"https:\/\/pans.krosno.pl\/poradynazdrowie\/","name":"Strona g\u0142\u00f3wna - Porady na Zdrowie PANS w Kro\u015bnie","isPartOf":{"@id":"https:\/\/pans.krosno.pl\/poradynazdrowie\/#website"},"primaryImageOfPage":{"@id":"https:\/\/pans.krosno.pl\/poradynazdrowie\/#primaryimage"},"image":{"@id":"https:\/\/pans.krosno.pl\/poradynazdrowie\/#primaryimage"},"thumbnailUrl":"https:\/\/pans.krosno.pl\/poradynazdrowie\/wp-content\/uploads\/sites\/50\/2026\/04\/Gemini_Generated_Image_8hjo2q8hjo2q8hjo.png","datePublished":"2020-07-27T07:07:41+00:00","dateModified":"2026-04-08T13:33:53+00:00","breadcrumb":{"@id":"https:\/\/pans.krosno.pl\/poradynazdrowie\/#breadcrumb"},"inLanguage":"pl-PL","potentialAction":[{"@type":"ReadAction","target":["https:\/\/pans.krosno.pl\/poradynazdrowie\/"]}]},{"@type":"ImageObject","inLanguage":"pl-PL","@id":"https:\/\/pans.krosno.pl\/poradynazdrowie\/#primaryimage","url":"https:\/\/pans.krosno.pl\/poradynazdrowie\/wp-content\/uploads\/sites\/50\/2026\/04\/Gemini_Generated_Image_8hjo2q8hjo2q8hjo.png","contentUrl":"https:\/\/pans.krosno.pl\/poradynazdrowie\/wp-content\/uploads\/sites\/50\/2026\/04\/Gemini_Generated_Image_8hjo2q8hjo2q8hjo.png","width":2544,"height":416},{"@type":"BreadcrumbList","@id":"https:\/\/pans.krosno.pl\/poradynazdrowie\/#breadcrumb","itemListElement":[{"@type":"ListItem","position":1,"name":"Strona g\u0142\u00f3wna","item":"https:\/\/pans.krosno.pl\/poradynazdrowie\/"},{"@type":"ListItem","position":2,"name":"Strona g\u0142\u00f3wna"}]},{"@type":"WebSite","@id":"https:\/\/pans.krosno.pl\/poradynazdrowie\/#website","url":"https:\/\/pans.krosno.pl\/poradynazdrowie\/","name":"Porady na zdrowie","description":"KPU","publisher":{"@id":"https:\/\/pans.krosno.pl\/poradynazdrowie\/#organization"},"potentialAction":[{"@type":"SearchAction","target":{"@type":"EntryPoint","urlTemplate":"https:\/\/pans.krosno.pl\/poradynazdrowie\/?s={search_term_string}"},"query-input":{"@type":"PropertyValueSpecification","valueRequired":true,"valueName":"search_term_string"}}],"inLanguage":"pl-PL"},{"@type":"Organization","@id":"https:\/\/pans.krosno.pl\/poradynazdrowie\/#organization","name":"Porady na zdrowie","url":"https:\/\/pans.krosno.pl\/poradynazdrowie\/","logo":{"@type":"ImageObject","inLanguage":"pl-PL","@id":"https:\/\/pans.krosno.pl\/poradynazdrowie\/#\/schema\/logo\/image\/","url":"","contentUrl":"","caption":"Porady na zdrowie"},"image":{"@id":"https:\/\/pans.krosno.pl\/poradynazdrowie\/#\/schema\/logo\/image\/"}}]}},"_links":{"self":[{"href":"https:\/\/pans.krosno.pl\/poradynazdrowie\/wp-json\/wp\/v2\/pages\/2","targetHints":{"allow":["GET"]}}],"collection":[{"href":"https:\/\/pans.krosno.pl\/poradynazdrowie\/wp-json\/wp\/v2\/pages"}],"about":[{"href":"https:\/\/pans.krosno.pl\/poradynazdrowie\/wp-json\/wp\/v2\/types\/page"}],"author":[{"embeddable":true,"href":"https:\/\/pans.krosno.pl\/poradynazdrowie\/wp-json\/wp\/v2\/users\/1"}],"replies":[{"embeddable":true,"href":"https:\/\/pans.krosno.pl\/poradynazdrowie\/wp-json\/wp\/v2\/comments?post=2"}],"version-history":[{"count":12,"href":"https:\/\/pans.krosno.pl\/poradynazdrowie\/wp-json\/wp\/v2\/pages\/2\/revisions"}],"predecessor-version":[{"id":597,"href":"https:\/\/pans.krosno.pl\/poradynazdrowie\/wp-json\/wp\/v2\/pages\/2\/revisions\/597"}],"wp:attachment":[{"href":"https:\/\/pans.krosno.pl\/poradynazdrowie\/wp-json\/wp\/v2\/media?parent=2"}],"curies":[{"name":"wp","href":"https:\/\/api.w.org\/{rel}","templated":true}]}}