{"id":36,"date":"2021-09-30T13:24:06","date_gmt":"2021-09-30T11:24:06","guid":{"rendered":"https:\/\/pans.krosno.pl\/poloznictwo\/?page_id=36"},"modified":"2026-02-25T14:20:06","modified_gmt":"2026-02-25T13:20:06","slug":"ksztalcenie-praktyczne","status":"publish","type":"page","link":"https:\/\/pans.krosno.pl\/poloznictwo\/ksztalcenie-praktyczne\/","title":{"rendered":"Kszta\u0142cenie praktyczne"},"content":{"rendered":"\n<hr class=\"wp-block-separator has-text-color has-pale-pink-color has-css-opacity has-pale-pink-background-color has-background\" \/>\n\n\n\n<h4 class=\"wp-block-heading\">Koordynator kszta\u0142cenia praktyczneg<strong>o<\/strong><\/h4>\n\n\n\n<p>dr Krystyna Krygowska<\/p>\n\n\n\n<p>e-mail: <a href=\"mailto:krystyna.krygowska@pans.krosno.pl\">krystyna.krygowska@pans.krosno.pl<\/a> <\/p>\n\n\n\n<hr class=\"wp-block-separator has-text-color has-pale-pink-color has-alpha-channel-opacity has-pale-pink-background-color has-background\" \/>\n\n\n\n<h2 class=\"wp-block-heading\" id=\"h-regulamin-ksztalcenia-praktycznego-na-kierunku-poloznictwo\">Regulamin kszta\u0142cenia praktycznego na kierunku Po\u0142o\u017cnictwo<\/h2>\n\n\n\n<div class=\"wp-block-file\"><a id=\"wp-block-file--media-b7dce222-0141-40ba-b3dd-7b3a84331379\" href=\"https:\/\/pans.krosno.pl\/poloznictwo\/wp-content\/uploads\/sites\/59\/2022\/03\/Regulamin-ksztalcenia-praktycznego-POLOZNICTWO.pdf\" target=\"_blank\" rel=\"noreferrer noopener\">Regulamin kszta\u0142cenia praktycznego<\/a><a href=\"https:\/\/pans.krosno.pl\/poloznictwo\/wp-content\/uploads\/sites\/59\/2022\/03\/Regulamin-ksztalcenia-praktycznego-POLOZNICTWO.pdf\" class=\"wp-block-file__button wp-element-button\" download aria-describedby=\"wp-block-file--media-b7dce222-0141-40ba-b3dd-7b3a84331379\">Pobierz<\/a><\/div>\n\n\n\n<p>Za\u0142\u0105czniki do regulaminu kszta\u0142cenia praktycznego<\/p>\n\n\n<ul>\n<li><a href=\"https:\/\/pans.krosno.pl\/poloznictwo\/wp-content\/uploads\/sites\/59\/2023\/03\/Wniosek-do-Kierownika-Zakladu-PANS-1.docx\">Wniosek-do-Kierownika-Zakladu-PANS<\/a><\/li>\n<li><a href=\"https:\/\/pans.krosno.pl\/poloznictwo\/wp-content\/uploads\/sites\/59\/2023\/03\/Oswiadczenie-o-przyjecie-na-praktyke-PANS-1.docx\">Oswiadczenie-o-przyjecie-na-praktyke-PANS<\/a><\/li>\n<\/ul>\n\n\n<div class=\"wp-block-group is-layout-flow wp-block-group-is-layout-flow\"><\/div>\n\n\n\n<hr class=\"wp-block-separator has-text-color has-pale-pink-color has-css-opacity has-pale-pink-background-color has-background\" \/>\n\n\n\n<h2 class=\"wp-block-heading has-text-align-center\"><strong>Harmonogram zaj\u0119\u0107 praktycznych i praktyk zawodowych<\/strong><\/h2>\n\n\n\n<div class=\"wp-block-file\"><a id=\"wp-block-file--media-6151fd28-7a68-4395-8e23-01a9f8ee1a7d\" href=\"https:\/\/pans.krosno.pl\/poloznictwo\/wp-content\/uploads\/sites\/59\/2026\/02\/Harmonogram-2025-ZP-i-PZ-sem.-letni-dla-studentow-aktualny.odt\">Harmonogram 2025 ZP i PZ sem. letni dla student\u00f3w aktualny<\/a><a href=\"https:\/\/pans.krosno.pl\/poloznictwo\/wp-content\/uploads\/sites\/59\/2026\/02\/Harmonogram-2025-ZP-i-PZ-sem.-letni-dla-studentow-aktualny.odt\" class=\"wp-block-file__button wp-element-button\" download aria-describedby=\"wp-block-file--media-6151fd28-7a68-4395-8e23-01a9f8ee1a7d\">Pobierz<\/a><\/div>\n\n\n\n<div class=\"wp-block-file\"><a id=\"wp-block-file--media-2d459a58-fbbd-4c66-b4a1-05966cfbcac1\" href=\"https:\/\/pans.krosno.pl\/poloznictwo\/wp-content\/uploads\/sites\/59\/2025\/10\/Harmonogramy-2025-ZP-i-PZ-sem.-zimowy-poloznictwo.docx\">Harmonogramy 2025 ZP i PZ sem. zimowy po\u0142o\u017cnictwo<\/a><a href=\"https:\/\/pans.krosno.pl\/poloznictwo\/wp-content\/uploads\/sites\/59\/2025\/10\/Harmonogramy-2025-ZP-i-PZ-sem.-zimowy-poloznictwo.docx\" class=\"wp-block-file__button wp-element-button\" download aria-describedby=\"wp-block-file--media-2d459a58-fbbd-4c66-b4a1-05966cfbcac1\">Pobierz<\/a><\/div>\n\n\n\n<hr class=\"wp-block-separator has-text-color has-pale-pink-color has-css-opacity has-pale-pink-background-color has-background\" \/>\n\n\n\n<p class=\"has-vivid-cyan-blue-color has-text-color has-link-color has-large-font-size wp-elements-e27f8c881b880b43270341ec501516ee\"><a href=\"https:\/\/pans.krosno.pl\/csm\/\"><strong>Centrum Symulacji Medycznej<\/strong><\/a><\/p>\n\n\n\n<hr class=\"wp-block-separator has-text-color has-pale-pink-color has-alpha-channel-opacity has-pale-pink-background-color has-background\" \/>\n\n\n\n<p><strong><a href=\"https:\/\/pans.krosno.pl\/bk\/praktyki\/\">Biuro Karier i Praktyk<\/a> <\/strong><\/p>\n","protected":false},"excerpt":{"rendered":"<p>Koordynator kszta\u0142cenia praktycznego dr Krystyna Krygowska e-mail: krystyna.krygowska@pans.krosno.pl Regulamin kszta\u0142cenia praktycznego na kierunku Po\u0142o\u017cnictwo Za\u0142\u0105czniki do regulaminu kszta\u0142cenia praktycznego Wniosek-do-Kierownika-Zakladu-PANS Oswiadczenie-o-przyjecie-na-praktyke-PANS Harmonogram zaj\u0119\u0107 praktycznych i praktyk zawodowych Centrum Symulacji Medycznej Biuro Karier i Praktyk<\/p>\n","protected":false},"author":27,"featured_media":0,"parent":0,"menu_order":0,"comment_status":"closed","ping_status":"closed","template":"","meta":{"ngg_post_thumbnail":0,"footnotes":""},"class_list":["post-36","page","type-page","status-publish","hentry"],"yoast_head":"<!-- This site is optimized with the Yoast SEO Premium plugin v27.4 (Yoast SEO v27.4) - https:\/\/yoast.com\/product\/yoast-seo-premium-wordpress\/ -->\n<title>Kszta\u0142cenie praktyczne - Po\u0142o\u017cnictwo PANS w Kro\u015bnie<\/title>\n<meta name=\"robots\" content=\"index, follow, max-snippet:-1, max-image-preview:large, max-video-preview:-1\" \/>\n<link rel=\"canonical\" href=\"https:\/\/pans.krosno.pl\/poloznictwo\/ksztalcenie-praktyczne\/\" \/>\n<meta property=\"og:locale\" content=\"pl_PL\" \/>\n<meta property=\"og:type\" content=\"article\" \/>\n<meta property=\"og:title\" content=\"Kszta\u0142cenie praktyczne\" \/>\n<meta property=\"og:description\" content=\"Koordynator kszta\u0142cenia praktycznego dr Krystyna Krygowska e-mail: krystyna.krygowska@pans.krosno.pl Regulamin kszta\u0142cenia praktycznego na kierunku Po\u0142o\u017cnictwo Za\u0142\u0105czniki do regulaminu kszta\u0142cenia praktycznego Wniosek-do-Kierownika-Zakladu-PANS Oswiadczenie-o-przyjecie-na-praktyke-PANS Harmonogram zaj\u0119\u0107 praktycznych i praktyk zawodowych Centrum Symulacji Medycznej Biuro Karier i Praktyk\" \/>\n<meta property=\"og:url\" content=\"https:\/\/pans.krosno.pl\/poloznictwo\/ksztalcenie-praktyczne\/\" \/>\n<meta property=\"og:site_name\" content=\"Po\u0142o\u017cnictwo PANS w Kro\u015bnie\" \/>\n<meta property=\"article:publisher\" content=\"https:\/\/www.facebook.com\/StudiaKrosno\/\" \/>\n<meta property=\"article:modified_time\" content=\"2026-02-25T13:20:06+00:00\" \/>\n<meta name=\"twitter:card\" content=\"summary_large_image\" \/>\n<meta name=\"twitter:label1\" content=\"Szacowany czas czytania\" \/>\n\t<meta name=\"twitter:data1\" content=\"1 minuta\" \/>\n<script type=\"application\/ld+json\" class=\"yoast-schema-graph\">{\"@context\":\"https:\\\/\\\/schema.org\",\"@graph\":[{\"@type\":\"WebPage\",\"@id\":\"https:\\\/\\\/pans.krosno.pl\\\/poloznictwo\\\/ksztalcenie-praktyczne\\\/\",\"url\":\"https:\\\/\\\/pans.krosno.pl\\\/poloznictwo\\\/ksztalcenie-praktyczne\\\/\",\"name\":\"Kszta\u0142cenie praktyczne - Po\u0142o\u017cnictwo PANS w Kro\u015bnie\",\"isPartOf\":{\"@id\":\"https:\\\/\\\/pans.krosno.pl\\\/poloznictwo\\\/#website\"},\"datePublished\":\"2021-09-30T11:24:06+00:00\",\"dateModified\":\"2026-02-25T13:20:06+00:00\",\"breadcrumb\":{\"@id\":\"https:\\\/\\\/pans.krosno.pl\\\/poloznictwo\\\/ksztalcenie-praktyczne\\\/#breadcrumb\"},\"inLanguage\":\"pl-PL\",\"potentialAction\":[{\"@type\":\"ReadAction\",\"target\":[\"https:\\\/\\\/pans.krosno.pl\\\/poloznictwo\\\/ksztalcenie-praktyczne\\\/\"]}]},{\"@type\":\"BreadcrumbList\",\"@id\":\"https:\\\/\\\/pans.krosno.pl\\\/poloznictwo\\\/ksztalcenie-praktyczne\\\/#breadcrumb\",\"itemListElement\":[{\"@type\":\"ListItem\",\"position\":1,\"name\":\"Strona g\u0142\u00f3wna\",\"item\":\"https:\\\/\\\/pans.krosno.pl\\\/poloznictwo\\\/\"},{\"@type\":\"ListItem\",\"position\":2,\"name\":\"Kszta\u0142cenie praktyczne\"}]},{\"@type\":\"WebSite\",\"@id\":\"https:\\\/\\\/pans.krosno.pl\\\/poloznictwo\\\/#website\",\"url\":\"https:\\\/\\\/pans.krosno.pl\\\/poloznictwo\\\/\",\"name\":\"KPU w Kro\u015bnie\",\"description\":\"Po\u0142o\u017cnictwo - Pa\u0144stwowa Akademia Nauk Stosowanych\",\"publisher\":{\"@id\":\"https:\\\/\\\/pans.krosno.pl\\\/poloznictwo\\\/#organization\"},\"potentialAction\":[{\"@type\":\"SearchAction\",\"target\":{\"@type\":\"EntryPoint\",\"urlTemplate\":\"https:\\\/\\\/pans.krosno.pl\\\/poloznictwo\\\/?s={search_term_string}\"},\"query-input\":{\"@type\":\"PropertyValueSpecification\",\"valueRequired\":true,\"valueName\":\"search_term_string\"}}],\"inLanguage\":\"pl-PL\"},{\"@type\":\"Organization\",\"@id\":\"https:\\\/\\\/pans.krosno.pl\\\/poloznictwo\\\/#organization\",\"name\":\"Karpacka Pa\u0144stwowa Uczelnia w Kro\u015bnie\",\"url\":\"https:\\\/\\\/pans.krosno.pl\\\/poloznictwo\\\/\",\"logo\":{\"@type\":\"ImageObject\",\"inLanguage\":\"pl-PL\",\"@id\":\"https:\\\/\\\/pans.krosno.pl\\\/poloznictwo\\\/#\\\/schema\\\/logo\\\/image\\\/\",\"url\":\"https:\\\/\\\/pans.krosno.pl\\\/wp-content\\\/uploads\\\/2020\\\/04\\\/unnamed-1.png\",\"contentUrl\":\"https:\\\/\\\/pans.krosno.pl\\\/wp-content\\\/uploads\\\/2020\\\/04\\\/unnamed-1.png\",\"width\":2238,\"height\":372,\"caption\":\"Karpacka Pa\u0144stwowa Uczelnia w Kro\u015bnie\"},\"image\":{\"@id\":\"https:\\\/\\\/pans.krosno.pl\\\/poloznictwo\\\/#\\\/schema\\\/logo\\\/image\\\/\"},\"sameAs\":[\"https:\\\/\\\/www.facebook.com\\\/StudiaKrosno\\\/\",\"https:\\\/\\\/www.instagram.com\\\/studia.krosno\",\"https:\\\/\\\/pl.linkedin.com\\\/company\\\/pwsz-krosno\",\"https:\\\/\\\/www.youtube.com\\\/user\\\/pwszkrosno\\\/\",\"https:\\\/\\\/pl.wikipedia.org\\\/wiki\\\/Pa\u0144stwowa_Wy\u017csza_Szko\u0142a_Zawodowa_im._Stanis\u0142awa_Pigonia_w_Kro\u015bnie\"]}]}<\/script>\n<!-- \/ Yoast SEO Premium plugin. -->","yoast_head_json":{"title":"Kszta\u0142cenie praktyczne - Po\u0142o\u017cnictwo PANS w Kro\u015bnie","robots":{"index":"index","follow":"follow","max-snippet":"max-snippet:-1","max-image-preview":"max-image-preview:large","max-video-preview":"max-video-preview:-1"},"canonical":"https:\/\/pans.krosno.pl\/poloznictwo\/ksztalcenie-praktyczne\/","og_locale":"pl_PL","og_type":"article","og_title":"Kszta\u0142cenie praktyczne","og_description":"Koordynator kszta\u0142cenia praktycznego dr Krystyna Krygowska e-mail: krystyna.krygowska@pans.krosno.pl Regulamin kszta\u0142cenia praktycznego na kierunku Po\u0142o\u017cnictwo Za\u0142\u0105czniki do regulaminu kszta\u0142cenia praktycznego Wniosek-do-Kierownika-Zakladu-PANS Oswiadczenie-o-przyjecie-na-praktyke-PANS Harmonogram zaj\u0119\u0107 praktycznych i praktyk zawodowych Centrum Symulacji Medycznej Biuro Karier i Praktyk","og_url":"https:\/\/pans.krosno.pl\/poloznictwo\/ksztalcenie-praktyczne\/","og_site_name":"Po\u0142o\u017cnictwo PANS w Kro\u015bnie","article_publisher":"https:\/\/www.facebook.com\/StudiaKrosno\/","article_modified_time":"2026-02-25T13:20:06+00:00","twitter_card":"summary_large_image","twitter_misc":{"Szacowany czas czytania":"1 minuta"},"schema":{"@context":"https:\/\/schema.org","@graph":[{"@type":"WebPage","@id":"https:\/\/pans.krosno.pl\/poloznictwo\/ksztalcenie-praktyczne\/","url":"https:\/\/pans.krosno.pl\/poloznictwo\/ksztalcenie-praktyczne\/","name":"Kszta\u0142cenie praktyczne - Po\u0142o\u017cnictwo PANS w Kro\u015bnie","isPartOf":{"@id":"https:\/\/pans.krosno.pl\/poloznictwo\/#website"},"datePublished":"2021-09-30T11:24:06+00:00","dateModified":"2026-02-25T13:20:06+00:00","breadcrumb":{"@id":"https:\/\/pans.krosno.pl\/poloznictwo\/ksztalcenie-praktyczne\/#breadcrumb"},"inLanguage":"pl-PL","potentialAction":[{"@type":"ReadAction","target":["https:\/\/pans.krosno.pl\/poloznictwo\/ksztalcenie-praktyczne\/"]}]},{"@type":"BreadcrumbList","@id":"https:\/\/pans.krosno.pl\/poloznictwo\/ksztalcenie-praktyczne\/#breadcrumb","itemListElement":[{"@type":"ListItem","position":1,"name":"Strona g\u0142\u00f3wna","item":"https:\/\/pans.krosno.pl\/poloznictwo\/"},{"@type":"ListItem","position":2,"name":"Kszta\u0142cenie praktyczne"}]},{"@type":"WebSite","@id":"https:\/\/pans.krosno.pl\/poloznictwo\/#website","url":"https:\/\/pans.krosno.pl\/poloznictwo\/","name":"KPU w Kro\u015bnie","description":"Po\u0142o\u017cnictwo - Pa\u0144stwowa Akademia Nauk Stosowanych","publisher":{"@id":"https:\/\/pans.krosno.pl\/poloznictwo\/#organization"},"potentialAction":[{"@type":"SearchAction","target":{"@type":"EntryPoint","urlTemplate":"https:\/\/pans.krosno.pl\/poloznictwo\/?s={search_term_string}"},"query-input":{"@type":"PropertyValueSpecification","valueRequired":true,"valueName":"search_term_string"}}],"inLanguage":"pl-PL"},{"@type":"Organization","@id":"https:\/\/pans.krosno.pl\/poloznictwo\/#organization","name":"Karpacka Pa\u0144stwowa Uczelnia w Kro\u015bnie","url":"https:\/\/pans.krosno.pl\/poloznictwo\/","logo":{"@type":"ImageObject","inLanguage":"pl-PL","@id":"https:\/\/pans.krosno.pl\/poloznictwo\/#\/schema\/logo\/image\/","url":"https:\/\/pans.krosno.pl\/wp-content\/uploads\/2020\/04\/unnamed-1.png","contentUrl":"https:\/\/pans.krosno.pl\/wp-content\/uploads\/2020\/04\/unnamed-1.png","width":2238,"height":372,"caption":"Karpacka Pa\u0144stwowa Uczelnia w Kro\u015bnie"},"image":{"@id":"https:\/\/pans.krosno.pl\/poloznictwo\/#\/schema\/logo\/image\/"},"sameAs":["https:\/\/www.facebook.com\/StudiaKrosno\/","https:\/\/www.instagram.com\/studia.krosno","https:\/\/pl.linkedin.com\/company\/pwsz-krosno","https:\/\/www.youtube.com\/user\/pwszkrosno\/","https:\/\/pl.wikipedia.org\/wiki\/Pa\u0144stwowa_Wy\u017csza_Szko\u0142a_Zawodowa_im._Stanis\u0142awa_Pigonia_w_Kro\u015bnie"]}]}},"_links":{"self":[{"href":"https:\/\/pans.krosno.pl\/poloznictwo\/wp-json\/wp\/v2\/pages\/36","targetHints":{"allow":["GET"]}}],"collection":[{"href":"https:\/\/pans.krosno.pl\/poloznictwo\/wp-json\/wp\/v2\/pages"}],"about":[{"href":"https:\/\/pans.krosno.pl\/poloznictwo\/wp-json\/wp\/v2\/types\/page"}],"author":[{"embeddable":true,"href":"https:\/\/pans.krosno.pl\/poloznictwo\/wp-json\/wp\/v2\/users\/27"}],"replies":[{"embeddable":true,"href":"https:\/\/pans.krosno.pl\/poloznictwo\/wp-json\/wp\/v2\/comments?post=36"}],"version-history":[{"count":41,"href":"https:\/\/pans.krosno.pl\/poloznictwo\/wp-json\/wp\/v2\/pages\/36\/revisions"}],"predecessor-version":[{"id":1022,"href":"https:\/\/pans.krosno.pl\/poloznictwo\/wp-json\/wp\/v2\/pages\/36\/revisions\/1022"}],"wp:attachment":[{"href":"https:\/\/pans.krosno.pl\/poloznictwo\/wp-json\/wp\/v2\/media?parent=36"}],"curies":[{"name":"wp","href":"https:\/\/api.w.org\/{rel}","templated":true}]}}