{"id":32,"date":"2021-09-30T13:24:06","date_gmt":"2021-09-30T11:24:06","guid":{"rendered":"https:\/\/pans.krosno.pl\/poloznictwo\/?page_id=32"},"modified":"2026-02-13T12:14:06","modified_gmt":"2026-02-13T11:14:06","slug":"harmonogram-zajec","status":"publish","type":"page","link":"https:\/\/pans.krosno.pl\/poloznictwo\/harmonogram-zajec\/","title":{"rendered":"Harmonogram zaj\u0119\u0107"},"content":{"rendered":"\n<hr class=\"wp-block-separator has-text-color has-pale-pink-color has-css-opacity has-pale-pink-background-color has-background\" \/>\n\n\n\n<p><\/p>\n\n\n\n<h2 class=\"wp-block-heading has-vivid-cyan-blue-color has-text-color\" id=\"h-i-rok\">I rok<\/h2>\n\n\n\n<p><strong>Semestr letni 2024\/2025<\/strong><\/p>\n\n\n\n<p><a href=\"https:\/\/usos.kpu.krosno.pl\/kontroler.php?_action=katalog2\/przedmioty\/pokazPlanGrupyPrzedmiotow&amp;grupa_kod=POL-S-24-S2&amp;cdyd_kod=2024L&amp;plan_format=html&amp;plan_division=week&amp;plan_showStartTime=1&amp;plan_showEndTime=1&amp;plan_showTypeShort=0&amp;plan_showTypeFull=1&amp;plan_showGroupNumber=1&amp;plan_showCourseName=1&amp;plan_showCourseCode=0&amp;plan_showRoom=1&amp;plan_showBuildingCode=0&amp;plan_showLecturers=1&amp;plan_overridePrintWidth=1&amp;plan_colorScheme=default\" target=\"_blank\" rel=\"noreferrer noopener\">Harmonogram zaj\u0119\u0107 teoretycznych I rok<\/a><\/p>\n\n\n\n<p><strong>Semestr zimowy 2024\/2025<\/strong><\/p>\n\n\n\n<p><a href=\"https:\/\/usos.kpu.krosno.pl\/kontroler.php?_action=katalog2\/przedmioty\/pokazPlanGrupyPrzedmiotow&amp;grupa_kod=POL-S-24-S1&amp;cdyd_kod=2024Z&amp;plan_format=html&amp;plan_showStartTime=1&amp;plan_showEndTime=1&amp;plan_showTypeShort=0&amp;plan_showTypeFull=1&amp;plan_showGroupNumber=1&amp;plan_showCourseName=1&amp;plan_showCourseCode=0&amp;plan_showRoom=1&amp;plan_showBuildingCode=0&amp;plan_showLecturers=1&amp;plan_overridePrintWidth=1&amp;plan_colorScheme=default&amp;plan_division=week\" target=\"_blank\" rel=\"noreferrer noopener\">Harmonogram zaj\u0119\u0107 teoretycznych I rok<\/a><\/p>\n\n\n\n<p><\/p>\n\n\n\n<h2 class=\"wp-block-heading has-luminous-vivid-amber-color has-text-color\" id=\"h-ii-rok\">II rok<\/h2>\n\n\n\n<p><strong>Semestr letni 2024\/2025<\/strong><\/p>\n\n\n\n<p><a href=\"https:\/\/usos.kpu.krosno.pl\/kontroler.php?_action=katalog2\/przedmioty\/pokazPlanGrupyPrzedmiotow&amp;grupa_kod=POL-S-24-S4&amp;cdyd_kod=2024L&amp;plan_format=html&amp;plan_showStartTime=1&amp;plan_showEndTime=1&amp;plan_showTypeShort=0&amp;plan_showTypeFull=1&amp;plan_showGroupNumber=1&amp;plan_showCourseName=1&amp;plan_showCourseCode=0&amp;plan_showRoom=1&amp;plan_showBuildingCode=0&amp;plan_showLecturers=1&amp;plan_overridePrintWidth=1&amp;plan_colorScheme=default&amp;plan_division=week\" target=\"_blank\" rel=\"noreferrer noopener\">Harmonogram zaj\u0119\u0107 teoretycznych II rok<\/a><\/p>\n\n\n\n<p><strong>Semestr zimowy 2024\/2025<\/strong><\/p>\n\n\n\n<p><a href=\"https:\/\/usos.kpu.krosno.pl\/kontroler.php?_action=katalog2\/przedmioty\/pokazPlanGrupyPrzedmiotow&amp;grupa_kod=POL-S-24-S3&amp;cdyd_kod=2024Z&amp;plan_format=html&amp;plan_showStartTime=1&amp;plan_showEndTime=1&amp;plan_showTypeShort=0&amp;plan_showTypeFull=1&amp;plan_showGroupNumber=1&amp;plan_showCourseName=1&amp;plan_showCourseCode=0&amp;plan_showRoom=1&amp;plan_showBuildingCode=0&amp;plan_showLecturers=1&amp;plan_overridePrintWidth=1&amp;plan_colorScheme=default&amp;plan_division=week\" target=\"_blank\" rel=\"noreferrer noopener\">Harmonogram zaj\u0119\u0107 teoretycznych <\/a>I<a href=\"https:\/\/usos.kpu.krosno.pl\/kontroler.php?_action=katalog2\/przedmioty\/pokazPlanGrupyPrzedmiotow&amp;grupa_kod=POL-S-24-S3&amp;cdyd_kod=2024Z&amp;plan_format=html&amp;plan_showStartTime=1&amp;plan_showEndTime=1&amp;plan_showTypeShort=0&amp;plan_showTypeFull=1&amp;plan_showGroupNumber=1&amp;plan_showCourseName=1&amp;plan_showCourseCode=0&amp;plan_showRoom=1&amp;plan_showBuildingCode=0&amp;plan_showLecturers=1&amp;plan_overridePrintWidth=1&amp;plan_colorScheme=default&amp;plan_division=week\" target=\"_blank\" rel=\"noreferrer noopener\">I rok<\/a><\/p>\n\n\n\n<p><strong>Semestr letni 2023\/2024<\/strong><\/p>\n\n\n\n<p><a href=\"https:\/\/usos.pans.krosno.pl\/kontroler.php?_action=katalog2\/przedmioty\/pokazPlanGrupyPrzedmiotow&amp;grupa_kod=POL-SL%3ES2&amp;cdyd_kod=2023L&amp;division=week&amp;plan_showSettings=1&amp;plan_showStartTime=1&amp;plan_showEndTime=1&amp;plan_showTypeShort=0&amp;plan_showTypeFull=1&amp;plan_showGroupNumber=1&amp;plan_showCourseName=1&amp;plan_showCourseCode=1&amp;plan_showRoom=1&amp;plan_showBuildingCode=0&amp;plan_showLecturers=1&amp;plan_overridePrintWidth=1&amp;plan_format=html&amp;plan_colorScheme=default\" target=\"_blank\" rel=\"noreferrer noopener\">Harmonogram zaj\u0119\u0107 teoretycznych I rok<\/a><\/p>\n\n\n\n<p><strong>Semestr zimowy 2025\/2026<\/strong><\/p>\n\n\n\n<p><a href=\"https:\/\/usos.kpu.krosno.pl\/kontroler.php?_action=katalog2\/przedmioty\/pokazPlanGrupyPrzedmiotow&amp;grupa_kod=POL-S-25-S3&amp;cdyd_kod=2025Z&amp;plan_format=html&amp;plan_showStartTime=1&amp;plan_showEndTime=1&amp;plan_showTypeShort=0&amp;plan_showTypeFull=1&amp;plan_showGroupNumber=1&amp;plan_showCourseName=1&amp;plan_showCourseCode=0&amp;plan_showRoom=1&amp;plan_showBuildingCode=0&amp;plan_showLecturers=1&amp;plan_overridePrintWidth=1&amp;plan_colorScheme=default&amp;plan_division=week\" target=\"_blank\" rel=\"noreferrer noopener\">Harmonogram zaj\u0119\u0107 teoretycznych <\/a><\/p>\n\n\n\n<p><strong>Semestr letni 2025\/2026<\/strong><\/p>\n\n\n\n<p><a href=\"https:\/\/usos.kpu.krosno.pl\/kontroler.php?_action=katalog2\/przedmioty\/pokazPlanGrupyPrzedmiotow&amp;grupa_kod=POL-S-25-S4&amp;cdyd_kod=2025L&amp;plan_format=html&amp;plan_showStartTime=1&amp;plan_showEndTime=1&amp;plan_showTypeShort=0&amp;plan_showTypeFull=1&amp;plan_showGroupNumber=1&amp;plan_showCourseName=1&amp;plan_showCourseCode=0&amp;plan_showRoom=1&amp;plan_showBuildingCode=0&amp;plan_showLecturers=1&amp;plan_overridePrintWidth=1&amp;plan_colorScheme=default&amp;plan_division=week\" target=\"_blank\" rel=\"noreferrer noopener\">Harmonogram zaj\u0119\u0107 teoretycznych II rok<\/a><\/p>\n\n\n\n<h2 class=\"wp-block-heading has-vivid-green-cyan-color has-text-color\" id=\"h-iii-rok\">III rok<\/h2>\n\n\n\n<p><strong>Semestr letni 2024\/2025<\/strong><\/p>\n\n\n\n<p><a href=\"https:\/\/usos.kpu.krosno.pl\/kontroler.php?_action=katalog2\/przedmioty\/pokazPlanGrupyPrzedmiotow&amp;grupa_kod=POL-S-24-S6&amp;cdyd_kod=2024L&amp;plan_format=html&amp;plan_showStartTime=1&amp;plan_showEndTime=1&amp;plan_showTypeShort=0&amp;plan_showTypeFull=1&amp;plan_showGroupNumber=1&amp;plan_showCourseName=1&amp;plan_showCourseCode=0&amp;plan_showRoom=1&amp;plan_showBuildingCode=0&amp;plan_showLecturers=1&amp;plan_overridePrintWidth=1&amp;plan_colorScheme=default&amp;plan_division=week\">Harmonogram zaj\u0119\u0107 teoretycznych III rok<\/a><\/p>\n\n\n\n<p><b><strong>Semestr zimowy 2024\/2025 <\/strong><\/b><\/p>\n\n\n\n<p><a href=\"https:\/\/usos.kpu.krosno.pl\/kontroler.php?_action=katalog2\/przedmioty\/pokazPlanGrupyPrzedmiotow&amp;grupa_kod=POL-S-24-S5&amp;cdyd_kod=2024Z&amp;plan_format=html&amp;plan_showStartTime=1&amp;plan_showEndTime=1&amp;plan_showTypeShort=0&amp;plan_showTypeFull=1&amp;plan_showGroupNumber=1&amp;plan_showCourseName=1&amp;plan_showCourseCode=0&amp;plan_showRoom=1&amp;plan_showBuildingCode=0&amp;plan_showLecturers=1&amp;plan_overridePrintWidth=1&amp;plan_colorScheme=default&amp;plan_division=week\" target=\"_blank\" rel=\"noreferrer noopener\">Harmonogram zaj\u0119\u0107 teoretycznych I<\/a>I<a href=\"https:\/\/usos.kpu.krosno.pl\/kontroler.php?_action=katalog2\/przedmioty\/pokazPlanGrupyPrzedmiotow&amp;grupa_kod=POL-S-24-S5&amp;cdyd_kod=2024Z&amp;plan_format=html&amp;plan_showStartTime=1&amp;plan_showEndTime=1&amp;plan_showTypeShort=0&amp;plan_showTypeFull=1&amp;plan_showGroupNumber=1&amp;plan_showCourseName=1&amp;plan_showCourseCode=0&amp;plan_showRoom=1&amp;plan_showBuildingCode=0&amp;plan_showLecturers=1&amp;plan_overridePrintWidth=1&amp;plan_colorScheme=default&amp;plan_division=week\" target=\"_blank\" rel=\"noreferrer noopener\">I rok<\/a><\/p>\n\n\n\n<p><strong>Semestr letni 2023\/2024<\/strong><\/p>\n\n\n\n<p><a href=\"https:\/\/usos.pans.krosno.pl\/kontroler.php?_action=katalog2\/przedmioty\/pokazPlanGrupyPrzedmiotow&amp;grupa_kod=POL-S-23-S4&amp;cdyd_kod=2023L&amp;division=week&amp;plan_showSettings=1&amp;plan_showStartTime=1&amp;plan_showEndTime=1&amp;plan_showTypeShort=0&amp;plan_showTypeFull=1&amp;plan_showGroupNumber=1&amp;plan_showCourseName=1&amp;plan_showCourseCode=1&amp;plan_showRoom=1&amp;plan_showBuildingCode=0&amp;plan_showLecturers=1&amp;plan_overridePrintWidth=1&amp;plan_format=html&amp;plan_colorScheme=default\">Harmonogram zaj\u0119\u0107 teoretycznych II rok<\/a><\/p>\n\n\n\n<p><b><strong>Semestr zimowy 2025\/2026 <\/strong><\/b><\/p>\n\n\n\n<p><a href=\"https:\/\/usos.kpu.krosno.pl\/kontroler.php?_action=katalog2\/przedmioty\/pokazPlanGrupyPrzedmiotow&amp;grupa_kod=POL-S-25-S5&amp;cdyd_kod=2025Z&amp;plan_format=html&amp;plan_showStartTime=1&amp;plan_showEndTime=1&amp;plan_showTypeShort=0&amp;plan_showTypeFull=1&amp;plan_showGroupNumber=1&amp;plan_showCourseName=1&amp;plan_showCourseCode=0&amp;plan_showRoom=1&amp;plan_showBuildingCode=0&amp;plan_showLecturers=1&amp;plan_overridePrintWidth=1&amp;plan_colorScheme=default&amp;plan_division=week\" target=\"_blank\" rel=\"noreferrer noopener\">Harmonogram zaj\u0119\u0107 teoretycznych<\/a><\/p>\n\n\n\n<p><strong>Semestr letni 2025\/2026<\/strong><\/p>\n\n\n\n<p><a href=\"https:\/\/usos.kpu.krosno.pl\/kontroler.php?_action=katalog2\/przedmioty\/pokazPlanGrupyPrzedmiotow&amp;grupa_kod=POL-S-25-S6&amp;cdyd_kod=2025L&amp;plan_format=html&amp;plan_showStartTime=1&amp;plan_showEndTime=1&amp;plan_showTypeShort=0&amp;plan_showTypeFull=1&amp;plan_showGroupNumber=1&amp;plan_showCourseName=1&amp;plan_showCourseCode=0&amp;plan_showRoom=1&amp;plan_showBuildingCode=0&amp;plan_showLecturers=1&amp;plan_overridePrintWidth=1&amp;plan_colorScheme=default&amp;plan_division=week\">Harmonogram zaj\u0119\u0107 teoretycznych III rok<\/a><\/p>\n\n\n\n<h2 class=\"wp-block-heading has-pale-pink-color has-text-color\" id=\"h-\"><\/h2>\n\n\n\n<hr class=\"wp-block-separator has-text-color has-pale-pink-color has-alpha-channel-opacity has-pale-pink-background-color has-background\" \/>\n\n\n\n<p><a href=\"https:\/\/pans.krosno.pl\/poloznictwo\/ksztalcenie-praktyczne\/\">Harmonogram kszta\u0142cenia praktycznego<\/a><\/p>\n","protected":false},"excerpt":{"rendered":"<p>I rok Semestr letni 2024\/2025 Harmonogram zaj\u0119\u0107 teoretycznych I rok Semestr zimowy 2024\/2025 Harmonogram zaj\u0119\u0107 teoretycznych I rok II rok Semestr letni 2024\/2025 Harmonogram zaj\u0119\u0107 teoretycznych II rok Semestr zimowy 2024\/2025 Harmonogram zaj\u0119\u0107 teoretycznych II rok Semestr letni 2023\/2024 Harmonogram zaj\u0119\u0107 teoretycznych I rok Semestr zimowy 2025\/2026 Harmonogram zaj\u0119\u0107 teoretycznych [\u2026] <\/p>\n<div class=\"clear\"><\/div>\n<p><a class=\"more_link clearfix\" href=\"https:\/\/pans.krosno.pl\/poloznictwo\/harmonogram-zajec\/\" rel=\"nofollow\">Read More<\/a><\/p>\n","protected":false},"author":27,"featured_media":0,"parent":0,"menu_order":0,"comment_status":"closed","ping_status":"closed","template":"","meta":{"ngg_post_thumbnail":0,"footnotes":""},"class_list":["post-32","page","type-page","status-publish","hentry"],"yoast_head":"<!-- This site is optimized with the Yoast SEO Premium plugin v27.4 (Yoast SEO v27.4) - https:\/\/yoast.com\/product\/yoast-seo-premium-wordpress\/ -->\n<title>Harmonogram zaj\u0119\u0107 - Po\u0142o\u017cnictwo PANS w Kro\u015bnie<\/title>\n<meta name=\"robots\" content=\"index, follow, max-snippet:-1, max-image-preview:large, max-video-preview:-1\" \/>\n<link rel=\"canonical\" href=\"https:\/\/pans.krosno.pl\/poloznictwo\/harmonogram-zajec\/\" \/>\n<meta property=\"og:locale\" content=\"pl_PL\" \/>\n<meta property=\"og:type\" content=\"article\" \/>\n<meta property=\"og:title\" content=\"Harmonogram zaj\u0119\u0107\" \/>\n<meta property=\"og:description\" content=\"I rok Semestr letni 2024\/2025 Harmonogram zaj\u0119\u0107 teoretycznych I rok Semestr zimowy 2024\/2025 Harmonogram zaj\u0119\u0107 teoretycznych I rok II rok Semestr letni 2024\/2025 Harmonogram zaj\u0119\u0107 teoretycznych II rok Semestr zimowy 2024\/2025 Harmonogram zaj\u0119\u0107 teoretycznych II rok Semestr letni 2023\/2024 Harmonogram zaj\u0119\u0107 teoretycznych I rok Semestr zimowy 2025\/2026 Harmonogram zaj\u0119\u0107 teoretycznych [\u2026] Read More\" \/>\n<meta property=\"og:url\" content=\"https:\/\/pans.krosno.pl\/poloznictwo\/harmonogram-zajec\/\" \/>\n<meta property=\"og:site_name\" content=\"Po\u0142o\u017cnictwo PANS w Kro\u015bnie\" \/>\n<meta property=\"article:publisher\" content=\"https:\/\/www.facebook.com\/StudiaKrosno\/\" \/>\n<meta property=\"article:modified_time\" content=\"2026-02-13T11:14:06+00:00\" \/>\n<meta name=\"twitter:card\" content=\"summary_large_image\" \/>\n<meta name=\"twitter:label1\" content=\"Szacowany czas czytania\" \/>\n\t<meta name=\"twitter:data1\" content=\"1 minuta\" \/>\n<script type=\"application\/ld+json\" class=\"yoast-schema-graph\">{\"@context\":\"https:\\\/\\\/schema.org\",\"@graph\":[{\"@type\":\"WebPage\",\"@id\":\"https:\\\/\\\/pans.krosno.pl\\\/poloznictwo\\\/harmonogram-zajec\\\/\",\"url\":\"https:\\\/\\\/pans.krosno.pl\\\/poloznictwo\\\/harmonogram-zajec\\\/\",\"name\":\"Harmonogram zaj\u0119\u0107 - Po\u0142o\u017cnictwo PANS w Kro\u015bnie\",\"isPartOf\":{\"@id\":\"https:\\\/\\\/pans.krosno.pl\\\/poloznictwo\\\/#website\"},\"datePublished\":\"2021-09-30T11:24:06+00:00\",\"dateModified\":\"2026-02-13T11:14:06+00:00\",\"breadcrumb\":{\"@id\":\"https:\\\/\\\/pans.krosno.pl\\\/poloznictwo\\\/harmonogram-zajec\\\/#breadcrumb\"},\"inLanguage\":\"pl-PL\",\"potentialAction\":[{\"@type\":\"ReadAction\",\"target\":[\"https:\\\/\\\/pans.krosno.pl\\\/poloznictwo\\\/harmonogram-zajec\\\/\"]}]},{\"@type\":\"BreadcrumbList\",\"@id\":\"https:\\\/\\\/pans.krosno.pl\\\/poloznictwo\\\/harmonogram-zajec\\\/#breadcrumb\",\"itemListElement\":[{\"@type\":\"ListItem\",\"position\":1,\"name\":\"Strona g\u0142\u00f3wna\",\"item\":\"https:\\\/\\\/pans.krosno.pl\\\/poloznictwo\\\/\"},{\"@type\":\"ListItem\",\"position\":2,\"name\":\"Harmonogram zaj\u0119\u0107\"}]},{\"@type\":\"WebSite\",\"@id\":\"https:\\\/\\\/pans.krosno.pl\\\/poloznictwo\\\/#website\",\"url\":\"https:\\\/\\\/pans.krosno.pl\\\/poloznictwo\\\/\",\"name\":\"KPU w Kro\u015bnie\",\"description\":\"Po\u0142o\u017cnictwo - Pa\u0144stwowa Akademia Nauk Stosowanych\",\"publisher\":{\"@id\":\"https:\\\/\\\/pans.krosno.pl\\\/poloznictwo\\\/#organization\"},\"potentialAction\":[{\"@type\":\"SearchAction\",\"target\":{\"@type\":\"EntryPoint\",\"urlTemplate\":\"https:\\\/\\\/pans.krosno.pl\\\/poloznictwo\\\/?s={search_term_string}\"},\"query-input\":{\"@type\":\"PropertyValueSpecification\",\"valueRequired\":true,\"valueName\":\"search_term_string\"}}],\"inLanguage\":\"pl-PL\"},{\"@type\":\"Organization\",\"@id\":\"https:\\\/\\\/pans.krosno.pl\\\/poloznictwo\\\/#organization\",\"name\":\"Karpacka Pa\u0144stwowa Uczelnia w Kro\u015bnie\",\"url\":\"https:\\\/\\\/pans.krosno.pl\\\/poloznictwo\\\/\",\"logo\":{\"@type\":\"ImageObject\",\"inLanguage\":\"pl-PL\",\"@id\":\"https:\\\/\\\/pans.krosno.pl\\\/poloznictwo\\\/#\\\/schema\\\/logo\\\/image\\\/\",\"url\":\"https:\\\/\\\/pans.krosno.pl\\\/wp-content\\\/uploads\\\/2020\\\/04\\\/unnamed-1.png\",\"contentUrl\":\"https:\\\/\\\/pans.krosno.pl\\\/wp-content\\\/uploads\\\/2020\\\/04\\\/unnamed-1.png\",\"width\":2238,\"height\":372,\"caption\":\"Karpacka Pa\u0144stwowa Uczelnia w Kro\u015bnie\"},\"image\":{\"@id\":\"https:\\\/\\\/pans.krosno.pl\\\/poloznictwo\\\/#\\\/schema\\\/logo\\\/image\\\/\"},\"sameAs\":[\"https:\\\/\\\/www.facebook.com\\\/StudiaKrosno\\\/\",\"https:\\\/\\\/www.instagram.com\\\/studia.krosno\",\"https:\\\/\\\/pl.linkedin.com\\\/company\\\/pwsz-krosno\",\"https:\\\/\\\/www.youtube.com\\\/user\\\/pwszkrosno\\\/\",\"https:\\\/\\\/pl.wikipedia.org\\\/wiki\\\/Pa\u0144stwowa_Wy\u017csza_Szko\u0142a_Zawodowa_im._Stanis\u0142awa_Pigonia_w_Kro\u015bnie\"]}]}<\/script>\n<!-- \/ Yoast SEO Premium plugin. -->","yoast_head_json":{"title":"Harmonogram zaj\u0119\u0107 - Po\u0142o\u017cnictwo PANS w Kro\u015bnie","robots":{"index":"index","follow":"follow","max-snippet":"max-snippet:-1","max-image-preview":"max-image-preview:large","max-video-preview":"max-video-preview:-1"},"canonical":"https:\/\/pans.krosno.pl\/poloznictwo\/harmonogram-zajec\/","og_locale":"pl_PL","og_type":"article","og_title":"Harmonogram zaj\u0119\u0107","og_description":"I rok Semestr letni 2024\/2025 Harmonogram zaj\u0119\u0107 teoretycznych I rok Semestr zimowy 2024\/2025 Harmonogram zaj\u0119\u0107 teoretycznych I rok II rok Semestr letni 2024\/2025 Harmonogram zaj\u0119\u0107 teoretycznych II rok Semestr zimowy 2024\/2025 Harmonogram zaj\u0119\u0107 teoretycznych II rok Semestr letni 2023\/2024 Harmonogram zaj\u0119\u0107 teoretycznych I rok Semestr zimowy 2025\/2026 Harmonogram zaj\u0119\u0107 teoretycznych [\u2026] Read More","og_url":"https:\/\/pans.krosno.pl\/poloznictwo\/harmonogram-zajec\/","og_site_name":"Po\u0142o\u017cnictwo PANS w Kro\u015bnie","article_publisher":"https:\/\/www.facebook.com\/StudiaKrosno\/","article_modified_time":"2026-02-13T11:14:06+00:00","twitter_card":"summary_large_image","twitter_misc":{"Szacowany czas czytania":"1 minuta"},"schema":{"@context":"https:\/\/schema.org","@graph":[{"@type":"WebPage","@id":"https:\/\/pans.krosno.pl\/poloznictwo\/harmonogram-zajec\/","url":"https:\/\/pans.krosno.pl\/poloznictwo\/harmonogram-zajec\/","name":"Harmonogram zaj\u0119\u0107 - Po\u0142o\u017cnictwo PANS w Kro\u015bnie","isPartOf":{"@id":"https:\/\/pans.krosno.pl\/poloznictwo\/#website"},"datePublished":"2021-09-30T11:24:06+00:00","dateModified":"2026-02-13T11:14:06+00:00","breadcrumb":{"@id":"https:\/\/pans.krosno.pl\/poloznictwo\/harmonogram-zajec\/#breadcrumb"},"inLanguage":"pl-PL","potentialAction":[{"@type":"ReadAction","target":["https:\/\/pans.krosno.pl\/poloznictwo\/harmonogram-zajec\/"]}]},{"@type":"BreadcrumbList","@id":"https:\/\/pans.krosno.pl\/poloznictwo\/harmonogram-zajec\/#breadcrumb","itemListElement":[{"@type":"ListItem","position":1,"name":"Strona g\u0142\u00f3wna","item":"https:\/\/pans.krosno.pl\/poloznictwo\/"},{"@type":"ListItem","position":2,"name":"Harmonogram zaj\u0119\u0107"}]},{"@type":"WebSite","@id":"https:\/\/pans.krosno.pl\/poloznictwo\/#website","url":"https:\/\/pans.krosno.pl\/poloznictwo\/","name":"KPU w Kro\u015bnie","description":"Po\u0142o\u017cnictwo - Pa\u0144stwowa Akademia Nauk Stosowanych","publisher":{"@id":"https:\/\/pans.krosno.pl\/poloznictwo\/#organization"},"potentialAction":[{"@type":"SearchAction","target":{"@type":"EntryPoint","urlTemplate":"https:\/\/pans.krosno.pl\/poloznictwo\/?s={search_term_string}"},"query-input":{"@type":"PropertyValueSpecification","valueRequired":true,"valueName":"search_term_string"}}],"inLanguage":"pl-PL"},{"@type":"Organization","@id":"https:\/\/pans.krosno.pl\/poloznictwo\/#organization","name":"Karpacka Pa\u0144stwowa Uczelnia w Kro\u015bnie","url":"https:\/\/pans.krosno.pl\/poloznictwo\/","logo":{"@type":"ImageObject","inLanguage":"pl-PL","@id":"https:\/\/pans.krosno.pl\/poloznictwo\/#\/schema\/logo\/image\/","url":"https:\/\/pans.krosno.pl\/wp-content\/uploads\/2020\/04\/unnamed-1.png","contentUrl":"https:\/\/pans.krosno.pl\/wp-content\/uploads\/2020\/04\/unnamed-1.png","width":2238,"height":372,"caption":"Karpacka Pa\u0144stwowa Uczelnia w Kro\u015bnie"},"image":{"@id":"https:\/\/pans.krosno.pl\/poloznictwo\/#\/schema\/logo\/image\/"},"sameAs":["https:\/\/www.facebook.com\/StudiaKrosno\/","https:\/\/www.instagram.com\/studia.krosno","https:\/\/pl.linkedin.com\/company\/pwsz-krosno","https:\/\/www.youtube.com\/user\/pwszkrosno\/","https:\/\/pl.wikipedia.org\/wiki\/Pa\u0144stwowa_Wy\u017csza_Szko\u0142a_Zawodowa_im._Stanis\u0142awa_Pigonia_w_Kro\u015bnie"]}]}},"_links":{"self":[{"href":"https:\/\/pans.krosno.pl\/poloznictwo\/wp-json\/wp\/v2\/pages\/32","targetHints":{"allow":["GET"]}}],"collection":[{"href":"https:\/\/pans.krosno.pl\/poloznictwo\/wp-json\/wp\/v2\/pages"}],"about":[{"href":"https:\/\/pans.krosno.pl\/poloznictwo\/wp-json\/wp\/v2\/types\/page"}],"author":[{"embeddable":true,"href":"https:\/\/pans.krosno.pl\/poloznictwo\/wp-json\/wp\/v2\/users\/27"}],"replies":[{"embeddable":true,"href":"https:\/\/pans.krosno.pl\/poloznictwo\/wp-json\/wp\/v2\/comments?post=32"}],"version-history":[{"count":54,"href":"https:\/\/pans.krosno.pl\/poloznictwo\/wp-json\/wp\/v2\/pages\/32\/revisions"}],"predecessor-version":[{"id":1009,"href":"https:\/\/pans.krosno.pl\/poloznictwo\/wp-json\/wp\/v2\/pages\/32\/revisions\/1009"}],"wp:attachment":[{"href":"https:\/\/pans.krosno.pl\/poloznictwo\/wp-json\/wp\/v2\/media?parent=32"}],"curies":[{"name":"wp","href":"https:\/\/api.w.org\/{rel}","templated":true}]}}