{"id":30,"date":"2021-09-30T13:24:06","date_gmt":"2021-09-30T11:24:06","guid":{"rendered":"https:\/\/pans.krosno.pl\/poloznictwo\/?page_id=30"},"modified":"2026-01-26T21:20:32","modified_gmt":"2026-01-26T20:20:32","slug":"dyzury-pracownikow","status":"publish","type":"page","link":"https:\/\/pans.krosno.pl\/poloznictwo\/dyzury-pracownikow\/","title":{"rendered":"Dy\u017cury pracownik\u00f3w"},"content":{"rendered":"\n<hr class=\"wp-block-separator has-text-color has-pale-pink-color has-css-opacity has-pale-pink-background-color has-background\" \/>\n\n\n\n<p class=\"has-text-align-center\"><strong>Uwaga!!!<\/strong><\/p>\n\n\n\n<p class=\"has-text-align-center\">Dy\u017cury pracownik\u00f3w Zak\u0142adu Po\u0142o\u017cnictwa odbywaj\u0105 si\u0119 przy ul. Kazimierza Wielkiego 6a, pok\u00f3j nr 24.<br> <\/p>\n\n\n\n<p><\/p>\n\n\n\n<div class=\"wp-block-columns is-layout-flex wp-container-core-columns-is-layout-28f84493 wp-block-columns-is-layout-flex\">\n<div class=\"wp-block-column is-layout-flow wp-block-column-is-layout-flow\" style=\"flex-basis:100%\">\n<div class=\"wp-block-group is-layout-flow wp-block-group-is-layout-flow\">\n<div class=\"wp-block-columns is-layout-flex wp-container-core-columns-is-layout-28f84493 wp-block-columns-is-layout-flex\">\n<div class=\"wp-block-column is-layout-flow wp-block-column-is-layout-flow\" style=\"flex-basis:100%\">\n<figure class=\"wp-block-table is-style-stripes\"><table class=\"has-black-color has-pale-pink-background-color has-text-color has-background\"><tbody><tr><td class=\"has-text-align-center\" data-align=\"center\"><strong>IMI\u0118 I NAZWISKO<\/strong><\/td><td><strong>DATA<\/strong><\/td><td><strong>GODZINA<\/strong><\/td><td><strong>UWAGI<\/strong><\/td><\/tr><tr><td class=\"has-text-align-center\" data-align=\"center\"><a href=\"https:\/\/pans.krosno.pl\/pracownicy\/agnieszka-bien-prof-pans\/\"><strong>dr hab. Agnieszka Bie\u0144, prof.<\/strong><\/a> PANS<\/td><td>wg harmonogramu zaj\u0119\u0107<\/td><td>13.00 &#8211; 15.00<\/td><td> e-mail: agnieszka.bien@pans.krosno.pl<\/td><\/tr><tr><td class=\"has-text-align-center\" data-align=\"center\"><a href=\"https:\/\/pans.krosno.pl\/pracownicy\/joanna-grzesik-gasior\/\"><strong>dr Joanna Grzesik-G\u0105sior<\/strong><\/a><\/td><td>urlop<\/td><td>urlop<\/td><td>e-mail: joanna.grzesik-gasior@pans.krosno.pl<\/td><\/tr><tr><td class=\"has-text-align-center\" data-align=\"center\"><a href=\"https:\/\/pans.krosno.pl\/pracownicy\/krystyna-krygowska\/\"><strong>dr Krystyna Krygowska<\/strong><\/a><\/td><td>pi\u0105tek<\/td><td>15.15 &#8211; 17.15<\/td><td> e-mail: krystyna.krygowska@pans.krosno.pl<\/td><\/tr><tr><td class=\"has-text-align-center\" data-align=\"center\"><strong>dr Janusz S\u0142owik<\/strong><\/td><td>wg harmonogramu zaj\u0119\u0107<\/td><td>13.00 &#8211;<br>14.00<\/td><td>e-mail:<br>janusz.slowik@pans.krosno.pl<\/td><\/tr><tr><td class=\"has-text-align-center\" data-align=\"center\"><a href=\"https:\/\/pans.krosno.pl\/pracownicy\/danuta-przybyla\/\"><strong>mgr Danuta Przyby\u0142a<\/strong><\/a><\/td><td>pi\u0105tek<\/td><td>15:00 &#8211; 16:00<\/td><td> e-mail: danuta.przybyla@pans.krosno.pl<\/td><\/tr><tr><td class=\"has-text-align-center\" data-align=\"center\"><a href=\"https:\/\/pans.krosno.pl\/pracownicy\/iwona-lisowska\/\"><strong>mgr Iwona Lisowska<\/strong><\/a><\/td><td>wtorek<\/td><td>12.00 &#8211;<br>14.00<\/td><td>e-mail:<br>iwona.lisowska@pans.krosno.pl<\/td><\/tr><tr><td class=\"has-text-align-center\" data-align=\"center\"><strong>lek. med. Aneta Kami\u0144ska<\/strong><\/td><td>wg harmonogramu zaj\u0119\u0107<\/td><td>14:00 &#8211; 15:00<\/td><td>e-mail: aneta.kaminska.k@gmail.com<\/td><\/tr><\/tbody><\/table><\/figure>\n\n\n\n<div class=\"wp-block-columns is-layout-flex wp-container-core-columns-is-layout-28f84493 wp-block-columns-is-layout-flex\">\n<div class=\"wp-block-column is-layout-flow wp-block-column-is-layout-flow\"><\/div>\n\n\n\n<div class=\"wp-block-column is-layout-flow wp-block-column-is-layout-flow\"><\/div>\n<\/div>\n<\/div>\n<\/div>\n<\/div>\n<\/div>\n<\/div>\n\n\n\n<p><\/p>\n","protected":false},"excerpt":{"rendered":"<p>Uwaga!!! Dy\u017cury pracownik\u00f3w Zak\u0142adu Po\u0142o\u017cnictwa odbywaj\u0105 si\u0119 przy ul. Kazimierza Wielkiego 6a, pok\u00f3j nr 24. IMI\u0118 I NAZWISKO DATA GODZINA UWAGI dr hab. Agnieszka Bie\u0144, prof. PANS wg harmonogramu zaj\u0119\u0107 13.00 &#8211; 15.00 e-mail: agnieszka.bien@pans.krosno.pl dr Joanna Grzesik-G\u0105sior urlop urlop e-mail: joanna.grzesik-gasior@pans.krosno.pl dr Krystyna Krygowska pi\u0105tek 15.15 &#8211; 17.15 e-mail: [\u2026] <\/p>\n<div class=\"clear\"><\/div>\n<p><a class=\"more_link clearfix\" href=\"https:\/\/pans.krosno.pl\/poloznictwo\/dyzury-pracownikow\/\" rel=\"nofollow\">Read More<\/a><\/p>\n","protected":false},"author":27,"featured_media":0,"parent":0,"menu_order":0,"comment_status":"closed","ping_status":"closed","template":"","meta":{"ngg_post_thumbnail":0,"footnotes":""},"class_list":["post-30","page","type-page","status-publish","hentry"],"yoast_head":"<!-- This site is optimized with the Yoast SEO Premium plugin v27.4 (Yoast SEO v27.4) - https:\/\/yoast.com\/product\/yoast-seo-premium-wordpress\/ -->\n<title>Dy\u017cury pracownik\u00f3w - Po\u0142o\u017cnictwo PANS w Kro\u015bnie<\/title>\n<meta name=\"robots\" content=\"index, follow, max-snippet:-1, max-image-preview:large, max-video-preview:-1\" \/>\n<link rel=\"canonical\" href=\"https:\/\/pans.krosno.pl\/poloznictwo\/dyzury-pracownikow\/\" \/>\n<meta property=\"og:locale\" content=\"pl_PL\" \/>\n<meta property=\"og:type\" content=\"article\" \/>\n<meta property=\"og:title\" content=\"Dy\u017cury pracownik\u00f3w\" \/>\n<meta property=\"og:description\" content=\"Uwaga!!! Dy\u017cury pracownik\u00f3w Zak\u0142adu Po\u0142o\u017cnictwa odbywaj\u0105 si\u0119 przy ul. Kazimierza Wielkiego 6a, pok\u00f3j nr 24. IMI\u0118 I NAZWISKO DATA GODZINA UWAGI dr hab. Agnieszka Bie\u0144, prof. PANS wg harmonogramu zaj\u0119\u0107 13.00 &#8211; 15.00 e-mail: agnieszka.bien@pans.krosno.pl dr Joanna Grzesik-G\u0105sior urlop urlop e-mail: joanna.grzesik-gasior@pans.krosno.pl dr Krystyna Krygowska pi\u0105tek 15.15 &#8211; 17.15 e-mail: [\u2026] Read More\" \/>\n<meta property=\"og:url\" content=\"https:\/\/pans.krosno.pl\/poloznictwo\/dyzury-pracownikow\/\" \/>\n<meta property=\"og:site_name\" content=\"Po\u0142o\u017cnictwo PANS w Kro\u015bnie\" \/>\n<meta property=\"article:publisher\" content=\"https:\/\/www.facebook.com\/StudiaKrosno\/\" \/>\n<meta property=\"article:modified_time\" content=\"2026-01-26T20:20:32+00:00\" \/>\n<meta name=\"twitter:card\" content=\"summary_large_image\" \/>\n<meta name=\"twitter:label1\" content=\"Szacowany czas czytania\" \/>\n\t<meta name=\"twitter:data1\" content=\"1 minuta\" \/>\n<script type=\"application\/ld+json\" class=\"yoast-schema-graph\">{\"@context\":\"https:\\\/\\\/schema.org\",\"@graph\":[{\"@type\":\"WebPage\",\"@id\":\"https:\\\/\\\/pans.krosno.pl\\\/poloznictwo\\\/dyzury-pracownikow\\\/\",\"url\":\"https:\\\/\\\/pans.krosno.pl\\\/poloznictwo\\\/dyzury-pracownikow\\\/\",\"name\":\"Dy\u017cury pracownik\u00f3w - Po\u0142o\u017cnictwo PANS w Kro\u015bnie\",\"isPartOf\":{\"@id\":\"https:\\\/\\\/pans.krosno.pl\\\/poloznictwo\\\/#website\"},\"datePublished\":\"2021-09-30T11:24:06+00:00\",\"dateModified\":\"2026-01-26T20:20:32+00:00\",\"breadcrumb\":{\"@id\":\"https:\\\/\\\/pans.krosno.pl\\\/poloznictwo\\\/dyzury-pracownikow\\\/#breadcrumb\"},\"inLanguage\":\"pl-PL\",\"potentialAction\":[{\"@type\":\"ReadAction\",\"target\":[\"https:\\\/\\\/pans.krosno.pl\\\/poloznictwo\\\/dyzury-pracownikow\\\/\"]}]},{\"@type\":\"BreadcrumbList\",\"@id\":\"https:\\\/\\\/pans.krosno.pl\\\/poloznictwo\\\/dyzury-pracownikow\\\/#breadcrumb\",\"itemListElement\":[{\"@type\":\"ListItem\",\"position\":1,\"name\":\"Strona g\u0142\u00f3wna\",\"item\":\"https:\\\/\\\/pans.krosno.pl\\\/poloznictwo\\\/\"},{\"@type\":\"ListItem\",\"position\":2,\"name\":\"Dy\u017cury pracownik\u00f3w\"}]},{\"@type\":\"WebSite\",\"@id\":\"https:\\\/\\\/pans.krosno.pl\\\/poloznictwo\\\/#website\",\"url\":\"https:\\\/\\\/pans.krosno.pl\\\/poloznictwo\\\/\",\"name\":\"KPU w Kro\u015bnie\",\"description\":\"Po\u0142o\u017cnictwo - Pa\u0144stwowa Akademia Nauk Stosowanych\",\"publisher\":{\"@id\":\"https:\\\/\\\/pans.krosno.pl\\\/poloznictwo\\\/#organization\"},\"potentialAction\":[{\"@type\":\"SearchAction\",\"target\":{\"@type\":\"EntryPoint\",\"urlTemplate\":\"https:\\\/\\\/pans.krosno.pl\\\/poloznictwo\\\/?s={search_term_string}\"},\"query-input\":{\"@type\":\"PropertyValueSpecification\",\"valueRequired\":true,\"valueName\":\"search_term_string\"}}],\"inLanguage\":\"pl-PL\"},{\"@type\":\"Organization\",\"@id\":\"https:\\\/\\\/pans.krosno.pl\\\/poloznictwo\\\/#organization\",\"name\":\"Karpacka Pa\u0144stwowa Uczelnia w Kro\u015bnie\",\"url\":\"https:\\\/\\\/pans.krosno.pl\\\/poloznictwo\\\/\",\"logo\":{\"@type\":\"ImageObject\",\"inLanguage\":\"pl-PL\",\"@id\":\"https:\\\/\\\/pans.krosno.pl\\\/poloznictwo\\\/#\\\/schema\\\/logo\\\/image\\\/\",\"url\":\"https:\\\/\\\/pans.krosno.pl\\\/wp-content\\\/uploads\\\/2020\\\/04\\\/unnamed-1.png\",\"contentUrl\":\"https:\\\/\\\/pans.krosno.pl\\\/wp-content\\\/uploads\\\/2020\\\/04\\\/unnamed-1.png\",\"width\":2238,\"height\":372,\"caption\":\"Karpacka Pa\u0144stwowa Uczelnia w Kro\u015bnie\"},\"image\":{\"@id\":\"https:\\\/\\\/pans.krosno.pl\\\/poloznictwo\\\/#\\\/schema\\\/logo\\\/image\\\/\"},\"sameAs\":[\"https:\\\/\\\/www.facebook.com\\\/StudiaKrosno\\\/\",\"https:\\\/\\\/www.instagram.com\\\/studia.krosno\",\"https:\\\/\\\/pl.linkedin.com\\\/company\\\/pwsz-krosno\",\"https:\\\/\\\/www.youtube.com\\\/user\\\/pwszkrosno\\\/\",\"https:\\\/\\\/pl.wikipedia.org\\\/wiki\\\/Pa\u0144stwowa_Wy\u017csza_Szko\u0142a_Zawodowa_im._Stanis\u0142awa_Pigonia_w_Kro\u015bnie\"]}]}<\/script>\n<!-- \/ Yoast SEO Premium plugin. -->","yoast_head_json":{"title":"Dy\u017cury pracownik\u00f3w - Po\u0142o\u017cnictwo PANS w Kro\u015bnie","robots":{"index":"index","follow":"follow","max-snippet":"max-snippet:-1","max-image-preview":"max-image-preview:large","max-video-preview":"max-video-preview:-1"},"canonical":"https:\/\/pans.krosno.pl\/poloznictwo\/dyzury-pracownikow\/","og_locale":"pl_PL","og_type":"article","og_title":"Dy\u017cury pracownik\u00f3w","og_description":"Uwaga!!! Dy\u017cury pracownik\u00f3w Zak\u0142adu Po\u0142o\u017cnictwa odbywaj\u0105 si\u0119 przy ul. Kazimierza Wielkiego 6a, pok\u00f3j nr 24. IMI\u0118 I NAZWISKO DATA GODZINA UWAGI dr hab. Agnieszka Bie\u0144, prof. PANS wg harmonogramu zaj\u0119\u0107 13.00 &#8211; 15.00 e-mail: agnieszka.bien@pans.krosno.pl dr Joanna Grzesik-G\u0105sior urlop urlop e-mail: joanna.grzesik-gasior@pans.krosno.pl dr Krystyna Krygowska pi\u0105tek 15.15 &#8211; 17.15 e-mail: [\u2026] Read More","og_url":"https:\/\/pans.krosno.pl\/poloznictwo\/dyzury-pracownikow\/","og_site_name":"Po\u0142o\u017cnictwo PANS w Kro\u015bnie","article_publisher":"https:\/\/www.facebook.com\/StudiaKrosno\/","article_modified_time":"2026-01-26T20:20:32+00:00","twitter_card":"summary_large_image","twitter_misc":{"Szacowany czas czytania":"1 minuta"},"schema":{"@context":"https:\/\/schema.org","@graph":[{"@type":"WebPage","@id":"https:\/\/pans.krosno.pl\/poloznictwo\/dyzury-pracownikow\/","url":"https:\/\/pans.krosno.pl\/poloznictwo\/dyzury-pracownikow\/","name":"Dy\u017cury pracownik\u00f3w - Po\u0142o\u017cnictwo PANS w Kro\u015bnie","isPartOf":{"@id":"https:\/\/pans.krosno.pl\/poloznictwo\/#website"},"datePublished":"2021-09-30T11:24:06+00:00","dateModified":"2026-01-26T20:20:32+00:00","breadcrumb":{"@id":"https:\/\/pans.krosno.pl\/poloznictwo\/dyzury-pracownikow\/#breadcrumb"},"inLanguage":"pl-PL","potentialAction":[{"@type":"ReadAction","target":["https:\/\/pans.krosno.pl\/poloznictwo\/dyzury-pracownikow\/"]}]},{"@type":"BreadcrumbList","@id":"https:\/\/pans.krosno.pl\/poloznictwo\/dyzury-pracownikow\/#breadcrumb","itemListElement":[{"@type":"ListItem","position":1,"name":"Strona g\u0142\u00f3wna","item":"https:\/\/pans.krosno.pl\/poloznictwo\/"},{"@type":"ListItem","position":2,"name":"Dy\u017cury pracownik\u00f3w"}]},{"@type":"WebSite","@id":"https:\/\/pans.krosno.pl\/poloznictwo\/#website","url":"https:\/\/pans.krosno.pl\/poloznictwo\/","name":"KPU w Kro\u015bnie","description":"Po\u0142o\u017cnictwo - Pa\u0144stwowa Akademia Nauk Stosowanych","publisher":{"@id":"https:\/\/pans.krosno.pl\/poloznictwo\/#organization"},"potentialAction":[{"@type":"SearchAction","target":{"@type":"EntryPoint","urlTemplate":"https:\/\/pans.krosno.pl\/poloznictwo\/?s={search_term_string}"},"query-input":{"@type":"PropertyValueSpecification","valueRequired":true,"valueName":"search_term_string"}}],"inLanguage":"pl-PL"},{"@type":"Organization","@id":"https:\/\/pans.krosno.pl\/poloznictwo\/#organization","name":"Karpacka Pa\u0144stwowa Uczelnia w Kro\u015bnie","url":"https:\/\/pans.krosno.pl\/poloznictwo\/","logo":{"@type":"ImageObject","inLanguage":"pl-PL","@id":"https:\/\/pans.krosno.pl\/poloznictwo\/#\/schema\/logo\/image\/","url":"https:\/\/pans.krosno.pl\/wp-content\/uploads\/2020\/04\/unnamed-1.png","contentUrl":"https:\/\/pans.krosno.pl\/wp-content\/uploads\/2020\/04\/unnamed-1.png","width":2238,"height":372,"caption":"Karpacka Pa\u0144stwowa Uczelnia w Kro\u015bnie"},"image":{"@id":"https:\/\/pans.krosno.pl\/poloznictwo\/#\/schema\/logo\/image\/"},"sameAs":["https:\/\/www.facebook.com\/StudiaKrosno\/","https:\/\/www.instagram.com\/studia.krosno","https:\/\/pl.linkedin.com\/company\/pwsz-krosno","https:\/\/www.youtube.com\/user\/pwszkrosno\/","https:\/\/pl.wikipedia.org\/wiki\/Pa\u0144stwowa_Wy\u017csza_Szko\u0142a_Zawodowa_im._Stanis\u0142awa_Pigonia_w_Kro\u015bnie"]}]}},"_links":{"self":[{"href":"https:\/\/pans.krosno.pl\/poloznictwo\/wp-json\/wp\/v2\/pages\/30","targetHints":{"allow":["GET"]}}],"collection":[{"href":"https:\/\/pans.krosno.pl\/poloznictwo\/wp-json\/wp\/v2\/pages"}],"about":[{"href":"https:\/\/pans.krosno.pl\/poloznictwo\/wp-json\/wp\/v2\/types\/page"}],"author":[{"embeddable":true,"href":"https:\/\/pans.krosno.pl\/poloznictwo\/wp-json\/wp\/v2\/users\/27"}],"replies":[{"embeddable":true,"href":"https:\/\/pans.krosno.pl\/poloznictwo\/wp-json\/wp\/v2\/comments?post=30"}],"version-history":[{"count":15,"href":"https:\/\/pans.krosno.pl\/poloznictwo\/wp-json\/wp\/v2\/pages\/30\/revisions"}],"predecessor-version":[{"id":1007,"href":"https:\/\/pans.krosno.pl\/poloznictwo\/wp-json\/wp\/v2\/pages\/30\/revisions\/1007"}],"wp:attachment":[{"href":"https:\/\/pans.krosno.pl\/poloznictwo\/wp-json\/wp\/v2\/media?parent=30"}],"curies":[{"name":"wp","href":"https:\/\/api.w.org\/{rel}","templated":true}]}}