{"id":92,"date":"2019-11-06T10:02:05","date_gmt":"2019-11-06T09:02:05","guid":{"rendered":"https:\/\/pans.krosno.pl\/pielegniarstwo\/?page_id=92"},"modified":"2026-02-26T09:55:07","modified_gmt":"2026-02-26T08:55:07","slug":"dyzury-pracownikow","status":"publish","type":"page","link":"https:\/\/pans.krosno.pl\/pielegniarstwo\/dyzury-pracownikow\/","title":{"rendered":"Dy\u017cury dydaktyczne"},"content":{"rendered":"\n<h4 class=\"wp-block-heading has-text-align-center\" id=\"h-dyzury-dydaktyczne-semestr-letni-2025-2026\"><strong>Dy\u017cury dydaktyczne &#8211; semestr letni 2025\/2026<\/strong><\/h4>\n\n\n\n<figure class=\"wp-block-table is-style-stripes\"><table class=\"has-fixed-layout\"><thead><tr><th><em><strong>Kierownik Zak\u0142adu Piel\u0119gniarstwa<\/strong><\/em><\/th><th><em><strong>ul. Kazimierza Wielkiego 6, pok\u00f3j nr 6<\/strong><\/em><\/th><\/tr><\/thead><tbody><tr><td><strong><a href=\"https:\/\/pans.krosno.pl\/pracownicy\/malgorzata-dziura\/\">mgr Ma\u0142gorzata Dziura<\/a><\/strong><\/td><td><strong>wtorek <\/strong>(10:00 \u2013 12:00)<\/td><\/tr><\/tbody><\/table><\/figure>\n\n\n\n<hr class=\"wp-block-separator has-alpha-channel-opacity\" \/>\n\n\n\n<figure class=\"wp-block-table is-style-stripes\"><table class=\"has-fixed-layout\"><thead><tr><th><strong><em>Imi\u0119 i nazwisko nauczyciela<\/em><\/strong><\/th><th><strong><em>ul. Kazimierza Wielkiego 6, pok\u00f3j nr 2<\/em><\/strong><\/th><\/tr><\/thead><tbody><tr><td><strong><a href=\"https:\/\/pans.krosno.pl\/pracownicy\/jozef-ryzko\/\">prof. dr hab. n. med. J\u00f3zef Ry\u017cko<\/a><\/strong><\/td><td><em><strong>wg harmonogramu zaj\u0119\u0107<\/strong><\/em> (13:00 \u2013 15:00)<\/td><\/tr><tr><td><strong><a href=\"https:\/\/pans.krosno.pl\/pracownicy\/danuta-zarzycka\/\">dr hab. n. o zdr. Danuta Zarzycka, prof. PANS<\/a><\/strong><\/td><td><strong><em>wg harmonogramu zaj\u0119\u0107<\/em><\/strong> (12:00 \u2013 14:00)<\/td><\/tr><tr><td><strong><a href=\"https:\/\/pans.krosno.pl\/pracownicy\/renata-dziubaszewska\/\">dr n. med. Renata Dziubaszewska<\/a><\/strong><\/td><td><strong>\u015broda <\/strong>(13:00 \u2013 14:30)<\/td><\/tr><tr><td><strong><a href=\"https:\/\/pans.krosno.pl\/pracownicy\/hanna-kachaniuk\/\">dr n. med. Hanna Kachaniuk<\/a><\/strong><\/td><td><strong><em>wg harmonogramu zaj\u0119\u0107 <\/em><\/strong>(13:00 \u2013 15:00)<\/td><\/tr><tr><td><strong><a href=\"https:\/\/pans.krosno.pl\/pracownicy\/agnieszka-kijowska\/\">dr n. o zdr. Agnieszka Kijowska<\/a><\/strong><\/td><td><strong>czwartek <\/strong>(10:00 \u2013 12:00)<\/td><\/tr><tr><td><strong><a href=\"https:\/\/pans.krosno.pl\/pracownicy\/beata-kumiega\/\">dr n. med. Beata Kumiega<\/a><\/strong><\/td><td><strong>wtorek <\/strong>(15:30 \u2013 17:30)<\/td><\/tr><tr><td><strong><a href=\"https:\/\/pans.krosno.pl\/pracownicy\/edyta-kwilosz\/\">dr n. o zdr. Edyta Kwilosz<\/a><\/strong><\/td><td><strong>\u015broda <\/strong>(10:00 \u2013 12:00)<\/td><\/tr><tr><td><strong><a href=\"https:\/\/pans.krosno.pl\/pracownicy\/malgorzata-marc-mgr-pielegniarstwa-pielegniarka-psychoterapeuta\/\">dr n. med. Ma\u0142gorzata Mar\u0107<\/a><\/strong><\/td><td><strong><em>wg harmonogramu zaj\u0119\u0107<\/em> <\/strong>(13:00 \u2013 15:00)<\/td><\/tr><tr><td><strong><a href=\"https:\/\/pans.krosno.pl\/pracownicy\/ewa-smolen\/\">dr n. o zdr. Ewa Smole\u0144<\/a><\/strong><\/td><td><strong>poniedzia\u0142ek<\/strong> (09:00 \u2013 11:00)<\/td><\/tr><tr><td><a href=\"https:\/\/pans.krosno.pl\/pracownicy\/edyta-szydlo\/\"><strong>dr n. o zdr. Edyta<\/strong> <strong>Szyd\u0142o<\/strong><\/a><\/td><td><strong>czwartek <\/strong>(11:00 \u2013 13:00)<\/td><\/tr><tr><td><strong><a href=\"https:\/\/pans.krosno.pl\/pracownicy\/lukasz-wojtyczek\/\">dr n. med. \u0141ukasz Wojtyczek<\/a><\/strong><\/td><td><strong>poniedzia\u0142ek <\/strong>(15:30 \u2013 16:30)<br>PANS, ul. Wyspia\u0144skiego (p. 109)<\/td><\/tr><tr><td><strong><a href=\"https:\/\/pans.krosno.pl\/pracownicy\/katarzyna-zalewska\/\">dr n. o zdr. Katarzyna Zalewska<\/a><\/strong><\/td><td><strong>wtorek<\/strong> (09:00 \u2013 11:00)<\/td><\/tr><tr><td><strong><a href=\"https:\/\/pans.krosno.pl\/pracownicy\/barbara-baran\/\">mgr Barbara Baran<\/a><\/strong><\/td><td><strong>wtorek<\/strong> (09:00 \u2013 11:00)<\/td><\/tr><tr><td><strong>mgr Iwona Dudzik<\/strong><\/td><td><strong>pi\u0105tek <\/strong>(15:00 \u2013 16:00)<\/td><\/tr><tr><td><strong><a href=\"https:\/\/pans.krosno.pl\/pracownicy\/hajduk-lukasz\/\">mgr \u0141ukasz Hajduk<\/a><\/strong><\/td><td><strong>\u015broda<\/strong> (15:00 \u2013 16:00)<\/td><\/tr><tr><td><strong><a href=\"https:\/\/pans.krosno.pl\/pracownicy\/lucyna-krzysztyniak\/\">mgr Lucyna Krzysztyniak<\/a><\/strong><\/td><td><strong>poniedzia\u0142ek <\/strong>(15:40 \u2013 16:40)<\/td><\/tr><tr><td><strong><a href=\"https:\/\/pans.krosno.pl\/pracownicy\/joanna-kubik\/\">mgr Joanna Kubik<\/a><\/strong><\/td><td><strong>poniedzia\u0142ek <\/strong>(09:00 \u2013 11:00)<\/td><\/tr><tr><td><strong><a href=\"https:\/\/pans.krosno.pl\/pracownicy\/katarzyna-lisowicz\/\">mgr Katarzyna Lisowicz<\/a><\/strong><\/td><td><strong>czwartek<\/strong> (10:00 \u2013 12:00)<\/td><\/tr><tr><td><strong><a href=\"https:\/\/pans.krosno.pl\/pracownicy\/beata-lorenc\/\">mgr Beata Lorenc<\/a><\/strong><\/td><td><strong>poniedzia\u0142ek <\/strong>(08:00 \u2013 09:00)<\/td><\/tr><tr><td><a href=\"https:\/\/pans.krosno.pl\/pracownicy\/jolanta-lubas\/\"><strong>mgr Jolanta<\/strong> <strong>Luba\u015b<\/strong><\/a><\/td><td><strong>poniedzia\u0142ek <\/strong>(09:00 \u2013 11:00)<\/td><\/tr><tr><td><strong><a href=\"https:\/\/pans.krosno.pl\/pracownicy\/anna-ksiazkiewicz\/\">mgr Anna Ksi\u0105\u017ckiewicz<\/a><\/strong><\/td><td><strong>pi\u0105tek <\/strong>(17:00 \u2013 18:00)<\/td><\/tr><tr><td><strong><a href=\"https:\/\/pans.krosno.pl\/pracownicy\/dawid-makowicz\/\">mgr Dawid Makowicz<\/a><\/strong><\/td><td><strong>czwartek<\/strong> (10:00 \u2013 12:00)<\/td><\/tr><tr><td><strong><a href=\"https:\/\/pans.krosno.pl\/pracownicy\/malgorzata-moskal-szybka\/\">mgr Ma\u0142gorzata Moskal-Szybka<\/a><\/strong><\/td><td><strong>\u015broda <\/strong>(10:00 \u2013 12:00)<\/td><\/tr><tr><td><a href=\"https:\/\/pans.krosno.pl\/pracownicy\/stanislawa-olszyk\/\"><strong>mgr Stanis\u0142awa<\/strong> <strong>Olszyk<\/strong><\/a><\/td><td><strong>wtorek <\/strong>(09:00 \u2013 11:00)<\/td><\/tr><tr><td><strong><a href=\"https:\/\/pans.krosno.pl\/pracownicy\/lukasz-szarek\/\">mgr \u0141ukasz Szarek<\/a><\/strong><\/td><td><strong>czwartek<\/strong> (10:00 \u2013 11:00)<\/td><\/tr><tr><td><strong><a href=\"https:\/\/pans.krosno.pl\/pracownicy\/alicja-sniezek\/\">mgr Alicja \u015anie\u017cek<\/a><\/strong><\/td><td><strong>czwartek <\/strong>(15:00 \u2013 16:00)<\/td><\/tr><tr><td><strong><a href=\"https:\/\/pans.krosno.pl\/pracownicy\/klaudia-topolska\/\">mgr Klaudia Topolska<\/a><\/strong><\/td><td><strong>poniedzia\u0142ek <\/strong>(09:00 \u2013 11:00)<\/td><\/tr><tr><td><strong><a href=\"https:\/\/pans.krosno.pl\/pracownicy\/jolanta-twardosz\/\">mgr Jolanta Twardosz<\/a><\/strong><\/td><td><strong>\u015broda <\/strong>(15:30 \u2013 16:30)<\/td><\/tr><tr><td><strong><a href=\"https:\/\/pans.krosno.pl\/pracownicy\/michal-wojnar\/\">mgr Micha\u0142 Wojnar<\/a><\/strong><\/td><td><strong>czwartek <\/strong>(10:00 \u2013 12:00)<\/td><\/tr><tr><td><strong><a href=\"https:\/\/pans.krosno.pl\/pracownicy\/agata-zbylut\/\">mgr Agata Zbylut<\/a><\/strong><\/td><td><strong>poniedzia\u0142ek <\/strong>(10:15 \u2013 12:15)<\/td><\/tr><\/tbody><\/table><\/figure>\n\n\n\n<hr class=\"wp-block-separator has-alpha-channel-opacity is-style-wide\" \/>\n\n\n\n<h4 class=\"wp-block-heading has-text-align-center\" id=\"h-sesja-dydaktyczna-zimowa-dyzury-dydaktyczne-2025-2026\"><strong>Sesja dydaktyczna zimowa &#8211; Dy\u017cury dydaktyczne 2025\/2026<\/strong><\/h4>\n\n\n\n<figure class=\"wp-block-table is-style-stripes\"><table class=\"has-fixed-layout\"><thead><tr><th><em><strong>Kierownik Zak\u0142adu Piel\u0119gniarstwa<\/strong><\/em><\/th><th><em><strong>ul. Kazimierza Wielkiego 6, pok\u00f3j nr 6<\/strong><\/em><\/th><\/tr><\/thead><tbody><tr><td><strong><a href=\"https:\/\/pans.krosno.pl\/pracownicy\/malgorzata-dziura\/\">mgr Ma\u0142gorzata Dziura<\/a><\/strong><\/td><td><strong>03\/02<\/strong> (11:00 \u2013 13:00), <strong>17\/02<\/strong> (10:00 \u2013 12:00)<\/td><\/tr><\/tbody><\/table><\/figure>\n\n\n\n<hr class=\"wp-block-separator has-alpha-channel-opacity\" \/>\n\n\n\n<figure class=\"wp-block-table is-style-stripes\"><table class=\"has-fixed-layout\"><thead><tr><th><strong><em>Imi\u0119 i nazwisko nauczyciela<\/em><\/strong><\/th><th><strong><em>ul. Kazimierza Wielkiego 6, pok\u00f3j nr 2<\/em><\/strong><\/th><\/tr><\/thead><tbody><tr><td><strong><a href=\"https:\/\/pans.krosno.pl\/pracownicy\/jozef-ryzko\/\">prof. dr hab. n. med. J\u00f3zef Ry\u017cko<\/a><\/strong><\/td><td><strong><em>wg harmonogramu zaj\u0119\u0107<\/em><\/strong> (13:00 \u2013 15:00)<\/td><\/tr><tr><td><strong><a href=\"https:\/\/pans.krosno.pl\/pracownicy\/danuta-zarzycka\/\">dr hab. n. o zdr. Danuta Zarzycka, prof. PANS<\/a><\/strong><\/td><td><strong>09\/02<\/strong> (13:00 \u2013 15:00), <strong>18\/02<\/strong> (14:00 \u2013 16:00)<\/td><\/tr><tr><td><strong><a href=\"https:\/\/pans.krosno.pl\/pracownicy\/renata-dziubaszewska\/\">dr n. med. Renata Dziubaszewska<\/a><\/strong><\/td><td><strong><strong>04\/02<\/strong> <\/strong>(13:00 \u2013 14:30), <strong>18\/02<\/strong> (13:00 \u2013 14:30)<\/td><\/tr><tr><td><strong><a href=\"https:\/\/pans.krosno.pl\/pracownicy\/hanna-kachaniuk\/\">dr n. med. Hanna Kachaniuk<\/a><\/strong><\/td><td><strong><strong><em>wg harmonogramu zaj\u0119\u0107<\/em><\/strong><em> <\/em><\/strong>(13:00 \u2013 15:00)<\/td><\/tr><tr><td><strong><a href=\"https:\/\/pans.krosno.pl\/pracownicy\/agnieszka-kijowska\/\">dr n. o zdr. Agnieszka Kijowska<\/a><\/strong><\/td><td><strong>05\/02 <\/strong>(09:00 \u2013 11:00), <strong>19\/02<\/strong> (13:00 \u2013 14:30)<\/td><\/tr><tr><td><strong><a href=\"https:\/\/pans.krosno.pl\/pracownicy\/beata-kumiega\/\">dr n. med. Beata Kumiega<\/a><\/strong><\/td><td><strong><strong>02\/02<\/strong> <\/strong>(15:30 \u2013 17:30), <strong>16\/02<\/strong> (15:30 \u2013 17:30)<\/td><\/tr><tr><td><strong><a href=\"https:\/\/pans.krosno.pl\/pracownicy\/edyta-kwilosz\/\">dr n. o zdr. Edyta Kwilosz<\/a><\/strong><\/td><td><strong><strong>04\/02<\/strong> <\/strong>(10:00 \u2013 12:00), <strong><strong>18\/02<\/strong> <\/strong>(10:00 \u2013 12:00)<\/td><\/tr><tr><td><strong><a href=\"https:\/\/pans.krosno.pl\/pracownicy\/malgorzata-marc-mgr-pielegniarstwa-pielegniarka-psychoterapeuta\/\">dr n. med. Ma\u0142gorzata Mar\u0107<\/a><\/strong><\/td><td><strong><strong><strong><em>wg harmonogramu zaj\u0119\u0107<\/em><\/strong><\/strong> <\/strong>(13:00 \u2013 15:00)<\/td><\/tr><tr><td><strong><a href=\"https:\/\/pans.krosno.pl\/pracownicy\/ewa-smolen\/\">dr n. o zdr. Ewa Smole\u0144<\/a><\/strong><\/td><td><strong><strong>09\/02<\/strong><\/strong> (13:00 \u2013 14:00), <strong><strong>13\/02<\/strong> <\/strong>(15:00 \u2013 16:00)<\/td><\/tr><tr><td><a href=\"https:\/\/pans.krosno.pl\/pracownicy\/edyta-szydlo\/\"><strong>dr n. o zdr. Edyta<\/strong> <strong>Szyd\u0142o<\/strong><\/a><\/td><td><strong>03\/02 <\/strong>(12:00 \u2013 14:00), <strong><strong>17\/02<\/strong> <\/strong>(11:00 \u2013 13:00)<\/td><\/tr><tr><td><strong><a href=\"https:\/\/pans.krosno.pl\/pracownicy\/lukasz-wojtyczek\/\">dr n. med. \u0141ukasz Wojtyczek<\/a><\/strong><\/td><td><strong>02\/02 <\/strong>(15:30 \u2013 16:30), <strong>16\/02<\/strong> (15:30 \u2013 16:30)<br>PANS, ul. Wyspia\u0144skiego (p. 109)<\/td><\/tr><tr><td><a href=\"https:\/\/pans.krosno.pl\/pracownicy\/katarzyna-zalewska\/\"><strong>dr n. o zdr. Katarzyna Zalewska<\/strong><\/a><\/td><td><strong><strong>02\/02<\/strong><\/strong> (08:00 \u2013 10:00), <strong><strong>17\/02<\/strong> <\/strong>(11:00 \u2013 13:00)<\/td><\/tr><tr><td><strong><a href=\"https:\/\/pans.krosno.pl\/pracownicy\/barbara-baran\/\">mgr Barbara Baran<\/a><\/strong><\/td><td><strong><strong><strong>03\/02<\/strong><\/strong><\/strong> (09:00 \u2013 11:00), <strong><strong>17\/02<\/strong> <\/strong>(09:00 \u2013 11:00)<\/td><\/tr><tr><td><strong>mgr Iwona Dudzik<\/strong><\/td><td><strong>06\/02 <\/strong>(15:00 \u2013 16:00), <strong><strong>19\/02<\/strong> <\/strong>(15:00 \u2013 16:00)<\/td><\/tr><tr><td><strong><a href=\"https:\/\/pans.krosno.pl\/pracownicy\/hajduk-lukasz\/\">mgr \u0141ukasz Hajduk<\/a><\/strong><\/td><td><strong><strong><strong><strong>04\/02<\/strong><\/strong><\/strong><\/strong> (15:00 \u2013 16:00), <strong><strong>18\/02<\/strong> <\/strong>(15:00 \u2013 16:00)<\/td><\/tr><tr><td><strong><a href=\"https:\/\/pans.krosno.pl\/pracownicy\/lucyna-krzysztyniak\/\">mgr Lucyna Krzysztyniak<\/a><\/strong><\/td><td><strong>02\/02 <\/strong>(15:40 \u2013 16:40), <strong><strong>16\/02<\/strong> <\/strong>(15:30 \u2013 16:30)<\/td><\/tr><tr><td><strong><a href=\"https:\/\/pans.krosno.pl\/pracownicy\/joanna-kubik\/\">mgr Joanna Kubik<\/a><\/strong><\/td><td><strong><strong>02\/02<\/strong> <\/strong>(15:00 \u2013 17:00), <strong><strong>16\/02<\/strong> <\/strong>(15:00 \u2013 17:00)<\/td><\/tr><tr><td><strong><a href=\"https:\/\/pans.krosno.pl\/pracownicy\/katarzyna-lisowicz\/\">mgr Katarzyna Lisowicz<\/a><\/strong><\/td><td><strong>05\/02<\/strong> (10:00 \u2013 12:00), <strong><strong>19\/02<\/strong> <\/strong>(10:00 \u2013 12:00)<\/td><\/tr><tr><td><strong><a href=\"https:\/\/pans.krosno.pl\/pracownicy\/beata-lorenc\/\">mgr Beata Lorenc<\/a><\/strong><\/td><td><strong>02\/02 <\/strong>(08:00 \u2013 09:00), <strong><strong>17\/02<\/strong> <\/strong>(08:00 \u2013 09:00)<\/td><\/tr><tr><td><a href=\"https:\/\/pans.krosno.pl\/pracownicy\/jolanta-lubas\/\"><strong>mgr Jolanta<\/strong> <strong>Luba\u015b<\/strong><\/a><\/td><td><strong>02\/02 <\/strong>(09:00 \u2013 11:00), <strong><strong>16\/02<\/strong> <\/strong>(09:00 \u2013 11:00)<\/td><\/tr><tr><td><strong><a href=\"https:\/\/pans.krosno.pl\/pracownicy\/anna-ksiazkiewicz\/\">mgr Anna Ksi\u0105\u017ckiewicz<\/a><\/strong><\/td><td><strong>10\/02 <\/strong>(10:00 \u2013 12:00), <strong><strong>20\/02<\/strong> <\/strong>(10:00 \u2013 12:00)<\/td><\/tr><tr><td><strong><a href=\"https:\/\/pans.krosno.pl\/pracownicy\/dawid-makowicz\/\">mgr Dawid Makowicz<\/a><\/strong><\/td><td><strong><strong>10\/02<\/strong><\/strong> (10:00 \u2013 12:00), <strong><strong>20\/02<\/strong> <\/strong>(10:00 \u2013 12:00)<\/td><\/tr><tr><td><strong><a href=\"https:\/\/pans.krosno.pl\/pracownicy\/malgorzata-moskal-szybka\/\">mgr Ma\u0142gorzata Moskal-Szybka<\/a><\/strong><\/td><td><strong><strong>10\/02<\/strong><\/strong> (10:00 \u2013 12:00), <strong><strong>20\/02<\/strong> <\/strong>(10:00 \u2013 12:00)<\/td><\/tr><tr><td><a href=\"https:\/\/pans.krosno.pl\/pracownicy\/stanislawa-olszyk\/\"><strong>mgr Stanis\u0142awa<\/strong> <strong>Olszyk<\/strong><\/a><\/td><td><strong><strong>03\/02<\/strong><\/strong> (14:00 \u2013 16:00), <strong><strong>17\/02<\/strong> <\/strong>(09:00 \u2013 11:00)<\/td><\/tr><tr><td><strong><a href=\"https:\/\/pans.krosno.pl\/pracownicy\/lukasz-szarek\/\">mgr \u0141ukasz Szarek<\/a><\/strong><\/td><td><strong>05\/02<\/strong> (10:00 \u2013 11:00), <strong><strong>19\/02<\/strong> <\/strong>(10:00 \u2013 11:00)<\/td><\/tr><tr><td><strong><a href=\"https:\/\/pans.krosno.pl\/pracownicy\/alicja-sniezek\/\">mgr Alicja \u015anie\u017cek<\/a><\/strong><\/td><td><strong>04\/02 <\/strong>(10:00 \u2013 11:00), <strong><strong>19\/02<\/strong> <\/strong>(14:00 \u2013 15:00)<\/td><\/tr><tr><td><strong><a href=\"https:\/\/pans.krosno.pl\/pracownicy\/klaudia-topolska\/\">mgr Klaudia Topolska<\/a><\/strong><\/td><td><strong>02\/02 <\/strong>(09:00 \u2013 11:00), <strong><strong>16\/02<\/strong> <\/strong>(09:00 \u2013 11:00)<\/td><\/tr><tr><td><strong><a href=\"https:\/\/pans.krosno.pl\/pracownicy\/jolanta-twardosz\/\">mgr Jolanta Twardosz<\/a><\/strong><\/td><td><strong>04\/02 <\/strong>(15:30 \u2013 16:30), <strong><strong>18\/02<\/strong> <\/strong>(15:30 \u2013 16:30)<\/td><\/tr><tr><td><strong><a href=\"https:\/\/pans.krosno.pl\/pracownicy\/michal-wojnar\/\">mgr Micha\u0142 Wojnar<\/a><\/strong><\/td><td><strong>04\/02 <\/strong>(09:00 \u2013 11:00), <strong><strong>18\/02<\/strong> <\/strong>(09:00 \u2013 11:00)<\/td><\/tr><tr><td><strong><a href=\"https:\/\/pans.krosno.pl\/pracownicy\/agata-zbylut\/\">mgr Agata Zbylut<\/a><\/strong><\/td><td><strong><strong>02\/02<\/strong> <\/strong>(10:15 \u2013 12:15), <strong><strong>16\/02<\/strong> <\/strong>(10:15 \u2013 12:15)<\/td><\/tr><\/tbody><\/table><\/figure>\n","protected":false},"excerpt":{"rendered":"<p>Dy\u017cury dydaktyczne &#8211; semestr letni 2025\/2026 Kierownik Zak\u0142adu Piel\u0119gniarstwa ul. Kazimierza Wielkiego 6, pok\u00f3j nr 6 mgr Ma\u0142gorzata Dziura wtorek (10:00 \u2013 12:00) Imi\u0119 i nazwisko nauczyciela ul. Kazimierza Wielkiego 6, pok\u00f3j nr 2 prof. dr hab. n. med. J\u00f3zef Ry\u017cko wg harmonogramu zaj\u0119\u0107 (13:00 \u2013 15:00) dr hab. n. [\u2026] <\/p>\n<div class=\"clear\"><\/div>\n<p><a class=\"more_link clearfix\" href=\"https:\/\/pans.krosno.pl\/pielegniarstwo\/dyzury-pracownikow\/\" rel=\"nofollow\">Read More<\/a><\/p>\n","protected":false},"author":27,"featured_media":0,"parent":0,"menu_order":0,"comment_status":"closed","ping_status":"closed","template":"page-templates\/template-full-width.php","meta":{"ngg_post_thumbnail":0,"footnotes":""},"class_list":["post-92","page","type-page","status-publish","hentry"],"yoast_head":"<!-- This site is optimized with the Yoast SEO Premium plugin v27.3 (Yoast SEO v27.3) - https:\/\/yoast.com\/product\/yoast-seo-premium-wordpress\/ -->\n<title>Dy\u017cury dydaktyczne - Piel\u0119gniarstwo PANS w Kro\u015bnie<\/title>\n<meta name=\"description\" content=\"KPU w Kro\u015bnie . Piel\u0119gniarstwo PANS w Kro\u015bnie - Dy\u017cury dydaktyczne\" \/>\n<meta name=\"robots\" content=\"index, follow, max-snippet:-1, max-image-preview:large, max-video-preview:-1\" \/>\n<link rel=\"canonical\" href=\"https:\/\/pans.krosno.pl\/pielegniarstwo\/dyzury-pracownikow\/\" \/>\n<meta property=\"og:locale\" content=\"pl_PL\" \/>\n<meta property=\"og:type\" content=\"article\" \/>\n<meta property=\"og:title\" content=\"Dy\u017cury dydaktyczne\" \/>\n<meta property=\"og:description\" content=\"KPU w Kro\u015bnie . Piel\u0119gniarstwo PANS w Kro\u015bnie - Dy\u017cury dydaktyczne\" \/>\n<meta property=\"og:url\" content=\"https:\/\/pans.krosno.pl\/pielegniarstwo\/dyzury-pracownikow\/\" \/>\n<meta property=\"og:site_name\" content=\"Piel\u0119gniarstwo PANS w Kro\u015bnie\" \/>\n<meta property=\"article:modified_time\" content=\"2026-02-26T08:55:07+00:00\" \/>\n<meta name=\"twitter:card\" content=\"summary_large_image\" \/>\n<meta name=\"twitter:label1\" content=\"Szacowany czas czytania\" \/>\n\t<meta name=\"twitter:data1\" content=\"4 minuty\" \/>\n<script type=\"application\/ld+json\" class=\"yoast-schema-graph\">{\"@context\":\"https:\\\/\\\/schema.org\",\"@graph\":[{\"@type\":\"WebPage\",\"@id\":\"https:\\\/\\\/pans.krosno.pl\\\/pielegniarstwo\\\/dyzury-pracownikow\\\/\",\"url\":\"https:\\\/\\\/pans.krosno.pl\\\/pielegniarstwo\\\/dyzury-pracownikow\\\/\",\"name\":\"Dy\u017cury dydaktyczne - Piel\u0119gniarstwo PANS w Kro\u015bnie\",\"isPartOf\":{\"@id\":\"https:\\\/\\\/pans.krosno.pl\\\/pielegniarstwo\\\/#website\"},\"datePublished\":\"2019-11-06T09:02:05+00:00\",\"dateModified\":\"2026-02-26T08:55:07+00:00\",\"description\":\"KPU w Kro\u015bnie . Piel\u0119gniarstwo PANS w Kro\u015bnie - Dy\u017cury dydaktyczne\",\"breadcrumb\":{\"@id\":\"https:\\\/\\\/pans.krosno.pl\\\/pielegniarstwo\\\/dyzury-pracownikow\\\/#breadcrumb\"},\"inLanguage\":\"pl-PL\",\"potentialAction\":[{\"@type\":\"ReadAction\",\"target\":[\"https:\\\/\\\/pans.krosno.pl\\\/pielegniarstwo\\\/dyzury-pracownikow\\\/\"]}]},{\"@type\":\"BreadcrumbList\",\"@id\":\"https:\\\/\\\/pans.krosno.pl\\\/pielegniarstwo\\\/dyzury-pracownikow\\\/#breadcrumb\",\"itemListElement\":[{\"@type\":\"ListItem\",\"position\":1,\"name\":\"Strona g\u0142\u00f3wna\",\"item\":\"https:\\\/\\\/pans.krosno.pl\\\/pielegniarstwo\\\/\"},{\"@type\":\"ListItem\",\"position\":2,\"name\":\"Dy\u017cury dydaktyczne\"}]},{\"@type\":\"WebSite\",\"@id\":\"https:\\\/\\\/pans.krosno.pl\\\/pielegniarstwo\\\/#website\",\"url\":\"https:\\\/\\\/pans.krosno.pl\\\/pielegniarstwo\\\/\",\"name\":\"Piel\u0119gniarstwo PANS w Kro\u015bnie\",\"description\":\"Piel\u0119gniarstwo - Pa\u0144stwowa Akademia Nauk Stosowanych\",\"publisher\":{\"@id\":\"https:\\\/\\\/pans.krosno.pl\\\/pielegniarstwo\\\/#organization\"},\"potentialAction\":[{\"@type\":\"SearchAction\",\"target\":{\"@type\":\"EntryPoint\",\"urlTemplate\":\"https:\\\/\\\/pans.krosno.pl\\\/pielegniarstwo\\\/?s={search_term_string}\"},\"query-input\":{\"@type\":\"PropertyValueSpecification\",\"valueRequired\":true,\"valueName\":\"search_term_string\"}}],\"inLanguage\":\"pl-PL\"},{\"@type\":\"Organization\",\"@id\":\"https:\\\/\\\/pans.krosno.pl\\\/pielegniarstwo\\\/#organization\",\"name\":\"Piel\u0119gniarstwo PANS w Kro\u015bnie\",\"url\":\"https:\\\/\\\/pans.krosno.pl\\\/pielegniarstwo\\\/\",\"logo\":{\"@type\":\"ImageObject\",\"inLanguage\":\"pl-PL\",\"@id\":\"https:\\\/\\\/pans.krosno.pl\\\/pielegniarstwo\\\/#\\\/schema\\\/logo\\\/image\\\/\",\"url\":\"https:\\\/\\\/pans.krosno.pl\\\/pielegniarstwo\\\/wp-content\\\/uploads\\\/sites\\\/8\\\/2023\\\/01\\\/Logo-PANS-2022-pelne.png\",\"contentUrl\":\"https:\\\/\\\/pans.krosno.pl\\\/pielegniarstwo\\\/wp-content\\\/uploads\\\/sites\\\/8\\\/2023\\\/01\\\/Logo-PANS-2022-pelne.png\",\"width\":3096,\"height\":696,\"caption\":\"Piel\u0119gniarstwo PANS w Kro\u015bnie\"},\"image\":{\"@id\":\"https:\\\/\\\/pans.krosno.pl\\\/pielegniarstwo\\\/#\\\/schema\\\/logo\\\/image\\\/\"}}]}<\/script>\n<!-- \/ Yoast SEO Premium plugin. -->","yoast_head_json":{"title":"Dy\u017cury dydaktyczne - Piel\u0119gniarstwo PANS w Kro\u015bnie","description":"KPU w Kro\u015bnie . Piel\u0119gniarstwo PANS w Kro\u015bnie - Dy\u017cury dydaktyczne","robots":{"index":"index","follow":"follow","max-snippet":"max-snippet:-1","max-image-preview":"max-image-preview:large","max-video-preview":"max-video-preview:-1"},"canonical":"https:\/\/pans.krosno.pl\/pielegniarstwo\/dyzury-pracownikow\/","og_locale":"pl_PL","og_type":"article","og_title":"Dy\u017cury dydaktyczne","og_description":"KPU w Kro\u015bnie . Piel\u0119gniarstwo PANS w Kro\u015bnie - Dy\u017cury dydaktyczne","og_url":"https:\/\/pans.krosno.pl\/pielegniarstwo\/dyzury-pracownikow\/","og_site_name":"Piel\u0119gniarstwo PANS w Kro\u015bnie","article_modified_time":"2026-02-26T08:55:07+00:00","twitter_card":"summary_large_image","twitter_misc":{"Szacowany czas czytania":"4 minuty"},"schema":{"@context":"https:\/\/schema.org","@graph":[{"@type":"WebPage","@id":"https:\/\/pans.krosno.pl\/pielegniarstwo\/dyzury-pracownikow\/","url":"https:\/\/pans.krosno.pl\/pielegniarstwo\/dyzury-pracownikow\/","name":"Dy\u017cury dydaktyczne - Piel\u0119gniarstwo PANS w Kro\u015bnie","isPartOf":{"@id":"https:\/\/pans.krosno.pl\/pielegniarstwo\/#website"},"datePublished":"2019-11-06T09:02:05+00:00","dateModified":"2026-02-26T08:55:07+00:00","description":"KPU w Kro\u015bnie . Piel\u0119gniarstwo PANS w Kro\u015bnie - Dy\u017cury dydaktyczne","breadcrumb":{"@id":"https:\/\/pans.krosno.pl\/pielegniarstwo\/dyzury-pracownikow\/#breadcrumb"},"inLanguage":"pl-PL","potentialAction":[{"@type":"ReadAction","target":["https:\/\/pans.krosno.pl\/pielegniarstwo\/dyzury-pracownikow\/"]}]},{"@type":"BreadcrumbList","@id":"https:\/\/pans.krosno.pl\/pielegniarstwo\/dyzury-pracownikow\/#breadcrumb","itemListElement":[{"@type":"ListItem","position":1,"name":"Strona g\u0142\u00f3wna","item":"https:\/\/pans.krosno.pl\/pielegniarstwo\/"},{"@type":"ListItem","position":2,"name":"Dy\u017cury dydaktyczne"}]},{"@type":"WebSite","@id":"https:\/\/pans.krosno.pl\/pielegniarstwo\/#website","url":"https:\/\/pans.krosno.pl\/pielegniarstwo\/","name":"Piel\u0119gniarstwo PANS w Kro\u015bnie","description":"Piel\u0119gniarstwo - Pa\u0144stwowa Akademia Nauk Stosowanych","publisher":{"@id":"https:\/\/pans.krosno.pl\/pielegniarstwo\/#organization"},"potentialAction":[{"@type":"SearchAction","target":{"@type":"EntryPoint","urlTemplate":"https:\/\/pans.krosno.pl\/pielegniarstwo\/?s={search_term_string}"},"query-input":{"@type":"PropertyValueSpecification","valueRequired":true,"valueName":"search_term_string"}}],"inLanguage":"pl-PL"},{"@type":"Organization","@id":"https:\/\/pans.krosno.pl\/pielegniarstwo\/#organization","name":"Piel\u0119gniarstwo PANS w Kro\u015bnie","url":"https:\/\/pans.krosno.pl\/pielegniarstwo\/","logo":{"@type":"ImageObject","inLanguage":"pl-PL","@id":"https:\/\/pans.krosno.pl\/pielegniarstwo\/#\/schema\/logo\/image\/","url":"https:\/\/pans.krosno.pl\/pielegniarstwo\/wp-content\/uploads\/sites\/8\/2023\/01\/Logo-PANS-2022-pelne.png","contentUrl":"https:\/\/pans.krosno.pl\/pielegniarstwo\/wp-content\/uploads\/sites\/8\/2023\/01\/Logo-PANS-2022-pelne.png","width":3096,"height":696,"caption":"Piel\u0119gniarstwo PANS w Kro\u015bnie"},"image":{"@id":"https:\/\/pans.krosno.pl\/pielegniarstwo\/#\/schema\/logo\/image\/"}}]}},"_links":{"self":[{"href":"https:\/\/pans.krosno.pl\/pielegniarstwo\/wp-json\/wp\/v2\/pages\/92","targetHints":{"allow":["GET"]}}],"collection":[{"href":"https:\/\/pans.krosno.pl\/pielegniarstwo\/wp-json\/wp\/v2\/pages"}],"about":[{"href":"https:\/\/pans.krosno.pl\/pielegniarstwo\/wp-json\/wp\/v2\/types\/page"}],"author":[{"embeddable":true,"href":"https:\/\/pans.krosno.pl\/pielegniarstwo\/wp-json\/wp\/v2\/users\/27"}],"replies":[{"embeddable":true,"href":"https:\/\/pans.krosno.pl\/pielegniarstwo\/wp-json\/wp\/v2\/comments?post=92"}],"version-history":[{"count":181,"href":"https:\/\/pans.krosno.pl\/pielegniarstwo\/wp-json\/wp\/v2\/pages\/92\/revisions"}],"predecessor-version":[{"id":6192,"href":"https:\/\/pans.krosno.pl\/pielegniarstwo\/wp-json\/wp\/v2\/pages\/92\/revisions\/6192"}],"wp:attachment":[{"href":"https:\/\/pans.krosno.pl\/pielegniarstwo\/wp-json\/wp\/v2\/media?parent=92"}],"curies":[{"name":"wp","href":"https:\/\/api.w.org\/{rel}","templated":true}]}}