{"id":91,"date":"2019-11-06T10:02:05","date_gmt":"2019-11-06T09:02:05","guid":{"rendered":"https:\/\/pans.krosno.pl\/pielegniarstwo\/?page_id=91"},"modified":"2026-02-13T13:02:47","modified_gmt":"2026-02-13T12:02:47","slug":"sesja-egzaminacyjna","status":"publish","type":"page","link":"https:\/\/pans.krosno.pl\/pielegniarstwo\/sesja-egzaminacyjna\/","title":{"rendered":"Sesja egzaminacyjna"},"content":{"rendered":"\n<p><strong>HARMONOGRAM POPRAWKOWEJ (zimowej)&nbsp; SESJI EGZAMINACYJNEJ W ROKU AKADEMICKIM 2025\/2026<\/strong><\/p>\n\n\n\n<p><strong><u>od 16 lutego (poniedzia\u0142ek) do 22 lutego (niedziela)<\/u><\/strong><\/p>\n\n\n\n<p><strong><em>I PIEL\u0118GNIARSTWO \u2013 STACJONARNE<\/em><\/strong><\/p>\n\n\n\n<figure class=\"wp-block-table\"><table class=\"has-fixed-layout\"><tbody><tr><td>Przedmiot<\/td><td><strong>Forma<\/strong><\/td><td><strong>Prowadz\u0105cy<\/strong><\/td><td><strong>Data<\/strong><\/td><td><strong>Godzina<\/strong><\/td><td><strong>Sala<\/strong><\/td><td><strong>Uwagi<\/strong><\/td><\/tr><tr><td>Anatomia<\/td><td>e. pisemny<\/td><td><strong>dr E. Smole\u0144<\/strong><\/td><td>17.02.2026r.<\/td><td>10.00-11.30<\/td><td>KW6 s.4<\/td><td>&nbsp;<\/td><\/tr><tr><td>Psychologia<\/td><td>e. pisemny<\/td><td><strong>dr I. Durkalevych<\/strong><\/td><td>16.02.2026r.<\/td><td>10.00-11.00<\/td><td>KW8 pn22<\/td><td>&nbsp;<\/td><\/tr><\/tbody><\/table><\/figure>\n\n\n\n<p><strong><em>II PIEL\u0118GNIARSTWO \u2013 STACJONARNE<\/em><\/strong><\/p>\n\n\n\n<figure class=\"wp-block-table\"><table class=\"has-fixed-layout\"><tbody><tr><td>Przedmiot<\/td><td><strong>Forma<\/strong><\/td><td><strong>Prowadz\u0105cy<\/strong><\/td><td><strong>Data<\/strong><\/td><td><strong>Godzina<\/strong><\/td><td><strong>Sala<\/strong><\/td><td><strong>Uwagi<\/strong><\/td><\/tr><tr><td>Choroby wewn\u0119trzne i piel\u0119gniarstwo internistyczne<\/td><td>e. pisemny<\/td><td>dr R.Dziubaszewska dr B.Kumiega<\/td><td>16.02.2026r.<\/td><td>12.00-13.30 15.30-16.30&nbsp;&nbsp;&nbsp;&nbsp;&nbsp;&nbsp;&nbsp;&nbsp;&nbsp;&nbsp;&nbsp;<\/td><td>KW6 s.4<\/td><td>&nbsp;<\/td><\/tr><tr><td>Chirurgia i piel\u0119gniarstwo chirurgiczne<\/td><td>e. pisemny<\/td><td>mgr M. Moskal &#8211; Szybka<\/td><td>18.02.2026r.<\/td><td>10.00-11.00<\/td><td>KW6s.4<\/td><td>&nbsp;<\/td><\/tr><\/tbody><\/table><\/figure>\n\n\n\n<p><strong><em>III PIEL\u0118GNIARSTWO \u2013 STACJONARNE<\/em><\/strong><\/p>\n\n\n\n<figure class=\"wp-block-table\"><table class=\"has-fixed-layout\"><tbody><tr><td>Przedmiot<\/td><td><strong>Forma<\/strong><\/td><td><strong>Prowadz\u0105cy<\/strong><\/td><td><strong>Data<\/strong><\/td><td><strong>Godzina<\/strong><\/td><td><strong>Sala<\/strong><\/td><td><strong>Uwagi<\/strong><\/td><\/tr><tr><td>Piel\u0119gniarstwo w opiece d\u0142ugoterminowej<\/td><td>e. pisemny<\/td><td>dr E.Smole\u0144<\/td><td>17.02.2026r.<\/td><td>13.00-14.00<\/td><td>KW6s.4<\/td><td>&nbsp;<\/td><\/tr><\/tbody><\/table><\/figure>\n","protected":false},"excerpt":{"rendered":"<p>HARMONOGRAM POPRAWKOWEJ (zimowej)&nbsp; SESJI EGZAMINACYJNEJ W ROKU AKADEMICKIM 2025\/2026 od 16 lutego (poniedzia\u0142ek) do 22 lutego (niedziela) I PIEL\u0118GNIARSTWO \u2013 STACJONARNE Przedmiot Forma Prowadz\u0105cy Data Godzina Sala Uwagi Anatomia e. pisemny dr E. Smole\u0144 17.02.2026r. 10.00-11.30 KW6 s.4 &nbsp; Psychologia e. pisemny dr I. Durkalevych 16.02.2026r. 10.00-11.00 KW8 pn22 &nbsp; [\u2026] <\/p>\n<div class=\"clear\"><\/div>\n<p><a class=\"more_link clearfix\" href=\"https:\/\/pans.krosno.pl\/pielegniarstwo\/sesja-egzaminacyjna\/\" rel=\"nofollow\">Read More<\/a><\/p>\n","protected":false},"author":1,"featured_media":0,"parent":0,"menu_order":0,"comment_status":"closed","ping_status":"closed","template":"page-templates\/template-full-width.php","meta":{"ngg_post_thumbnail":0,"footnotes":""},"class_list":["post-91","page","type-page","status-publish","hentry"],"yoast_head":"<!-- This site is optimized with the Yoast SEO Premium plugin v27.3 (Yoast SEO v27.3) - https:\/\/yoast.com\/product\/yoast-seo-premium-wordpress\/ -->\n<title>Sesja egzaminacyjna - Piel\u0119gniarstwo PANS w Kro\u015bnie<\/title>\n<meta name=\"robots\" content=\"index, follow, max-snippet:-1, max-image-preview:large, max-video-preview:-1\" \/>\n<link rel=\"canonical\" href=\"https:\/\/pans.krosno.pl\/pielegniarstwo\/sesja-egzaminacyjna\/\" \/>\n<meta property=\"og:locale\" content=\"pl_PL\" \/>\n<meta property=\"og:type\" content=\"article\" \/>\n<meta property=\"og:title\" content=\"Sesja egzaminacyjna\" \/>\n<meta property=\"og:description\" content=\"HARMONOGRAM POPRAWKOWEJ (zimowej)&nbsp; SESJI EGZAMINACYJNEJ W ROKU AKADEMICKIM 2025\/2026 od 16 lutego (poniedzia\u0142ek) do 22 lutego (niedziela) I PIEL\u0118GNIARSTWO \u2013 STACJONARNE Przedmiot Forma Prowadz\u0105cy Data Godzina Sala Uwagi Anatomia e. pisemny dr E. Smole\u0144 17.02.2026r. 10.00-11.30 KW6 s.4 &nbsp; Psychologia e. pisemny dr I. Durkalevych 16.02.2026r. 10.00-11.00 KW8 pn22 &nbsp; [\u2026] Read More\" \/>\n<meta property=\"og:url\" content=\"https:\/\/pans.krosno.pl\/pielegniarstwo\/sesja-egzaminacyjna\/\" \/>\n<meta property=\"og:site_name\" content=\"Piel\u0119gniarstwo PANS w Kro\u015bnie\" \/>\n<meta property=\"article:modified_time\" content=\"2026-02-13T12:02:47+00:00\" \/>\n<meta name=\"twitter:card\" content=\"summary_large_image\" \/>\n<script type=\"application\/ld+json\" class=\"yoast-schema-graph\">{\"@context\":\"https:\\\/\\\/schema.org\",\"@graph\":[{\"@type\":\"WebPage\",\"@id\":\"https:\\\/\\\/pans.krosno.pl\\\/pielegniarstwo\\\/sesja-egzaminacyjna\\\/\",\"url\":\"https:\\\/\\\/pans.krosno.pl\\\/pielegniarstwo\\\/sesja-egzaminacyjna\\\/\",\"name\":\"Sesja egzaminacyjna - Piel\u0119gniarstwo PANS w Kro\u015bnie\",\"isPartOf\":{\"@id\":\"https:\\\/\\\/pans.krosno.pl\\\/pielegniarstwo\\\/#website\"},\"datePublished\":\"2019-11-06T09:02:05+00:00\",\"dateModified\":\"2026-02-13T12:02:47+00:00\",\"breadcrumb\":{\"@id\":\"https:\\\/\\\/pans.krosno.pl\\\/pielegniarstwo\\\/sesja-egzaminacyjna\\\/#breadcrumb\"},\"inLanguage\":\"pl-PL\",\"potentialAction\":[{\"@type\":\"ReadAction\",\"target\":[\"https:\\\/\\\/pans.krosno.pl\\\/pielegniarstwo\\\/sesja-egzaminacyjna\\\/\"]}]},{\"@type\":\"BreadcrumbList\",\"@id\":\"https:\\\/\\\/pans.krosno.pl\\\/pielegniarstwo\\\/sesja-egzaminacyjna\\\/#breadcrumb\",\"itemListElement\":[{\"@type\":\"ListItem\",\"position\":1,\"name\":\"Strona g\u0142\u00f3wna\",\"item\":\"https:\\\/\\\/pans.krosno.pl\\\/pielegniarstwo\\\/\"},{\"@type\":\"ListItem\",\"position\":2,\"name\":\"Sesja egzaminacyjna\"}]},{\"@type\":\"WebSite\",\"@id\":\"https:\\\/\\\/pans.krosno.pl\\\/pielegniarstwo\\\/#website\",\"url\":\"https:\\\/\\\/pans.krosno.pl\\\/pielegniarstwo\\\/\",\"name\":\"Piel\u0119gniarstwo PANS w Kro\u015bnie\",\"description\":\"Piel\u0119gniarstwo - Pa\u0144stwowa Akademia Nauk Stosowanych\",\"publisher\":{\"@id\":\"https:\\\/\\\/pans.krosno.pl\\\/pielegniarstwo\\\/#organization\"},\"potentialAction\":[{\"@type\":\"SearchAction\",\"target\":{\"@type\":\"EntryPoint\",\"urlTemplate\":\"https:\\\/\\\/pans.krosno.pl\\\/pielegniarstwo\\\/?s={search_term_string}\"},\"query-input\":{\"@type\":\"PropertyValueSpecification\",\"valueRequired\":true,\"valueName\":\"search_term_string\"}}],\"inLanguage\":\"pl-PL\"},{\"@type\":\"Organization\",\"@id\":\"https:\\\/\\\/pans.krosno.pl\\\/pielegniarstwo\\\/#organization\",\"name\":\"Piel\u0119gniarstwo PANS w Kro\u015bnie\",\"url\":\"https:\\\/\\\/pans.krosno.pl\\\/pielegniarstwo\\\/\",\"logo\":{\"@type\":\"ImageObject\",\"inLanguage\":\"pl-PL\",\"@id\":\"https:\\\/\\\/pans.krosno.pl\\\/pielegniarstwo\\\/#\\\/schema\\\/logo\\\/image\\\/\",\"url\":\"https:\\\/\\\/pans.krosno.pl\\\/pielegniarstwo\\\/wp-content\\\/uploads\\\/sites\\\/8\\\/2023\\\/01\\\/Logo-PANS-2022-pelne.png\",\"contentUrl\":\"https:\\\/\\\/pans.krosno.pl\\\/pielegniarstwo\\\/wp-content\\\/uploads\\\/sites\\\/8\\\/2023\\\/01\\\/Logo-PANS-2022-pelne.png\",\"width\":3096,\"height\":696,\"caption\":\"Piel\u0119gniarstwo PANS w Kro\u015bnie\"},\"image\":{\"@id\":\"https:\\\/\\\/pans.krosno.pl\\\/pielegniarstwo\\\/#\\\/schema\\\/logo\\\/image\\\/\"}}]}<\/script>\n<!-- \/ Yoast SEO Premium plugin. -->","yoast_head_json":{"title":"Sesja egzaminacyjna - Piel\u0119gniarstwo PANS w Kro\u015bnie","robots":{"index":"index","follow":"follow","max-snippet":"max-snippet:-1","max-image-preview":"max-image-preview:large","max-video-preview":"max-video-preview:-1"},"canonical":"https:\/\/pans.krosno.pl\/pielegniarstwo\/sesja-egzaminacyjna\/","og_locale":"pl_PL","og_type":"article","og_title":"Sesja egzaminacyjna","og_description":"HARMONOGRAM POPRAWKOWEJ (zimowej)&nbsp; SESJI EGZAMINACYJNEJ W ROKU AKADEMICKIM 2025\/2026 od 16 lutego (poniedzia\u0142ek) do 22 lutego (niedziela) I PIEL\u0118GNIARSTWO \u2013 STACJONARNE Przedmiot Forma Prowadz\u0105cy Data Godzina Sala Uwagi Anatomia e. pisemny dr E. Smole\u0144 17.02.2026r. 10.00-11.30 KW6 s.4 &nbsp; Psychologia e. pisemny dr I. Durkalevych 16.02.2026r. 10.00-11.00 KW8 pn22 &nbsp; [\u2026] Read More","og_url":"https:\/\/pans.krosno.pl\/pielegniarstwo\/sesja-egzaminacyjna\/","og_site_name":"Piel\u0119gniarstwo PANS w Kro\u015bnie","article_modified_time":"2026-02-13T12:02:47+00:00","twitter_card":"summary_large_image","schema":{"@context":"https:\/\/schema.org","@graph":[{"@type":"WebPage","@id":"https:\/\/pans.krosno.pl\/pielegniarstwo\/sesja-egzaminacyjna\/","url":"https:\/\/pans.krosno.pl\/pielegniarstwo\/sesja-egzaminacyjna\/","name":"Sesja egzaminacyjna - Piel\u0119gniarstwo PANS w Kro\u015bnie","isPartOf":{"@id":"https:\/\/pans.krosno.pl\/pielegniarstwo\/#website"},"datePublished":"2019-11-06T09:02:05+00:00","dateModified":"2026-02-13T12:02:47+00:00","breadcrumb":{"@id":"https:\/\/pans.krosno.pl\/pielegniarstwo\/sesja-egzaminacyjna\/#breadcrumb"},"inLanguage":"pl-PL","potentialAction":[{"@type":"ReadAction","target":["https:\/\/pans.krosno.pl\/pielegniarstwo\/sesja-egzaminacyjna\/"]}]},{"@type":"BreadcrumbList","@id":"https:\/\/pans.krosno.pl\/pielegniarstwo\/sesja-egzaminacyjna\/#breadcrumb","itemListElement":[{"@type":"ListItem","position":1,"name":"Strona g\u0142\u00f3wna","item":"https:\/\/pans.krosno.pl\/pielegniarstwo\/"},{"@type":"ListItem","position":2,"name":"Sesja egzaminacyjna"}]},{"@type":"WebSite","@id":"https:\/\/pans.krosno.pl\/pielegniarstwo\/#website","url":"https:\/\/pans.krosno.pl\/pielegniarstwo\/","name":"Piel\u0119gniarstwo PANS w Kro\u015bnie","description":"Piel\u0119gniarstwo - Pa\u0144stwowa Akademia Nauk Stosowanych","publisher":{"@id":"https:\/\/pans.krosno.pl\/pielegniarstwo\/#organization"},"potentialAction":[{"@type":"SearchAction","target":{"@type":"EntryPoint","urlTemplate":"https:\/\/pans.krosno.pl\/pielegniarstwo\/?s={search_term_string}"},"query-input":{"@type":"PropertyValueSpecification","valueRequired":true,"valueName":"search_term_string"}}],"inLanguage":"pl-PL"},{"@type":"Organization","@id":"https:\/\/pans.krosno.pl\/pielegniarstwo\/#organization","name":"Piel\u0119gniarstwo PANS w Kro\u015bnie","url":"https:\/\/pans.krosno.pl\/pielegniarstwo\/","logo":{"@type":"ImageObject","inLanguage":"pl-PL","@id":"https:\/\/pans.krosno.pl\/pielegniarstwo\/#\/schema\/logo\/image\/","url":"https:\/\/pans.krosno.pl\/pielegniarstwo\/wp-content\/uploads\/sites\/8\/2023\/01\/Logo-PANS-2022-pelne.png","contentUrl":"https:\/\/pans.krosno.pl\/pielegniarstwo\/wp-content\/uploads\/sites\/8\/2023\/01\/Logo-PANS-2022-pelne.png","width":3096,"height":696,"caption":"Piel\u0119gniarstwo PANS w Kro\u015bnie"},"image":{"@id":"https:\/\/pans.krosno.pl\/pielegniarstwo\/#\/schema\/logo\/image\/"}}]}},"_links":{"self":[{"href":"https:\/\/pans.krosno.pl\/pielegniarstwo\/wp-json\/wp\/v2\/pages\/91","targetHints":{"allow":["GET"]}}],"collection":[{"href":"https:\/\/pans.krosno.pl\/pielegniarstwo\/wp-json\/wp\/v2\/pages"}],"about":[{"href":"https:\/\/pans.krosno.pl\/pielegniarstwo\/wp-json\/wp\/v2\/types\/page"}],"author":[{"embeddable":true,"href":"https:\/\/pans.krosno.pl\/pielegniarstwo\/wp-json\/wp\/v2\/users\/1"}],"replies":[{"embeddable":true,"href":"https:\/\/pans.krosno.pl\/pielegniarstwo\/wp-json\/wp\/v2\/comments?post=91"}],"version-history":[{"count":41,"href":"https:\/\/pans.krosno.pl\/pielegniarstwo\/wp-json\/wp\/v2\/pages\/91\/revisions"}],"predecessor-version":[{"id":6175,"href":"https:\/\/pans.krosno.pl\/pielegniarstwo\/wp-json\/wp\/v2\/pages\/91\/revisions\/6175"}],"wp:attachment":[{"href":"https:\/\/pans.krosno.pl\/pielegniarstwo\/wp-json\/wp\/v2\/media?parent=91"}],"curies":[{"name":"wp","href":"https:\/\/api.w.org\/{rel}","templated":true}]}}