{"id":557,"date":"2019-12-16T17:36:03","date_gmt":"2019-12-16T16:36:03","guid":{"rendered":"https:\/\/pans.krosno.pl\/pielegniarstwo\/?page_id=557"},"modified":"2020-07-07T11:22:45","modified_gmt":"2020-07-07T09:22:45","slug":"ankieta-konkursowa-naj-opiekun","status":"publish","type":"page","link":"https:\/\/pans.krosno.pl\/pielegniarstwo\/konkursy\/konkurs-na-najlepszego-opiekuna\/ankieta-konkursowa-naj-opiekun\/","title":{"rendered":"Ankieta konkursowa"},"content":{"rendered":"<p style=\"text-align: center\">Szanowny Studencie,<br \/>\nBardzo prosz\u0119 o anonimowe wyra\u017cenie opinii dotycz\u0105cej osoby NAJLEPSZEGO opiekuna praktyk zawodowych i jego dzia\u0142a\u0144 na rzecz w\u0142a\u015bciwej realizacji tej formy kszta\u0142cenia.<br \/>\nNazwisko i imi\u0119 najlepszego opiekuna wg CIEBIE:\u00a0\u00a0 &#8230;&#8230;&#8230;&#8230;&#8230;&#8230;&#8230;&#8230;&#8230;&#8230;&#8230;&#8230;&#8230;&#8230;&#8230;&#8230;.<br \/>\nProsz\u0119 o okre\u015blenie na skali od 0 do 10 punkt\u00f3w nast\u0119puj\u0105cych kryteri\u00f3w oceny:<\/p>\n<p style=\"text-align: left\">\n<p>1.\u00a0\u00a0\u00a0 0&#8212;&#8212;&#8212;&#8212;&#8212;&#8212;&#8212;&#8212;&#8212;&#8212;&#8212;&#8212;&#8212;&#8212;&#8212;&#8212;&#8212;&#8212;&#8212;&#8211;10pkt.<br \/>\nPREZENTOWANA POSTAWA ZAWODOWA<\/p>\n<p>2.\u00a0\u00a0\u00a0 0&#8212;&#8212;&#8212;&#8212;&#8212;&#8212;&#8212;&#8212;&#8212;&#8212;&#8212;&#8212;&#8212;&#8212;&#8212;&#8212;&#8212;&#8212;&#8212;&#8211;10pkt.<br \/>\nPUNKTUALNO\u015a\u0106 ROZPOCZYNANIA I KO\u0143CZENIA ZAJ\u0118\u0106<\/p>\n<p>3.\u00a0\u00a0\u00a0 0&#8212;&#8212;&#8212;&#8212;&#8212;&#8212;&#8212;&#8212;&#8212;&#8212;&#8212;&#8212;&#8212;&#8212;&#8212;&#8212;&#8212;&#8212;&#8212;&#8211;10pkt.<br \/>\nWYJA\u015aNIANIE I OKRE\u015aLANIE ZADA\u0143 PRAKTYCZNYCH STUDENTOWI<\/p>\n<p>4.\u00a0\u00a0\u00a0 0&#8212;&#8212;&#8212;&#8212;&#8212;&#8212;&#8212;&#8212;&#8212;&#8212;&#8212;&#8212;&#8212;&#8212;&#8212;&#8212;&#8212;&#8212;&#8212;&#8211;10pkt.<br \/>\nPRZESTRZEGANIE ZNANYCH ZASAD I\u00a0 PROCEDUR POST\u0118POWANIA<\/p>\n<p>5.\u00a0\u00a0\u00a0 0&#8212;&#8212;&#8212;&#8212;&#8212;&#8212;&#8212;&#8212;&#8212;&#8212;&#8212;&#8212;&#8212;&#8212;&#8212;&#8212;&#8212;&#8212;&#8212;&#8211;10pkt.<br \/>\nWYZWALANIE INICJATYWY I TW\u00d3RCZEJ POSTAWY STUDENT\u00d3W<\/p>\n<p>6.\u00a0\u00a0\u00a0 0&#8212;&#8212;&#8212;&#8212;&#8212;&#8212;&#8212;&#8212;&#8212;&#8212;&#8212;&#8212;&#8212;&#8212;&#8212;&#8212;&#8212;&#8212;&#8212;&#8211;10pkt.<br \/>\nW\u0141A\u015aCIWE RELACJE INTERPERSONALNE STUDENT-NAUCZYCIEL<\/p>\n<p>7.\u00a0\u00a0\u00a0 0&#8212;&#8212;&#8212;&#8212;&#8212;&#8212;&#8212;&#8212;&#8212;&#8212;&#8212;&#8212;&#8212;&#8212;&#8212;&#8212;&#8212;&#8212;&#8212;&#8211;10pkt.<br \/>\nSTWORZONE WARUNKI DO DOSKONALENIA UMIEJ\u0118TNO\u015aCI ZAWODOWYCH<\/p>\n","protected":false},"excerpt":{"rendered":"<p>Szanowny Studencie, Bardzo prosz\u0119 o anonimowe wyra\u017cenie opinii dotycz\u0105cej osoby NAJLEPSZEGO opiekuna praktyk zawodowych i jego dzia\u0142a\u0144 na rzecz w\u0142a\u015bciwej realizacji tej formy kszta\u0142cenia. Nazwisko i imi\u0119 najlepszego opiekuna wg CIEBIE:\u00a0\u00a0 &#8230;&#8230;&#8230;&#8230;&#8230;&#8230;&#8230;&#8230;&#8230;&#8230;&#8230;&#8230;&#8230;&#8230;&#8230;&#8230;. Prosz\u0119 o okre\u015blenie na skali od 0 do 10 punkt\u00f3w nast\u0119puj\u0105cych kryteri\u00f3w oceny: 1.\u00a0\u00a0\u00a0 0&#8212;&#8212;&#8212;&#8212;&#8212;&#8212;&#8212;&#8212;&#8212;&#8212;&#8212;&#8212;&#8212;&#8212;&#8212;&#8212;&#8212;&#8212;&#8212;&#8211;10pkt. PREZENTOWANA POSTAWA ZAWODOWA [\u2026] <\/p>\n<div class=\"clear\"><\/div>\n<p><a class=\"more_link clearfix\" href=\"https:\/\/pans.krosno.pl\/pielegniarstwo\/konkursy\/konkurs-na-najlepszego-opiekuna\/ankieta-konkursowa-naj-opiekun\/\" rel=\"nofollow\">Read More<\/a><\/p>\n","protected":false},"author":27,"featured_media":0,"parent":534,"menu_order":2,"comment_status":"closed","ping_status":"closed","template":"page-templates\/template-full-width.php","meta":{"ngg_post_thumbnail":0,"footnotes":""},"class_list":["post-557","page","type-page","status-publish","hentry"],"yoast_head":"<!-- This site is optimized with the Yoast SEO Premium plugin v27.3 (Yoast SEO v27.3) - https:\/\/yoast.com\/product\/yoast-seo-premium-wordpress\/ -->\n<title>Ankieta konkursowa - Piel\u0119gniarstwo PANS w Kro\u015bnie<\/title>\n<meta name=\"robots\" content=\"index, follow, max-snippet:-1, max-image-preview:large, max-video-preview:-1\" \/>\n<link rel=\"canonical\" href=\"https:\/\/pans.krosno.pl\/pielegniarstwo\/konkursy\/konkurs-na-najlepszego-opiekuna\/ankieta-konkursowa-naj-opiekun\/\" \/>\n<meta property=\"og:locale\" content=\"pl_PL\" \/>\n<meta property=\"og:type\" content=\"article\" \/>\n<meta property=\"og:title\" content=\"Ankieta konkursowa\" \/>\n<meta property=\"og:description\" content=\"Szanowny Studencie, Bardzo prosz\u0119 o anonimowe wyra\u017cenie opinii dotycz\u0105cej osoby NAJLEPSZEGO opiekuna praktyk zawodowych i jego dzia\u0142a\u0144 na rzecz w\u0142a\u015bciwej realizacji tej formy kszta\u0142cenia. Nazwisko i imi\u0119 najlepszego opiekuna wg CIEBIE:\u00a0\u00a0 &#8230;&#8230;&#8230;&#8230;&#8230;&#8230;&#8230;&#8230;&#8230;&#8230;&#8230;&#8230;&#8230;&#8230;&#8230;&#8230;. Prosz\u0119 o okre\u015blenie na skali od 0 do 10 punkt\u00f3w nast\u0119puj\u0105cych kryteri\u00f3w oceny: 1.\u00a0\u00a0\u00a0 0&#8212;&#8212;&#8212;&#8212;&#8212;&#8212;&#8212;&#8212;&#8212;&#8212;&#8212;&#8212;&#8212;&#8212;&#8212;&#8212;&#8212;&#8212;&#8212;&#8211;10pkt. PREZENTOWANA POSTAWA ZAWODOWA [\u2026] Read More\" \/>\n<meta property=\"og:url\" content=\"https:\/\/pans.krosno.pl\/pielegniarstwo\/konkursy\/konkurs-na-najlepszego-opiekuna\/ankieta-konkursowa-naj-opiekun\/\" \/>\n<meta property=\"og:site_name\" content=\"Piel\u0119gniarstwo PANS w Kro\u015bnie\" \/>\n<meta property=\"article:modified_time\" content=\"2020-07-07T09:22:45+00:00\" \/>\n<meta name=\"twitter:card\" content=\"summary_large_image\" \/>\n<meta name=\"twitter:label1\" content=\"Szacowany czas czytania\" \/>\n\t<meta name=\"twitter:data1\" content=\"1 minuta\" \/>\n<script type=\"application\/ld+json\" class=\"yoast-schema-graph\">{\"@context\":\"https:\\\/\\\/schema.org\",\"@graph\":[{\"@type\":\"WebPage\",\"@id\":\"https:\\\/\\\/pans.krosno.pl\\\/pielegniarstwo\\\/konkursy\\\/konkurs-na-najlepszego-opiekuna\\\/ankieta-konkursowa-naj-opiekun\\\/\",\"url\":\"https:\\\/\\\/pans.krosno.pl\\\/pielegniarstwo\\\/konkursy\\\/konkurs-na-najlepszego-opiekuna\\\/ankieta-konkursowa-naj-opiekun\\\/\",\"name\":\"Ankieta konkursowa - Piel\u0119gniarstwo PANS w Kro\u015bnie\",\"isPartOf\":{\"@id\":\"https:\\\/\\\/pans.krosno.pl\\\/pielegniarstwo\\\/#website\"},\"datePublished\":\"2019-12-16T16:36:03+00:00\",\"dateModified\":\"2020-07-07T09:22:45+00:00\",\"breadcrumb\":{\"@id\":\"https:\\\/\\\/pans.krosno.pl\\\/pielegniarstwo\\\/konkursy\\\/konkurs-na-najlepszego-opiekuna\\\/ankieta-konkursowa-naj-opiekun\\\/#breadcrumb\"},\"inLanguage\":\"pl-PL\",\"potentialAction\":[{\"@type\":\"ReadAction\",\"target\":[\"https:\\\/\\\/pans.krosno.pl\\\/pielegniarstwo\\\/konkursy\\\/konkurs-na-najlepszego-opiekuna\\\/ankieta-konkursowa-naj-opiekun\\\/\"]}]},{\"@type\":\"BreadcrumbList\",\"@id\":\"https:\\\/\\\/pans.krosno.pl\\\/pielegniarstwo\\\/konkursy\\\/konkurs-na-najlepszego-opiekuna\\\/ankieta-konkursowa-naj-opiekun\\\/#breadcrumb\",\"itemListElement\":[{\"@type\":\"ListItem\",\"position\":1,\"name\":\"Strona g\u0142\u00f3wna\",\"item\":\"https:\\\/\\\/pans.krosno.pl\\\/pielegniarstwo\\\/\"},{\"@type\":\"ListItem\",\"position\":2,\"name\":\"Konkursy\",\"item\":\"https:\\\/\\\/pans.krosno.pl\\\/pielegniarstwo\\\/konkursy\\\/\"},{\"@type\":\"ListItem\",\"position\":3,\"name\":\"Konkurs na Najlepszego Opiekuna\",\"item\":\"https:\\\/\\\/pans.krosno.pl\\\/pielegniarstwo\\\/konkursy\\\/konkurs-na-najlepszego-opiekuna\\\/\"},{\"@type\":\"ListItem\",\"position\":4,\"name\":\"Ankieta konkursowa\"}]},{\"@type\":\"WebSite\",\"@id\":\"https:\\\/\\\/pans.krosno.pl\\\/pielegniarstwo\\\/#website\",\"url\":\"https:\\\/\\\/pans.krosno.pl\\\/pielegniarstwo\\\/\",\"name\":\"Piel\u0119gniarstwo PANS w Kro\u015bnie\",\"description\":\"Piel\u0119gniarstwo - Pa\u0144stwowa Akademia Nauk Stosowanych\",\"publisher\":{\"@id\":\"https:\\\/\\\/pans.krosno.pl\\\/pielegniarstwo\\\/#organization\"},\"potentialAction\":[{\"@type\":\"SearchAction\",\"target\":{\"@type\":\"EntryPoint\",\"urlTemplate\":\"https:\\\/\\\/pans.krosno.pl\\\/pielegniarstwo\\\/?s={search_term_string}\"},\"query-input\":{\"@type\":\"PropertyValueSpecification\",\"valueRequired\":true,\"valueName\":\"search_term_string\"}}],\"inLanguage\":\"pl-PL\"},{\"@type\":\"Organization\",\"@id\":\"https:\\\/\\\/pans.krosno.pl\\\/pielegniarstwo\\\/#organization\",\"name\":\"Piel\u0119gniarstwo PANS w Kro\u015bnie\",\"url\":\"https:\\\/\\\/pans.krosno.pl\\\/pielegniarstwo\\\/\",\"logo\":{\"@type\":\"ImageObject\",\"inLanguage\":\"pl-PL\",\"@id\":\"https:\\\/\\\/pans.krosno.pl\\\/pielegniarstwo\\\/#\\\/schema\\\/logo\\\/image\\\/\",\"url\":\"https:\\\/\\\/pans.krosno.pl\\\/pielegniarstwo\\\/wp-content\\\/uploads\\\/sites\\\/8\\\/2023\\\/01\\\/Logo-PANS-2022-pelne.png\",\"contentUrl\":\"https:\\\/\\\/pans.krosno.pl\\\/pielegniarstwo\\\/wp-content\\\/uploads\\\/sites\\\/8\\\/2023\\\/01\\\/Logo-PANS-2022-pelne.png\",\"width\":3096,\"height\":696,\"caption\":\"Piel\u0119gniarstwo PANS w Kro\u015bnie\"},\"image\":{\"@id\":\"https:\\\/\\\/pans.krosno.pl\\\/pielegniarstwo\\\/#\\\/schema\\\/logo\\\/image\\\/\"}}]}<\/script>\n<!-- \/ Yoast SEO Premium plugin. -->","yoast_head_json":{"title":"Ankieta konkursowa - Piel\u0119gniarstwo PANS w Kro\u015bnie","robots":{"index":"index","follow":"follow","max-snippet":"max-snippet:-1","max-image-preview":"max-image-preview:large","max-video-preview":"max-video-preview:-1"},"canonical":"https:\/\/pans.krosno.pl\/pielegniarstwo\/konkursy\/konkurs-na-najlepszego-opiekuna\/ankieta-konkursowa-naj-opiekun\/","og_locale":"pl_PL","og_type":"article","og_title":"Ankieta konkursowa","og_description":"Szanowny Studencie, Bardzo prosz\u0119 o anonimowe wyra\u017cenie opinii dotycz\u0105cej osoby NAJLEPSZEGO opiekuna praktyk zawodowych i jego dzia\u0142a\u0144 na rzecz w\u0142a\u015bciwej realizacji tej formy kszta\u0142cenia. Nazwisko i imi\u0119 najlepszego opiekuna wg CIEBIE:\u00a0\u00a0 &#8230;&#8230;&#8230;&#8230;&#8230;&#8230;&#8230;&#8230;&#8230;&#8230;&#8230;&#8230;&#8230;&#8230;&#8230;&#8230;. Prosz\u0119 o okre\u015blenie na skali od 0 do 10 punkt\u00f3w nast\u0119puj\u0105cych kryteri\u00f3w oceny: 1.\u00a0\u00a0\u00a0 0&#8212;&#8212;&#8212;&#8212;&#8212;&#8212;&#8212;&#8212;&#8212;&#8212;&#8212;&#8212;&#8212;&#8212;&#8212;&#8212;&#8212;&#8212;&#8212;&#8211;10pkt. PREZENTOWANA POSTAWA ZAWODOWA [\u2026] Read More","og_url":"https:\/\/pans.krosno.pl\/pielegniarstwo\/konkursy\/konkurs-na-najlepszego-opiekuna\/ankieta-konkursowa-naj-opiekun\/","og_site_name":"Piel\u0119gniarstwo PANS w Kro\u015bnie","article_modified_time":"2020-07-07T09:22:45+00:00","twitter_card":"summary_large_image","twitter_misc":{"Szacowany czas czytania":"1 minuta"},"schema":{"@context":"https:\/\/schema.org","@graph":[{"@type":"WebPage","@id":"https:\/\/pans.krosno.pl\/pielegniarstwo\/konkursy\/konkurs-na-najlepszego-opiekuna\/ankieta-konkursowa-naj-opiekun\/","url":"https:\/\/pans.krosno.pl\/pielegniarstwo\/konkursy\/konkurs-na-najlepszego-opiekuna\/ankieta-konkursowa-naj-opiekun\/","name":"Ankieta konkursowa - Piel\u0119gniarstwo PANS w Kro\u015bnie","isPartOf":{"@id":"https:\/\/pans.krosno.pl\/pielegniarstwo\/#website"},"datePublished":"2019-12-16T16:36:03+00:00","dateModified":"2020-07-07T09:22:45+00:00","breadcrumb":{"@id":"https:\/\/pans.krosno.pl\/pielegniarstwo\/konkursy\/konkurs-na-najlepszego-opiekuna\/ankieta-konkursowa-naj-opiekun\/#breadcrumb"},"inLanguage":"pl-PL","potentialAction":[{"@type":"ReadAction","target":["https:\/\/pans.krosno.pl\/pielegniarstwo\/konkursy\/konkurs-na-najlepszego-opiekuna\/ankieta-konkursowa-naj-opiekun\/"]}]},{"@type":"BreadcrumbList","@id":"https:\/\/pans.krosno.pl\/pielegniarstwo\/konkursy\/konkurs-na-najlepszego-opiekuna\/ankieta-konkursowa-naj-opiekun\/#breadcrumb","itemListElement":[{"@type":"ListItem","position":1,"name":"Strona g\u0142\u00f3wna","item":"https:\/\/pans.krosno.pl\/pielegniarstwo\/"},{"@type":"ListItem","position":2,"name":"Konkursy","item":"https:\/\/pans.krosno.pl\/pielegniarstwo\/konkursy\/"},{"@type":"ListItem","position":3,"name":"Konkurs na Najlepszego Opiekuna","item":"https:\/\/pans.krosno.pl\/pielegniarstwo\/konkursy\/konkurs-na-najlepszego-opiekuna\/"},{"@type":"ListItem","position":4,"name":"Ankieta konkursowa"}]},{"@type":"WebSite","@id":"https:\/\/pans.krosno.pl\/pielegniarstwo\/#website","url":"https:\/\/pans.krosno.pl\/pielegniarstwo\/","name":"Piel\u0119gniarstwo PANS w Kro\u015bnie","description":"Piel\u0119gniarstwo - Pa\u0144stwowa Akademia Nauk Stosowanych","publisher":{"@id":"https:\/\/pans.krosno.pl\/pielegniarstwo\/#organization"},"potentialAction":[{"@type":"SearchAction","target":{"@type":"EntryPoint","urlTemplate":"https:\/\/pans.krosno.pl\/pielegniarstwo\/?s={search_term_string}"},"query-input":{"@type":"PropertyValueSpecification","valueRequired":true,"valueName":"search_term_string"}}],"inLanguage":"pl-PL"},{"@type":"Organization","@id":"https:\/\/pans.krosno.pl\/pielegniarstwo\/#organization","name":"Piel\u0119gniarstwo PANS w Kro\u015bnie","url":"https:\/\/pans.krosno.pl\/pielegniarstwo\/","logo":{"@type":"ImageObject","inLanguage":"pl-PL","@id":"https:\/\/pans.krosno.pl\/pielegniarstwo\/#\/schema\/logo\/image\/","url":"https:\/\/pans.krosno.pl\/pielegniarstwo\/wp-content\/uploads\/sites\/8\/2023\/01\/Logo-PANS-2022-pelne.png","contentUrl":"https:\/\/pans.krosno.pl\/pielegniarstwo\/wp-content\/uploads\/sites\/8\/2023\/01\/Logo-PANS-2022-pelne.png","width":3096,"height":696,"caption":"Piel\u0119gniarstwo PANS w Kro\u015bnie"},"image":{"@id":"https:\/\/pans.krosno.pl\/pielegniarstwo\/#\/schema\/logo\/image\/"}}]}},"_links":{"self":[{"href":"https:\/\/pans.krosno.pl\/pielegniarstwo\/wp-json\/wp\/v2\/pages\/557","targetHints":{"allow":["GET"]}}],"collection":[{"href":"https:\/\/pans.krosno.pl\/pielegniarstwo\/wp-json\/wp\/v2\/pages"}],"about":[{"href":"https:\/\/pans.krosno.pl\/pielegniarstwo\/wp-json\/wp\/v2\/types\/page"}],"author":[{"embeddable":true,"href":"https:\/\/pans.krosno.pl\/pielegniarstwo\/wp-json\/wp\/v2\/users\/27"}],"replies":[{"embeddable":true,"href":"https:\/\/pans.krosno.pl\/pielegniarstwo\/wp-json\/wp\/v2\/comments?post=557"}],"version-history":[{"count":1,"href":"https:\/\/pans.krosno.pl\/pielegniarstwo\/wp-json\/wp\/v2\/pages\/557\/revisions"}],"predecessor-version":[{"id":558,"href":"https:\/\/pans.krosno.pl\/pielegniarstwo\/wp-json\/wp\/v2\/pages\/557\/revisions\/558"}],"up":[{"embeddable":true,"href":"https:\/\/pans.krosno.pl\/pielegniarstwo\/wp-json\/wp\/v2\/pages\/534"}],"wp:attachment":[{"href":"https:\/\/pans.krosno.pl\/pielegniarstwo\/wp-json\/wp\/v2\/media?parent=557"}],"curies":[{"name":"wp","href":"https:\/\/api.w.org\/{rel}","templated":true}]}}