{"id":537,"date":"2019-12-16T17:07:54","date_gmt":"2019-12-16T16:07:54","guid":{"rendered":"https:\/\/pans.krosno.pl\/pielegniarstwo\/?page_id=537"},"modified":"2024-10-25T11:39:17","modified_gmt":"2024-10-25T09:39:17","slug":"regulamin-konkursu-najlepszy-opiekun-praktyk-zawodowy","status":"publish","type":"page","link":"https:\/\/pans.krosno.pl\/pielegniarstwo\/konkursy\/konkurs-na-najlepszego-opiekuna\/regulamin-konkursu-najlepszy-opiekun-praktyk-zawodowy\/","title":{"rendered":"Regulamin konkursu &#8222;Najlepszy opiekun praktyk zawodowych&#8221;"},"content":{"rendered":"\n<div style=\"height:35px\" aria-hidden=\"true\" class=\"wp-block-spacer\"><\/div>\n\n\n<p align=\"justify\"><strong>1.<\/strong> Konkurs przeznaczony jest dla piel\u0119gniarek\/piel\u0119gniarzy, kt\u00f3rzy pe\u0142nili funkcj\u0119 opiekuna praktyk zawodowych w ci\u0105gu ca\u0142ego cyklu kszta\u0142cenia student\u00f3w.<br><strong>2.<\/strong> Konkurs uznaje si\u0119 za wa\u017cny, kiedy oceny dokona co najmniej 50% student\u00f3w III roku studi\u00f3w pierwszego stopnia kierunku Piel\u0119gniarstwo.<br><strong>3.<\/strong> W sk\u0142ad Komisji konkursowej wchodz\u0105: Dyrektor Instytutu Zdrowia, Kierownik Zak\u0142adu Piel\u0119gniarstwa oraz Koordynator Kszta\u0142cenia Praktycznego.<br><strong>5.<\/strong> Zwyci\u0119zc\u0105 konkursu zostaje opiekun praktyk zawodowych, kt\u00f3ry uzyska\u0142 najwi\u0119ksz\u0105 liczb\u0119 punkt\u00f3w w post\u0119powaniu konkursowym.<br><strong>6<\/strong>. Fundatorem nagrody w konkursie jest Rektor Pa\u0144stwowej Akademii Nauk Stosowanych w Kro\u015bnie.<br><strong>7.<\/strong> Uroczyste wr\u0119czenie nagrody dla \u201eNajlepszego opiekuna praktyk zawodowych\u201d odbywa si\u0119 podczas uroczysto\u015bci uczelnianych.<\/p>","protected":false},"excerpt":{"rendered":"<p>1. Konkurs przeznaczony jest dla piel\u0119gniarek\/piel\u0119gniarzy, kt\u00f3rzy pe\u0142nili funkcj\u0119 opiekuna praktyk zawodowych w ci\u0105gu ca\u0142ego cyklu kszta\u0142cenia student\u00f3w.2. Konkurs uznaje si\u0119 za wa\u017cny, kiedy oceny dokona co najmniej 50% student\u00f3w III roku studi\u00f3w pierwszego stopnia kierunku Piel\u0119gniarstwo.3. W sk\u0142ad Komisji konkursowej wchodz\u0105: Dyrektor Instytutu Zdrowia, Kierownik Zak\u0142adu Piel\u0119gniarstwa oraz Koordynator [\u2026] <\/p>\n<div class=\"clear\"><\/div>\n<p><a class=\"more_link clearfix\" href=\"https:\/\/pans.krosno.pl\/pielegniarstwo\/konkursy\/konkurs-na-najlepszego-opiekuna\/regulamin-konkursu-najlepszy-opiekun-praktyk-zawodowy\/\" rel=\"nofollow\">Read More<\/a><\/p>\n","protected":false},"author":27,"featured_media":0,"parent":534,"menu_order":1,"comment_status":"closed","ping_status":"closed","template":"page-templates\/template-full-width.php","meta":{"ngg_post_thumbnail":0,"footnotes":""},"class_list":["post-537","page","type-page","status-publish","hentry"],"yoast_head":"<!-- This site is optimized with the Yoast SEO Premium plugin v27.3 (Yoast SEO v27.3) - https:\/\/yoast.com\/product\/yoast-seo-premium-wordpress\/ -->\n<title>Regulamin konkursu &quot;Najlepszy opiekun praktyk zawodowych&quot; - Piel\u0119gniarstwo PANS w Kro\u015bnie<\/title>\n<meta name=\"description\" content=\"Regulamin konkursu &quot;Najlepszy opiekun praktyk zawodowy\" \/>\n<meta name=\"robots\" content=\"index, follow, max-snippet:-1, max-image-preview:large, max-video-preview:-1\" \/>\n<link rel=\"canonical\" href=\"https:\/\/pans.krosno.pl\/pielegniarstwo\/konkursy\/konkurs-na-najlepszego-opiekuna\/regulamin-konkursu-najlepszy-opiekun-praktyk-zawodowy\/\" \/>\n<meta property=\"og:locale\" content=\"pl_PL\" \/>\n<meta property=\"og:type\" content=\"article\" \/>\n<meta property=\"og:title\" content=\"Regulamin konkursu &quot;Najlepszy opiekun praktyk zawodowych&quot;\" \/>\n<meta property=\"og:description\" content=\"Regulamin konkursu &quot;Najlepszy opiekun praktyk zawodowy\" \/>\n<meta property=\"og:url\" content=\"https:\/\/pans.krosno.pl\/pielegniarstwo\/konkursy\/konkurs-na-najlepszego-opiekuna\/regulamin-konkursu-najlepszy-opiekun-praktyk-zawodowy\/\" \/>\n<meta property=\"og:site_name\" content=\"Piel\u0119gniarstwo PANS w Kro\u015bnie\" \/>\n<meta property=\"article:modified_time\" content=\"2024-10-25T09:39:17+00:00\" \/>\n<meta name=\"twitter:card\" content=\"summary_large_image\" \/>\n<meta name=\"twitter:label1\" content=\"Szacowany czas czytania\" \/>\n\t<meta name=\"twitter:data1\" content=\"1 minuta\" \/>\n<script type=\"application\/ld+json\" class=\"yoast-schema-graph\">{\"@context\":\"https:\\\/\\\/schema.org\",\"@graph\":[{\"@type\":\"WebPage\",\"@id\":\"https:\\\/\\\/pans.krosno.pl\\\/pielegniarstwo\\\/konkursy\\\/konkurs-na-najlepszego-opiekuna\\\/regulamin-konkursu-najlepszy-opiekun-praktyk-zawodowy\\\/\",\"url\":\"https:\\\/\\\/pans.krosno.pl\\\/pielegniarstwo\\\/konkursy\\\/konkurs-na-najlepszego-opiekuna\\\/regulamin-konkursu-najlepszy-opiekun-praktyk-zawodowy\\\/\",\"name\":\"Regulamin konkursu \\\"Najlepszy opiekun praktyk zawodowych\\\" - Piel\u0119gniarstwo PANS w Kro\u015bnie\",\"isPartOf\":{\"@id\":\"https:\\\/\\\/pans.krosno.pl\\\/pielegniarstwo\\\/#website\"},\"datePublished\":\"2019-12-16T16:07:54+00:00\",\"dateModified\":\"2024-10-25T09:39:17+00:00\",\"description\":\"Regulamin konkursu \\\"Najlepszy opiekun praktyk zawodowy\",\"breadcrumb\":{\"@id\":\"https:\\\/\\\/pans.krosno.pl\\\/pielegniarstwo\\\/konkursy\\\/konkurs-na-najlepszego-opiekuna\\\/regulamin-konkursu-najlepszy-opiekun-praktyk-zawodowy\\\/#breadcrumb\"},\"inLanguage\":\"pl-PL\",\"potentialAction\":[{\"@type\":\"ReadAction\",\"target\":[\"https:\\\/\\\/pans.krosno.pl\\\/pielegniarstwo\\\/konkursy\\\/konkurs-na-najlepszego-opiekuna\\\/regulamin-konkursu-najlepszy-opiekun-praktyk-zawodowy\\\/\"]}]},{\"@type\":\"BreadcrumbList\",\"@id\":\"https:\\\/\\\/pans.krosno.pl\\\/pielegniarstwo\\\/konkursy\\\/konkurs-na-najlepszego-opiekuna\\\/regulamin-konkursu-najlepszy-opiekun-praktyk-zawodowy\\\/#breadcrumb\",\"itemListElement\":[{\"@type\":\"ListItem\",\"position\":1,\"name\":\"Strona g\u0142\u00f3wna\",\"item\":\"https:\\\/\\\/pans.krosno.pl\\\/pielegniarstwo\\\/\"},{\"@type\":\"ListItem\",\"position\":2,\"name\":\"Konkursy\",\"item\":\"https:\\\/\\\/pans.krosno.pl\\\/pielegniarstwo\\\/konkursy\\\/\"},{\"@type\":\"ListItem\",\"position\":3,\"name\":\"Konkurs na Najlepszego Opiekuna\",\"item\":\"https:\\\/\\\/pans.krosno.pl\\\/pielegniarstwo\\\/konkursy\\\/konkurs-na-najlepszego-opiekuna\\\/\"},{\"@type\":\"ListItem\",\"position\":4,\"name\":\"Regulamin konkursu &#8222;Najlepszy opiekun praktyk zawodowych&#8221;\"}]},{\"@type\":\"WebSite\",\"@id\":\"https:\\\/\\\/pans.krosno.pl\\\/pielegniarstwo\\\/#website\",\"url\":\"https:\\\/\\\/pans.krosno.pl\\\/pielegniarstwo\\\/\",\"name\":\"Piel\u0119gniarstwo PANS w Kro\u015bnie\",\"description\":\"Piel\u0119gniarstwo - Pa\u0144stwowa Akademia Nauk Stosowanych\",\"publisher\":{\"@id\":\"https:\\\/\\\/pans.krosno.pl\\\/pielegniarstwo\\\/#organization\"},\"potentialAction\":[{\"@type\":\"SearchAction\",\"target\":{\"@type\":\"EntryPoint\",\"urlTemplate\":\"https:\\\/\\\/pans.krosno.pl\\\/pielegniarstwo\\\/?s={search_term_string}\"},\"query-input\":{\"@type\":\"PropertyValueSpecification\",\"valueRequired\":true,\"valueName\":\"search_term_string\"}}],\"inLanguage\":\"pl-PL\"},{\"@type\":\"Organization\",\"@id\":\"https:\\\/\\\/pans.krosno.pl\\\/pielegniarstwo\\\/#organization\",\"name\":\"Piel\u0119gniarstwo PANS w Kro\u015bnie\",\"url\":\"https:\\\/\\\/pans.krosno.pl\\\/pielegniarstwo\\\/\",\"logo\":{\"@type\":\"ImageObject\",\"inLanguage\":\"pl-PL\",\"@id\":\"https:\\\/\\\/pans.krosno.pl\\\/pielegniarstwo\\\/#\\\/schema\\\/logo\\\/image\\\/\",\"url\":\"https:\\\/\\\/pans.krosno.pl\\\/pielegniarstwo\\\/wp-content\\\/uploads\\\/sites\\\/8\\\/2023\\\/01\\\/Logo-PANS-2022-pelne.png\",\"contentUrl\":\"https:\\\/\\\/pans.krosno.pl\\\/pielegniarstwo\\\/wp-content\\\/uploads\\\/sites\\\/8\\\/2023\\\/01\\\/Logo-PANS-2022-pelne.png\",\"width\":3096,\"height\":696,\"caption\":\"Piel\u0119gniarstwo PANS w Kro\u015bnie\"},\"image\":{\"@id\":\"https:\\\/\\\/pans.krosno.pl\\\/pielegniarstwo\\\/#\\\/schema\\\/logo\\\/image\\\/\"}}]}<\/script>\n<!-- \/ Yoast SEO Premium plugin. -->","yoast_head_json":{"title":"Regulamin konkursu \"Najlepszy opiekun praktyk zawodowych\" - Piel\u0119gniarstwo PANS w Kro\u015bnie","description":"Regulamin konkursu \"Najlepszy opiekun praktyk zawodowy","robots":{"index":"index","follow":"follow","max-snippet":"max-snippet:-1","max-image-preview":"max-image-preview:large","max-video-preview":"max-video-preview:-1"},"canonical":"https:\/\/pans.krosno.pl\/pielegniarstwo\/konkursy\/konkurs-na-najlepszego-opiekuna\/regulamin-konkursu-najlepszy-opiekun-praktyk-zawodowy\/","og_locale":"pl_PL","og_type":"article","og_title":"Regulamin konkursu \"Najlepszy opiekun praktyk zawodowych\"","og_description":"Regulamin konkursu \"Najlepszy opiekun praktyk zawodowy","og_url":"https:\/\/pans.krosno.pl\/pielegniarstwo\/konkursy\/konkurs-na-najlepszego-opiekuna\/regulamin-konkursu-najlepszy-opiekun-praktyk-zawodowy\/","og_site_name":"Piel\u0119gniarstwo PANS w Kro\u015bnie","article_modified_time":"2024-10-25T09:39:17+00:00","twitter_card":"summary_large_image","twitter_misc":{"Szacowany czas czytania":"1 minuta"},"schema":{"@context":"https:\/\/schema.org","@graph":[{"@type":"WebPage","@id":"https:\/\/pans.krosno.pl\/pielegniarstwo\/konkursy\/konkurs-na-najlepszego-opiekuna\/regulamin-konkursu-najlepszy-opiekun-praktyk-zawodowy\/","url":"https:\/\/pans.krosno.pl\/pielegniarstwo\/konkursy\/konkurs-na-najlepszego-opiekuna\/regulamin-konkursu-najlepszy-opiekun-praktyk-zawodowy\/","name":"Regulamin konkursu \"Najlepszy opiekun praktyk zawodowych\" - Piel\u0119gniarstwo PANS w Kro\u015bnie","isPartOf":{"@id":"https:\/\/pans.krosno.pl\/pielegniarstwo\/#website"},"datePublished":"2019-12-16T16:07:54+00:00","dateModified":"2024-10-25T09:39:17+00:00","description":"Regulamin konkursu \"Najlepszy opiekun praktyk zawodowy","breadcrumb":{"@id":"https:\/\/pans.krosno.pl\/pielegniarstwo\/konkursy\/konkurs-na-najlepszego-opiekuna\/regulamin-konkursu-najlepszy-opiekun-praktyk-zawodowy\/#breadcrumb"},"inLanguage":"pl-PL","potentialAction":[{"@type":"ReadAction","target":["https:\/\/pans.krosno.pl\/pielegniarstwo\/konkursy\/konkurs-na-najlepszego-opiekuna\/regulamin-konkursu-najlepszy-opiekun-praktyk-zawodowy\/"]}]},{"@type":"BreadcrumbList","@id":"https:\/\/pans.krosno.pl\/pielegniarstwo\/konkursy\/konkurs-na-najlepszego-opiekuna\/regulamin-konkursu-najlepszy-opiekun-praktyk-zawodowy\/#breadcrumb","itemListElement":[{"@type":"ListItem","position":1,"name":"Strona g\u0142\u00f3wna","item":"https:\/\/pans.krosno.pl\/pielegniarstwo\/"},{"@type":"ListItem","position":2,"name":"Konkursy","item":"https:\/\/pans.krosno.pl\/pielegniarstwo\/konkursy\/"},{"@type":"ListItem","position":3,"name":"Konkurs na Najlepszego Opiekuna","item":"https:\/\/pans.krosno.pl\/pielegniarstwo\/konkursy\/konkurs-na-najlepszego-opiekuna\/"},{"@type":"ListItem","position":4,"name":"Regulamin konkursu &#8222;Najlepszy opiekun praktyk zawodowych&#8221;"}]},{"@type":"WebSite","@id":"https:\/\/pans.krosno.pl\/pielegniarstwo\/#website","url":"https:\/\/pans.krosno.pl\/pielegniarstwo\/","name":"Piel\u0119gniarstwo PANS w Kro\u015bnie","description":"Piel\u0119gniarstwo - Pa\u0144stwowa Akademia Nauk Stosowanych","publisher":{"@id":"https:\/\/pans.krosno.pl\/pielegniarstwo\/#organization"},"potentialAction":[{"@type":"SearchAction","target":{"@type":"EntryPoint","urlTemplate":"https:\/\/pans.krosno.pl\/pielegniarstwo\/?s={search_term_string}"},"query-input":{"@type":"PropertyValueSpecification","valueRequired":true,"valueName":"search_term_string"}}],"inLanguage":"pl-PL"},{"@type":"Organization","@id":"https:\/\/pans.krosno.pl\/pielegniarstwo\/#organization","name":"Piel\u0119gniarstwo PANS w Kro\u015bnie","url":"https:\/\/pans.krosno.pl\/pielegniarstwo\/","logo":{"@type":"ImageObject","inLanguage":"pl-PL","@id":"https:\/\/pans.krosno.pl\/pielegniarstwo\/#\/schema\/logo\/image\/","url":"https:\/\/pans.krosno.pl\/pielegniarstwo\/wp-content\/uploads\/sites\/8\/2023\/01\/Logo-PANS-2022-pelne.png","contentUrl":"https:\/\/pans.krosno.pl\/pielegniarstwo\/wp-content\/uploads\/sites\/8\/2023\/01\/Logo-PANS-2022-pelne.png","width":3096,"height":696,"caption":"Piel\u0119gniarstwo PANS w Kro\u015bnie"},"image":{"@id":"https:\/\/pans.krosno.pl\/pielegniarstwo\/#\/schema\/logo\/image\/"}}]}},"_links":{"self":[{"href":"https:\/\/pans.krosno.pl\/pielegniarstwo\/wp-json\/wp\/v2\/pages\/537","targetHints":{"allow":["GET"]}}],"collection":[{"href":"https:\/\/pans.krosno.pl\/pielegniarstwo\/wp-json\/wp\/v2\/pages"}],"about":[{"href":"https:\/\/pans.krosno.pl\/pielegniarstwo\/wp-json\/wp\/v2\/types\/page"}],"author":[{"embeddable":true,"href":"https:\/\/pans.krosno.pl\/pielegniarstwo\/wp-json\/wp\/v2\/users\/27"}],"replies":[{"embeddable":true,"href":"https:\/\/pans.krosno.pl\/pielegniarstwo\/wp-json\/wp\/v2\/comments?post=537"}],"version-history":[{"count":5,"href":"https:\/\/pans.krosno.pl\/pielegniarstwo\/wp-json\/wp\/v2\/pages\/537\/revisions"}],"predecessor-version":[{"id":5527,"href":"https:\/\/pans.krosno.pl\/pielegniarstwo\/wp-json\/wp\/v2\/pages\/537\/revisions\/5527"}],"up":[{"embeddable":true,"href":"https:\/\/pans.krosno.pl\/pielegniarstwo\/wp-json\/wp\/v2\/pages\/534"}],"wp:attachment":[{"href":"https:\/\/pans.krosno.pl\/pielegniarstwo\/wp-json\/wp\/v2\/media?parent=537"}],"curies":[{"name":"wp","href":"https:\/\/api.w.org\/{rel}","templated":true}]}}