{"id":529,"date":"2019-12-16T16:50:13","date_gmt":"2019-12-16T15:50:13","guid":{"rendered":"https:\/\/pans.krosno.pl\/pielegniarstwo\/?page_id=529"},"modified":"2025-09-30T17:25:18","modified_gmt":"2025-09-30T15:25:18","slug":"konkurs-im-barbary-lala","status":"publish","type":"page","link":"https:\/\/pans.krosno.pl\/pielegniarstwo\/konkursy\/konkurs-im-barbary-lala\/","title":{"rendered":"Konkurs im. Barbary Lala"},"content":{"rendered":"\n<hr class=\"wp-block-separator has-alpha-channel-opacity\" \/>\n\n\n<h4><strong>REGULAMIN KONKURSU <\/strong><b><strong>im. Barbary Lala dla studenta kierunku Piel\u0119gniarstwo w Karpackiej Pa\u0144stwowej Uczelni w Kro\u015bnie<\/strong><\/b><\/h4>\n<p><a href=\"https:\/\/pans.krosno.pl\/pielegniarstwo\/wp-content\/uploads\/sites\/8\/2021\/06\/Zarzadzenie-nr-25_21-w-sprawie-Regulaminu-konkursu-im.-Barbary-Lala-calosc-1.pdf\">Zarz\u0105dzenie nr 25_21 w sprawie Regulaminu konkursu im. Barbary Lala<\/a><\/p>\n<hr>\n<p><strong>\u017bYCIORYS<\/strong><\/p>\n<p>W 2005 roku z kr\u00f3tka wizyt\u0105 w Kro\u015bnie bawi\u0142a pani <strong>Barbara Bradford Lala<\/strong>, emerytowana piel\u0119gniarka i nauczycielka zawodu piel\u0119gniarskiego ze Stan\u00f3w Zjednoczonych. Krosno bardzo si\u0119 jej spodoba\u0142o. By\u0142a szczerze zainteresowana problemami kszta\u0142cenia piel\u0119gniarek w Polsce. Obejrza\u0142a Zak\u0142ad Piel\u0119gniarstwa, dzieli\u0142a si\u0119 swoimi wspomnieniami i do\u015bwiadczeniami. Wkr\u00f3tce po tej wizycie dowiedzia\u0142a si\u0119, \u017ce jest nieuleczalnie chora i po kr\u00f3tkiej hospitalizacji podj\u0119\u0142a decyzj\u0119 o ostatniej w swoim \u017cyciu przeprowadzce. Postanowi\u0142a ostatnich kilka miesi\u0119cy swego \u017cycia sp\u0119dzi\u0107 w Kro\u015bnie z <strong>synem Jackiem<\/strong>, kt\u00f3ry jest pracownikiem kro\u015bnie\u0144skiej Uczelni. W\u0142a\u015bnie wtedy zrodzi\u0142 si\u0119 pomys\u0142 stworzenia <strong>funduszu stypendialnego, kt\u00f3ry wspiera\u0142by najlepszych student\u00f3w kierunku Piel\u0119gniarstwo w Kro\u015bnie<\/strong>. W Stanach Zjednoczonych tradycja takich filantropijnych dzia\u0142a\u0144 na rzecz zdolnych student\u00f3w jest g\u0142\u0119boko zakorzeniona \u2013 ich \u015brodki pochodz\u0105 jedynie od prywatnych darczy\u0144c\u00f3w. Barbara Lala nie do\u017cy\u0142a ustanowienia funduszu stypendialnego, o kt\u00f3rym marzy\u0142a. <strong>Zmar\u0142a w Kro\u015bnie 30 stycznia 2007 roku<\/strong>. Jednak to marzenie postanowi\u0142 zrealizowa\u0107 jej syn, oferuj\u0105c wsparcie finansowe dla idei <strong>Funduszu Stypendialnego im. Barbary Lala<\/strong>. Pan Rektor ustanowi\u0142 Fundusz wydzielaj\u0105c subkonto, na kt\u00f3re osoby prywatne wp\u0142acaj\u0105 dobroczynne \u015brodki. Jego kapitu\u0142a co roku przyznaje jednorazowe stypendium dla student\u00f3w kierunku Piel\u0119gniarstwo. Stypendium im. Barbary Lala ma jednak <strong>nie tylko wymiar finansowy<\/strong>.<\/p>\n<p>Dla nas wa\u017cne jest, \u017ce ustanowi\u0142a je emerytowana piel\u0119gniarka i nauczycielka zawodu, przez ca\u0142e \u017cycie oddana idei pomocy cierpi\u0105cym i opieki nad s\u0142abszymi. <strong>Pami\u0119\u0107 o pani Barbarze<\/strong>, jej pracy w zawodzie i w kszta\u0142ceniu m\u0142odych kadr mo\u017ce by\u0107 <strong>wzorem post\u0119powania<\/strong>.<\/p>\n<p style=\"text-align: justify;background: white;margin: 0cm 0cm 15.0pt 0cm\"><strong><span style=\"color: #444444\">SYLWETKA BARBARY LALA<\/span><\/strong><\/p>\n<p><strong>Barbara Bradford Lala<\/strong> urodzi\u0142a si\u0119 na Florydzie w 1929 roku. Dyplom piel\u0119gniarki zdoby\u0142a w stanie Louisiana, a pierwsz\u0105 prac\u0119 podj\u0119\u0142a w du\u017cym stanowym szpitalu w Akron City, Ohio. Po kilku latach wr\u00f3ci\u0142a na Floryd\u0119, gdzie opr\u00f3cz pracy piel\u0119gniarki odda\u0142a si\u0119 dzia\u0142alno\u015bci w Stowarzyszeniu Piel\u0119gniarek, kt\u00f3rego wiceprezesem zosta\u0142a nied\u0142ugo p\u00f3\u017aniej. Ju\u017c wtedy zacz\u0119\u0142a publikowa\u0107 artyku\u0142y na temat procedur piel\u0119gniarskich w American Journal of Nursing.<\/p>\n<p>Szczyt kariery Barbary Lali przypad\u0142 na czas jej pobytu w Seton, Texas, gdzie nadzorowa\u0142a kszta\u0142cenie praktyczne m\u0142odych piel\u0119gniarek, uczestniczy\u0142a w definiowaniu i ulepszaniu procedur, nadal publikuj\u0105c. Do najwa\u017cniejszych artyku\u0142\u00f3w Barbary Lali nale\u017c\u0105 te dotycz\u0105ce opieki nad pacjentem cierpi\u0105cym na raka&nbsp; j\u0105der, w kt\u00f3rych wykorzysta\u0142a do\u015bwiadczenia z pracy z Lancem Armstrongiem, ameryka\u0144skim rowerzyst\u0105, zwyci\u0119zc\u0105 m. in. Tour de France. Po kilku latach dzia\u0142alno\u015bci w Teksa\u0144skim Stowarzyszeniu Piel\u0119gniarek zosta\u0142a wybrana na jego Przewodnicz\u0105c\u0105. Po przej\u015bciu na emerytur\u0119 nadal spotyka\u0142a si\u0119 z grupami adept\u00f3w piel\u0119gniarstwa, by przekaza\u0107 m\u0142odym etos pracy piel\u0119gniarki, w kt\u00f3ry ca\u0142e \u017cycie wierzy\u0142a. Problemy kszta\u0142cenia piel\u0119gniarek zawsze le\u017ca\u0142y na sercu pani Barbarze. Ta cze\u015b\u0107 pasji i misji jej \u017cycia b\u0119dzie si\u0119 wype\u0142nia\u0107 dalej dzi\u0119ki <strong>Funduszowi Stypendialnemu im. Barbary Lala<\/strong>.<\/p>\n<hr>\n<p><strong>STYPENDY\u015aCI<\/strong><\/p>\n<p>Po raz pierwszy w historii naszej uczelni i utworzenia kierunku Piel\u0119gniarstwo przyznano stypendium im. Barbary Lala studentom II i III roku studi\u00f3w stacjonarnych kierunku Piel\u0119gniarstwo.<\/p>\n<p>Decyzj\u0105 Kapitu\u0142y Funduszu w roku akademickim 2007\/2008 stypendystami zostali:<br \/>Studentka II roku: <strong>Ma\u0142gorzata Kowalczyk<\/strong><br \/>Student III roku: <strong>Krzysztof Grabowski<\/strong><\/p>\n<p>Decyzj\u0105 Kapitu\u0142y Funduszu w roku akademickim 2008\/2009 stypendystami zostali:<br \/>Studentka II roku: <strong>Ewelina Augustynek<\/strong><br \/>Student III roku: <strong>Marzena Rysz<\/strong><\/p>\n<p>Decyzj\u0105 Kapitu\u0142y Funduszu w roku akademickim 2009\/2010 stypendystami zostali:<br \/>Studentka II roku: <strong>Kinga Fudacz<\/strong><br \/>Student III roku: <strong>Janusz Kasprzyk<\/strong><\/p>\n\n\n<hr class=\"wp-block-separator has-alpha-channel-opacity\" \/>\n\n\n\n<p>Po kilku latach przerwy od roku akademickiego <strong>2018\/2019<\/strong> konkurs zostaje ponownie wznowiony. Zgodnie z Regulaminem przeznaczony jest on dla student\u00f3w studi\u00f3w stacjonarnych II i III roku kierunku Piel\u0119gniarstwo. W&nbsp;konkursie mog\u0105 bra\u0107 udzia\u0142 wszyscy studenci, kt\u00f3rzy b\u0119d\u0105 oceniani w zakresie nast\u0119puj\u0105cych kryteri\u00f3w: \u015brednia ocen&nbsp;z ostatniego semestru, postawa zawodowa oraz deklaracja podj\u0119cia pracy w Polsce przez co najmniej 2 lata.<\/p>\n\n\n\n<p>Na podstawie Regulaminu <strong>Konkursu<\/strong> <strong>im. Barbary Lala dla student\u00f3w kierunku <em>Piel\u0119gniarstwo <\/em>w Pa\u0144stwowej Wy\u017cszej Szkole Zawodowej w Kro\u015bnie <\/strong>Kapitu\u0142a Konkursu w roku akademickim <strong>2018\/2019<\/strong> dokona\u0142a jednomy\u015blnego wyboru przyznaj\u0105c nast\u0119puj\u0105ce nagrody dla:<\/p>\n\n\n\n<ul class=\"wp-block-list\">\n<li><strong>Agnieszki Gorczycy<\/strong>, studentki III roku kierunku Piel\u0119gniarstwo<\/li>\n\n\n\n<li><strong>Justyny Fija\u0142kowskiej<\/strong>, studentki II roku kierunku Piel\u0119gniarstwo<\/li>\n\n\n\n<li><strong>Bo\u017ceny Chmielowskiej<\/strong>, studentki II roku kierunku Piel\u0119gniarstwo<\/li>\n<\/ul>\n\n\n\n<p>Studentki wyr\u00f3\u017cni\u0142y si\u0119 swoj\u0105 postaw\u0105, kultur\u0105 osobist\u0105 oraz wykaza\u0142y si\u0119 dodatkowymi aktywno\u015bciami wykraczaj\u0105cymi poza zakres obowi\u0105zk\u00f3w studenta. Da\u0142y si\u0119 pozna\u0107 jako osoby ambitne, solidne, troskliwe, empatyczne, otwarte i wra\u017cliwe na potrzeby drugiego cz\u0142owieka. W prowadzonych dzia\u0142aniach by\u0142y kreatywne, sumienne, zawsze wzorowo wywi\u0105zuj\u0105ce si\u0119 ze swoich obowi\u0105zk\u00f3w, a ponadto znajduj\u0105ce czas na bezinteresown\u0105 pomoc s\u0142abszym, chorym, cierpi\u0105cym i potrzebuj\u0105cym. Dobro drugiego cz\u0142owieka zawsze przek\u0142ada\u0142y ponad swoje.<\/p>\n\n\n\n<p>Cechowa\u0142a ich ambicja, bardzo wysoki poziom wiedzy, kt\u00f3ry b\u0119d\u0105 umia\u0142y wykorzysta\u0107 w praktyce &#8211; co jest istotne w pracy piel\u0119gniarki. W opinii pracownik\u00f3w Zak\u0142adu Piel\u0119gniarstwa studentki cechuj\u0105 si\u0119 nienagannym zachowaniem, punktualno\u015bci\u0105 oraz sumienno\u015bci\u0105.<\/p>\n\n\n\n<hr class=\"wp-block-separator has-alpha-channel-opacity\" \/>\n\n\n\n<p>Na podstawie Regulaminu <strong>Konkursu<\/strong> <strong>im. Barbary Lala dla student\u00f3w kierunku <em>Piel\u0119gniarstwo <\/em><\/strong>w<strong> <\/strong>Karpackiej Pa\u0144stwowej Uczelni&nbsp;w Kro\u015bnie Kapitu\u0142a Konkursu w roku akademickim <strong>2020\/2021<\/strong> dokona\u0142a jednomy\u015blnego wyboru, przyznaj\u0105c nast\u0119puj\u0105ce nagrody pieni\u0119\u017cne dla student\u00f3w wed\u0142ug uzyskanej liczby punkt\u00f3w:<\/p>\n\n\n\n<ul class=\"wp-block-list\">\n<li><strong>Gabrieli Gerlach<\/strong>, studentce II roku kierunku Piel\u0119gniarstwo<\/li>\n\n\n\n<li><strong>Jakuba Kluski<\/strong>, studentowi II roku kierunku Piel\u0119gniarstwo<\/li>\n\n\n\n<li><strong>Klaudii Topolskiej<\/strong>, studentce III roku kierunku Piel\u0119gniarstwo<\/li>\n\n\n\n<li><strong>Patrycji Stachowicz<\/strong>, studentce III roku kierunku Piel\u0119gniarstwo<\/li>\n<\/ul>\n\n\n\n<hr class=\"wp-block-separator has-alpha-channel-opacity\" \/>\n\n\n\n<p>W roku akademickim <strong>2021\/2022<\/strong> na podstawie Regulaminu <strong>Konkursu<\/strong> <strong>im. Barbary Lala dla student\u00f3w kierunku <em>Piel\u0119gniarstwo <\/em>w <\/strong>Karpackiej Pa\u0144stwowej Uczelni w Kro\u015bnie. Kapitu\u0142a Konkursu dokona\u0142a jednomy\u015blnego wyboru, przyznaj\u0105c nagrody dla poni\u017cszych student\u00f3w:<\/p>\n\n\n\n<ul class=\"wp-block-list\">\n<li><strong>Mateusza Cepielika<\/strong>, studentowi II roku kierunku Piel\u0119gniarstwo<\/li>\n\n\n\n<li><strong>Gabrieli Gerlach<\/strong>, studentce III roku kierunku Piel\u0119gniarstwo<\/li>\n\n\n\n<li><strong>Jakuba Kluski<\/strong>, studentowi III roku kierunku Piel\u0119gniarstwo<\/li>\n\n\n\n<li><strong>Kamili Mandeli<\/strong>, studentce III roku kierunku Piel\u0119gniarstwo<\/li>\n<\/ul>\n\n\n\n<hr class=\"wp-block-separator has-alpha-channel-opacity\" \/>\n\n\n\n<p>W trakcie roku akademickiego <strong>2022\/2023<\/strong> odby\u0142 si\u0119 <strong>Konkurs im. Barbary Lala dedykowany studentom <em>Piel\u0119gniarstwa<\/em><\/strong> Pa\u0144stwowej Akademii Nauk Stosowanych w Kro\u015bnie. Zgodnie z regulaminem Konkursu, Kapitu\u0142a dokona\u0142a jednomy\u015blnej selekcji laureat\u00f3w, przyznaj\u0105c nagrody nast\u0119puj\u0105cym studentom:<\/p>\n\n\n\n<ul class=\"wp-block-list\">\n<li><strong>Kindze Ostaleckiej<\/strong>, studentce II roku kierunku Piel\u0119gniarstwo<\/li>\n\n\n\n<li><strong>Aleksandrze Pilch<\/strong>, studentce II roku kierunku Piel\u0119gniarstwo<\/li>\n\n\n\n<li><strong>Adriannie Gudyce<\/strong>, studentce III roku kierunku Piel\u0119gniarstwo<\/li>\n<\/ul>\n\n\n\n<hr class=\"wp-block-separator has-alpha-channel-opacity\" \/>\n\n\n\n<p>W roku akademickim <strong>2023\/2024<\/strong> zorganizowano <strong>Konkurs im. Barbary Lala, skierowany do student\u00f3w kierunku <em>Piel\u0119gniarstwo<\/em><\/strong> w Pa\u0144stwowej Akademii Nauk Stosowanych w Kro\u015bnie. Zgodnie z zasadami Konkursu, Kapitu\u0142a wy\u0142oni\u0142a laureat\u00f3w jednog\u0142o\u015bnie, przyznaj\u0105c nagrody nast\u0119puj\u0105cym osobom:<\/p>\n\n\n\n<ul class=\"wp-block-list\">\n<li><strong>Wiktorii Kukuli\u0144skiej<\/strong>, studentce III roku kierunku Piel\u0119gniarstwo<\/li>\n\n\n\n<li><strong>Izabeli Gorczycy<\/strong>, studentce III roku kierunku Piel\u0119gniarstwo<\/li>\n\n\n\n<li><strong>Julii Michny<\/strong>, studentce III roku kierunku Piel\u0119gniarstwo<\/li>\n\n\n\n<li><strong>Kindze Ostaleckiej<\/strong>, studentce III roku kierunku Piel\u0119gniarstwo<\/li>\n\n\n\n<li><strong>Joannie Pabian<\/strong>, studentce III roku kierunku Piel\u0119gniarstwo<\/li>\n<\/ul>\n\n\n\n<hr class=\"wp-block-separator has-alpha-channel-opacity\" \/>\n\n\n\n<p>W roku akademickim<strong> 2024\/2025 <\/strong>w Pa\u0144stwowej Akademii Nauk Stosowanych w Kro\u015bnie odby\u0142 si\u0119 <strong>Konkurs im. Barbary Lala<\/strong>, adresowany do student\u00f3w kierunku Piel\u0119gniarstwo. Zgodnie z regulaminem, Kapitu\u0142a Konkursowa jednog\u0142o\u015bnie wy\u0142oni\u0142a laureat\u00f3w, przyznaj\u0105c nagrody nast\u0119puj\u0105cym osobom:<\/p>\n\n\n\n<ul class=\"wp-block-list\">\n<li><strong>Amelii Godnicz<\/strong>, studentce III roku kierunku Piel\u0119gniarstwo<\/li>\n\n\n\n<li><strong>Elizie Armacie<\/strong>, studentce II roku kierunku Piel\u0119gniarstwo<\/li>\n\n\n\n<li><strong>Natalii Papu\u017cy\u0144skiej<\/strong>, studentce II roku kierunku Piel\u0119gniarstwo<\/li>\n<\/ul>\n","protected":false},"excerpt":{"rendered":"<p>REGULAMIN KONKURSU im. Barbary Lala dla studenta kierunku Piel\u0119gniarstwo w Karpackiej Pa\u0144stwowej Uczelni w Kro\u015bnie Zarz\u0105dzenie nr 25_21 w sprawie Regulaminu konkursu im. Barbary Lala \u017bYCIORYS W 2005 roku z kr\u00f3tka wizyt\u0105 w Kro\u015bnie bawi\u0142a pani Barbara Bradford Lala, emerytowana piel\u0119gniarka i nauczycielka zawodu piel\u0119gniarskiego ze Stan\u00f3w Zjednoczonych. Krosno bardzo [\u2026] <\/p>\n<div class=\"clear\"><\/div>\n<p><a class=\"more_link clearfix\" href=\"https:\/\/pans.krosno.pl\/pielegniarstwo\/konkursy\/konkurs-im-barbary-lala\/\" rel=\"nofollow\">Read More<\/a><\/p>\n","protected":false},"author":27,"featured_media":531,"parent":268,"menu_order":0,"comment_status":"closed","ping_status":"closed","template":"page-templates\/template-full-width.php","meta":{"ngg_post_thumbnail":0,"footnotes":""},"class_list":["post-529","page","type-page","status-publish","has-post-thumbnail","hentry"],"yoast_head":"<!-- This site is optimized with the Yoast SEO Premium plugin v27.3 (Yoast SEO v27.3) - https:\/\/yoast.com\/product\/yoast-seo-premium-wordpress\/ -->\n<title>Konkurs im. Barbary Lala - Piel\u0119gniarstwo PANS w Kro\u015bnie<\/title>\n<meta name=\"description\" content=\"Piel\u0119gniarstwo PANS w Kro\u015bnie -Konkurs im. Barbary Lala - KPU w Kro\u015bnie\" \/>\n<meta name=\"robots\" content=\"index, follow, max-snippet:-1, max-image-preview:large, max-video-preview:-1\" \/>\n<link rel=\"canonical\" href=\"https:\/\/pans.krosno.pl\/pielegniarstwo\/konkursy\/konkurs-im-barbary-lala\/\" \/>\n<meta property=\"og:locale\" content=\"pl_PL\" \/>\n<meta property=\"og:type\" content=\"article\" \/>\n<meta property=\"og:title\" content=\"Konkurs im. Barbary Lala\" \/>\n<meta property=\"og:description\" content=\"Piel\u0119gniarstwo PANS w Kro\u015bnie -Konkurs im. Barbary Lala - KPU w Kro\u015bnie\" \/>\n<meta property=\"og:url\" content=\"https:\/\/pans.krosno.pl\/pielegniarstwo\/konkursy\/konkurs-im-barbary-lala\/\" \/>\n<meta property=\"og:site_name\" content=\"Piel\u0119gniarstwo PANS w Kro\u015bnie\" \/>\n<meta property=\"article:modified_time\" content=\"2025-09-30T15:25:18+00:00\" \/>\n<meta property=\"og:image\" content=\"https:\/\/pans.krosno.pl\/pielegniarstwo\/wp-content\/uploads\/sites\/8\/2019\/12\/barbara1.jpg\" \/>\n\t<meta property=\"og:image:width\" content=\"400\" \/>\n\t<meta property=\"og:image:height\" content=\"567\" \/>\n\t<meta property=\"og:image:type\" content=\"image\/jpeg\" \/>\n<meta name=\"twitter:card\" content=\"summary_large_image\" \/>\n<meta name=\"twitter:label1\" content=\"Szacowany czas czytania\" \/>\n\t<meta name=\"twitter:data1\" content=\"7 minut\" \/>\n<script type=\"application\/ld+json\" class=\"yoast-schema-graph\">{\"@context\":\"https:\\\/\\\/schema.org\",\"@graph\":[{\"@type\":\"WebPage\",\"@id\":\"https:\\\/\\\/pans.krosno.pl\\\/pielegniarstwo\\\/konkursy\\\/konkurs-im-barbary-lala\\\/\",\"url\":\"https:\\\/\\\/pans.krosno.pl\\\/pielegniarstwo\\\/konkursy\\\/konkurs-im-barbary-lala\\\/\",\"name\":\"Konkurs im. Barbary Lala - Piel\u0119gniarstwo PANS w Kro\u015bnie\",\"isPartOf\":{\"@id\":\"https:\\\/\\\/pans.krosno.pl\\\/pielegniarstwo\\\/#website\"},\"primaryImageOfPage\":{\"@id\":\"https:\\\/\\\/pans.krosno.pl\\\/pielegniarstwo\\\/konkursy\\\/konkurs-im-barbary-lala\\\/#primaryimage\"},\"image\":{\"@id\":\"https:\\\/\\\/pans.krosno.pl\\\/pielegniarstwo\\\/konkursy\\\/konkurs-im-barbary-lala\\\/#primaryimage\"},\"thumbnailUrl\":\"https:\\\/\\\/pans.krosno.pl\\\/pielegniarstwo\\\/wp-content\\\/uploads\\\/sites\\\/8\\\/2019\\\/12\\\/barbara1.jpg\",\"datePublished\":\"2019-12-16T15:50:13+00:00\",\"dateModified\":\"2025-09-30T15:25:18+00:00\",\"description\":\"Piel\u0119gniarstwo PANS w Kro\u015bnie -Konkurs im. Barbary Lala - KPU w Kro\u015bnie\",\"breadcrumb\":{\"@id\":\"https:\\\/\\\/pans.krosno.pl\\\/pielegniarstwo\\\/konkursy\\\/konkurs-im-barbary-lala\\\/#breadcrumb\"},\"inLanguage\":\"pl-PL\",\"potentialAction\":[{\"@type\":\"ReadAction\",\"target\":[\"https:\\\/\\\/pans.krosno.pl\\\/pielegniarstwo\\\/konkursy\\\/konkurs-im-barbary-lala\\\/\"]}]},{\"@type\":\"ImageObject\",\"inLanguage\":\"pl-PL\",\"@id\":\"https:\\\/\\\/pans.krosno.pl\\\/pielegniarstwo\\\/konkursy\\\/konkurs-im-barbary-lala\\\/#primaryimage\",\"url\":\"https:\\\/\\\/pans.krosno.pl\\\/pielegniarstwo\\\/wp-content\\\/uploads\\\/sites\\\/8\\\/2019\\\/12\\\/barbara1.jpg\",\"contentUrl\":\"https:\\\/\\\/pans.krosno.pl\\\/pielegniarstwo\\\/wp-content\\\/uploads\\\/sites\\\/8\\\/2019\\\/12\\\/barbara1.jpg\",\"width\":400,\"height\":567},{\"@type\":\"BreadcrumbList\",\"@id\":\"https:\\\/\\\/pans.krosno.pl\\\/pielegniarstwo\\\/konkursy\\\/konkurs-im-barbary-lala\\\/#breadcrumb\",\"itemListElement\":[{\"@type\":\"ListItem\",\"position\":1,\"name\":\"Strona g\u0142\u00f3wna\",\"item\":\"https:\\\/\\\/pans.krosno.pl\\\/pielegniarstwo\\\/\"},{\"@type\":\"ListItem\",\"position\":2,\"name\":\"Konkursy\",\"item\":\"https:\\\/\\\/pans.krosno.pl\\\/pielegniarstwo\\\/konkursy\\\/\"},{\"@type\":\"ListItem\",\"position\":3,\"name\":\"Konkurs im. Barbary Lala\"}]},{\"@type\":\"WebSite\",\"@id\":\"https:\\\/\\\/pans.krosno.pl\\\/pielegniarstwo\\\/#website\",\"url\":\"https:\\\/\\\/pans.krosno.pl\\\/pielegniarstwo\\\/\",\"name\":\"Piel\u0119gniarstwo PANS w Kro\u015bnie\",\"description\":\"Piel\u0119gniarstwo - Pa\u0144stwowa Akademia Nauk Stosowanych\",\"publisher\":{\"@id\":\"https:\\\/\\\/pans.krosno.pl\\\/pielegniarstwo\\\/#organization\"},\"potentialAction\":[{\"@type\":\"SearchAction\",\"target\":{\"@type\":\"EntryPoint\",\"urlTemplate\":\"https:\\\/\\\/pans.krosno.pl\\\/pielegniarstwo\\\/?s={search_term_string}\"},\"query-input\":{\"@type\":\"PropertyValueSpecification\",\"valueRequired\":true,\"valueName\":\"search_term_string\"}}],\"inLanguage\":\"pl-PL\"},{\"@type\":\"Organization\",\"@id\":\"https:\\\/\\\/pans.krosno.pl\\\/pielegniarstwo\\\/#organization\",\"name\":\"Piel\u0119gniarstwo PANS w Kro\u015bnie\",\"url\":\"https:\\\/\\\/pans.krosno.pl\\\/pielegniarstwo\\\/\",\"logo\":{\"@type\":\"ImageObject\",\"inLanguage\":\"pl-PL\",\"@id\":\"https:\\\/\\\/pans.krosno.pl\\\/pielegniarstwo\\\/#\\\/schema\\\/logo\\\/image\\\/\",\"url\":\"https:\\\/\\\/pans.krosno.pl\\\/pielegniarstwo\\\/wp-content\\\/uploads\\\/sites\\\/8\\\/2023\\\/01\\\/Logo-PANS-2022-pelne.png\",\"contentUrl\":\"https:\\\/\\\/pans.krosno.pl\\\/pielegniarstwo\\\/wp-content\\\/uploads\\\/sites\\\/8\\\/2023\\\/01\\\/Logo-PANS-2022-pelne.png\",\"width\":3096,\"height\":696,\"caption\":\"Piel\u0119gniarstwo PANS w Kro\u015bnie\"},\"image\":{\"@id\":\"https:\\\/\\\/pans.krosno.pl\\\/pielegniarstwo\\\/#\\\/schema\\\/logo\\\/image\\\/\"}}]}<\/script>\n<!-- \/ Yoast SEO Premium plugin. -->","yoast_head_json":{"title":"Konkurs im. Barbary Lala - Piel\u0119gniarstwo PANS w Kro\u015bnie","description":"Piel\u0119gniarstwo PANS w Kro\u015bnie -Konkurs im. Barbary Lala - KPU w Kro\u015bnie","robots":{"index":"index","follow":"follow","max-snippet":"max-snippet:-1","max-image-preview":"max-image-preview:large","max-video-preview":"max-video-preview:-1"},"canonical":"https:\/\/pans.krosno.pl\/pielegniarstwo\/konkursy\/konkurs-im-barbary-lala\/","og_locale":"pl_PL","og_type":"article","og_title":"Konkurs im. Barbary Lala","og_description":"Piel\u0119gniarstwo PANS w Kro\u015bnie -Konkurs im. Barbary Lala - KPU w Kro\u015bnie","og_url":"https:\/\/pans.krosno.pl\/pielegniarstwo\/konkursy\/konkurs-im-barbary-lala\/","og_site_name":"Piel\u0119gniarstwo PANS w Kro\u015bnie","article_modified_time":"2025-09-30T15:25:18+00:00","og_image":[{"width":400,"height":567,"url":"https:\/\/pans.krosno.pl\/pielegniarstwo\/wp-content\/uploads\/sites\/8\/2019\/12\/barbara1.jpg","type":"image\/jpeg"}],"twitter_card":"summary_large_image","twitter_misc":{"Szacowany czas czytania":"7 minut"},"schema":{"@context":"https:\/\/schema.org","@graph":[{"@type":"WebPage","@id":"https:\/\/pans.krosno.pl\/pielegniarstwo\/konkursy\/konkurs-im-barbary-lala\/","url":"https:\/\/pans.krosno.pl\/pielegniarstwo\/konkursy\/konkurs-im-barbary-lala\/","name":"Konkurs im. Barbary Lala - Piel\u0119gniarstwo PANS w Kro\u015bnie","isPartOf":{"@id":"https:\/\/pans.krosno.pl\/pielegniarstwo\/#website"},"primaryImageOfPage":{"@id":"https:\/\/pans.krosno.pl\/pielegniarstwo\/konkursy\/konkurs-im-barbary-lala\/#primaryimage"},"image":{"@id":"https:\/\/pans.krosno.pl\/pielegniarstwo\/konkursy\/konkurs-im-barbary-lala\/#primaryimage"},"thumbnailUrl":"https:\/\/pans.krosno.pl\/pielegniarstwo\/wp-content\/uploads\/sites\/8\/2019\/12\/barbara1.jpg","datePublished":"2019-12-16T15:50:13+00:00","dateModified":"2025-09-30T15:25:18+00:00","description":"Piel\u0119gniarstwo PANS w Kro\u015bnie -Konkurs im. Barbary Lala - KPU w Kro\u015bnie","breadcrumb":{"@id":"https:\/\/pans.krosno.pl\/pielegniarstwo\/konkursy\/konkurs-im-barbary-lala\/#breadcrumb"},"inLanguage":"pl-PL","potentialAction":[{"@type":"ReadAction","target":["https:\/\/pans.krosno.pl\/pielegniarstwo\/konkursy\/konkurs-im-barbary-lala\/"]}]},{"@type":"ImageObject","inLanguage":"pl-PL","@id":"https:\/\/pans.krosno.pl\/pielegniarstwo\/konkursy\/konkurs-im-barbary-lala\/#primaryimage","url":"https:\/\/pans.krosno.pl\/pielegniarstwo\/wp-content\/uploads\/sites\/8\/2019\/12\/barbara1.jpg","contentUrl":"https:\/\/pans.krosno.pl\/pielegniarstwo\/wp-content\/uploads\/sites\/8\/2019\/12\/barbara1.jpg","width":400,"height":567},{"@type":"BreadcrumbList","@id":"https:\/\/pans.krosno.pl\/pielegniarstwo\/konkursy\/konkurs-im-barbary-lala\/#breadcrumb","itemListElement":[{"@type":"ListItem","position":1,"name":"Strona g\u0142\u00f3wna","item":"https:\/\/pans.krosno.pl\/pielegniarstwo\/"},{"@type":"ListItem","position":2,"name":"Konkursy","item":"https:\/\/pans.krosno.pl\/pielegniarstwo\/konkursy\/"},{"@type":"ListItem","position":3,"name":"Konkurs im. Barbary Lala"}]},{"@type":"WebSite","@id":"https:\/\/pans.krosno.pl\/pielegniarstwo\/#website","url":"https:\/\/pans.krosno.pl\/pielegniarstwo\/","name":"Piel\u0119gniarstwo PANS w Kro\u015bnie","description":"Piel\u0119gniarstwo - Pa\u0144stwowa Akademia Nauk Stosowanych","publisher":{"@id":"https:\/\/pans.krosno.pl\/pielegniarstwo\/#organization"},"potentialAction":[{"@type":"SearchAction","target":{"@type":"EntryPoint","urlTemplate":"https:\/\/pans.krosno.pl\/pielegniarstwo\/?s={search_term_string}"},"query-input":{"@type":"PropertyValueSpecification","valueRequired":true,"valueName":"search_term_string"}}],"inLanguage":"pl-PL"},{"@type":"Organization","@id":"https:\/\/pans.krosno.pl\/pielegniarstwo\/#organization","name":"Piel\u0119gniarstwo PANS w Kro\u015bnie","url":"https:\/\/pans.krosno.pl\/pielegniarstwo\/","logo":{"@type":"ImageObject","inLanguage":"pl-PL","@id":"https:\/\/pans.krosno.pl\/pielegniarstwo\/#\/schema\/logo\/image\/","url":"https:\/\/pans.krosno.pl\/pielegniarstwo\/wp-content\/uploads\/sites\/8\/2023\/01\/Logo-PANS-2022-pelne.png","contentUrl":"https:\/\/pans.krosno.pl\/pielegniarstwo\/wp-content\/uploads\/sites\/8\/2023\/01\/Logo-PANS-2022-pelne.png","width":3096,"height":696,"caption":"Piel\u0119gniarstwo PANS w Kro\u015bnie"},"image":{"@id":"https:\/\/pans.krosno.pl\/pielegniarstwo\/#\/schema\/logo\/image\/"}}]}},"_links":{"self":[{"href":"https:\/\/pans.krosno.pl\/pielegniarstwo\/wp-json\/wp\/v2\/pages\/529","targetHints":{"allow":["GET"]}}],"collection":[{"href":"https:\/\/pans.krosno.pl\/pielegniarstwo\/wp-json\/wp\/v2\/pages"}],"about":[{"href":"https:\/\/pans.krosno.pl\/pielegniarstwo\/wp-json\/wp\/v2\/types\/page"}],"author":[{"embeddable":true,"href":"https:\/\/pans.krosno.pl\/pielegniarstwo\/wp-json\/wp\/v2\/users\/27"}],"replies":[{"embeddable":true,"href":"https:\/\/pans.krosno.pl\/pielegniarstwo\/wp-json\/wp\/v2\/comments?post=529"}],"version-history":[{"count":21,"href":"https:\/\/pans.krosno.pl\/pielegniarstwo\/wp-json\/wp\/v2\/pages\/529\/revisions"}],"predecessor-version":[{"id":6082,"href":"https:\/\/pans.krosno.pl\/pielegniarstwo\/wp-json\/wp\/v2\/pages\/529\/revisions\/6082"}],"up":[{"embeddable":true,"href":"https:\/\/pans.krosno.pl\/pielegniarstwo\/wp-json\/wp\/v2\/pages\/268"}],"wp:featuredmedia":[{"embeddable":true,"href":"https:\/\/pans.krosno.pl\/pielegniarstwo\/wp-json\/wp\/v2\/media\/531"}],"wp:attachment":[{"href":"https:\/\/pans.krosno.pl\/pielegniarstwo\/wp-json\/wp\/v2\/media?parent=529"}],"curies":[{"name":"wp","href":"https:\/\/api.w.org\/{rel}","templated":true}]}}