{"id":527,"date":"2019-12-16T16:42:00","date_gmt":"2019-12-16T15:42:00","guid":{"rendered":"https:\/\/pans.krosno.pl\/pielegniarstwo\/?page_id=527"},"modified":"2025-10-15T01:38:40","modified_gmt":"2025-10-14T23:38:40","slug":"opiekunowie-rocznikow","status":"publish","type":"page","link":"https:\/\/pans.krosno.pl\/pielegniarstwo\/opiekunowie-rocznikow\/","title":{"rendered":"Opiekunowie rocznik\u00f3w"},"content":{"rendered":"\n<hr class=\"wp-block-separator has-css-opacity is-style-default\" \/>\n\n\n\n<p><strong>ROK AKADEMICKI 2025\/2026<\/strong><\/p>\n\n\n\n<p><strong><u>Opiekun roku \u2013 studia stacjonarne:<\/u><\/strong><\/p>\n\n\n\n<figure class=\"wp-block-table is-style-stripes\"><table class=\"has-fixed-layout\"><thead><tr><th class=\"has-text-align-left\" data-align=\"left\">Rok<\/th><th class=\"has-text-align-left\" data-align=\"left\"><strong>Opiekun<\/strong><\/th><th class=\"has-text-align-left\" data-align=\"left\"><strong>Kontakt<\/strong><\/th><\/tr><\/thead><tbody><tr><td class=\"has-text-align-left\" data-align=\"left\">I<\/td><td class=\"has-text-align-left\" data-align=\"left\">mgr Klaudia Topolska<\/td><td class=\"has-text-align-left\" data-align=\"left\">klaudia.topolska@pans.krosno.pl<\/td><\/tr><tr><td class=\"has-text-align-left\" data-align=\"left\">II<\/td><td class=\"has-text-align-left\" data-align=\"left\">mgr Katarzyna Lisowicz<\/td><td class=\"has-text-align-left\" data-align=\"left\"><br>katarzyna.lisowicz@pans.krosno.pl<\/td><\/tr><tr><td class=\"has-text-align-left\" data-align=\"left\">III<\/td><td class=\"has-text-align-left\" data-align=\"left\">mgr Anna Ksi\u0105\u017ckiewicz<\/td><td class=\"has-text-align-left\" data-align=\"left\"><br>anna.ksiazkiewicz@pans.krosno.pl<\/td><\/tr><tr><td class=\"has-text-align-left\" data-align=\"left\"><\/td><td class=\"has-text-align-left\" data-align=\"left\"><\/td><td class=\"has-text-align-left\" data-align=\"left\"><\/td><\/tr><\/tbody><\/table><\/figure>\n\n\n\n<hr class=\"wp-block-separator has-css-opacity is-style-default\" \/>\n\n\n\n<figure class=\"wp-block-table is-style-stripes\"><table class=\"has-fixed-layout\"><thead><tr><th class=\"has-text-align-left\" data-align=\"left\">Imi\u0119 i nazwisko<\/th><th class=\"has-text-align-left\" data-align=\"left\"><strong>Dzie\u0144<\/strong><\/th><th class=\"has-text-align-left\" data-align=\"left\"><strong>Godzina<\/strong><\/th><th class=\"has-text-align-left\" data-align=\"left\"><strong>Miejsce<\/strong><\/th><\/tr><\/thead><tbody><tr><td class=\"has-text-align-left\" data-align=\"left\">mgr Klaudia Topolska<\/td><td class=\"has-text-align-left\" data-align=\"left\"><strong><strong><strong>poniedzia\u0142ek<\/strong><\/strong><\/strong><\/td><td class=\"has-text-align-left\" data-align=\"left\">09:00 \u2013 11:00<\/td><td class=\"has-text-align-left\" data-align=\"left\">Kazimierza Wielkiego 6a, s.2<\/td><\/tr><tr><td class=\"has-text-align-left\" data-align=\"left\">mgr Katarzyna Lisowicz<\/td><td class=\"has-text-align-left\" data-align=\"left\"><strong><strong><strong><strong>czwartek<\/strong><\/strong><\/strong><\/strong><\/td><td class=\"has-text-align-left\" data-align=\"left\">10:00 \u2013 12:00<\/td><td class=\"has-text-align-left\" data-align=\"left\">Kazimierza Wielkiego 6a, s.2<\/td><\/tr><tr><td class=\"has-text-align-left\" data-align=\"left\">mgr Anna Ksi\u0105\u017ckiewicz<\/td><td class=\"has-text-align-left\" data-align=\"left\"><strong><strong><strong><br>pi\u0105tek<\/strong><\/strong><\/strong><\/td><td class=\"has-text-align-left\" data-align=\"left\">17:00 \u2013 18:00<\/td><td class=\"has-text-align-left\" data-align=\"left\">Kazimierza Wielkiego 6a, s.2<\/td><\/tr><tr><td class=\"has-text-align-left\" data-align=\"left\"><\/td><td class=\"has-text-align-left\" data-align=\"left\"><\/td><td class=\"has-text-align-left\" data-align=\"left\"><\/td><td class=\"has-text-align-left\" data-align=\"left\"><\/td><\/tr><\/tbody><\/table><\/figure>\n","protected":false},"excerpt":{"rendered":"<p>ROK AKADEMICKI 2025\/2026 Opiekun roku \u2013 studia stacjonarne: Rok Opiekun Kontakt I mgr Klaudia Topolska klaudia.topolska@pans.krosno.pl II mgr Katarzyna Lisowicz katarzyna.lisowicz@pans.krosno.pl III mgr Anna Ksi\u0105\u017ckiewicz anna.ksiazkiewicz@pans.krosno.pl Imi\u0119 i nazwisko Dzie\u0144 Godzina Miejsce mgr Klaudia Topolska poniedzia\u0142ek 09:00 \u2013 11:00 Kazimierza Wielkiego 6a, s.2 mgr Katarzyna Lisowicz czwartek 10:00 \u2013 12:00 [\u2026] <\/p>\n<div class=\"clear\"><\/div>\n<p><a class=\"more_link clearfix\" href=\"https:\/\/pans.krosno.pl\/pielegniarstwo\/opiekunowie-rocznikow\/\" rel=\"nofollow\">Read More<\/a><\/p>\n","protected":false},"author":7,"featured_media":0,"parent":0,"menu_order":0,"comment_status":"closed","ping_status":"closed","template":"page-templates\/template-full-width.php","meta":{"ngg_post_thumbnail":0,"footnotes":""},"class_list":["post-527","page","type-page","status-publish","hentry"],"yoast_head":"<!-- This site is optimized with the Yoast SEO Premium plugin v27.4 (Yoast SEO v27.4) - https:\/\/yoast.com\/product\/yoast-seo-premium-wordpress\/ -->\n<title>Opiekunowie rocznik\u00f3w - Piel\u0119gniarstwo PANS w Kro\u015bnie<\/title>\n<meta name=\"robots\" content=\"index, follow, max-snippet:-1, max-image-preview:large, max-video-preview:-1\" \/>\n<link rel=\"canonical\" href=\"https:\/\/pans.krosno.pl\/pielegniarstwo\/opiekunowie-rocznikow\/\" \/>\n<meta property=\"og:locale\" content=\"pl_PL\" \/>\n<meta property=\"og:type\" content=\"article\" \/>\n<meta property=\"og:title\" content=\"Opiekunowie rocznik\u00f3w\" \/>\n<meta property=\"og:description\" content=\"ROK AKADEMICKI 2025\/2026 Opiekun roku \u2013 studia stacjonarne: Rok Opiekun Kontakt I mgr Klaudia Topolska klaudia.topolska@pans.krosno.pl II mgr Katarzyna Lisowicz katarzyna.lisowicz@pans.krosno.pl III mgr Anna Ksi\u0105\u017ckiewicz anna.ksiazkiewicz@pans.krosno.pl Imi\u0119 i nazwisko Dzie\u0144 Godzina Miejsce mgr Klaudia Topolska poniedzia\u0142ek 09:00 \u2013 11:00 Kazimierza Wielkiego 6a, s.2 mgr Katarzyna Lisowicz czwartek 10:00 \u2013 12:00 [\u2026] Read More\" \/>\n<meta property=\"og:url\" content=\"https:\/\/pans.krosno.pl\/pielegniarstwo\/opiekunowie-rocznikow\/\" \/>\n<meta property=\"og:site_name\" content=\"Piel\u0119gniarstwo PANS w Kro\u015bnie\" \/>\n<meta property=\"article:modified_time\" content=\"2025-10-14T23:38:40+00:00\" \/>\n<meta name=\"twitter:card\" content=\"summary_large_image\" \/>\n<meta name=\"twitter:label1\" content=\"Szacowany czas czytania\" \/>\n\t<meta name=\"twitter:data1\" content=\"1 minuta\" \/>\n<script type=\"application\/ld+json\" class=\"yoast-schema-graph\">{\"@context\":\"https:\\\/\\\/schema.org\",\"@graph\":[{\"@type\":\"WebPage\",\"@id\":\"https:\\\/\\\/pans.krosno.pl\\\/pielegniarstwo\\\/opiekunowie-rocznikow\\\/\",\"url\":\"https:\\\/\\\/pans.krosno.pl\\\/pielegniarstwo\\\/opiekunowie-rocznikow\\\/\",\"name\":\"Opiekunowie rocznik\u00f3w - Piel\u0119gniarstwo PANS w Kro\u015bnie\",\"isPartOf\":{\"@id\":\"https:\\\/\\\/pans.krosno.pl\\\/pielegniarstwo\\\/#website\"},\"datePublished\":\"2019-12-16T15:42:00+00:00\",\"dateModified\":\"2025-10-14T23:38:40+00:00\",\"breadcrumb\":{\"@id\":\"https:\\\/\\\/pans.krosno.pl\\\/pielegniarstwo\\\/opiekunowie-rocznikow\\\/#breadcrumb\"},\"inLanguage\":\"pl-PL\",\"potentialAction\":[{\"@type\":\"ReadAction\",\"target\":[\"https:\\\/\\\/pans.krosno.pl\\\/pielegniarstwo\\\/opiekunowie-rocznikow\\\/\"]}]},{\"@type\":\"BreadcrumbList\",\"@id\":\"https:\\\/\\\/pans.krosno.pl\\\/pielegniarstwo\\\/opiekunowie-rocznikow\\\/#breadcrumb\",\"itemListElement\":[{\"@type\":\"ListItem\",\"position\":1,\"name\":\"Strona g\u0142\u00f3wna\",\"item\":\"https:\\\/\\\/pans.krosno.pl\\\/pielegniarstwo\\\/\"},{\"@type\":\"ListItem\",\"position\":2,\"name\":\"Opiekunowie rocznik\u00f3w\"}]},{\"@type\":\"WebSite\",\"@id\":\"https:\\\/\\\/pans.krosno.pl\\\/pielegniarstwo\\\/#website\",\"url\":\"https:\\\/\\\/pans.krosno.pl\\\/pielegniarstwo\\\/\",\"name\":\"Piel\u0119gniarstwo PANS w Kro\u015bnie\",\"description\":\"Piel\u0119gniarstwo - Pa\u0144stwowa Akademia Nauk Stosowanych\",\"publisher\":{\"@id\":\"https:\\\/\\\/pans.krosno.pl\\\/pielegniarstwo\\\/#organization\"},\"potentialAction\":[{\"@type\":\"SearchAction\",\"target\":{\"@type\":\"EntryPoint\",\"urlTemplate\":\"https:\\\/\\\/pans.krosno.pl\\\/pielegniarstwo\\\/?s={search_term_string}\"},\"query-input\":{\"@type\":\"PropertyValueSpecification\",\"valueRequired\":true,\"valueName\":\"search_term_string\"}}],\"inLanguage\":\"pl-PL\"},{\"@type\":\"Organization\",\"@id\":\"https:\\\/\\\/pans.krosno.pl\\\/pielegniarstwo\\\/#organization\",\"name\":\"Piel\u0119gniarstwo PANS w Kro\u015bnie\",\"url\":\"https:\\\/\\\/pans.krosno.pl\\\/pielegniarstwo\\\/\",\"logo\":{\"@type\":\"ImageObject\",\"inLanguage\":\"pl-PL\",\"@id\":\"https:\\\/\\\/pans.krosno.pl\\\/pielegniarstwo\\\/#\\\/schema\\\/logo\\\/image\\\/\",\"url\":\"https:\\\/\\\/pans.krosno.pl\\\/pielegniarstwo\\\/wp-content\\\/uploads\\\/sites\\\/8\\\/2023\\\/01\\\/Logo-PANS-2022-pelne.png\",\"contentUrl\":\"https:\\\/\\\/pans.krosno.pl\\\/pielegniarstwo\\\/wp-content\\\/uploads\\\/sites\\\/8\\\/2023\\\/01\\\/Logo-PANS-2022-pelne.png\",\"width\":3096,\"height\":696,\"caption\":\"Piel\u0119gniarstwo PANS w Kro\u015bnie\"},\"image\":{\"@id\":\"https:\\\/\\\/pans.krosno.pl\\\/pielegniarstwo\\\/#\\\/schema\\\/logo\\\/image\\\/\"}}]}<\/script>\n<!-- \/ Yoast SEO Premium plugin. -->","yoast_head_json":{"title":"Opiekunowie rocznik\u00f3w - Piel\u0119gniarstwo PANS w Kro\u015bnie","robots":{"index":"index","follow":"follow","max-snippet":"max-snippet:-1","max-image-preview":"max-image-preview:large","max-video-preview":"max-video-preview:-1"},"canonical":"https:\/\/pans.krosno.pl\/pielegniarstwo\/opiekunowie-rocznikow\/","og_locale":"pl_PL","og_type":"article","og_title":"Opiekunowie rocznik\u00f3w","og_description":"ROK AKADEMICKI 2025\/2026 Opiekun roku \u2013 studia stacjonarne: Rok Opiekun Kontakt I mgr Klaudia Topolska klaudia.topolska@pans.krosno.pl II mgr Katarzyna Lisowicz katarzyna.lisowicz@pans.krosno.pl III mgr Anna Ksi\u0105\u017ckiewicz anna.ksiazkiewicz@pans.krosno.pl Imi\u0119 i nazwisko Dzie\u0144 Godzina Miejsce mgr Klaudia Topolska poniedzia\u0142ek 09:00 \u2013 11:00 Kazimierza Wielkiego 6a, s.2 mgr Katarzyna Lisowicz czwartek 10:00 \u2013 12:00 [\u2026] Read More","og_url":"https:\/\/pans.krosno.pl\/pielegniarstwo\/opiekunowie-rocznikow\/","og_site_name":"Piel\u0119gniarstwo PANS w Kro\u015bnie","article_modified_time":"2025-10-14T23:38:40+00:00","twitter_card":"summary_large_image","twitter_misc":{"Szacowany czas czytania":"1 minuta"},"schema":{"@context":"https:\/\/schema.org","@graph":[{"@type":"WebPage","@id":"https:\/\/pans.krosno.pl\/pielegniarstwo\/opiekunowie-rocznikow\/","url":"https:\/\/pans.krosno.pl\/pielegniarstwo\/opiekunowie-rocznikow\/","name":"Opiekunowie rocznik\u00f3w - Piel\u0119gniarstwo PANS w Kro\u015bnie","isPartOf":{"@id":"https:\/\/pans.krosno.pl\/pielegniarstwo\/#website"},"datePublished":"2019-12-16T15:42:00+00:00","dateModified":"2025-10-14T23:38:40+00:00","breadcrumb":{"@id":"https:\/\/pans.krosno.pl\/pielegniarstwo\/opiekunowie-rocznikow\/#breadcrumb"},"inLanguage":"pl-PL","potentialAction":[{"@type":"ReadAction","target":["https:\/\/pans.krosno.pl\/pielegniarstwo\/opiekunowie-rocznikow\/"]}]},{"@type":"BreadcrumbList","@id":"https:\/\/pans.krosno.pl\/pielegniarstwo\/opiekunowie-rocznikow\/#breadcrumb","itemListElement":[{"@type":"ListItem","position":1,"name":"Strona g\u0142\u00f3wna","item":"https:\/\/pans.krosno.pl\/pielegniarstwo\/"},{"@type":"ListItem","position":2,"name":"Opiekunowie rocznik\u00f3w"}]},{"@type":"WebSite","@id":"https:\/\/pans.krosno.pl\/pielegniarstwo\/#website","url":"https:\/\/pans.krosno.pl\/pielegniarstwo\/","name":"Piel\u0119gniarstwo PANS w Kro\u015bnie","description":"Piel\u0119gniarstwo - Pa\u0144stwowa Akademia Nauk Stosowanych","publisher":{"@id":"https:\/\/pans.krosno.pl\/pielegniarstwo\/#organization"},"potentialAction":[{"@type":"SearchAction","target":{"@type":"EntryPoint","urlTemplate":"https:\/\/pans.krosno.pl\/pielegniarstwo\/?s={search_term_string}"},"query-input":{"@type":"PropertyValueSpecification","valueRequired":true,"valueName":"search_term_string"}}],"inLanguage":"pl-PL"},{"@type":"Organization","@id":"https:\/\/pans.krosno.pl\/pielegniarstwo\/#organization","name":"Piel\u0119gniarstwo PANS w Kro\u015bnie","url":"https:\/\/pans.krosno.pl\/pielegniarstwo\/","logo":{"@type":"ImageObject","inLanguage":"pl-PL","@id":"https:\/\/pans.krosno.pl\/pielegniarstwo\/#\/schema\/logo\/image\/","url":"https:\/\/pans.krosno.pl\/pielegniarstwo\/wp-content\/uploads\/sites\/8\/2023\/01\/Logo-PANS-2022-pelne.png","contentUrl":"https:\/\/pans.krosno.pl\/pielegniarstwo\/wp-content\/uploads\/sites\/8\/2023\/01\/Logo-PANS-2022-pelne.png","width":3096,"height":696,"caption":"Piel\u0119gniarstwo PANS w Kro\u015bnie"},"image":{"@id":"https:\/\/pans.krosno.pl\/pielegniarstwo\/#\/schema\/logo\/image\/"}}]}},"_links":{"self":[{"href":"https:\/\/pans.krosno.pl\/pielegniarstwo\/wp-json\/wp\/v2\/pages\/527","targetHints":{"allow":["GET"]}}],"collection":[{"href":"https:\/\/pans.krosno.pl\/pielegniarstwo\/wp-json\/wp\/v2\/pages"}],"about":[{"href":"https:\/\/pans.krosno.pl\/pielegniarstwo\/wp-json\/wp\/v2\/types\/page"}],"author":[{"embeddable":true,"href":"https:\/\/pans.krosno.pl\/pielegniarstwo\/wp-json\/wp\/v2\/users\/7"}],"replies":[{"embeddable":true,"href":"https:\/\/pans.krosno.pl\/pielegniarstwo\/wp-json\/wp\/v2\/comments?post=527"}],"version-history":[{"count":24,"href":"https:\/\/pans.krosno.pl\/pielegniarstwo\/wp-json\/wp\/v2\/pages\/527\/revisions"}],"predecessor-version":[{"id":6116,"href":"https:\/\/pans.krosno.pl\/pielegniarstwo\/wp-json\/wp\/v2\/pages\/527\/revisions\/6116"}],"wp:attachment":[{"href":"https:\/\/pans.krosno.pl\/pielegniarstwo\/wp-json\/wp\/v2\/media?parent=527"}],"curies":[{"name":"wp","href":"https:\/\/api.w.org\/{rel}","templated":true}]}}