{"id":3764,"date":"2022-10-12T14:50:24","date_gmt":"2022-10-12T12:50:24","guid":{"rendered":"https:\/\/pans.krosno.pl\/pielegniarstwo\/?page_id=3764"},"modified":"2022-10-13T10:06:31","modified_gmt":"2022-10-13T08:06:31","slug":"instrukcja-szyfrowania-szafek-s-1-kw6b-szatnia","status":"publish","type":"page","link":"https:\/\/pans.krosno.pl\/pielegniarstwo\/regulaminy-i-intrukcje-csm\/instrukcja-szyfrowania-szafek-s-1-kw6b-szatnia\/","title":{"rendered":"Instrukcja szyfrowania szafek s.1 KW6B (szatnia)"},"content":{"rendered":"\n<p><a href=\"https:\/\/pans.krosno.pl\/pielegniarstwo\/wp-content\/uploads\/sites\/8\/2022\/09\/Szyfrowanie-szafki-s.1-KW6b.pdf\">Instrukcja szyfrowania szafek w szatni s. 1, KW6b<\/a><\/p>\n\n\n\n<p>Uwaga film z muzyk\u0105!<\/p>\n\n\n\n<figure class=\"wp-block-video\"><video height=\"1280\" style=\"aspect-ratio: 720 \/ 1280;\" width=\"720\" controls poster=\"https:\/\/pans.krosno.pl\/pielegniarstwo\/wp-content\/uploads\/sites\/8\/2022\/10\/intr-1.jpg\" src=\"https:\/\/pans.krosno.pl\/pielegniarstwo\/wp-content\/uploads\/sites\/8\/2022\/10\/Instrukcja-szyfrowania-szafek.mp4\"><\/video><\/figure>\n","protected":false},"excerpt":{"rendered":"<p>Instrukcja szyfrowania szafek w szatni s. 1, KW6b Uwaga film z muzyk\u0105!<\/p>\n","protected":false},"author":7,"featured_media":0,"parent":3705,"menu_order":2,"comment_status":"closed","ping_status":"closed","template":"","meta":{"ngg_post_thumbnail":0,"footnotes":""},"class_list":["post-3764","page","type-page","status-publish","hentry"],"yoast_head":"<!-- This site is optimized with the Yoast SEO Premium plugin v27.4 (Yoast SEO v27.4) - https:\/\/yoast.com\/product\/yoast-seo-premium-wordpress\/ -->\n<title>Instrukcja szyfrowania szafek s.1 KW6B (szatnia) - Piel\u0119gniarstwo PANS w Kro\u015bnie<\/title>\n<meta name=\"robots\" content=\"index, follow, max-snippet:-1, max-image-preview:large, max-video-preview:-1\" \/>\n<link rel=\"canonical\" href=\"https:\/\/pans.krosno.pl\/pielegniarstwo\/regulaminy-i-intrukcje-csm\/instrukcja-szyfrowania-szafek-s-1-kw6b-szatnia\/\" \/>\n<meta property=\"og:locale\" content=\"pl_PL\" \/>\n<meta property=\"og:type\" content=\"article\" \/>\n<meta property=\"og:title\" content=\"Instrukcja szyfrowania szafek s.1 KW6B (szatnia)\" \/>\n<meta property=\"og:description\" content=\"Instrukcja szyfrowania szafek w szatni s. 1, KW6b Uwaga film z muzyk\u0105!\" \/>\n<meta property=\"og:url\" content=\"https:\/\/pans.krosno.pl\/pielegniarstwo\/regulaminy-i-intrukcje-csm\/instrukcja-szyfrowania-szafek-s-1-kw6b-szatnia\/\" \/>\n<meta property=\"og:site_name\" content=\"Piel\u0119gniarstwo PANS w Kro\u015bnie\" \/>\n<meta property=\"article:modified_time\" content=\"2022-10-13T08:06:31+00:00\" \/>\n<meta name=\"twitter:card\" content=\"summary_large_image\" \/>\n<meta name=\"twitter:label1\" content=\"Szacowany czas czytania\" \/>\n\t<meta name=\"twitter:data1\" content=\"1 minuta\" \/>\n<script type=\"application\/ld+json\" class=\"yoast-schema-graph\">{\"@context\":\"https:\\\/\\\/schema.org\",\"@graph\":[{\"@type\":\"WebPage\",\"@id\":\"https:\\\/\\\/pans.krosno.pl\\\/pielegniarstwo\\\/regulaminy-i-intrukcje-csm\\\/instrukcja-szyfrowania-szafek-s-1-kw6b-szatnia\\\/\",\"url\":\"https:\\\/\\\/pans.krosno.pl\\\/pielegniarstwo\\\/regulaminy-i-intrukcje-csm\\\/instrukcja-szyfrowania-szafek-s-1-kw6b-szatnia\\\/\",\"name\":\"Instrukcja szyfrowania szafek s.1 KW6B (szatnia) - Piel\u0119gniarstwo PANS w Kro\u015bnie\",\"isPartOf\":{\"@id\":\"https:\\\/\\\/pans.krosno.pl\\\/pielegniarstwo\\\/#website\"},\"datePublished\":\"2022-10-12T12:50:24+00:00\",\"dateModified\":\"2022-10-13T08:06:31+00:00\",\"breadcrumb\":{\"@id\":\"https:\\\/\\\/pans.krosno.pl\\\/pielegniarstwo\\\/regulaminy-i-intrukcje-csm\\\/instrukcja-szyfrowania-szafek-s-1-kw6b-szatnia\\\/#breadcrumb\"},\"inLanguage\":\"pl-PL\",\"potentialAction\":[{\"@type\":\"ReadAction\",\"target\":[\"https:\\\/\\\/pans.krosno.pl\\\/pielegniarstwo\\\/regulaminy-i-intrukcje-csm\\\/instrukcja-szyfrowania-szafek-s-1-kw6b-szatnia\\\/\"]}]},{\"@type\":\"BreadcrumbList\",\"@id\":\"https:\\\/\\\/pans.krosno.pl\\\/pielegniarstwo\\\/regulaminy-i-intrukcje-csm\\\/instrukcja-szyfrowania-szafek-s-1-kw6b-szatnia\\\/#breadcrumb\",\"itemListElement\":[{\"@type\":\"ListItem\",\"position\":1,\"name\":\"Strona g\u0142\u00f3wna\",\"item\":\"https:\\\/\\\/pans.krosno.pl\\\/pielegniarstwo\\\/\"},{\"@type\":\"ListItem\",\"position\":2,\"name\":\"Regulaminy i instrukcje CSM\",\"item\":\"https:\\\/\\\/pans.krosno.pl\\\/pielegniarstwo\\\/regulaminy-i-intrukcje-csm\\\/\"},{\"@type\":\"ListItem\",\"position\":3,\"name\":\"Instrukcja szyfrowania szafek s.1 KW6B (szatnia)\"}]},{\"@type\":\"WebSite\",\"@id\":\"https:\\\/\\\/pans.krosno.pl\\\/pielegniarstwo\\\/#website\",\"url\":\"https:\\\/\\\/pans.krosno.pl\\\/pielegniarstwo\\\/\",\"name\":\"Piel\u0119gniarstwo PANS w Kro\u015bnie\",\"description\":\"Piel\u0119gniarstwo - Pa\u0144stwowa Akademia Nauk Stosowanych\",\"publisher\":{\"@id\":\"https:\\\/\\\/pans.krosno.pl\\\/pielegniarstwo\\\/#organization\"},\"potentialAction\":[{\"@type\":\"SearchAction\",\"target\":{\"@type\":\"EntryPoint\",\"urlTemplate\":\"https:\\\/\\\/pans.krosno.pl\\\/pielegniarstwo\\\/?s={search_term_string}\"},\"query-input\":{\"@type\":\"PropertyValueSpecification\",\"valueRequired\":true,\"valueName\":\"search_term_string\"}}],\"inLanguage\":\"pl-PL\"},{\"@type\":\"Organization\",\"@id\":\"https:\\\/\\\/pans.krosno.pl\\\/pielegniarstwo\\\/#organization\",\"name\":\"Piel\u0119gniarstwo PANS w Kro\u015bnie\",\"url\":\"https:\\\/\\\/pans.krosno.pl\\\/pielegniarstwo\\\/\",\"logo\":{\"@type\":\"ImageObject\",\"inLanguage\":\"pl-PL\",\"@id\":\"https:\\\/\\\/pans.krosno.pl\\\/pielegniarstwo\\\/#\\\/schema\\\/logo\\\/image\\\/\",\"url\":\"https:\\\/\\\/pans.krosno.pl\\\/pielegniarstwo\\\/wp-content\\\/uploads\\\/sites\\\/8\\\/2023\\\/01\\\/Logo-PANS-2022-pelne.png\",\"contentUrl\":\"https:\\\/\\\/pans.krosno.pl\\\/pielegniarstwo\\\/wp-content\\\/uploads\\\/sites\\\/8\\\/2023\\\/01\\\/Logo-PANS-2022-pelne.png\",\"width\":3096,\"height\":696,\"caption\":\"Piel\u0119gniarstwo PANS w Kro\u015bnie\"},\"image\":{\"@id\":\"https:\\\/\\\/pans.krosno.pl\\\/pielegniarstwo\\\/#\\\/schema\\\/logo\\\/image\\\/\"}}]}<\/script>\n<!-- \/ Yoast SEO Premium plugin. -->","yoast_head_json":{"title":"Instrukcja szyfrowania szafek s.1 KW6B (szatnia) - Piel\u0119gniarstwo PANS w Kro\u015bnie","robots":{"index":"index","follow":"follow","max-snippet":"max-snippet:-1","max-image-preview":"max-image-preview:large","max-video-preview":"max-video-preview:-1"},"canonical":"https:\/\/pans.krosno.pl\/pielegniarstwo\/regulaminy-i-intrukcje-csm\/instrukcja-szyfrowania-szafek-s-1-kw6b-szatnia\/","og_locale":"pl_PL","og_type":"article","og_title":"Instrukcja szyfrowania szafek s.1 KW6B (szatnia)","og_description":"Instrukcja szyfrowania szafek w szatni s. 1, KW6b Uwaga film z muzyk\u0105!","og_url":"https:\/\/pans.krosno.pl\/pielegniarstwo\/regulaminy-i-intrukcje-csm\/instrukcja-szyfrowania-szafek-s-1-kw6b-szatnia\/","og_site_name":"Piel\u0119gniarstwo PANS w Kro\u015bnie","article_modified_time":"2022-10-13T08:06:31+00:00","twitter_card":"summary_large_image","twitter_misc":{"Szacowany czas czytania":"1 minuta"},"schema":{"@context":"https:\/\/schema.org","@graph":[{"@type":"WebPage","@id":"https:\/\/pans.krosno.pl\/pielegniarstwo\/regulaminy-i-intrukcje-csm\/instrukcja-szyfrowania-szafek-s-1-kw6b-szatnia\/","url":"https:\/\/pans.krosno.pl\/pielegniarstwo\/regulaminy-i-intrukcje-csm\/instrukcja-szyfrowania-szafek-s-1-kw6b-szatnia\/","name":"Instrukcja szyfrowania szafek s.1 KW6B (szatnia) - Piel\u0119gniarstwo PANS w Kro\u015bnie","isPartOf":{"@id":"https:\/\/pans.krosno.pl\/pielegniarstwo\/#website"},"datePublished":"2022-10-12T12:50:24+00:00","dateModified":"2022-10-13T08:06:31+00:00","breadcrumb":{"@id":"https:\/\/pans.krosno.pl\/pielegniarstwo\/regulaminy-i-intrukcje-csm\/instrukcja-szyfrowania-szafek-s-1-kw6b-szatnia\/#breadcrumb"},"inLanguage":"pl-PL","potentialAction":[{"@type":"ReadAction","target":["https:\/\/pans.krosno.pl\/pielegniarstwo\/regulaminy-i-intrukcje-csm\/instrukcja-szyfrowania-szafek-s-1-kw6b-szatnia\/"]}]},{"@type":"BreadcrumbList","@id":"https:\/\/pans.krosno.pl\/pielegniarstwo\/regulaminy-i-intrukcje-csm\/instrukcja-szyfrowania-szafek-s-1-kw6b-szatnia\/#breadcrumb","itemListElement":[{"@type":"ListItem","position":1,"name":"Strona g\u0142\u00f3wna","item":"https:\/\/pans.krosno.pl\/pielegniarstwo\/"},{"@type":"ListItem","position":2,"name":"Regulaminy i instrukcje CSM","item":"https:\/\/pans.krosno.pl\/pielegniarstwo\/regulaminy-i-intrukcje-csm\/"},{"@type":"ListItem","position":3,"name":"Instrukcja szyfrowania szafek s.1 KW6B (szatnia)"}]},{"@type":"WebSite","@id":"https:\/\/pans.krosno.pl\/pielegniarstwo\/#website","url":"https:\/\/pans.krosno.pl\/pielegniarstwo\/","name":"Piel\u0119gniarstwo PANS w Kro\u015bnie","description":"Piel\u0119gniarstwo - Pa\u0144stwowa Akademia Nauk Stosowanych","publisher":{"@id":"https:\/\/pans.krosno.pl\/pielegniarstwo\/#organization"},"potentialAction":[{"@type":"SearchAction","target":{"@type":"EntryPoint","urlTemplate":"https:\/\/pans.krosno.pl\/pielegniarstwo\/?s={search_term_string}"},"query-input":{"@type":"PropertyValueSpecification","valueRequired":true,"valueName":"search_term_string"}}],"inLanguage":"pl-PL"},{"@type":"Organization","@id":"https:\/\/pans.krosno.pl\/pielegniarstwo\/#organization","name":"Piel\u0119gniarstwo PANS w Kro\u015bnie","url":"https:\/\/pans.krosno.pl\/pielegniarstwo\/","logo":{"@type":"ImageObject","inLanguage":"pl-PL","@id":"https:\/\/pans.krosno.pl\/pielegniarstwo\/#\/schema\/logo\/image\/","url":"https:\/\/pans.krosno.pl\/pielegniarstwo\/wp-content\/uploads\/sites\/8\/2023\/01\/Logo-PANS-2022-pelne.png","contentUrl":"https:\/\/pans.krosno.pl\/pielegniarstwo\/wp-content\/uploads\/sites\/8\/2023\/01\/Logo-PANS-2022-pelne.png","width":3096,"height":696,"caption":"Piel\u0119gniarstwo PANS w Kro\u015bnie"},"image":{"@id":"https:\/\/pans.krosno.pl\/pielegniarstwo\/#\/schema\/logo\/image\/"}}]}},"_links":{"self":[{"href":"https:\/\/pans.krosno.pl\/pielegniarstwo\/wp-json\/wp\/v2\/pages\/3764","targetHints":{"allow":["GET"]}}],"collection":[{"href":"https:\/\/pans.krosno.pl\/pielegniarstwo\/wp-json\/wp\/v2\/pages"}],"about":[{"href":"https:\/\/pans.krosno.pl\/pielegniarstwo\/wp-json\/wp\/v2\/types\/page"}],"author":[{"embeddable":true,"href":"https:\/\/pans.krosno.pl\/pielegniarstwo\/wp-json\/wp\/v2\/users\/7"}],"replies":[{"embeddable":true,"href":"https:\/\/pans.krosno.pl\/pielegniarstwo\/wp-json\/wp\/v2\/comments?post=3764"}],"version-history":[{"count":7,"href":"https:\/\/pans.krosno.pl\/pielegniarstwo\/wp-json\/wp\/v2\/pages\/3764\/revisions"}],"predecessor-version":[{"id":3852,"href":"https:\/\/pans.krosno.pl\/pielegniarstwo\/wp-json\/wp\/v2\/pages\/3764\/revisions\/3852"}],"up":[{"embeddable":true,"href":"https:\/\/pans.krosno.pl\/pielegniarstwo\/wp-json\/wp\/v2\/pages\/3705"}],"wp:attachment":[{"href":"https:\/\/pans.krosno.pl\/pielegniarstwo\/wp-json\/wp\/v2\/media?parent=3764"}],"curies":[{"name":"wp","href":"https:\/\/api.w.org\/{rel}","templated":true}]}}