{"id":50,"date":"2021-02-24T12:11:37","date_gmt":"2021-02-24T11:11:37","guid":{"rendered":"https:\/\/pans.krosno.pl\/pielegniarstwo-magisterskie\/?page_id=50"},"modified":"2026-01-15T12:21:08","modified_gmt":"2026-01-15T11:21:08","slug":"praktyki-zawodowe","status":"publish","type":"page","link":"https:\/\/pans.krosno.pl\/pielegniarstwo-magisterskie\/ksztalcenie-praktyczne\/praktyki-zawodowe\/","title":{"rendered":"Praktyki zawodowe &#8211; II stopie\u0144"},"content":{"rendered":"\n<hr class=\"wp-block-separator has-alpha-channel-opacity\" \/>\n\n\n\n<div class=\"wp-block-buttons is-content-justification-center is-layout-flex wp-container-core-buttons-is-layout-a89b3969 wp-block-buttons-is-layout-flex\">\n<div class=\"wp-block-button is-style-fill\"><a class=\"wp-block-button__link has-white-color has-vivid-cyan-blue-background-color has-text-color has-background has-large-font-size has-custom-font-size wp-element-button\" href=\"https:\/\/pans.krosno.pl\/pielegniarstwo-magisterskie\/ksztalcenie-praktyczne\/praktyki-zawodowe\/praktyki-zawodowe-ii-stopien-1-rok\/\">I rok<\/a><\/div>\n\n\n\n<div class=\"wp-block-button\"><a class=\"wp-block-button__link has-white-color has-vivid-red-background-color has-text-color has-background has-large-font-size has-custom-font-size wp-element-button\" href=\"https:\/\/pans.krosno.pl\/pielegniarstwo-magisterskie\/ksztalcenie-praktyczne\/praktyki-zawodowe\/praktyki-zawodowe-ii-stopien-2-rok\/\">II rok<\/a><\/div>\n<\/div>\n\n\n\n<hr class=\"wp-block-separator has-alpha-channel-opacity\" \/>\n\n\n\n<p><strong>Koordynator kszta\u0142cenia praktycznego<\/strong><\/p>\n\n\n\n<p>mgr Barbara Baran<\/p>\n\n\n\n<p>e-mail: barbara.baran@pans.krosno.pl<\/p>\n\n\n\n<hr class=\"wp-block-separator has-alpha-channel-opacity\" \/>\n\n\n\n<p><strong><a href=\"https:\/\/pans.krosno.pl\/pielegniarstwo\/wp-content\/uploads\/sites\/8\/2025\/11\/Regulamin-ksztalcenia-praktycznego.pdf\">Regulamin kszta\u0142cenia praktycznego<\/a><\/strong><br><br>Za\u0142\u0105czniki do Regulaminu kszta\u0142cenia praktycznego:<br><a href=\"https:\/\/pans.krosno.pl\/pielegniarstwo\/wp-content\/uploads\/sites\/8\/2026\/01\/Ankieta-do-oceny-przez-studenta-placowki.docx\">Ankieta do oceny plac\u00f3wki PANS<\/a><br><a href=\"https:\/\/pans.krosno.pl\/pielegniarstwo\/wp-content\/uploads\/sites\/8\/2026\/01\/Oswiadczenie-o-przyjecie-studenta-na-praktyke.docx\">O\u015bwiadczenie o przyj\u0119cie na praktyk\u0119 PANS<\/a><br><a href=\"https:\/\/pans.krosno.pl\/pielegniarstwo\/wp-content\/uploads\/sites\/8\/2026\/01\/Wniosek-do-kierownika-Zakladu.docx\">Wniosek do Kierownika Zak\u0142adu PANS<\/a><\/p>\n\n\n\n<hr class=\"wp-block-separator has-alpha-channel-opacity\" \/>\n\n\n\n<p><a href=\"https:\/\/pans.krosno.pl\/pielegniarstwo-magisterskie\/wp-content\/uploads\/sites\/54\/2022\/08\/Program-praktyk-zawodowych.pdf\"><strong>Program praktyk zawodowych<\/strong><\/a><\/p>\n","protected":false},"excerpt":{"rendered":"<p>Koordynator kszta\u0142cenia praktycznego mgr Barbara Baran e-mail: barbara.baran@pans.krosno.pl Regulamin kszta\u0142cenia praktycznego Za\u0142\u0105czniki do Regulaminu kszta\u0142cenia praktycznego:Ankieta do oceny plac\u00f3wki PANSO\u015bwiadczenie o przyj\u0119cie na praktyk\u0119 PANSWniosek do Kierownika Zak\u0142adu PANS Program praktyk zawodowych<\/p>\n","protected":false},"author":27,"featured_media":0,"parent":606,"menu_order":0,"comment_status":"closed","ping_status":"closed","template":"","meta":{"ngg_post_thumbnail":0,"footnotes":""},"class_list":["post-50","page","type-page","status-publish","hentry"],"yoast_head":"<!-- This site is optimized with the Yoast SEO Premium plugin v27.4 (Yoast SEO v27.4) - https:\/\/yoast.com\/product\/yoast-seo-premium-wordpress\/ -->\n<title>Praktyki zawodowe - II stopie\u0144 - Piel\u0119gniarstwo Magisterskie PANS w Kro\u015bnie<\/title>\n<meta name=\"robots\" content=\"index, follow, max-snippet:-1, max-image-preview:large, max-video-preview:-1\" \/>\n<link rel=\"canonical\" href=\"https:\/\/pans.krosno.pl\/pielegniarstwo-magisterskie\/ksztalcenie-praktyczne\/praktyki-zawodowe\/\" \/>\n<meta property=\"og:locale\" content=\"pl_PL\" \/>\n<meta property=\"og:type\" content=\"article\" \/>\n<meta property=\"og:title\" content=\"Praktyki zawodowe - II stopie\u0144\" \/>\n<meta property=\"og:description\" content=\"Koordynator kszta\u0142cenia praktycznego mgr Barbara Baran e-mail: barbara.baran@pans.krosno.pl Regulamin kszta\u0142cenia praktycznego Za\u0142\u0105czniki do Regulaminu kszta\u0142cenia praktycznego:Ankieta do oceny plac\u00f3wki PANSO\u015bwiadczenie o przyj\u0119cie na praktyk\u0119 PANSWniosek do Kierownika Zak\u0142adu PANS Program praktyk zawodowych\" \/>\n<meta property=\"og:url\" content=\"https:\/\/pans.krosno.pl\/pielegniarstwo-magisterskie\/ksztalcenie-praktyczne\/praktyki-zawodowe\/\" \/>\n<meta property=\"og:site_name\" content=\"Piel\u0119gniarstwo Magisterskie PANS w Kro\u015bnie\" \/>\n<meta property=\"article:publisher\" content=\"https:\/\/www.facebook.com\/StudiaKrosno\/\" \/>\n<meta property=\"article:modified_time\" content=\"2026-01-15T11:21:08+00:00\" \/>\n<meta name=\"twitter:card\" content=\"summary_large_image\" \/>\n<meta name=\"twitter:label1\" content=\"Szacowany czas czytania\" \/>\n\t<meta name=\"twitter:data1\" content=\"1 minuta\" \/>\n<script type=\"application\/ld+json\" class=\"yoast-schema-graph\">{\"@context\":\"https:\\\/\\\/schema.org\",\"@graph\":[{\"@type\":\"WebPage\",\"@id\":\"https:\\\/\\\/pans.krosno.pl\\\/pielegniarstwo-magisterskie\\\/ksztalcenie-praktyczne\\\/praktyki-zawodowe\\\/\",\"url\":\"https:\\\/\\\/pans.krosno.pl\\\/pielegniarstwo-magisterskie\\\/ksztalcenie-praktyczne\\\/praktyki-zawodowe\\\/\",\"name\":\"Praktyki zawodowe - II stopie\u0144 - Piel\u0119gniarstwo Magisterskie PANS w Kro\u015bnie\",\"isPartOf\":{\"@id\":\"https:\\\/\\\/pans.krosno.pl\\\/pielegniarstwo-magisterskie\\\/#website\"},\"datePublished\":\"2021-02-24T11:11:37+00:00\",\"dateModified\":\"2026-01-15T11:21:08+00:00\",\"breadcrumb\":{\"@id\":\"https:\\\/\\\/pans.krosno.pl\\\/pielegniarstwo-magisterskie\\\/ksztalcenie-praktyczne\\\/praktyki-zawodowe\\\/#breadcrumb\"},\"inLanguage\":\"pl-PL\",\"potentialAction\":[{\"@type\":\"ReadAction\",\"target\":[\"https:\\\/\\\/pans.krosno.pl\\\/pielegniarstwo-magisterskie\\\/ksztalcenie-praktyczne\\\/praktyki-zawodowe\\\/\"]}]},{\"@type\":\"BreadcrumbList\",\"@id\":\"https:\\\/\\\/pans.krosno.pl\\\/pielegniarstwo-magisterskie\\\/ksztalcenie-praktyczne\\\/praktyki-zawodowe\\\/#breadcrumb\",\"itemListElement\":[{\"@type\":\"ListItem\",\"position\":1,\"name\":\"Strona g\u0142\u00f3wna\",\"item\":\"https:\\\/\\\/pans.krosno.pl\\\/pielegniarstwo-magisterskie\\\/\"},{\"@type\":\"ListItem\",\"position\":2,\"name\":\"Kszta\u0142cenie praktyczne\",\"item\":\"https:\\\/\\\/pans.krosno.pl\\\/pielegniarstwo-magisterskie\\\/ksztalcenie-praktyczne\\\/\"},{\"@type\":\"ListItem\",\"position\":3,\"name\":\"Praktyki zawodowe &#8211; II stopie\u0144\"}]},{\"@type\":\"WebSite\",\"@id\":\"https:\\\/\\\/pans.krosno.pl\\\/pielegniarstwo-magisterskie\\\/#website\",\"url\":\"https:\\\/\\\/pans.krosno.pl\\\/pielegniarstwo-magisterskie\\\/\",\"name\":\"KPU w Kro\u015bnie\",\"description\":\"Piel\u0119gniarstwo Magisterskie - Pa\u0144stwowa Akademia Nauk Stosowanych\",\"publisher\":{\"@id\":\"https:\\\/\\\/pans.krosno.pl\\\/pielegniarstwo-magisterskie\\\/#organization\"},\"potentialAction\":[{\"@type\":\"SearchAction\",\"target\":{\"@type\":\"EntryPoint\",\"urlTemplate\":\"https:\\\/\\\/pans.krosno.pl\\\/pielegniarstwo-magisterskie\\\/?s={search_term_string}\"},\"query-input\":{\"@type\":\"PropertyValueSpecification\",\"valueRequired\":true,\"valueName\":\"search_term_string\"}}],\"inLanguage\":\"pl-PL\"},{\"@type\":\"Organization\",\"@id\":\"https:\\\/\\\/pans.krosno.pl\\\/pielegniarstwo-magisterskie\\\/#organization\",\"name\":\"Karpacka Pa\u0144stwowa Uczelnia w Kro\u015bnie\",\"url\":\"https:\\\/\\\/pans.krosno.pl\\\/pielegniarstwo-magisterskie\\\/\",\"logo\":{\"@type\":\"ImageObject\",\"inLanguage\":\"pl-PL\",\"@id\":\"https:\\\/\\\/pans.krosno.pl\\\/pielegniarstwo-magisterskie\\\/#\\\/schema\\\/logo\\\/image\\\/\",\"url\":\"\",\"contentUrl\":\"\",\"caption\":\"Karpacka Pa\u0144stwowa Uczelnia w Kro\u015bnie\"},\"image\":{\"@id\":\"https:\\\/\\\/pans.krosno.pl\\\/pielegniarstwo-magisterskie\\\/#\\\/schema\\\/logo\\\/image\\\/\"},\"sameAs\":[\"https:\\\/\\\/www.facebook.com\\\/StudiaKrosno\\\/\",\"https:\\\/\\\/www.instagram.com\\\/studia.krosno\",\"https:\\\/\\\/pl.linkedin.com\\\/company\\\/pwsz-krosno\",\"https:\\\/\\\/www.youtube.com\\\/user\\\/pwszkrosno\\\/\",\"https:\\\/\\\/pl.wikipedia.org\\\/wiki\\\/Pa\u0144stwowa_Wy\u017csza_Szko\u0142a_Zawodowa_im._Stanis\u0142awa_Pigonia_w_Kro\u015bnie\"]}]}<\/script>\n<!-- \/ Yoast SEO Premium plugin. -->","yoast_head_json":{"title":"Praktyki zawodowe - II stopie\u0144 - Piel\u0119gniarstwo Magisterskie PANS w Kro\u015bnie","robots":{"index":"index","follow":"follow","max-snippet":"max-snippet:-1","max-image-preview":"max-image-preview:large","max-video-preview":"max-video-preview:-1"},"canonical":"https:\/\/pans.krosno.pl\/pielegniarstwo-magisterskie\/ksztalcenie-praktyczne\/praktyki-zawodowe\/","og_locale":"pl_PL","og_type":"article","og_title":"Praktyki zawodowe - II stopie\u0144","og_description":"Koordynator kszta\u0142cenia praktycznego mgr Barbara Baran e-mail: barbara.baran@pans.krosno.pl Regulamin kszta\u0142cenia praktycznego Za\u0142\u0105czniki do Regulaminu kszta\u0142cenia praktycznego:Ankieta do oceny plac\u00f3wki PANSO\u015bwiadczenie o przyj\u0119cie na praktyk\u0119 PANSWniosek do Kierownika Zak\u0142adu PANS Program praktyk zawodowych","og_url":"https:\/\/pans.krosno.pl\/pielegniarstwo-magisterskie\/ksztalcenie-praktyczne\/praktyki-zawodowe\/","og_site_name":"Piel\u0119gniarstwo Magisterskie PANS w Kro\u015bnie","article_publisher":"https:\/\/www.facebook.com\/StudiaKrosno\/","article_modified_time":"2026-01-15T11:21:08+00:00","twitter_card":"summary_large_image","twitter_misc":{"Szacowany czas czytania":"1 minuta"},"schema":{"@context":"https:\/\/schema.org","@graph":[{"@type":"WebPage","@id":"https:\/\/pans.krosno.pl\/pielegniarstwo-magisterskie\/ksztalcenie-praktyczne\/praktyki-zawodowe\/","url":"https:\/\/pans.krosno.pl\/pielegniarstwo-magisterskie\/ksztalcenie-praktyczne\/praktyki-zawodowe\/","name":"Praktyki zawodowe - II stopie\u0144 - Piel\u0119gniarstwo Magisterskie PANS w Kro\u015bnie","isPartOf":{"@id":"https:\/\/pans.krosno.pl\/pielegniarstwo-magisterskie\/#website"},"datePublished":"2021-02-24T11:11:37+00:00","dateModified":"2026-01-15T11:21:08+00:00","breadcrumb":{"@id":"https:\/\/pans.krosno.pl\/pielegniarstwo-magisterskie\/ksztalcenie-praktyczne\/praktyki-zawodowe\/#breadcrumb"},"inLanguage":"pl-PL","potentialAction":[{"@type":"ReadAction","target":["https:\/\/pans.krosno.pl\/pielegniarstwo-magisterskie\/ksztalcenie-praktyczne\/praktyki-zawodowe\/"]}]},{"@type":"BreadcrumbList","@id":"https:\/\/pans.krosno.pl\/pielegniarstwo-magisterskie\/ksztalcenie-praktyczne\/praktyki-zawodowe\/#breadcrumb","itemListElement":[{"@type":"ListItem","position":1,"name":"Strona g\u0142\u00f3wna","item":"https:\/\/pans.krosno.pl\/pielegniarstwo-magisterskie\/"},{"@type":"ListItem","position":2,"name":"Kszta\u0142cenie praktyczne","item":"https:\/\/pans.krosno.pl\/pielegniarstwo-magisterskie\/ksztalcenie-praktyczne\/"},{"@type":"ListItem","position":3,"name":"Praktyki zawodowe &#8211; II stopie\u0144"}]},{"@type":"WebSite","@id":"https:\/\/pans.krosno.pl\/pielegniarstwo-magisterskie\/#website","url":"https:\/\/pans.krosno.pl\/pielegniarstwo-magisterskie\/","name":"KPU w Kro\u015bnie","description":"Piel\u0119gniarstwo Magisterskie - Pa\u0144stwowa Akademia Nauk Stosowanych","publisher":{"@id":"https:\/\/pans.krosno.pl\/pielegniarstwo-magisterskie\/#organization"},"potentialAction":[{"@type":"SearchAction","target":{"@type":"EntryPoint","urlTemplate":"https:\/\/pans.krosno.pl\/pielegniarstwo-magisterskie\/?s={search_term_string}"},"query-input":{"@type":"PropertyValueSpecification","valueRequired":true,"valueName":"search_term_string"}}],"inLanguage":"pl-PL"},{"@type":"Organization","@id":"https:\/\/pans.krosno.pl\/pielegniarstwo-magisterskie\/#organization","name":"Karpacka Pa\u0144stwowa Uczelnia w Kro\u015bnie","url":"https:\/\/pans.krosno.pl\/pielegniarstwo-magisterskie\/","logo":{"@type":"ImageObject","inLanguage":"pl-PL","@id":"https:\/\/pans.krosno.pl\/pielegniarstwo-magisterskie\/#\/schema\/logo\/image\/","url":"","contentUrl":"","caption":"Karpacka Pa\u0144stwowa Uczelnia w Kro\u015bnie"},"image":{"@id":"https:\/\/pans.krosno.pl\/pielegniarstwo-magisterskie\/#\/schema\/logo\/image\/"},"sameAs":["https:\/\/www.facebook.com\/StudiaKrosno\/","https:\/\/www.instagram.com\/studia.krosno","https:\/\/pl.linkedin.com\/company\/pwsz-krosno","https:\/\/www.youtube.com\/user\/pwszkrosno\/","https:\/\/pl.wikipedia.org\/wiki\/Pa\u0144stwowa_Wy\u017csza_Szko\u0142a_Zawodowa_im._Stanis\u0142awa_Pigonia_w_Kro\u015bnie"]}]}},"_links":{"self":[{"href":"https:\/\/pans.krosno.pl\/pielegniarstwo-magisterskie\/wp-json\/wp\/v2\/pages\/50","targetHints":{"allow":["GET"]}}],"collection":[{"href":"https:\/\/pans.krosno.pl\/pielegniarstwo-magisterskie\/wp-json\/wp\/v2\/pages"}],"about":[{"href":"https:\/\/pans.krosno.pl\/pielegniarstwo-magisterskie\/wp-json\/wp\/v2\/types\/page"}],"author":[{"embeddable":true,"href":"https:\/\/pans.krosno.pl\/pielegniarstwo-magisterskie\/wp-json\/wp\/v2\/users\/27"}],"replies":[{"embeddable":true,"href":"https:\/\/pans.krosno.pl\/pielegniarstwo-magisterskie\/wp-json\/wp\/v2\/comments?post=50"}],"version-history":[{"count":61,"href":"https:\/\/pans.krosno.pl\/pielegniarstwo-magisterskie\/wp-json\/wp\/v2\/pages\/50\/revisions"}],"predecessor-version":[{"id":1933,"href":"https:\/\/pans.krosno.pl\/pielegniarstwo-magisterskie\/wp-json\/wp\/v2\/pages\/50\/revisions\/1933"}],"up":[{"embeddable":true,"href":"https:\/\/pans.krosno.pl\/pielegniarstwo-magisterskie\/wp-json\/wp\/v2\/pages\/606"}],"wp:attachment":[{"href":"https:\/\/pans.krosno.pl\/pielegniarstwo-magisterskie\/wp-json\/wp\/v2\/media?parent=50"}],"curies":[{"name":"wp","href":"https:\/\/api.w.org\/{rel}","templated":true}]}}