{"id":47,"date":"2021-02-24T12:11:37","date_gmt":"2021-02-24T11:11:37","guid":{"rendered":"https:\/\/pans.krosno.pl\/pielegniarstwo-magisterskie\/?page_id=47"},"modified":"2025-06-13T00:52:27","modified_gmt":"2025-06-12T22:52:27","slug":"egzamin-dyplomowy","status":"publish","type":"page","link":"https:\/\/pans.krosno.pl\/pielegniarstwo-magisterskie\/egzamin-dyplomowy\/","title":{"rendered":"Egzamin dyplomowy"},"content":{"rendered":"\n<p><a href=\"https:\/\/pans.krosno.pl\/pielegniarstwo-magisterskie\/wp-content\/uploads\/sites\/54\/2024\/02\/Zarzadzenie-nr-3-24.pdf\">Zarz\u0105dzenie nr 3\/24 w sprawie wprowadzenia szczeg\u00f3\u0142owych zasad przeprowadzania egzaminu dyplomowego <\/a><\/p>\n\n\n\n<p><a href=\"https:\/\/pans.krosno.pl\/pielegniarstwo-magisterskie\/wp-content\/uploads\/sites\/54\/2024\/10\/1-2.pdf\">Za\u0142\u0105cznik do zarz\u0105dzenia 3\/24 &#8211; Szczeg\u00f3\u0142owe zasady przeprowadzania egzaminu dyplomowego na kierunku Piel\u0119gniarstwo &#8211; studia II stopnia<\/a><\/p>\n\n\n\n<p><\/p>\n","protected":false},"excerpt":{"rendered":"<p>Zarz\u0105dzenie nr 3\/24 w sprawie wprowadzenia szczeg\u00f3\u0142owych zasad przeprowadzania egzaminu dyplomowego Za\u0142\u0105cznik do zarz\u0105dzenia 3\/24 &#8211; Szczeg\u00f3\u0142owe zasady przeprowadzania egzaminu dyplomowego na kierunku Piel\u0119gniarstwo &#8211; studia II stopnia<\/p>\n","protected":false},"author":27,"featured_media":0,"parent":0,"menu_order":0,"comment_status":"closed","ping_status":"closed","template":"page-templates\/template-full-width.php","meta":{"ngg_post_thumbnail":0,"footnotes":""},"class_list":["post-47","page","type-page","status-publish","hentry"],"yoast_head":"<!-- This site is optimized with the Yoast SEO Premium plugin v27.3 (Yoast SEO v27.3) - https:\/\/yoast.com\/product\/yoast-seo-premium-wordpress\/ -->\n<title>Egzamin dyplomowy - Piel\u0119gniarstwo Magisterskie PANS w Kro\u015bnie<\/title>\n<meta name=\"robots\" content=\"index, follow, max-snippet:-1, max-image-preview:large, max-video-preview:-1\" \/>\n<link rel=\"canonical\" href=\"https:\/\/pans.krosno.pl\/pielegniarstwo-magisterskie\/egzamin-dyplomowy\/\" \/>\n<meta property=\"og:locale\" content=\"pl_PL\" \/>\n<meta property=\"og:type\" content=\"article\" \/>\n<meta property=\"og:title\" content=\"Egzamin dyplomowy\" \/>\n<meta property=\"og:description\" content=\"Zarz\u0105dzenie nr 3\/24 w sprawie wprowadzenia szczeg\u00f3\u0142owych zasad przeprowadzania egzaminu dyplomowego Za\u0142\u0105cznik do zarz\u0105dzenia 3\/24 &#8211; Szczeg\u00f3\u0142owe zasady przeprowadzania egzaminu dyplomowego na kierunku Piel\u0119gniarstwo &#8211; studia II stopnia\" \/>\n<meta property=\"og:url\" content=\"https:\/\/pans.krosno.pl\/pielegniarstwo-magisterskie\/egzamin-dyplomowy\/\" \/>\n<meta property=\"og:site_name\" content=\"Piel\u0119gniarstwo Magisterskie PANS w Kro\u015bnie\" \/>\n<meta property=\"article:publisher\" content=\"https:\/\/www.facebook.com\/StudiaKrosno\/\" \/>\n<meta property=\"article:modified_time\" content=\"2025-06-12T22:52:27+00:00\" \/>\n<meta name=\"twitter:card\" content=\"summary_large_image\" \/>\n<meta name=\"twitter:label1\" content=\"Szacowany czas czytania\" \/>\n\t<meta name=\"twitter:data1\" content=\"1 minuta\" \/>\n<script type=\"application\/ld+json\" class=\"yoast-schema-graph\">{\"@context\":\"https:\\\/\\\/schema.org\",\"@graph\":[{\"@type\":\"WebPage\",\"@id\":\"https:\\\/\\\/pans.krosno.pl\\\/pielegniarstwo-magisterskie\\\/egzamin-dyplomowy\\\/\",\"url\":\"https:\\\/\\\/pans.krosno.pl\\\/pielegniarstwo-magisterskie\\\/egzamin-dyplomowy\\\/\",\"name\":\"Egzamin dyplomowy - Piel\u0119gniarstwo Magisterskie PANS w Kro\u015bnie\",\"isPartOf\":{\"@id\":\"https:\\\/\\\/pans.krosno.pl\\\/pielegniarstwo-magisterskie\\\/#website\"},\"datePublished\":\"2021-02-24T11:11:37+00:00\",\"dateModified\":\"2025-06-12T22:52:27+00:00\",\"breadcrumb\":{\"@id\":\"https:\\\/\\\/pans.krosno.pl\\\/pielegniarstwo-magisterskie\\\/egzamin-dyplomowy\\\/#breadcrumb\"},\"inLanguage\":\"pl-PL\",\"potentialAction\":[{\"@type\":\"ReadAction\",\"target\":[\"https:\\\/\\\/pans.krosno.pl\\\/pielegniarstwo-magisterskie\\\/egzamin-dyplomowy\\\/\"]}]},{\"@type\":\"BreadcrumbList\",\"@id\":\"https:\\\/\\\/pans.krosno.pl\\\/pielegniarstwo-magisterskie\\\/egzamin-dyplomowy\\\/#breadcrumb\",\"itemListElement\":[{\"@type\":\"ListItem\",\"position\":1,\"name\":\"Strona g\u0142\u00f3wna\",\"item\":\"https:\\\/\\\/pans.krosno.pl\\\/pielegniarstwo-magisterskie\\\/\"},{\"@type\":\"ListItem\",\"position\":2,\"name\":\"Egzamin dyplomowy\"}]},{\"@type\":\"WebSite\",\"@id\":\"https:\\\/\\\/pans.krosno.pl\\\/pielegniarstwo-magisterskie\\\/#website\",\"url\":\"https:\\\/\\\/pans.krosno.pl\\\/pielegniarstwo-magisterskie\\\/\",\"name\":\"KPU w Kro\u015bnie\",\"description\":\"Piel\u0119gniarstwo Magisterskie - Pa\u0144stwowa Akademia Nauk Stosowanych\",\"publisher\":{\"@id\":\"https:\\\/\\\/pans.krosno.pl\\\/pielegniarstwo-magisterskie\\\/#organization\"},\"potentialAction\":[{\"@type\":\"SearchAction\",\"target\":{\"@type\":\"EntryPoint\",\"urlTemplate\":\"https:\\\/\\\/pans.krosno.pl\\\/pielegniarstwo-magisterskie\\\/?s={search_term_string}\"},\"query-input\":{\"@type\":\"PropertyValueSpecification\",\"valueRequired\":true,\"valueName\":\"search_term_string\"}}],\"inLanguage\":\"pl-PL\"},{\"@type\":\"Organization\",\"@id\":\"https:\\\/\\\/pans.krosno.pl\\\/pielegniarstwo-magisterskie\\\/#organization\",\"name\":\"Karpacka Pa\u0144stwowa Uczelnia w Kro\u015bnie\",\"url\":\"https:\\\/\\\/pans.krosno.pl\\\/pielegniarstwo-magisterskie\\\/\",\"logo\":{\"@type\":\"ImageObject\",\"inLanguage\":\"pl-PL\",\"@id\":\"https:\\\/\\\/pans.krosno.pl\\\/pielegniarstwo-magisterskie\\\/#\\\/schema\\\/logo\\\/image\\\/\",\"url\":\"\",\"contentUrl\":\"\",\"caption\":\"Karpacka Pa\u0144stwowa Uczelnia w Kro\u015bnie\"},\"image\":{\"@id\":\"https:\\\/\\\/pans.krosno.pl\\\/pielegniarstwo-magisterskie\\\/#\\\/schema\\\/logo\\\/image\\\/\"},\"sameAs\":[\"https:\\\/\\\/www.facebook.com\\\/StudiaKrosno\\\/\",\"https:\\\/\\\/www.instagram.com\\\/studia.krosno\",\"https:\\\/\\\/pl.linkedin.com\\\/company\\\/pwsz-krosno\",\"https:\\\/\\\/www.youtube.com\\\/user\\\/pwszkrosno\\\/\",\"https:\\\/\\\/pl.wikipedia.org\\\/wiki\\\/Pa\u0144stwowa_Wy\u017csza_Szko\u0142a_Zawodowa_im._Stanis\u0142awa_Pigonia_w_Kro\u015bnie\"]}]}<\/script>\n<!-- \/ Yoast SEO Premium plugin. -->","yoast_head_json":{"title":"Egzamin dyplomowy - Piel\u0119gniarstwo Magisterskie PANS w Kro\u015bnie","robots":{"index":"index","follow":"follow","max-snippet":"max-snippet:-1","max-image-preview":"max-image-preview:large","max-video-preview":"max-video-preview:-1"},"canonical":"https:\/\/pans.krosno.pl\/pielegniarstwo-magisterskie\/egzamin-dyplomowy\/","og_locale":"pl_PL","og_type":"article","og_title":"Egzamin dyplomowy","og_description":"Zarz\u0105dzenie nr 3\/24 w sprawie wprowadzenia szczeg\u00f3\u0142owych zasad przeprowadzania egzaminu dyplomowego Za\u0142\u0105cznik do zarz\u0105dzenia 3\/24 &#8211; Szczeg\u00f3\u0142owe zasady przeprowadzania egzaminu dyplomowego na kierunku Piel\u0119gniarstwo &#8211; studia II stopnia","og_url":"https:\/\/pans.krosno.pl\/pielegniarstwo-magisterskie\/egzamin-dyplomowy\/","og_site_name":"Piel\u0119gniarstwo Magisterskie PANS w Kro\u015bnie","article_publisher":"https:\/\/www.facebook.com\/StudiaKrosno\/","article_modified_time":"2025-06-12T22:52:27+00:00","twitter_card":"summary_large_image","twitter_misc":{"Szacowany czas czytania":"1 minuta"},"schema":{"@context":"https:\/\/schema.org","@graph":[{"@type":"WebPage","@id":"https:\/\/pans.krosno.pl\/pielegniarstwo-magisterskie\/egzamin-dyplomowy\/","url":"https:\/\/pans.krosno.pl\/pielegniarstwo-magisterskie\/egzamin-dyplomowy\/","name":"Egzamin dyplomowy - Piel\u0119gniarstwo Magisterskie PANS w Kro\u015bnie","isPartOf":{"@id":"https:\/\/pans.krosno.pl\/pielegniarstwo-magisterskie\/#website"},"datePublished":"2021-02-24T11:11:37+00:00","dateModified":"2025-06-12T22:52:27+00:00","breadcrumb":{"@id":"https:\/\/pans.krosno.pl\/pielegniarstwo-magisterskie\/egzamin-dyplomowy\/#breadcrumb"},"inLanguage":"pl-PL","potentialAction":[{"@type":"ReadAction","target":["https:\/\/pans.krosno.pl\/pielegniarstwo-magisterskie\/egzamin-dyplomowy\/"]}]},{"@type":"BreadcrumbList","@id":"https:\/\/pans.krosno.pl\/pielegniarstwo-magisterskie\/egzamin-dyplomowy\/#breadcrumb","itemListElement":[{"@type":"ListItem","position":1,"name":"Strona g\u0142\u00f3wna","item":"https:\/\/pans.krosno.pl\/pielegniarstwo-magisterskie\/"},{"@type":"ListItem","position":2,"name":"Egzamin dyplomowy"}]},{"@type":"WebSite","@id":"https:\/\/pans.krosno.pl\/pielegniarstwo-magisterskie\/#website","url":"https:\/\/pans.krosno.pl\/pielegniarstwo-magisterskie\/","name":"KPU w Kro\u015bnie","description":"Piel\u0119gniarstwo Magisterskie - Pa\u0144stwowa Akademia Nauk Stosowanych","publisher":{"@id":"https:\/\/pans.krosno.pl\/pielegniarstwo-magisterskie\/#organization"},"potentialAction":[{"@type":"SearchAction","target":{"@type":"EntryPoint","urlTemplate":"https:\/\/pans.krosno.pl\/pielegniarstwo-magisterskie\/?s={search_term_string}"},"query-input":{"@type":"PropertyValueSpecification","valueRequired":true,"valueName":"search_term_string"}}],"inLanguage":"pl-PL"},{"@type":"Organization","@id":"https:\/\/pans.krosno.pl\/pielegniarstwo-magisterskie\/#organization","name":"Karpacka Pa\u0144stwowa Uczelnia w Kro\u015bnie","url":"https:\/\/pans.krosno.pl\/pielegniarstwo-magisterskie\/","logo":{"@type":"ImageObject","inLanguage":"pl-PL","@id":"https:\/\/pans.krosno.pl\/pielegniarstwo-magisterskie\/#\/schema\/logo\/image\/","url":"","contentUrl":"","caption":"Karpacka Pa\u0144stwowa Uczelnia w Kro\u015bnie"},"image":{"@id":"https:\/\/pans.krosno.pl\/pielegniarstwo-magisterskie\/#\/schema\/logo\/image\/"},"sameAs":["https:\/\/www.facebook.com\/StudiaKrosno\/","https:\/\/www.instagram.com\/studia.krosno","https:\/\/pl.linkedin.com\/company\/pwsz-krosno","https:\/\/www.youtube.com\/user\/pwszkrosno\/","https:\/\/pl.wikipedia.org\/wiki\/Pa\u0144stwowa_Wy\u017csza_Szko\u0142a_Zawodowa_im._Stanis\u0142awa_Pigonia_w_Kro\u015bnie"]}]}},"_links":{"self":[{"href":"https:\/\/pans.krosno.pl\/pielegniarstwo-magisterskie\/wp-json\/wp\/v2\/pages\/47","targetHints":{"allow":["GET"]}}],"collection":[{"href":"https:\/\/pans.krosno.pl\/pielegniarstwo-magisterskie\/wp-json\/wp\/v2\/pages"}],"about":[{"href":"https:\/\/pans.krosno.pl\/pielegniarstwo-magisterskie\/wp-json\/wp\/v2\/types\/page"}],"author":[{"embeddable":true,"href":"https:\/\/pans.krosno.pl\/pielegniarstwo-magisterskie\/wp-json\/wp\/v2\/users\/27"}],"replies":[{"embeddable":true,"href":"https:\/\/pans.krosno.pl\/pielegniarstwo-magisterskie\/wp-json\/wp\/v2\/comments?post=47"}],"version-history":[{"count":6,"href":"https:\/\/pans.krosno.pl\/pielegniarstwo-magisterskie\/wp-json\/wp\/v2\/pages\/47\/revisions"}],"predecessor-version":[{"id":1866,"href":"https:\/\/pans.krosno.pl\/pielegniarstwo-magisterskie\/wp-json\/wp\/v2\/pages\/47\/revisions\/1866"}],"wp:attachment":[{"href":"https:\/\/pans.krosno.pl\/pielegniarstwo-magisterskie\/wp-json\/wp\/v2\/media?parent=47"}],"curies":[{"name":"wp","href":"https:\/\/api.w.org\/{rel}","templated":true}]}}