{"id":1239,"date":"2023-04-21T16:13:11","date_gmt":"2023-04-21T14:13:11","guid":{"rendered":"https:\/\/pans.krosno.pl\/pielegniarstwo-magisterskie\/?page_id=1239"},"modified":"2024-11-14T11:41:56","modified_gmt":"2024-11-14T10:41:56","slug":"praktyki-zawodowe-ii-stopien-1-rok","status":"publish","type":"page","link":"https:\/\/pans.krosno.pl\/pielegniarstwo-magisterskie\/ksztalcenie-praktyczne\/praktyki-zawodowe\/praktyki-zawodowe-ii-stopien-1-rok\/","title":{"rendered":"Praktyki zawodowe &#8211; II stopie\u0144 &#8211; 1 rok"},"content":{"rendered":"<hr>\n<h4 id=\"h-uwaga\">Uwaga!<\/h4>\n<h5 id=\"h-harmonogramy-moga-ulec-niewielkim-zmianom-prosze-sledzic-na-biezaco-aktualizacje\"><strong><span class=\"has-inline-color has-vivid-red-color\">Harmonogramy&nbsp;mog\u0105&nbsp;ulec niewielkim zmianom.<br \/>\nProsz\u0119 \u015bledzi\u0107 na bie\u017c\u0105co aktualizacje!<\/span><\/strong><\/h5>\n<p>&nbsp;<\/p>\n","protected":false},"excerpt":{"rendered":"<p>Uwaga! Harmonogramy&nbsp;mog\u0105&nbsp;ulec niewielkim zmianom. Prosz\u0119 \u015bledzi\u0107 na bie\u017c\u0105co aktualizacje! &nbsp;<\/p>\n","protected":false},"author":27,"featured_media":0,"parent":50,"menu_order":0,"comment_status":"closed","ping_status":"closed","template":"","meta":{"ngg_post_thumbnail":0,"footnotes":""},"class_list":["post-1239","page","type-page","status-publish","hentry"],"yoast_head":"<!-- This site is optimized with the Yoast SEO Premium plugin v27.4 (Yoast SEO v27.4) - https:\/\/yoast.com\/product\/yoast-seo-premium-wordpress\/ -->\n<title>Praktyki zawodowe - II stopie\u0144 - 1 rok - Piel\u0119gniarstwo Magisterskie PANS w Kro\u015bnie<\/title>\n<meta name=\"robots\" content=\"index, follow, max-snippet:-1, max-image-preview:large, max-video-preview:-1\" \/>\n<link rel=\"canonical\" href=\"https:\/\/pans.krosno.pl\/pielegniarstwo-magisterskie\/ksztalcenie-praktyczne\/praktyki-zawodowe\/praktyki-zawodowe-ii-stopien-1-rok\/\" \/>\n<meta property=\"og:locale\" content=\"pl_PL\" \/>\n<meta property=\"og:type\" content=\"article\" \/>\n<meta property=\"og:title\" content=\"Praktyki zawodowe - II stopie\u0144 - 1 rok\" \/>\n<meta property=\"og:description\" content=\"Uwaga! Harmonogramy&nbsp;mog\u0105&nbsp;ulec niewielkim zmianom. Prosz\u0119 \u015bledzi\u0107 na bie\u017c\u0105co aktualizacje! &nbsp;\" \/>\n<meta property=\"og:url\" content=\"https:\/\/pans.krosno.pl\/pielegniarstwo-magisterskie\/ksztalcenie-praktyczne\/praktyki-zawodowe\/praktyki-zawodowe-ii-stopien-1-rok\/\" \/>\n<meta property=\"og:site_name\" content=\"Piel\u0119gniarstwo Magisterskie PANS w Kro\u015bnie\" \/>\n<meta property=\"article:publisher\" content=\"https:\/\/www.facebook.com\/StudiaKrosno\/\" \/>\n<meta property=\"article:modified_time\" content=\"2024-11-14T10:41:56+00:00\" \/>\n<meta name=\"twitter:card\" content=\"summary_large_image\" \/>\n<meta name=\"twitter:label1\" content=\"Szacowany czas czytania\" \/>\n\t<meta name=\"twitter:data1\" content=\"1 minuta\" \/>\n<script type=\"application\/ld+json\" class=\"yoast-schema-graph\">{\"@context\":\"https:\\\/\\\/schema.org\",\"@graph\":[{\"@type\":\"WebPage\",\"@id\":\"https:\\\/\\\/pans.krosno.pl\\\/pielegniarstwo-magisterskie\\\/ksztalcenie-praktyczne\\\/praktyki-zawodowe\\\/praktyki-zawodowe-ii-stopien-1-rok\\\/\",\"url\":\"https:\\\/\\\/pans.krosno.pl\\\/pielegniarstwo-magisterskie\\\/ksztalcenie-praktyczne\\\/praktyki-zawodowe\\\/praktyki-zawodowe-ii-stopien-1-rok\\\/\",\"name\":\"Praktyki zawodowe - II stopie\u0144 - 1 rok - Piel\u0119gniarstwo Magisterskie PANS w Kro\u015bnie\",\"isPartOf\":{\"@id\":\"https:\\\/\\\/pans.krosno.pl\\\/pielegniarstwo-magisterskie\\\/#website\"},\"datePublished\":\"2023-04-21T14:13:11+00:00\",\"dateModified\":\"2024-11-14T10:41:56+00:00\",\"breadcrumb\":{\"@id\":\"https:\\\/\\\/pans.krosno.pl\\\/pielegniarstwo-magisterskie\\\/ksztalcenie-praktyczne\\\/praktyki-zawodowe\\\/praktyki-zawodowe-ii-stopien-1-rok\\\/#breadcrumb\"},\"inLanguage\":\"pl-PL\",\"potentialAction\":[{\"@type\":\"ReadAction\",\"target\":[\"https:\\\/\\\/pans.krosno.pl\\\/pielegniarstwo-magisterskie\\\/ksztalcenie-praktyczne\\\/praktyki-zawodowe\\\/praktyki-zawodowe-ii-stopien-1-rok\\\/\"]}]},{\"@type\":\"BreadcrumbList\",\"@id\":\"https:\\\/\\\/pans.krosno.pl\\\/pielegniarstwo-magisterskie\\\/ksztalcenie-praktyczne\\\/praktyki-zawodowe\\\/praktyki-zawodowe-ii-stopien-1-rok\\\/#breadcrumb\",\"itemListElement\":[{\"@type\":\"ListItem\",\"position\":1,\"name\":\"Strona g\u0142\u00f3wna\",\"item\":\"https:\\\/\\\/pans.krosno.pl\\\/pielegniarstwo-magisterskie\\\/\"},{\"@type\":\"ListItem\",\"position\":2,\"name\":\"Kszta\u0142cenie praktyczne\",\"item\":\"https:\\\/\\\/pans.krosno.pl\\\/pielegniarstwo-magisterskie\\\/ksztalcenie-praktyczne\\\/\"},{\"@type\":\"ListItem\",\"position\":3,\"name\":\"Praktyki zawodowe &#8211; II stopie\u0144\",\"item\":\"https:\\\/\\\/pans.krosno.pl\\\/pielegniarstwo-magisterskie\\\/ksztalcenie-praktyczne\\\/praktyki-zawodowe\\\/\"},{\"@type\":\"ListItem\",\"position\":4,\"name\":\"Praktyki zawodowe &#8211; II stopie\u0144 &#8211; 1 rok\"}]},{\"@type\":\"WebSite\",\"@id\":\"https:\\\/\\\/pans.krosno.pl\\\/pielegniarstwo-magisterskie\\\/#website\",\"url\":\"https:\\\/\\\/pans.krosno.pl\\\/pielegniarstwo-magisterskie\\\/\",\"name\":\"KPU w Kro\u015bnie\",\"description\":\"Piel\u0119gniarstwo Magisterskie - Pa\u0144stwowa Akademia Nauk Stosowanych\",\"publisher\":{\"@id\":\"https:\\\/\\\/pans.krosno.pl\\\/pielegniarstwo-magisterskie\\\/#organization\"},\"potentialAction\":[{\"@type\":\"SearchAction\",\"target\":{\"@type\":\"EntryPoint\",\"urlTemplate\":\"https:\\\/\\\/pans.krosno.pl\\\/pielegniarstwo-magisterskie\\\/?s={search_term_string}\"},\"query-input\":{\"@type\":\"PropertyValueSpecification\",\"valueRequired\":true,\"valueName\":\"search_term_string\"}}],\"inLanguage\":\"pl-PL\"},{\"@type\":\"Organization\",\"@id\":\"https:\\\/\\\/pans.krosno.pl\\\/pielegniarstwo-magisterskie\\\/#organization\",\"name\":\"Karpacka Pa\u0144stwowa Uczelnia w Kro\u015bnie\",\"url\":\"https:\\\/\\\/pans.krosno.pl\\\/pielegniarstwo-magisterskie\\\/\",\"logo\":{\"@type\":\"ImageObject\",\"inLanguage\":\"pl-PL\",\"@id\":\"https:\\\/\\\/pans.krosno.pl\\\/pielegniarstwo-magisterskie\\\/#\\\/schema\\\/logo\\\/image\\\/\",\"url\":\"\",\"contentUrl\":\"\",\"caption\":\"Karpacka Pa\u0144stwowa Uczelnia w Kro\u015bnie\"},\"image\":{\"@id\":\"https:\\\/\\\/pans.krosno.pl\\\/pielegniarstwo-magisterskie\\\/#\\\/schema\\\/logo\\\/image\\\/\"},\"sameAs\":[\"https:\\\/\\\/www.facebook.com\\\/StudiaKrosno\\\/\",\"https:\\\/\\\/www.instagram.com\\\/studia.krosno\",\"https:\\\/\\\/pl.linkedin.com\\\/company\\\/pwsz-krosno\",\"https:\\\/\\\/www.youtube.com\\\/user\\\/pwszkrosno\\\/\",\"https:\\\/\\\/pl.wikipedia.org\\\/wiki\\\/Pa\u0144stwowa_Wy\u017csza_Szko\u0142a_Zawodowa_im._Stanis\u0142awa_Pigonia_w_Kro\u015bnie\"]}]}<\/script>\n<!-- \/ Yoast SEO Premium plugin. -->","yoast_head_json":{"title":"Praktyki zawodowe - II stopie\u0144 - 1 rok - Piel\u0119gniarstwo Magisterskie PANS w Kro\u015bnie","robots":{"index":"index","follow":"follow","max-snippet":"max-snippet:-1","max-image-preview":"max-image-preview:large","max-video-preview":"max-video-preview:-1"},"canonical":"https:\/\/pans.krosno.pl\/pielegniarstwo-magisterskie\/ksztalcenie-praktyczne\/praktyki-zawodowe\/praktyki-zawodowe-ii-stopien-1-rok\/","og_locale":"pl_PL","og_type":"article","og_title":"Praktyki zawodowe - II stopie\u0144 - 1 rok","og_description":"Uwaga! Harmonogramy&nbsp;mog\u0105&nbsp;ulec niewielkim zmianom. Prosz\u0119 \u015bledzi\u0107 na bie\u017c\u0105co aktualizacje! &nbsp;","og_url":"https:\/\/pans.krosno.pl\/pielegniarstwo-magisterskie\/ksztalcenie-praktyczne\/praktyki-zawodowe\/praktyki-zawodowe-ii-stopien-1-rok\/","og_site_name":"Piel\u0119gniarstwo Magisterskie PANS w Kro\u015bnie","article_publisher":"https:\/\/www.facebook.com\/StudiaKrosno\/","article_modified_time":"2024-11-14T10:41:56+00:00","twitter_card":"summary_large_image","twitter_misc":{"Szacowany czas czytania":"1 minuta"},"schema":{"@context":"https:\/\/schema.org","@graph":[{"@type":"WebPage","@id":"https:\/\/pans.krosno.pl\/pielegniarstwo-magisterskie\/ksztalcenie-praktyczne\/praktyki-zawodowe\/praktyki-zawodowe-ii-stopien-1-rok\/","url":"https:\/\/pans.krosno.pl\/pielegniarstwo-magisterskie\/ksztalcenie-praktyczne\/praktyki-zawodowe\/praktyki-zawodowe-ii-stopien-1-rok\/","name":"Praktyki zawodowe - II stopie\u0144 - 1 rok - Piel\u0119gniarstwo Magisterskie PANS w Kro\u015bnie","isPartOf":{"@id":"https:\/\/pans.krosno.pl\/pielegniarstwo-magisterskie\/#website"},"datePublished":"2023-04-21T14:13:11+00:00","dateModified":"2024-11-14T10:41:56+00:00","breadcrumb":{"@id":"https:\/\/pans.krosno.pl\/pielegniarstwo-magisterskie\/ksztalcenie-praktyczne\/praktyki-zawodowe\/praktyki-zawodowe-ii-stopien-1-rok\/#breadcrumb"},"inLanguage":"pl-PL","potentialAction":[{"@type":"ReadAction","target":["https:\/\/pans.krosno.pl\/pielegniarstwo-magisterskie\/ksztalcenie-praktyczne\/praktyki-zawodowe\/praktyki-zawodowe-ii-stopien-1-rok\/"]}]},{"@type":"BreadcrumbList","@id":"https:\/\/pans.krosno.pl\/pielegniarstwo-magisterskie\/ksztalcenie-praktyczne\/praktyki-zawodowe\/praktyki-zawodowe-ii-stopien-1-rok\/#breadcrumb","itemListElement":[{"@type":"ListItem","position":1,"name":"Strona g\u0142\u00f3wna","item":"https:\/\/pans.krosno.pl\/pielegniarstwo-magisterskie\/"},{"@type":"ListItem","position":2,"name":"Kszta\u0142cenie praktyczne","item":"https:\/\/pans.krosno.pl\/pielegniarstwo-magisterskie\/ksztalcenie-praktyczne\/"},{"@type":"ListItem","position":3,"name":"Praktyki zawodowe &#8211; II stopie\u0144","item":"https:\/\/pans.krosno.pl\/pielegniarstwo-magisterskie\/ksztalcenie-praktyczne\/praktyki-zawodowe\/"},{"@type":"ListItem","position":4,"name":"Praktyki zawodowe &#8211; II stopie\u0144 &#8211; 1 rok"}]},{"@type":"WebSite","@id":"https:\/\/pans.krosno.pl\/pielegniarstwo-magisterskie\/#website","url":"https:\/\/pans.krosno.pl\/pielegniarstwo-magisterskie\/","name":"KPU w Kro\u015bnie","description":"Piel\u0119gniarstwo Magisterskie - Pa\u0144stwowa Akademia Nauk Stosowanych","publisher":{"@id":"https:\/\/pans.krosno.pl\/pielegniarstwo-magisterskie\/#organization"},"potentialAction":[{"@type":"SearchAction","target":{"@type":"EntryPoint","urlTemplate":"https:\/\/pans.krosno.pl\/pielegniarstwo-magisterskie\/?s={search_term_string}"},"query-input":{"@type":"PropertyValueSpecification","valueRequired":true,"valueName":"search_term_string"}}],"inLanguage":"pl-PL"},{"@type":"Organization","@id":"https:\/\/pans.krosno.pl\/pielegniarstwo-magisterskie\/#organization","name":"Karpacka Pa\u0144stwowa Uczelnia w Kro\u015bnie","url":"https:\/\/pans.krosno.pl\/pielegniarstwo-magisterskie\/","logo":{"@type":"ImageObject","inLanguage":"pl-PL","@id":"https:\/\/pans.krosno.pl\/pielegniarstwo-magisterskie\/#\/schema\/logo\/image\/","url":"","contentUrl":"","caption":"Karpacka Pa\u0144stwowa Uczelnia w Kro\u015bnie"},"image":{"@id":"https:\/\/pans.krosno.pl\/pielegniarstwo-magisterskie\/#\/schema\/logo\/image\/"},"sameAs":["https:\/\/www.facebook.com\/StudiaKrosno\/","https:\/\/www.instagram.com\/studia.krosno","https:\/\/pl.linkedin.com\/company\/pwsz-krosno","https:\/\/www.youtube.com\/user\/pwszkrosno\/","https:\/\/pl.wikipedia.org\/wiki\/Pa\u0144stwowa_Wy\u017csza_Szko\u0142a_Zawodowa_im._Stanis\u0142awa_Pigonia_w_Kro\u015bnie"]}]}},"_links":{"self":[{"href":"https:\/\/pans.krosno.pl\/pielegniarstwo-magisterskie\/wp-json\/wp\/v2\/pages\/1239","targetHints":{"allow":["GET"]}}],"collection":[{"href":"https:\/\/pans.krosno.pl\/pielegniarstwo-magisterskie\/wp-json\/wp\/v2\/pages"}],"about":[{"href":"https:\/\/pans.krosno.pl\/pielegniarstwo-magisterskie\/wp-json\/wp\/v2\/types\/page"}],"author":[{"embeddable":true,"href":"https:\/\/pans.krosno.pl\/pielegniarstwo-magisterskie\/wp-json\/wp\/v2\/users\/27"}],"replies":[{"embeddable":true,"href":"https:\/\/pans.krosno.pl\/pielegniarstwo-magisterskie\/wp-json\/wp\/v2\/comments?post=1239"}],"version-history":[{"count":3,"href":"https:\/\/pans.krosno.pl\/pielegniarstwo-magisterskie\/wp-json\/wp\/v2\/pages\/1239\/revisions"}],"predecessor-version":[{"id":1709,"href":"https:\/\/pans.krosno.pl\/pielegniarstwo-magisterskie\/wp-json\/wp\/v2\/pages\/1239\/revisions\/1709"}],"up":[{"embeddable":true,"href":"https:\/\/pans.krosno.pl\/pielegniarstwo-magisterskie\/wp-json\/wp\/v2\/pages\/50"}],"wp:attachment":[{"href":"https:\/\/pans.krosno.pl\/pielegniarstwo-magisterskie\/wp-json\/wp\/v2\/media?parent=1239"}],"curies":[{"name":"wp","href":"https:\/\/api.w.org\/{rel}","templated":true}]}}