{"id":59,"date":"2020-03-04T09:59:29","date_gmt":"2020-03-04T08:59:29","guid":{"rendered":"https:\/\/pans.krosno.pl\/pibz\/?page_id=59"},"modified":"2026-02-13T11:27:20","modified_gmt":"2026-02-13T10:27:20","slug":"harmonogram-zajec","status":"publish","type":"page","link":"https:\/\/pans.krosno.pl\/pibz\/harmonogram-zajec\/","title":{"rendered":"Harmonogram zaj\u0119\u0107"},"content":{"rendered":"\n<hr class=\"wp-block-separator has-alpha-channel-opacity\" \/>\n\n\n\n<h2 class=\"wp-block-heading\" id=\"h-uwaga-studenci\"><strong>Uwaga Studenci<\/strong><\/h2>\n\n\n<p>Harmonogram zaj\u0119\u0107 na semestr letni, rok akademicki 2025\/2026, jest umieszczony w USOS-web, wykonany jest w programie Planista.<\/p>\n<p>Prosz\u0119 na bie\u017c\u0105co sprawdza\u0107 harmonogram, gdy\u017c mo\u017ce on ulec zmianie.<\/p>\n<p><strong>Kierunek: Ekonomika produkcji i bezpiecze\u0144stwo \u017cywno\u015bci<\/strong><\/p>\n<p><strong>Rok I<\/strong><\/p>\n<p><a href=\"https:\/\/usos.kpu.krosno.pl\/kontroler.php?_action=katalog2\/przedmioty\/pokazPlanGrupyPrzedmiotow&amp;grupa_kod=EPBZ-S-25-S2&amp;cdyd_kod=2025L&amp;plan_format=html&amp;plan_showStartTime=1&amp;plan_showEndTime=1&amp;plan_showTypeShort=0&amp;plan_showTypeFull=1&amp;plan_showGroupNumber=1&amp;plan_showCourseName=1&amp;plan_showCourseCode=0&amp;plan_showRoom=1&amp;plan_showBuildingCode=0&amp;plan_showLecturers=1&amp;plan_overridePrintWidth=1&amp;plan_colorScheme=default\">harmonogram<\/a><\/p>\n<p><strong>Kierunek: Produkcja i bezpiecze\u0144stwo \u017cywno\u015bci<\/strong><\/p>\n<p><strong>Rok II<\/strong><\/p>\n<p><a href=\"https:\/\/usos.kpu.krosno.pl\/kontroler.php?_action=katalog2\/przedmioty\/pokazPlanGrupyPrzedmiotow&amp;grupa_kod=PBZ-S-24-S4&amp;cdyd_kod=2025L&amp;plan_format=html&amp;plan_showStartTime=1&amp;plan_showEndTime=1&amp;plan_showTypeShort=0&amp;plan_showTypeFull=1&amp;plan_showGroupNumber=1&amp;plan_showCourseName=1&amp;plan_showCourseCode=0&amp;plan_showRoom=1&amp;plan_showBuildingCode=0&amp;plan_showLecturers=1&amp;plan_overridePrintWidth=1&amp;plan_colorScheme=default\">harmonogram&nbsp;<\/a><\/p>\n<p><strong>Rok III<\/strong><\/p>\n<p><a href=\"https:\/\/usos.kpu.krosno.pl\/kontroler.php?_action=katalog2\/przedmioty\/pokazPlanGrupyPrzedmiotow&amp;grupa_kod=PBZ-S-JB-23-S6&amp;cdyd_kod=2025L&amp;plan_format=html&amp;plan_showStartTime=1&amp;plan_showEndTime=1&amp;plan_showTypeShort=0&amp;plan_showTypeFull=1&amp;plan_showGroupNumber=1&amp;plan_showCourseName=1&amp;plan_showCourseCode=0&amp;plan_showRoom=1&amp;plan_showBuildingCode=1&amp;plan_showLecturers=1&amp;plan_overridePrintWidth=1&amp;plan_colorScheme=default\">harmonogram<\/a><\/p>\n<p>&nbsp;<\/p>\n<p>&nbsp;<\/p>\n<p><a href=\"https:\/\/pans.krosno.pl\/wp-content\/uploads\/2025\/06\/Zarzadzenie-52_25-organizacja-roku-akademickiego.pdf\">Kalendarz akademicki 2025\/2026<\/a><\/p>\n\n\n<figure class=\"wp-block-image size-large\"><img loading=\"lazy\" decoding=\"async\" width=\"1024\" height=\"742\" src=\"https:\/\/pans.krosno.pl\/pibz\/wp-content\/uploads\/sites\/35\/2025\/09\/image-6-1024x742.png\" alt=\"\" class=\"wp-image-4685\" srcset=\"https:\/\/pans.krosno.pl\/pibz\/wp-content\/uploads\/sites\/35\/2025\/09\/image-6-1024x742.png 1024w, https:\/\/pans.krosno.pl\/pibz\/wp-content\/uploads\/sites\/35\/2025\/09\/image-6-300x217.png 300w, https:\/\/pans.krosno.pl\/pibz\/wp-content\/uploads\/sites\/35\/2025\/09\/image-6-768x556.png 768w, https:\/\/pans.krosno.pl\/pibz\/wp-content\/uploads\/sites\/35\/2025\/09\/image-6-800x580.png 800w, https:\/\/pans.krosno.pl\/pibz\/wp-content\/uploads\/sites\/35\/2025\/09\/image-6-580x420.png 580w, https:\/\/pans.krosno.pl\/pibz\/wp-content\/uploads\/sites\/35\/2025\/09\/image-6.png 1132w\" sizes=\"auto, (max-width: 1024px) 100vw, 1024px\" \/><\/figure>\n\n\n\n<figure class=\"wp-block-image size-full\"><img loading=\"lazy\" decoding=\"async\" width=\"760\" height=\"1076\" src=\"https:\/\/pans.krosno.pl\/pibz\/wp-content\/uploads\/sites\/35\/2025\/09\/image-5.png\" alt=\"\" class=\"wp-image-4686\" srcset=\"https:\/\/pans.krosno.pl\/pibz\/wp-content\/uploads\/sites\/35\/2025\/09\/image-5.png 760w, https:\/\/pans.krosno.pl\/pibz\/wp-content\/uploads\/sites\/35\/2025\/09\/image-5-212x300.png 212w, https:\/\/pans.krosno.pl\/pibz\/wp-content\/uploads\/sites\/35\/2025\/09\/image-5-723x1024.png 723w, https:\/\/pans.krosno.pl\/pibz\/wp-content\/uploads\/sites\/35\/2025\/09\/image-5-580x821.png 580w\" sizes=\"auto, (max-width: 760px) 100vw, 760px\" \/><\/figure>\n\n\n\n<figure class=\"wp-block-image size-large\"><img loading=\"lazy\" decoding=\"async\" width=\"731\" height=\"1024\" src=\"https:\/\/pans.krosno.pl\/pibz\/wp-content\/uploads\/sites\/35\/2025\/09\/image-1-731x1024.png\" alt=\"\" class=\"wp-image-4687\" srcset=\"https:\/\/pans.krosno.pl\/pibz\/wp-content\/uploads\/sites\/35\/2025\/09\/image-1-731x1024.png 731w, https:\/\/pans.krosno.pl\/pibz\/wp-content\/uploads\/sites\/35\/2025\/09\/image-1-214x300.png 214w, https:\/\/pans.krosno.pl\/pibz\/wp-content\/uploads\/sites\/35\/2025\/09\/image-1-580x812.png 580w, https:\/\/pans.krosno.pl\/pibz\/wp-content\/uploads\/sites\/35\/2025\/09\/image-1.png 762w\" sizes=\"auto, (max-width: 731px) 100vw, 731px\" \/><\/figure>\n","protected":false},"excerpt":{"rendered":"<p>Uwaga Studenci Harmonogram zaj\u0119\u0107 na semestr letni, rok akademicki 2025\/2026, jest umieszczony w USOS-web, wykonany jest w programie Planista. Prosz\u0119 na bie\u017c\u0105co sprawdza\u0107 harmonogram, gdy\u017c mo\u017ce on ulec zmianie. Kierunek: Ekonomika produkcji i bezpiecze\u0144stwo \u017cywno\u015bci Rok I harmonogram Kierunek: Produkcja i bezpiecze\u0144stwo \u017cywno\u015bci Rok II harmonogram&nbsp; Rok III harmonogram &nbsp; [\u2026] <\/p>\n<div class=\"clear\"><\/div>\n<p><a class=\"more_link clearfix\" href=\"https:\/\/pans.krosno.pl\/pibz\/harmonogram-zajec\/\" rel=\"nofollow\">Read More<\/a><\/p>\n","protected":false},"author":27,"featured_media":0,"parent":0,"menu_order":0,"comment_status":"closed","ping_status":"closed","template":"page-templates\/template-full-width.php","meta":{"ngg_post_thumbnail":0,"footnotes":""},"class_list":["post-59","page","type-page","status-publish","hentry"],"yoast_head":"<!-- This site is optimized with the Yoast SEO Premium plugin v27.3 (Yoast SEO v27.3) - https:\/\/yoast.com\/product\/yoast-seo-premium-wordpress\/ -->\n<title>Harmonogram zaj\u0119\u0107 - Ekonomika produkcji i bezpiecze\u0144stwo \u017cywno\u015bci PANS w Kro\u015bnie<\/title>\n<meta name=\"description\" content=\"Harmonogram zaj\u0119\u0107 dla kierunku Produkcja i bezpiecze\u0144stwo \u017cywno\u015bci, semestr letni\" \/>\n<meta name=\"robots\" content=\"index, follow, max-snippet:-1, max-image-preview:large, max-video-preview:-1\" \/>\n<link rel=\"canonical\" href=\"https:\/\/pans.krosno.pl\/pibz\/harmonogram-zajec\/\" \/>\n<meta property=\"og:locale\" content=\"pl_PL\" \/>\n<meta property=\"og:type\" content=\"article\" \/>\n<meta property=\"og:title\" content=\"Harmonogram zaj\u0119\u0107\" \/>\n<meta property=\"og:description\" content=\"Harmonogram zaj\u0119\u0107 dla kierunku Produkcja i bezpiecze\u0144stwo \u017cywno\u015bci, semestr letni\" \/>\n<meta property=\"og:url\" content=\"https:\/\/pans.krosno.pl\/pibz\/harmonogram-zajec\/\" \/>\n<meta property=\"og:site_name\" content=\"Ekonomika produkcji i bezpiecze\u0144stwo \u017cywno\u015bci PANS w Kro\u015bnie\" \/>\n<meta property=\"article:modified_time\" content=\"2026-02-13T10:27:20+00:00\" \/>\n<meta property=\"og:image\" content=\"https:\/\/pans.krosno.pl\/pibz\/wp-content\/uploads\/sites\/35\/2025\/09\/image-6.png\" \/>\n\t<meta property=\"og:image:width\" content=\"1132\" \/>\n\t<meta property=\"og:image:height\" content=\"820\" \/>\n\t<meta property=\"og:image:type\" content=\"image\/png\" \/>\n<meta name=\"twitter:card\" content=\"summary_large_image\" \/>\n<meta name=\"twitter:label1\" content=\"Szacowany czas czytania\" \/>\n\t<meta name=\"twitter:data1\" content=\"1 minuta\" \/>\n<script type=\"application\/ld+json\" class=\"yoast-schema-graph\">{\"@context\":\"https:\\\/\\\/schema.org\",\"@graph\":[{\"@type\":\"WebPage\",\"@id\":\"https:\\\/\\\/pans.krosno.pl\\\/pibz\\\/harmonogram-zajec\\\/\",\"url\":\"https:\\\/\\\/pans.krosno.pl\\\/pibz\\\/harmonogram-zajec\\\/\",\"name\":\"Harmonogram zaj\u0119\u0107 - Ekonomika produkcji i bezpiecze\u0144stwo \u017cywno\u015bci PANS w Kro\u015bnie\",\"isPartOf\":{\"@id\":\"https:\\\/\\\/pans.krosno.pl\\\/pibz\\\/#website\"},\"primaryImageOfPage\":{\"@id\":\"https:\\\/\\\/pans.krosno.pl\\\/pibz\\\/harmonogram-zajec\\\/#primaryimage\"},\"image\":{\"@id\":\"https:\\\/\\\/pans.krosno.pl\\\/pibz\\\/harmonogram-zajec\\\/#primaryimage\"},\"thumbnailUrl\":\"https:\\\/\\\/pans.krosno.pl\\\/pibz\\\/wp-content\\\/uploads\\\/sites\\\/35\\\/2025\\\/09\\\/image-6-1024x742.png\",\"datePublished\":\"2020-03-04T08:59:29+00:00\",\"dateModified\":\"2026-02-13T10:27:20+00:00\",\"description\":\"Harmonogram zaj\u0119\u0107 dla kierunku Produkcja i bezpiecze\u0144stwo \u017cywno\u015bci, semestr letni\",\"breadcrumb\":{\"@id\":\"https:\\\/\\\/pans.krosno.pl\\\/pibz\\\/harmonogram-zajec\\\/#breadcrumb\"},\"inLanguage\":\"pl-PL\",\"potentialAction\":[{\"@type\":\"ReadAction\",\"target\":[\"https:\\\/\\\/pans.krosno.pl\\\/pibz\\\/harmonogram-zajec\\\/\"]}]},{\"@type\":\"ImageObject\",\"inLanguage\":\"pl-PL\",\"@id\":\"https:\\\/\\\/pans.krosno.pl\\\/pibz\\\/harmonogram-zajec\\\/#primaryimage\",\"url\":\"https:\\\/\\\/pans.krosno.pl\\\/pibz\\\/wp-content\\\/uploads\\\/sites\\\/35\\\/2025\\\/09\\\/image-6.png\",\"contentUrl\":\"https:\\\/\\\/pans.krosno.pl\\\/pibz\\\/wp-content\\\/uploads\\\/sites\\\/35\\\/2025\\\/09\\\/image-6.png\",\"width\":1132,\"height\":820},{\"@type\":\"BreadcrumbList\",\"@id\":\"https:\\\/\\\/pans.krosno.pl\\\/pibz\\\/harmonogram-zajec\\\/#breadcrumb\",\"itemListElement\":[{\"@type\":\"ListItem\",\"position\":1,\"name\":\"Strona g\u0142\u00f3wna\",\"item\":\"https:\\\/\\\/pans.krosno.pl\\\/pibz\\\/\"},{\"@type\":\"ListItem\",\"position\":2,\"name\":\"Harmonogram zaj\u0119\u0107\"}]},{\"@type\":\"WebSite\",\"@id\":\"https:\\\/\\\/pans.krosno.pl\\\/pibz\\\/#website\",\"url\":\"https:\\\/\\\/pans.krosno.pl\\\/pibz\\\/\",\"name\":\"Ekonomika produkcji i bezpiecze\u0144stwo \u017cywno\u015bci PANS w Kro\u015bnie\",\"description\":\"Ekonomika produkcji i bezpiecze\u0144stwo \u017cywno\u015bci - Pa\u0144stwowa Akademia Nauk Stosowanych\",\"publisher\":{\"@id\":\"https:\\\/\\\/pans.krosno.pl\\\/pibz\\\/#organization\"},\"potentialAction\":[{\"@type\":\"SearchAction\",\"target\":{\"@type\":\"EntryPoint\",\"urlTemplate\":\"https:\\\/\\\/pans.krosno.pl\\\/pibz\\\/?s={search_term_string}\"},\"query-input\":{\"@type\":\"PropertyValueSpecification\",\"valueRequired\":true,\"valueName\":\"search_term_string\"}}],\"inLanguage\":\"pl-PL\"},{\"@type\":\"Organization\",\"@id\":\"https:\\\/\\\/pans.krosno.pl\\\/pibz\\\/#organization\",\"name\":\"Ekonomika produkcji i bezpiecze\u0144stwo \u017cywno\u015bci PANS w Kro\u015bnie\",\"url\":\"https:\\\/\\\/pans.krosno.pl\\\/pibz\\\/\",\"logo\":{\"@type\":\"ImageObject\",\"inLanguage\":\"pl-PL\",\"@id\":\"https:\\\/\\\/pans.krosno.pl\\\/pibz\\\/#\\\/schema\\\/logo\\\/image\\\/\",\"url\":\"https:\\\/\\\/pans.krosno.pl\\\/pibz\\\/wp-content\\\/uploads\\\/sites\\\/35\\\/2023\\\/01\\\/Logo-PANS-2022-pelne.png\",\"contentUrl\":\"https:\\\/\\\/pans.krosno.pl\\\/pibz\\\/wp-content\\\/uploads\\\/sites\\\/35\\\/2023\\\/01\\\/Logo-PANS-2022-pelne.png\",\"width\":3096,\"height\":696,\"caption\":\"Ekonomika produkcji i bezpiecze\u0144stwo \u017cywno\u015bci PANS w Kro\u015bnie\"},\"image\":{\"@id\":\"https:\\\/\\\/pans.krosno.pl\\\/pibz\\\/#\\\/schema\\\/logo\\\/image\\\/\"}}]}<\/script>\n<!-- \/ Yoast SEO Premium plugin. -->","yoast_head_json":{"title":"Harmonogram zaj\u0119\u0107 - Ekonomika produkcji i bezpiecze\u0144stwo \u017cywno\u015bci PANS w Kro\u015bnie","description":"Harmonogram zaj\u0119\u0107 dla kierunku Produkcja i bezpiecze\u0144stwo \u017cywno\u015bci, semestr letni","robots":{"index":"index","follow":"follow","max-snippet":"max-snippet:-1","max-image-preview":"max-image-preview:large","max-video-preview":"max-video-preview:-1"},"canonical":"https:\/\/pans.krosno.pl\/pibz\/harmonogram-zajec\/","og_locale":"pl_PL","og_type":"article","og_title":"Harmonogram zaj\u0119\u0107","og_description":"Harmonogram zaj\u0119\u0107 dla kierunku Produkcja i bezpiecze\u0144stwo \u017cywno\u015bci, semestr letni","og_url":"https:\/\/pans.krosno.pl\/pibz\/harmonogram-zajec\/","og_site_name":"Ekonomika produkcji i bezpiecze\u0144stwo \u017cywno\u015bci PANS w Kro\u015bnie","article_modified_time":"2026-02-13T10:27:20+00:00","og_image":[{"width":1132,"height":820,"url":"https:\/\/pans.krosno.pl\/pibz\/wp-content\/uploads\/sites\/35\/2025\/09\/image-6.png","type":"image\/png"}],"twitter_card":"summary_large_image","twitter_misc":{"Szacowany czas czytania":"1 minuta"},"schema":{"@context":"https:\/\/schema.org","@graph":[{"@type":"WebPage","@id":"https:\/\/pans.krosno.pl\/pibz\/harmonogram-zajec\/","url":"https:\/\/pans.krosno.pl\/pibz\/harmonogram-zajec\/","name":"Harmonogram zaj\u0119\u0107 - Ekonomika produkcji i bezpiecze\u0144stwo \u017cywno\u015bci PANS w Kro\u015bnie","isPartOf":{"@id":"https:\/\/pans.krosno.pl\/pibz\/#website"},"primaryImageOfPage":{"@id":"https:\/\/pans.krosno.pl\/pibz\/harmonogram-zajec\/#primaryimage"},"image":{"@id":"https:\/\/pans.krosno.pl\/pibz\/harmonogram-zajec\/#primaryimage"},"thumbnailUrl":"https:\/\/pans.krosno.pl\/pibz\/wp-content\/uploads\/sites\/35\/2025\/09\/image-6-1024x742.png","datePublished":"2020-03-04T08:59:29+00:00","dateModified":"2026-02-13T10:27:20+00:00","description":"Harmonogram zaj\u0119\u0107 dla kierunku Produkcja i bezpiecze\u0144stwo \u017cywno\u015bci, semestr letni","breadcrumb":{"@id":"https:\/\/pans.krosno.pl\/pibz\/harmonogram-zajec\/#breadcrumb"},"inLanguage":"pl-PL","potentialAction":[{"@type":"ReadAction","target":["https:\/\/pans.krosno.pl\/pibz\/harmonogram-zajec\/"]}]},{"@type":"ImageObject","inLanguage":"pl-PL","@id":"https:\/\/pans.krosno.pl\/pibz\/harmonogram-zajec\/#primaryimage","url":"https:\/\/pans.krosno.pl\/pibz\/wp-content\/uploads\/sites\/35\/2025\/09\/image-6.png","contentUrl":"https:\/\/pans.krosno.pl\/pibz\/wp-content\/uploads\/sites\/35\/2025\/09\/image-6.png","width":1132,"height":820},{"@type":"BreadcrumbList","@id":"https:\/\/pans.krosno.pl\/pibz\/harmonogram-zajec\/#breadcrumb","itemListElement":[{"@type":"ListItem","position":1,"name":"Strona g\u0142\u00f3wna","item":"https:\/\/pans.krosno.pl\/pibz\/"},{"@type":"ListItem","position":2,"name":"Harmonogram zaj\u0119\u0107"}]},{"@type":"WebSite","@id":"https:\/\/pans.krosno.pl\/pibz\/#website","url":"https:\/\/pans.krosno.pl\/pibz\/","name":"Ekonomika produkcji i bezpiecze\u0144stwo \u017cywno\u015bci PANS w Kro\u015bnie","description":"Ekonomika produkcji i bezpiecze\u0144stwo \u017cywno\u015bci - Pa\u0144stwowa Akademia Nauk Stosowanych","publisher":{"@id":"https:\/\/pans.krosno.pl\/pibz\/#organization"},"potentialAction":[{"@type":"SearchAction","target":{"@type":"EntryPoint","urlTemplate":"https:\/\/pans.krosno.pl\/pibz\/?s={search_term_string}"},"query-input":{"@type":"PropertyValueSpecification","valueRequired":true,"valueName":"search_term_string"}}],"inLanguage":"pl-PL"},{"@type":"Organization","@id":"https:\/\/pans.krosno.pl\/pibz\/#organization","name":"Ekonomika produkcji i bezpiecze\u0144stwo \u017cywno\u015bci PANS w Kro\u015bnie","url":"https:\/\/pans.krosno.pl\/pibz\/","logo":{"@type":"ImageObject","inLanguage":"pl-PL","@id":"https:\/\/pans.krosno.pl\/pibz\/#\/schema\/logo\/image\/","url":"https:\/\/pans.krosno.pl\/pibz\/wp-content\/uploads\/sites\/35\/2023\/01\/Logo-PANS-2022-pelne.png","contentUrl":"https:\/\/pans.krosno.pl\/pibz\/wp-content\/uploads\/sites\/35\/2023\/01\/Logo-PANS-2022-pelne.png","width":3096,"height":696,"caption":"Ekonomika produkcji i bezpiecze\u0144stwo \u017cywno\u015bci PANS w Kro\u015bnie"},"image":{"@id":"https:\/\/pans.krosno.pl\/pibz\/#\/schema\/logo\/image\/"}}]}},"_links":{"self":[{"href":"https:\/\/pans.krosno.pl\/pibz\/wp-json\/wp\/v2\/pages\/59","targetHints":{"allow":["GET"]}}],"collection":[{"href":"https:\/\/pans.krosno.pl\/pibz\/wp-json\/wp\/v2\/pages"}],"about":[{"href":"https:\/\/pans.krosno.pl\/pibz\/wp-json\/wp\/v2\/types\/page"}],"author":[{"embeddable":true,"href":"https:\/\/pans.krosno.pl\/pibz\/wp-json\/wp\/v2\/users\/27"}],"replies":[{"embeddable":true,"href":"https:\/\/pans.krosno.pl\/pibz\/wp-json\/wp\/v2\/comments?post=59"}],"version-history":[{"count":84,"href":"https:\/\/pans.krosno.pl\/pibz\/wp-json\/wp\/v2\/pages\/59\/revisions"}],"predecessor-version":[{"id":4878,"href":"https:\/\/pans.krosno.pl\/pibz\/wp-json\/wp\/v2\/pages\/59\/revisions\/4878"}],"wp:attachment":[{"href":"https:\/\/pans.krosno.pl\/pibz\/wp-json\/wp\/v2\/media?parent=59"}],"curies":[{"name":"wp","href":"https:\/\/api.w.org\/{rel}","templated":true}]}}