{"id":57,"date":"2020-03-04T09:59:29","date_gmt":"2020-03-04T08:59:29","guid":{"rendered":"https:\/\/pans.krosno.pl\/pibz\/?page_id=57"},"modified":"2025-06-03T10:51:44","modified_gmt":"2025-06-03T08:51:44","slug":"opiekunowie-rocznikow","status":"publish","type":"page","link":"https:\/\/pans.krosno.pl\/pibz\/opiekunowie-rocznikow\/","title":{"rendered":"Opiekunowie rocznik\u00f3w"},"content":{"rendered":"\n<p><strong>Opiekunowie poszczeg\u00f3lnych rocznik\u00f3w w roku akademickim 2023\/2024 oraz kontakt<\/strong><\/p>\n\n\n\n<figure class=\"wp-block-table is-style-stripes\"><table><thead><tr><th class=\"has-text-align-center\" data-align=\"center\">Rok<\/th><th class=\"has-text-align-left\" data-align=\"left\">Opiekun<\/th><th>Kontakt<\/th><\/tr><\/thead><tbody><tr><td class=\"has-text-align-center\" data-align=\"center\">I<\/td><td class=\"has-text-align-left\" data-align=\"left\"><a href=\"https:\/\/pans.krosno.pl\/pracownicy\/barbara-krochmal-marczak\/\" target=\"_blank\" rel=\"noreferrer noopener\">dr in\u017c. Barbara Krochmal-Marczak<\/a> prof. PANS<\/td><td>barbara.krochmal-marczak@pans.krosno.pl<\/td><\/tr><tr><td class=\"has-text-align-center\" data-align=\"center\">II<\/td><td class=\"has-text-align-left\" data-align=\"left\"><a href=\"https:\/\/pans.krosno.pl\/pracownicy\/barbara-krochmal-marczak\/\" target=\"_blank\" rel=\"noreferrer noopener\">dr in\u017c. Barbara Krochmal-Marczak\u00a0<\/a> prof. PANS<\/td><td>barbara.krochmal-marczak@pans.krosno.pl<\/td><\/tr><tr><td class=\"has-text-align-center\" data-align=\"center\">III<\/td><td class=\"has-text-align-left\" data-align=\"left\"><a href=\"https:\/\/pans.krosno.pl\/pracownicy\/magdalena-dykiel\/\" target=\"_blank\" rel=\"noreferrer noopener\">dr in\u017c. Magdalena Dykiel<\/a><\/td><td>magdalena.dykiel@pans.krosno.pl<\/td><\/tr><tr><td class=\"has-text-align-center\" data-align=\"center\">IV<\/td><td class=\"has-text-align-left\" data-align=\"left\"><a href=\"https:\/\/pans.krosno.pl\/pracownicy\/magdalena-dykiel\/\" target=\"_blank\" rel=\"noreferrer noopener\">dr in\u017c. Magdalena Dykiel<\/a><\/td><td>magdalena.dykiel@pans.krosno.pl<\/td><\/tr><\/tbody><\/table><\/figure>\n\n\n\n<hr class=\"wp-block-separator has-css-opacity\" \/>\n\n\n\n<p>Konsultacje na kierunku Produkcja i bezpiecze\u0144stwo \u017cywno\u015bci &#8211; semestr zimowy<\/p>\n\n\n\n<figure class=\"wp-block-table is-style-stripes\"><table><thead><tr><th>Imi\u0119 i nazwisko<\/th><th>Dzie\u0144<\/th><th>Godzina<\/th><th>Miejsce<\/th><\/tr><\/thead><tbody><tr><td><a href=\"https:\/\/pans.krosno.pl\/pracownicy\/barbara-krochmal-marczak\/\" target=\"_blank\" rel=\"noreferrer noopener\">dr in\u017c. Barbara Krochmal-Marczak<\/a> prof. PANS<\/td><td>\u015broda <\/td><td>10.30-12.00<\/td><td>ul. Dmochowskiego 12, s.7<\/td><\/tr><tr><td><a href=\"https:\/\/pans.krosno.pl\/pracownicy\/magdalena-dykiel\/\" target=\"_blank\" rel=\"noreferrer noopener\">dr in\u017c. Magdalena Dykiel<\/a><\/td><td>\u015broda**<br><br>czwartek<br><\/td><td>12.30-14.30<br><br>9.45-10.45*<br>13.30-14.30**<\/td><td>ul. Dmochowskiego 12, s.28<\/td><\/tr><\/tbody><\/table><\/figure>\n","protected":false},"excerpt":{"rendered":"<p>Opiekunowie poszczeg\u00f3lnych rocznik\u00f3w w roku akademickim 2023\/2024 oraz kontakt Rok Opiekun Kontakt I dr in\u017c. Barbara Krochmal-Marczak prof. PANS barbara.krochmal-marczak@pans.krosno.pl II dr in\u017c. Barbara Krochmal-Marczak\u00a0 prof. PANS barbara.krochmal-marczak@pans.krosno.pl III dr in\u017c. Magdalena Dykiel magdalena.dykiel@pans.krosno.pl IV dr in\u017c. Magdalena Dykiel magdalena.dykiel@pans.krosno.pl Konsultacje na kierunku Produkcja i bezpiecze\u0144stwo \u017cywno\u015bci &#8211; semestr zimowy [\u2026] <\/p>\n<div class=\"clear\"><\/div>\n<p><a class=\"more_link clearfix\" href=\"https:\/\/pans.krosno.pl\/pibz\/opiekunowie-rocznikow\/\" rel=\"nofollow\">Read More<\/a><\/p>\n","protected":false},"author":27,"featured_media":0,"parent":0,"menu_order":0,"comment_status":"closed","ping_status":"closed","template":"page-templates\/template-full-width.php","meta":{"ngg_post_thumbnail":0,"footnotes":""},"class_list":["post-57","page","type-page","status-publish","hentry"],"yoast_head":"<!-- This site is optimized with the Yoast SEO Premium plugin v27.3 (Yoast SEO v27.3) - https:\/\/yoast.com\/product\/yoast-seo-premium-wordpress\/ -->\n<title>Opiekunowie rocznik\u00f3w - Ekonomika produkcji i bezpiecze\u0144stwo \u017cywno\u015bci PANS w Kro\u015bnie<\/title>\n<meta name=\"description\" content=\"Opiekunowie poszczeg\u00f3lnych rocznik\u00f3w oraz kontakt\" \/>\n<meta name=\"robots\" content=\"index, follow, max-snippet:-1, max-image-preview:large, max-video-preview:-1\" \/>\n<link rel=\"canonical\" href=\"https:\/\/pans.krosno.pl\/pibz\/opiekunowie-rocznikow\/\" \/>\n<meta property=\"og:locale\" content=\"pl_PL\" \/>\n<meta property=\"og:type\" content=\"article\" \/>\n<meta property=\"og:title\" content=\"Opiekunowie rocznik\u00f3w\" \/>\n<meta property=\"og:description\" content=\"Opiekunowie poszczeg\u00f3lnych rocznik\u00f3w oraz kontakt\" \/>\n<meta property=\"og:url\" content=\"https:\/\/pans.krosno.pl\/pibz\/opiekunowie-rocznikow\/\" \/>\n<meta property=\"og:site_name\" content=\"Ekonomika produkcji i bezpiecze\u0144stwo \u017cywno\u015bci PANS w Kro\u015bnie\" \/>\n<meta property=\"article:modified_time\" content=\"2025-06-03T08:51:44+00:00\" \/>\n<meta name=\"twitter:card\" content=\"summary_large_image\" \/>\n<meta name=\"twitter:label1\" content=\"Szacowany czas czytania\" \/>\n\t<meta name=\"twitter:data1\" content=\"1 minuta\" \/>\n<script type=\"application\/ld+json\" class=\"yoast-schema-graph\">{\"@context\":\"https:\\\/\\\/schema.org\",\"@graph\":[{\"@type\":\"WebPage\",\"@id\":\"https:\\\/\\\/pans.krosno.pl\\\/pibz\\\/opiekunowie-rocznikow\\\/\",\"url\":\"https:\\\/\\\/pans.krosno.pl\\\/pibz\\\/opiekunowie-rocznikow\\\/\",\"name\":\"Opiekunowie rocznik\u00f3w - Ekonomika produkcji i bezpiecze\u0144stwo \u017cywno\u015bci PANS w Kro\u015bnie\",\"isPartOf\":{\"@id\":\"https:\\\/\\\/pans.krosno.pl\\\/pibz\\\/#website\"},\"datePublished\":\"2020-03-04T08:59:29+00:00\",\"dateModified\":\"2025-06-03T08:51:44+00:00\",\"description\":\"Opiekunowie poszczeg\u00f3lnych rocznik\u00f3w oraz kontakt\",\"breadcrumb\":{\"@id\":\"https:\\\/\\\/pans.krosno.pl\\\/pibz\\\/opiekunowie-rocznikow\\\/#breadcrumb\"},\"inLanguage\":\"pl-PL\",\"potentialAction\":[{\"@type\":\"ReadAction\",\"target\":[\"https:\\\/\\\/pans.krosno.pl\\\/pibz\\\/opiekunowie-rocznikow\\\/\"]}]},{\"@type\":\"BreadcrumbList\",\"@id\":\"https:\\\/\\\/pans.krosno.pl\\\/pibz\\\/opiekunowie-rocznikow\\\/#breadcrumb\",\"itemListElement\":[{\"@type\":\"ListItem\",\"position\":1,\"name\":\"Strona g\u0142\u00f3wna\",\"item\":\"https:\\\/\\\/pans.krosno.pl\\\/pibz\\\/\"},{\"@type\":\"ListItem\",\"position\":2,\"name\":\"Opiekunowie rocznik\u00f3w\"}]},{\"@type\":\"WebSite\",\"@id\":\"https:\\\/\\\/pans.krosno.pl\\\/pibz\\\/#website\",\"url\":\"https:\\\/\\\/pans.krosno.pl\\\/pibz\\\/\",\"name\":\"Ekonomika produkcji i bezpiecze\u0144stwo \u017cywno\u015bci PANS w Kro\u015bnie\",\"description\":\"Ekonomika produkcji i bezpiecze\u0144stwo \u017cywno\u015bci - Pa\u0144stwowa Akademia Nauk Stosowanych\",\"publisher\":{\"@id\":\"https:\\\/\\\/pans.krosno.pl\\\/pibz\\\/#organization\"},\"potentialAction\":[{\"@type\":\"SearchAction\",\"target\":{\"@type\":\"EntryPoint\",\"urlTemplate\":\"https:\\\/\\\/pans.krosno.pl\\\/pibz\\\/?s={search_term_string}\"},\"query-input\":{\"@type\":\"PropertyValueSpecification\",\"valueRequired\":true,\"valueName\":\"search_term_string\"}}],\"inLanguage\":\"pl-PL\"},{\"@type\":\"Organization\",\"@id\":\"https:\\\/\\\/pans.krosno.pl\\\/pibz\\\/#organization\",\"name\":\"Ekonomika produkcji i bezpiecze\u0144stwo \u017cywno\u015bci PANS w Kro\u015bnie\",\"url\":\"https:\\\/\\\/pans.krosno.pl\\\/pibz\\\/\",\"logo\":{\"@type\":\"ImageObject\",\"inLanguage\":\"pl-PL\",\"@id\":\"https:\\\/\\\/pans.krosno.pl\\\/pibz\\\/#\\\/schema\\\/logo\\\/image\\\/\",\"url\":\"https:\\\/\\\/pans.krosno.pl\\\/pibz\\\/wp-content\\\/uploads\\\/sites\\\/35\\\/2023\\\/01\\\/Logo-PANS-2022-pelne.png\",\"contentUrl\":\"https:\\\/\\\/pans.krosno.pl\\\/pibz\\\/wp-content\\\/uploads\\\/sites\\\/35\\\/2023\\\/01\\\/Logo-PANS-2022-pelne.png\",\"width\":3096,\"height\":696,\"caption\":\"Ekonomika produkcji i bezpiecze\u0144stwo \u017cywno\u015bci PANS w Kro\u015bnie\"},\"image\":{\"@id\":\"https:\\\/\\\/pans.krosno.pl\\\/pibz\\\/#\\\/schema\\\/logo\\\/image\\\/\"}}]}<\/script>\n<!-- \/ Yoast SEO Premium plugin. -->","yoast_head_json":{"title":"Opiekunowie rocznik\u00f3w - Ekonomika produkcji i bezpiecze\u0144stwo \u017cywno\u015bci PANS w Kro\u015bnie","description":"Opiekunowie poszczeg\u00f3lnych rocznik\u00f3w oraz kontakt","robots":{"index":"index","follow":"follow","max-snippet":"max-snippet:-1","max-image-preview":"max-image-preview:large","max-video-preview":"max-video-preview:-1"},"canonical":"https:\/\/pans.krosno.pl\/pibz\/opiekunowie-rocznikow\/","og_locale":"pl_PL","og_type":"article","og_title":"Opiekunowie rocznik\u00f3w","og_description":"Opiekunowie poszczeg\u00f3lnych rocznik\u00f3w oraz kontakt","og_url":"https:\/\/pans.krosno.pl\/pibz\/opiekunowie-rocznikow\/","og_site_name":"Ekonomika produkcji i bezpiecze\u0144stwo \u017cywno\u015bci PANS w Kro\u015bnie","article_modified_time":"2025-06-03T08:51:44+00:00","twitter_card":"summary_large_image","twitter_misc":{"Szacowany czas czytania":"1 minuta"},"schema":{"@context":"https:\/\/schema.org","@graph":[{"@type":"WebPage","@id":"https:\/\/pans.krosno.pl\/pibz\/opiekunowie-rocznikow\/","url":"https:\/\/pans.krosno.pl\/pibz\/opiekunowie-rocznikow\/","name":"Opiekunowie rocznik\u00f3w - Ekonomika produkcji i bezpiecze\u0144stwo \u017cywno\u015bci PANS w Kro\u015bnie","isPartOf":{"@id":"https:\/\/pans.krosno.pl\/pibz\/#website"},"datePublished":"2020-03-04T08:59:29+00:00","dateModified":"2025-06-03T08:51:44+00:00","description":"Opiekunowie poszczeg\u00f3lnych rocznik\u00f3w oraz kontakt","breadcrumb":{"@id":"https:\/\/pans.krosno.pl\/pibz\/opiekunowie-rocznikow\/#breadcrumb"},"inLanguage":"pl-PL","potentialAction":[{"@type":"ReadAction","target":["https:\/\/pans.krosno.pl\/pibz\/opiekunowie-rocznikow\/"]}]},{"@type":"BreadcrumbList","@id":"https:\/\/pans.krosno.pl\/pibz\/opiekunowie-rocznikow\/#breadcrumb","itemListElement":[{"@type":"ListItem","position":1,"name":"Strona g\u0142\u00f3wna","item":"https:\/\/pans.krosno.pl\/pibz\/"},{"@type":"ListItem","position":2,"name":"Opiekunowie rocznik\u00f3w"}]},{"@type":"WebSite","@id":"https:\/\/pans.krosno.pl\/pibz\/#website","url":"https:\/\/pans.krosno.pl\/pibz\/","name":"Ekonomika produkcji i bezpiecze\u0144stwo \u017cywno\u015bci PANS w Kro\u015bnie","description":"Ekonomika produkcji i bezpiecze\u0144stwo \u017cywno\u015bci - Pa\u0144stwowa Akademia Nauk Stosowanych","publisher":{"@id":"https:\/\/pans.krosno.pl\/pibz\/#organization"},"potentialAction":[{"@type":"SearchAction","target":{"@type":"EntryPoint","urlTemplate":"https:\/\/pans.krosno.pl\/pibz\/?s={search_term_string}"},"query-input":{"@type":"PropertyValueSpecification","valueRequired":true,"valueName":"search_term_string"}}],"inLanguage":"pl-PL"},{"@type":"Organization","@id":"https:\/\/pans.krosno.pl\/pibz\/#organization","name":"Ekonomika produkcji i bezpiecze\u0144stwo \u017cywno\u015bci PANS w Kro\u015bnie","url":"https:\/\/pans.krosno.pl\/pibz\/","logo":{"@type":"ImageObject","inLanguage":"pl-PL","@id":"https:\/\/pans.krosno.pl\/pibz\/#\/schema\/logo\/image\/","url":"https:\/\/pans.krosno.pl\/pibz\/wp-content\/uploads\/sites\/35\/2023\/01\/Logo-PANS-2022-pelne.png","contentUrl":"https:\/\/pans.krosno.pl\/pibz\/wp-content\/uploads\/sites\/35\/2023\/01\/Logo-PANS-2022-pelne.png","width":3096,"height":696,"caption":"Ekonomika produkcji i bezpiecze\u0144stwo \u017cywno\u015bci PANS w Kro\u015bnie"},"image":{"@id":"https:\/\/pans.krosno.pl\/pibz\/#\/schema\/logo\/image\/"}}]}},"_links":{"self":[{"href":"https:\/\/pans.krosno.pl\/pibz\/wp-json\/wp\/v2\/pages\/57","targetHints":{"allow":["GET"]}}],"collection":[{"href":"https:\/\/pans.krosno.pl\/pibz\/wp-json\/wp\/v2\/pages"}],"about":[{"href":"https:\/\/pans.krosno.pl\/pibz\/wp-json\/wp\/v2\/types\/page"}],"author":[{"embeddable":true,"href":"https:\/\/pans.krosno.pl\/pibz\/wp-json\/wp\/v2\/users\/27"}],"replies":[{"embeddable":true,"href":"https:\/\/pans.krosno.pl\/pibz\/wp-json\/wp\/v2\/comments?post=57"}],"version-history":[{"count":11,"href":"https:\/\/pans.krosno.pl\/pibz\/wp-json\/wp\/v2\/pages\/57\/revisions"}],"predecessor-version":[{"id":4495,"href":"https:\/\/pans.krosno.pl\/pibz\/wp-json\/wp\/v2\/pages\/57\/revisions\/4495"}],"wp:attachment":[{"href":"https:\/\/pans.krosno.pl\/pibz\/wp-json\/wp\/v2\/media?parent=57"}],"curies":[{"name":"wp","href":"https:\/\/api.w.org\/{rel}","templated":true}]}}