{"id":4620,"date":"2025-07-21T11:24:09","date_gmt":"2025-07-21T09:24:09","guid":{"rendered":"https:\/\/pans.krosno.pl\/pibz\/?page_id=4620"},"modified":"2025-10-08T14:06:44","modified_gmt":"2025-10-08T12:06:44","slug":"kontakt-sekretariat","status":"publish","type":"page","link":"https:\/\/pans.krosno.pl\/pibz\/kontakt-sekretariat\/","title":{"rendered":"Kontakt sekretariat"},"content":{"rendered":"\n<p><strong>Zak\u0142ad Produkcji i Bezpiecze\u0144stwa \u017bywno\u015bci<\/strong><br><a href=\"https:\/\/pans.krosno.pl\/pracownicy\/barbara-krochmal-marczak\/\" target=\"_blank\" rel=\"noreferrer noopener\">dr hab. in\u017c. Barbara Krochmal<\/a>\u00a0\u2013 Marczak\u00a0\u2013\u00a0<strong>Kierownik Zak\u0142adu<\/strong><br>mgr Agnieszka Urba\u0144ska<strong>\u2013 Sekretariat<\/strong><br>tel:\u00a013 43 755 80<br>e-mail:\u00a0<a href=\"mailto:ig@pans.krosno.pl\">ig@pans.krosno.pl<\/a><br>ul. Dmochowskiego 12, 38-400 Krosno<\/p>\n","protected":false},"excerpt":{"rendered":"<p>Zak\u0142ad Produkcji i Bezpiecze\u0144stwa \u017bywno\u015bcidr hab. in\u017c. Barbara Krochmal\u00a0\u2013 Marczak\u00a0\u2013\u00a0Kierownik Zak\u0142adumgr Agnieszka Urba\u0144ska\u2013 Sekretariattel:\u00a013 43 755 80e-mail:\u00a0ig@pans.krosno.plul. Dmochowskiego 12, 38-400 Krosno<\/p>\n","protected":false},"author":27,"featured_media":0,"parent":0,"menu_order":0,"comment_status":"closed","ping_status":"closed","template":"","meta":{"ngg_post_thumbnail":0,"footnotes":""},"class_list":["post-4620","page","type-page","status-publish","hentry"],"yoast_head":"<!-- This site is optimized with the Yoast SEO Premium plugin v27.3 (Yoast SEO v27.3) - https:\/\/yoast.com\/product\/yoast-seo-premium-wordpress\/ -->\n<title>Kontakt sekretariat - Ekonomika produkcji i bezpiecze\u0144stwo \u017cywno\u015bci PANS w Kro\u015bnie<\/title>\n<meta name=\"robots\" content=\"index, follow, max-snippet:-1, max-image-preview:large, max-video-preview:-1\" \/>\n<link rel=\"canonical\" href=\"https:\/\/pans.krosno.pl\/pibz\/kontakt-sekretariat\/\" \/>\n<meta property=\"og:locale\" content=\"pl_PL\" \/>\n<meta property=\"og:type\" content=\"article\" \/>\n<meta property=\"og:title\" content=\"Kontakt sekretariat\" \/>\n<meta property=\"og:description\" content=\"Zak\u0142ad Produkcji i Bezpiecze\u0144stwa \u017bywno\u015bcidr hab. in\u017c. Barbara Krochmal\u00a0\u2013 Marczak\u00a0\u2013\u00a0Kierownik Zak\u0142adumgr Agnieszka Urba\u0144ska\u2013 Sekretariattel:\u00a013 43 755 80e-mail:\u00a0ig@pans.krosno.plul. Dmochowskiego 12, 38-400 Krosno\" \/>\n<meta property=\"og:url\" content=\"https:\/\/pans.krosno.pl\/pibz\/kontakt-sekretariat\/\" \/>\n<meta property=\"og:site_name\" content=\"Ekonomika produkcji i bezpiecze\u0144stwo \u017cywno\u015bci PANS w Kro\u015bnie\" \/>\n<meta property=\"article:modified_time\" content=\"2025-10-08T12:06:44+00:00\" \/>\n<meta name=\"twitter:card\" content=\"summary_large_image\" \/>\n<meta name=\"twitter:label1\" content=\"Szacowany czas czytania\" \/>\n\t<meta name=\"twitter:data1\" content=\"1 minuta\" \/>\n<script type=\"application\/ld+json\" class=\"yoast-schema-graph\">{\"@context\":\"https:\\\/\\\/schema.org\",\"@graph\":[{\"@type\":\"WebPage\",\"@id\":\"https:\\\/\\\/pans.krosno.pl\\\/pibz\\\/kontakt-sekretariat\\\/\",\"url\":\"https:\\\/\\\/pans.krosno.pl\\\/pibz\\\/kontakt-sekretariat\\\/\",\"name\":\"Kontakt sekretariat - Ekonomika produkcji i bezpiecze\u0144stwo \u017cywno\u015bci PANS w Kro\u015bnie\",\"isPartOf\":{\"@id\":\"https:\\\/\\\/pans.krosno.pl\\\/pibz\\\/#website\"},\"datePublished\":\"2025-07-21T09:24:09+00:00\",\"dateModified\":\"2025-10-08T12:06:44+00:00\",\"breadcrumb\":{\"@id\":\"https:\\\/\\\/pans.krosno.pl\\\/pibz\\\/kontakt-sekretariat\\\/#breadcrumb\"},\"inLanguage\":\"pl-PL\",\"potentialAction\":[{\"@type\":\"ReadAction\",\"target\":[\"https:\\\/\\\/pans.krosno.pl\\\/pibz\\\/kontakt-sekretariat\\\/\"]}]},{\"@type\":\"BreadcrumbList\",\"@id\":\"https:\\\/\\\/pans.krosno.pl\\\/pibz\\\/kontakt-sekretariat\\\/#breadcrumb\",\"itemListElement\":[{\"@type\":\"ListItem\",\"position\":1,\"name\":\"Strona g\u0142\u00f3wna\",\"item\":\"https:\\\/\\\/pans.krosno.pl\\\/pibz\\\/\"},{\"@type\":\"ListItem\",\"position\":2,\"name\":\"Kontakt sekretariat\"}]},{\"@type\":\"WebSite\",\"@id\":\"https:\\\/\\\/pans.krosno.pl\\\/pibz\\\/#website\",\"url\":\"https:\\\/\\\/pans.krosno.pl\\\/pibz\\\/\",\"name\":\"Ekonomika produkcji i bezpiecze\u0144stwo \u017cywno\u015bci PANS w Kro\u015bnie\",\"description\":\"Ekonomika produkcji i bezpiecze\u0144stwo \u017cywno\u015bci - Pa\u0144stwowa Akademia Nauk Stosowanych\",\"publisher\":{\"@id\":\"https:\\\/\\\/pans.krosno.pl\\\/pibz\\\/#organization\"},\"potentialAction\":[{\"@type\":\"SearchAction\",\"target\":{\"@type\":\"EntryPoint\",\"urlTemplate\":\"https:\\\/\\\/pans.krosno.pl\\\/pibz\\\/?s={search_term_string}\"},\"query-input\":{\"@type\":\"PropertyValueSpecification\",\"valueRequired\":true,\"valueName\":\"search_term_string\"}}],\"inLanguage\":\"pl-PL\"},{\"@type\":\"Organization\",\"@id\":\"https:\\\/\\\/pans.krosno.pl\\\/pibz\\\/#organization\",\"name\":\"Ekonomika produkcji i bezpiecze\u0144stwo \u017cywno\u015bci PANS w Kro\u015bnie\",\"url\":\"https:\\\/\\\/pans.krosno.pl\\\/pibz\\\/\",\"logo\":{\"@type\":\"ImageObject\",\"inLanguage\":\"pl-PL\",\"@id\":\"https:\\\/\\\/pans.krosno.pl\\\/pibz\\\/#\\\/schema\\\/logo\\\/image\\\/\",\"url\":\"https:\\\/\\\/pans.krosno.pl\\\/pibz\\\/wp-content\\\/uploads\\\/sites\\\/35\\\/2023\\\/01\\\/Logo-PANS-2022-pelne.png\",\"contentUrl\":\"https:\\\/\\\/pans.krosno.pl\\\/pibz\\\/wp-content\\\/uploads\\\/sites\\\/35\\\/2023\\\/01\\\/Logo-PANS-2022-pelne.png\",\"width\":3096,\"height\":696,\"caption\":\"Ekonomika produkcji i bezpiecze\u0144stwo \u017cywno\u015bci PANS w Kro\u015bnie\"},\"image\":{\"@id\":\"https:\\\/\\\/pans.krosno.pl\\\/pibz\\\/#\\\/schema\\\/logo\\\/image\\\/\"}}]}<\/script>\n<!-- \/ Yoast SEO Premium plugin. -->","yoast_head_json":{"title":"Kontakt sekretariat - Ekonomika produkcji i bezpiecze\u0144stwo \u017cywno\u015bci PANS w Kro\u015bnie","robots":{"index":"index","follow":"follow","max-snippet":"max-snippet:-1","max-image-preview":"max-image-preview:large","max-video-preview":"max-video-preview:-1"},"canonical":"https:\/\/pans.krosno.pl\/pibz\/kontakt-sekretariat\/","og_locale":"pl_PL","og_type":"article","og_title":"Kontakt sekretariat","og_description":"Zak\u0142ad Produkcji i Bezpiecze\u0144stwa \u017bywno\u015bcidr hab. in\u017c. Barbara Krochmal\u00a0\u2013 Marczak\u00a0\u2013\u00a0Kierownik Zak\u0142adumgr Agnieszka Urba\u0144ska\u2013 Sekretariattel:\u00a013 43 755 80e-mail:\u00a0ig@pans.krosno.plul. Dmochowskiego 12, 38-400 Krosno","og_url":"https:\/\/pans.krosno.pl\/pibz\/kontakt-sekretariat\/","og_site_name":"Ekonomika produkcji i bezpiecze\u0144stwo \u017cywno\u015bci PANS w Kro\u015bnie","article_modified_time":"2025-10-08T12:06:44+00:00","twitter_card":"summary_large_image","twitter_misc":{"Szacowany czas czytania":"1 minuta"},"schema":{"@context":"https:\/\/schema.org","@graph":[{"@type":"WebPage","@id":"https:\/\/pans.krosno.pl\/pibz\/kontakt-sekretariat\/","url":"https:\/\/pans.krosno.pl\/pibz\/kontakt-sekretariat\/","name":"Kontakt sekretariat - Ekonomika produkcji i bezpiecze\u0144stwo \u017cywno\u015bci PANS w Kro\u015bnie","isPartOf":{"@id":"https:\/\/pans.krosno.pl\/pibz\/#website"},"datePublished":"2025-07-21T09:24:09+00:00","dateModified":"2025-10-08T12:06:44+00:00","breadcrumb":{"@id":"https:\/\/pans.krosno.pl\/pibz\/kontakt-sekretariat\/#breadcrumb"},"inLanguage":"pl-PL","potentialAction":[{"@type":"ReadAction","target":["https:\/\/pans.krosno.pl\/pibz\/kontakt-sekretariat\/"]}]},{"@type":"BreadcrumbList","@id":"https:\/\/pans.krosno.pl\/pibz\/kontakt-sekretariat\/#breadcrumb","itemListElement":[{"@type":"ListItem","position":1,"name":"Strona g\u0142\u00f3wna","item":"https:\/\/pans.krosno.pl\/pibz\/"},{"@type":"ListItem","position":2,"name":"Kontakt sekretariat"}]},{"@type":"WebSite","@id":"https:\/\/pans.krosno.pl\/pibz\/#website","url":"https:\/\/pans.krosno.pl\/pibz\/","name":"Ekonomika produkcji i bezpiecze\u0144stwo \u017cywno\u015bci PANS w Kro\u015bnie","description":"Ekonomika produkcji i bezpiecze\u0144stwo \u017cywno\u015bci - Pa\u0144stwowa Akademia Nauk Stosowanych","publisher":{"@id":"https:\/\/pans.krosno.pl\/pibz\/#organization"},"potentialAction":[{"@type":"SearchAction","target":{"@type":"EntryPoint","urlTemplate":"https:\/\/pans.krosno.pl\/pibz\/?s={search_term_string}"},"query-input":{"@type":"PropertyValueSpecification","valueRequired":true,"valueName":"search_term_string"}}],"inLanguage":"pl-PL"},{"@type":"Organization","@id":"https:\/\/pans.krosno.pl\/pibz\/#organization","name":"Ekonomika produkcji i bezpiecze\u0144stwo \u017cywno\u015bci PANS w Kro\u015bnie","url":"https:\/\/pans.krosno.pl\/pibz\/","logo":{"@type":"ImageObject","inLanguage":"pl-PL","@id":"https:\/\/pans.krosno.pl\/pibz\/#\/schema\/logo\/image\/","url":"https:\/\/pans.krosno.pl\/pibz\/wp-content\/uploads\/sites\/35\/2023\/01\/Logo-PANS-2022-pelne.png","contentUrl":"https:\/\/pans.krosno.pl\/pibz\/wp-content\/uploads\/sites\/35\/2023\/01\/Logo-PANS-2022-pelne.png","width":3096,"height":696,"caption":"Ekonomika produkcji i bezpiecze\u0144stwo \u017cywno\u015bci PANS w Kro\u015bnie"},"image":{"@id":"https:\/\/pans.krosno.pl\/pibz\/#\/schema\/logo\/image\/"}}]}},"_links":{"self":[{"href":"https:\/\/pans.krosno.pl\/pibz\/wp-json\/wp\/v2\/pages\/4620","targetHints":{"allow":["GET"]}}],"collection":[{"href":"https:\/\/pans.krosno.pl\/pibz\/wp-json\/wp\/v2\/pages"}],"about":[{"href":"https:\/\/pans.krosno.pl\/pibz\/wp-json\/wp\/v2\/types\/page"}],"author":[{"embeddable":true,"href":"https:\/\/pans.krosno.pl\/pibz\/wp-json\/wp\/v2\/users\/27"}],"replies":[{"embeddable":true,"href":"https:\/\/pans.krosno.pl\/pibz\/wp-json\/wp\/v2\/comments?post=4620"}],"version-history":[{"count":2,"href":"https:\/\/pans.krosno.pl\/pibz\/wp-json\/wp\/v2\/pages\/4620\/revisions"}],"predecessor-version":[{"id":4715,"href":"https:\/\/pans.krosno.pl\/pibz\/wp-json\/wp\/v2\/pages\/4620\/revisions\/4715"}],"wp:attachment":[{"href":"https:\/\/pans.krosno.pl\/pibz\/wp-json\/wp\/v2\/media?parent=4620"}],"curies":[{"name":"wp","href":"https:\/\/api.w.org\/{rel}","templated":true}]}}