{"id":20,"date":"2019-11-18T10:16:22","date_gmt":"2019-11-18T09:16:22","guid":{"rendered":"https:\/\/pans.krosno.pl\/pibz\/?page_id=20"},"modified":"2025-03-25T11:46:21","modified_gmt":"2025-03-25T10:46:21","slug":"egzamin-dyplomowy","status":"publish","type":"page","link":"https:\/\/pans.krosno.pl\/pibz\/egzamin-dyplomowy\/","title":{"rendered":"Egzamin dyplomowy"},"content":{"rendered":"\n<h4 class=\"wp-block-heading\" id=\"h-zasady-przygotowania-prac-dyplomowych-na-kierunku-studiow-produkcja-i-bezpieczenstwo-zywnosci\">Zasady przygotowania prac dyplomowych na kierunku studi\u00f3w Produkcja i Bezpiecze\u0144stwo \u017bywno\u015bci<\/h4>\n\n\n\n<p>WYTYCZNE DO PISANIA PRACY DYPLOMOWEJ DLA STUDENT\u00d3W KIERUNKU PRODUKCJA I BEZPIECZE\u0143STWO \u017bYWNO\u015aCI<\/p>\n\n\n\n<div class=\"wp-block-file\"><a id=\"wp-block-file--media-d5eb90ba-4245-4f11-bdb9-309622cff03d\" href=\"https:\/\/pans.krosno.pl\/pibz\/wp-content\/uploads\/sites\/35\/2025\/03\/25.03.2025-zasady-pisania-prac-od-2025.docx\">25.03.2025 zasady-pisania-prac-od-2025<\/a><a href=\"https:\/\/pans.krosno.pl\/pibz\/wp-content\/uploads\/sites\/35\/2025\/03\/25.03.2025-zasady-pisania-prac-od-2025.docx\" class=\"wp-block-file__button wp-element-button\" download aria-describedby=\"wp-block-file--media-d5eb90ba-4245-4f11-bdb9-309622cff03d\">Pobierz<\/a><\/div>\n\n\n\n<p> Zestaw pyta\u0144 do egzaminu dyplomowego dla student\u00f3w kierunku Produkcja i bezpiecze\u0144stwo \u017cywno\u015bci <\/p>\n\n\n\n<div class=\"wp-block-file\"><a id=\"wp-block-file--media-c99b8031-0b51-4cd6-b728-4d72ba43fba2\" href=\"https:\/\/pans.krosno.pl\/pibz\/wp-content\/uploads\/sites\/35\/2021\/11\/zestaw-pytan-do-egzaminu-dyplomowego-_pibz-1.doc\">zestaw-pytan-do-egzaminu-dyplomowego-_pibz-1<\/a><a href=\"https:\/\/pans.krosno.pl\/pibz\/wp-content\/uploads\/sites\/35\/2021\/11\/zestaw-pytan-do-egzaminu-dyplomowego-_pibz-1.doc\" class=\"wp-block-file__button wp-element-button\" download aria-describedby=\"wp-block-file--media-c99b8031-0b51-4cd6-b728-4d72ba43fba2\">Pobierz<\/a><\/div>\n\n\n\n<p>Wz\u00f3r strony tytu\u0142owej pracy dyplomowej<\/p>\n\n\n\n<div class=\"wp-block-file\"><a id=\"wp-block-file--media-3f220f66-251f-4e23-b023-507ecd6122b0\" href=\"https:\/\/pans.krosno.pl\/pibz\/wp-content\/uploads\/sites\/35\/2025\/03\/Wzor-strony-tytulowej-PANS-1-13.doc\">Wzor-strony-tytulowej-PANS-1-1(3)<\/a><a href=\"https:\/\/pans.krosno.pl\/pibz\/wp-content\/uploads\/sites\/35\/2025\/03\/Wzor-strony-tytulowej-PANS-1-13.doc\" class=\"wp-block-file__button wp-element-button\" download aria-describedby=\"wp-block-file--media-3f220f66-251f-4e23-b023-507ecd6122b0\">Pobierz<\/a><\/div>\n\n\n\n<div data-wp-interactive=\"core\/file\" class=\"wp-block-file\"><object data-wp-bind--hidden=\"!state.hasPdfPreview\" hidden class=\"wp-block-file__embed\" data=\"https:\/\/pans.krosno.pl\/pibz\/wp-content\/uploads\/sites\/35\/2025\/01\/Procedura-WSZJK-U.6-dyplomowania-wydanie-5-1.pdf\" type=\"application\/pdf\" style=\"width:100%;height:600px\" aria-label=\"Osadzone z Procedura-WSZJK-U.6-dyplomowania-wydanie-5-1.\"><\/object><a id=\"wp-block-file--media-243d670a-dda8-4720-b0fd-fb1007dfc958\" href=\"https:\/\/pans.krosno.pl\/pibz\/wp-content\/uploads\/sites\/35\/2025\/01\/Procedura-WSZJK-U.6-dyplomowania-wydanie-5-1.pdf\">Procedura-WSZJK-U.6-dyplomowania-wydanie-5-1<\/a><a href=\"https:\/\/pans.krosno.pl\/pibz\/wp-content\/uploads\/sites\/35\/2025\/01\/Procedura-WSZJK-U.6-dyplomowania-wydanie-5-1.pdf\" class=\"wp-block-file__button wp-element-button\" download aria-describedby=\"wp-block-file--media-243d670a-dda8-4720-b0fd-fb1007dfc958\">Pobierz<\/a><\/div>\n\n\n\n<p><\/p>\n","protected":false},"excerpt":{"rendered":"<p>Zasady przygotowania prac dyplomowych na kierunku studi\u00f3w Produkcja i Bezpiecze\u0144stwo \u017bywno\u015bci WYTYCZNE DO PISANIA PRACY DYPLOMOWEJ DLA STUDENT\u00d3W KIERUNKU PRODUKCJA I BEZPIECZE\u0143STWO \u017bYWNO\u015aCI Zestaw pyta\u0144 do egzaminu dyplomowego dla student\u00f3w kierunku Produkcja i bezpiecze\u0144stwo \u017cywno\u015bci Wz\u00f3r strony tytu\u0142owej pracy dyplomowej<\/p>\n","protected":false},"author":27,"featured_media":0,"parent":0,"menu_order":0,"comment_status":"closed","ping_status":"closed","template":"page-templates\/template-full-width.php","meta":{"ngg_post_thumbnail":0,"footnotes":""},"class_list":["post-20","page","type-page","status-publish","hentry"],"yoast_head":"<!-- This site is optimized with the Yoast SEO Premium plugin v27.4 (Yoast SEO v27.4) - https:\/\/yoast.com\/product\/yoast-seo-premium-wordpress\/ -->\n<title>Egzamin dyplomowy - Ekonomika produkcji i bezpiecze\u0144stwo \u017cywno\u015bci PANS w Kro\u015bnie<\/title>\n<meta name=\"description\" content=\"Zasady przygotowania prac dyplomowych na kierunku studi\u00f3w Produkcja i Bezpiecze\u0144stwo \u017bywno\u015bci\" \/>\n<meta name=\"robots\" content=\"index, follow, max-snippet:-1, max-image-preview:large, max-video-preview:-1\" \/>\n<link rel=\"canonical\" href=\"https:\/\/pans.krosno.pl\/pibz\/egzamin-dyplomowy\/\" \/>\n<meta property=\"og:locale\" content=\"pl_PL\" \/>\n<meta property=\"og:type\" content=\"article\" \/>\n<meta property=\"og:title\" content=\"Egzamin dyplomowy\" \/>\n<meta property=\"og:description\" content=\"Zasady przygotowania prac dyplomowych na kierunku studi\u00f3w Produkcja i Bezpiecze\u0144stwo \u017bywno\u015bci\" \/>\n<meta property=\"og:url\" content=\"https:\/\/pans.krosno.pl\/pibz\/egzamin-dyplomowy\/\" \/>\n<meta property=\"og:site_name\" content=\"Ekonomika produkcji i bezpiecze\u0144stwo \u017cywno\u015bci PANS w Kro\u015bnie\" \/>\n<meta property=\"article:modified_time\" content=\"2025-03-25T10:46:21+00:00\" \/>\n<meta name=\"twitter:card\" content=\"summary_large_image\" \/>\n<meta name=\"twitter:label1\" content=\"Szacowany czas czytania\" \/>\n\t<meta name=\"twitter:data1\" content=\"1 minuta\" \/>\n<script type=\"application\/ld+json\" class=\"yoast-schema-graph\">{\"@context\":\"https:\\\/\\\/schema.org\",\"@graph\":[{\"@type\":\"WebPage\",\"@id\":\"https:\\\/\\\/pans.krosno.pl\\\/pibz\\\/egzamin-dyplomowy\\\/\",\"url\":\"https:\\\/\\\/pans.krosno.pl\\\/pibz\\\/egzamin-dyplomowy\\\/\",\"name\":\"Egzamin dyplomowy - Ekonomika produkcji i bezpiecze\u0144stwo \u017cywno\u015bci PANS w Kro\u015bnie\",\"isPartOf\":{\"@id\":\"https:\\\/\\\/pans.krosno.pl\\\/pibz\\\/#website\"},\"datePublished\":\"2019-11-18T09:16:22+00:00\",\"dateModified\":\"2025-03-25T10:46:21+00:00\",\"description\":\"Zasady przygotowania prac dyplomowych na kierunku studi\u00f3w Produkcja i Bezpiecze\u0144stwo \u017bywno\u015bci\",\"breadcrumb\":{\"@id\":\"https:\\\/\\\/pans.krosno.pl\\\/pibz\\\/egzamin-dyplomowy\\\/#breadcrumb\"},\"inLanguage\":\"pl-PL\",\"potentialAction\":[{\"@type\":\"ReadAction\",\"target\":[\"https:\\\/\\\/pans.krosno.pl\\\/pibz\\\/egzamin-dyplomowy\\\/\"]}]},{\"@type\":\"BreadcrumbList\",\"@id\":\"https:\\\/\\\/pans.krosno.pl\\\/pibz\\\/egzamin-dyplomowy\\\/#breadcrumb\",\"itemListElement\":[{\"@type\":\"ListItem\",\"position\":1,\"name\":\"Strona g\u0142\u00f3wna\",\"item\":\"https:\\\/\\\/pans.krosno.pl\\\/pibz\\\/\"},{\"@type\":\"ListItem\",\"position\":2,\"name\":\"Egzamin dyplomowy\"}]},{\"@type\":\"WebSite\",\"@id\":\"https:\\\/\\\/pans.krosno.pl\\\/pibz\\\/#website\",\"url\":\"https:\\\/\\\/pans.krosno.pl\\\/pibz\\\/\",\"name\":\"Ekonomika produkcji i bezpiecze\u0144stwo \u017cywno\u015bci PANS w Kro\u015bnie\",\"description\":\"Ekonomika produkcji i bezpiecze\u0144stwo \u017cywno\u015bci - Pa\u0144stwowa Akademia Nauk Stosowanych\",\"publisher\":{\"@id\":\"https:\\\/\\\/pans.krosno.pl\\\/pibz\\\/#organization\"},\"potentialAction\":[{\"@type\":\"SearchAction\",\"target\":{\"@type\":\"EntryPoint\",\"urlTemplate\":\"https:\\\/\\\/pans.krosno.pl\\\/pibz\\\/?s={search_term_string}\"},\"query-input\":{\"@type\":\"PropertyValueSpecification\",\"valueRequired\":true,\"valueName\":\"search_term_string\"}}],\"inLanguage\":\"pl-PL\"},{\"@type\":\"Organization\",\"@id\":\"https:\\\/\\\/pans.krosno.pl\\\/pibz\\\/#organization\",\"name\":\"Ekonomika produkcji i bezpiecze\u0144stwo \u017cywno\u015bci PANS w Kro\u015bnie\",\"url\":\"https:\\\/\\\/pans.krosno.pl\\\/pibz\\\/\",\"logo\":{\"@type\":\"ImageObject\",\"inLanguage\":\"pl-PL\",\"@id\":\"https:\\\/\\\/pans.krosno.pl\\\/pibz\\\/#\\\/schema\\\/logo\\\/image\\\/\",\"url\":\"https:\\\/\\\/pans.krosno.pl\\\/pibz\\\/wp-content\\\/uploads\\\/sites\\\/35\\\/2023\\\/01\\\/Logo-PANS-2022-pelne.png\",\"contentUrl\":\"https:\\\/\\\/pans.krosno.pl\\\/pibz\\\/wp-content\\\/uploads\\\/sites\\\/35\\\/2023\\\/01\\\/Logo-PANS-2022-pelne.png\",\"width\":3096,\"height\":696,\"caption\":\"Ekonomika produkcji i bezpiecze\u0144stwo \u017cywno\u015bci PANS w Kro\u015bnie\"},\"image\":{\"@id\":\"https:\\\/\\\/pans.krosno.pl\\\/pibz\\\/#\\\/schema\\\/logo\\\/image\\\/\"}}]}<\/script>\n<!-- \/ Yoast SEO Premium plugin. -->","yoast_head_json":{"title":"Egzamin dyplomowy - Ekonomika produkcji i bezpiecze\u0144stwo \u017cywno\u015bci PANS w Kro\u015bnie","description":"Zasady przygotowania prac dyplomowych na kierunku studi\u00f3w Produkcja i Bezpiecze\u0144stwo \u017bywno\u015bci","robots":{"index":"index","follow":"follow","max-snippet":"max-snippet:-1","max-image-preview":"max-image-preview:large","max-video-preview":"max-video-preview:-1"},"canonical":"https:\/\/pans.krosno.pl\/pibz\/egzamin-dyplomowy\/","og_locale":"pl_PL","og_type":"article","og_title":"Egzamin dyplomowy","og_description":"Zasady przygotowania prac dyplomowych na kierunku studi\u00f3w Produkcja i Bezpiecze\u0144stwo \u017bywno\u015bci","og_url":"https:\/\/pans.krosno.pl\/pibz\/egzamin-dyplomowy\/","og_site_name":"Ekonomika produkcji i bezpiecze\u0144stwo \u017cywno\u015bci PANS w Kro\u015bnie","article_modified_time":"2025-03-25T10:46:21+00:00","twitter_card":"summary_large_image","twitter_misc":{"Szacowany czas czytania":"1 minuta"},"schema":{"@context":"https:\/\/schema.org","@graph":[{"@type":"WebPage","@id":"https:\/\/pans.krosno.pl\/pibz\/egzamin-dyplomowy\/","url":"https:\/\/pans.krosno.pl\/pibz\/egzamin-dyplomowy\/","name":"Egzamin dyplomowy - Ekonomika produkcji i bezpiecze\u0144stwo \u017cywno\u015bci PANS w Kro\u015bnie","isPartOf":{"@id":"https:\/\/pans.krosno.pl\/pibz\/#website"},"datePublished":"2019-11-18T09:16:22+00:00","dateModified":"2025-03-25T10:46:21+00:00","description":"Zasady przygotowania prac dyplomowych na kierunku studi\u00f3w Produkcja i Bezpiecze\u0144stwo \u017bywno\u015bci","breadcrumb":{"@id":"https:\/\/pans.krosno.pl\/pibz\/egzamin-dyplomowy\/#breadcrumb"},"inLanguage":"pl-PL","potentialAction":[{"@type":"ReadAction","target":["https:\/\/pans.krosno.pl\/pibz\/egzamin-dyplomowy\/"]}]},{"@type":"BreadcrumbList","@id":"https:\/\/pans.krosno.pl\/pibz\/egzamin-dyplomowy\/#breadcrumb","itemListElement":[{"@type":"ListItem","position":1,"name":"Strona g\u0142\u00f3wna","item":"https:\/\/pans.krosno.pl\/pibz\/"},{"@type":"ListItem","position":2,"name":"Egzamin dyplomowy"}]},{"@type":"WebSite","@id":"https:\/\/pans.krosno.pl\/pibz\/#website","url":"https:\/\/pans.krosno.pl\/pibz\/","name":"Ekonomika produkcji i bezpiecze\u0144stwo \u017cywno\u015bci PANS w Kro\u015bnie","description":"Ekonomika produkcji i bezpiecze\u0144stwo \u017cywno\u015bci - Pa\u0144stwowa Akademia Nauk Stosowanych","publisher":{"@id":"https:\/\/pans.krosno.pl\/pibz\/#organization"},"potentialAction":[{"@type":"SearchAction","target":{"@type":"EntryPoint","urlTemplate":"https:\/\/pans.krosno.pl\/pibz\/?s={search_term_string}"},"query-input":{"@type":"PropertyValueSpecification","valueRequired":true,"valueName":"search_term_string"}}],"inLanguage":"pl-PL"},{"@type":"Organization","@id":"https:\/\/pans.krosno.pl\/pibz\/#organization","name":"Ekonomika produkcji i bezpiecze\u0144stwo \u017cywno\u015bci PANS w Kro\u015bnie","url":"https:\/\/pans.krosno.pl\/pibz\/","logo":{"@type":"ImageObject","inLanguage":"pl-PL","@id":"https:\/\/pans.krosno.pl\/pibz\/#\/schema\/logo\/image\/","url":"https:\/\/pans.krosno.pl\/pibz\/wp-content\/uploads\/sites\/35\/2023\/01\/Logo-PANS-2022-pelne.png","contentUrl":"https:\/\/pans.krosno.pl\/pibz\/wp-content\/uploads\/sites\/35\/2023\/01\/Logo-PANS-2022-pelne.png","width":3096,"height":696,"caption":"Ekonomika produkcji i bezpiecze\u0144stwo \u017cywno\u015bci PANS w Kro\u015bnie"},"image":{"@id":"https:\/\/pans.krosno.pl\/pibz\/#\/schema\/logo\/image\/"}}]}},"_links":{"self":[{"href":"https:\/\/pans.krosno.pl\/pibz\/wp-json\/wp\/v2\/pages\/20","targetHints":{"allow":["GET"]}}],"collection":[{"href":"https:\/\/pans.krosno.pl\/pibz\/wp-json\/wp\/v2\/pages"}],"about":[{"href":"https:\/\/pans.krosno.pl\/pibz\/wp-json\/wp\/v2\/types\/page"}],"author":[{"embeddable":true,"href":"https:\/\/pans.krosno.pl\/pibz\/wp-json\/wp\/v2\/users\/27"}],"replies":[{"embeddable":true,"href":"https:\/\/pans.krosno.pl\/pibz\/wp-json\/wp\/v2\/comments?post=20"}],"version-history":[{"count":17,"href":"https:\/\/pans.krosno.pl\/pibz\/wp-json\/wp\/v2\/pages\/20\/revisions"}],"predecessor-version":[{"id":4375,"href":"https:\/\/pans.krosno.pl\/pibz\/wp-json\/wp\/v2\/pages\/20\/revisions\/4375"}],"wp:attachment":[{"href":"https:\/\/pans.krosno.pl\/pibz\/wp-json\/wp\/v2\/media?parent=20"}],"curies":[{"name":"wp","href":"https:\/\/api.w.org\/{rel}","templated":true}]}}