{"id":17,"date":"2019-11-18T10:16:22","date_gmt":"2019-11-18T09:16:22","guid":{"rendered":"https:\/\/pans.krosno.pl\/pibz\/?page_id=17"},"modified":"2026-02-18T13:32:01","modified_gmt":"2026-02-18T12:32:01","slug":"sesja-egzaminacyjna","status":"publish","type":"page","link":"https:\/\/pans.krosno.pl\/pibz\/sesja-egzaminacyjna\/","title":{"rendered":"Sesja egzaminacyjna"},"content":{"rendered":"\n<p><\/p>\n\n\n\n<p><strong>ROK I<\/strong>, <strong>Ekonomika produkcji i bezpiecze\u0144stwo \u017cywno\u015bci<\/strong><\/p>\n\n\n\n<figure class=\"wp-block-table\"><table class=\"has-fixed-layout\"><tbody><tr><td><strong>Lp.<\/strong><\/td><td><strong>Nazwa przedmiotu<\/strong><\/td><td><strong>Prowadz\u0105cy<\/strong><\/td><td><strong>Data egzaminu<\/strong><\/td><td><strong>Godzina egzaminu<\/strong><\/td><td><strong>Ulica\/nr sali<\/strong><\/td><\/tr><tr><td>1.<\/td><td>Ekonomia<\/td><td>dr prof.&nbsp; B. \u015alusarczyk, prof. PANS<\/td><td>20.02.2026<\/td><td>11.15<\/td><td>DM, s. 14<\/td><\/tr><\/tbody><\/table><\/figure>\n\n\n\n<p><strong>\u00a0ROK II<\/strong>, <strong>Produkcja i bezpiecze\u0144stwo \u017cywno\u015bci<\/strong><\/p>\n\n\n\n<figure class=\"wp-block-table\"><table class=\"has-fixed-layout\"><tbody><tr><td><strong>Lp.<\/strong><\/td><td><strong>Nazwa przedmiotu<\/strong><\/td><td><strong>Prowadz\u0105cy<\/strong><\/td><td><strong>Data egzaminu<\/strong><\/td><td><strong>Godzina egzaminu<\/strong><\/td><td><strong>Ulica\/nr sali<\/strong><\/td><\/tr><tr><td>1.<\/td><td>Technologie produkcji zwierz\u0119cej<\/td><td>dr in\u017c. M. Dykiel<\/td><td>19.02.2026<\/td><td>12.30<\/td><td>DM, s.14<\/td><\/tr><\/tbody><\/table><\/figure>\n\n\n\n<p><\/p>\n\n\n\n<p><strong>\u00a0ROK III<\/strong>, <strong>Produkcja i bezpiecze\u0144stwo \u017cywno\u015bci<\/strong><\/p>\n\n\n\n<figure class=\"wp-block-table\"><table class=\"has-fixed-layout\"><tbody><tr><td><strong>Lp.<\/strong><\/td><td><strong>Nazwa przedmiotu<\/strong><\/td><td><strong>Prowadz\u0105cy<\/strong><\/td><td><strong>Data egzaminu<\/strong><\/td><td><strong>Godzina egzaminu<\/strong><\/td><td><strong>Ulica\/nr sali<\/strong><\/td><\/tr><tr><td>1.<\/td><td>Przetw\u00f3rstwo \u017cywno\u015bci<\/td><td>dr hab. B Krzysztofik, prof. PANS<\/td><td>19.02.2026<\/td><td>12.30<\/td><td>DM, s.2714<\/td><\/tr><tr><td>2.<\/td><td>Metody utrwalania i przechowalnictwo surowc\u00f3w \u017cywno\u015bciowych<\/td><td>dr prof. B Krzysztofik, prof. PANS<\/td><td>19.02.2026<\/td><td>12.30<\/td><td>DM, s.27<\/td><\/tr><\/tbody><\/table><\/figure>\n\n\n\n<p><\/p>\n\n\n\n<p><\/p>\n\n\n\n<p><\/p>\n","protected":false},"excerpt":{"rendered":"<p>ROK I, Ekonomika produkcji i bezpiecze\u0144stwo \u017cywno\u015bci Lp. Nazwa przedmiotu Prowadz\u0105cy Data egzaminu Godzina egzaminu Ulica\/nr sali 1. Ekonomia dr prof.&nbsp; B. \u015alusarczyk, prof. PANS 20.02.2026 11.15 DM, s. 14 \u00a0ROK II, Produkcja i bezpiecze\u0144stwo \u017cywno\u015bci Lp. Nazwa przedmiotu Prowadz\u0105cy Data egzaminu Godzina egzaminu Ulica\/nr sali 1. Technologie produkcji zwierz\u0119cej [\u2026] <\/p>\n<div class=\"clear\"><\/div>\n<p><a class=\"more_link clearfix\" href=\"https:\/\/pans.krosno.pl\/pibz\/sesja-egzaminacyjna\/\" rel=\"nofollow\">Read More<\/a><\/p>\n","protected":false},"author":27,"featured_media":512,"parent":0,"menu_order":0,"comment_status":"closed","ping_status":"closed","template":"page-templates\/template-full-width.php","meta":{"ngg_post_thumbnail":0,"footnotes":""},"class_list":["post-17","page","type-page","status-publish","has-post-thumbnail","hentry"],"yoast_head":"<!-- This site is optimized with the Yoast SEO Premium plugin v27.3 (Yoast SEO v27.3) - https:\/\/yoast.com\/product\/yoast-seo-premium-wordpress\/ -->\n<title>Sesja egzaminacyjna - Ekonomika produkcji i bezpiecze\u0144stwo \u017cywno\u015bci PANS w Kro\u015bnie<\/title>\n<meta name=\"description\" content=\"Harmonogram poprawkowej zimowej sesji egzaminacyjnej\" \/>\n<meta name=\"robots\" content=\"index, follow, max-snippet:-1, max-image-preview:large, max-video-preview:-1\" \/>\n<link rel=\"canonical\" href=\"https:\/\/pans.krosno.pl\/pibz\/sesja-egzaminacyjna\/\" \/>\n<meta property=\"og:locale\" content=\"pl_PL\" \/>\n<meta property=\"og:type\" content=\"article\" \/>\n<meta property=\"og:title\" content=\"Sesja egzaminacyjna\" \/>\n<meta property=\"og:description\" content=\"Harmonogram poprawkowej zimowej sesji egzaminacyjnej\" \/>\n<meta property=\"og:url\" content=\"https:\/\/pans.krosno.pl\/pibz\/sesja-egzaminacyjna\/\" \/>\n<meta property=\"og:site_name\" content=\"Ekonomika produkcji i bezpiecze\u0144stwo \u017cywno\u015bci PANS w Kro\u015bnie\" \/>\n<meta property=\"article:modified_time\" content=\"2026-02-18T12:32:01+00:00\" \/>\n<meta property=\"og:image\" content=\"https:\/\/pans.krosno.pl\/pibz\/wp-content\/uploads\/sites\/35\/2020\/09\/board-2450236_1920.jpg\" \/>\n\t<meta property=\"og:image:width\" content=\"1920\" \/>\n\t<meta property=\"og:image:height\" content=\"1390\" \/>\n\t<meta property=\"og:image:type\" content=\"image\/jpeg\" \/>\n<meta name=\"twitter:card\" content=\"summary_large_image\" \/>\n<meta name=\"twitter:label1\" content=\"Szacowany czas czytania\" \/>\n\t<meta name=\"twitter:data1\" content=\"1 minuta\" \/>\n<script type=\"application\/ld+json\" class=\"yoast-schema-graph\">{\"@context\":\"https:\\\/\\\/schema.org\",\"@graph\":[{\"@type\":\"WebPage\",\"@id\":\"https:\\\/\\\/pans.krosno.pl\\\/pibz\\\/sesja-egzaminacyjna\\\/\",\"url\":\"https:\\\/\\\/pans.krosno.pl\\\/pibz\\\/sesja-egzaminacyjna\\\/\",\"name\":\"Sesja egzaminacyjna - Ekonomika produkcji i bezpiecze\u0144stwo \u017cywno\u015bci PANS w Kro\u015bnie\",\"isPartOf\":{\"@id\":\"https:\\\/\\\/pans.krosno.pl\\\/pibz\\\/#website\"},\"primaryImageOfPage\":{\"@id\":\"https:\\\/\\\/pans.krosno.pl\\\/pibz\\\/sesja-egzaminacyjna\\\/#primaryimage\"},\"image\":{\"@id\":\"https:\\\/\\\/pans.krosno.pl\\\/pibz\\\/sesja-egzaminacyjna\\\/#primaryimage\"},\"thumbnailUrl\":\"https:\\\/\\\/pans.krosno.pl\\\/pibz\\\/wp-content\\\/uploads\\\/sites\\\/35\\\/2020\\\/09\\\/board-2450236_1920.jpg\",\"datePublished\":\"2019-11-18T09:16:22+00:00\",\"dateModified\":\"2026-02-18T12:32:01+00:00\",\"description\":\"Harmonogram poprawkowej zimowej sesji egzaminacyjnej\",\"breadcrumb\":{\"@id\":\"https:\\\/\\\/pans.krosno.pl\\\/pibz\\\/sesja-egzaminacyjna\\\/#breadcrumb\"},\"inLanguage\":\"pl-PL\",\"potentialAction\":[{\"@type\":\"ReadAction\",\"target\":[\"https:\\\/\\\/pans.krosno.pl\\\/pibz\\\/sesja-egzaminacyjna\\\/\"]}]},{\"@type\":\"ImageObject\",\"inLanguage\":\"pl-PL\",\"@id\":\"https:\\\/\\\/pans.krosno.pl\\\/pibz\\\/sesja-egzaminacyjna\\\/#primaryimage\",\"url\":\"https:\\\/\\\/pans.krosno.pl\\\/pibz\\\/wp-content\\\/uploads\\\/sites\\\/35\\\/2020\\\/09\\\/board-2450236_1920.jpg\",\"contentUrl\":\"https:\\\/\\\/pans.krosno.pl\\\/pibz\\\/wp-content\\\/uploads\\\/sites\\\/35\\\/2020\\\/09\\\/board-2450236_1920.jpg\",\"width\":1920,\"height\":1390},{\"@type\":\"BreadcrumbList\",\"@id\":\"https:\\\/\\\/pans.krosno.pl\\\/pibz\\\/sesja-egzaminacyjna\\\/#breadcrumb\",\"itemListElement\":[{\"@type\":\"ListItem\",\"position\":1,\"name\":\"Strona g\u0142\u00f3wna\",\"item\":\"https:\\\/\\\/pans.krosno.pl\\\/pibz\\\/\"},{\"@type\":\"ListItem\",\"position\":2,\"name\":\"Sesja egzaminacyjna\"}]},{\"@type\":\"WebSite\",\"@id\":\"https:\\\/\\\/pans.krosno.pl\\\/pibz\\\/#website\",\"url\":\"https:\\\/\\\/pans.krosno.pl\\\/pibz\\\/\",\"name\":\"Ekonomika produkcji i bezpiecze\u0144stwo \u017cywno\u015bci PANS w Kro\u015bnie\",\"description\":\"Ekonomika produkcji i bezpiecze\u0144stwo \u017cywno\u015bci - Pa\u0144stwowa Akademia Nauk Stosowanych\",\"publisher\":{\"@id\":\"https:\\\/\\\/pans.krosno.pl\\\/pibz\\\/#organization\"},\"potentialAction\":[{\"@type\":\"SearchAction\",\"target\":{\"@type\":\"EntryPoint\",\"urlTemplate\":\"https:\\\/\\\/pans.krosno.pl\\\/pibz\\\/?s={search_term_string}\"},\"query-input\":{\"@type\":\"PropertyValueSpecification\",\"valueRequired\":true,\"valueName\":\"search_term_string\"}}],\"inLanguage\":\"pl-PL\"},{\"@type\":\"Organization\",\"@id\":\"https:\\\/\\\/pans.krosno.pl\\\/pibz\\\/#organization\",\"name\":\"Ekonomika produkcji i bezpiecze\u0144stwo \u017cywno\u015bci PANS w Kro\u015bnie\",\"url\":\"https:\\\/\\\/pans.krosno.pl\\\/pibz\\\/\",\"logo\":{\"@type\":\"ImageObject\",\"inLanguage\":\"pl-PL\",\"@id\":\"https:\\\/\\\/pans.krosno.pl\\\/pibz\\\/#\\\/schema\\\/logo\\\/image\\\/\",\"url\":\"https:\\\/\\\/pans.krosno.pl\\\/pibz\\\/wp-content\\\/uploads\\\/sites\\\/35\\\/2023\\\/01\\\/Logo-PANS-2022-pelne.png\",\"contentUrl\":\"https:\\\/\\\/pans.krosno.pl\\\/pibz\\\/wp-content\\\/uploads\\\/sites\\\/35\\\/2023\\\/01\\\/Logo-PANS-2022-pelne.png\",\"width\":3096,\"height\":696,\"caption\":\"Ekonomika produkcji i bezpiecze\u0144stwo \u017cywno\u015bci PANS w Kro\u015bnie\"},\"image\":{\"@id\":\"https:\\\/\\\/pans.krosno.pl\\\/pibz\\\/#\\\/schema\\\/logo\\\/image\\\/\"}}]}<\/script>\n<!-- \/ Yoast SEO Premium plugin. -->","yoast_head_json":{"title":"Sesja egzaminacyjna - Ekonomika produkcji i bezpiecze\u0144stwo \u017cywno\u015bci PANS w Kro\u015bnie","description":"Harmonogram poprawkowej zimowej sesji egzaminacyjnej","robots":{"index":"index","follow":"follow","max-snippet":"max-snippet:-1","max-image-preview":"max-image-preview:large","max-video-preview":"max-video-preview:-1"},"canonical":"https:\/\/pans.krosno.pl\/pibz\/sesja-egzaminacyjna\/","og_locale":"pl_PL","og_type":"article","og_title":"Sesja egzaminacyjna","og_description":"Harmonogram poprawkowej zimowej sesji egzaminacyjnej","og_url":"https:\/\/pans.krosno.pl\/pibz\/sesja-egzaminacyjna\/","og_site_name":"Ekonomika produkcji i bezpiecze\u0144stwo \u017cywno\u015bci PANS w Kro\u015bnie","article_modified_time":"2026-02-18T12:32:01+00:00","og_image":[{"width":1920,"height":1390,"url":"https:\/\/pans.krosno.pl\/pibz\/wp-content\/uploads\/sites\/35\/2020\/09\/board-2450236_1920.jpg","type":"image\/jpeg"}],"twitter_card":"summary_large_image","twitter_misc":{"Szacowany czas czytania":"1 minuta"},"schema":{"@context":"https:\/\/schema.org","@graph":[{"@type":"WebPage","@id":"https:\/\/pans.krosno.pl\/pibz\/sesja-egzaminacyjna\/","url":"https:\/\/pans.krosno.pl\/pibz\/sesja-egzaminacyjna\/","name":"Sesja egzaminacyjna - Ekonomika produkcji i bezpiecze\u0144stwo \u017cywno\u015bci PANS w Kro\u015bnie","isPartOf":{"@id":"https:\/\/pans.krosno.pl\/pibz\/#website"},"primaryImageOfPage":{"@id":"https:\/\/pans.krosno.pl\/pibz\/sesja-egzaminacyjna\/#primaryimage"},"image":{"@id":"https:\/\/pans.krosno.pl\/pibz\/sesja-egzaminacyjna\/#primaryimage"},"thumbnailUrl":"https:\/\/pans.krosno.pl\/pibz\/wp-content\/uploads\/sites\/35\/2020\/09\/board-2450236_1920.jpg","datePublished":"2019-11-18T09:16:22+00:00","dateModified":"2026-02-18T12:32:01+00:00","description":"Harmonogram poprawkowej zimowej sesji egzaminacyjnej","breadcrumb":{"@id":"https:\/\/pans.krosno.pl\/pibz\/sesja-egzaminacyjna\/#breadcrumb"},"inLanguage":"pl-PL","potentialAction":[{"@type":"ReadAction","target":["https:\/\/pans.krosno.pl\/pibz\/sesja-egzaminacyjna\/"]}]},{"@type":"ImageObject","inLanguage":"pl-PL","@id":"https:\/\/pans.krosno.pl\/pibz\/sesja-egzaminacyjna\/#primaryimage","url":"https:\/\/pans.krosno.pl\/pibz\/wp-content\/uploads\/sites\/35\/2020\/09\/board-2450236_1920.jpg","contentUrl":"https:\/\/pans.krosno.pl\/pibz\/wp-content\/uploads\/sites\/35\/2020\/09\/board-2450236_1920.jpg","width":1920,"height":1390},{"@type":"BreadcrumbList","@id":"https:\/\/pans.krosno.pl\/pibz\/sesja-egzaminacyjna\/#breadcrumb","itemListElement":[{"@type":"ListItem","position":1,"name":"Strona g\u0142\u00f3wna","item":"https:\/\/pans.krosno.pl\/pibz\/"},{"@type":"ListItem","position":2,"name":"Sesja egzaminacyjna"}]},{"@type":"WebSite","@id":"https:\/\/pans.krosno.pl\/pibz\/#website","url":"https:\/\/pans.krosno.pl\/pibz\/","name":"Ekonomika produkcji i bezpiecze\u0144stwo \u017cywno\u015bci PANS w Kro\u015bnie","description":"Ekonomika produkcji i bezpiecze\u0144stwo \u017cywno\u015bci - Pa\u0144stwowa Akademia Nauk Stosowanych","publisher":{"@id":"https:\/\/pans.krosno.pl\/pibz\/#organization"},"potentialAction":[{"@type":"SearchAction","target":{"@type":"EntryPoint","urlTemplate":"https:\/\/pans.krosno.pl\/pibz\/?s={search_term_string}"},"query-input":{"@type":"PropertyValueSpecification","valueRequired":true,"valueName":"search_term_string"}}],"inLanguage":"pl-PL"},{"@type":"Organization","@id":"https:\/\/pans.krosno.pl\/pibz\/#organization","name":"Ekonomika produkcji i bezpiecze\u0144stwo \u017cywno\u015bci PANS w Kro\u015bnie","url":"https:\/\/pans.krosno.pl\/pibz\/","logo":{"@type":"ImageObject","inLanguage":"pl-PL","@id":"https:\/\/pans.krosno.pl\/pibz\/#\/schema\/logo\/image\/","url":"https:\/\/pans.krosno.pl\/pibz\/wp-content\/uploads\/sites\/35\/2023\/01\/Logo-PANS-2022-pelne.png","contentUrl":"https:\/\/pans.krosno.pl\/pibz\/wp-content\/uploads\/sites\/35\/2023\/01\/Logo-PANS-2022-pelne.png","width":3096,"height":696,"caption":"Ekonomika produkcji i bezpiecze\u0144stwo \u017cywno\u015bci PANS w Kro\u015bnie"},"image":{"@id":"https:\/\/pans.krosno.pl\/pibz\/#\/schema\/logo\/image\/"}}]}},"_links":{"self":[{"href":"https:\/\/pans.krosno.pl\/pibz\/wp-json\/wp\/v2\/pages\/17","targetHints":{"allow":["GET"]}}],"collection":[{"href":"https:\/\/pans.krosno.pl\/pibz\/wp-json\/wp\/v2\/pages"}],"about":[{"href":"https:\/\/pans.krosno.pl\/pibz\/wp-json\/wp\/v2\/types\/page"}],"author":[{"embeddable":true,"href":"https:\/\/pans.krosno.pl\/pibz\/wp-json\/wp\/v2\/users\/27"}],"replies":[{"embeddable":true,"href":"https:\/\/pans.krosno.pl\/pibz\/wp-json\/wp\/v2\/comments?post=17"}],"version-history":[{"count":38,"href":"https:\/\/pans.krosno.pl\/pibz\/wp-json\/wp\/v2\/pages\/17\/revisions"}],"predecessor-version":[{"id":4883,"href":"https:\/\/pans.krosno.pl\/pibz\/wp-json\/wp\/v2\/pages\/17\/revisions\/4883"}],"wp:featuredmedia":[{"embeddable":true,"href":"https:\/\/pans.krosno.pl\/pibz\/wp-json\/wp\/v2\/media\/512"}],"wp:attachment":[{"href":"https:\/\/pans.krosno.pl\/pibz\/wp-json\/wp\/v2\/media?parent=17"}],"curies":[{"name":"wp","href":"https:\/\/api.w.org\/{rel}","templated":true}]}}