{"id":85,"date":"2019-10-31T12:32:18","date_gmt":"2019-10-31T11:32:18","guid":{"rendered":"https:\/\/pans.krosno.pl\/pedagogika\/?page_id=85"},"modified":"2026-01-21T14:12:29","modified_gmt":"2026-01-21T13:12:29","slug":"egzamin-dyplomowy","status":"publish","type":"page","link":"https:\/\/pans.krosno.pl\/pedagogika\/egzamin-dyplomowy\/","title":{"rendered":"Egzamin dyplomowy"},"content":{"rendered":"\n<div class=\"wp-block-file\"><a id=\"wp-block-file--media-d62eb36b-c808-4668-b3f4-1d0617b45226\" href=\"https:\/\/pans.krosno.pl\/pedagogika\/wp-content\/uploads\/sites\/7\/2021\/02\/ogolne_wytyczne_do_egzaminu_dyplomowego.docx\">Og\u00f3lne wytyczne do egzaminu dyplomowego<\/a><a href=\"https:\/\/pans.krosno.pl\/pedagogika\/wp-content\/uploads\/sites\/7\/2021\/02\/ogolne_wytyczne_do_egzaminu_dyplomowego.docx\" class=\"wp-block-file__button wp-element-button\" download aria-describedby=\"wp-block-file--media-d62eb36b-c808-4668-b3f4-1d0617b45226\">Pobierz<\/a><\/div>\n\n\n\n<p><\/p>\n\n\n\n<div class=\"wp-block-file\"><a id=\"wp-block-file--media-f4221da8-dd58-4d3f-8e7c-ce10cebfbb2a\" href=\"https:\/\/pans.krosno.pl\/pedagogika\/wp-content\/uploads\/sites\/7\/2025\/03\/Pytania_egzamin_dyplomowy_ppiw.docx\">Pytania_egzamin_dyplomowy_ppiw<\/a><a href=\"https:\/\/pans.krosno.pl\/pedagogika\/wp-content\/uploads\/sites\/7\/2025\/03\/Pytania_egzamin_dyplomowy_ppiw.docx\" class=\"wp-block-file__button wp-element-button\" download aria-describedby=\"wp-block-file--media-f4221da8-dd58-4d3f-8e7c-ce10cebfbb2a\">Pobierz<\/a><\/div>\n\n\n\n<div class=\"wp-block-file\"><a id=\"wp-block-file--media-ab8f3eb9-63d9-4cc6-a18f-b73927253f77\" href=\"https:\/\/pans.krosno.pl\/pedagogika\/wp-content\/uploads\/sites\/7\/2025\/05\/pedagogika_obrony_2024_2025.docx\">Terminarz egzaminu dyplomowego 2024\/2025<\/a><a href=\"https:\/\/pans.krosno.pl\/pedagogika\/wp-content\/uploads\/sites\/7\/2025\/05\/pedagogika_obrony_2024_2025.docx\" class=\"wp-block-file__button wp-element-button\" download aria-describedby=\"wp-block-file--media-ab8f3eb9-63d9-4cc6-a18f-b73927253f77\">Pobierz<\/a><\/div>\n\n\n\n<div class=\"wp-block-file\"><a id=\"wp-block-file--media-74799acf-ef1c-4f1f-8d68-355915c8e230\" href=\"https:\/\/pans.krosno.pl\/pedagogika\/wp-content\/uploads\/sites\/7\/2021\/02\/pedagogika_pytania_do_egzaminu_dyplomowego.docx\">Pedagogika &#8211; pytania do egzaminu dyplomowego<\/a><a href=\"https:\/\/pans.krosno.pl\/pedagogika\/wp-content\/uploads\/sites\/7\/2021\/02\/pedagogika_pytania_do_egzaminu_dyplomowego.docx\" class=\"wp-block-file__button wp-element-button\" download aria-describedby=\"wp-block-file--media-74799acf-ef1c-4f1f-8d68-355915c8e230\">Pobierz<\/a><\/div>\n\n\n\n<p>LINK\u2014\u2013&gt; <a href=\"https:\/\/pans.krosno.pl\/instytut-humanistyczny\/egzaminy-dyplomowe\/\">Informacje o pracy dyplomowej<\/a><\/p>\n\n\n\n<p>Celem procedury jest okre\u015blenie zasad przygotowania i opracowania pracy dyplomowej w Karpackiej Pa\u0144stwowej Uczelni w Kro\u015bnie. Procedura stanowi opis procesu dyplomowania, w formie regulaminu dyplomowania, student\u00f3w realizuj\u0105cych studia pierwszego stopnia w formie stacjonarnej i niestacjonarnej w Karpackiej Pa\u0144stwowej Uczelni w Kro\u015bnie.<\/p>\n\n\n\n<div class=\"wp-block-file\"><a id=\"wp-block-file--media-937c4300-f7e3-4575-b31f-09952e3f6b8d\" href=\"https:\/\/pans.krosno.pl\/pedagogika\/wp-content\/uploads\/sites\/7\/2023\/03\/1-procedura-WSZJK-i-Ksiega-Procedur-wydanie-4.pdf\">1-procedura-WSZJK-i-Ksiega-Procedur-wydanie-4<\/a><a href=\"https:\/\/pans.krosno.pl\/pedagogika\/wp-content\/uploads\/sites\/7\/2023\/03\/1-procedura-WSZJK-i-Ksiega-Procedur-wydanie-4.pdf\" class=\"wp-block-file__button wp-element-button\" download aria-describedby=\"wp-block-file--media-937c4300-f7e3-4575-b31f-09952e3f6b8d\">Pobierz<\/a><\/div>\n\n\n\n<p><\/p>\n\n\n\n<p><\/p>\n","protected":false},"excerpt":{"rendered":"<p>LINK\u2014\u2013&gt; Informacje o pracy dyplomowej Celem procedury jest okre\u015blenie zasad przygotowania i opracowania pracy dyplomowej w Karpackiej Pa\u0144stwowej Uczelni w Kro\u015bnie. Procedura stanowi opis procesu dyplomowania, w formie regulaminu dyplomowania, student\u00f3w realizuj\u0105cych studia pierwszego stopnia w formie stacjonarnej i niestacjonarnej w Karpackiej Pa\u0144stwowej Uczelni w Kro\u015bnie.<\/p>\n","protected":false},"author":27,"featured_media":0,"parent":0,"menu_order":0,"comment_status":"closed","ping_status":"closed","template":"page-templates\/template-full-width.php","meta":{"ngg_post_thumbnail":0,"footnotes":""},"class_list":["post-85","page","type-page","status-publish","hentry"],"yoast_head":"<!-- This site is optimized with the Yoast SEO Premium plugin v27.3 (Yoast SEO v27.3) - https:\/\/yoast.com\/product\/yoast-seo-premium-wordpress\/ -->\n<title>Egzamin dyplomowy - Pedagogika PANS w Kro\u015bnie<\/title>\n<meta name=\"description\" content=\"Pedagogika PANS w Kro\u015bnie - Egzamin dyplomowy\" \/>\n<meta name=\"robots\" content=\"index, follow, max-snippet:-1, max-image-preview:large, max-video-preview:-1\" \/>\n<link rel=\"canonical\" href=\"https:\/\/pans.krosno.pl\/pedagogika\/egzamin-dyplomowy\/\" \/>\n<meta property=\"og:locale\" content=\"pl_PL\" \/>\n<meta property=\"og:type\" content=\"article\" \/>\n<meta property=\"og:title\" content=\"Egzamin dyplomowy\" \/>\n<meta property=\"og:description\" content=\"Pedagogika PANS w Kro\u015bnie - Egzamin dyplomowy\" \/>\n<meta property=\"og:url\" content=\"https:\/\/pans.krosno.pl\/pedagogika\/egzamin-dyplomowy\/\" \/>\n<meta property=\"og:site_name\" content=\"Pedagogika PANS w Kro\u015bnie\" \/>\n<meta property=\"article:modified_time\" content=\"2026-01-21T13:12:29+00:00\" \/>\n<meta name=\"twitter:card\" content=\"summary_large_image\" \/>\n<meta name=\"twitter:label1\" content=\"Szacowany czas czytania\" \/>\n\t<meta name=\"twitter:data1\" content=\"1 minuta\" \/>\n<script type=\"application\/ld+json\" class=\"yoast-schema-graph\">{\"@context\":\"https:\\\/\\\/schema.org\",\"@graph\":[{\"@type\":\"WebPage\",\"@id\":\"https:\\\/\\\/pans.krosno.pl\\\/pedagogika\\\/egzamin-dyplomowy\\\/\",\"url\":\"https:\\\/\\\/pans.krosno.pl\\\/pedagogika\\\/egzamin-dyplomowy\\\/\",\"name\":\"Egzamin dyplomowy - Pedagogika PANS w Kro\u015bnie\",\"isPartOf\":{\"@id\":\"https:\\\/\\\/pans.krosno.pl\\\/pedagogika\\\/#website\"},\"datePublished\":\"2019-10-31T11:32:18+00:00\",\"dateModified\":\"2026-01-21T13:12:29+00:00\",\"description\":\"Pedagogika PANS w Kro\u015bnie - Egzamin dyplomowy\",\"breadcrumb\":{\"@id\":\"https:\\\/\\\/pans.krosno.pl\\\/pedagogika\\\/egzamin-dyplomowy\\\/#breadcrumb\"},\"inLanguage\":\"pl-PL\",\"potentialAction\":[{\"@type\":\"ReadAction\",\"target\":[\"https:\\\/\\\/pans.krosno.pl\\\/pedagogika\\\/egzamin-dyplomowy\\\/\"]}]},{\"@type\":\"BreadcrumbList\",\"@id\":\"https:\\\/\\\/pans.krosno.pl\\\/pedagogika\\\/egzamin-dyplomowy\\\/#breadcrumb\",\"itemListElement\":[{\"@type\":\"ListItem\",\"position\":1,\"name\":\"Strona g\u0142\u00f3wna\",\"item\":\"https:\\\/\\\/pans.krosno.pl\\\/pedagogika\\\/\"},{\"@type\":\"ListItem\",\"position\":2,\"name\":\"Egzamin dyplomowy\"}]},{\"@type\":\"WebSite\",\"@id\":\"https:\\\/\\\/pans.krosno.pl\\\/pedagogika\\\/#website\",\"url\":\"https:\\\/\\\/pans.krosno.pl\\\/pedagogika\\\/\",\"name\":\"Pedagogika PANS w Kro\u015bnie\",\"description\":\"Pedagogika - Pa\u0144stwowa Akademia Nauk Stosowanych\",\"publisher\":{\"@id\":\"https:\\\/\\\/pans.krosno.pl\\\/pedagogika\\\/#organization\"},\"potentialAction\":[{\"@type\":\"SearchAction\",\"target\":{\"@type\":\"EntryPoint\",\"urlTemplate\":\"https:\\\/\\\/pans.krosno.pl\\\/pedagogika\\\/?s={search_term_string}\"},\"query-input\":{\"@type\":\"PropertyValueSpecification\",\"valueRequired\":true,\"valueName\":\"search_term_string\"}}],\"inLanguage\":\"pl-PL\"},{\"@type\":\"Organization\",\"@id\":\"https:\\\/\\\/pans.krosno.pl\\\/pedagogika\\\/#organization\",\"name\":\"Pedagogika PANS w Kro\u015bnie\",\"url\":\"https:\\\/\\\/pans.krosno.pl\\\/pedagogika\\\/\",\"logo\":{\"@type\":\"ImageObject\",\"inLanguage\":\"pl-PL\",\"@id\":\"https:\\\/\\\/pans.krosno.pl\\\/pedagogika\\\/#\\\/schema\\\/logo\\\/image\\\/\",\"url\":\"https:\\\/\\\/pans.krosno.pl\\\/pedagogika\\\/wp-content\\\/uploads\\\/sites\\\/7\\\/2023\\\/01\\\/Logo-PANS-2022-pelne.png\",\"contentUrl\":\"https:\\\/\\\/pans.krosno.pl\\\/pedagogika\\\/wp-content\\\/uploads\\\/sites\\\/7\\\/2023\\\/01\\\/Logo-PANS-2022-pelne.png\",\"width\":3096,\"height\":696,\"caption\":\"Pedagogika PANS w Kro\u015bnie\"},\"image\":{\"@id\":\"https:\\\/\\\/pans.krosno.pl\\\/pedagogika\\\/#\\\/schema\\\/logo\\\/image\\\/\"}}]}<\/script>\n<!-- \/ Yoast SEO Premium plugin. -->","yoast_head_json":{"title":"Egzamin dyplomowy - Pedagogika PANS w Kro\u015bnie","description":"Pedagogika PANS w Kro\u015bnie - Egzamin dyplomowy","robots":{"index":"index","follow":"follow","max-snippet":"max-snippet:-1","max-image-preview":"max-image-preview:large","max-video-preview":"max-video-preview:-1"},"canonical":"https:\/\/pans.krosno.pl\/pedagogika\/egzamin-dyplomowy\/","og_locale":"pl_PL","og_type":"article","og_title":"Egzamin dyplomowy","og_description":"Pedagogika PANS w Kro\u015bnie - Egzamin dyplomowy","og_url":"https:\/\/pans.krosno.pl\/pedagogika\/egzamin-dyplomowy\/","og_site_name":"Pedagogika PANS w Kro\u015bnie","article_modified_time":"2026-01-21T13:12:29+00:00","twitter_card":"summary_large_image","twitter_misc":{"Szacowany czas czytania":"1 minuta"},"schema":{"@context":"https:\/\/schema.org","@graph":[{"@type":"WebPage","@id":"https:\/\/pans.krosno.pl\/pedagogika\/egzamin-dyplomowy\/","url":"https:\/\/pans.krosno.pl\/pedagogika\/egzamin-dyplomowy\/","name":"Egzamin dyplomowy - Pedagogika PANS w Kro\u015bnie","isPartOf":{"@id":"https:\/\/pans.krosno.pl\/pedagogika\/#website"},"datePublished":"2019-10-31T11:32:18+00:00","dateModified":"2026-01-21T13:12:29+00:00","description":"Pedagogika PANS w Kro\u015bnie - Egzamin dyplomowy","breadcrumb":{"@id":"https:\/\/pans.krosno.pl\/pedagogika\/egzamin-dyplomowy\/#breadcrumb"},"inLanguage":"pl-PL","potentialAction":[{"@type":"ReadAction","target":["https:\/\/pans.krosno.pl\/pedagogika\/egzamin-dyplomowy\/"]}]},{"@type":"BreadcrumbList","@id":"https:\/\/pans.krosno.pl\/pedagogika\/egzamin-dyplomowy\/#breadcrumb","itemListElement":[{"@type":"ListItem","position":1,"name":"Strona g\u0142\u00f3wna","item":"https:\/\/pans.krosno.pl\/pedagogika\/"},{"@type":"ListItem","position":2,"name":"Egzamin dyplomowy"}]},{"@type":"WebSite","@id":"https:\/\/pans.krosno.pl\/pedagogika\/#website","url":"https:\/\/pans.krosno.pl\/pedagogika\/","name":"Pedagogika PANS w Kro\u015bnie","description":"Pedagogika - Pa\u0144stwowa Akademia Nauk Stosowanych","publisher":{"@id":"https:\/\/pans.krosno.pl\/pedagogika\/#organization"},"potentialAction":[{"@type":"SearchAction","target":{"@type":"EntryPoint","urlTemplate":"https:\/\/pans.krosno.pl\/pedagogika\/?s={search_term_string}"},"query-input":{"@type":"PropertyValueSpecification","valueRequired":true,"valueName":"search_term_string"}}],"inLanguage":"pl-PL"},{"@type":"Organization","@id":"https:\/\/pans.krosno.pl\/pedagogika\/#organization","name":"Pedagogika PANS w Kro\u015bnie","url":"https:\/\/pans.krosno.pl\/pedagogika\/","logo":{"@type":"ImageObject","inLanguage":"pl-PL","@id":"https:\/\/pans.krosno.pl\/pedagogika\/#\/schema\/logo\/image\/","url":"https:\/\/pans.krosno.pl\/pedagogika\/wp-content\/uploads\/sites\/7\/2023\/01\/Logo-PANS-2022-pelne.png","contentUrl":"https:\/\/pans.krosno.pl\/pedagogika\/wp-content\/uploads\/sites\/7\/2023\/01\/Logo-PANS-2022-pelne.png","width":3096,"height":696,"caption":"Pedagogika PANS w Kro\u015bnie"},"image":{"@id":"https:\/\/pans.krosno.pl\/pedagogika\/#\/schema\/logo\/image\/"}}]}},"_links":{"self":[{"href":"https:\/\/pans.krosno.pl\/pedagogika\/wp-json\/wp\/v2\/pages\/85","targetHints":{"allow":["GET"]}}],"collection":[{"href":"https:\/\/pans.krosno.pl\/pedagogika\/wp-json\/wp\/v2\/pages"}],"about":[{"href":"https:\/\/pans.krosno.pl\/pedagogika\/wp-json\/wp\/v2\/types\/page"}],"author":[{"embeddable":true,"href":"https:\/\/pans.krosno.pl\/pedagogika\/wp-json\/wp\/v2\/users\/27"}],"replies":[{"embeddable":true,"href":"https:\/\/pans.krosno.pl\/pedagogika\/wp-json\/wp\/v2\/comments?post=85"}],"version-history":[{"count":15,"href":"https:\/\/pans.krosno.pl\/pedagogika\/wp-json\/wp\/v2\/pages\/85\/revisions"}],"predecessor-version":[{"id":6045,"href":"https:\/\/pans.krosno.pl\/pedagogika\/wp-json\/wp\/v2\/pages\/85\/revisions\/6045"}],"wp:attachment":[{"href":"https:\/\/pans.krosno.pl\/pedagogika\/wp-json\/wp\/v2\/media?parent=85"}],"curies":[{"name":"wp","href":"https:\/\/api.w.org\/{rel}","templated":true}]}}