{"id":121,"date":"2020-03-27T23:25:34","date_gmt":"2020-03-27T22:25:34","guid":{"rendered":"https:\/\/pans.krosno.pl\/pedagogika\/?page_id=121"},"modified":"2026-03-18T13:27:50","modified_gmt":"2026-03-18T12:27:50","slug":"harmonogram-zajec","status":"publish","type":"page","link":"https:\/\/pans.krosno.pl\/pedagogika\/harmonogram-zajec\/","title":{"rendered":"Harmonogram zaj\u0119\u0107"},"content":{"rendered":"\n\n\n<div class=\"wp-block-file\"><a id=\"wp-block-file--media-f2a75a0c-5b91-423e-a33c-ab8796b6e96e\" href=\"https:\/\/pans.krosno.pl\/pedagogika\/wp-content\/uploads\/sites\/7\/2026\/03\/HARMONOGRAM-Pedagogika_letni_25_26-3.xls\">HARMONOGRAM Pedagogika_letni_25_26<\/a><a href=\"https:\/\/pans.krosno.pl\/pedagogika\/wp-content\/uploads\/sites\/7\/2026\/03\/HARMONOGRAM-Pedagogika_letni_25_26-3.xls\" class=\"wp-block-file__button wp-element-button\" download aria-describedby=\"wp-block-file--media-f2a75a0c-5b91-423e-a33c-ab8796b6e96e\">Pobierz<\/a><\/div>\n\n\n\n<p>Harmonogram zaj\u0119\u0107 I rok Pedagogika<\/p>\n\n\n\n<p><a href=\"https:\/\/usos.kpu.krosno.pl\/kontroler.php?_action=katalog2\/przedmioty\/pokazPlanGrupyPrzedmiotow&amp;grupa_kod=PED-S-PSO-25-S2&amp;cdyd_kod=2025L&amp;plan_format=html&amp;plan_showStartTime=1&amp;plan_showEndTime=1&amp;plan_showTypeShort=0&amp;plan_showTypeFull=1&amp;plan_showGroupNumber=1&amp;plan_showCourseName=1&amp;plan_showCourseCode=0&amp;plan_showRoom=1&amp;plan_showBuildingCode=1&amp;plan_showLecturers=1&amp;plan_overridePrintWidth=1&amp;plan_colorScheme=default\">Harmonogram<\/a><\/p>\n\n\n\n<p>Harmonogram zaj\u0119\u0107 II rok Pedagogika<\/p>\n\n\n\n<p><a href=\"https:\/\/usos.kpu.krosno.pl\/kontroler.php?_action=katalog2\/przedmioty\/pokazPlanGrupyPrzedmiotow&amp;grupa_kod=PED-S-PSO-24-S4&amp;cdyd_kod=2025L&amp;plan_format=html&amp;plan_showStartTime=1&amp;plan_showEndTime=1&amp;plan_showTypeShort=0&amp;plan_showTypeFull=1&amp;plan_showGroupNumber=1&amp;plan_showCourseName=1&amp;plan_showCourseCode=0&amp;plan_showRoom=1&amp;plan_showBuildingCode=0&amp;plan_showLecturers=1&amp;plan_overridePrintWidth=1&amp;plan_colorScheme=default\">Harmonogram<\/a><\/p>\n\n\n\n<p>Harmonogram zaj\u0119\u0107 III rok Pedagogika<\/p>\n\n\n\n<p><a href=\"https:\/\/usos.kpu.krosno.pl\/kontroler.php?_action=katalog2\/przedmioty\/pokazPlanGrupyPrzedmiotow&amp;grupa_kod=PED-S-PSO-23-S6&amp;cdyd_kod=2025L&amp;plan_format=html&amp;plan_showStartTime=1&amp;plan_showEndTime=1&amp;plan_showTypeShort=0&amp;plan_showTypeFull=1&amp;plan_showGroupNumber=1&amp;plan_showCourseName=1&amp;plan_showCourseCode=0&amp;plan_showRoom=1&amp;plan_showBuildingCode=0&amp;plan_showLecturers=1&amp;plan_overridePrintWidth=1&amp;plan_colorScheme=default\">Harmonogram<\/a><\/p>\n\n\n\n<p>Harmonogram zaj\u0119\u0107 I rok PPiW<\/p>\n\n\n\n<p><a href=\"https:\/\/usos.kpu.krosno.pl\/kontroler.php?_action=katalog2\/przedmioty\/pokazPlanGrupyPrzedmiotow&amp;grupa_kod=PED-S-jm-25-S2&amp;cdyd_kod=2025L&amp;plan_format=html&amp;plan_showStartTime=1&amp;plan_showEndTime=1&amp;plan_showTypeShort=0&amp;plan_showTypeFull=1&amp;plan_showGroupNumber=1&amp;plan_showCourseName=1&amp;plan_showCourseCode=0&amp;plan_showRoom=1&amp;plan_showBuildingCode=0&amp;plan_showLecturers=1&amp;plan_overridePrintWidth=1&amp;plan_colorScheme=default\">Harmonogram<\/a><\/p>\n\n\n\n<p>Harmonogram zaj\u0119\u0107 IV rok PPiW<\/p>\n\n\n\n<p><a href=\"https:\/\/usos.kpu.krosno.pl\/kontroler.php?_action=katalog2\/przedmioty\/pokazPlanGrupyPrzedmiotow&amp;grupa_kod=PED-S-jm-22-S8&amp;cdyd_kod=2025L&amp;plan_format=html&amp;plan_showStartTime=1&amp;plan_showEndTime=1&amp;plan_showTypeShort=0&amp;plan_showTypeFull=1&amp;plan_showGroupNumber=1&amp;plan_showCourseName=1&amp;plan_showCourseCode=0&amp;plan_showRoom=1&amp;plan_showBuildingCode=0&amp;plan_showLecturers=1&amp;plan_overridePrintWidth=1&amp;plan_colorScheme=default\">Harmonogram<\/a><\/p>\n\n\n\n<p><\/p>\n\n\n\n<p><\/p>\n","protected":false},"excerpt":{"rendered":"<p>Harmonogram zaj\u0119\u0107 I rok Pedagogika Harmonogram Harmonogram zaj\u0119\u0107 II rok Pedagogika Harmonogram Harmonogram zaj\u0119\u0107 III rok Pedagogika Harmonogram Harmonogram zaj\u0119\u0107 I rok PPiW Harmonogram Harmonogram zaj\u0119\u0107 IV rok PPiW Harmonogram<\/p>\n","protected":false},"author":27,"featured_media":0,"parent":0,"menu_order":0,"comment_status":"closed","ping_status":"closed","template":"page-templates\/template-full-width.php","meta":{"ngg_post_thumbnail":0,"footnotes":""},"class_list":["post-121","page","type-page","status-publish","hentry"],"yoast_head":"<!-- This site is optimized with the Yoast SEO Premium plugin v27.3 (Yoast SEO v27.3) - https:\/\/yoast.com\/product\/yoast-seo-premium-wordpress\/ -->\n<title>Harmonogram zaj\u0119\u0107 - Pedagogika PANS w Kro\u015bnie<\/title>\n<meta name=\"description\" content=\"Harmonogram zaj\u0119\u0107 Pedagogika KPU w Kro\u015bnie Pedagogika PANS w Kro\u015bnie Harmonogram zaj\u0119\u0107\" \/>\n<meta name=\"robots\" content=\"index, follow, max-snippet:-1, max-image-preview:large, max-video-preview:-1\" \/>\n<link rel=\"canonical\" href=\"https:\/\/pans.krosno.pl\/pedagogika\/harmonogram-zajec\/\" \/>\n<meta property=\"og:locale\" content=\"pl_PL\" \/>\n<meta property=\"og:type\" content=\"article\" \/>\n<meta property=\"og:title\" content=\"Harmonogram zaj\u0119\u0107\" \/>\n<meta property=\"og:description\" content=\"Harmonogram zaj\u0119\u0107 Pedagogika KPU w Kro\u015bnie Pedagogika PANS w Kro\u015bnie Harmonogram zaj\u0119\u0107\" \/>\n<meta property=\"og:url\" content=\"https:\/\/pans.krosno.pl\/pedagogika\/harmonogram-zajec\/\" \/>\n<meta property=\"og:site_name\" content=\"Pedagogika PANS w Kro\u015bnie\" \/>\n<meta property=\"article:modified_time\" content=\"2026-03-18T12:27:50+00:00\" \/>\n<meta name=\"twitter:card\" content=\"summary_large_image\" \/>\n<meta name=\"twitter:label1\" content=\"Szacowany czas czytania\" \/>\n\t<meta name=\"twitter:data1\" content=\"1 minuta\" \/>\n<script type=\"application\/ld+json\" class=\"yoast-schema-graph\">{\"@context\":\"https:\\\/\\\/schema.org\",\"@graph\":[{\"@type\":\"WebPage\",\"@id\":\"https:\\\/\\\/pans.krosno.pl\\\/pedagogika\\\/harmonogram-zajec\\\/\",\"url\":\"https:\\\/\\\/pans.krosno.pl\\\/pedagogika\\\/harmonogram-zajec\\\/\",\"name\":\"Harmonogram zaj\u0119\u0107 - Pedagogika PANS w Kro\u015bnie\",\"isPartOf\":{\"@id\":\"https:\\\/\\\/pans.krosno.pl\\\/pedagogika\\\/#website\"},\"datePublished\":\"2020-03-27T22:25:34+00:00\",\"dateModified\":\"2026-03-18T12:27:50+00:00\",\"description\":\"Harmonogram zaj\u0119\u0107 Pedagogika KPU w Kro\u015bnie Pedagogika PANS w Kro\u015bnie Harmonogram zaj\u0119\u0107\",\"breadcrumb\":{\"@id\":\"https:\\\/\\\/pans.krosno.pl\\\/pedagogika\\\/harmonogram-zajec\\\/#breadcrumb\"},\"inLanguage\":\"pl-PL\",\"potentialAction\":[{\"@type\":\"ReadAction\",\"target\":[\"https:\\\/\\\/pans.krosno.pl\\\/pedagogika\\\/harmonogram-zajec\\\/\"]}]},{\"@type\":\"BreadcrumbList\",\"@id\":\"https:\\\/\\\/pans.krosno.pl\\\/pedagogika\\\/harmonogram-zajec\\\/#breadcrumb\",\"itemListElement\":[{\"@type\":\"ListItem\",\"position\":1,\"name\":\"Strona g\u0142\u00f3wna\",\"item\":\"https:\\\/\\\/pans.krosno.pl\\\/pedagogika\\\/\"},{\"@type\":\"ListItem\",\"position\":2,\"name\":\"Harmonogram zaj\u0119\u0107\"}]},{\"@type\":\"WebSite\",\"@id\":\"https:\\\/\\\/pans.krosno.pl\\\/pedagogika\\\/#website\",\"url\":\"https:\\\/\\\/pans.krosno.pl\\\/pedagogika\\\/\",\"name\":\"Pedagogika PANS w Kro\u015bnie\",\"description\":\"Pedagogika - Pa\u0144stwowa Akademia Nauk Stosowanych\",\"publisher\":{\"@id\":\"https:\\\/\\\/pans.krosno.pl\\\/pedagogika\\\/#organization\"},\"potentialAction\":[{\"@type\":\"SearchAction\",\"target\":{\"@type\":\"EntryPoint\",\"urlTemplate\":\"https:\\\/\\\/pans.krosno.pl\\\/pedagogika\\\/?s={search_term_string}\"},\"query-input\":{\"@type\":\"PropertyValueSpecification\",\"valueRequired\":true,\"valueName\":\"search_term_string\"}}],\"inLanguage\":\"pl-PL\"},{\"@type\":\"Organization\",\"@id\":\"https:\\\/\\\/pans.krosno.pl\\\/pedagogika\\\/#organization\",\"name\":\"Pedagogika PANS w Kro\u015bnie\",\"url\":\"https:\\\/\\\/pans.krosno.pl\\\/pedagogika\\\/\",\"logo\":{\"@type\":\"ImageObject\",\"inLanguage\":\"pl-PL\",\"@id\":\"https:\\\/\\\/pans.krosno.pl\\\/pedagogika\\\/#\\\/schema\\\/logo\\\/image\\\/\",\"url\":\"https:\\\/\\\/pans.krosno.pl\\\/pedagogika\\\/wp-content\\\/uploads\\\/sites\\\/7\\\/2023\\\/01\\\/Logo-PANS-2022-pelne.png\",\"contentUrl\":\"https:\\\/\\\/pans.krosno.pl\\\/pedagogika\\\/wp-content\\\/uploads\\\/sites\\\/7\\\/2023\\\/01\\\/Logo-PANS-2022-pelne.png\",\"width\":3096,\"height\":696,\"caption\":\"Pedagogika PANS w Kro\u015bnie\"},\"image\":{\"@id\":\"https:\\\/\\\/pans.krosno.pl\\\/pedagogika\\\/#\\\/schema\\\/logo\\\/image\\\/\"}}]}<\/script>\n<!-- \/ Yoast SEO Premium plugin. -->","yoast_head_json":{"title":"Harmonogram zaj\u0119\u0107 - Pedagogika PANS w Kro\u015bnie","description":"Harmonogram zaj\u0119\u0107 Pedagogika KPU w Kro\u015bnie Pedagogika PANS w Kro\u015bnie Harmonogram zaj\u0119\u0107","robots":{"index":"index","follow":"follow","max-snippet":"max-snippet:-1","max-image-preview":"max-image-preview:large","max-video-preview":"max-video-preview:-1"},"canonical":"https:\/\/pans.krosno.pl\/pedagogika\/harmonogram-zajec\/","og_locale":"pl_PL","og_type":"article","og_title":"Harmonogram zaj\u0119\u0107","og_description":"Harmonogram zaj\u0119\u0107 Pedagogika KPU w Kro\u015bnie Pedagogika PANS w Kro\u015bnie Harmonogram zaj\u0119\u0107","og_url":"https:\/\/pans.krosno.pl\/pedagogika\/harmonogram-zajec\/","og_site_name":"Pedagogika PANS w Kro\u015bnie","article_modified_time":"2026-03-18T12:27:50+00:00","twitter_card":"summary_large_image","twitter_misc":{"Szacowany czas czytania":"1 minuta"},"schema":{"@context":"https:\/\/schema.org","@graph":[{"@type":"WebPage","@id":"https:\/\/pans.krosno.pl\/pedagogika\/harmonogram-zajec\/","url":"https:\/\/pans.krosno.pl\/pedagogika\/harmonogram-zajec\/","name":"Harmonogram zaj\u0119\u0107 - Pedagogika PANS w Kro\u015bnie","isPartOf":{"@id":"https:\/\/pans.krosno.pl\/pedagogika\/#website"},"datePublished":"2020-03-27T22:25:34+00:00","dateModified":"2026-03-18T12:27:50+00:00","description":"Harmonogram zaj\u0119\u0107 Pedagogika KPU w Kro\u015bnie Pedagogika PANS w Kro\u015bnie Harmonogram zaj\u0119\u0107","breadcrumb":{"@id":"https:\/\/pans.krosno.pl\/pedagogika\/harmonogram-zajec\/#breadcrumb"},"inLanguage":"pl-PL","potentialAction":[{"@type":"ReadAction","target":["https:\/\/pans.krosno.pl\/pedagogika\/harmonogram-zajec\/"]}]},{"@type":"BreadcrumbList","@id":"https:\/\/pans.krosno.pl\/pedagogika\/harmonogram-zajec\/#breadcrumb","itemListElement":[{"@type":"ListItem","position":1,"name":"Strona g\u0142\u00f3wna","item":"https:\/\/pans.krosno.pl\/pedagogika\/"},{"@type":"ListItem","position":2,"name":"Harmonogram zaj\u0119\u0107"}]},{"@type":"WebSite","@id":"https:\/\/pans.krosno.pl\/pedagogika\/#website","url":"https:\/\/pans.krosno.pl\/pedagogika\/","name":"Pedagogika PANS w Kro\u015bnie","description":"Pedagogika - Pa\u0144stwowa Akademia Nauk Stosowanych","publisher":{"@id":"https:\/\/pans.krosno.pl\/pedagogika\/#organization"},"potentialAction":[{"@type":"SearchAction","target":{"@type":"EntryPoint","urlTemplate":"https:\/\/pans.krosno.pl\/pedagogika\/?s={search_term_string}"},"query-input":{"@type":"PropertyValueSpecification","valueRequired":true,"valueName":"search_term_string"}}],"inLanguage":"pl-PL"},{"@type":"Organization","@id":"https:\/\/pans.krosno.pl\/pedagogika\/#organization","name":"Pedagogika PANS w Kro\u015bnie","url":"https:\/\/pans.krosno.pl\/pedagogika\/","logo":{"@type":"ImageObject","inLanguage":"pl-PL","@id":"https:\/\/pans.krosno.pl\/pedagogika\/#\/schema\/logo\/image\/","url":"https:\/\/pans.krosno.pl\/pedagogika\/wp-content\/uploads\/sites\/7\/2023\/01\/Logo-PANS-2022-pelne.png","contentUrl":"https:\/\/pans.krosno.pl\/pedagogika\/wp-content\/uploads\/sites\/7\/2023\/01\/Logo-PANS-2022-pelne.png","width":3096,"height":696,"caption":"Pedagogika PANS w Kro\u015bnie"},"image":{"@id":"https:\/\/pans.krosno.pl\/pedagogika\/#\/schema\/logo\/image\/"}}]}},"_links":{"self":[{"href":"https:\/\/pans.krosno.pl\/pedagogika\/wp-json\/wp\/v2\/pages\/121","targetHints":{"allow":["GET"]}}],"collection":[{"href":"https:\/\/pans.krosno.pl\/pedagogika\/wp-json\/wp\/v2\/pages"}],"about":[{"href":"https:\/\/pans.krosno.pl\/pedagogika\/wp-json\/wp\/v2\/types\/page"}],"author":[{"embeddable":true,"href":"https:\/\/pans.krosno.pl\/pedagogika\/wp-json\/wp\/v2\/users\/27"}],"replies":[{"embeddable":true,"href":"https:\/\/pans.krosno.pl\/pedagogika\/wp-json\/wp\/v2\/comments?post=121"}],"version-history":[{"count":183,"href":"https:\/\/pans.krosno.pl\/pedagogika\/wp-json\/wp\/v2\/pages\/121\/revisions"}],"predecessor-version":[{"id":6144,"href":"https:\/\/pans.krosno.pl\/pedagogika\/wp-json\/wp\/v2\/pages\/121\/revisions\/6144"}],"wp:attachment":[{"href":"https:\/\/pans.krosno.pl\/pedagogika\/wp-json\/wp\/v2\/media?parent=121"}],"curies":[{"name":"wp","href":"https:\/\/api.w.org\/{rel}","templated":true}]}}