{"id":119,"date":"2020-03-27T23:25:34","date_gmt":"2020-03-27T22:25:34","guid":{"rendered":"https:\/\/pans.krosno.pl\/pedagogika\/?page_id=119"},"modified":"2025-06-02T10:58:39","modified_gmt":"2025-06-02T08:58:39","slug":"pracownicy","status":"publish","type":"page","link":"https:\/\/pans.krosno.pl\/pedagogika\/pracownicy\/","title":{"rendered":"Pracownicy"},"content":{"rendered":"<h3><strong>KADRA&nbsp;NAUKOWA&nbsp;ZAK\u0141ADU&nbsp;PEDAGOGIKI<\/strong><\/h3>\n<p>&nbsp;<\/p>\n<p>Prof.&nbsp; dr hab. Bo\u017cena Muchacka<\/p>\n<p><a href=\"https:\/\/pans.krosno.pl\/pracownicy\/kazimierz-szmyd\/\" target=\"_blank\" rel=\"noopener noreferrer\">Prof.&nbsp; dr hab. Kazimierz Szmyd<\/a><\/p>\n<p><a href=\"https:\/\/pans.krosno.pl\/pracownicy\/alicja-ungeheuer-golab\/\" target=\"_blank\" rel=\"noopener noreferrer\">Prof. ndzw. dr hab. Alicja Ungeheuer-Go\u0142\u0105b<\/a><\/p>\n<p>Prof. ndzw. dr hab. Robert Stawarz<\/p>\n<p>Dr Janusz Boczar<\/p>\n<p><a href=\"https:\/\/pans.krosno.pl\/pracownicy\/barbara-lulek\/\" target=\"_blank\" rel=\"noopener noreferrer\">Dr Barbara Lulek<\/a><\/p>\n<p><a href=\"https:\/\/pans.krosno.pl\/pracownicy\/adam-przybysz\/\" target=\"_blank\" rel=\"noopener noreferrer\">Dr Adam Przybysz<\/a><\/p>\n<p><a href=\"https:\/\/pans.krosno.pl\/pracownicy\/beata-anna-piechota\/\" target=\"_blank\" rel=\"noopener noreferrer\">Dr Beata Piechota<\/a><\/p>\n<p><a href=\"https:\/\/pans.krosno.pl\/pracownicy\/malgorzata-swidrak\/\" target=\"_blank\" rel=\"noopener noreferrer\">Dr Ma\u0142gorzata \u015awidrak<\/a><\/p>\n<p><a href=\"https:\/\/pans.krosno.pl\/pracownicy\/malgorzata-wojcik\/\" target=\"_blank\" rel=\"noopener noreferrer\">Dr Ma\u0142gorzata W\u00f3jcik<\/a><\/p>\n<p><a href=\"https:\/\/pans.krosno.pl\/pracownicy\/magdalena-golen\/\" target=\"_blank\" rel=\"noopener noreferrer\">Mgr Magdalena Gole\u0144<\/a><\/p>\n<p><a href=\"https:\/\/pans.krosno.pl\/pracownicy\/julita-karas-klimek\/\" target=\"_blank\" rel=\"noopener\">Mgr Julita Kara\u015b\u2013Klimek<\/a><\/p>\n<p>&nbsp;<\/p>\n\n\n<p><\/p>\n","protected":false},"excerpt":{"rendered":"<p>KADRA&nbsp;NAUKOWA&nbsp;ZAK\u0141ADU&nbsp;PEDAGOGIKI &nbsp; Prof.&nbsp; dr hab. Bo\u017cena Muchacka Prof.&nbsp; dr hab. Kazimierz Szmyd Prof. ndzw. dr hab. Alicja Ungeheuer-Go\u0142\u0105b Prof. ndzw. dr hab. Robert Stawarz Dr Janusz Boczar Dr Barbara Lulek Dr Adam Przybysz Dr Beata Piechota Dr Ma\u0142gorzata \u015awidrak Dr Ma\u0142gorzata W\u00f3jcik Mgr Magdalena Gole\u0144 Mgr Julita Kara\u015b\u2013Klimek &nbsp;<\/p>\n","protected":false},"author":27,"featured_media":0,"parent":0,"menu_order":0,"comment_status":"closed","ping_status":"closed","template":"page-templates\/template-full-width.php","meta":{"ngg_post_thumbnail":0,"footnotes":""},"class_list":["post-119","page","type-page","status-publish","hentry"],"yoast_head":"<!-- This site is optimized with the Yoast SEO Premium plugin v27.3 (Yoast SEO v27.3) - https:\/\/yoast.com\/product\/yoast-seo-premium-wordpress\/ -->\n<title>Pracownicy - Pedagogika PANS w Kro\u015bnie<\/title>\n<meta name=\"description\" content=\"KADRA\u00a0NAUKOWA\u00a0ZAK\u0141ADU\u00a0PEDAGOGIKI - Pedagogika PANS w Kro\u015bnie - Pracownicy\" \/>\n<meta name=\"robots\" content=\"index, follow, max-snippet:-1, max-image-preview:large, max-video-preview:-1\" \/>\n<link rel=\"canonical\" href=\"https:\/\/pans.krosno.pl\/pedagogika\/pracownicy\/\" \/>\n<meta property=\"og:locale\" content=\"pl_PL\" \/>\n<meta property=\"og:type\" content=\"article\" \/>\n<meta property=\"og:title\" content=\"Pracownicy\" \/>\n<meta property=\"og:description\" content=\"KADRA\u00a0NAUKOWA\u00a0ZAK\u0141ADU\u00a0PEDAGOGIKI - Pedagogika PANS w Kro\u015bnie - Pracownicy\" \/>\n<meta property=\"og:url\" content=\"https:\/\/pans.krosno.pl\/pedagogika\/pracownicy\/\" \/>\n<meta property=\"og:site_name\" content=\"Pedagogika PANS w Kro\u015bnie\" \/>\n<meta property=\"article:modified_time\" content=\"2025-06-02T08:58:39+00:00\" \/>\n<meta name=\"twitter:card\" content=\"summary_large_image\" \/>\n<meta name=\"twitter:label1\" content=\"Szacowany czas czytania\" \/>\n\t<meta name=\"twitter:data1\" content=\"1 minuta\" \/>\n<script type=\"application\/ld+json\" class=\"yoast-schema-graph\">{\"@context\":\"https:\\\/\\\/schema.org\",\"@graph\":[{\"@type\":\"WebPage\",\"@id\":\"https:\\\/\\\/pans.krosno.pl\\\/pedagogika\\\/pracownicy\\\/\",\"url\":\"https:\\\/\\\/pans.krosno.pl\\\/pedagogika\\\/pracownicy\\\/\",\"name\":\"Pracownicy - Pedagogika PANS w Kro\u015bnie\",\"isPartOf\":{\"@id\":\"https:\\\/\\\/pans.krosno.pl\\\/pedagogika\\\/#website\"},\"datePublished\":\"2020-03-27T22:25:34+00:00\",\"dateModified\":\"2025-06-02T08:58:39+00:00\",\"description\":\"KADRA\u00a0NAUKOWA\u00a0ZAK\u0141ADU\u00a0PEDAGOGIKI - Pedagogika PANS w Kro\u015bnie - Pracownicy\",\"breadcrumb\":{\"@id\":\"https:\\\/\\\/pans.krosno.pl\\\/pedagogika\\\/pracownicy\\\/#breadcrumb\"},\"inLanguage\":\"pl-PL\",\"potentialAction\":[{\"@type\":\"ReadAction\",\"target\":[\"https:\\\/\\\/pans.krosno.pl\\\/pedagogika\\\/pracownicy\\\/\"]}]},{\"@type\":\"BreadcrumbList\",\"@id\":\"https:\\\/\\\/pans.krosno.pl\\\/pedagogika\\\/pracownicy\\\/#breadcrumb\",\"itemListElement\":[{\"@type\":\"ListItem\",\"position\":1,\"name\":\"Strona g\u0142\u00f3wna\",\"item\":\"https:\\\/\\\/pans.krosno.pl\\\/pedagogika\\\/\"},{\"@type\":\"ListItem\",\"position\":2,\"name\":\"Pracownicy\"}]},{\"@type\":\"WebSite\",\"@id\":\"https:\\\/\\\/pans.krosno.pl\\\/pedagogika\\\/#website\",\"url\":\"https:\\\/\\\/pans.krosno.pl\\\/pedagogika\\\/\",\"name\":\"Pedagogika PANS w Kro\u015bnie\",\"description\":\"Pedagogika - Pa\u0144stwowa Akademia Nauk Stosowanych\",\"publisher\":{\"@id\":\"https:\\\/\\\/pans.krosno.pl\\\/pedagogika\\\/#organization\"},\"potentialAction\":[{\"@type\":\"SearchAction\",\"target\":{\"@type\":\"EntryPoint\",\"urlTemplate\":\"https:\\\/\\\/pans.krosno.pl\\\/pedagogika\\\/?s={search_term_string}\"},\"query-input\":{\"@type\":\"PropertyValueSpecification\",\"valueRequired\":true,\"valueName\":\"search_term_string\"}}],\"inLanguage\":\"pl-PL\"},{\"@type\":\"Organization\",\"@id\":\"https:\\\/\\\/pans.krosno.pl\\\/pedagogika\\\/#organization\",\"name\":\"Pedagogika PANS w Kro\u015bnie\",\"url\":\"https:\\\/\\\/pans.krosno.pl\\\/pedagogika\\\/\",\"logo\":{\"@type\":\"ImageObject\",\"inLanguage\":\"pl-PL\",\"@id\":\"https:\\\/\\\/pans.krosno.pl\\\/pedagogika\\\/#\\\/schema\\\/logo\\\/image\\\/\",\"url\":\"https:\\\/\\\/pans.krosno.pl\\\/pedagogika\\\/wp-content\\\/uploads\\\/sites\\\/7\\\/2023\\\/01\\\/Logo-PANS-2022-pelne.png\",\"contentUrl\":\"https:\\\/\\\/pans.krosno.pl\\\/pedagogika\\\/wp-content\\\/uploads\\\/sites\\\/7\\\/2023\\\/01\\\/Logo-PANS-2022-pelne.png\",\"width\":3096,\"height\":696,\"caption\":\"Pedagogika PANS w Kro\u015bnie\"},\"image\":{\"@id\":\"https:\\\/\\\/pans.krosno.pl\\\/pedagogika\\\/#\\\/schema\\\/logo\\\/image\\\/\"}}]}<\/script>\n<!-- \/ Yoast SEO Premium plugin. -->","yoast_head_json":{"title":"Pracownicy - Pedagogika PANS w Kro\u015bnie","description":"KADRA\u00a0NAUKOWA\u00a0ZAK\u0141ADU\u00a0PEDAGOGIKI - Pedagogika PANS w Kro\u015bnie - Pracownicy","robots":{"index":"index","follow":"follow","max-snippet":"max-snippet:-1","max-image-preview":"max-image-preview:large","max-video-preview":"max-video-preview:-1"},"canonical":"https:\/\/pans.krosno.pl\/pedagogika\/pracownicy\/","og_locale":"pl_PL","og_type":"article","og_title":"Pracownicy","og_description":"KADRA\u00a0NAUKOWA\u00a0ZAK\u0141ADU\u00a0PEDAGOGIKI - Pedagogika PANS w Kro\u015bnie - Pracownicy","og_url":"https:\/\/pans.krosno.pl\/pedagogika\/pracownicy\/","og_site_name":"Pedagogika PANS w Kro\u015bnie","article_modified_time":"2025-06-02T08:58:39+00:00","twitter_card":"summary_large_image","twitter_misc":{"Szacowany czas czytania":"1 minuta"},"schema":{"@context":"https:\/\/schema.org","@graph":[{"@type":"WebPage","@id":"https:\/\/pans.krosno.pl\/pedagogika\/pracownicy\/","url":"https:\/\/pans.krosno.pl\/pedagogika\/pracownicy\/","name":"Pracownicy - Pedagogika PANS w Kro\u015bnie","isPartOf":{"@id":"https:\/\/pans.krosno.pl\/pedagogika\/#website"},"datePublished":"2020-03-27T22:25:34+00:00","dateModified":"2025-06-02T08:58:39+00:00","description":"KADRA\u00a0NAUKOWA\u00a0ZAK\u0141ADU\u00a0PEDAGOGIKI - Pedagogika PANS w Kro\u015bnie - Pracownicy","breadcrumb":{"@id":"https:\/\/pans.krosno.pl\/pedagogika\/pracownicy\/#breadcrumb"},"inLanguage":"pl-PL","potentialAction":[{"@type":"ReadAction","target":["https:\/\/pans.krosno.pl\/pedagogika\/pracownicy\/"]}]},{"@type":"BreadcrumbList","@id":"https:\/\/pans.krosno.pl\/pedagogika\/pracownicy\/#breadcrumb","itemListElement":[{"@type":"ListItem","position":1,"name":"Strona g\u0142\u00f3wna","item":"https:\/\/pans.krosno.pl\/pedagogika\/"},{"@type":"ListItem","position":2,"name":"Pracownicy"}]},{"@type":"WebSite","@id":"https:\/\/pans.krosno.pl\/pedagogika\/#website","url":"https:\/\/pans.krosno.pl\/pedagogika\/","name":"Pedagogika PANS w Kro\u015bnie","description":"Pedagogika - Pa\u0144stwowa Akademia Nauk Stosowanych","publisher":{"@id":"https:\/\/pans.krosno.pl\/pedagogika\/#organization"},"potentialAction":[{"@type":"SearchAction","target":{"@type":"EntryPoint","urlTemplate":"https:\/\/pans.krosno.pl\/pedagogika\/?s={search_term_string}"},"query-input":{"@type":"PropertyValueSpecification","valueRequired":true,"valueName":"search_term_string"}}],"inLanguage":"pl-PL"},{"@type":"Organization","@id":"https:\/\/pans.krosno.pl\/pedagogika\/#organization","name":"Pedagogika PANS w Kro\u015bnie","url":"https:\/\/pans.krosno.pl\/pedagogika\/","logo":{"@type":"ImageObject","inLanguage":"pl-PL","@id":"https:\/\/pans.krosno.pl\/pedagogika\/#\/schema\/logo\/image\/","url":"https:\/\/pans.krosno.pl\/pedagogika\/wp-content\/uploads\/sites\/7\/2023\/01\/Logo-PANS-2022-pelne.png","contentUrl":"https:\/\/pans.krosno.pl\/pedagogika\/wp-content\/uploads\/sites\/7\/2023\/01\/Logo-PANS-2022-pelne.png","width":3096,"height":696,"caption":"Pedagogika PANS w Kro\u015bnie"},"image":{"@id":"https:\/\/pans.krosno.pl\/pedagogika\/#\/schema\/logo\/image\/"}}]}},"_links":{"self":[{"href":"https:\/\/pans.krosno.pl\/pedagogika\/wp-json\/wp\/v2\/pages\/119","targetHints":{"allow":["GET"]}}],"collection":[{"href":"https:\/\/pans.krosno.pl\/pedagogika\/wp-json\/wp\/v2\/pages"}],"about":[{"href":"https:\/\/pans.krosno.pl\/pedagogika\/wp-json\/wp\/v2\/types\/page"}],"author":[{"embeddable":true,"href":"https:\/\/pans.krosno.pl\/pedagogika\/wp-json\/wp\/v2\/users\/27"}],"replies":[{"embeddable":true,"href":"https:\/\/pans.krosno.pl\/pedagogika\/wp-json\/wp\/v2\/comments?post=119"}],"version-history":[{"count":12,"href":"https:\/\/pans.krosno.pl\/pedagogika\/wp-json\/wp\/v2\/pages\/119\/revisions"}],"predecessor-version":[{"id":5571,"href":"https:\/\/pans.krosno.pl\/pedagogika\/wp-json\/wp\/v2\/pages\/119\/revisions\/5571"}],"wp:attachment":[{"href":"https:\/\/pans.krosno.pl\/pedagogika\/wp-json\/wp\/v2\/media?parent=119"}],"curies":[{"name":"wp","href":"https:\/\/api.w.org\/{rel}","templated":true}]}}