{"id":105,"date":"2019-10-31T12:32:38","date_gmt":"2019-10-31T11:32:38","guid":{"rendered":"https:\/\/pans.krosno.pl\/pedagogika\/?page_id=105"},"modified":"2026-03-05T15:11:55","modified_gmt":"2026-03-05T14:11:55","slug":"dyzury-pracownikow","status":"publish","type":"page","link":"https:\/\/pans.krosno.pl\/pedagogika\/dyzury-pracownikow\/","title":{"rendered":"Dy\u017cury pracownik\u00f3w"},"content":{"rendered":"\n<p><strong>Konsultacje w trakcie letniego semestru 2025\/2026<\/strong><\/p>\n\n\n\n<figure class=\"wp-block-table is-style-stripes\"><table><thead><tr><th>Imi\u0119 i nazwisko<\/th><th>Dzie\u0144 <\/th><th>G<strong>odzina<\/strong><\/th><th>Miejsce<\/th><\/tr><\/thead><tbody><tr><td><a href=\"http:\/\/uatacz.up.krakow.pl\/~wwwinstytutpedagogiki\/?page_id=225\"><strong><em>Prof.  dr hab. Bo\u017cena Muchacka<\/em><\/strong><\/a><\/td><td>czwartek<\/td><td>w przerwach pomi\u0119dzy zaj\u0119ciami<\/td><td><\/td><\/tr><tr><td><a href=\"https:\/\/pans.krosno.pl\/pracownicy\/kazimierz-szmyd\/\" target=\"_blank\" rel=\"noreferrer noopener\"><strong><em>Prof.&nbsp; dr&nbsp; hab. Kazimierz&nbsp; Szmyd<\/em><\/strong> <\/a><\/td><td>czwartek<\/td><td>tyg. A 10.00-11.00<br>tyg. B 12.00-13.00<\/td><td>KW8-22<\/td><\/tr><tr><td>dr Mateusz Muchacki<\/td><td>czwartek<\/td><td>w przerwach pomi\u0119dzy zaj\u0119ciami<\/td><td><\/td><\/tr><tr><td><a href=\"https:\/\/pans.krosno.pl\/pracownicy\/alicja-ungeheuer-golab\/\" target=\"_blank\" rel=\"noreferrer noopener\"><strong><em>Prof. ndzw. dr hab. Alicja Ungeheuer-Go\u0142\u0105b<\/em><\/strong> <\/a><\/td><td><br>wtorek<br><\/td><td><br> <br>9.00-9.45 (oraz w przerwach pomi\u0119dzy zaj\u0119ciami)<br> <br><\/td><td>KW8-22<br><\/td><\/tr><tr><td><a href=\"https:\/\/pans.krosno.pl\/pracownicy\/barbara-lulek\/\" target=\"_blank\" rel=\"noreferrer noopener\"><strong><em>Dr Barbara Lulek<\/em><\/strong> <\/a><br><em>(kierownik Zak\u0142adu Pedagogiki)<\/em><\/td><td>wtorek<br><\/td><td><br> <br> 11.30-13.00<br> <br> <br><\/td><td> KW8-11  <\/td><\/tr><tr><td><strong><em>Dr Janusz Boczar<\/em> <\/strong><\/td><td>tyg. A \u015broda<br>tyg. B \u015broda<\/td><td>14.45-15.45<br>16.30-17.30<\/td><td>KW8-6<\/td><\/tr><tr><td><a href=\"https:\/\/pans.krosno.pl\/pracownicy\/beata-anna-piechota\/\" target=\"_blank\" rel=\"noreferrer noopener\"><strong><em>Dr Beata Piechota<\/em><\/strong><\/a><\/td><td>tyg. A \u015broda (oraz w przerwach pomi\u0119dzy zaj\u0119ciami)<br>tyg. B wtorek<\/td><td><br><br><br>11.15-12.00<br><br><br><br>18.15-19.45<br><br> <br> <br><\/td><td>KW8-27<br><br><br>Ms Teams<\/td><\/tr><tr><td><strong><em><a href=\"https:\/\/pans.krosno.pl\/pracownicy\/adam-przybysz\/\" target=\"_blank\" rel=\"noreferrer noopener\">Dr Adam Przybysz<\/a><\/em><\/strong><a href=\"https:\/\/pans.krosno.pl\/pracownicy\/dr-adam-przybysz\/\" target=\"_blank\" rel=\"noreferrer noopener\"> <\/a><\/td><td>tyg. B \u015broda<br>tyg. A wtorek<\/td><td><br><br>9.30-10.30<br><br><br><\/td><td><br>KW8-22              <br>                        <\/td><\/tr><tr><td><a href=\"https:\/\/pans.krosno.pl\/pracownicy\/malgorzata-swidrak\/\"><em><strong>Dr Ma\u0142gorzata \u015awidrak<\/strong><\/em><\/a><\/td><td><br>wtorek tyg. A<br>\u015broda tyg. B <br><br><\/td><td><br>10.15-11.15<br>11.00-12.00<br> <br><\/td><td>KW8-17<br><\/td><\/tr><tr><td><strong><em><a href=\"https:\/\/pans.krosno.pl\/pracownicy\/malgorzata-wojcik\/\" target=\"_blank\" rel=\"noreferrer noopener\">Dr Ma\u0142gorzata W\u00f3jcik<\/a><\/em><\/strong><a href=\"https:\/\/pans.krosno.pl\/pracownicy\/dr-malgorzata-wojcik\/\" target=\"_blank\" rel=\"noreferrer noopener\"> <\/a><\/td><td>tyg. B \u015broda<br>tyg. A \u015broda <\/td><td><br><br>11.30-13.00<br>18.00-19.30 (Ms Teams)<br><\/td><td><br>KW8-19<br>https:\/\/teams.microsoft.com\/l\/channel\/19:KtH2jRyQN9eiPZNXO5mFrVTN3gloHQ3ReaoCsGGFjEY1@thread.tacv2\/%C5%9Broda%20tyg%20A%2018;00-19;30?groupId=7687756a-72b8-4c0a-8ec2-514983d6334e&amp;tenantId=96d73bb3-f85d-42bd-90bb-d291863d303b<br><\/td><\/tr><tr><td><a href=\"https:\/\/pans.krosno.pl\/pracownicy\/magdalena-golen\/\" target=\"_blank\" rel=\"noreferrer noopener\"><strong><em>Mgr Magdalena Gole\u0144<\/em><\/strong> <\/a><\/td><td>tyg. A wtorek<br>tyg. B czwartek<\/td><td>9.45-10.45<br> 11.30-12.30<br><\/td><td>KW8-22<\/td><\/tr><tr><td><br><strong><em><a href=\"https:\/\/pans.krosno.pl\/pracownicy\/julita-karas-klimek\/\" target=\"_blank\" rel=\"noreferrer noopener\">Mgr Julita Kara\u015b-Klimek<\/a><\/em><\/strong> <br> <\/td><td>tyg. A \u015broda<br>tyg. B \u015broda<br><\/td><td>13.00-13.45<br>9.00-9.45<br><\/td><td>KW8-21<\/td><\/tr><tr><td><strong><em>mgr Szymon Uliasz <\/em><\/strong><br><\/td><td>\u015broda<\/td><td>14.00-15.30<\/td><td><br>KW8-22<br><\/td><\/tr><tr><td><a href=\"https:\/\/pans.krosno.pl\/pracownicy\/iryna-durkalevych\/\"><strong><em>dr Iryna Durkalevych<\/em><\/strong><\/a><\/td><td>wtorek <br>(oraz w przerwach pomi\u0119dzy zaj\u0119ciami)<\/td><td>19.00-20.00<\/td><td>Ms Temas<br><\/td><\/tr><tr><td><a href=\"https:\/\/pans.krosno.pl\/pracownicy\/katarzyna-kotowska\/\"><strong><em>mgr Katarzyna Kotowska<\/em><\/strong><\/a><\/td><td>\u015broda<br><\/td><td>11.00-12.30<br><\/td><td>KW8-10<\/td><\/tr><\/tbody><\/table><\/figure>\n\n\n\n<p>Bezp\u0142atne konsultacje psychologiczne (mgr Katarzyna Kotowska) \u015broda 17.15-18.15. KW8-10<\/p>\n\n\n\n<p><\/p>\n","protected":false},"excerpt":{"rendered":"<p>Konsultacje w trakcie letniego semestru 2025\/2026 Imi\u0119 i nazwisko Dzie\u0144 Godzina Miejsce Prof. dr hab. Bo\u017cena Muchacka czwartek w przerwach pomi\u0119dzy zaj\u0119ciami Prof.&nbsp; dr&nbsp; hab. Kazimierz&nbsp; Szmyd czwartek tyg. A 10.00-11.00tyg. B 12.00-13.00 KW8-22 dr Mateusz Muchacki czwartek w przerwach pomi\u0119dzy zaj\u0119ciami Prof. ndzw. dr hab. Alicja Ungeheuer-Go\u0142\u0105b wtorek 9.00-9.45 [\u2026] <\/p>\n<div class=\"clear\"><\/div>\n<p><a class=\"more_link clearfix\" href=\"https:\/\/pans.krosno.pl\/pedagogika\/dyzury-pracownikow\/\" rel=\"nofollow\">Read More<\/a><\/p>\n","protected":false},"author":27,"featured_media":0,"parent":0,"menu_order":0,"comment_status":"closed","ping_status":"closed","template":"page-templates\/template-full-width.php","meta":{"ngg_post_thumbnail":0,"footnotes":""},"class_list":["post-105","page","type-page","status-publish","hentry"],"yoast_head":"<!-- This site is optimized with the Yoast SEO Premium plugin v27.3 (Yoast SEO v27.3) - https:\/\/yoast.com\/product\/yoast-seo-premium-wordpress\/ -->\n<title>Dy\u017cury pracownik\u00f3w - Pedagogika PANS w Kro\u015bnie<\/title>\n<meta name=\"description\" content=\"Konsultacje w semestrze letnim 2019\/2020 - Pedagogika PANS w Kro\u015bnie - Dy\u017cury pracownik\u00f3w\" \/>\n<meta name=\"robots\" content=\"index, follow, max-snippet:-1, max-image-preview:large, max-video-preview:-1\" \/>\n<link rel=\"canonical\" href=\"https:\/\/pans.krosno.pl\/pedagogika\/dyzury-pracownikow\/\" \/>\n<meta property=\"og:locale\" content=\"pl_PL\" \/>\n<meta property=\"og:type\" content=\"article\" \/>\n<meta property=\"og:title\" content=\"Dy\u017cury pracownik\u00f3w\" \/>\n<meta property=\"og:description\" content=\"Konsultacje w semestrze letnim 2019\/2020 - Pedagogika PANS w Kro\u015bnie - Dy\u017cury pracownik\u00f3w\" \/>\n<meta property=\"og:url\" content=\"https:\/\/pans.krosno.pl\/pedagogika\/dyzury-pracownikow\/\" \/>\n<meta property=\"og:site_name\" content=\"Pedagogika PANS w Kro\u015bnie\" \/>\n<meta property=\"article:modified_time\" content=\"2026-03-05T14:11:55+00:00\" \/>\n<meta name=\"twitter:card\" content=\"summary_large_image\" \/>\n<meta name=\"twitter:label1\" content=\"Szacowany czas czytania\" \/>\n\t<meta name=\"twitter:data1\" content=\"2 minuty\" \/>\n<script type=\"application\/ld+json\" class=\"yoast-schema-graph\">{\"@context\":\"https:\\\/\\\/schema.org\",\"@graph\":[{\"@type\":\"WebPage\",\"@id\":\"https:\\\/\\\/pans.krosno.pl\\\/pedagogika\\\/dyzury-pracownikow\\\/\",\"url\":\"https:\\\/\\\/pans.krosno.pl\\\/pedagogika\\\/dyzury-pracownikow\\\/\",\"name\":\"Dy\u017cury pracownik\u00f3w - Pedagogika PANS w Kro\u015bnie\",\"isPartOf\":{\"@id\":\"https:\\\/\\\/pans.krosno.pl\\\/pedagogika\\\/#website\"},\"datePublished\":\"2019-10-31T11:32:38+00:00\",\"dateModified\":\"2026-03-05T14:11:55+00:00\",\"description\":\"Konsultacje w semestrze letnim 2019\\\/2020 - Pedagogika PANS w Kro\u015bnie - Dy\u017cury pracownik\u00f3w\",\"breadcrumb\":{\"@id\":\"https:\\\/\\\/pans.krosno.pl\\\/pedagogika\\\/dyzury-pracownikow\\\/#breadcrumb\"},\"inLanguage\":\"pl-PL\",\"potentialAction\":[{\"@type\":\"ReadAction\",\"target\":[\"https:\\\/\\\/pans.krosno.pl\\\/pedagogika\\\/dyzury-pracownikow\\\/\"]}]},{\"@type\":\"BreadcrumbList\",\"@id\":\"https:\\\/\\\/pans.krosno.pl\\\/pedagogika\\\/dyzury-pracownikow\\\/#breadcrumb\",\"itemListElement\":[{\"@type\":\"ListItem\",\"position\":1,\"name\":\"Strona g\u0142\u00f3wna\",\"item\":\"https:\\\/\\\/pans.krosno.pl\\\/pedagogika\\\/\"},{\"@type\":\"ListItem\",\"position\":2,\"name\":\"Dy\u017cury pracownik\u00f3w\"}]},{\"@type\":\"WebSite\",\"@id\":\"https:\\\/\\\/pans.krosno.pl\\\/pedagogika\\\/#website\",\"url\":\"https:\\\/\\\/pans.krosno.pl\\\/pedagogika\\\/\",\"name\":\"Pedagogika PANS w Kro\u015bnie\",\"description\":\"Pedagogika - Pa\u0144stwowa Akademia Nauk Stosowanych\",\"publisher\":{\"@id\":\"https:\\\/\\\/pans.krosno.pl\\\/pedagogika\\\/#organization\"},\"potentialAction\":[{\"@type\":\"SearchAction\",\"target\":{\"@type\":\"EntryPoint\",\"urlTemplate\":\"https:\\\/\\\/pans.krosno.pl\\\/pedagogika\\\/?s={search_term_string}\"},\"query-input\":{\"@type\":\"PropertyValueSpecification\",\"valueRequired\":true,\"valueName\":\"search_term_string\"}}],\"inLanguage\":\"pl-PL\"},{\"@type\":\"Organization\",\"@id\":\"https:\\\/\\\/pans.krosno.pl\\\/pedagogika\\\/#organization\",\"name\":\"Pedagogika PANS w Kro\u015bnie\",\"url\":\"https:\\\/\\\/pans.krosno.pl\\\/pedagogika\\\/\",\"logo\":{\"@type\":\"ImageObject\",\"inLanguage\":\"pl-PL\",\"@id\":\"https:\\\/\\\/pans.krosno.pl\\\/pedagogika\\\/#\\\/schema\\\/logo\\\/image\\\/\",\"url\":\"https:\\\/\\\/pans.krosno.pl\\\/pedagogika\\\/wp-content\\\/uploads\\\/sites\\\/7\\\/2023\\\/01\\\/Logo-PANS-2022-pelne.png\",\"contentUrl\":\"https:\\\/\\\/pans.krosno.pl\\\/pedagogika\\\/wp-content\\\/uploads\\\/sites\\\/7\\\/2023\\\/01\\\/Logo-PANS-2022-pelne.png\",\"width\":3096,\"height\":696,\"caption\":\"Pedagogika PANS w Kro\u015bnie\"},\"image\":{\"@id\":\"https:\\\/\\\/pans.krosno.pl\\\/pedagogika\\\/#\\\/schema\\\/logo\\\/image\\\/\"}}]}<\/script>\n<!-- \/ Yoast SEO Premium plugin. -->","yoast_head_json":{"title":"Dy\u017cury pracownik\u00f3w - Pedagogika PANS w Kro\u015bnie","description":"Konsultacje w semestrze letnim 2019\/2020 - Pedagogika PANS w Kro\u015bnie - Dy\u017cury pracownik\u00f3w","robots":{"index":"index","follow":"follow","max-snippet":"max-snippet:-1","max-image-preview":"max-image-preview:large","max-video-preview":"max-video-preview:-1"},"canonical":"https:\/\/pans.krosno.pl\/pedagogika\/dyzury-pracownikow\/","og_locale":"pl_PL","og_type":"article","og_title":"Dy\u017cury pracownik\u00f3w","og_description":"Konsultacje w semestrze letnim 2019\/2020 - Pedagogika PANS w Kro\u015bnie - Dy\u017cury pracownik\u00f3w","og_url":"https:\/\/pans.krosno.pl\/pedagogika\/dyzury-pracownikow\/","og_site_name":"Pedagogika PANS w Kro\u015bnie","article_modified_time":"2026-03-05T14:11:55+00:00","twitter_card":"summary_large_image","twitter_misc":{"Szacowany czas czytania":"2 minuty"},"schema":{"@context":"https:\/\/schema.org","@graph":[{"@type":"WebPage","@id":"https:\/\/pans.krosno.pl\/pedagogika\/dyzury-pracownikow\/","url":"https:\/\/pans.krosno.pl\/pedagogika\/dyzury-pracownikow\/","name":"Dy\u017cury pracownik\u00f3w - Pedagogika PANS w Kro\u015bnie","isPartOf":{"@id":"https:\/\/pans.krosno.pl\/pedagogika\/#website"},"datePublished":"2019-10-31T11:32:38+00:00","dateModified":"2026-03-05T14:11:55+00:00","description":"Konsultacje w semestrze letnim 2019\/2020 - Pedagogika PANS w Kro\u015bnie - Dy\u017cury pracownik\u00f3w","breadcrumb":{"@id":"https:\/\/pans.krosno.pl\/pedagogika\/dyzury-pracownikow\/#breadcrumb"},"inLanguage":"pl-PL","potentialAction":[{"@type":"ReadAction","target":["https:\/\/pans.krosno.pl\/pedagogika\/dyzury-pracownikow\/"]}]},{"@type":"BreadcrumbList","@id":"https:\/\/pans.krosno.pl\/pedagogika\/dyzury-pracownikow\/#breadcrumb","itemListElement":[{"@type":"ListItem","position":1,"name":"Strona g\u0142\u00f3wna","item":"https:\/\/pans.krosno.pl\/pedagogika\/"},{"@type":"ListItem","position":2,"name":"Dy\u017cury pracownik\u00f3w"}]},{"@type":"WebSite","@id":"https:\/\/pans.krosno.pl\/pedagogika\/#website","url":"https:\/\/pans.krosno.pl\/pedagogika\/","name":"Pedagogika PANS w Kro\u015bnie","description":"Pedagogika - Pa\u0144stwowa Akademia Nauk Stosowanych","publisher":{"@id":"https:\/\/pans.krosno.pl\/pedagogika\/#organization"},"potentialAction":[{"@type":"SearchAction","target":{"@type":"EntryPoint","urlTemplate":"https:\/\/pans.krosno.pl\/pedagogika\/?s={search_term_string}"},"query-input":{"@type":"PropertyValueSpecification","valueRequired":true,"valueName":"search_term_string"}}],"inLanguage":"pl-PL"},{"@type":"Organization","@id":"https:\/\/pans.krosno.pl\/pedagogika\/#organization","name":"Pedagogika PANS w Kro\u015bnie","url":"https:\/\/pans.krosno.pl\/pedagogika\/","logo":{"@type":"ImageObject","inLanguage":"pl-PL","@id":"https:\/\/pans.krosno.pl\/pedagogika\/#\/schema\/logo\/image\/","url":"https:\/\/pans.krosno.pl\/pedagogika\/wp-content\/uploads\/sites\/7\/2023\/01\/Logo-PANS-2022-pelne.png","contentUrl":"https:\/\/pans.krosno.pl\/pedagogika\/wp-content\/uploads\/sites\/7\/2023\/01\/Logo-PANS-2022-pelne.png","width":3096,"height":696,"caption":"Pedagogika PANS w Kro\u015bnie"},"image":{"@id":"https:\/\/pans.krosno.pl\/pedagogika\/#\/schema\/logo\/image\/"}}]}},"_links":{"self":[{"href":"https:\/\/pans.krosno.pl\/pedagogika\/wp-json\/wp\/v2\/pages\/105","targetHints":{"allow":["GET"]}}],"collection":[{"href":"https:\/\/pans.krosno.pl\/pedagogika\/wp-json\/wp\/v2\/pages"}],"about":[{"href":"https:\/\/pans.krosno.pl\/pedagogika\/wp-json\/wp\/v2\/types\/page"}],"author":[{"embeddable":true,"href":"https:\/\/pans.krosno.pl\/pedagogika\/wp-json\/wp\/v2\/users\/27"}],"replies":[{"embeddable":true,"href":"https:\/\/pans.krosno.pl\/pedagogika\/wp-json\/wp\/v2\/comments?post=105"}],"version-history":[{"count":319,"href":"https:\/\/pans.krosno.pl\/pedagogika\/wp-json\/wp\/v2\/pages\/105\/revisions"}],"predecessor-version":[{"id":6140,"href":"https:\/\/pans.krosno.pl\/pedagogika\/wp-json\/wp\/v2\/pages\/105\/revisions\/6140"}],"wp:attachment":[{"href":"https:\/\/pans.krosno.pl\/pedagogika\/wp-json\/wp\/v2\/media?parent=105"}],"curies":[{"name":"wp","href":"https:\/\/api.w.org\/{rel}","templated":true}]}}