{"id":53,"date":"2026-01-21T12:44:27","date_gmt":"2026-01-21T12:44:27","guid":{"rendered":"https:\/\/pans.krosno.pl\/pedagogika-przedszkolna-i-wczesnoszkolna\/?page_id=53"},"modified":"2026-01-21T13:10:31","modified_gmt":"2026-01-21T13:10:31","slug":"programy-studiow","status":"publish","type":"page","link":"https:\/\/pans.krosno.pl\/pedagogika-przedszkolna-i-wczesnoszkolna\/programy-studiow\/","title":{"rendered":"Programy studi\u00f3w"},"content":{"rendered":"\n<h2 class=\"wp-block-heading\" id=\"h-studia-magisterskie\">Studia Magisterskie<\/h2>\n\n\n\n<p><a href=\"https:\/\/pans.krosno.pl\/pedagogika\/wp-content\/uploads\/sites\/7\/2025\/10\/Pelny_Program-studiow_Pedagogika-przedszkolna-i-wczesnoszkolna-dla-cyklu-2025-2030-a.doc\">Program kszta\u0142cenia dla cyklu 2025-2030<\/a><\/p>\n\n\n\n<p><a href=\"https:\/\/pans.krosno.pl\/pedagogika\/wp-content\/uploads\/sites\/7\/2025\/02\/BIP-Program-ksztalcenia-na-kierunku-PPiW.docx\">Program kszta\u0142cenia dla cyklu 2022-2027<\/a><\/p>\n","protected":false},"excerpt":{"rendered":"<p>Studia Magisterskie Program kszta\u0142cenia dla cyklu 2025-2030 Program kszta\u0142cenia dla cyklu 2022-2027<\/p>\n","protected":false},"author":27,"featured_media":0,"parent":0,"menu_order":0,"comment_status":"closed","ping_status":"closed","template":"page-templates\/template-full-width.php","meta":{"ngg_post_thumbnail":0,"footnotes":""},"class_list":["post-53","page","type-page","status-publish","hentry"],"yoast_head":"<!-- This site is optimized with the Yoast SEO Premium plugin v27.4 (Yoast SEO v27.4) - https:\/\/yoast.com\/product\/yoast-seo-premium-wordpress\/ -->\n<title>Programy studi\u00f3w - Pedagogika przedszkolna i wczesnoszkolna - PANS w Kro\u015bnie<\/title>\n<meta name=\"robots\" content=\"index, follow, max-snippet:-1, max-image-preview:large, max-video-preview:-1\" \/>\n<link rel=\"canonical\" href=\"https:\/\/pans.krosno.pl\/pedagogika-przedszkolna-i-wczesnoszkolna\/programy-studiow\/\" \/>\n<meta property=\"og:locale\" content=\"pl_PL\" \/>\n<meta property=\"og:type\" content=\"article\" \/>\n<meta property=\"og:title\" content=\"Programy studi\u00f3w\" \/>\n<meta property=\"og:description\" content=\"Studia Magisterskie Program kszta\u0142cenia dla cyklu 2025-2030 Program kszta\u0142cenia dla cyklu 2022-2027\" \/>\n<meta property=\"og:url\" content=\"https:\/\/pans.krosno.pl\/pedagogika-przedszkolna-i-wczesnoszkolna\/programy-studiow\/\" \/>\n<meta property=\"og:site_name\" content=\"Pedagogika przedszkolna i wczesnoszkolna - PANS w Kro\u015bnie\" \/>\n<meta property=\"article:publisher\" content=\"https:\/\/www.facebook.com\/StudiaKrosno\/\" \/>\n<meta property=\"article:modified_time\" content=\"2026-01-21T13:10:31+00:00\" \/>\n<meta name=\"twitter:card\" content=\"summary_large_image\" \/>\n<meta name=\"twitter:label1\" content=\"Szacowany czas czytania\" \/>\n\t<meta name=\"twitter:data1\" content=\"1 minuta\" \/>\n<script type=\"application\/ld+json\" class=\"yoast-schema-graph\">{\"@context\":\"https:\\\/\\\/schema.org\",\"@graph\":[{\"@type\":\"WebPage\",\"@id\":\"https:\\\/\\\/pans.krosno.pl\\\/pedagogika-przedszkolna-i-wczesnoszkolna\\\/programy-studiow\\\/\",\"url\":\"https:\\\/\\\/pans.krosno.pl\\\/pedagogika-przedszkolna-i-wczesnoszkolna\\\/programy-studiow\\\/\",\"name\":\"Programy studi\u00f3w - Pedagogika przedszkolna i wczesnoszkolna - PANS w Kro\u015bnie\",\"isPartOf\":{\"@id\":\"https:\\\/\\\/pans.krosno.pl\\\/pedagogika-przedszkolna-i-wczesnoszkolna\\\/#website\"},\"datePublished\":\"2026-01-21T12:44:27+00:00\",\"dateModified\":\"2026-01-21T13:10:31+00:00\",\"breadcrumb\":{\"@id\":\"https:\\\/\\\/pans.krosno.pl\\\/pedagogika-przedszkolna-i-wczesnoszkolna\\\/programy-studiow\\\/#breadcrumb\"},\"inLanguage\":\"pl-PL\",\"potentialAction\":[{\"@type\":\"ReadAction\",\"target\":[\"https:\\\/\\\/pans.krosno.pl\\\/pedagogika-przedszkolna-i-wczesnoszkolna\\\/programy-studiow\\\/\"]}]},{\"@type\":\"BreadcrumbList\",\"@id\":\"https:\\\/\\\/pans.krosno.pl\\\/pedagogika-przedszkolna-i-wczesnoszkolna\\\/programy-studiow\\\/#breadcrumb\",\"itemListElement\":[{\"@type\":\"ListItem\",\"position\":1,\"name\":\"Strona g\u0142\u00f3wna\",\"item\":\"https:\\\/\\\/pans.krosno.pl\\\/pedagogika-przedszkolna-i-wczesnoszkolna\\\/\"},{\"@type\":\"ListItem\",\"position\":2,\"name\":\"Programy studi\u00f3w\"}]},{\"@type\":\"WebSite\",\"@id\":\"https:\\\/\\\/pans.krosno.pl\\\/pedagogika-przedszkolna-i-wczesnoszkolna\\\/#website\",\"url\":\"https:\\\/\\\/pans.krosno.pl\\\/pedagogika-przedszkolna-i-wczesnoszkolna\\\/\",\"name\":\"PANS w Kro\u015bnie\",\"description\":\"Pa\u0144stwowa Akademia Nauk Stosowanych w Kro\u015bnie\",\"publisher\":{\"@id\":\"https:\\\/\\\/pans.krosno.pl\\\/pedagogika-przedszkolna-i-wczesnoszkolna\\\/#organization\"},\"alternateName\":\"PANS Krosno\",\"potentialAction\":[{\"@type\":\"SearchAction\",\"target\":{\"@type\":\"EntryPoint\",\"urlTemplate\":\"https:\\\/\\\/pans.krosno.pl\\\/pedagogika-przedszkolna-i-wczesnoszkolna\\\/?s={search_term_string}\"},\"query-input\":{\"@type\":\"PropertyValueSpecification\",\"valueRequired\":true,\"valueName\":\"search_term_string\"}}],\"inLanguage\":\"pl-PL\"},{\"@type\":\"Organization\",\"@id\":\"https:\\\/\\\/pans.krosno.pl\\\/pedagogika-przedszkolna-i-wczesnoszkolna\\\/#organization\",\"name\":\"Pa\u0144stwowa Akademia Nauk Stosowanych w Kro\u015bnie\",\"alternateName\":\"PANS Krosno\",\"url\":\"https:\\\/\\\/pans.krosno.pl\\\/pedagogika-przedszkolna-i-wczesnoszkolna\\\/\",\"logo\":{\"@type\":\"ImageObject\",\"inLanguage\":\"pl-PL\",\"@id\":\"https:\\\/\\\/pans.krosno.pl\\\/pedagogika-przedszkolna-i-wczesnoszkolna\\\/#\\\/schema\\\/logo\\\/image\\\/\",\"url\":\"https:\\\/\\\/pans.krosno.pl\\\/wp-content\\\/uploads\\\/2023\\\/01\\\/Logo-PANS-2022-pelne-2-scaled.jpg\",\"contentUrl\":\"https:\\\/\\\/pans.krosno.pl\\\/wp-content\\\/uploads\\\/2023\\\/01\\\/Logo-PANS-2022-pelne-2-scaled.jpg\",\"width\":2560,\"height\":576,\"caption\":\"Pa\u0144stwowa Akademia Nauk Stosowanych w Kro\u015bnie\"},\"image\":{\"@id\":\"https:\\\/\\\/pans.krosno.pl\\\/pedagogika-przedszkolna-i-wczesnoszkolna\\\/#\\\/schema\\\/logo\\\/image\\\/\"},\"sameAs\":[\"https:\\\/\\\/www.facebook.com\\\/StudiaKrosno\\\/\",\"https:\\\/\\\/www.instagram.com\\\/pans.krosno\\\/\",\"https:\\\/\\\/pl.linkedin.com\\\/company\\\/pwsz-krosno\",\"https:\\\/\\\/www.youtube.com\\\/user\\\/pwszkrosno\\\/\",\"https:\\\/\\\/pl.wikipedia.org\\\/wiki\\\/Pa\u0144stwowa_Wy\u017csza_Szko\u0142a_Zawodowa_im._Stanis\u0142awa_Pigonia_w_Kro\u015bnie\"]}]}<\/script>\n<!-- \/ Yoast SEO Premium plugin. -->","yoast_head_json":{"title":"Programy studi\u00f3w - Pedagogika przedszkolna i wczesnoszkolna - PANS w Kro\u015bnie","robots":{"index":"index","follow":"follow","max-snippet":"max-snippet:-1","max-image-preview":"max-image-preview:large","max-video-preview":"max-video-preview:-1"},"canonical":"https:\/\/pans.krosno.pl\/pedagogika-przedszkolna-i-wczesnoszkolna\/programy-studiow\/","og_locale":"pl_PL","og_type":"article","og_title":"Programy studi\u00f3w","og_description":"Studia Magisterskie Program kszta\u0142cenia dla cyklu 2025-2030 Program kszta\u0142cenia dla cyklu 2022-2027","og_url":"https:\/\/pans.krosno.pl\/pedagogika-przedszkolna-i-wczesnoszkolna\/programy-studiow\/","og_site_name":"Pedagogika przedszkolna i wczesnoszkolna - PANS w Kro\u015bnie","article_publisher":"https:\/\/www.facebook.com\/StudiaKrosno\/","article_modified_time":"2026-01-21T13:10:31+00:00","twitter_card":"summary_large_image","twitter_misc":{"Szacowany czas czytania":"1 minuta"},"schema":{"@context":"https:\/\/schema.org","@graph":[{"@type":"WebPage","@id":"https:\/\/pans.krosno.pl\/pedagogika-przedszkolna-i-wczesnoszkolna\/programy-studiow\/","url":"https:\/\/pans.krosno.pl\/pedagogika-przedszkolna-i-wczesnoszkolna\/programy-studiow\/","name":"Programy studi\u00f3w - Pedagogika przedszkolna i wczesnoszkolna - PANS w Kro\u015bnie","isPartOf":{"@id":"https:\/\/pans.krosno.pl\/pedagogika-przedszkolna-i-wczesnoszkolna\/#website"},"datePublished":"2026-01-21T12:44:27+00:00","dateModified":"2026-01-21T13:10:31+00:00","breadcrumb":{"@id":"https:\/\/pans.krosno.pl\/pedagogika-przedszkolna-i-wczesnoszkolna\/programy-studiow\/#breadcrumb"},"inLanguage":"pl-PL","potentialAction":[{"@type":"ReadAction","target":["https:\/\/pans.krosno.pl\/pedagogika-przedszkolna-i-wczesnoszkolna\/programy-studiow\/"]}]},{"@type":"BreadcrumbList","@id":"https:\/\/pans.krosno.pl\/pedagogika-przedszkolna-i-wczesnoszkolna\/programy-studiow\/#breadcrumb","itemListElement":[{"@type":"ListItem","position":1,"name":"Strona g\u0142\u00f3wna","item":"https:\/\/pans.krosno.pl\/pedagogika-przedszkolna-i-wczesnoszkolna\/"},{"@type":"ListItem","position":2,"name":"Programy studi\u00f3w"}]},{"@type":"WebSite","@id":"https:\/\/pans.krosno.pl\/pedagogika-przedszkolna-i-wczesnoszkolna\/#website","url":"https:\/\/pans.krosno.pl\/pedagogika-przedszkolna-i-wczesnoszkolna\/","name":"PANS w Kro\u015bnie","description":"Pa\u0144stwowa Akademia Nauk Stosowanych w Kro\u015bnie","publisher":{"@id":"https:\/\/pans.krosno.pl\/pedagogika-przedszkolna-i-wczesnoszkolna\/#organization"},"alternateName":"PANS Krosno","potentialAction":[{"@type":"SearchAction","target":{"@type":"EntryPoint","urlTemplate":"https:\/\/pans.krosno.pl\/pedagogika-przedszkolna-i-wczesnoszkolna\/?s={search_term_string}"},"query-input":{"@type":"PropertyValueSpecification","valueRequired":true,"valueName":"search_term_string"}}],"inLanguage":"pl-PL"},{"@type":"Organization","@id":"https:\/\/pans.krosno.pl\/pedagogika-przedszkolna-i-wczesnoszkolna\/#organization","name":"Pa\u0144stwowa Akademia Nauk Stosowanych w Kro\u015bnie","alternateName":"PANS Krosno","url":"https:\/\/pans.krosno.pl\/pedagogika-przedszkolna-i-wczesnoszkolna\/","logo":{"@type":"ImageObject","inLanguage":"pl-PL","@id":"https:\/\/pans.krosno.pl\/pedagogika-przedszkolna-i-wczesnoszkolna\/#\/schema\/logo\/image\/","url":"https:\/\/pans.krosno.pl\/wp-content\/uploads\/2023\/01\/Logo-PANS-2022-pelne-2-scaled.jpg","contentUrl":"https:\/\/pans.krosno.pl\/wp-content\/uploads\/2023\/01\/Logo-PANS-2022-pelne-2-scaled.jpg","width":2560,"height":576,"caption":"Pa\u0144stwowa Akademia Nauk Stosowanych w Kro\u015bnie"},"image":{"@id":"https:\/\/pans.krosno.pl\/pedagogika-przedszkolna-i-wczesnoszkolna\/#\/schema\/logo\/image\/"},"sameAs":["https:\/\/www.facebook.com\/StudiaKrosno\/","https:\/\/www.instagram.com\/pans.krosno\/","https:\/\/pl.linkedin.com\/company\/pwsz-krosno","https:\/\/www.youtube.com\/user\/pwszkrosno\/","https:\/\/pl.wikipedia.org\/wiki\/Pa\u0144stwowa_Wy\u017csza_Szko\u0142a_Zawodowa_im._Stanis\u0142awa_Pigonia_w_Kro\u015bnie"]}]}},"_links":{"self":[{"href":"https:\/\/pans.krosno.pl\/pedagogika-przedszkolna-i-wczesnoszkolna\/wp-json\/wp\/v2\/pages\/53","targetHints":{"allow":["GET"]}}],"collection":[{"href":"https:\/\/pans.krosno.pl\/pedagogika-przedszkolna-i-wczesnoszkolna\/wp-json\/wp\/v2\/pages"}],"about":[{"href":"https:\/\/pans.krosno.pl\/pedagogika-przedszkolna-i-wczesnoszkolna\/wp-json\/wp\/v2\/types\/page"}],"author":[{"embeddable":true,"href":"https:\/\/pans.krosno.pl\/pedagogika-przedszkolna-i-wczesnoszkolna\/wp-json\/wp\/v2\/users\/27"}],"replies":[{"embeddable":true,"href":"https:\/\/pans.krosno.pl\/pedagogika-przedszkolna-i-wczesnoszkolna\/wp-json\/wp\/v2\/comments?post=53"}],"version-history":[{"count":1,"href":"https:\/\/pans.krosno.pl\/pedagogika-przedszkolna-i-wczesnoszkolna\/wp-json\/wp\/v2\/pages\/53\/revisions"}],"predecessor-version":[{"id":54,"href":"https:\/\/pans.krosno.pl\/pedagogika-przedszkolna-i-wczesnoszkolna\/wp-json\/wp\/v2\/pages\/53\/revisions\/54"}],"wp:attachment":[{"href":"https:\/\/pans.krosno.pl\/pedagogika-przedszkolna-i-wczesnoszkolna\/wp-json\/wp\/v2\/media?parent=53"}],"curies":[{"name":"wp","href":"https:\/\/api.w.org\/{rel}","templated":true}]}}