{"id":51,"date":"2026-01-21T12:43:47","date_gmt":"2026-01-21T12:43:47","guid":{"rendered":"https:\/\/pans.krosno.pl\/pedagogika-przedszkolna-i-wczesnoszkolna\/?page_id=51"},"modified":"2026-01-21T13:10:30","modified_gmt":"2026-01-21T13:10:30","slug":"kontakt-sekretariat","status":"publish","type":"page","link":"https:\/\/pans.krosno.pl\/pedagogika-przedszkolna-i-wczesnoszkolna\/kontakt-sekretariat\/","title":{"rendered":"Kontakt sekretariat"},"content":{"rendered":"\n<p><strong>Zak\u0142ad Pedagogiki<\/strong><br><a href=\"https:\/\/pans.krosno.pl\/pracownicy\/barbara-lulek\/\">dr Barbara Lulek<\/a>\u00a0\u2013\u00a0<strong>Kierownik Zak\u0142adu<\/strong><br>mgr Natalia Pasierbska\u00a0<strong>\u2013 Sekretariat<\/strong><br>tel. 13-43-755-40,\u00a0 fax 13-43-755-41<br>e-mail:\u00a0<a href=\"mailto:ih@pans.krosno.pl\">ih@pans.krosno.pl<\/a><br>ul. Kazimierza Wielkiego 8, 38-400 Krosno<br>Pok\u00f3j nr 15 (I pi\u0119tro)<\/p>\n","protected":false},"excerpt":{"rendered":"<p>Zak\u0142ad Pedagogikidr Barbara Lulek\u00a0\u2013\u00a0Kierownik Zak\u0142adumgr Natalia Pasierbska\u00a0\u2013 Sekretariattel. 13-43-755-40,\u00a0 fax 13-43-755-41e-mail:\u00a0ih@pans.krosno.plul. Kazimierza Wielkiego 8, 38-400 KrosnoPok\u00f3j nr 15 (I pi\u0119tro)<\/p>\n","protected":false},"author":27,"featured_media":0,"parent":0,"menu_order":0,"comment_status":"closed","ping_status":"closed","template":"page-templates\/template-full-width.php","meta":{"ngg_post_thumbnail":0,"footnotes":""},"class_list":["post-51","page","type-page","status-publish","hentry"],"yoast_head":"<!-- This site is optimized with the Yoast SEO Premium plugin v27.4 (Yoast SEO v27.4) - https:\/\/yoast.com\/product\/yoast-seo-premium-wordpress\/ -->\n<title>Kontakt sekretariat - Pedagogika przedszkolna i wczesnoszkolna - PANS w Kro\u015bnie<\/title>\n<meta name=\"robots\" content=\"index, follow, max-snippet:-1, max-image-preview:large, max-video-preview:-1\" \/>\n<link rel=\"canonical\" href=\"https:\/\/pans.krosno.pl\/pedagogika-przedszkolna-i-wczesnoszkolna\/kontakt-sekretariat\/\" \/>\n<meta property=\"og:locale\" content=\"pl_PL\" \/>\n<meta property=\"og:type\" content=\"article\" \/>\n<meta property=\"og:title\" content=\"Kontakt sekretariat\" \/>\n<meta property=\"og:description\" content=\"Zak\u0142ad Pedagogikidr Barbara Lulek\u00a0\u2013\u00a0Kierownik Zak\u0142adumgr Natalia Pasierbska\u00a0\u2013 Sekretariattel. 13-43-755-40,\u00a0 fax 13-43-755-41e-mail:\u00a0ih@pans.krosno.plul. Kazimierza Wielkiego 8, 38-400 KrosnoPok\u00f3j nr 15 (I pi\u0119tro)\" \/>\n<meta property=\"og:url\" content=\"https:\/\/pans.krosno.pl\/pedagogika-przedszkolna-i-wczesnoszkolna\/kontakt-sekretariat\/\" \/>\n<meta property=\"og:site_name\" content=\"Pedagogika przedszkolna i wczesnoszkolna - PANS w Kro\u015bnie\" \/>\n<meta property=\"article:publisher\" content=\"https:\/\/www.facebook.com\/StudiaKrosno\/\" \/>\n<meta property=\"article:modified_time\" content=\"2026-01-21T13:10:30+00:00\" \/>\n<meta name=\"twitter:card\" content=\"summary_large_image\" \/>\n<meta name=\"twitter:label1\" content=\"Szacowany czas czytania\" \/>\n\t<meta name=\"twitter:data1\" content=\"1 minuta\" \/>\n<script type=\"application\/ld+json\" class=\"yoast-schema-graph\">{\"@context\":\"https:\\\/\\\/schema.org\",\"@graph\":[{\"@type\":\"WebPage\",\"@id\":\"https:\\\/\\\/pans.krosno.pl\\\/pedagogika-przedszkolna-i-wczesnoszkolna\\\/kontakt-sekretariat\\\/\",\"url\":\"https:\\\/\\\/pans.krosno.pl\\\/pedagogika-przedszkolna-i-wczesnoszkolna\\\/kontakt-sekretariat\\\/\",\"name\":\"Kontakt sekretariat - Pedagogika przedszkolna i wczesnoszkolna - PANS w Kro\u015bnie\",\"isPartOf\":{\"@id\":\"https:\\\/\\\/pans.krosno.pl\\\/pedagogika-przedszkolna-i-wczesnoszkolna\\\/#website\"},\"datePublished\":\"2026-01-21T12:43:47+00:00\",\"dateModified\":\"2026-01-21T13:10:30+00:00\",\"breadcrumb\":{\"@id\":\"https:\\\/\\\/pans.krosno.pl\\\/pedagogika-przedszkolna-i-wczesnoszkolna\\\/kontakt-sekretariat\\\/#breadcrumb\"},\"inLanguage\":\"pl-PL\",\"potentialAction\":[{\"@type\":\"ReadAction\",\"target\":[\"https:\\\/\\\/pans.krosno.pl\\\/pedagogika-przedszkolna-i-wczesnoszkolna\\\/kontakt-sekretariat\\\/\"]}]},{\"@type\":\"BreadcrumbList\",\"@id\":\"https:\\\/\\\/pans.krosno.pl\\\/pedagogika-przedszkolna-i-wczesnoszkolna\\\/kontakt-sekretariat\\\/#breadcrumb\",\"itemListElement\":[{\"@type\":\"ListItem\",\"position\":1,\"name\":\"Strona g\u0142\u00f3wna\",\"item\":\"https:\\\/\\\/pans.krosno.pl\\\/pedagogika-przedszkolna-i-wczesnoszkolna\\\/\"},{\"@type\":\"ListItem\",\"position\":2,\"name\":\"Kontakt sekretariat\"}]},{\"@type\":\"WebSite\",\"@id\":\"https:\\\/\\\/pans.krosno.pl\\\/pedagogika-przedszkolna-i-wczesnoszkolna\\\/#website\",\"url\":\"https:\\\/\\\/pans.krosno.pl\\\/pedagogika-przedszkolna-i-wczesnoszkolna\\\/\",\"name\":\"PANS w Kro\u015bnie\",\"description\":\"Pa\u0144stwowa Akademia Nauk Stosowanych w Kro\u015bnie\",\"publisher\":{\"@id\":\"https:\\\/\\\/pans.krosno.pl\\\/pedagogika-przedszkolna-i-wczesnoszkolna\\\/#organization\"},\"alternateName\":\"PANS Krosno\",\"potentialAction\":[{\"@type\":\"SearchAction\",\"target\":{\"@type\":\"EntryPoint\",\"urlTemplate\":\"https:\\\/\\\/pans.krosno.pl\\\/pedagogika-przedszkolna-i-wczesnoszkolna\\\/?s={search_term_string}\"},\"query-input\":{\"@type\":\"PropertyValueSpecification\",\"valueRequired\":true,\"valueName\":\"search_term_string\"}}],\"inLanguage\":\"pl-PL\"},{\"@type\":\"Organization\",\"@id\":\"https:\\\/\\\/pans.krosno.pl\\\/pedagogika-przedszkolna-i-wczesnoszkolna\\\/#organization\",\"name\":\"Pa\u0144stwowa Akademia Nauk Stosowanych w Kro\u015bnie\",\"alternateName\":\"PANS Krosno\",\"url\":\"https:\\\/\\\/pans.krosno.pl\\\/pedagogika-przedszkolna-i-wczesnoszkolna\\\/\",\"logo\":{\"@type\":\"ImageObject\",\"inLanguage\":\"pl-PL\",\"@id\":\"https:\\\/\\\/pans.krosno.pl\\\/pedagogika-przedszkolna-i-wczesnoszkolna\\\/#\\\/schema\\\/logo\\\/image\\\/\",\"url\":\"https:\\\/\\\/pans.krosno.pl\\\/wp-content\\\/uploads\\\/2023\\\/01\\\/Logo-PANS-2022-pelne-2-scaled.jpg\",\"contentUrl\":\"https:\\\/\\\/pans.krosno.pl\\\/wp-content\\\/uploads\\\/2023\\\/01\\\/Logo-PANS-2022-pelne-2-scaled.jpg\",\"width\":2560,\"height\":576,\"caption\":\"Pa\u0144stwowa Akademia Nauk Stosowanych w Kro\u015bnie\"},\"image\":{\"@id\":\"https:\\\/\\\/pans.krosno.pl\\\/pedagogika-przedszkolna-i-wczesnoszkolna\\\/#\\\/schema\\\/logo\\\/image\\\/\"},\"sameAs\":[\"https:\\\/\\\/www.facebook.com\\\/StudiaKrosno\\\/\",\"https:\\\/\\\/www.instagram.com\\\/pans.krosno\\\/\",\"https:\\\/\\\/pl.linkedin.com\\\/company\\\/pwsz-krosno\",\"https:\\\/\\\/www.youtube.com\\\/user\\\/pwszkrosno\\\/\",\"https:\\\/\\\/pl.wikipedia.org\\\/wiki\\\/Pa\u0144stwowa_Wy\u017csza_Szko\u0142a_Zawodowa_im._Stanis\u0142awa_Pigonia_w_Kro\u015bnie\"]}]}<\/script>\n<!-- \/ Yoast SEO Premium plugin. -->","yoast_head_json":{"title":"Kontakt sekretariat - Pedagogika przedszkolna i wczesnoszkolna - PANS w Kro\u015bnie","robots":{"index":"index","follow":"follow","max-snippet":"max-snippet:-1","max-image-preview":"max-image-preview:large","max-video-preview":"max-video-preview:-1"},"canonical":"https:\/\/pans.krosno.pl\/pedagogika-przedszkolna-i-wczesnoszkolna\/kontakt-sekretariat\/","og_locale":"pl_PL","og_type":"article","og_title":"Kontakt sekretariat","og_description":"Zak\u0142ad Pedagogikidr Barbara Lulek\u00a0\u2013\u00a0Kierownik Zak\u0142adumgr Natalia Pasierbska\u00a0\u2013 Sekretariattel. 13-43-755-40,\u00a0 fax 13-43-755-41e-mail:\u00a0ih@pans.krosno.plul. Kazimierza Wielkiego 8, 38-400 KrosnoPok\u00f3j nr 15 (I pi\u0119tro)","og_url":"https:\/\/pans.krosno.pl\/pedagogika-przedszkolna-i-wczesnoszkolna\/kontakt-sekretariat\/","og_site_name":"Pedagogika przedszkolna i wczesnoszkolna - PANS w Kro\u015bnie","article_publisher":"https:\/\/www.facebook.com\/StudiaKrosno\/","article_modified_time":"2026-01-21T13:10:30+00:00","twitter_card":"summary_large_image","twitter_misc":{"Szacowany czas czytania":"1 minuta"},"schema":{"@context":"https:\/\/schema.org","@graph":[{"@type":"WebPage","@id":"https:\/\/pans.krosno.pl\/pedagogika-przedszkolna-i-wczesnoszkolna\/kontakt-sekretariat\/","url":"https:\/\/pans.krosno.pl\/pedagogika-przedszkolna-i-wczesnoszkolna\/kontakt-sekretariat\/","name":"Kontakt sekretariat - Pedagogika przedszkolna i wczesnoszkolna - PANS w Kro\u015bnie","isPartOf":{"@id":"https:\/\/pans.krosno.pl\/pedagogika-przedszkolna-i-wczesnoszkolna\/#website"},"datePublished":"2026-01-21T12:43:47+00:00","dateModified":"2026-01-21T13:10:30+00:00","breadcrumb":{"@id":"https:\/\/pans.krosno.pl\/pedagogika-przedszkolna-i-wczesnoszkolna\/kontakt-sekretariat\/#breadcrumb"},"inLanguage":"pl-PL","potentialAction":[{"@type":"ReadAction","target":["https:\/\/pans.krosno.pl\/pedagogika-przedszkolna-i-wczesnoszkolna\/kontakt-sekretariat\/"]}]},{"@type":"BreadcrumbList","@id":"https:\/\/pans.krosno.pl\/pedagogika-przedszkolna-i-wczesnoszkolna\/kontakt-sekretariat\/#breadcrumb","itemListElement":[{"@type":"ListItem","position":1,"name":"Strona g\u0142\u00f3wna","item":"https:\/\/pans.krosno.pl\/pedagogika-przedszkolna-i-wczesnoszkolna\/"},{"@type":"ListItem","position":2,"name":"Kontakt sekretariat"}]},{"@type":"WebSite","@id":"https:\/\/pans.krosno.pl\/pedagogika-przedszkolna-i-wczesnoszkolna\/#website","url":"https:\/\/pans.krosno.pl\/pedagogika-przedszkolna-i-wczesnoszkolna\/","name":"PANS w Kro\u015bnie","description":"Pa\u0144stwowa Akademia Nauk Stosowanych w Kro\u015bnie","publisher":{"@id":"https:\/\/pans.krosno.pl\/pedagogika-przedszkolna-i-wczesnoszkolna\/#organization"},"alternateName":"PANS Krosno","potentialAction":[{"@type":"SearchAction","target":{"@type":"EntryPoint","urlTemplate":"https:\/\/pans.krosno.pl\/pedagogika-przedszkolna-i-wczesnoszkolna\/?s={search_term_string}"},"query-input":{"@type":"PropertyValueSpecification","valueRequired":true,"valueName":"search_term_string"}}],"inLanguage":"pl-PL"},{"@type":"Organization","@id":"https:\/\/pans.krosno.pl\/pedagogika-przedszkolna-i-wczesnoszkolna\/#organization","name":"Pa\u0144stwowa Akademia Nauk Stosowanych w Kro\u015bnie","alternateName":"PANS Krosno","url":"https:\/\/pans.krosno.pl\/pedagogika-przedszkolna-i-wczesnoszkolna\/","logo":{"@type":"ImageObject","inLanguage":"pl-PL","@id":"https:\/\/pans.krosno.pl\/pedagogika-przedszkolna-i-wczesnoszkolna\/#\/schema\/logo\/image\/","url":"https:\/\/pans.krosno.pl\/wp-content\/uploads\/2023\/01\/Logo-PANS-2022-pelne-2-scaled.jpg","contentUrl":"https:\/\/pans.krosno.pl\/wp-content\/uploads\/2023\/01\/Logo-PANS-2022-pelne-2-scaled.jpg","width":2560,"height":576,"caption":"Pa\u0144stwowa Akademia Nauk Stosowanych w Kro\u015bnie"},"image":{"@id":"https:\/\/pans.krosno.pl\/pedagogika-przedszkolna-i-wczesnoszkolna\/#\/schema\/logo\/image\/"},"sameAs":["https:\/\/www.facebook.com\/StudiaKrosno\/","https:\/\/www.instagram.com\/pans.krosno\/","https:\/\/pl.linkedin.com\/company\/pwsz-krosno","https:\/\/www.youtube.com\/user\/pwszkrosno\/","https:\/\/pl.wikipedia.org\/wiki\/Pa\u0144stwowa_Wy\u017csza_Szko\u0142a_Zawodowa_im._Stanis\u0142awa_Pigonia_w_Kro\u015bnie"]}]}},"_links":{"self":[{"href":"https:\/\/pans.krosno.pl\/pedagogika-przedszkolna-i-wczesnoszkolna\/wp-json\/wp\/v2\/pages\/51","targetHints":{"allow":["GET"]}}],"collection":[{"href":"https:\/\/pans.krosno.pl\/pedagogika-przedszkolna-i-wczesnoszkolna\/wp-json\/wp\/v2\/pages"}],"about":[{"href":"https:\/\/pans.krosno.pl\/pedagogika-przedszkolna-i-wczesnoszkolna\/wp-json\/wp\/v2\/types\/page"}],"author":[{"embeddable":true,"href":"https:\/\/pans.krosno.pl\/pedagogika-przedszkolna-i-wczesnoszkolna\/wp-json\/wp\/v2\/users\/27"}],"replies":[{"embeddable":true,"href":"https:\/\/pans.krosno.pl\/pedagogika-przedszkolna-i-wczesnoszkolna\/wp-json\/wp\/v2\/comments?post=51"}],"version-history":[{"count":1,"href":"https:\/\/pans.krosno.pl\/pedagogika-przedszkolna-i-wczesnoszkolna\/wp-json\/wp\/v2\/pages\/51\/revisions"}],"predecessor-version":[{"id":52,"href":"https:\/\/pans.krosno.pl\/pedagogika-przedszkolna-i-wczesnoszkolna\/wp-json\/wp\/v2\/pages\/51\/revisions\/52"}],"wp:attachment":[{"href":"https:\/\/pans.krosno.pl\/pedagogika-przedszkolna-i-wczesnoszkolna\/wp-json\/wp\/v2\/media?parent=51"}],"curies":[{"name":"wp","href":"https:\/\/api.w.org\/{rel}","templated":true}]}}