{"id":67,"date":"2019-12-22T13:25:48","date_gmt":"2019-12-22T12:25:48","guid":{"rendered":"https:\/\/pans.krosno.pl\/mibm\/?page_id=67"},"modified":"2025-10-06T18:28:10","modified_gmt":"2025-10-06T16:28:10","slug":"pracownicy","status":"publish","type":"page","link":"https:\/\/pans.krosno.pl\/mibm\/pracownicy\/","title":{"rendered":"Pracownicy"},"content":{"rendered":"<ul class=\"rich-text editor-rich-text__editable block-editor-rich-text__editable\" role=\"textbox\" aria-label=\"Wprowad\u017a list\u0119...\">\n<li><a href=\"https:\/\/pans.krosno.pl\/pracownicy\/dorota-chodorowska\/\" target=\"_blank\" rel=\"noopener noreferrer\">dr in\u017c. Dorota Chodorowska<\/a> &#8211; Kierownik Zak\u0142adu Mechaniki i&nbsp;Budowy Maszyn<\/li>\n<li><a href=\"https:\/\/pans.krosno.pl\/pracownicy\/wojciech-batko\/\" target=\"_blank\" rel=\"noopener noreferrer\">prof. dr hab. in\u017c. Wojciech Batko<\/a><\/li>\n<li><a href=\"https:\/\/pans.krosno.pl\/pracownicy\/tadeusz-wszolek\/\" target=\"_blank\" rel=\"noopener noreferrer\">dr hab. in\u017c. Tadeusz Wszo\u0142ek, prof. PANS<\/a><\/li>\n<li><a href=\"https:\/\/pans.krosno.pl\/pracownicy\/bogdan-krasowski\/\" target=\"_blank\" rel=\"noopener noreferrer\">dr in\u017c. Bogdan Krasowski<\/a><\/li>\n<li><a href=\"https:\/\/pans.krosno.pl\/pracownicy\/mikhael-hakim\/\" target=\"_blank\" rel=\"noopener noreferrer\">dr in\u017c. Mikhael Hakim<\/a><\/li>\n<li><a href=\"https:\/\/pans.krosno.pl\/pracownicy\/romuald-fejkiel\/\" target=\"_blank\" rel=\"noopener noreferrer\">dr in\u017c. Romuald Fejkiel<\/a><\/li>\n<li><a href=\"https:\/\/pans.krosno.pl\/pracownicy\/tomasz-kosztyla\/\" target=\"_blank\" rel=\"noopener noreferrer\">dr in\u017c. Tomasz Koszty\u0142a<\/a><\/li>\n<li><a href=\"https:\/\/pans.krosno.pl\/pracownicy\/krzysztof-ochalek\/\" target=\"_blank\" rel=\"noopener noreferrer\">mgr in\u017c. Krzysztof Ocha\u0142ek<\/a>&nbsp;<\/li>\n<\/ul>\n\n\n<h2 class=\"wp-block-heading\" id=\"h-kadra-wspomagajaca-proces-dydaktyczny\">Kadra wspomagaj\u0105ca proces dydaktyczny<\/h2>\n\n\n<ul class=\"rich-text editor-rich-text__editable block-editor-rich-text__editable\" role=\"textbox\" aria-label=\"Wprowad\u017a list\u0119...\">\n<li><a href=\"https:\/\/pans.krosno.pl\/pracownicy\/agnieszka-wozniak\/\">dr Agnieszka Wo\u017aniak<\/a><\/li>\n<li><a href=\"https:\/\/pans.krosno.pl\/pracownicy\/renata-bal\/\">dr Renata Bal<\/a><\/li>\n<li><a href=\"https:\/\/pans.krosno.pl\/pracownicy\/katarzyna-czupinska\/\">dr Katarzyna Czupi\u0144ska<\/a><\/li>\n<li><a href=\"https:\/\/pans.krosno.pl\/pracownicy\/wieslaw-niedoba\/\">dr Wies\u0142aw Niedoba<\/a><\/li>\n<li><a href=\"http:\/\/pans.krosno.pl\/pracownicy\/joanna-krochmal\">mgr Joanna Krochmal<\/a><\/li>\n<li><a href=\"https:\/\/pans.krosno.pl\/pracownicy\/malgorzata-zrodlo-loda\/\">dr in\u017c. Ma\u0142gorzata \u0179r\u00f3d\u0142o-Loda<\/a><\/li>\n<li><a href=\"https:\/\/pans.krosno.pl\/pracownicy\/magdalena-dykiel\/\">dr in\u017c. Magdalena Dykiel<\/a><\/li>\n<li><a href=\"https:\/\/pans.krosno.pl\/pracownicy\/maria.rysz\/\">dr in\u017c. Maria Rysz<\/a><\/li>\n<li>dr Janusz Boczar<\/li>\n<li>mgr in\u017c. Micha\u0142 Bobusia<\/li>\n<li><a href=\"https:\/\/pans.krosno.pl\/pracownicy\/radoslaw-kruk\/\">mgr in\u017c. Rados\u0142aw Kruk<\/a><\/li>\n<li><a href=\"https:\/\/pans.krosno.pl\/pracownicy\/wojciech-berezowski\/\" target=\"_blank\" rel=\"noopener noreferrer\">mgr in\u017c. Wojciech Berezowski<\/a><\/li>\n<li><a href=\"http:\/\/pans.krosno.pl\/pracownicy\/leszek-habrat\/\">dr Leszek Habrat<\/a><\/li>\n<\/ul>\n\n\n<p><\/p>\n","protected":false},"excerpt":{"rendered":"<p>dr in\u017c. Dorota Chodorowska &#8211; Kierownik Zak\u0142adu Mechaniki i&nbsp;Budowy Maszyn prof. dr hab. in\u017c. Wojciech Batko dr hab. in\u017c. Tadeusz Wszo\u0142ek, prof. PANS dr in\u017c. Bogdan Krasowski dr in\u017c. Mikhael Hakim dr in\u017c. Romuald Fejkiel dr in\u017c. Tomasz Koszty\u0142a mgr in\u017c. Krzysztof Ocha\u0142ek&nbsp; Kadra wspomagaj\u0105ca proces dydaktyczny dr Agnieszka Wo\u017aniak [\u2026] <\/p>\n<div class=\"clear\"><\/div>\n<p><a class=\"more_link clearfix\" href=\"https:\/\/pans.krosno.pl\/mibm\/pracownicy\/\" rel=\"nofollow\">Read More<\/a><\/p>\n","protected":false},"author":27,"featured_media":0,"parent":0,"menu_order":0,"comment_status":"closed","ping_status":"closed","template":"page-templates\/template-full-width.php","meta":{"ngg_post_thumbnail":0,"footnotes":""},"class_list":["post-67","page","type-page","status-publish","hentry"],"yoast_head":"<!-- This site is optimized with the Yoast SEO Premium plugin v27.3 (Yoast SEO v27.3) - https:\/\/yoast.com\/product\/yoast-seo-premium-wordpress\/ -->\n<title>Pracownicy - Mechanika i Budowa Maszyn PANS w Kro\u015bnie<\/title>\n<meta name=\"description\" content=\"KPU w Kro\u015bnie\" \/>\n<meta name=\"robots\" content=\"index, follow, max-snippet:-1, max-image-preview:large, max-video-preview:-1\" \/>\n<link rel=\"canonical\" href=\"https:\/\/pans.krosno.pl\/mibm\/pracownicy\/\" \/>\n<meta property=\"og:locale\" content=\"pl_PL\" \/>\n<meta property=\"og:type\" content=\"article\" \/>\n<meta property=\"og:title\" content=\"Pracownicy\" \/>\n<meta property=\"og:description\" content=\"KPU w Kro\u015bnie\" \/>\n<meta property=\"og:url\" content=\"https:\/\/pans.krosno.pl\/mibm\/pracownicy\/\" \/>\n<meta property=\"og:site_name\" content=\"Mechanika i Budowa Maszyn PANS w Kro\u015bnie\" \/>\n<meta property=\"article:modified_time\" content=\"2025-10-06T16:28:10+00:00\" \/>\n<meta name=\"twitter:card\" content=\"summary_large_image\" \/>\n<meta name=\"twitter:label1\" content=\"Szacowany czas czytania\" \/>\n\t<meta name=\"twitter:data1\" content=\"1 minuta\" \/>\n<script type=\"application\/ld+json\" class=\"yoast-schema-graph\">{\"@context\":\"https:\\\/\\\/schema.org\",\"@graph\":[{\"@type\":\"WebPage\",\"@id\":\"https:\\\/\\\/pans.krosno.pl\\\/mibm\\\/pracownicy\\\/\",\"url\":\"https:\\\/\\\/pans.krosno.pl\\\/mibm\\\/pracownicy\\\/\",\"name\":\"Pracownicy - Mechanika i Budowa Maszyn PANS w Kro\u015bnie\",\"isPartOf\":{\"@id\":\"https:\\\/\\\/pans.krosno.pl\\\/mibm\\\/#website\"},\"datePublished\":\"2019-12-22T12:25:48+00:00\",\"dateModified\":\"2025-10-06T16:28:10+00:00\",\"description\":\"KPU w Kro\u015bnie\",\"breadcrumb\":{\"@id\":\"https:\\\/\\\/pans.krosno.pl\\\/mibm\\\/pracownicy\\\/#breadcrumb\"},\"inLanguage\":\"pl-PL\",\"potentialAction\":[{\"@type\":\"ReadAction\",\"target\":[\"https:\\\/\\\/pans.krosno.pl\\\/mibm\\\/pracownicy\\\/\"]}]},{\"@type\":\"BreadcrumbList\",\"@id\":\"https:\\\/\\\/pans.krosno.pl\\\/mibm\\\/pracownicy\\\/#breadcrumb\",\"itemListElement\":[{\"@type\":\"ListItem\",\"position\":1,\"name\":\"Strona g\u0142\u00f3wna\",\"item\":\"https:\\\/\\\/pans.krosno.pl\\\/mibm\\\/\"},{\"@type\":\"ListItem\",\"position\":2,\"name\":\"Pracownicy\"}]},{\"@type\":\"WebSite\",\"@id\":\"https:\\\/\\\/pans.krosno.pl\\\/mibm\\\/#website\",\"url\":\"https:\\\/\\\/pans.krosno.pl\\\/mibm\\\/\",\"name\":\"Mechanika i Budowa Maszyn PANS w Kro\u015bnie\",\"description\":\"Mechanika i Budowa Maszyn - Pa\u0144stwowa Akademia Nauk Stosowanych\",\"publisher\":{\"@id\":\"https:\\\/\\\/pans.krosno.pl\\\/mibm\\\/#organization\"},\"potentialAction\":[{\"@type\":\"SearchAction\",\"target\":{\"@type\":\"EntryPoint\",\"urlTemplate\":\"https:\\\/\\\/pans.krosno.pl\\\/mibm\\\/?s={search_term_string}\"},\"query-input\":{\"@type\":\"PropertyValueSpecification\",\"valueRequired\":true,\"valueName\":\"search_term_string\"}}],\"inLanguage\":\"pl-PL\"},{\"@type\":\"Organization\",\"@id\":\"https:\\\/\\\/pans.krosno.pl\\\/mibm\\\/#organization\",\"name\":\"Mechanika i Budowa Maszyn PANS w Kro\u015bnie\",\"url\":\"https:\\\/\\\/pans.krosno.pl\\\/mibm\\\/\",\"logo\":{\"@type\":\"ImageObject\",\"inLanguage\":\"pl-PL\",\"@id\":\"https:\\\/\\\/pans.krosno.pl\\\/mibm\\\/#\\\/schema\\\/logo\\\/image\\\/\",\"url\":\"https:\\\/\\\/pans.krosno.pl\\\/mibm\\\/wp-content\\\/uploads\\\/sites\\\/19\\\/2023\\\/01\\\/Logo-PANS-2022-pelne.png\",\"contentUrl\":\"https:\\\/\\\/pans.krosno.pl\\\/mibm\\\/wp-content\\\/uploads\\\/sites\\\/19\\\/2023\\\/01\\\/Logo-PANS-2022-pelne.png\",\"width\":3096,\"height\":696,\"caption\":\"Mechanika i Budowa Maszyn PANS w Kro\u015bnie\"},\"image\":{\"@id\":\"https:\\\/\\\/pans.krosno.pl\\\/mibm\\\/#\\\/schema\\\/logo\\\/image\\\/\"}}]}<\/script>\n<!-- \/ Yoast SEO Premium plugin. -->","yoast_head_json":{"title":"Pracownicy - Mechanika i Budowa Maszyn PANS w Kro\u015bnie","description":"KPU w Kro\u015bnie","robots":{"index":"index","follow":"follow","max-snippet":"max-snippet:-1","max-image-preview":"max-image-preview:large","max-video-preview":"max-video-preview:-1"},"canonical":"https:\/\/pans.krosno.pl\/mibm\/pracownicy\/","og_locale":"pl_PL","og_type":"article","og_title":"Pracownicy","og_description":"KPU w Kro\u015bnie","og_url":"https:\/\/pans.krosno.pl\/mibm\/pracownicy\/","og_site_name":"Mechanika i Budowa Maszyn PANS w Kro\u015bnie","article_modified_time":"2025-10-06T16:28:10+00:00","twitter_card":"summary_large_image","twitter_misc":{"Szacowany czas czytania":"1 minuta"},"schema":{"@context":"https:\/\/schema.org","@graph":[{"@type":"WebPage","@id":"https:\/\/pans.krosno.pl\/mibm\/pracownicy\/","url":"https:\/\/pans.krosno.pl\/mibm\/pracownicy\/","name":"Pracownicy - Mechanika i Budowa Maszyn PANS w Kro\u015bnie","isPartOf":{"@id":"https:\/\/pans.krosno.pl\/mibm\/#website"},"datePublished":"2019-12-22T12:25:48+00:00","dateModified":"2025-10-06T16:28:10+00:00","description":"KPU w Kro\u015bnie","breadcrumb":{"@id":"https:\/\/pans.krosno.pl\/mibm\/pracownicy\/#breadcrumb"},"inLanguage":"pl-PL","potentialAction":[{"@type":"ReadAction","target":["https:\/\/pans.krosno.pl\/mibm\/pracownicy\/"]}]},{"@type":"BreadcrumbList","@id":"https:\/\/pans.krosno.pl\/mibm\/pracownicy\/#breadcrumb","itemListElement":[{"@type":"ListItem","position":1,"name":"Strona g\u0142\u00f3wna","item":"https:\/\/pans.krosno.pl\/mibm\/"},{"@type":"ListItem","position":2,"name":"Pracownicy"}]},{"@type":"WebSite","@id":"https:\/\/pans.krosno.pl\/mibm\/#website","url":"https:\/\/pans.krosno.pl\/mibm\/","name":"Mechanika i Budowa Maszyn PANS w Kro\u015bnie","description":"Mechanika i Budowa Maszyn - Pa\u0144stwowa Akademia Nauk Stosowanych","publisher":{"@id":"https:\/\/pans.krosno.pl\/mibm\/#organization"},"potentialAction":[{"@type":"SearchAction","target":{"@type":"EntryPoint","urlTemplate":"https:\/\/pans.krosno.pl\/mibm\/?s={search_term_string}"},"query-input":{"@type":"PropertyValueSpecification","valueRequired":true,"valueName":"search_term_string"}}],"inLanguage":"pl-PL"},{"@type":"Organization","@id":"https:\/\/pans.krosno.pl\/mibm\/#organization","name":"Mechanika i Budowa Maszyn PANS w Kro\u015bnie","url":"https:\/\/pans.krosno.pl\/mibm\/","logo":{"@type":"ImageObject","inLanguage":"pl-PL","@id":"https:\/\/pans.krosno.pl\/mibm\/#\/schema\/logo\/image\/","url":"https:\/\/pans.krosno.pl\/mibm\/wp-content\/uploads\/sites\/19\/2023\/01\/Logo-PANS-2022-pelne.png","contentUrl":"https:\/\/pans.krosno.pl\/mibm\/wp-content\/uploads\/sites\/19\/2023\/01\/Logo-PANS-2022-pelne.png","width":3096,"height":696,"caption":"Mechanika i Budowa Maszyn PANS w Kro\u015bnie"},"image":{"@id":"https:\/\/pans.krosno.pl\/mibm\/#\/schema\/logo\/image\/"}}]}},"_links":{"self":[{"href":"https:\/\/pans.krosno.pl\/mibm\/wp-json\/wp\/v2\/pages\/67","targetHints":{"allow":["GET"]}}],"collection":[{"href":"https:\/\/pans.krosno.pl\/mibm\/wp-json\/wp\/v2\/pages"}],"about":[{"href":"https:\/\/pans.krosno.pl\/mibm\/wp-json\/wp\/v2\/types\/page"}],"author":[{"embeddable":true,"href":"https:\/\/pans.krosno.pl\/mibm\/wp-json\/wp\/v2\/users\/27"}],"replies":[{"embeddable":true,"href":"https:\/\/pans.krosno.pl\/mibm\/wp-json\/wp\/v2\/comments?post=67"}],"version-history":[{"count":72,"href":"https:\/\/pans.krosno.pl\/mibm\/wp-json\/wp\/v2\/pages\/67\/revisions"}],"predecessor-version":[{"id":2714,"href":"https:\/\/pans.krosno.pl\/mibm\/wp-json\/wp\/v2\/pages\/67\/revisions\/2714"}],"wp:attachment":[{"href":"https:\/\/pans.krosno.pl\/mibm\/wp-json\/wp\/v2\/media?parent=67"}],"curies":[{"name":"wp","href":"https:\/\/api.w.org\/{rel}","templated":true}]}}