{"id":446,"date":"2020-05-07T23:07:17","date_gmt":"2020-05-07T21:07:17","guid":{"rendered":"https:\/\/pans.krosno.pl\/mibm\/?page_id=446"},"modified":"2020-07-07T14:51:11","modified_gmt":"2020-07-07T12:51:11","slug":"galeria-zakladu-mechaniki-i-budowy-maszyn","status":"publish","type":"page","link":"https:\/\/pans.krosno.pl\/mibm\/galeria-zakladu-mechaniki-i-budowy-maszyn\/","title":{"rendered":"Galeria Zak\u0142adu Mechaniki i budowy maszyn"},"content":{"rendered":"\nngg_shortcode_0_placeholder\n","protected":false},"excerpt":{"rendered":"","protected":false},"author":27,"featured_media":680,"parent":0,"menu_order":0,"comment_status":"closed","ping_status":"closed","template":"page-templates\/template-full-width.php","meta":{"ngg_post_thumbnail":0,"footnotes":""},"class_list":["post-446","page","type-page","status-publish","has-post-thumbnail","hentry"],"yoast_head":"<!-- This site is optimized with the Yoast SEO Premium plugin v27.3 (Yoast SEO v27.3) - https:\/\/yoast.com\/product\/yoast-seo-premium-wordpress\/ -->\n<title>Galeria Zak\u0142adu Mechaniki i budowy maszyn - Mechanika i Budowa Maszyn PANS w Kro\u015bnie<\/title>\n<meta name=\"description\" content=\"KPU w Kro\u015bnie\" \/>\n<meta name=\"robots\" content=\"index, follow, max-snippet:-1, max-image-preview:large, max-video-preview:-1\" \/>\n<link rel=\"canonical\" href=\"https:\/\/pans.krosno.pl\/mibm\/galeria-zakladu-mechaniki-i-budowy-maszyn\/\" \/>\n<meta property=\"og:locale\" content=\"pl_PL\" \/>\n<meta property=\"og:type\" content=\"article\" \/>\n<meta property=\"og:title\" content=\"Galeria Zak\u0142adu Mechaniki i budowy maszyn\" \/>\n<meta property=\"og:description\" content=\"KPU w Kro\u015bnie\" \/>\n<meta property=\"og:url\" content=\"https:\/\/pans.krosno.pl\/mibm\/galeria-zakladu-mechaniki-i-budowy-maszyn\/\" \/>\n<meta property=\"og:site_name\" content=\"Mechanika i Budowa Maszyn PANS w Kro\u015bnie\" \/>\n<meta property=\"article:modified_time\" content=\"2020-07-07T12:51:11+00:00\" \/>\n<meta property=\"og:image\" content=\"https:\/\/pans.krosno.pl\/wp-content\/uploads\/sites\/19\/2020\/06\/DSC07618-2-scaled.jpg\" \/>\n\t<meta property=\"og:image:width\" content=\"2560\" \/>\n\t<meta property=\"og:image:height\" content=\"1704\" \/>\n\t<meta property=\"og:image:type\" content=\"image\/jpeg\" \/>\n<meta name=\"twitter:card\" content=\"summary_large_image\" \/>\n<script type=\"application\/ld+json\" class=\"yoast-schema-graph\">{\"@context\":\"https:\\\/\\\/schema.org\",\"@graph\":[{\"@type\":\"WebPage\",\"@id\":\"https:\\\/\\\/pans.krosno.pl\\\/mibm\\\/galeria-zakladu-mechaniki-i-budowy-maszyn\\\/\",\"url\":\"https:\\\/\\\/pans.krosno.pl\\\/mibm\\\/galeria-zakladu-mechaniki-i-budowy-maszyn\\\/\",\"name\":\"Galeria Zak\u0142adu Mechaniki i budowy maszyn - Mechanika i Budowa Maszyn PANS w Kro\u015bnie\",\"isPartOf\":{\"@id\":\"https:\\\/\\\/pans.krosno.pl\\\/mibm\\\/#website\"},\"primaryImageOfPage\":{\"@id\":\"https:\\\/\\\/pans.krosno.pl\\\/mibm\\\/galeria-zakladu-mechaniki-i-budowy-maszyn\\\/#primaryimage\"},\"image\":{\"@id\":\"https:\\\/\\\/pans.krosno.pl\\\/mibm\\\/galeria-zakladu-mechaniki-i-budowy-maszyn\\\/#primaryimage\"},\"thumbnailUrl\":\"https:\\\/\\\/pans.krosno.pl\\\/mibm\\\/wp-content\\\/uploads\\\/sites\\\/19\\\/2020\\\/06\\\/DSC07618-2-scaled.jpg\",\"datePublished\":\"2020-05-07T21:07:17+00:00\",\"dateModified\":\"2020-07-07T12:51:11+00:00\",\"description\":\"KPU w Kro\u015bnie\",\"breadcrumb\":{\"@id\":\"https:\\\/\\\/pans.krosno.pl\\\/mibm\\\/galeria-zakladu-mechaniki-i-budowy-maszyn\\\/#breadcrumb\"},\"inLanguage\":\"pl-PL\",\"potentialAction\":[{\"@type\":\"ReadAction\",\"target\":[\"https:\\\/\\\/pans.krosno.pl\\\/mibm\\\/galeria-zakladu-mechaniki-i-budowy-maszyn\\\/\"]}]},{\"@type\":\"ImageObject\",\"inLanguage\":\"pl-PL\",\"@id\":\"https:\\\/\\\/pans.krosno.pl\\\/mibm\\\/galeria-zakladu-mechaniki-i-budowy-maszyn\\\/#primaryimage\",\"url\":\"https:\\\/\\\/pans.krosno.pl\\\/mibm\\\/wp-content\\\/uploads\\\/sites\\\/19\\\/2020\\\/06\\\/DSC07618-2-scaled.jpg\",\"contentUrl\":\"https:\\\/\\\/pans.krosno.pl\\\/mibm\\\/wp-content\\\/uploads\\\/sites\\\/19\\\/2020\\\/06\\\/DSC07618-2-scaled.jpg\",\"width\":2560,\"height\":1704,\"caption\":\"SONY DSC\"},{\"@type\":\"BreadcrumbList\",\"@id\":\"https:\\\/\\\/pans.krosno.pl\\\/mibm\\\/galeria-zakladu-mechaniki-i-budowy-maszyn\\\/#breadcrumb\",\"itemListElement\":[{\"@type\":\"ListItem\",\"position\":1,\"name\":\"Strona g\u0142\u00f3wna\",\"item\":\"https:\\\/\\\/pans.krosno.pl\\\/mibm\\\/\"},{\"@type\":\"ListItem\",\"position\":2,\"name\":\"Galeria Zak\u0142adu Mechaniki i budowy maszyn\"}]},{\"@type\":\"WebSite\",\"@id\":\"https:\\\/\\\/pans.krosno.pl\\\/mibm\\\/#website\",\"url\":\"https:\\\/\\\/pans.krosno.pl\\\/mibm\\\/\",\"name\":\"Mechanika i Budowa Maszyn PANS w Kro\u015bnie\",\"description\":\"Mechanika i Budowa Maszyn - Pa\u0144stwowa Akademia Nauk Stosowanych\",\"publisher\":{\"@id\":\"https:\\\/\\\/pans.krosno.pl\\\/mibm\\\/#organization\"},\"potentialAction\":[{\"@type\":\"SearchAction\",\"target\":{\"@type\":\"EntryPoint\",\"urlTemplate\":\"https:\\\/\\\/pans.krosno.pl\\\/mibm\\\/?s={search_term_string}\"},\"query-input\":{\"@type\":\"PropertyValueSpecification\",\"valueRequired\":true,\"valueName\":\"search_term_string\"}}],\"inLanguage\":\"pl-PL\"},{\"@type\":\"Organization\",\"@id\":\"https:\\\/\\\/pans.krosno.pl\\\/mibm\\\/#organization\",\"name\":\"Mechanika i Budowa Maszyn PANS w Kro\u015bnie\",\"url\":\"https:\\\/\\\/pans.krosno.pl\\\/mibm\\\/\",\"logo\":{\"@type\":\"ImageObject\",\"inLanguage\":\"pl-PL\",\"@id\":\"https:\\\/\\\/pans.krosno.pl\\\/mibm\\\/#\\\/schema\\\/logo\\\/image\\\/\",\"url\":\"https:\\\/\\\/pans.krosno.pl\\\/mibm\\\/wp-content\\\/uploads\\\/sites\\\/19\\\/2023\\\/01\\\/Logo-PANS-2022-pelne.png\",\"contentUrl\":\"https:\\\/\\\/pans.krosno.pl\\\/mibm\\\/wp-content\\\/uploads\\\/sites\\\/19\\\/2023\\\/01\\\/Logo-PANS-2022-pelne.png\",\"width\":3096,\"height\":696,\"caption\":\"Mechanika i Budowa Maszyn PANS w Kro\u015bnie\"},\"image\":{\"@id\":\"https:\\\/\\\/pans.krosno.pl\\\/mibm\\\/#\\\/schema\\\/logo\\\/image\\\/\"}}]}<\/script>\n<!-- \/ Yoast SEO Premium plugin. -->","yoast_head_json":{"title":"Galeria Zak\u0142adu Mechaniki i budowy maszyn - Mechanika i Budowa Maszyn PANS w Kro\u015bnie","description":"KPU w Kro\u015bnie","robots":{"index":"index","follow":"follow","max-snippet":"max-snippet:-1","max-image-preview":"max-image-preview:large","max-video-preview":"max-video-preview:-1"},"canonical":"https:\/\/pans.krosno.pl\/mibm\/galeria-zakladu-mechaniki-i-budowy-maszyn\/","og_locale":"pl_PL","og_type":"article","og_title":"Galeria Zak\u0142adu Mechaniki i budowy maszyn","og_description":"KPU w Kro\u015bnie","og_url":"https:\/\/pans.krosno.pl\/mibm\/galeria-zakladu-mechaniki-i-budowy-maszyn\/","og_site_name":"Mechanika i Budowa Maszyn PANS w Kro\u015bnie","article_modified_time":"2020-07-07T12:51:11+00:00","og_image":[{"width":2560,"height":1704,"url":"https:\/\/pans.krosno.pl\/wp-content\/uploads\/sites\/19\/2020\/06\/DSC07618-2-scaled.jpg","type":"image\/jpeg"}],"twitter_card":"summary_large_image","schema":{"@context":"https:\/\/schema.org","@graph":[{"@type":"WebPage","@id":"https:\/\/pans.krosno.pl\/mibm\/galeria-zakladu-mechaniki-i-budowy-maszyn\/","url":"https:\/\/pans.krosno.pl\/mibm\/galeria-zakladu-mechaniki-i-budowy-maszyn\/","name":"Galeria Zak\u0142adu Mechaniki i budowy maszyn - Mechanika i Budowa Maszyn PANS w Kro\u015bnie","isPartOf":{"@id":"https:\/\/pans.krosno.pl\/mibm\/#website"},"primaryImageOfPage":{"@id":"https:\/\/pans.krosno.pl\/mibm\/galeria-zakladu-mechaniki-i-budowy-maszyn\/#primaryimage"},"image":{"@id":"https:\/\/pans.krosno.pl\/mibm\/galeria-zakladu-mechaniki-i-budowy-maszyn\/#primaryimage"},"thumbnailUrl":"https:\/\/pans.krosno.pl\/mibm\/wp-content\/uploads\/sites\/19\/2020\/06\/DSC07618-2-scaled.jpg","datePublished":"2020-05-07T21:07:17+00:00","dateModified":"2020-07-07T12:51:11+00:00","description":"KPU w Kro\u015bnie","breadcrumb":{"@id":"https:\/\/pans.krosno.pl\/mibm\/galeria-zakladu-mechaniki-i-budowy-maszyn\/#breadcrumb"},"inLanguage":"pl-PL","potentialAction":[{"@type":"ReadAction","target":["https:\/\/pans.krosno.pl\/mibm\/galeria-zakladu-mechaniki-i-budowy-maszyn\/"]}]},{"@type":"ImageObject","inLanguage":"pl-PL","@id":"https:\/\/pans.krosno.pl\/mibm\/galeria-zakladu-mechaniki-i-budowy-maszyn\/#primaryimage","url":"https:\/\/pans.krosno.pl\/mibm\/wp-content\/uploads\/sites\/19\/2020\/06\/DSC07618-2-scaled.jpg","contentUrl":"https:\/\/pans.krosno.pl\/mibm\/wp-content\/uploads\/sites\/19\/2020\/06\/DSC07618-2-scaled.jpg","width":2560,"height":1704,"caption":"SONY DSC"},{"@type":"BreadcrumbList","@id":"https:\/\/pans.krosno.pl\/mibm\/galeria-zakladu-mechaniki-i-budowy-maszyn\/#breadcrumb","itemListElement":[{"@type":"ListItem","position":1,"name":"Strona g\u0142\u00f3wna","item":"https:\/\/pans.krosno.pl\/mibm\/"},{"@type":"ListItem","position":2,"name":"Galeria Zak\u0142adu Mechaniki i budowy maszyn"}]},{"@type":"WebSite","@id":"https:\/\/pans.krosno.pl\/mibm\/#website","url":"https:\/\/pans.krosno.pl\/mibm\/","name":"Mechanika i Budowa Maszyn PANS w Kro\u015bnie","description":"Mechanika i Budowa Maszyn - Pa\u0144stwowa Akademia Nauk Stosowanych","publisher":{"@id":"https:\/\/pans.krosno.pl\/mibm\/#organization"},"potentialAction":[{"@type":"SearchAction","target":{"@type":"EntryPoint","urlTemplate":"https:\/\/pans.krosno.pl\/mibm\/?s={search_term_string}"},"query-input":{"@type":"PropertyValueSpecification","valueRequired":true,"valueName":"search_term_string"}}],"inLanguage":"pl-PL"},{"@type":"Organization","@id":"https:\/\/pans.krosno.pl\/mibm\/#organization","name":"Mechanika i Budowa Maszyn PANS w Kro\u015bnie","url":"https:\/\/pans.krosno.pl\/mibm\/","logo":{"@type":"ImageObject","inLanguage":"pl-PL","@id":"https:\/\/pans.krosno.pl\/mibm\/#\/schema\/logo\/image\/","url":"https:\/\/pans.krosno.pl\/mibm\/wp-content\/uploads\/sites\/19\/2023\/01\/Logo-PANS-2022-pelne.png","contentUrl":"https:\/\/pans.krosno.pl\/mibm\/wp-content\/uploads\/sites\/19\/2023\/01\/Logo-PANS-2022-pelne.png","width":3096,"height":696,"caption":"Mechanika i Budowa Maszyn PANS w Kro\u015bnie"},"image":{"@id":"https:\/\/pans.krosno.pl\/mibm\/#\/schema\/logo\/image\/"}}]}},"_links":{"self":[{"href":"https:\/\/pans.krosno.pl\/mibm\/wp-json\/wp\/v2\/pages\/446","targetHints":{"allow":["GET"]}}],"collection":[{"href":"https:\/\/pans.krosno.pl\/mibm\/wp-json\/wp\/v2\/pages"}],"about":[{"href":"https:\/\/pans.krosno.pl\/mibm\/wp-json\/wp\/v2\/types\/page"}],"author":[{"embeddable":true,"href":"https:\/\/pans.krosno.pl\/mibm\/wp-json\/wp\/v2\/users\/27"}],"replies":[{"embeddable":true,"href":"https:\/\/pans.krosno.pl\/mibm\/wp-json\/wp\/v2\/comments?post=446"}],"version-history":[{"count":6,"href":"https:\/\/pans.krosno.pl\/mibm\/wp-json\/wp\/v2\/pages\/446\/revisions"}],"predecessor-version":[{"id":684,"href":"https:\/\/pans.krosno.pl\/mibm\/wp-json\/wp\/v2\/pages\/446\/revisions\/684"}],"wp:featuredmedia":[{"embeddable":true,"href":"https:\/\/pans.krosno.pl\/mibm\/wp-json\/wp\/v2\/media\/680"}],"wp:attachment":[{"href":"https:\/\/pans.krosno.pl\/mibm\/wp-json\/wp\/v2\/media?parent=446"}],"curies":[{"name":"wp","href":"https:\/\/api.w.org\/{rel}","templated":true}]}}