{"id":266,"date":"2020-01-17T12:11:35","date_gmt":"2020-01-17T11:11:35","guid":{"rendered":"https:\/\/pans.krosno.pl\/mibm\/?page_id=266"},"modified":"2026-02-16T20:37:05","modified_gmt":"2026-02-16T19:37:05","slug":"sesja-egzaminacyjna","status":"publish","type":"page","link":"https:\/\/pans.krosno.pl\/mibm\/sesja-egzaminacyjna\/","title":{"rendered":"Sesja egzaminacyjna"},"content":{"rendered":"\n<p id=\"h-harmonogram-egzaminow-studia-stacjonarne-semestr-letni-2021-2022\"><strong>Harmonogram egzamin\u00f3w&nbsp;&nbsp;\u2013 studia stacjonarne&nbsp;&nbsp;&nbsp;semestr zimowy 2025\/2026<\/strong><\/p>\n\n\n\n<p><strong>I rok &#8211; studia stacjonarne<\/strong><\/p>\n\n\n\n<figure class=\"wp-block-table\"><table class=\"has-fixed-layout\"><tbody><tr><td>Przedmiot<\/td><td>Prowadz\u0105cy<\/td><td>Data<\/td><td>Godzina<\/td><td>Sala<\/td><\/tr><tr><td>Matematyka I<\/td><td>dr Agnieszka Wo\u017aniak<\/td><td>I termin<br>07.02.2026<br>II termin<br>21.02.2026<br><\/td><td><br>10:00<br><br>10:00<br><\/td><td>35 \u017bW<\/td><\/tr><tr><td>Chemia<\/td><td>dr Mikhael Hakim<\/td><td>I termin<br>07.02.2026<br>II termin<br>16.02.2026<br><\/td><td><br>13:00<br><br>10:00<\/td><td>s. 2 Dmochowskiego<\/td><\/tr><tr><td>Fizyka<\/td><td>dr Renata Bal<\/td><td>I termin<br>08.02.2026<br>II termin<br>21.02.2026<\/td><td><br>10:00<br><br>12:30<br><\/td><td>34 \u017bW<\/td><\/tr><\/tbody><\/table><\/figure>\n\n\n\n<p><strong>II rok &#8211; stacjonarne<\/strong><\/p>\n\n\n\n<figure class=\"wp-block-table\"><table class=\"has-fixed-layout\"><tbody><tr><td>Przedmiot<\/td><td>Prowadz\u0105cy<\/td><td>Data<\/td><td>Godzina<\/td><td>Sala<\/td><\/tr><tr><td>Podstawy konstrukcji maszyn I<\/td><td>dr in\u017c. Romuald Fejkiel<\/td><td>I termin<br>31.01.2026<br>II termin<br>21.02.2026<br><\/td><td>10:00<br><br>12:00<\/td><td>34 \u017bW<\/td><\/tr><tr><td>Wytrzyma\u0142o\u015b\u0107 materia\u0142\u00f3w I<\/td><td>dr in\u017c. Dorota Chodorowska<\/td><td>I termin<br>01.02.2026<br>II termin<br>21.02.2026<br><\/td><td>10:00<br><br>12:00<br><\/td><td>35 \u017bW<\/td><\/tr><tr><td>Mechanika techniczna II<\/td><td>dr in\u017c. Romuald Fejkiel<\/td><td>I termin<br>01.02.2026<br>II termin<br>21.02.2026<br><\/td><td>11:30<br>12:00<br><\/td><td>35 \u017bW<\/td><\/tr><tr><td>Elektrotechnika i elektronika<\/td><td>dr hab. in\u017c. Tadeusz Wszo\u0142ek, prof. PANS<\/td><td>08.02.2026<br>II termin<br><br><\/td><td>10:00<br><br><\/td><td>34 \u017bW<\/td><\/tr><tr><td>Techniki wytwarzania<\/td><td>dr in\u017c. Romuald Fejkiel<\/td><td>31.01.2026<br><\/td><td>11:30<br><\/td><td>34 \u017bW <br><\/td><\/tr><\/tbody><\/table><\/figure>\n\n\n\n<p><strong>III rok stacjonarne<\/strong><\/p>\n\n\n\n<figure class=\"wp-block-table\"><table class=\"has-fixed-layout\"><tbody><tr><td>Przedmiot<\/td><td>Prowadz\u0105cy<\/td><td>Data<\/td><td>Godzina<\/td><td>Sala<\/td><\/tr><tr><td>Budowa i kinematyka obrabiarek<\/td><td>dr in\u017c. Romuald Fejkiel<\/td><td>I termin<br>02.02.2026<br>II termin<br>21.02.2026<br><\/td><td>10:00<br>12:00<br><\/td><td>35 \u017bW<\/td><\/tr><tr><td>Obrabiarki CNC i ich sterowanie<\/td><td>dr in\u017c. Romuald Fejkiel<\/td><td>I termin<br>02.02.2026<\/td><td>8:30<\/td><td>21 \u017bW<\/td><\/tr><tr><td>Konstrukcje no\u015bne maszyn i urz\u0105dze\u0144<\/td><td>dr hab. in\u017c. Andrzej Kubit, prof. PANS<\/td><td>I termin<br>03.02.2026<\/td><td>10:00<\/td><td>32 \u017bW<\/td><\/tr><tr><td>Nap\u0119dy i sterowanie<\/td><td>dr hab. in\u017c. Tadeusz Wszo\u0142ek, prof. PANS<\/td><td>I termin<br>10.02.2026<\/td><td>10:00<\/td><td>34 \u017bW<\/td><\/tr><\/tbody><\/table><\/figure>\n\n\n\n<p><strong>Harmonogram egzamin\u00f3w &#8211; studia niestacjonarne semestr letni 2025\/2026<\/strong><\/p>\n\n\n\n<p><strong>III rok &#8211; studia niestacjonarne<\/strong><\/p>\n\n\n\n<figure class=\"wp-block-table\"><table class=\"has-fixed-layout\"><tbody><tr><td>Przedmiot<\/td><td>Prowadz\u0105cy<\/td><td>Data<\/td><td>Godzina<\/td><td>Sala<\/td><\/tr><tr><td>Budowa i kinematyka obrabiarek<\/td><td>dr in\u017c Romuald Fejkiel<\/td><td>I termin<br>01.02.2026<br>II termin<br>21.02.2026<\/td><td><br><br>12:00<br>12:00<br><br><br><\/td><td>33 \u017bW<\/td><\/tr><tr><td>Obrabiarki CNC i ich sterowanie<\/td><td>dr in\u017c Romuald Fejkiel<\/td><td>I termin<br>01.02.2026<br>II termin<br>21.02.2026<\/td><td>8:00<br>12:00<br><\/td><td>33 \u017bW<\/td><\/tr><tr><td>Konstrukcje no\u015bne maszyn i urz\u0105dze\u0144<\/td><td>dr in\u017c. Dorota Chodorowska<\/td><td>I termin<br>07.02.2026<br>II termin<br>21.02.2026<\/td><td><br>9:00<br>12:00<br><\/td><td>34 \u017bW<\/td><\/tr><tr><td>Nap\u0119dy i sterowanie<\/td><td>dr hab. in\u017c. Tadeusz Wszo\u0142ek, prof. PANS<\/td><td>08.02.2026<br>II termin<br><\/td><td>13:00<br><br><\/td><td>32 \u017bW<\/td><\/tr><\/tbody><\/table><\/figure>\n\n\n\n<p><\/p>\n","protected":false},"excerpt":{"rendered":"<p>Harmonogram egzamin\u00f3w&nbsp;&nbsp;\u2013 studia stacjonarne&nbsp;&nbsp;&nbsp;semestr zimowy 2025\/2026 I rok &#8211; studia stacjonarne Przedmiot Prowadz\u0105cy Data Godzina Sala Matematyka I dr Agnieszka Wo\u017aniak I termin07.02.2026II termin21.02.2026 10:00 10:00 35 \u017bW Chemia dr Mikhael Hakim I termin07.02.2026II termin16.02.2026 13:00 10:00 s. 2 Dmochowskiego Fizyka dr Renata Bal I termin08.02.2026II termin21.02.2026 10:00 12:30 34 [\u2026] <\/p>\n<div class=\"clear\"><\/div>\n<p><a class=\"more_link clearfix\" href=\"https:\/\/pans.krosno.pl\/mibm\/sesja-egzaminacyjna\/\" rel=\"nofollow\">Read More<\/a><\/p>\n","protected":false},"author":27,"featured_media":0,"parent":0,"menu_order":0,"comment_status":"closed","ping_status":"closed","template":"page-templates\/template-full-width.php","meta":{"ngg_post_thumbnail":0,"footnotes":""},"class_list":["post-266","page","type-page","status-publish","hentry"],"yoast_head":"<!-- This site is optimized with the Yoast SEO Premium plugin v27.4 (Yoast SEO v27.4) - https:\/\/yoast.com\/product\/yoast-seo-premium-wordpress\/ -->\n<title>Sesja egzaminacyjna - Mechanika i Budowa Maszyn PANS w Kro\u015bnie<\/title>\n<meta name=\"description\" content=\"Harmonogram egzamin\u00f3w \u2013 studia stacjonarne semestr letni 2019\/2020\" \/>\n<meta name=\"robots\" content=\"index, follow, max-snippet:-1, max-image-preview:large, max-video-preview:-1\" \/>\n<link rel=\"canonical\" href=\"https:\/\/pans.krosno.pl\/mibm\/sesja-egzaminacyjna\/\" \/>\n<meta property=\"og:locale\" content=\"pl_PL\" \/>\n<meta property=\"og:type\" content=\"article\" \/>\n<meta property=\"og:title\" content=\"Sesja egzaminacyjna\" \/>\n<meta property=\"og:description\" content=\"Harmonogram egzamin\u00f3w \u2013 studia stacjonarne semestr letni 2019\/2020\" \/>\n<meta property=\"og:url\" content=\"https:\/\/pans.krosno.pl\/mibm\/sesja-egzaminacyjna\/\" \/>\n<meta property=\"og:site_name\" content=\"Mechanika i Budowa Maszyn PANS w Kro\u015bnie\" \/>\n<meta property=\"article:modified_time\" content=\"2026-02-16T19:37:05+00:00\" \/>\n<meta name=\"twitter:card\" content=\"summary_large_image\" \/>\n<meta name=\"twitter:label1\" content=\"Szacowany czas czytania\" \/>\n\t<meta name=\"twitter:data1\" content=\"2 minuty\" \/>\n<script type=\"application\/ld+json\" class=\"yoast-schema-graph\">{\"@context\":\"https:\\\/\\\/schema.org\",\"@graph\":[{\"@type\":\"WebPage\",\"@id\":\"https:\\\/\\\/pans.krosno.pl\\\/mibm\\\/sesja-egzaminacyjna\\\/\",\"url\":\"https:\\\/\\\/pans.krosno.pl\\\/mibm\\\/sesja-egzaminacyjna\\\/\",\"name\":\"Sesja egzaminacyjna - Mechanika i Budowa Maszyn PANS w Kro\u015bnie\",\"isPartOf\":{\"@id\":\"https:\\\/\\\/pans.krosno.pl\\\/mibm\\\/#website\"},\"datePublished\":\"2020-01-17T11:11:35+00:00\",\"dateModified\":\"2026-02-16T19:37:05+00:00\",\"description\":\"Harmonogram egzamin\u00f3w \u2013 studia stacjonarne semestr letni 2019\\\/2020\",\"breadcrumb\":{\"@id\":\"https:\\\/\\\/pans.krosno.pl\\\/mibm\\\/sesja-egzaminacyjna\\\/#breadcrumb\"},\"inLanguage\":\"pl-PL\",\"potentialAction\":[{\"@type\":\"ReadAction\",\"target\":[\"https:\\\/\\\/pans.krosno.pl\\\/mibm\\\/sesja-egzaminacyjna\\\/\"]}]},{\"@type\":\"BreadcrumbList\",\"@id\":\"https:\\\/\\\/pans.krosno.pl\\\/mibm\\\/sesja-egzaminacyjna\\\/#breadcrumb\",\"itemListElement\":[{\"@type\":\"ListItem\",\"position\":1,\"name\":\"Strona g\u0142\u00f3wna\",\"item\":\"https:\\\/\\\/pans.krosno.pl\\\/mibm\\\/\"},{\"@type\":\"ListItem\",\"position\":2,\"name\":\"Sesja egzaminacyjna\"}]},{\"@type\":\"WebSite\",\"@id\":\"https:\\\/\\\/pans.krosno.pl\\\/mibm\\\/#website\",\"url\":\"https:\\\/\\\/pans.krosno.pl\\\/mibm\\\/\",\"name\":\"Mechanika i Budowa Maszyn PANS w Kro\u015bnie\",\"description\":\"Mechanika i Budowa Maszyn - Pa\u0144stwowa Akademia Nauk Stosowanych\",\"publisher\":{\"@id\":\"https:\\\/\\\/pans.krosno.pl\\\/mibm\\\/#organization\"},\"potentialAction\":[{\"@type\":\"SearchAction\",\"target\":{\"@type\":\"EntryPoint\",\"urlTemplate\":\"https:\\\/\\\/pans.krosno.pl\\\/mibm\\\/?s={search_term_string}\"},\"query-input\":{\"@type\":\"PropertyValueSpecification\",\"valueRequired\":true,\"valueName\":\"search_term_string\"}}],\"inLanguage\":\"pl-PL\"},{\"@type\":\"Organization\",\"@id\":\"https:\\\/\\\/pans.krosno.pl\\\/mibm\\\/#organization\",\"name\":\"Mechanika i Budowa Maszyn PANS w Kro\u015bnie\",\"url\":\"https:\\\/\\\/pans.krosno.pl\\\/mibm\\\/\",\"logo\":{\"@type\":\"ImageObject\",\"inLanguage\":\"pl-PL\",\"@id\":\"https:\\\/\\\/pans.krosno.pl\\\/mibm\\\/#\\\/schema\\\/logo\\\/image\\\/\",\"url\":\"https:\\\/\\\/pans.krosno.pl\\\/mibm\\\/wp-content\\\/uploads\\\/sites\\\/19\\\/2023\\\/01\\\/Logo-PANS-2022-pelne.png\",\"contentUrl\":\"https:\\\/\\\/pans.krosno.pl\\\/mibm\\\/wp-content\\\/uploads\\\/sites\\\/19\\\/2023\\\/01\\\/Logo-PANS-2022-pelne.png\",\"width\":3096,\"height\":696,\"caption\":\"Mechanika i Budowa Maszyn PANS w Kro\u015bnie\"},\"image\":{\"@id\":\"https:\\\/\\\/pans.krosno.pl\\\/mibm\\\/#\\\/schema\\\/logo\\\/image\\\/\"}}]}<\/script>\n<!-- \/ Yoast SEO Premium plugin. -->","yoast_head_json":{"title":"Sesja egzaminacyjna - Mechanika i Budowa Maszyn PANS w Kro\u015bnie","description":"Harmonogram egzamin\u00f3w \u2013 studia stacjonarne semestr letni 2019\/2020","robots":{"index":"index","follow":"follow","max-snippet":"max-snippet:-1","max-image-preview":"max-image-preview:large","max-video-preview":"max-video-preview:-1"},"canonical":"https:\/\/pans.krosno.pl\/mibm\/sesja-egzaminacyjna\/","og_locale":"pl_PL","og_type":"article","og_title":"Sesja egzaminacyjna","og_description":"Harmonogram egzamin\u00f3w \u2013 studia stacjonarne semestr letni 2019\/2020","og_url":"https:\/\/pans.krosno.pl\/mibm\/sesja-egzaminacyjna\/","og_site_name":"Mechanika i Budowa Maszyn PANS w Kro\u015bnie","article_modified_time":"2026-02-16T19:37:05+00:00","twitter_card":"summary_large_image","twitter_misc":{"Szacowany czas czytania":"2 minuty"},"schema":{"@context":"https:\/\/schema.org","@graph":[{"@type":"WebPage","@id":"https:\/\/pans.krosno.pl\/mibm\/sesja-egzaminacyjna\/","url":"https:\/\/pans.krosno.pl\/mibm\/sesja-egzaminacyjna\/","name":"Sesja egzaminacyjna - Mechanika i Budowa Maszyn PANS w Kro\u015bnie","isPartOf":{"@id":"https:\/\/pans.krosno.pl\/mibm\/#website"},"datePublished":"2020-01-17T11:11:35+00:00","dateModified":"2026-02-16T19:37:05+00:00","description":"Harmonogram egzamin\u00f3w \u2013 studia stacjonarne semestr letni 2019\/2020","breadcrumb":{"@id":"https:\/\/pans.krosno.pl\/mibm\/sesja-egzaminacyjna\/#breadcrumb"},"inLanguage":"pl-PL","potentialAction":[{"@type":"ReadAction","target":["https:\/\/pans.krosno.pl\/mibm\/sesja-egzaminacyjna\/"]}]},{"@type":"BreadcrumbList","@id":"https:\/\/pans.krosno.pl\/mibm\/sesja-egzaminacyjna\/#breadcrumb","itemListElement":[{"@type":"ListItem","position":1,"name":"Strona g\u0142\u00f3wna","item":"https:\/\/pans.krosno.pl\/mibm\/"},{"@type":"ListItem","position":2,"name":"Sesja egzaminacyjna"}]},{"@type":"WebSite","@id":"https:\/\/pans.krosno.pl\/mibm\/#website","url":"https:\/\/pans.krosno.pl\/mibm\/","name":"Mechanika i Budowa Maszyn PANS w Kro\u015bnie","description":"Mechanika i Budowa Maszyn - Pa\u0144stwowa Akademia Nauk Stosowanych","publisher":{"@id":"https:\/\/pans.krosno.pl\/mibm\/#organization"},"potentialAction":[{"@type":"SearchAction","target":{"@type":"EntryPoint","urlTemplate":"https:\/\/pans.krosno.pl\/mibm\/?s={search_term_string}"},"query-input":{"@type":"PropertyValueSpecification","valueRequired":true,"valueName":"search_term_string"}}],"inLanguage":"pl-PL"},{"@type":"Organization","@id":"https:\/\/pans.krosno.pl\/mibm\/#organization","name":"Mechanika i Budowa Maszyn PANS w Kro\u015bnie","url":"https:\/\/pans.krosno.pl\/mibm\/","logo":{"@type":"ImageObject","inLanguage":"pl-PL","@id":"https:\/\/pans.krosno.pl\/mibm\/#\/schema\/logo\/image\/","url":"https:\/\/pans.krosno.pl\/mibm\/wp-content\/uploads\/sites\/19\/2023\/01\/Logo-PANS-2022-pelne.png","contentUrl":"https:\/\/pans.krosno.pl\/mibm\/wp-content\/uploads\/sites\/19\/2023\/01\/Logo-PANS-2022-pelne.png","width":3096,"height":696,"caption":"Mechanika i Budowa Maszyn PANS w Kro\u015bnie"},"image":{"@id":"https:\/\/pans.krosno.pl\/mibm\/#\/schema\/logo\/image\/"}}]}},"_links":{"self":[{"href":"https:\/\/pans.krosno.pl\/mibm\/wp-json\/wp\/v2\/pages\/266","targetHints":{"allow":["GET"]}}],"collection":[{"href":"https:\/\/pans.krosno.pl\/mibm\/wp-json\/wp\/v2\/pages"}],"about":[{"href":"https:\/\/pans.krosno.pl\/mibm\/wp-json\/wp\/v2\/types\/page"}],"author":[{"embeddable":true,"href":"https:\/\/pans.krosno.pl\/mibm\/wp-json\/wp\/v2\/users\/27"}],"replies":[{"embeddable":true,"href":"https:\/\/pans.krosno.pl\/mibm\/wp-json\/wp\/v2\/comments?post=266"}],"version-history":[{"count":187,"href":"https:\/\/pans.krosno.pl\/mibm\/wp-json\/wp\/v2\/pages\/266\/revisions"}],"predecessor-version":[{"id":2738,"href":"https:\/\/pans.krosno.pl\/mibm\/wp-json\/wp\/v2\/pages\/266\/revisions\/2738"}],"wp:attachment":[{"href":"https:\/\/pans.krosno.pl\/mibm\/wp-json\/wp\/v2\/media?parent=266"}],"curies":[{"name":"wp","href":"https:\/\/api.w.org\/{rel}","templated":true}]}}