{"id":19,"date":"2019-11-06T11:58:32","date_gmt":"2019-11-06T10:58:32","guid":{"rendered":"https:\/\/pans.krosno.pl\/mibm\/?page_id=19"},"modified":"2025-02-11T12:03:32","modified_gmt":"2025-02-11T11:03:32","slug":"praktyki-zawodowe","status":"publish","type":"page","link":"https:\/\/pans.krosno.pl\/mibm\/praktyki-zawodowe\/","title":{"rendered":"Praktyki zawodowe"},"content":{"rendered":"\n<div class=\"wp-block-file\"><a href=\"https:\/\/pans.krosno.pl\/mibm\/wp-content\/uploads\/sites\/19\/2021\/02\/Ramowy-program-praktyk-I-rok.docx\">Ramowy program praktyk: I rok<\/a><a href=\"https:\/\/pans.krosno.pl\/mibm\/wp-content\/uploads\/sites\/19\/2021\/02\/Ramowy-program-praktyk-I-rok.docx\" class=\"wp-block-file__button wp-element-button\" download>Pobierz<\/a><\/div>\n\n\n\n<div class=\"wp-block-file\"><a href=\"https:\/\/pans.krosno.pl\/mibm\/wp-content\/uploads\/sites\/19\/2021\/02\/Ramowy-program-praktyk-II-rok.docx\">Ramowy program praktyk: II rok<\/a><a href=\"https:\/\/pans.krosno.pl\/mibm\/wp-content\/uploads\/sites\/19\/2021\/02\/Ramowy-program-praktyk-II-rok.docx\" class=\"wp-block-file__button wp-element-button\" download>Pobierz<\/a><\/div>\n\n\n\n<div class=\"wp-block-file\"><a href=\"https:\/\/pans.krosno.pl\/mibm\/wp-content\/uploads\/sites\/19\/2021\/02\/Ramowy-program-praktyk-III-rok-1.docx\">Ramowy program praktyk: III rok<\/a><a href=\"https:\/\/pans.krosno.pl\/mibm\/wp-content\/uploads\/sites\/19\/2021\/02\/Ramowy-program-praktyk-III-rok-1.docx\" class=\"wp-block-file__button wp-element-button\" download>Pobierz<\/a><\/div>\n\n\n\n<div style=\"height:20px\" aria-hidden=\"true\" class=\"wp-block-spacer\"><\/div>\n\n\n\n<div class=\"wp-block-file\"><a id=\"wp-block-file--media-43ba99de-56f1-48a6-97f9-af272646d5f8\" href=\"https:\/\/pans.krosno.pl\/mibm\/wp-content\/uploads\/sites\/19\/2025\/02\/Karta-weryfikacji-efektow-uczenia-sie1.doc\">Karta weryfikacji efekt\u00f3w uczenia si\u0119 1<\/a><a href=\"https:\/\/pans.krosno.pl\/mibm\/wp-content\/uploads\/sites\/19\/2025\/02\/Karta-weryfikacji-efektow-uczenia-sie1.doc\" class=\"wp-block-file__button wp-element-button\" download aria-describedby=\"wp-block-file--media-43ba99de-56f1-48a6-97f9-af272646d5f8\">Pobierz<\/a><\/div>\n\n\n\n<div class=\"wp-block-file\"><a id=\"wp-block-file--media-eb866d21-1c11-4860-abd9-0f6ec547dfbb\" href=\"https:\/\/pans.krosno.pl\/mibm\/wp-content\/uploads\/sites\/19\/2025\/02\/Karta-przedmiotu-Praktyka-I.docx\">Karta przedmiotu Praktyka I<\/a><a href=\"https:\/\/pans.krosno.pl\/mibm\/wp-content\/uploads\/sites\/19\/2025\/02\/Karta-przedmiotu-Praktyka-I.docx\" class=\"wp-block-file__button wp-element-button\" download aria-describedby=\"wp-block-file--media-eb866d21-1c11-4860-abd9-0f6ec547dfbb\">Pobierz<\/a><\/div>\n\n\n\n<div class=\"wp-block-file\"><a id=\"wp-block-file--media-7b20f798-fc73-4802-99e4-220831c0cc89\" href=\"https:\/\/pans.krosno.pl\/mibm\/wp-content\/uploads\/sites\/19\/2025\/02\/Karta-weryfikacji-efektow-uczenia-sie2.doc\">Karta weryfikacji efekt\u00f3w uczenia si\u0119 2<\/a><a href=\"https:\/\/pans.krosno.pl\/mibm\/wp-content\/uploads\/sites\/19\/2025\/02\/Karta-weryfikacji-efektow-uczenia-sie2.doc\" class=\"wp-block-file__button wp-element-button\" download aria-describedby=\"wp-block-file--media-7b20f798-fc73-4802-99e4-220831c0cc89\">Pobierz<\/a><\/div>\n\n\n\n<div class=\"wp-block-file\"><a id=\"wp-block-file--media-18c0c0f1-3b22-40db-bae4-5a8ef0078288\" href=\"https:\/\/pans.krosno.pl\/mibm\/wp-content\/uploads\/sites\/19\/2025\/02\/Karta-przedmiotu-Praktyka-II.docx\">Karta przedmiotu Praktyka II<\/a><a href=\"https:\/\/pans.krosno.pl\/mibm\/wp-content\/uploads\/sites\/19\/2025\/02\/Karta-przedmiotu-Praktyka-II.docx\" class=\"wp-block-file__button wp-element-button\" download aria-describedby=\"wp-block-file--media-18c0c0f1-3b22-40db-bae4-5a8ef0078288\">Pobierz<\/a><\/div>\n\n\n\n<div class=\"wp-block-file\"><a id=\"wp-block-file--media-96df90c2-0dbf-40aa-baeb-621552f94e6a\" href=\"https:\/\/pans.krosno.pl\/mibm\/wp-content\/uploads\/sites\/19\/2025\/02\/Karta-weryfikacji-efektow-uczenia-sie3.doc\">Karta weryfikacji efekt\u00f3w uczenia si\u0119 3<\/a><a href=\"https:\/\/pans.krosno.pl\/mibm\/wp-content\/uploads\/sites\/19\/2025\/02\/Karta-weryfikacji-efektow-uczenia-sie3.doc\" class=\"wp-block-file__button wp-element-button\" download aria-describedby=\"wp-block-file--media-96df90c2-0dbf-40aa-baeb-621552f94e6a\">Pobierz<\/a><\/div>\n\n\n\n<div class=\"wp-block-file\"><a id=\"wp-block-file--media-09c1bdfa-ad47-479a-ad31-3a7890b9d1cd\" href=\"https:\/\/pans.krosno.pl\/mibm\/wp-content\/uploads\/sites\/19\/2025\/02\/Karta-przedmiotu-Praktyka-III.docx\">Karta przedmiotu Praktyka III<\/a><a href=\"https:\/\/pans.krosno.pl\/mibm\/wp-content\/uploads\/sites\/19\/2025\/02\/Karta-przedmiotu-Praktyka-III.docx\" class=\"wp-block-file__button wp-element-button\" download aria-describedby=\"wp-block-file--media-09c1bdfa-ad47-479a-ad31-3a7890b9d1cd\">Pobierz<\/a><\/div>\n\n\n\n<p><\/p>\n\n\n\n<div class=\"wp-block-file\"><a id=\"wp-block-file--media-e35d814e-d837-4093-b90f-363e41b8f12b\" href=\"https:\/\/pans.krosno.pl\/mibm\/wp-content\/uploads\/sites\/19\/2025\/01\/Zalacznik-1a-i-1b-\u2013-Skierowanie-na-praktyke-i-oswiadczenie-o-przyjeciu-na-praktyke7.doc\">Zalacznik-1a-i-1b-\u2013-Skierowanie-na-praktyke-i-oswiadczenie-o-przyjeciu-na-praktyke(7)<\/a><a href=\"https:\/\/pans.krosno.pl\/mibm\/wp-content\/uploads\/sites\/19\/2025\/01\/Zalacznik-1a-i-1b-\u2013-Skierowanie-na-praktyke-i-oswiadczenie-o-przyjeciu-na-praktyke7.doc\" class=\"wp-block-file__button wp-element-button\" download aria-describedby=\"wp-block-file--media-e35d814e-d837-4093-b90f-363e41b8f12b\">Pobierz<\/a><\/div>\n\n\n\n<div class=\"wp-block-file\"><a id=\"wp-block-file--media-ad79284f-b55f-470f-9f9e-bcf532f9b1ea\" href=\"https:\/\/pans.krosno.pl\/mibm\/wp-content\/uploads\/sites\/19\/2025\/01\/Zalacznik-1c-Oswiadczenie-o-posiadaniu-ubezpieczenia-NNW1.doc\">Zalacznik-1c-Oswiadczenie-o-posiadaniu-ubezpieczenia-NNW(1)<\/a><a href=\"https:\/\/pans.krosno.pl\/mibm\/wp-content\/uploads\/sites\/19\/2025\/01\/Zalacznik-1c-Oswiadczenie-o-posiadaniu-ubezpieczenia-NNW1.doc\" class=\"wp-block-file__button wp-element-button\" download aria-describedby=\"wp-block-file--media-ad79284f-b55f-470f-9f9e-bcf532f9b1ea\">Pobierz<\/a><\/div>\n\n\n\n<div class=\"wp-block-file\"><a id=\"wp-block-file--media-ceb8974a-8959-46ec-8d40-983355d95d18\" href=\"https:\/\/pans.krosno.pl\/mibm\/wp-content\/uploads\/sites\/19\/2025\/01\/Zalacznik-2a-\u2013-Porozumienie-dla-jednego-studenta-16.doc\">Zalacznik-2a-\u2013-Porozumienie-dla-jednego-studenta-1(6)<\/a><a href=\"https:\/\/pans.krosno.pl\/mibm\/wp-content\/uploads\/sites\/19\/2025\/01\/Zalacznik-2a-\u2013-Porozumienie-dla-jednego-studenta-16.doc\" class=\"wp-block-file__button wp-element-button\" download aria-describedby=\"wp-block-file--media-ceb8974a-8959-46ec-8d40-983355d95d18\">Pobierz<\/a><\/div>\n\n\n\n<div class=\"wp-block-file\"><a id=\"wp-block-file--media-4c203531-54f9-4da6-9d21-fadd915a9d7a\" href=\"https:\/\/pans.krosno.pl\/mibm\/wp-content\/uploads\/sites\/19\/2025\/01\/Zalacznik-2b-\u2013-Porozumienie-dla-grupy-studentow2.doc\">Zalacznik-2b-\u2013-Porozumienie-dla-grupy-studentow(2)<\/a><a href=\"https:\/\/pans.krosno.pl\/mibm\/wp-content\/uploads\/sites\/19\/2025\/01\/Zalacznik-2b-\u2013-Porozumienie-dla-grupy-studentow2.doc\" class=\"wp-block-file__button wp-element-button\" download aria-describedby=\"wp-block-file--media-4c203531-54f9-4da6-9d21-fadd915a9d7a\">Pobierz<\/a><\/div>\n\n\n\n<div class=\"wp-block-file\"><a id=\"wp-block-file--media-75803ad1-427d-4a99-a748-4b233d70baa0\" href=\"https:\/\/pans.krosno.pl\/mibm\/wp-content\/uploads\/sites\/19\/2025\/01\/Zalacznik-3-\u2013-Karta-weryfikacji-efektow-uczenia-sie3.doc\">Zalacznik-3-\u2013-Karta-weryfikacji-efektow-uczenia-sie(3)<\/a><a href=\"https:\/\/pans.krosno.pl\/mibm\/wp-content\/uploads\/sites\/19\/2025\/01\/Zalacznik-3-\u2013-Karta-weryfikacji-efektow-uczenia-sie3.doc\" class=\"wp-block-file__button wp-element-button\" download aria-describedby=\"wp-block-file--media-75803ad1-427d-4a99-a748-4b233d70baa0\">Pobierz<\/a><\/div>\n\n\n\n<div class=\"wp-block-file\"><a id=\"wp-block-file--media-5d217bc5-4483-4ea7-afb3-3814e989470e\" href=\"https:\/\/pans.krosno.pl\/mibm\/wp-content\/uploads\/sites\/19\/2025\/01\/Zalacznik-4a-\u2013-podanie-studenta-o-zaliczenie-praktyk-w-ramach-zatrudnienia3.doc\">Zalacznik-4a-\u2013-podanie-studenta-o-zaliczenie-praktyk-w-ramach-zatrudnienia(3)<\/a><a href=\"https:\/\/pans.krosno.pl\/mibm\/wp-content\/uploads\/sites\/19\/2025\/01\/Zalacznik-4a-\u2013-podanie-studenta-o-zaliczenie-praktyk-w-ramach-zatrudnienia3.doc\" class=\"wp-block-file__button wp-element-button\" download aria-describedby=\"wp-block-file--media-5d217bc5-4483-4ea7-afb3-3814e989470e\">Pobierz<\/a><\/div>\n\n\n\n<div class=\"wp-block-file\"><a id=\"wp-block-file--media-570b86c5-4c7d-4fcb-8f6e-9e952645c503\" href=\"https:\/\/pans.krosno.pl\/mibm\/wp-content\/uploads\/sites\/19\/2025\/01\/Zalacznik-4b-\u2013-zaswiadczenie-pracodawcy3.doc\">Zalacznik-4b-\u2013-zaswiadczenie-pracodawcy(3)<\/a><a href=\"https:\/\/pans.krosno.pl\/mibm\/wp-content\/uploads\/sites\/19\/2025\/01\/Zalacznik-4b-\u2013-zaswiadczenie-pracodawcy3.doc\" class=\"wp-block-file__button wp-element-button\" download aria-describedby=\"wp-block-file--media-570b86c5-4c7d-4fcb-8f6e-9e952645c503\">Pobierz<\/a><\/div>\n\n\n\n<div class=\"wp-block-file\"><a id=\"wp-block-file--media-17b3a2e9-e6e2-476d-8e10-b4de81691da7\" href=\"https:\/\/pans.krosno.pl\/mibm\/wp-content\/uploads\/sites\/19\/2025\/01\/Zalacznik-4c-\u2013-oswiadczenie-o-wykonywanych-czynnosciach3.doc\">Zalacznik-4c-\u2013-oswiadczenie-o-wykonywanych-czynnosciach(3)<\/a><a href=\"https:\/\/pans.krosno.pl\/mibm\/wp-content\/uploads\/sites\/19\/2025\/01\/Zalacznik-4c-\u2013-oswiadczenie-o-wykonywanych-czynnosciach3.doc\" class=\"wp-block-file__button wp-element-button\" download aria-describedby=\"wp-block-file--media-17b3a2e9-e6e2-476d-8e10-b4de81691da7\">Pobierz<\/a><\/div>\n\n\n\n<div class=\"wp-block-file\"><a id=\"wp-block-file--media-acf94565-b11d-448a-8739-99febb8249d4\" href=\"https:\/\/pans.krosno.pl\/mibm\/wp-content\/uploads\/sites\/19\/2025\/01\/Zalacznik-5-\u2013-wykaz-studentow-odbywajacych-praktyki2.doc\">Zalacznik-5-\u2013-wykaz-studentow-odbywajacych-praktyki(2)<\/a><a href=\"https:\/\/pans.krosno.pl\/mibm\/wp-content\/uploads\/sites\/19\/2025\/01\/Zalacznik-5-\u2013-wykaz-studentow-odbywajacych-praktyki2.doc\" class=\"wp-block-file__button wp-element-button\" download aria-describedby=\"wp-block-file--media-acf94565-b11d-448a-8739-99febb8249d4\">Pobierz<\/a><\/div>\n\n\n\n<div class=\"wp-block-file\"><a id=\"wp-block-file--media-8399cb35-8c36-4149-b81b-7ecfac58dbf6\" href=\"https:\/\/pans.krosno.pl\/mibm\/wp-content\/uploads\/sites\/19\/2025\/01\/Zalacznik-6-\u2013-sprawozdanie5.doc\">Zalacznik-6-\u2013-sprawozdanie(5)<\/a><a href=\"https:\/\/pans.krosno.pl\/mibm\/wp-content\/uploads\/sites\/19\/2025\/01\/Zalacznik-6-\u2013-sprawozdanie5.doc\" class=\"wp-block-file__button wp-element-button\" download aria-describedby=\"wp-block-file--media-8399cb35-8c36-4149-b81b-7ecfac58dbf6\">Pobierz<\/a><\/div>\n\n\n\n<div class=\"wp-block-file\"><a id=\"wp-block-file--media-d34f893a-7b07-4c18-a46a-14835c32ec27\" href=\"https:\/\/pans.krosno.pl\/mibm\/wp-content\/uploads\/sites\/19\/2025\/01\/Zalacznik-7a-\u2013-protokol-hospitacji-bezposredniej1.doc\">Zalacznik-7a-\u2013-protokol-hospitacji-bezposredniej(1)<\/a><a href=\"https:\/\/pans.krosno.pl\/mibm\/wp-content\/uploads\/sites\/19\/2025\/01\/Zalacznik-7a-\u2013-protokol-hospitacji-bezposredniej1.doc\" class=\"wp-block-file__button wp-element-button\" download aria-describedby=\"wp-block-file--media-d34f893a-7b07-4c18-a46a-14835c32ec27\">Pobierz<\/a><\/div>\n\n\n\n<div class=\"wp-block-file\"><a id=\"wp-block-file--media-ba1f570f-17f6-43c5-b276-b697985756e1\" href=\"https:\/\/pans.krosno.pl\/mibm\/wp-content\/uploads\/sites\/19\/2025\/01\/Zalacznik-7b-\u2013-protokol-hospitacji-telefonicznej1.doc\">Zalacznik-7b-\u2013-protokol-hospitacji-telefonicznej(1)<\/a><a href=\"https:\/\/pans.krosno.pl\/mibm\/wp-content\/uploads\/sites\/19\/2025\/01\/Zalacznik-7b-\u2013-protokol-hospitacji-telefonicznej1.doc\" class=\"wp-block-file__button wp-element-button\" download aria-describedby=\"wp-block-file--media-ba1f570f-17f6-43c5-b276-b697985756e1\">Pobierz<\/a><\/div>\n\n\n\n<div class=\"wp-block-file\"><a id=\"wp-block-file--media-da3240f5-4a90-4023-9190-09491cc06a13\" href=\"https:\/\/pans.krosno.pl\/mibm\/wp-content\/uploads\/sites\/19\/2025\/01\/Zalacznik-8-\u2013-ankieta-oceny-miejsca-realizacji-praktyk3.doc\">Zalacznik-8-\u2013-ankieta-oceny-miejsca-realizacji-praktyk(3)<\/a><a href=\"https:\/\/pans.krosno.pl\/mibm\/wp-content\/uploads\/sites\/19\/2025\/01\/Zalacznik-8-\u2013-ankieta-oceny-miejsca-realizacji-praktyk3.doc\" class=\"wp-block-file__button wp-element-button\" download aria-describedby=\"wp-block-file--media-da3240f5-4a90-4023-9190-09491cc06a13\">Pobierz<\/a><\/div>\n\n\n\n<div class=\"wp-block-file\"><a id=\"wp-block-file--media-f5214310-24c0-4bf5-bfc2-94335693ed2f\" href=\"https:\/\/pans.krosno.pl\/mibm\/wp-content\/uploads\/sites\/19\/2025\/01\/Zarzadzenie-19_23-1.pdf\">Zarz\u0105dzenie 19_23-1<\/a><a href=\"https:\/\/pans.krosno.pl\/mibm\/wp-content\/uploads\/sites\/19\/2025\/01\/Zarzadzenie-19_23-1.pdf\" class=\"wp-block-file__button wp-element-button\" download aria-describedby=\"wp-block-file--media-f5214310-24c0-4bf5-bfc2-94335693ed2f\">Pobierz<\/a><\/div>\n\n\n\n<div class=\"wp-block-file\"><a id=\"wp-block-file--media-53ccee21-e376-491b-98df-41ecb74006a7\" href=\"https:\/\/pans.krosno.pl\/mibm\/wp-content\/uploads\/sites\/19\/2025\/01\/Zalacznik-zarzadzenie-19_232-2.pdf\">Regulamin praktyk<\/a><a href=\"https:\/\/pans.krosno.pl\/mibm\/wp-content\/uploads\/sites\/19\/2025\/01\/Zalacznik-zarzadzenie-19_232-2.pdf\" class=\"wp-block-file__button wp-element-button\" download aria-describedby=\"wp-block-file--media-53ccee21-e376-491b-98df-41ecb74006a7\">Pobierz<\/a><\/div>\n\n\n\n<p><\/p>\n","protected":false},"excerpt":{"rendered":"","protected":false},"author":27,"featured_media":0,"parent":0,"menu_order":0,"comment_status":"closed","ping_status":"closed","template":"page-templates\/template-full-width.php","meta":{"ngg_post_thumbnail":0,"footnotes":""},"class_list":["post-19","page","type-page","status-publish","hentry"],"yoast_head":"<!-- This site is optimized with the Yoast SEO Premium plugin v27.4 (Yoast SEO v27.4) - https:\/\/yoast.com\/product\/yoast-seo-premium-wordpress\/ -->\n<title>Praktyki zawodowe - Mechanika i Budowa Maszyn PANS w Kro\u015bnie<\/title>\n<meta name=\"description\" content=\"Porozumienie o wsp\u00f3\u0142pracy dotycz\u0105cej kszta\u0142cenia praktycznego\" \/>\n<meta name=\"robots\" content=\"index, follow, max-snippet:-1, max-image-preview:large, max-video-preview:-1\" \/>\n<link rel=\"canonical\" href=\"https:\/\/pans.krosno.pl\/mibm\/praktyki-zawodowe\/\" \/>\n<meta property=\"og:locale\" content=\"pl_PL\" \/>\n<meta property=\"og:type\" content=\"article\" \/>\n<meta property=\"og:title\" content=\"Praktyki zawodowe\" \/>\n<meta property=\"og:description\" content=\"Porozumienie o wsp\u00f3\u0142pracy dotycz\u0105cej kszta\u0142cenia praktycznego\" \/>\n<meta property=\"og:url\" content=\"https:\/\/pans.krosno.pl\/mibm\/praktyki-zawodowe\/\" \/>\n<meta property=\"og:site_name\" content=\"Mechanika i Budowa Maszyn PANS w Kro\u015bnie\" \/>\n<meta property=\"article:modified_time\" content=\"2025-02-11T11:03:32+00:00\" \/>\n<meta name=\"twitter:card\" content=\"summary_large_image\" \/>\n<meta name=\"twitter:label1\" content=\"Szacowany czas czytania\" \/>\n\t<meta name=\"twitter:data1\" content=\"1 minuta\" \/>\n<script type=\"application\/ld+json\" class=\"yoast-schema-graph\">{\"@context\":\"https:\\\/\\\/schema.org\",\"@graph\":[{\"@type\":\"WebPage\",\"@id\":\"https:\\\/\\\/pans.krosno.pl\\\/mibm\\\/praktyki-zawodowe\\\/\",\"url\":\"https:\\\/\\\/pans.krosno.pl\\\/mibm\\\/praktyki-zawodowe\\\/\",\"name\":\"Praktyki zawodowe - Mechanika i Budowa Maszyn PANS w Kro\u015bnie\",\"isPartOf\":{\"@id\":\"https:\\\/\\\/pans.krosno.pl\\\/mibm\\\/#website\"},\"datePublished\":\"2019-11-06T10:58:32+00:00\",\"dateModified\":\"2025-02-11T11:03:32+00:00\",\"description\":\"Porozumienie o wsp\u00f3\u0142pracy dotycz\u0105cej kszta\u0142cenia praktycznego\",\"breadcrumb\":{\"@id\":\"https:\\\/\\\/pans.krosno.pl\\\/mibm\\\/praktyki-zawodowe\\\/#breadcrumb\"},\"inLanguage\":\"pl-PL\",\"potentialAction\":[{\"@type\":\"ReadAction\",\"target\":[\"https:\\\/\\\/pans.krosno.pl\\\/mibm\\\/praktyki-zawodowe\\\/\"]}]},{\"@type\":\"BreadcrumbList\",\"@id\":\"https:\\\/\\\/pans.krosno.pl\\\/mibm\\\/praktyki-zawodowe\\\/#breadcrumb\",\"itemListElement\":[{\"@type\":\"ListItem\",\"position\":1,\"name\":\"Strona g\u0142\u00f3wna\",\"item\":\"https:\\\/\\\/pans.krosno.pl\\\/mibm\\\/\"},{\"@type\":\"ListItem\",\"position\":2,\"name\":\"Praktyki zawodowe\"}]},{\"@type\":\"WebSite\",\"@id\":\"https:\\\/\\\/pans.krosno.pl\\\/mibm\\\/#website\",\"url\":\"https:\\\/\\\/pans.krosno.pl\\\/mibm\\\/\",\"name\":\"Mechanika i Budowa Maszyn PANS w Kro\u015bnie\",\"description\":\"Mechanika i Budowa Maszyn - Pa\u0144stwowa Akademia Nauk Stosowanych\",\"publisher\":{\"@id\":\"https:\\\/\\\/pans.krosno.pl\\\/mibm\\\/#organization\"},\"potentialAction\":[{\"@type\":\"SearchAction\",\"target\":{\"@type\":\"EntryPoint\",\"urlTemplate\":\"https:\\\/\\\/pans.krosno.pl\\\/mibm\\\/?s={search_term_string}\"},\"query-input\":{\"@type\":\"PropertyValueSpecification\",\"valueRequired\":true,\"valueName\":\"search_term_string\"}}],\"inLanguage\":\"pl-PL\"},{\"@type\":\"Organization\",\"@id\":\"https:\\\/\\\/pans.krosno.pl\\\/mibm\\\/#organization\",\"name\":\"Mechanika i Budowa Maszyn PANS w Kro\u015bnie\",\"url\":\"https:\\\/\\\/pans.krosno.pl\\\/mibm\\\/\",\"logo\":{\"@type\":\"ImageObject\",\"inLanguage\":\"pl-PL\",\"@id\":\"https:\\\/\\\/pans.krosno.pl\\\/mibm\\\/#\\\/schema\\\/logo\\\/image\\\/\",\"url\":\"https:\\\/\\\/pans.krosno.pl\\\/mibm\\\/wp-content\\\/uploads\\\/sites\\\/19\\\/2023\\\/01\\\/Logo-PANS-2022-pelne.png\",\"contentUrl\":\"https:\\\/\\\/pans.krosno.pl\\\/mibm\\\/wp-content\\\/uploads\\\/sites\\\/19\\\/2023\\\/01\\\/Logo-PANS-2022-pelne.png\",\"width\":3096,\"height\":696,\"caption\":\"Mechanika i Budowa Maszyn PANS w Kro\u015bnie\"},\"image\":{\"@id\":\"https:\\\/\\\/pans.krosno.pl\\\/mibm\\\/#\\\/schema\\\/logo\\\/image\\\/\"}}]}<\/script>\n<!-- \/ Yoast SEO Premium plugin. -->","yoast_head_json":{"title":"Praktyki zawodowe - Mechanika i Budowa Maszyn PANS w Kro\u015bnie","description":"Porozumienie o wsp\u00f3\u0142pracy dotycz\u0105cej kszta\u0142cenia praktycznego","robots":{"index":"index","follow":"follow","max-snippet":"max-snippet:-1","max-image-preview":"max-image-preview:large","max-video-preview":"max-video-preview:-1"},"canonical":"https:\/\/pans.krosno.pl\/mibm\/praktyki-zawodowe\/","og_locale":"pl_PL","og_type":"article","og_title":"Praktyki zawodowe","og_description":"Porozumienie o wsp\u00f3\u0142pracy dotycz\u0105cej kszta\u0142cenia praktycznego","og_url":"https:\/\/pans.krosno.pl\/mibm\/praktyki-zawodowe\/","og_site_name":"Mechanika i Budowa Maszyn PANS w Kro\u015bnie","article_modified_time":"2025-02-11T11:03:32+00:00","twitter_card":"summary_large_image","twitter_misc":{"Szacowany czas czytania":"1 minuta"},"schema":{"@context":"https:\/\/schema.org","@graph":[{"@type":"WebPage","@id":"https:\/\/pans.krosno.pl\/mibm\/praktyki-zawodowe\/","url":"https:\/\/pans.krosno.pl\/mibm\/praktyki-zawodowe\/","name":"Praktyki zawodowe - Mechanika i Budowa Maszyn PANS w Kro\u015bnie","isPartOf":{"@id":"https:\/\/pans.krosno.pl\/mibm\/#website"},"datePublished":"2019-11-06T10:58:32+00:00","dateModified":"2025-02-11T11:03:32+00:00","description":"Porozumienie o wsp\u00f3\u0142pracy dotycz\u0105cej kszta\u0142cenia praktycznego","breadcrumb":{"@id":"https:\/\/pans.krosno.pl\/mibm\/praktyki-zawodowe\/#breadcrumb"},"inLanguage":"pl-PL","potentialAction":[{"@type":"ReadAction","target":["https:\/\/pans.krosno.pl\/mibm\/praktyki-zawodowe\/"]}]},{"@type":"BreadcrumbList","@id":"https:\/\/pans.krosno.pl\/mibm\/praktyki-zawodowe\/#breadcrumb","itemListElement":[{"@type":"ListItem","position":1,"name":"Strona g\u0142\u00f3wna","item":"https:\/\/pans.krosno.pl\/mibm\/"},{"@type":"ListItem","position":2,"name":"Praktyki zawodowe"}]},{"@type":"WebSite","@id":"https:\/\/pans.krosno.pl\/mibm\/#website","url":"https:\/\/pans.krosno.pl\/mibm\/","name":"Mechanika i Budowa Maszyn PANS w Kro\u015bnie","description":"Mechanika i Budowa Maszyn - Pa\u0144stwowa Akademia Nauk Stosowanych","publisher":{"@id":"https:\/\/pans.krosno.pl\/mibm\/#organization"},"potentialAction":[{"@type":"SearchAction","target":{"@type":"EntryPoint","urlTemplate":"https:\/\/pans.krosno.pl\/mibm\/?s={search_term_string}"},"query-input":{"@type":"PropertyValueSpecification","valueRequired":true,"valueName":"search_term_string"}}],"inLanguage":"pl-PL"},{"@type":"Organization","@id":"https:\/\/pans.krosno.pl\/mibm\/#organization","name":"Mechanika i Budowa Maszyn PANS w Kro\u015bnie","url":"https:\/\/pans.krosno.pl\/mibm\/","logo":{"@type":"ImageObject","inLanguage":"pl-PL","@id":"https:\/\/pans.krosno.pl\/mibm\/#\/schema\/logo\/image\/","url":"https:\/\/pans.krosno.pl\/mibm\/wp-content\/uploads\/sites\/19\/2023\/01\/Logo-PANS-2022-pelne.png","contentUrl":"https:\/\/pans.krosno.pl\/mibm\/wp-content\/uploads\/sites\/19\/2023\/01\/Logo-PANS-2022-pelne.png","width":3096,"height":696,"caption":"Mechanika i Budowa Maszyn PANS w Kro\u015bnie"},"image":{"@id":"https:\/\/pans.krosno.pl\/mibm\/#\/schema\/logo\/image\/"}}]}},"_links":{"self":[{"href":"https:\/\/pans.krosno.pl\/mibm\/wp-json\/wp\/v2\/pages\/19","targetHints":{"allow":["GET"]}}],"collection":[{"href":"https:\/\/pans.krosno.pl\/mibm\/wp-json\/wp\/v2\/pages"}],"about":[{"href":"https:\/\/pans.krosno.pl\/mibm\/wp-json\/wp\/v2\/types\/page"}],"author":[{"embeddable":true,"href":"https:\/\/pans.krosno.pl\/mibm\/wp-json\/wp\/v2\/users\/27"}],"replies":[{"embeddable":true,"href":"https:\/\/pans.krosno.pl\/mibm\/wp-json\/wp\/v2\/comments?post=19"}],"version-history":[{"count":31,"href":"https:\/\/pans.krosno.pl\/mibm\/wp-json\/wp\/v2\/pages\/19\/revisions"}],"predecessor-version":[{"id":2634,"href":"https:\/\/pans.krosno.pl\/mibm\/wp-json\/wp\/v2\/pages\/19\/revisions\/2634"}],"wp:attachment":[{"href":"https:\/\/pans.krosno.pl\/mibm\/wp-json\/wp\/v2\/media?parent=19"}],"curies":[{"name":"wp","href":"https:\/\/api.w.org\/{rel}","templated":true}]}}