{"id":18,"date":"2019-11-06T11:58:32","date_gmt":"2019-11-06T10:58:32","guid":{"rendered":"https:\/\/pans.krosno.pl\/mibm\/?page_id=18"},"modified":"2025-10-06T18:24:35","modified_gmt":"2025-10-06T16:24:35","slug":"dyzury-pracownikow","status":"publish","type":"page","link":"https:\/\/pans.krosno.pl\/mibm\/dyzury-pracownikow\/","title":{"rendered":"Dy\u017cury pracownik\u00f3w"},"content":{"rendered":"\n<figure class=\"wp-block-table\"><table class=\"has-fixed-layout\"><thead><tr><th>Pracownicy<\/th><th>Dzie\u0144<\/th><th>Godzina<\/th><th>Miejsce<\/th><th>Dane online<\/th><\/tr><\/thead><tbody><tr><td><a href=\"https:\/\/pans.krosno.pl\/pracownicy\/dorota-chodorowska\/\" target=\"_blank\" rel=\"noreferrer noopener\">dr in\u017c. Dorota Chodorowska<\/a><\/td><td>\u015brody <br>soboty B<\/td><td>13:30-15:30<br>13:00-13:30<\/td><td>ul. \u017bwirki i Wigury 9A, sala 28<\/td><td><a href=\"https:\/\/teams.microsoft.com\/l\/team\/19%3A4cd35abc7a164175b618c8e4bd48b53d%40thread.tacv2\/conversations?groupId=d9279b03-1d06-47bd-aafe-40767db67924&amp;tenantId=96d73bb3-f85d-42bd-90bb-d291863d303b\">Konsultacje | Og\u00f3lny | Microsoft Teams<\/a><\/td><\/tr><tr><td><a href=\"https:\/\/pans.krosno.pl\/pracownicy\/tadeusz-wszolek\/\" target=\"_blank\" rel=\"noreferrer noopener\">dr hab. in\u017c. Tadeusz Wszo\u0142ek, prof. PANS<\/a><\/td><td>pi\u0105tki A<br>soboty B<\/td><td>13:00-15:00<br>16:30-17:30<\/td><td>ul. \u017bwirki i Wigury 9A, sala 27A<\/td><td><a href=\"https:\/\/teams.microsoft.com\/l\/team\/19%3add767e7bbde347169f21554f41b91099%40thread.tacv2\/conversations?groupId=d36d29d8-58ac-4b5a-8ff8-e1524d195a66&amp;tenantId=96d73bb3-f85d-42bd-90bb-d291863d303b\" target=\"_blank\" rel=\"noreferrer noopener\">link MS Teams<\/a><br><a href=\"https:\/\/teams.microsoft.com\/l\/team\/19%3add767e7bbde347169f21554f41b91099%40thread.tacv2\/conversations?groupId=d36d29d8-58ac-4b5a-8ff8-e1524d195a66&amp;tenantId=96d73bb3-f85d-42bd-90bb-d291863d303b\" target=\"_blank\" rel=\"noreferrer noopener\">link MS Teams<\/a><\/td><\/tr><tr><td><a href=\"https:\/\/pans.krosno.pl\/pracownicy\/wojciech-batko\/\">prof.dr hab. in\u017c. Wojciech Batko<\/a><\/td><td>czwartki<\/td><td>16:00-17:00<\/td><td>ul. \u017bwirki i Wigury 9A,<\/td><td><\/td><\/tr><tr><td><a href=\"https:\/\/pans.krosno.pl\/pracownicy\/bogdan-krasowski\/\" target=\"_blank\" rel=\"noreferrer noopener\">dr in\u017c. Bogdan Krasowski<\/a><\/td><td>soboty A<\/td><td>14:15-15:45<br><\/td><td>ul. \u017bwirki i Wigury 9A<\/td><td><br><a href=\"https:\/\/us04web.zoom.us\/j\/74651117171?pwd=0rBRY3bdPZoTy86OIcGUQRCCKeGws9.1\" target=\"_blank\" rel=\"noreferrer noopener\">link MS Teams<\/a><\/td><\/tr><tr><td><a href=\"https:\/\/pans.krosno.pl\/pracownicy\/romuald-fejkiel\/\" target=\"_blank\" rel=\"noreferrer noopener\">dr in\u017c. Romuald Fejkiel<\/a><\/td><td>\u015broda<br>niedziele A<\/td><td>12:30-14:00<br>11:00-12:30<br><\/td><td>ul. \u017bwirki i Wigury 9A<\/td><td><a href=\"https:\/\/teams.microsoft.com\/l\/team\/19%3A5jdhX1wChV9v0ZyCcH9oxxj4NLj8_yU3lSQZFSYImHU1%40thread.tacv2\/conversations?groupId=f94c5186-cec2-4767-ab96-daba6f6f0f42&amp;tenantId=96d73bb3-f85d-42bd-90bb-d291863d303b\" target=\"_blank\" rel=\"noreferrer noopener\">Link MS Teams<\/a><\/td><\/tr><tr><td><a href=\"https:\/\/pans.krosno.pl\/pracownicy\/krzysztof-ochalek\/\" target=\"_blank\" rel=\"noreferrer noopener\">mgr in\u017c. Krzysztof Ocha\u0142ek<\/a><\/td><td>poniedzia\u0142ki<br>soboty<\/td><td>13:00-14:30<br>18:00-19:30<\/td><td>ul. \u017bwirki i Wigury 9A<\/td><td><\/td><\/tr><tr><td><a href=\"https:\/\/pans.krosno.pl\/pracownicy\/tomasz-kosztyla\/\" target=\"_blank\" rel=\"noreferrer noopener\">dr in\u017c. Tomasz Koszty\u0142a<\/a><\/td><td><a href=\"https:\/\/pans.krosno.pl\/pracownicy\/tomasz-kosztyla\/\" target=\"_blank\" rel=\"noreferrer noopener\"><\/a><br>\u015brody<\/td><td>13:30-14:30<br><\/td><td>ul. \u017bwirki i Wigury 9A<\/td><td><\/td><\/tr><tr><td><a href=\"https:\/\/pans.krosno.pl\/pracownicy\/agnieszka-wozniak\/\" target=\"_blank\" rel=\"noreferrer noopener\">dr Agnieszka Wo\u017aniak<\/a><\/td><td>czwartki<\/td><td>14:00-15:30<\/td><td>ul. \u017bwirki i Wigury 9A<\/td><td><\/td><\/tr><tr><td><a href=\"https:\/\/pans.krosno.pl\/pracownicy\/katarzyna-czupinska\/\">dr Katarzyna Czupi\u0144ska<\/a><\/td><td>poniedzia\u0142ek<br><br>\u015broda<\/td><td>11:30-12:30<br><br>15:30-16:30<\/td><td>ul. \u017bwirki i Wigury9A <br>ul. Dmochowskiego12<\/td><td><a href=\"https:\/\/teams.microsoft.com\/l\/meetup-join\/19%3ameeting_NzM3ZjMxZjYtMWIxYS00ZTYwLWI4NjYtMjFhNWExZTJjNzhh%40thread.v2\/0?context=%7b%22Tid%22%3a%2296d73bb3-f85d-42bd-90bb-d291863d303b%22%2c%22Oid%22%3a%22244201c4-b3d5-4cf4-922b-de07c182b0b5%22%7d\">link MS Teams<\/a><\/td><\/tr><tr><td><a href=\"https:\/\/pans.krosno.pl\/pracownicy\/mikhael-hakim\/\">dr Mikhael Hakim<\/a><\/td><td>pi\u0105tek<\/td><td>13:00-15:00<br><\/td><td>ul. Dmochowskiego  s. 2 budynek B<\/td><td><\/td><\/tr><tr><td><a href=\"https:\/\/pans.krosno.pl\/pracownicy\/radoslaw-kruk\/\">mgr in\u017c. Rados\u0142aw Kruk<\/a><\/td><td>pi\u0105tki A<br>\u015brody B<\/td><td>11:00-13:00<br>11:00-13:00<\/td><td>ul. \u017bwirki i Wigury 9A<\/td><td><\/td><\/tr><tr><td><a href=\"https:\/\/pans.krosno.pl\/pracownicy\/wojciech-berezowski\/\" target=\"_blank\" rel=\"noreferrer noopener\">mgr in\u017c. Wojciech Berezowski<\/a><\/td><td>Wtorki A  <br>\u015arody B                 <\/td><td>13:00-15:00<br>13:30-15:30<\/td><td>ul. \u017bwirki i Wigury 9A<\/td><td>konsultacje on-line po wcze\u015bniejszym uzgodnieniu terminu drog\u0105 mailow\u0105<\/td><\/tr><tr><td>mgr in\u017c. Micha\u0142 Bobusia<\/td><td><br>pi\u0105tki<\/td><td>14:30-14:45<\/td><td>ul. \u017bwirki i Wigury 9A<\/td><td><\/td><\/tr><tr><td><a href=\"https:\/\/pans.krosno.pl\/pracownicy\/magdalena-dykiel\/\" target=\"_blank\" rel=\"noreferrer noopener\">dr in\u017c. Magdalena Dykiel<\/a><\/td><td>wtorek(8.10, 22.10, 05.11,<br>19.11,03.12,<br>17.12,14.01)<br>pi\u0105tki A (04.10,<br>18.10, 15.11)<br>soboty A<\/td><td>11:15-12:45<br>10:30-<br>12:00<br>10:30-<br>12:00<\/td><td>ul. Dmochowskiego 12 sala 28 budynek A<\/td><td>konsultacje on-line po wcze\u015bniejszym uzgodnieniu terminu drog\u0105 mailow\u0105<\/td><\/tr><\/tbody><\/table><\/figure>\n\n\n\n<p><\/p>\n\n\n\n<div class=\"wp-block-columns is-layout-flex wp-container-core-columns-is-layout-28f84493 wp-block-columns-is-layout-flex\">\n<div class=\"wp-block-column is-layout-flow wp-block-column-is-layout-flow\" style=\"flex-basis:100%\"><\/div>\n<\/div>\n","protected":false},"excerpt":{"rendered":"<p>Pracownicy Dzie\u0144 Godzina Miejsce Dane online dr in\u017c. Dorota Chodorowska \u015brody soboty B 13:30-15:3013:00-13:30 ul. \u017bwirki i Wigury 9A, sala 28 Konsultacje | Og\u00f3lny | Microsoft Teams dr hab. in\u017c. Tadeusz Wszo\u0142ek, prof. PANS pi\u0105tki Asoboty B 13:00-15:0016:30-17:30 ul. \u017bwirki i Wigury 9A, sala 27A link MS Teamslink MS Teams [\u2026] <\/p>\n<div class=\"clear\"><\/div>\n<p><a class=\"more_link clearfix\" href=\"https:\/\/pans.krosno.pl\/mibm\/dyzury-pracownikow\/\" rel=\"nofollow\">Read More<\/a><\/p>\n","protected":false},"author":27,"featured_media":0,"parent":0,"menu_order":0,"comment_status":"closed","ping_status":"closed","template":"page-templates\/template-full-width.php","meta":{"ngg_post_thumbnail":0,"footnotes":""},"class_list":["post-18","page","type-page","status-publish","hentry"],"yoast_head":"<!-- This site is optimized with the Yoast SEO Premium plugin v27.4 (Yoast SEO v27.4) - https:\/\/yoast.com\/product\/yoast-seo-premium-wordpress\/ -->\n<title>Dy\u017cury pracownik\u00f3w - Mechanika i Budowa Maszyn PANS w Kro\u015bnie<\/title>\n<meta name=\"description\" content=\"KPU w Kro\u015bnie\" \/>\n<meta name=\"robots\" content=\"index, follow, max-snippet:-1, max-image-preview:large, max-video-preview:-1\" \/>\n<link rel=\"canonical\" href=\"https:\/\/pans.krosno.pl\/mibm\/dyzury-pracownikow\/\" \/>\n<meta property=\"og:locale\" content=\"pl_PL\" \/>\n<meta property=\"og:type\" content=\"article\" \/>\n<meta property=\"og:title\" content=\"Dy\u017cury pracownik\u00f3w\" \/>\n<meta property=\"og:description\" content=\"KPU w Kro\u015bnie\" \/>\n<meta property=\"og:url\" content=\"https:\/\/pans.krosno.pl\/mibm\/dyzury-pracownikow\/\" \/>\n<meta property=\"og:site_name\" content=\"Mechanika i Budowa Maszyn PANS w Kro\u015bnie\" \/>\n<meta property=\"article:modified_time\" content=\"2025-10-06T16:24:35+00:00\" \/>\n<meta name=\"twitter:card\" content=\"summary_large_image\" \/>\n<meta name=\"twitter:label1\" content=\"Szacowany czas czytania\" \/>\n\t<meta name=\"twitter:data1\" content=\"2 minuty\" \/>\n<script type=\"application\/ld+json\" class=\"yoast-schema-graph\">{\"@context\":\"https:\\\/\\\/schema.org\",\"@graph\":[{\"@type\":\"WebPage\",\"@id\":\"https:\\\/\\\/pans.krosno.pl\\\/mibm\\\/dyzury-pracownikow\\\/\",\"url\":\"https:\\\/\\\/pans.krosno.pl\\\/mibm\\\/dyzury-pracownikow\\\/\",\"name\":\"Dy\u017cury pracownik\u00f3w - Mechanika i Budowa Maszyn PANS w Kro\u015bnie\",\"isPartOf\":{\"@id\":\"https:\\\/\\\/pans.krosno.pl\\\/mibm\\\/#website\"},\"datePublished\":\"2019-11-06T10:58:32+00:00\",\"dateModified\":\"2025-10-06T16:24:35+00:00\",\"description\":\"KPU w Kro\u015bnie\",\"breadcrumb\":{\"@id\":\"https:\\\/\\\/pans.krosno.pl\\\/mibm\\\/dyzury-pracownikow\\\/#breadcrumb\"},\"inLanguage\":\"pl-PL\",\"potentialAction\":[{\"@type\":\"ReadAction\",\"target\":[\"https:\\\/\\\/pans.krosno.pl\\\/mibm\\\/dyzury-pracownikow\\\/\"]}]},{\"@type\":\"BreadcrumbList\",\"@id\":\"https:\\\/\\\/pans.krosno.pl\\\/mibm\\\/dyzury-pracownikow\\\/#breadcrumb\",\"itemListElement\":[{\"@type\":\"ListItem\",\"position\":1,\"name\":\"Strona g\u0142\u00f3wna\",\"item\":\"https:\\\/\\\/pans.krosno.pl\\\/mibm\\\/\"},{\"@type\":\"ListItem\",\"position\":2,\"name\":\"Dy\u017cury pracownik\u00f3w\"}]},{\"@type\":\"WebSite\",\"@id\":\"https:\\\/\\\/pans.krosno.pl\\\/mibm\\\/#website\",\"url\":\"https:\\\/\\\/pans.krosno.pl\\\/mibm\\\/\",\"name\":\"Mechanika i Budowa Maszyn PANS w Kro\u015bnie\",\"description\":\"Mechanika i Budowa Maszyn - Pa\u0144stwowa Akademia Nauk Stosowanych\",\"publisher\":{\"@id\":\"https:\\\/\\\/pans.krosno.pl\\\/mibm\\\/#organization\"},\"potentialAction\":[{\"@type\":\"SearchAction\",\"target\":{\"@type\":\"EntryPoint\",\"urlTemplate\":\"https:\\\/\\\/pans.krosno.pl\\\/mibm\\\/?s={search_term_string}\"},\"query-input\":{\"@type\":\"PropertyValueSpecification\",\"valueRequired\":true,\"valueName\":\"search_term_string\"}}],\"inLanguage\":\"pl-PL\"},{\"@type\":\"Organization\",\"@id\":\"https:\\\/\\\/pans.krosno.pl\\\/mibm\\\/#organization\",\"name\":\"Mechanika i Budowa Maszyn PANS w Kro\u015bnie\",\"url\":\"https:\\\/\\\/pans.krosno.pl\\\/mibm\\\/\",\"logo\":{\"@type\":\"ImageObject\",\"inLanguage\":\"pl-PL\",\"@id\":\"https:\\\/\\\/pans.krosno.pl\\\/mibm\\\/#\\\/schema\\\/logo\\\/image\\\/\",\"url\":\"https:\\\/\\\/pans.krosno.pl\\\/mibm\\\/wp-content\\\/uploads\\\/sites\\\/19\\\/2023\\\/01\\\/Logo-PANS-2022-pelne.png\",\"contentUrl\":\"https:\\\/\\\/pans.krosno.pl\\\/mibm\\\/wp-content\\\/uploads\\\/sites\\\/19\\\/2023\\\/01\\\/Logo-PANS-2022-pelne.png\",\"width\":3096,\"height\":696,\"caption\":\"Mechanika i Budowa Maszyn PANS w Kro\u015bnie\"},\"image\":{\"@id\":\"https:\\\/\\\/pans.krosno.pl\\\/mibm\\\/#\\\/schema\\\/logo\\\/image\\\/\"}}]}<\/script>\n<!-- \/ Yoast SEO Premium plugin. -->","yoast_head_json":{"title":"Dy\u017cury pracownik\u00f3w - Mechanika i Budowa Maszyn PANS w Kro\u015bnie","description":"KPU w Kro\u015bnie","robots":{"index":"index","follow":"follow","max-snippet":"max-snippet:-1","max-image-preview":"max-image-preview:large","max-video-preview":"max-video-preview:-1"},"canonical":"https:\/\/pans.krosno.pl\/mibm\/dyzury-pracownikow\/","og_locale":"pl_PL","og_type":"article","og_title":"Dy\u017cury pracownik\u00f3w","og_description":"KPU w Kro\u015bnie","og_url":"https:\/\/pans.krosno.pl\/mibm\/dyzury-pracownikow\/","og_site_name":"Mechanika i Budowa Maszyn PANS w Kro\u015bnie","article_modified_time":"2025-10-06T16:24:35+00:00","twitter_card":"summary_large_image","twitter_misc":{"Szacowany czas czytania":"2 minuty"},"schema":{"@context":"https:\/\/schema.org","@graph":[{"@type":"WebPage","@id":"https:\/\/pans.krosno.pl\/mibm\/dyzury-pracownikow\/","url":"https:\/\/pans.krosno.pl\/mibm\/dyzury-pracownikow\/","name":"Dy\u017cury pracownik\u00f3w - Mechanika i Budowa Maszyn PANS w Kro\u015bnie","isPartOf":{"@id":"https:\/\/pans.krosno.pl\/mibm\/#website"},"datePublished":"2019-11-06T10:58:32+00:00","dateModified":"2025-10-06T16:24:35+00:00","description":"KPU w Kro\u015bnie","breadcrumb":{"@id":"https:\/\/pans.krosno.pl\/mibm\/dyzury-pracownikow\/#breadcrumb"},"inLanguage":"pl-PL","potentialAction":[{"@type":"ReadAction","target":["https:\/\/pans.krosno.pl\/mibm\/dyzury-pracownikow\/"]}]},{"@type":"BreadcrumbList","@id":"https:\/\/pans.krosno.pl\/mibm\/dyzury-pracownikow\/#breadcrumb","itemListElement":[{"@type":"ListItem","position":1,"name":"Strona g\u0142\u00f3wna","item":"https:\/\/pans.krosno.pl\/mibm\/"},{"@type":"ListItem","position":2,"name":"Dy\u017cury pracownik\u00f3w"}]},{"@type":"WebSite","@id":"https:\/\/pans.krosno.pl\/mibm\/#website","url":"https:\/\/pans.krosno.pl\/mibm\/","name":"Mechanika i Budowa Maszyn PANS w Kro\u015bnie","description":"Mechanika i Budowa Maszyn - Pa\u0144stwowa Akademia Nauk Stosowanych","publisher":{"@id":"https:\/\/pans.krosno.pl\/mibm\/#organization"},"potentialAction":[{"@type":"SearchAction","target":{"@type":"EntryPoint","urlTemplate":"https:\/\/pans.krosno.pl\/mibm\/?s={search_term_string}"},"query-input":{"@type":"PropertyValueSpecification","valueRequired":true,"valueName":"search_term_string"}}],"inLanguage":"pl-PL"},{"@type":"Organization","@id":"https:\/\/pans.krosno.pl\/mibm\/#organization","name":"Mechanika i Budowa Maszyn PANS w Kro\u015bnie","url":"https:\/\/pans.krosno.pl\/mibm\/","logo":{"@type":"ImageObject","inLanguage":"pl-PL","@id":"https:\/\/pans.krosno.pl\/mibm\/#\/schema\/logo\/image\/","url":"https:\/\/pans.krosno.pl\/mibm\/wp-content\/uploads\/sites\/19\/2023\/01\/Logo-PANS-2022-pelne.png","contentUrl":"https:\/\/pans.krosno.pl\/mibm\/wp-content\/uploads\/sites\/19\/2023\/01\/Logo-PANS-2022-pelne.png","width":3096,"height":696,"caption":"Mechanika i Budowa Maszyn PANS w Kro\u015bnie"},"image":{"@id":"https:\/\/pans.krosno.pl\/mibm\/#\/schema\/logo\/image\/"}}]}},"_links":{"self":[{"href":"https:\/\/pans.krosno.pl\/mibm\/wp-json\/wp\/v2\/pages\/18","targetHints":{"allow":["GET"]}}],"collection":[{"href":"https:\/\/pans.krosno.pl\/mibm\/wp-json\/wp\/v2\/pages"}],"about":[{"href":"https:\/\/pans.krosno.pl\/mibm\/wp-json\/wp\/v2\/types\/page"}],"author":[{"embeddable":true,"href":"https:\/\/pans.krosno.pl\/mibm\/wp-json\/wp\/v2\/users\/27"}],"replies":[{"embeddable":true,"href":"https:\/\/pans.krosno.pl\/mibm\/wp-json\/wp\/v2\/comments?post=18"}],"version-history":[{"count":297,"href":"https:\/\/pans.krosno.pl\/mibm\/wp-json\/wp\/v2\/pages\/18\/revisions"}],"predecessor-version":[{"id":2712,"href":"https:\/\/pans.krosno.pl\/mibm\/wp-json\/wp\/v2\/pages\/18\/revisions\/2712"}],"wp:attachment":[{"href":"https:\/\/pans.krosno.pl\/mibm\/wp-json\/wp\/v2\/media?parent=18"}],"curies":[{"name":"wp","href":"https:\/\/api.w.org\/{rel}","templated":true}]}}