{"id":143,"date":"2019-12-23T11:32:41","date_gmt":"2019-12-23T10:32:41","guid":{"rendered":"https:\/\/pans.krosno.pl\/mibm\/?page_id=143"},"modified":"2026-02-13T11:45:40","modified_gmt":"2026-02-13T10:45:40","slug":"harmonogram-zajec","status":"publish","type":"page","link":"https:\/\/pans.krosno.pl\/mibm\/harmonogram-zajec\/","title":{"rendered":"Harmonogram Zaj\u0119\u0107"},"content":{"rendered":"\n<h3 class=\"wp-block-heading\" id=\"h-kalendarz-zajec-semestr-letni-2025-2026\">Kalendarz zaj\u0119\u0107 &#8211; semestr letni 2025\/2026<\/h3>\n\n\n\n<figure class=\"wp-block-image size-full\"><img loading=\"lazy\" decoding=\"async\" width=\"705\" height=\"962\" src=\"https:\/\/pans.krosno.pl\/mibm\/wp-content\/uploads\/sites\/19\/2026\/02\/image.png\" alt=\"\" class=\"wp-image-2731\" srcset=\"https:\/\/pans.krosno.pl\/mibm\/wp-content\/uploads\/sites\/19\/2026\/02\/image.png 705w, https:\/\/pans.krosno.pl\/mibm\/wp-content\/uploads\/sites\/19\/2026\/02\/image-220x300.png 220w, https:\/\/pans.krosno.pl\/mibm\/wp-content\/uploads\/sites\/19\/2026\/02\/image-580x791.png 580w\" sizes=\"auto, (max-width: 705px) 100vw, 705px\" \/><\/figure>\n\n\n\n<p><\/p>\n\n\n\n<p>Tygodnie A (nieparzyste) &#8211; Zaj\u0119cia dydaktyczne co 2 tygodnie <\/p>\n\n\n\n<p>Tygodnie B (parzyste) &#8211; zaj\u0119cia dydaktyczne co 2 tygodnie<\/p>\n\n\n\n<h3 class=\"wp-block-heading\" id=\"h-harmonogram-studia-stacjonarne-semestr-letni-2025-2026\">Harmonogram &#8211; studia stacjonarne semestr letni 2025\/2026<\/h3>\n\n\n\n<h3 class=\"wp-block-heading has-vivid-red-color has-text-color\" id=\"h-uwaga-harmonogram-moze-ulec-zmianie\">Uwaga! Harmonogram mo\u017ce ulec zmianie!<\/h3>\n\n\n\n<p><a href=\"https:\/\/usos.kpu.krosno.pl\/kontroler.php?_action=katalog2\/przedmioty\/pokazPlanGrupyPrzedmiotow&amp;grupa_kod=MBM-S-25-S2&amp;cdyd_kod=2025L&amp;plan_format=html&amp;plan_showStartTime=1&amp;plan_showEndTime=1&amp;plan_showTypeShort=0&amp;plan_showTypeFull=1&amp;plan_showGroupNumber=1&amp;plan_showCourseName=1&amp;plan_showCourseCode=0&amp;plan_showRoom=1&amp;plan_showBuildingCode=0&amp;plan_showLecturers=1&amp;plan_overridePrintWidth=1&amp;plan_colorScheme=default\">Harmonogram I rok stacjonarne w USOS-web<\/a><\/p>\n\n\n\n<p><a href=\"https:\/\/usos.kpu.krosno.pl\/kontroler.php?_action=katalog2\/przedmioty\/pokazPlanGrupyPrzedmiotow&amp;grupa_kod=MBM-S-25-S4&amp;cdyd_kod=2025L&amp;plan_format=html&amp;plan_showStartTime=1&amp;plan_showEndTime=1&amp;plan_showTypeShort=0&amp;plan_showTypeFull=1&amp;plan_showGroupNumber=1&amp;plan_showCourseName=1&amp;plan_showCourseCode=0&amp;plan_showRoom=1&amp;plan_showBuildingCode=0&amp;plan_showLecturers=1&amp;plan_overridePrintWidth=1&amp;plan_colorScheme=default\">Harmonogram II rok stacjonarne w USOS-web<\/a><\/p>\n\n\n\n<p><a href=\"https:\/\/usos.kpu.krosno.pl\/kontroler.php?_action=katalog2\/przedmioty\/pokazPlanGrupyPrzedmiotow&amp;grupa_kod=MBM-S-25-S6&amp;cdyd_kod=2025L&amp;plan_format=html&amp;plan_showStartTime=1&amp;plan_showEndTime=1&amp;plan_showTypeShort=0&amp;plan_showTypeFull=1&amp;plan_showGroupNumber=1&amp;plan_showCourseName=1&amp;plan_showCourseCode=0&amp;plan_showRoom=1&amp;plan_showBuildingCode=0&amp;plan_showLecturers=1&amp;plan_overridePrintWidth=1&amp;plan_colorScheme=default\">Harmonogram III rok stacjonarne w USOS-web<\/a><\/p>\n\n\n\n<h3 class=\"wp-block-heading\" id=\"h-harmonogram-studia-niestacjonarne-semestr-letni-2025-2026\">Harmonogram &#8211; studia niestacjonarne semestr letni 2025\/2026<\/h3>\n\n\n\n<h3 class=\"wp-block-heading has-vivid-red-color has-text-color\" id=\"h-uwaga-harmonogram-moze-ulec-zmianie-0\">Uwaga! Harmonogram mo\u017ce ulec zmianie! <\/h3>\n\n\n\n<p><a href=\"https:\/\/usos.kpu.krosno.pl\/kontroler.php?_action=katalog2\/przedmioty\/pokazPlanGrupyPrzedmiotow&amp;grupa_kod=MBM-N-25-S6&amp;cdyd_kod=2025L&amp;plan_format=html&amp;plan_showStartTime=1&amp;plan_showEndTime=1&amp;plan_showTypeShort=0&amp;plan_showTypeFull=1&amp;plan_showGroupNumber=1&amp;plan_showCourseName=1&amp;plan_showCourseCode=0&amp;plan_showRoom=1&amp;plan_showBuildingCode=0&amp;plan_showLecturers=1&amp;plan_overridePrintWidth=1&amp;plan_colorScheme=default\">Harmonogram III rok niestacjonarne w USOS-web<\/a><\/p>\n\n\n\n<h3 class=\"wp-block-heading\" id=\"h-harmonogram-studia-stacjonarne-semestr-zimowy-2025-2026\">Harmonogram &#8211; studia stacjonarne semestr zimowy 2025\/2026<\/h3>\n\n\n\n<h3 class=\"wp-block-heading has-vivid-red-color has-text-color\" id=\"h-uwaga-harmonogram-moze-ulec-zmianie\">Uwaga! Harmonogram mo\u017ce ulec zmianie!<\/h3>\n\n\n\n<p><a href=\"https:\/\/usos.kpu.krosno.pl\/kontroler.php?_action=katalog2\/przedmioty\/pokazPlanGrupyPrzedmiotow&amp;grupa_kod=MBM-S-25-S1&amp;cdyd_kod=2025Z&amp;plan_format=html&amp;plan_showStartTime=1&amp;plan_showEndTime=1&amp;plan_showTypeShort=0&amp;plan_showTypeFull=1&amp;plan_showGroupNumber=1&amp;plan_showCourseName=1&amp;plan_showCourseCode=0&amp;plan_showRoom=1&amp;plan_showBuildingCode=0&amp;plan_showLecturers=1&amp;plan_overridePrintWidth=1&amp;plan_colorScheme=default\">Harmonogram I rok stacjonarne w USOS-web<\/a><\/p>\n\n\n\n<p><a href=\"https:\/\/usos.kpu.krosno.pl\/kontroler.php?_action=katalog2\/przedmioty\/pokazPlanGrupyPrzedmiotow&amp;grupa_kod=MBM-S-25-S3&amp;cdyd_kod=2025Z&amp;plan_format=html&amp;plan_showStartTime=1&amp;plan_showEndTime=1&amp;plan_showTypeShort=0&amp;plan_showTypeFull=1&amp;plan_showGroupNumber=1&amp;plan_showCourseName=1&amp;plan_showCourseCode=0&amp;plan_showRoom=1&amp;plan_showBuildingCode=0&amp;plan_showLecturers=1&amp;plan_overridePrintWidth=1&amp;plan_colorScheme=default\">Harmonogram II rok stacjonarne w USOS-web<\/a><\/p>\n\n\n\n<p><a href=\"https:\/\/usos.kpu.krosno.pl\/kontroler.php?_action=katalog2\/przedmioty\/pokazPlanGrupyPrzedmiotow&amp;grupa_kod=MBM-S-25-S5&amp;cdyd_kod=2025Z&amp;plan_format=html&amp;plan_showStartTime=1&amp;plan_showEndTime=1&amp;plan_showTypeShort=0&amp;plan_showTypeFull=1&amp;plan_showGroupNumber=1&amp;plan_showCourseName=1&amp;plan_showCourseCode=0&amp;plan_showRoom=1&amp;plan_showBuildingCode=0&amp;plan_showLecturers=1&amp;plan_overridePrintWidth=1&amp;plan_colorScheme=default\">Harmonogram III rok stacjonarne w USOS-web<\/a><\/p>\n\n\n\n<p><a href=\"https:\/\/usos.kpu.krosno.pl\/kontroler.php?_action=katalog2\/przedmioty\/pokazPlanGrupyPrzedmiotow&amp;grupa_kod=MBM-S-25-S7&amp;cdyd_kod=2025Z&amp;plan_format=html&amp;plan_showStartTime=1&amp;plan_showEndTime=1&amp;plan_showTypeShort=0&amp;plan_showTypeFull=1&amp;plan_showGroupNumber=1&amp;plan_showCourseName=1&amp;plan_showCourseCode=0&amp;plan_showRoom=1&amp;plan_showBuildingCode=0&amp;plan_showLecturers=1&amp;plan_overridePrintWidth=1&amp;plan_colorScheme=default\">Harmonogram IV rok stacjonarne w USOS-web<\/a><\/p>\n\n\n\n<h3 class=\"wp-block-heading\" id=\"h-harmonogram-studia-niestacjonarne-semestr-zimowy-2025-2026\">Harmonogram &#8211; studia niestacjonarne semestr zimowy 2025\/2026<\/h3>\n\n\n\n<h3 class=\"wp-block-heading has-vivid-red-color has-text-color\" id=\"h-uwaga-harmonogram-moze-ulec-zmianie-0\">Uwaga! Harmonogram mo\u017ce ulec zmianie! <\/h3>\n\n\n\n<p><a href=\"https:\/\/usos.kpu.krosno.pl\/kontroler.php?_action=katalog2\/przedmioty\/pokazPlanGrupyPrzedmiotow&amp;grupa_kod=MBM-N-25-S5&amp;cdyd_kod=2025Z&amp;plan_format=html&amp;plan_showStartTime=1&amp;plan_showEndTime=1&amp;plan_showTypeShort=0&amp;plan_showTypeFull=1&amp;plan_showGroupNumber=1&amp;plan_showCourseName=1&amp;plan_showCourseCode=0&amp;plan_showRoom=1&amp;plan_showBuildingCode=0&amp;plan_showLecturers=1&amp;plan_overridePrintWidth=1&amp;plan_colorScheme=default\">Harmonogram III rok niestacjonarne w USOS-web<\/a><\/p>\n\n\n\n<h3 class=\"wp-block-heading\" id=\"h-harmonogram-studia-stacjonarne-semestr-letni-2024-2025\">Harmonogram &#8211; studia stacjonarne semestr letni 2024\/2025<\/h3>\n\n\n\n<h3 class=\"wp-block-heading has-vivid-red-color has-text-color\" id=\"h-uwaga-harmonogram-moze-ulec-zmianie-1\">Uwaga! Harmonogram mo\u017ce ulec zmianie!<\/h3>\n\n\n\n<p><a href=\"https:\/\/usos.kpu.krosno.pl\/kontroler.php?_action=katalog2\/przedmioty\/pokazPlanGrupyPrzedmiotow&amp;grupa_kod=MBM-S-24-S2&amp;cdyd_kod=2024L&amp;plan_format=html&amp;plan_showStartTime=1&amp;plan_showEndTime=1&amp;plan_showTypeShort=0&amp;plan_showTypeFull=1&amp;plan_showGroupNumber=1&amp;plan_showCourseName=1&amp;plan_showCourseCode=0&amp;plan_showRoom=1&amp;plan_showBuildingCode=0&amp;plan_showLecturers=1&amp;plan_overridePrintWidth=1&amp;plan_colorScheme=default\">Harmonogram I rok stacjonarne w USOS-web<\/a><\/p>\n\n\n\n<p><a href=\"https:\/\/usos.kpu.krosno.pl\/kontroler.php?_action=katalog2\/przedmioty\/pokazPlanGrupyPrzedmiotow&amp;grupa_kod=MBM-S-24-S4&amp;cdyd_kod=2024L&amp;plan_format=html&amp;plan_showStartTime=1&amp;plan_showEndTime=1&amp;plan_showTypeShort=0&amp;plan_showTypeFull=1&amp;plan_showGroupNumber=1&amp;plan_showCourseName=1&amp;plan_showCourseCode=0&amp;plan_showRoom=1&amp;plan_showBuildingCode=0&amp;plan_showLecturers=1&amp;plan_overridePrintWidth=1&amp;plan_colorScheme=default\">Harmonogram II rok stacjonarne w USOS-web<\/a><\/p>\n\n\n\n<p><a href=\"https:\/\/usos.kpu.krosno.pl\/kontroler.php?_action=katalog2\/przedmioty\/pokazPlanGrupyPrzedmiotow&amp;grupa_kod=MBM-S-24-S6&amp;cdyd_kod=2024L&amp;plan_format=html&amp;plan_showStartTime=1&amp;plan_showEndTime=1&amp;plan_showTypeShort=0&amp;plan_showTypeFull=1&amp;plan_showGroupNumber=1&amp;plan_showCourseName=1&amp;plan_showCourseCode=0&amp;plan_showRoom=1&amp;plan_showBuildingCode=0&amp;plan_showLecturers=1&amp;plan_overridePrintWidth=1&amp;plan_colorScheme=default\">Harmonogram III rok stacjonarne w USOS-web<\/a><\/p>\n\n\n\n<h3 class=\"wp-block-heading\" id=\"h-harmonogram-studia-niestacjonarne-semestr-letni-2024-2025\">Harmonogram &#8211; studia niestacjonarne semestr letni  2024\/2025<\/h3>\n\n\n\n<h3 class=\"wp-block-heading has-vivid-red-color has-text-color\" id=\"h-uwaga-harmonogram-moze-ulec-zmianie-2\">Uwaga! Harmonogram mo\u017ce ulec zmianie! <\/h3>\n\n\n\n<p><a href=\"https:\/\/usos.kpu.krosno.pl\/kontroler.php?_action=katalog2\/przedmioty\/pokazPlanGrupyPrzedmiotow&amp;grupa_kod=MBM-N-24-S4&amp;cdyd_kod=2024L&amp;plan_format=html&amp;plan_showStartTime=1&amp;plan_showEndTime=1&amp;plan_showTypeShort=0&amp;plan_showTypeFull=1&amp;plan_showGroupNumber=1&amp;plan_showCourseName=1&amp;plan_showCourseCode=0&amp;plan_showRoom=1&amp;plan_showBuildingCode=0&amp;plan_showLecturers=1&amp;plan_overridePrintWidth=1&amp;plan_colorScheme=default\">Harmonogram II rok niestacjonarne w USOS-web<\/a><\/p>\n\n\n","protected":false},"excerpt":{"rendered":"<p>Kalendarz zaj\u0119\u0107 &#8211; semestr letni 2025\/2026 Tygodnie A (nieparzyste) &#8211; Zaj\u0119cia dydaktyczne co 2 tygodnie Tygodnie B (parzyste) &#8211; zaj\u0119cia dydaktyczne co 2 tygodnie Harmonogram &#8211; studia stacjonarne semestr letni 2025\/2026 Uwaga! Harmonogram mo\u017ce ulec zmianie! Harmonogram I rok stacjonarne w USOS-web Harmonogram II rok stacjonarne w USOS-web Harmonogram III [\u2026] <\/p>\n<div class=\"clear\"><\/div>\n<p><a class=\"more_link clearfix\" href=\"https:\/\/pans.krosno.pl\/mibm\/harmonogram-zajec\/\" rel=\"nofollow\">Read More<\/a><\/p>\n","protected":false},"author":27,"featured_media":0,"parent":0,"menu_order":0,"comment_status":"closed","ping_status":"closed","template":"page-templates\/template-full-width.php","meta":{"ngg_post_thumbnail":0,"footnotes":""},"class_list":["post-143","page","type-page","status-publish","hentry"],"yoast_head":"<!-- This site is optimized with the Yoast SEO Premium plugin v27.4 (Yoast SEO v27.4) - https:\/\/yoast.com\/product\/yoast-seo-premium-wordpress\/ -->\n<title>Harmonogram Zaj\u0119\u0107 - Mechanika i Budowa Maszyn PANS w Kro\u015bnie<\/title>\n<meta name=\"description\" content=\"Harmonogram - studia stacjonarne semestr letni 2019\/2020\" \/>\n<meta name=\"robots\" content=\"index, follow, max-snippet:-1, max-image-preview:large, max-video-preview:-1\" \/>\n<link rel=\"canonical\" href=\"https:\/\/pans.krosno.pl\/mibm\/harmonogram-zajec\/\" \/>\n<meta property=\"og:locale\" content=\"pl_PL\" \/>\n<meta property=\"og:type\" content=\"article\" \/>\n<meta property=\"og:title\" content=\"Harmonogram Zaj\u0119\u0107\" \/>\n<meta property=\"og:description\" content=\"Harmonogram - studia stacjonarne semestr letni 2019\/2020\" \/>\n<meta property=\"og:url\" content=\"https:\/\/pans.krosno.pl\/mibm\/harmonogram-zajec\/\" \/>\n<meta property=\"og:site_name\" content=\"Mechanika i Budowa Maszyn PANS w Kro\u015bnie\" \/>\n<meta property=\"article:modified_time\" content=\"2026-02-13T10:45:40+00:00\" \/>\n<meta property=\"og:image\" content=\"https:\/\/pans.krosno.pl\/mibm\/wp-content\/uploads\/sites\/19\/2026\/02\/image.png\" \/>\n\t<meta property=\"og:image:width\" content=\"705\" \/>\n\t<meta property=\"og:image:height\" content=\"962\" \/>\n\t<meta property=\"og:image:type\" content=\"image\/png\" \/>\n<meta name=\"twitter:card\" content=\"summary_large_image\" \/>\n<meta name=\"twitter:label1\" content=\"Szacowany czas czytania\" \/>\n\t<meta name=\"twitter:data1\" content=\"2 minuty\" \/>\n<script type=\"application\/ld+json\" class=\"yoast-schema-graph\">{\"@context\":\"https:\\\/\\\/schema.org\",\"@graph\":[{\"@type\":\"WebPage\",\"@id\":\"https:\\\/\\\/pans.krosno.pl\\\/mibm\\\/harmonogram-zajec\\\/\",\"url\":\"https:\\\/\\\/pans.krosno.pl\\\/mibm\\\/harmonogram-zajec\\\/\",\"name\":\"Harmonogram Zaj\u0119\u0107 - Mechanika i Budowa Maszyn PANS w Kro\u015bnie\",\"isPartOf\":{\"@id\":\"https:\\\/\\\/pans.krosno.pl\\\/mibm\\\/#website\"},\"primaryImageOfPage\":{\"@id\":\"https:\\\/\\\/pans.krosno.pl\\\/mibm\\\/harmonogram-zajec\\\/#primaryimage\"},\"image\":{\"@id\":\"https:\\\/\\\/pans.krosno.pl\\\/mibm\\\/harmonogram-zajec\\\/#primaryimage\"},\"thumbnailUrl\":\"https:\\\/\\\/pans.krosno.pl\\\/mibm\\\/wp-content\\\/uploads\\\/sites\\\/19\\\/2026\\\/02\\\/image.png\",\"datePublished\":\"2019-12-23T10:32:41+00:00\",\"dateModified\":\"2026-02-13T10:45:40+00:00\",\"description\":\"Harmonogram - studia stacjonarne semestr letni 2019\\\/2020\",\"breadcrumb\":{\"@id\":\"https:\\\/\\\/pans.krosno.pl\\\/mibm\\\/harmonogram-zajec\\\/#breadcrumb\"},\"inLanguage\":\"pl-PL\",\"potentialAction\":[{\"@type\":\"ReadAction\",\"target\":[\"https:\\\/\\\/pans.krosno.pl\\\/mibm\\\/harmonogram-zajec\\\/\"]}]},{\"@type\":\"ImageObject\",\"inLanguage\":\"pl-PL\",\"@id\":\"https:\\\/\\\/pans.krosno.pl\\\/mibm\\\/harmonogram-zajec\\\/#primaryimage\",\"url\":\"https:\\\/\\\/pans.krosno.pl\\\/mibm\\\/wp-content\\\/uploads\\\/sites\\\/19\\\/2026\\\/02\\\/image.png\",\"contentUrl\":\"https:\\\/\\\/pans.krosno.pl\\\/mibm\\\/wp-content\\\/uploads\\\/sites\\\/19\\\/2026\\\/02\\\/image.png\",\"width\":705,\"height\":962},{\"@type\":\"BreadcrumbList\",\"@id\":\"https:\\\/\\\/pans.krosno.pl\\\/mibm\\\/harmonogram-zajec\\\/#breadcrumb\",\"itemListElement\":[{\"@type\":\"ListItem\",\"position\":1,\"name\":\"Strona g\u0142\u00f3wna\",\"item\":\"https:\\\/\\\/pans.krosno.pl\\\/mibm\\\/\"},{\"@type\":\"ListItem\",\"position\":2,\"name\":\"Harmonogram Zaj\u0119\u0107\"}]},{\"@type\":\"WebSite\",\"@id\":\"https:\\\/\\\/pans.krosno.pl\\\/mibm\\\/#website\",\"url\":\"https:\\\/\\\/pans.krosno.pl\\\/mibm\\\/\",\"name\":\"Mechanika i Budowa Maszyn PANS w Kro\u015bnie\",\"description\":\"Mechanika i Budowa Maszyn - Pa\u0144stwowa Akademia Nauk Stosowanych\",\"publisher\":{\"@id\":\"https:\\\/\\\/pans.krosno.pl\\\/mibm\\\/#organization\"},\"potentialAction\":[{\"@type\":\"SearchAction\",\"target\":{\"@type\":\"EntryPoint\",\"urlTemplate\":\"https:\\\/\\\/pans.krosno.pl\\\/mibm\\\/?s={search_term_string}\"},\"query-input\":{\"@type\":\"PropertyValueSpecification\",\"valueRequired\":true,\"valueName\":\"search_term_string\"}}],\"inLanguage\":\"pl-PL\"},{\"@type\":\"Organization\",\"@id\":\"https:\\\/\\\/pans.krosno.pl\\\/mibm\\\/#organization\",\"name\":\"Mechanika i Budowa Maszyn PANS w Kro\u015bnie\",\"url\":\"https:\\\/\\\/pans.krosno.pl\\\/mibm\\\/\",\"logo\":{\"@type\":\"ImageObject\",\"inLanguage\":\"pl-PL\",\"@id\":\"https:\\\/\\\/pans.krosno.pl\\\/mibm\\\/#\\\/schema\\\/logo\\\/image\\\/\",\"url\":\"https:\\\/\\\/pans.krosno.pl\\\/mibm\\\/wp-content\\\/uploads\\\/sites\\\/19\\\/2023\\\/01\\\/Logo-PANS-2022-pelne.png\",\"contentUrl\":\"https:\\\/\\\/pans.krosno.pl\\\/mibm\\\/wp-content\\\/uploads\\\/sites\\\/19\\\/2023\\\/01\\\/Logo-PANS-2022-pelne.png\",\"width\":3096,\"height\":696,\"caption\":\"Mechanika i Budowa Maszyn PANS w Kro\u015bnie\"},\"image\":{\"@id\":\"https:\\\/\\\/pans.krosno.pl\\\/mibm\\\/#\\\/schema\\\/logo\\\/image\\\/\"}}]}<\/script>\n<!-- \/ Yoast SEO Premium plugin. -->","yoast_head_json":{"title":"Harmonogram Zaj\u0119\u0107 - Mechanika i Budowa Maszyn PANS w Kro\u015bnie","description":"Harmonogram - studia stacjonarne semestr letni 2019\/2020","robots":{"index":"index","follow":"follow","max-snippet":"max-snippet:-1","max-image-preview":"max-image-preview:large","max-video-preview":"max-video-preview:-1"},"canonical":"https:\/\/pans.krosno.pl\/mibm\/harmonogram-zajec\/","og_locale":"pl_PL","og_type":"article","og_title":"Harmonogram Zaj\u0119\u0107","og_description":"Harmonogram - studia stacjonarne semestr letni 2019\/2020","og_url":"https:\/\/pans.krosno.pl\/mibm\/harmonogram-zajec\/","og_site_name":"Mechanika i Budowa Maszyn PANS w Kro\u015bnie","article_modified_time":"2026-02-13T10:45:40+00:00","og_image":[{"width":705,"height":962,"url":"https:\/\/pans.krosno.pl\/mibm\/wp-content\/uploads\/sites\/19\/2026\/02\/image.png","type":"image\/png"}],"twitter_card":"summary_large_image","twitter_misc":{"Szacowany czas czytania":"2 minuty"},"schema":{"@context":"https:\/\/schema.org","@graph":[{"@type":"WebPage","@id":"https:\/\/pans.krosno.pl\/mibm\/harmonogram-zajec\/","url":"https:\/\/pans.krosno.pl\/mibm\/harmonogram-zajec\/","name":"Harmonogram Zaj\u0119\u0107 - Mechanika i Budowa Maszyn PANS w Kro\u015bnie","isPartOf":{"@id":"https:\/\/pans.krosno.pl\/mibm\/#website"},"primaryImageOfPage":{"@id":"https:\/\/pans.krosno.pl\/mibm\/harmonogram-zajec\/#primaryimage"},"image":{"@id":"https:\/\/pans.krosno.pl\/mibm\/harmonogram-zajec\/#primaryimage"},"thumbnailUrl":"https:\/\/pans.krosno.pl\/mibm\/wp-content\/uploads\/sites\/19\/2026\/02\/image.png","datePublished":"2019-12-23T10:32:41+00:00","dateModified":"2026-02-13T10:45:40+00:00","description":"Harmonogram - studia stacjonarne semestr letni 2019\/2020","breadcrumb":{"@id":"https:\/\/pans.krosno.pl\/mibm\/harmonogram-zajec\/#breadcrumb"},"inLanguage":"pl-PL","potentialAction":[{"@type":"ReadAction","target":["https:\/\/pans.krosno.pl\/mibm\/harmonogram-zajec\/"]}]},{"@type":"ImageObject","inLanguage":"pl-PL","@id":"https:\/\/pans.krosno.pl\/mibm\/harmonogram-zajec\/#primaryimage","url":"https:\/\/pans.krosno.pl\/mibm\/wp-content\/uploads\/sites\/19\/2026\/02\/image.png","contentUrl":"https:\/\/pans.krosno.pl\/mibm\/wp-content\/uploads\/sites\/19\/2026\/02\/image.png","width":705,"height":962},{"@type":"BreadcrumbList","@id":"https:\/\/pans.krosno.pl\/mibm\/harmonogram-zajec\/#breadcrumb","itemListElement":[{"@type":"ListItem","position":1,"name":"Strona g\u0142\u00f3wna","item":"https:\/\/pans.krosno.pl\/mibm\/"},{"@type":"ListItem","position":2,"name":"Harmonogram Zaj\u0119\u0107"}]},{"@type":"WebSite","@id":"https:\/\/pans.krosno.pl\/mibm\/#website","url":"https:\/\/pans.krosno.pl\/mibm\/","name":"Mechanika i Budowa Maszyn PANS w Kro\u015bnie","description":"Mechanika i Budowa Maszyn - Pa\u0144stwowa Akademia Nauk Stosowanych","publisher":{"@id":"https:\/\/pans.krosno.pl\/mibm\/#organization"},"potentialAction":[{"@type":"SearchAction","target":{"@type":"EntryPoint","urlTemplate":"https:\/\/pans.krosno.pl\/mibm\/?s={search_term_string}"},"query-input":{"@type":"PropertyValueSpecification","valueRequired":true,"valueName":"search_term_string"}}],"inLanguage":"pl-PL"},{"@type":"Organization","@id":"https:\/\/pans.krosno.pl\/mibm\/#organization","name":"Mechanika i Budowa Maszyn PANS w Kro\u015bnie","url":"https:\/\/pans.krosno.pl\/mibm\/","logo":{"@type":"ImageObject","inLanguage":"pl-PL","@id":"https:\/\/pans.krosno.pl\/mibm\/#\/schema\/logo\/image\/","url":"https:\/\/pans.krosno.pl\/mibm\/wp-content\/uploads\/sites\/19\/2023\/01\/Logo-PANS-2022-pelne.png","contentUrl":"https:\/\/pans.krosno.pl\/mibm\/wp-content\/uploads\/sites\/19\/2023\/01\/Logo-PANS-2022-pelne.png","width":3096,"height":696,"caption":"Mechanika i Budowa Maszyn PANS w Kro\u015bnie"},"image":{"@id":"https:\/\/pans.krosno.pl\/mibm\/#\/schema\/logo\/image\/"}}]}},"_links":{"self":[{"href":"https:\/\/pans.krosno.pl\/mibm\/wp-json\/wp\/v2\/pages\/143","targetHints":{"allow":["GET"]}}],"collection":[{"href":"https:\/\/pans.krosno.pl\/mibm\/wp-json\/wp\/v2\/pages"}],"about":[{"href":"https:\/\/pans.krosno.pl\/mibm\/wp-json\/wp\/v2\/types\/page"}],"author":[{"embeddable":true,"href":"https:\/\/pans.krosno.pl\/mibm\/wp-json\/wp\/v2\/users\/27"}],"replies":[{"embeddable":true,"href":"https:\/\/pans.krosno.pl\/mibm\/wp-json\/wp\/v2\/comments?post=143"}],"version-history":[{"count":178,"href":"https:\/\/pans.krosno.pl\/mibm\/wp-json\/wp\/v2\/pages\/143\/revisions"}],"predecessor-version":[{"id":2733,"href":"https:\/\/pans.krosno.pl\/mibm\/wp-json\/wp\/v2\/pages\/143\/revisions\/2733"}],"wp:attachment":[{"href":"https:\/\/pans.krosno.pl\/mibm\/wp-json\/wp\/v2\/media?parent=143"}],"curies":[{"name":"wp","href":"https:\/\/api.w.org\/{rel}","templated":true}]}}