{"id":51,"date":"2020-09-11T12:10:52","date_gmt":"2020-09-11T10:10:52","guid":{"rendered":"https:\/\/pans.krosno.pl\/mi\/?page_id=51"},"modified":"2026-04-13T12:02:18","modified_gmt":"2026-04-13T10:02:18","slug":"programy-studiow","status":"publish","type":"page","link":"https:\/\/pans.krosno.pl\/mi\/programy-studiow\/","title":{"rendered":"Program studi\u00f3w"},"content":{"rendered":"\n<p>Zapraszamy do zapoznania si\u0119  z programem studi\u00f3w na kierunku Marketing internetowy. <\/p>\n\n\n\n<p>Studenci po drugim rok studi\u00f3w (po 4 semestrze) wybieraj\u0105 jedn\u0105 z dw\u00f3ch specjalno\u015bci:<\/p>\n\n\n\n<ol class=\"wp-block-list\">\n<li><strong>TW\u00d3RCA TRE\u015aCI INTERNETOWYCH (Content Creator)<\/strong><\/li>\n\n\n\n<li><strong>PROMOWANIE WITRYN INTERNETOWYCH (Specjalista SEM)<\/strong><\/li>\n<\/ol>\n\n\n\n<div class=\"wp-block-file\"><a id=\"wp-block-file--media-f0ae5d6d-384c-4331-a7da-718ff2a3c307\" href=\"https:\/\/pans.krosno.pl\/mi\/wp-content\/uploads\/sites\/51\/2025\/11\/ost.-pelny_Program-studiow-dla-kierunku-Marketing-internetowy-dla-cyklu-2025_2028.docx\">SZCZEG\u00d3\u0141OWY OPIS PROGRAMU STUDI\u00d3W DLA CYKLU OD ROKU 2025_2028 (<strong>I ROK studi\u00f3w<\/strong>)<\/a><a href=\"https:\/\/pans.krosno.pl\/mi\/wp-content\/uploads\/sites\/51\/2025\/11\/ost.-pelny_Program-studiow-dla-kierunku-Marketing-internetowy-dla-cyklu-2025_2028.docx\" class=\"wp-block-file__button wp-element-button\" download aria-describedby=\"wp-block-file--media-f0ae5d6d-384c-4331-a7da-718ff2a3c307\">Pobierz<\/a><\/div>\n\n\n\n<div class=\"wp-block-file\"><a id=\"wp-block-file--media-fda164a3-0db3-4bce-a1a8-8c6f6cec6720\" href=\"https:\/\/pans.krosno.pl\/mi\/wp-content\/uploads\/sites\/51\/2026\/04\/Program-studiow-kierunku-Marketing-internetowy-2024-2025-calosc-z-kartami-pelnymi-22.03.2026r.docx\">SZCZEG\u00d3\u0141OWY OPIS PROGRAMU STUDI\u00d3W DLA CYKLU OD ROKU 2024-2027 <strong>(II ROK studi\u00f3w<\/strong>)<\/a><a href=\"https:\/\/pans.krosno.pl\/mi\/wp-content\/uploads\/sites\/51\/2026\/04\/Program-studiow-kierunku-Marketing-internetowy-2024-2025-calosc-z-kartami-pelnymi-22.03.2026r.docx\" class=\"wp-block-file__button wp-element-button\" download aria-describedby=\"wp-block-file--media-fda164a3-0db3-4bce-a1a8-8c6f6cec6720\">Pobierz<\/a><\/div>\n\n\n\n<div class=\"wp-block-file\"><a id=\"wp-block-file--media-e2b1c1fc-5e91-4696-8940-39695b60b08c\" href=\"https:\/\/pans.krosno.pl\/mi\/wp-content\/uploads\/sites\/51\/2025\/01\/CALOSC-DOKUMENTACJA-I-ROKU-2023-2024-MI-obecny-2-rok02012925.docx\">SZCZEG\u00d3\u0141OWY OPIS PROGRAMU STUDI\u00d3W DLA CYKLU OD ROKU 2023-2026 <strong>(III ROK studi\u00f3w<\/strong>)<\/a><a href=\"https:\/\/pans.krosno.pl\/mi\/wp-content\/uploads\/sites\/51\/2025\/01\/CALOSC-DOKUMENTACJA-I-ROKU-2023-2024-MI-obecny-2-rok02012925.docx\" class=\"wp-block-file__button wp-element-button\" download aria-describedby=\"wp-block-file--media-e2b1c1fc-5e91-4696-8940-39695b60b08c\">Pobierz<\/a><\/div>\n\n\n\n<p><\/p>\n","protected":false},"excerpt":{"rendered":"<p>Zapraszamy do zapoznania si\u0119 z programem studi\u00f3w na kierunku Marketing internetowy. Studenci po drugim rok studi\u00f3w (po 4 semestrze) wybieraj\u0105 jedn\u0105 z dw\u00f3ch specjalno\u015bci:<\/p>\n","protected":false},"author":27,"featured_media":0,"parent":0,"menu_order":0,"comment_status":"closed","ping_status":"closed","template":"page-templates\/template-full-width.php","meta":{"ngg_post_thumbnail":0,"footnotes":""},"class_list":["post-51","page","type-page","status-publish","hentry"],"yoast_head":"<!-- This site is optimized with the Yoast SEO Premium plugin v27.4 (Yoast SEO v27.4) - https:\/\/yoast.com\/product\/yoast-seo-premium-wordpress\/ -->\n<title>Program studi\u00f3w - Marketing Internetowy PANS w Kro\u015bnie<\/title>\n<meta name=\"robots\" content=\"index, follow, max-snippet:-1, max-image-preview:large, max-video-preview:-1\" \/>\n<link rel=\"canonical\" href=\"https:\/\/pans.krosno.pl\/mi\/programy-studiow\/\" \/>\n<meta property=\"og:locale\" content=\"pl_PL\" \/>\n<meta property=\"og:type\" content=\"article\" \/>\n<meta property=\"og:title\" content=\"Program studi\u00f3w\" \/>\n<meta property=\"og:description\" content=\"Zapraszamy do zapoznania si\u0119 z programem studi\u00f3w na kierunku Marketing internetowy. Studenci po drugim rok studi\u00f3w (po 4 semestrze) wybieraj\u0105 jedn\u0105 z dw\u00f3ch specjalno\u015bci:\" \/>\n<meta property=\"og:url\" content=\"https:\/\/pans.krosno.pl\/mi\/programy-studiow\/\" \/>\n<meta property=\"og:site_name\" content=\"Marketing Internetowy PANS w Kro\u015bnie\" \/>\n<meta property=\"article:publisher\" content=\"https:\/\/www.facebook.com\/StudiaKrosno\/\" \/>\n<meta property=\"article:modified_time\" content=\"2026-04-13T10:02:18+00:00\" \/>\n<meta name=\"twitter:card\" content=\"summary_large_image\" \/>\n<meta name=\"twitter:label1\" content=\"Szacowany czas czytania\" \/>\n\t<meta name=\"twitter:data1\" content=\"1 minuta\" \/>\n<script type=\"application\/ld+json\" class=\"yoast-schema-graph\">{\"@context\":\"https:\\\/\\\/schema.org\",\"@graph\":[{\"@type\":\"WebPage\",\"@id\":\"https:\\\/\\\/pans.krosno.pl\\\/mi\\\/programy-studiow\\\/\",\"url\":\"https:\\\/\\\/pans.krosno.pl\\\/mi\\\/programy-studiow\\\/\",\"name\":\"Program studi\u00f3w - Marketing Internetowy PANS w Kro\u015bnie\",\"isPartOf\":{\"@id\":\"https:\\\/\\\/pans.krosno.pl\\\/mi\\\/#website\"},\"datePublished\":\"2020-09-11T10:10:52+00:00\",\"dateModified\":\"2026-04-13T10:02:18+00:00\",\"breadcrumb\":{\"@id\":\"https:\\\/\\\/pans.krosno.pl\\\/mi\\\/programy-studiow\\\/#breadcrumb\"},\"inLanguage\":\"pl-PL\",\"potentialAction\":[{\"@type\":\"ReadAction\",\"target\":[\"https:\\\/\\\/pans.krosno.pl\\\/mi\\\/programy-studiow\\\/\"]}]},{\"@type\":\"BreadcrumbList\",\"@id\":\"https:\\\/\\\/pans.krosno.pl\\\/mi\\\/programy-studiow\\\/#breadcrumb\",\"itemListElement\":[{\"@type\":\"ListItem\",\"position\":1,\"name\":\"Strona g\u0142\u00f3wna\",\"item\":\"https:\\\/\\\/pans.krosno.pl\\\/mi\\\/\"},{\"@type\":\"ListItem\",\"position\":2,\"name\":\"Program studi\u00f3w\"}]},{\"@type\":\"WebSite\",\"@id\":\"https:\\\/\\\/pans.krosno.pl\\\/mi\\\/#website\",\"url\":\"https:\\\/\\\/pans.krosno.pl\\\/mi\\\/\",\"name\":\"KPU w Kro\u015bnie\",\"description\":\"Marketing Internetowy - Pa\u0144stwowa Akademia Nauk Stosowanych\",\"publisher\":{\"@id\":\"https:\\\/\\\/pans.krosno.pl\\\/mi\\\/#organization\"},\"potentialAction\":[{\"@type\":\"SearchAction\",\"target\":{\"@type\":\"EntryPoint\",\"urlTemplate\":\"https:\\\/\\\/pans.krosno.pl\\\/mi\\\/?s={search_term_string}\"},\"query-input\":{\"@type\":\"PropertyValueSpecification\",\"valueRequired\":true,\"valueName\":\"search_term_string\"}}],\"inLanguage\":\"pl-PL\"},{\"@type\":\"Organization\",\"@id\":\"https:\\\/\\\/pans.krosno.pl\\\/mi\\\/#organization\",\"name\":\"Karpacka Pa\u0144stwowa Uczelnia w Kro\u015bnie\",\"url\":\"https:\\\/\\\/pans.krosno.pl\\\/mi\\\/\",\"logo\":{\"@type\":\"ImageObject\",\"inLanguage\":\"pl-PL\",\"@id\":\"https:\\\/\\\/pans.krosno.pl\\\/mi\\\/#\\\/schema\\\/logo\\\/image\\\/\",\"url\":\"https:\\\/\\\/pans.krosno.pl\\\/mi\\\/wp-content\\\/uploads\\\/sites\\\/51\\\/2026\\\/04\\\/image.png\",\"contentUrl\":\"https:\\\/\\\/pans.krosno.pl\\\/mi\\\/wp-content\\\/uploads\\\/sites\\\/51\\\/2026\\\/04\\\/image.png\",\"width\":945,\"height\":532,\"caption\":\"Karpacka Pa\u0144stwowa Uczelnia w Kro\u015bnie\"},\"image\":{\"@id\":\"https:\\\/\\\/pans.krosno.pl\\\/mi\\\/#\\\/schema\\\/logo\\\/image\\\/\"},\"sameAs\":[\"https:\\\/\\\/www.facebook.com\\\/StudiaKrosno\\\/\",\"https:\\\/\\\/www.instagram.com\\\/studia.krosno\",\"https:\\\/\\\/pl.linkedin.com\\\/company\\\/pwsz-krosno\",\"https:\\\/\\\/www.youtube.com\\\/user\\\/pwszkrosno\\\/\",\"https:\\\/\\\/pl.wikipedia.org\\\/wiki\\\/Pa\u0144stwowa_Wy\u017csza_Szko\u0142a_Zawodowa_im._Stanis\u0142awa_Pigonia_w_Kro\u015bnie\"]}]}<\/script>\n<!-- \/ Yoast SEO Premium plugin. -->","yoast_head_json":{"title":"Program studi\u00f3w - Marketing Internetowy PANS w Kro\u015bnie","robots":{"index":"index","follow":"follow","max-snippet":"max-snippet:-1","max-image-preview":"max-image-preview:large","max-video-preview":"max-video-preview:-1"},"canonical":"https:\/\/pans.krosno.pl\/mi\/programy-studiow\/","og_locale":"pl_PL","og_type":"article","og_title":"Program studi\u00f3w","og_description":"Zapraszamy do zapoznania si\u0119 z programem studi\u00f3w na kierunku Marketing internetowy. Studenci po drugim rok studi\u00f3w (po 4 semestrze) wybieraj\u0105 jedn\u0105 z dw\u00f3ch specjalno\u015bci:","og_url":"https:\/\/pans.krosno.pl\/mi\/programy-studiow\/","og_site_name":"Marketing Internetowy PANS w Kro\u015bnie","article_publisher":"https:\/\/www.facebook.com\/StudiaKrosno\/","article_modified_time":"2026-04-13T10:02:18+00:00","twitter_card":"summary_large_image","twitter_misc":{"Szacowany czas czytania":"1 minuta"},"schema":{"@context":"https:\/\/schema.org","@graph":[{"@type":"WebPage","@id":"https:\/\/pans.krosno.pl\/mi\/programy-studiow\/","url":"https:\/\/pans.krosno.pl\/mi\/programy-studiow\/","name":"Program studi\u00f3w - Marketing Internetowy PANS w Kro\u015bnie","isPartOf":{"@id":"https:\/\/pans.krosno.pl\/mi\/#website"},"datePublished":"2020-09-11T10:10:52+00:00","dateModified":"2026-04-13T10:02:18+00:00","breadcrumb":{"@id":"https:\/\/pans.krosno.pl\/mi\/programy-studiow\/#breadcrumb"},"inLanguage":"pl-PL","potentialAction":[{"@type":"ReadAction","target":["https:\/\/pans.krosno.pl\/mi\/programy-studiow\/"]}]},{"@type":"BreadcrumbList","@id":"https:\/\/pans.krosno.pl\/mi\/programy-studiow\/#breadcrumb","itemListElement":[{"@type":"ListItem","position":1,"name":"Strona g\u0142\u00f3wna","item":"https:\/\/pans.krosno.pl\/mi\/"},{"@type":"ListItem","position":2,"name":"Program studi\u00f3w"}]},{"@type":"WebSite","@id":"https:\/\/pans.krosno.pl\/mi\/#website","url":"https:\/\/pans.krosno.pl\/mi\/","name":"KPU w Kro\u015bnie","description":"Marketing Internetowy - Pa\u0144stwowa Akademia Nauk Stosowanych","publisher":{"@id":"https:\/\/pans.krosno.pl\/mi\/#organization"},"potentialAction":[{"@type":"SearchAction","target":{"@type":"EntryPoint","urlTemplate":"https:\/\/pans.krosno.pl\/mi\/?s={search_term_string}"},"query-input":{"@type":"PropertyValueSpecification","valueRequired":true,"valueName":"search_term_string"}}],"inLanguage":"pl-PL"},{"@type":"Organization","@id":"https:\/\/pans.krosno.pl\/mi\/#organization","name":"Karpacka Pa\u0144stwowa Uczelnia w Kro\u015bnie","url":"https:\/\/pans.krosno.pl\/mi\/","logo":{"@type":"ImageObject","inLanguage":"pl-PL","@id":"https:\/\/pans.krosno.pl\/mi\/#\/schema\/logo\/image\/","url":"https:\/\/pans.krosno.pl\/mi\/wp-content\/uploads\/sites\/51\/2026\/04\/image.png","contentUrl":"https:\/\/pans.krosno.pl\/mi\/wp-content\/uploads\/sites\/51\/2026\/04\/image.png","width":945,"height":532,"caption":"Karpacka Pa\u0144stwowa Uczelnia w Kro\u015bnie"},"image":{"@id":"https:\/\/pans.krosno.pl\/mi\/#\/schema\/logo\/image\/"},"sameAs":["https:\/\/www.facebook.com\/StudiaKrosno\/","https:\/\/www.instagram.com\/studia.krosno","https:\/\/pl.linkedin.com\/company\/pwsz-krosno","https:\/\/www.youtube.com\/user\/pwszkrosno\/","https:\/\/pl.wikipedia.org\/wiki\/Pa\u0144stwowa_Wy\u017csza_Szko\u0142a_Zawodowa_im._Stanis\u0142awa_Pigonia_w_Kro\u015bnie"]}]}},"_links":{"self":[{"href":"https:\/\/pans.krosno.pl\/mi\/wp-json\/wp\/v2\/pages\/51","targetHints":{"allow":["GET"]}}],"collection":[{"href":"https:\/\/pans.krosno.pl\/mi\/wp-json\/wp\/v2\/pages"}],"about":[{"href":"https:\/\/pans.krosno.pl\/mi\/wp-json\/wp\/v2\/types\/page"}],"author":[{"embeddable":true,"href":"https:\/\/pans.krosno.pl\/mi\/wp-json\/wp\/v2\/users\/27"}],"replies":[{"embeddable":true,"href":"https:\/\/pans.krosno.pl\/mi\/wp-json\/wp\/v2\/comments?post=51"}],"version-history":[{"count":54,"href":"https:\/\/pans.krosno.pl\/mi\/wp-json\/wp\/v2\/pages\/51\/revisions"}],"predecessor-version":[{"id":4476,"href":"https:\/\/pans.krosno.pl\/mi\/wp-json\/wp\/v2\/pages\/51\/revisions\/4476"}],"wp:attachment":[{"href":"https:\/\/pans.krosno.pl\/mi\/wp-json\/wp\/v2\/media?parent=51"}],"curies":[{"name":"wp","href":"https:\/\/api.w.org\/{rel}","templated":true}]}}