{"id":50,"date":"2020-09-11T12:10:52","date_gmt":"2020-09-11T10:10:52","guid":{"rendered":"https:\/\/pans.krosno.pl\/mi\/?page_id=50"},"modified":"2026-04-13T15:07:21","modified_gmt":"2026-04-13T13:07:21","slug":"praktyki-zawodowe","status":"publish","type":"page","link":"https:\/\/pans.krosno.pl\/mi\/praktyki-zawodowe\/","title":{"rendered":"Praktyki zawodowe"},"content":{"rendered":"\n<p>G\u0142\u00f3wnym celem praktyk zawodowych jest doskonalenie przez student\u00f3w kompetencji nabytych podczas zaj\u0119\u0107 teoretycznych i praktycznych zdobytych na Uczelni. <\/p>\n\n\n\n<p>Podstaw\u0105 realizacji praktyk jest porozumienie zawarte pomi\u0119dzy uczelni\u0105, a przedsi\u0119biorstwami, organami administracji samorz\u0105dowej i innymi podmiotami zwi\u0105zanym tematycznie z bran\u017c\u0105 marketingu internetowego, w kt\u00f3rych mo\u017cna zrealizowa\u0107 za\u0142o\u017cenia programowe praktyk.<\/p>\n\n\n\n<p>Studenci odbywaj\u0105 praktyk\u0119 zawodow\u0105 sk\u0142adaj\u0105c\u0105 si\u0119 z czterech cz\u0119\u015bci, odpowiednio na II i III roku studi\u00f3w. Kontynuacja praktyki mo\u017ce odbywa\u0107 si\u0119 w tym samym przedsi\u0119biorstwie lub pokrewnym.<\/p>\n\n\n\n<p>Szczeg\u00f3\u0142owe cele i zadania praktyk oraz sposoby ich realizacji zawarto w regulaminie praktyk oraz kierunkowym programie praktyk.<\/p>\n\n\n\n<p>Praktyk\u0105 studenta w zak\u0142adzie pracy kieruje opiekun, kt\u00f3ry tak\u017ce ocenia post\u0119py studenta na zako\u0144czenie praktyki. Zadania wykonywane podczas praktyki, student dokumentuje w dzienniku praktyk. Praktyka jest zaliczana na podstawie oceny wystawionej przez zak\u0142adowego opiekuna praktyk na karcie weryfikacji efekt\u00f3w uczenia si\u0119, a jej przebieg i zaliczenie jest potwierdzone w Dzienniku praktyki. Ze strony uczelni nadz\u00f3r nad praktyk\u0105 sprawuje opiekun praktyki, kt\u00f3ry ostatecznie dokonuje zaliczenia praktyk.<\/p>\n\n\n\n<p>Do typowych przyk\u0142adowych zada\u0144 praktykant\u00f3w b\u0119d\u0105 nale\u017ce\u0107 nast\u0119puj\u0105ce dzia\u0142ania:<\/p>\n\n\n\n<div class=\"wp-block-group is-layout-flow wp-block-group-is-layout-flow\">\n<div class=\"wp-block-group is-layout-flow wp-block-group-is-layout-flow\">\n<div class=\"wp-block-group is-layout-flow wp-block-group-is-layout-flow\">\n<ul class=\"wp-block-list\">\n<li>Content marketing<\/li>\n\n\n\n<li>Newsletter i mailing<\/li>\n\n\n\n<li>Projekty graficzne<\/li>\n\n\n\n<li>Analityka w social mediach<\/li>\n\n\n\n<li>Tworzenie i aktualizacja fanpage<\/li>\n\n\n\n<li>Linkbuidling<\/li>\n\n\n\n<li>Optymalizacja stron<\/li>\n\n\n\n<li>Analityka SEM. Audyt kampanii marketingowej<\/li>\n<\/ul>\n<\/div>\n<\/div>\n\n\n\n<p>Szczeg\u00f3\u0142y podane s\u0105 w <strong>KIERUNKOWYM PROGRAMIE PRAKTYK KIERUNKU MARKETING INTERENTOWY<\/strong> <\/p>\n<\/div>\n\n\n\n<figure class=\"wp-block-image size-large\"><img loading=\"lazy\" decoding=\"async\" width=\"1024\" height=\"341\" src=\"https:\/\/pans.krosno.pl\/mi\/wp-content\/uploads\/sites\/51\/2020\/09\/2-1024x341.jpg\" alt=\"\" class=\"wp-image-106\" srcset=\"https:\/\/pans.krosno.pl\/mi\/wp-content\/uploads\/sites\/51\/2020\/09\/2-1024x341.jpg 1024w, https:\/\/pans.krosno.pl\/mi\/wp-content\/uploads\/sites\/51\/2020\/09\/2-300x100.jpg 300w, https:\/\/pans.krosno.pl\/mi\/wp-content\/uploads\/sites\/51\/2020\/09\/2-768x256.jpg 768w, https:\/\/pans.krosno.pl\/mi\/wp-content\/uploads\/sites\/51\/2020\/09\/2-800x267.jpg 800w, https:\/\/pans.krosno.pl\/mi\/wp-content\/uploads\/sites\/51\/2020\/09\/2-580x193.jpg 580w, https:\/\/pans.krosno.pl\/mi\/wp-content\/uploads\/sites\/51\/2020\/09\/2.jpg 1200w\" sizes=\"auto, (max-width: 1024px) 100vw, 1024px\" \/><\/figure>\n\n\n\n<h3 class=\"wp-block-heading\" id=\"h-dokumentacja-praktyk-zawodowych\"><strong>Dokumentacja praktyk zawodowych: <\/strong><\/h3>\n\n\n\n<p><a href=\"https:\/\/pans.krosno.pl\/pibz\/wp-content\/uploads\/sites\/35\/2023\/05\/Zalacznik-zarzadzenie-19_23.pdf\">REGULAMIN PRAKTYK STUDENCKICH PANS KROSNO<\/a> <\/p>\n\n\n\n<div class=\"wp-block-file\"><a id=\"wp-block-file--media-174371e1-2b2f-4292-9d1a-08051b50eae8\" href=\"https:\/\/pans.krosno.pl\/mi\/wp-content\/uploads\/sites\/51\/2026\/04\/KIERUNKOWY-PROGRAM-PRAKTYK-MI-2025-2026-13.04.2026r-2.docx\"><strong>KIERUNKOWY-PROGRAM-PRAKTYK-MI-2025 2026<\/strong>,<\/a><a href=\"https:\/\/pans.krosno.pl\/mi\/wp-content\/uploads\/sites\/51\/2026\/04\/KIERUNKOWY-PROGRAM-PRAKTYK-MI-2025-2026-13.04.2026r-2.docx\" class=\"wp-block-file__button wp-element-button\" download aria-describedby=\"wp-block-file--media-174371e1-2b2f-4292-9d1a-08051b50eae8\">Pobierz<\/a><\/div>\n\n\n\n<div class=\"wp-block-file\"><a id=\"wp-block-file--media-1baec171-b371-49de-bf66-c484e0432d2f\" href=\"https:\/\/pans.krosno.pl\/mi\/wp-content\/uploads\/sites\/51\/2024\/12\/Zalacznik-3-\u2013-Karta-weryfikacji-efektow-uczenia-sie-2024-2025-jedna-calosciowa-29.12.24r.doc\"><strong>KARTA WERYFIKACJI EFEKT\u00d3W UCZENIA SI\u0118 2025-2026-za\u0142\u0105cznik nr 3<\/strong><\/a><a href=\"https:\/\/pans.krosno.pl\/mi\/wp-content\/uploads\/sites\/51\/2024\/12\/Zalacznik-3-\u2013-Karta-weryfikacji-efektow-uczenia-sie-2024-2025-jedna-calosciowa-29.12.24r.doc\" class=\"wp-block-file__button wp-element-button\" download aria-describedby=\"wp-block-file--media-1baec171-b371-49de-bf66-c484e0432d2f\">Pobierz<\/a><\/div>\n\n\n\n<div class=\"wp-block-file\"><a id=\"wp-block-file--media-128b4470-ba93-47f2-acf8-dd8841d09549\" href=\"https:\/\/pans.krosno.pl\/mi\/wp-content\/uploads\/sites\/51\/2024\/12\/karta-przedmiotu-PRAKTYK-ZAWODOWA-D3-W-zakresie-praktyk-30.12.24r.NOWA_.docx\"><strong>KARTA PRZEDMIOTU-PRAKTYKA-ZAWODOWA-cz. 1,2,3,4<\/strong>_<\/a><a href=\"https:\/\/pans.krosno.pl\/mi\/wp-content\/uploads\/sites\/51\/2024\/12\/karta-przedmiotu-PRAKTYK-ZAWODOWA-D3-W-zakresie-praktyk-30.12.24r.NOWA_.docx\" class=\"wp-block-file__button wp-element-button\" download aria-describedby=\"wp-block-file--media-128b4470-ba93-47f2-acf8-dd8841d09549\">Pobierz<\/a><\/div>\n\n\n\n<div class=\"wp-block-file\"><a id=\"wp-block-file--media-80a79618-7824-424c-b1f4-aa5f015a9d55\" href=\"https:\/\/pans.krosno.pl\/mi\/wp-content\/uploads\/sites\/51\/2026\/01\/WYKAZ-FIRM-W-KTORYM-MOZNA-ODBYC-PRAKTYKI-ZAWODOWE-MARKETING-INTERNETOWY.docx\"><strong>WYKAZ-FIRM-W-KTORYM-MOZNA-ODBYC-PRAKTYKI-ZAWODOWE-MARKETING-INTERNETOWY<\/strong>.<\/a><a href=\"https:\/\/pans.krosno.pl\/mi\/wp-content\/uploads\/sites\/51\/2026\/01\/WYKAZ-FIRM-W-KTORYM-MOZNA-ODBYC-PRAKTYKI-ZAWODOWE-MARKETING-INTERNETOWY.docx\" class=\"wp-block-file__button wp-element-button\" download aria-describedby=\"wp-block-file--media-80a79618-7824-424c-b1f4-aa5f015a9d55\">Pobierz<\/a><\/div>\n\n\n\n<p><a href=\"https:\/\/pans.krosno.pl\/cti\/praktyki\/druki-na-praktyki-do-pobrania\/\">DRUKI DOTYCZ\u0104CE PRAKTYK &#8211; ZA\u0141\u0104CZNIKI DO POBRANIA<\/a><\/p>\n\n\n\n<p>Co trzeba zrobi\u0107, aby odby\u0107 praktyki?  znajdziecie na stronie PRAKTYKI &#8211; PRZEWODNIK: <a href=\"https:\/\/pans.krosno.pl\/cti\/praktyki\/przewodnik\/\">https:\/\/pans.krosno.pl\/cti\/praktyki\/przewodnik\/<\/a><\/p>\n\n\n\n<p><\/p>\n","protected":false},"excerpt":{"rendered":"<p>G\u0142\u00f3wnym celem praktyk zawodowych jest doskonalenie przez student\u00f3w kompetencji nabytych podczas zaj\u0119\u0107 teoretycznych i praktycznych zdobytych na Uczelni. Podstaw\u0105 realizacji praktyk jest porozumienie zawarte pomi\u0119dzy uczelni\u0105, a przedsi\u0119biorstwami, organami administracji samorz\u0105dowej i innymi podmiotami zwi\u0105zanym tematycznie z bran\u017c\u0105 marketingu internetowego, w kt\u00f3rych mo\u017cna zrealizowa\u0107 za\u0142o\u017cenia programowe praktyk. Studenci odbywaj\u0105 praktyk\u0119 [\u2026] <\/p>\n<div class=\"clear\"><\/div>\n<p><a class=\"more_link clearfix\" href=\"https:\/\/pans.krosno.pl\/mi\/praktyki-zawodowe\/\" rel=\"nofollow\">Read More<\/a><\/p>\n","protected":false},"author":27,"featured_media":0,"parent":0,"menu_order":0,"comment_status":"closed","ping_status":"closed","template":"page-templates\/template-full-width.php","meta":{"ngg_post_thumbnail":0,"footnotes":""},"class_list":["post-50","page","type-page","status-publish","hentry"],"yoast_head":"<!-- This site is optimized with the Yoast SEO Premium plugin v27.4 (Yoast SEO v27.4) - https:\/\/yoast.com\/product\/yoast-seo-premium-wordpress\/ -->\n<title>Praktyki zawodowe - Marketing Internetowy PANS w Kro\u015bnie<\/title>\n<meta name=\"robots\" content=\"index, follow, max-snippet:-1, max-image-preview:large, max-video-preview:-1\" \/>\n<link rel=\"canonical\" href=\"https:\/\/pans.krosno.pl\/mi\/praktyki-zawodowe\/\" \/>\n<meta property=\"og:locale\" content=\"pl_PL\" \/>\n<meta property=\"og:type\" content=\"article\" \/>\n<meta property=\"og:title\" content=\"Praktyki zawodowe\" \/>\n<meta property=\"og:description\" content=\"G\u0142\u00f3wnym celem praktyk zawodowych jest doskonalenie przez student\u00f3w kompetencji nabytych podczas zaj\u0119\u0107 teoretycznych i praktycznych zdobytych na Uczelni. Podstaw\u0105 realizacji praktyk jest porozumienie zawarte pomi\u0119dzy uczelni\u0105, a przedsi\u0119biorstwami, organami administracji samorz\u0105dowej i innymi podmiotami zwi\u0105zanym tematycznie z bran\u017c\u0105 marketingu internetowego, w kt\u00f3rych mo\u017cna zrealizowa\u0107 za\u0142o\u017cenia programowe praktyk. Studenci odbywaj\u0105 praktyk\u0119 [\u2026] Read More\" \/>\n<meta property=\"og:url\" content=\"https:\/\/pans.krosno.pl\/mi\/praktyki-zawodowe\/\" \/>\n<meta property=\"og:site_name\" content=\"Marketing Internetowy PANS w Kro\u015bnie\" \/>\n<meta property=\"article:publisher\" content=\"https:\/\/www.facebook.com\/StudiaKrosno\/\" \/>\n<meta property=\"article:modified_time\" content=\"2026-04-13T13:07:21+00:00\" \/>\n<meta property=\"og:image\" content=\"https:\/\/pans.krosno.pl\/mi\/wp-content\/uploads\/sites\/51\/2020\/09\/2.jpg\" \/>\n\t<meta property=\"og:image:width\" content=\"1200\" \/>\n\t<meta property=\"og:image:height\" content=\"400\" \/>\n\t<meta property=\"og:image:type\" content=\"image\/jpeg\" \/>\n<meta name=\"twitter:card\" content=\"summary_large_image\" \/>\n<meta name=\"twitter:label1\" content=\"Szacowany czas czytania\" \/>\n\t<meta name=\"twitter:data1\" content=\"2 minuty\" \/>\n<script type=\"application\/ld+json\" class=\"yoast-schema-graph\">{\"@context\":\"https:\\\/\\\/schema.org\",\"@graph\":[{\"@type\":\"WebPage\",\"@id\":\"https:\\\/\\\/pans.krosno.pl\\\/mi\\\/praktyki-zawodowe\\\/\",\"url\":\"https:\\\/\\\/pans.krosno.pl\\\/mi\\\/praktyki-zawodowe\\\/\",\"name\":\"Praktyki zawodowe - Marketing Internetowy PANS w Kro\u015bnie\",\"isPartOf\":{\"@id\":\"https:\\\/\\\/pans.krosno.pl\\\/mi\\\/#website\"},\"primaryImageOfPage\":{\"@id\":\"https:\\\/\\\/pans.krosno.pl\\\/mi\\\/praktyki-zawodowe\\\/#primaryimage\"},\"image\":{\"@id\":\"https:\\\/\\\/pans.krosno.pl\\\/mi\\\/praktyki-zawodowe\\\/#primaryimage\"},\"thumbnailUrl\":\"https:\\\/\\\/pans.krosno.pl\\\/mi\\\/wp-content\\\/uploads\\\/sites\\\/51\\\/2020\\\/09\\\/2-1024x341.jpg\",\"datePublished\":\"2020-09-11T10:10:52+00:00\",\"dateModified\":\"2026-04-13T13:07:21+00:00\",\"breadcrumb\":{\"@id\":\"https:\\\/\\\/pans.krosno.pl\\\/mi\\\/praktyki-zawodowe\\\/#breadcrumb\"},\"inLanguage\":\"pl-PL\",\"potentialAction\":[{\"@type\":\"ReadAction\",\"target\":[\"https:\\\/\\\/pans.krosno.pl\\\/mi\\\/praktyki-zawodowe\\\/\"]}]},{\"@type\":\"ImageObject\",\"inLanguage\":\"pl-PL\",\"@id\":\"https:\\\/\\\/pans.krosno.pl\\\/mi\\\/praktyki-zawodowe\\\/#primaryimage\",\"url\":\"https:\\\/\\\/pans.krosno.pl\\\/mi\\\/wp-content\\\/uploads\\\/sites\\\/51\\\/2020\\\/09\\\/2.jpg\",\"contentUrl\":\"https:\\\/\\\/pans.krosno.pl\\\/mi\\\/wp-content\\\/uploads\\\/sites\\\/51\\\/2020\\\/09\\\/2.jpg\",\"width\":1200,\"height\":400},{\"@type\":\"BreadcrumbList\",\"@id\":\"https:\\\/\\\/pans.krosno.pl\\\/mi\\\/praktyki-zawodowe\\\/#breadcrumb\",\"itemListElement\":[{\"@type\":\"ListItem\",\"position\":1,\"name\":\"Strona g\u0142\u00f3wna\",\"item\":\"https:\\\/\\\/pans.krosno.pl\\\/mi\\\/\"},{\"@type\":\"ListItem\",\"position\":2,\"name\":\"Praktyki zawodowe\"}]},{\"@type\":\"WebSite\",\"@id\":\"https:\\\/\\\/pans.krosno.pl\\\/mi\\\/#website\",\"url\":\"https:\\\/\\\/pans.krosno.pl\\\/mi\\\/\",\"name\":\"KPU w Kro\u015bnie\",\"description\":\"Marketing Internetowy - Pa\u0144stwowa Akademia Nauk Stosowanych\",\"publisher\":{\"@id\":\"https:\\\/\\\/pans.krosno.pl\\\/mi\\\/#organization\"},\"potentialAction\":[{\"@type\":\"SearchAction\",\"target\":{\"@type\":\"EntryPoint\",\"urlTemplate\":\"https:\\\/\\\/pans.krosno.pl\\\/mi\\\/?s={search_term_string}\"},\"query-input\":{\"@type\":\"PropertyValueSpecification\",\"valueRequired\":true,\"valueName\":\"search_term_string\"}}],\"inLanguage\":\"pl-PL\"},{\"@type\":\"Organization\",\"@id\":\"https:\\\/\\\/pans.krosno.pl\\\/mi\\\/#organization\",\"name\":\"Karpacka Pa\u0144stwowa Uczelnia w Kro\u015bnie\",\"url\":\"https:\\\/\\\/pans.krosno.pl\\\/mi\\\/\",\"logo\":{\"@type\":\"ImageObject\",\"inLanguage\":\"pl-PL\",\"@id\":\"https:\\\/\\\/pans.krosno.pl\\\/mi\\\/#\\\/schema\\\/logo\\\/image\\\/\",\"url\":\"https:\\\/\\\/pans.krosno.pl\\\/mi\\\/wp-content\\\/uploads\\\/sites\\\/51\\\/2026\\\/04\\\/image.png\",\"contentUrl\":\"https:\\\/\\\/pans.krosno.pl\\\/mi\\\/wp-content\\\/uploads\\\/sites\\\/51\\\/2026\\\/04\\\/image.png\",\"width\":945,\"height\":532,\"caption\":\"Karpacka Pa\u0144stwowa Uczelnia w Kro\u015bnie\"},\"image\":{\"@id\":\"https:\\\/\\\/pans.krosno.pl\\\/mi\\\/#\\\/schema\\\/logo\\\/image\\\/\"},\"sameAs\":[\"https:\\\/\\\/www.facebook.com\\\/StudiaKrosno\\\/\",\"https:\\\/\\\/www.instagram.com\\\/studia.krosno\",\"https:\\\/\\\/pl.linkedin.com\\\/company\\\/pwsz-krosno\",\"https:\\\/\\\/www.youtube.com\\\/user\\\/pwszkrosno\\\/\",\"https:\\\/\\\/pl.wikipedia.org\\\/wiki\\\/Pa\u0144stwowa_Wy\u017csza_Szko\u0142a_Zawodowa_im._Stanis\u0142awa_Pigonia_w_Kro\u015bnie\"]}]}<\/script>\n<!-- \/ Yoast SEO Premium plugin. -->","yoast_head_json":{"title":"Praktyki zawodowe - Marketing Internetowy PANS w Kro\u015bnie","robots":{"index":"index","follow":"follow","max-snippet":"max-snippet:-1","max-image-preview":"max-image-preview:large","max-video-preview":"max-video-preview:-1"},"canonical":"https:\/\/pans.krosno.pl\/mi\/praktyki-zawodowe\/","og_locale":"pl_PL","og_type":"article","og_title":"Praktyki zawodowe","og_description":"G\u0142\u00f3wnym celem praktyk zawodowych jest doskonalenie przez student\u00f3w kompetencji nabytych podczas zaj\u0119\u0107 teoretycznych i praktycznych zdobytych na Uczelni. Podstaw\u0105 realizacji praktyk jest porozumienie zawarte pomi\u0119dzy uczelni\u0105, a przedsi\u0119biorstwami, organami administracji samorz\u0105dowej i innymi podmiotami zwi\u0105zanym tematycznie z bran\u017c\u0105 marketingu internetowego, w kt\u00f3rych mo\u017cna zrealizowa\u0107 za\u0142o\u017cenia programowe praktyk. Studenci odbywaj\u0105 praktyk\u0119 [\u2026] Read More","og_url":"https:\/\/pans.krosno.pl\/mi\/praktyki-zawodowe\/","og_site_name":"Marketing Internetowy PANS w Kro\u015bnie","article_publisher":"https:\/\/www.facebook.com\/StudiaKrosno\/","article_modified_time":"2026-04-13T13:07:21+00:00","og_image":[{"width":1200,"height":400,"url":"https:\/\/pans.krosno.pl\/mi\/wp-content\/uploads\/sites\/51\/2020\/09\/2.jpg","type":"image\/jpeg"}],"twitter_card":"summary_large_image","twitter_misc":{"Szacowany czas czytania":"2 minuty"},"schema":{"@context":"https:\/\/schema.org","@graph":[{"@type":"WebPage","@id":"https:\/\/pans.krosno.pl\/mi\/praktyki-zawodowe\/","url":"https:\/\/pans.krosno.pl\/mi\/praktyki-zawodowe\/","name":"Praktyki zawodowe - Marketing Internetowy PANS w Kro\u015bnie","isPartOf":{"@id":"https:\/\/pans.krosno.pl\/mi\/#website"},"primaryImageOfPage":{"@id":"https:\/\/pans.krosno.pl\/mi\/praktyki-zawodowe\/#primaryimage"},"image":{"@id":"https:\/\/pans.krosno.pl\/mi\/praktyki-zawodowe\/#primaryimage"},"thumbnailUrl":"https:\/\/pans.krosno.pl\/mi\/wp-content\/uploads\/sites\/51\/2020\/09\/2-1024x341.jpg","datePublished":"2020-09-11T10:10:52+00:00","dateModified":"2026-04-13T13:07:21+00:00","breadcrumb":{"@id":"https:\/\/pans.krosno.pl\/mi\/praktyki-zawodowe\/#breadcrumb"},"inLanguage":"pl-PL","potentialAction":[{"@type":"ReadAction","target":["https:\/\/pans.krosno.pl\/mi\/praktyki-zawodowe\/"]}]},{"@type":"ImageObject","inLanguage":"pl-PL","@id":"https:\/\/pans.krosno.pl\/mi\/praktyki-zawodowe\/#primaryimage","url":"https:\/\/pans.krosno.pl\/mi\/wp-content\/uploads\/sites\/51\/2020\/09\/2.jpg","contentUrl":"https:\/\/pans.krosno.pl\/mi\/wp-content\/uploads\/sites\/51\/2020\/09\/2.jpg","width":1200,"height":400},{"@type":"BreadcrumbList","@id":"https:\/\/pans.krosno.pl\/mi\/praktyki-zawodowe\/#breadcrumb","itemListElement":[{"@type":"ListItem","position":1,"name":"Strona g\u0142\u00f3wna","item":"https:\/\/pans.krosno.pl\/mi\/"},{"@type":"ListItem","position":2,"name":"Praktyki zawodowe"}]},{"@type":"WebSite","@id":"https:\/\/pans.krosno.pl\/mi\/#website","url":"https:\/\/pans.krosno.pl\/mi\/","name":"KPU w Kro\u015bnie","description":"Marketing Internetowy - Pa\u0144stwowa Akademia Nauk Stosowanych","publisher":{"@id":"https:\/\/pans.krosno.pl\/mi\/#organization"},"potentialAction":[{"@type":"SearchAction","target":{"@type":"EntryPoint","urlTemplate":"https:\/\/pans.krosno.pl\/mi\/?s={search_term_string}"},"query-input":{"@type":"PropertyValueSpecification","valueRequired":true,"valueName":"search_term_string"}}],"inLanguage":"pl-PL"},{"@type":"Organization","@id":"https:\/\/pans.krosno.pl\/mi\/#organization","name":"Karpacka Pa\u0144stwowa Uczelnia w Kro\u015bnie","url":"https:\/\/pans.krosno.pl\/mi\/","logo":{"@type":"ImageObject","inLanguage":"pl-PL","@id":"https:\/\/pans.krosno.pl\/mi\/#\/schema\/logo\/image\/","url":"https:\/\/pans.krosno.pl\/mi\/wp-content\/uploads\/sites\/51\/2026\/04\/image.png","contentUrl":"https:\/\/pans.krosno.pl\/mi\/wp-content\/uploads\/sites\/51\/2026\/04\/image.png","width":945,"height":532,"caption":"Karpacka Pa\u0144stwowa Uczelnia w Kro\u015bnie"},"image":{"@id":"https:\/\/pans.krosno.pl\/mi\/#\/schema\/logo\/image\/"},"sameAs":["https:\/\/www.facebook.com\/StudiaKrosno\/","https:\/\/www.instagram.com\/studia.krosno","https:\/\/pl.linkedin.com\/company\/pwsz-krosno","https:\/\/www.youtube.com\/user\/pwszkrosno\/","https:\/\/pl.wikipedia.org\/wiki\/Pa\u0144stwowa_Wy\u017csza_Szko\u0142a_Zawodowa_im._Stanis\u0142awa_Pigonia_w_Kro\u015bnie"]}]}},"_links":{"self":[{"href":"https:\/\/pans.krosno.pl\/mi\/wp-json\/wp\/v2\/pages\/50","targetHints":{"allow":["GET"]}}],"collection":[{"href":"https:\/\/pans.krosno.pl\/mi\/wp-json\/wp\/v2\/pages"}],"about":[{"href":"https:\/\/pans.krosno.pl\/mi\/wp-json\/wp\/v2\/types\/page"}],"author":[{"embeddable":true,"href":"https:\/\/pans.krosno.pl\/mi\/wp-json\/wp\/v2\/users\/27"}],"replies":[{"embeddable":true,"href":"https:\/\/pans.krosno.pl\/mi\/wp-json\/wp\/v2\/comments?post=50"}],"version-history":[{"count":61,"href":"https:\/\/pans.krosno.pl\/mi\/wp-json\/wp\/v2\/pages\/50\/revisions"}],"predecessor-version":[{"id":4485,"href":"https:\/\/pans.krosno.pl\/mi\/wp-json\/wp\/v2\/pages\/50\/revisions\/4485"}],"wp:attachment":[{"href":"https:\/\/pans.krosno.pl\/mi\/wp-json\/wp\/v2\/media?parent=50"}],"curies":[{"name":"wp","href":"https:\/\/api.w.org\/{rel}","templated":true}]}}