{"id":49,"date":"2020-09-11T12:10:52","date_gmt":"2020-09-11T10:10:52","guid":{"rendered":"https:\/\/pans.krosno.pl\/mi\/?page_id=49"},"modified":"2026-01-27T20:29:13","modified_gmt":"2026-01-27T19:29:13","slug":"pracownicy","status":"publish","type":"page","link":"https:\/\/pans.krosno.pl\/mi\/pracownicy\/","title":{"rendered":"Pracownicy"},"content":{"rendered":"\n<h2 class=\"wp-block-heading\" id=\"h-kierownik-zakladu-marketingu\">Kierownik Zak\u0142adu Marketingu <\/h2>\n\n\n\n<p><a href=\"https:\/\/pans.krosno.pl\/pracownicy\/malgorzata-gorka\/\">dr in\u017c. Ma\u0142gorzata G\u00f3rka<\/a><\/p>\n\n\n\n<p><strong>Nauczyciele prowadz\u0105cy zaj\u0119cia na kierunku MARKETING INTERNETOWY:<\/strong><\/p>\n\n\n\n<ul class=\"wp-block-list\">\n<li><a href=\"https:\/\/pans.krosno.pl\/pracownicy\/kazimierz-sikora\/\">prof. dr hab. Kazimierz Sikora<\/a><\/li>\n\n\n\n<li><a href=\"https:\/\/pans.krosno.pl\/pracownicy\/grzegorz-przebinda\/\">prof. dr hab. Grzegorz Przebinda<\/a><\/li>\n\n\n\n<li><a href=\"https:\/\/pans.krosno.pl\/pracownicy\/boguslaw-slusarczyk\/\">dr hab. Bogus\u0142aw \u015alusarczyk, prof. PANS<\/a><\/li>\n\n\n\n<li><a href=\"https:\/\/pans.krosno.pl\/pracownicy\/beata-zatwarnicka-madura\/\">dr hab. Beata Zatwarnicka-Madura, prof. PANS<\/a><\/li>\n\n\n\n<li><a href=\"https:\/\/pans.krosno.pl\/pracownicy\/wojciech-gruchala\/\">dr Wojciech Grucha\u0142a<\/a><\/li>\n\n\n\n<li><a href=\"https:\/\/pans.krosno.pl\/pracownicy\/maria-rysz\/\">dr in\u017c. Maria Rysz<\/a><\/li>\n\n\n\n<li><a href=\"https:\/\/pans.krosno.pl\/pracownicy\/alicja-kawalec-przetacznik\/\">dr Alicja Kawalec-Przetacznik<\/a><\/li>\n\n\n\n<li><a href=\"https:\/\/pans.krosno.pl\/pracownicy\/rafal-polak\/\">dr Rafal Polak<\/a><\/li>\n\n\n\n<li><a href=\"https:\/\/pans.krosno.pl\/pracownicy\/joanna-kulakowska-lis\/\">dr Joanna Ku\u0142akowska-Lis<\/a><\/li>\n\n\n\n<li><a href=\"https:\/\/pans.krosno.pl\/pracownicy\/rafal-kapica\/\">dr Rafa\u0142 Kapica<\/a><\/li>\n\n\n\n<li><a href=\"https:\/\/pans.krosno.pl\/pracownicy\/miroslaw-rymar\/\">dr Miros\u0142aw Rymar<\/a><\/li>\n\n\n\n<li><a href=\"https:\/\/pans.krosno.pl\/pracownicy\/agnieszka-kubacka\/\">dr Agnieszka Kubacka<\/a><\/li>\n\n\n\n<li><a href=\"https:\/\/pans.krosno.pl\/pracownicy\/malgorzata-zrodlo-loda\/\">dr Ma\u0142gorzata \u0179r\u00f3d\u0142o-Loda<\/a><\/li>\n\n\n\n<li><a href=\"https:\/\/pans.krosno.pl\/pracownicy\/patrycja-pudlo\/\">dr Patrycja Pud\u0142o<\/a><\/li>\n\n\n\n<li><a href=\"https:\/\/pans.krosno.pl\/pracownicy\/monika-musijowska\/\">dr Monika Musijowska<\/a><\/li>\n\n\n\n<li><a href=\"https:\/\/pans.krosno.pl\/pracownicy\/jacek-kras\/\">dr Jacek Kra\u015b<\/a><\/li>\n\n\n\n<li><a href=\"https:\/\/pans.krosno.pl\/pracownicy\/anna-slowik\/\">dr Anna S\u0142owik<\/a><\/li>\n\n\n\n<li><a href=\"https:\/\/pans.krosno.pl\/pracownicy\/dominik-stanislawczyk\/\">mgr Dominik Stanis\u0142awczyk<\/a><\/li>\n\n\n\n<li>mgr Bogdan Szczurek<\/li>\n\n\n\n<li>mgr Wioletta Zimmermann-Szubra<\/li>\n\n\n\n<li><a href=\"https:\/\/pans.krosno.pl\/pracownicy\/anna-lobodzinska\/\">mgr Anna \u0141obodzi\u0144ska<\/a><\/li>\n\n\n\n<li><a href=\"https:\/\/pans.krosno.pl\/pracownicy\/joanna-krochmal\/\">mgr Joanna Krochmal<\/a><\/li>\n\n\n\n<li>mgr in\u017c. Maciej P\u00f3\u0142ch\u0142opek<\/li>\n\n\n\n<li>mgr Jacek Wnuk<\/li>\n\n\n\n<li>in\u017c. Karolina Czajkowska<\/li>\n<\/ul>\n\n\n\n<p><strong>FIRMY PARTNERSKIE &#8211; STUDIA DUALNE:<\/strong><\/p>\n\n\n\n<h2 class=\"wp-block-heading\" id=\"h-1-agencja-ks\">1. Agencja \u2b50<a href=\"https:\/\/ks.pl\/\">KS<\/a><\/h2>\n\n\n\n<ul class=\"wp-block-list\">\n<li>mgr in\u017c. Daniel J\u0119drysik<\/li>\n\n\n\n<li>mgr Marcin Kawa<\/li>\n\n\n\n<li>in\u017c. Wojciech Jakie\u0142a<\/li>\n\n\n\n<li>in\u017c. Pawe\u0142 Przepi\u00f3rka<\/li>\n\n\n\n<li>mgr Marek Rogowski<\/li>\n<\/ul>\n\n\n\n<p><strong>2.<\/strong> <strong>Agencja reklamowa AP Reklama, mgr Artur Janas<\/strong><\/p>\n\n\n\n<p><strong>3. Laskowski online, Wojciech Laskowski <\/strong><\/p>\n","protected":false},"excerpt":{"rendered":"<p>Kierownik Zak\u0142adu Marketingu dr in\u017c. Ma\u0142gorzata G\u00f3rka Nauczyciele prowadz\u0105cy zaj\u0119cia na kierunku MARKETING INTERNETOWY: FIRMY PARTNERSKIE &#8211; STUDIA DUALNE: 1. Agencja \u2b50KS 2. Agencja reklamowa AP Reklama, mgr Artur Janas 3. Laskowski online, Wojciech Laskowski<\/p>\n","protected":false},"author":27,"featured_media":0,"parent":0,"menu_order":0,"comment_status":"closed","ping_status":"closed","template":"page-templates\/template-full-width.php","meta":{"ngg_post_thumbnail":0,"footnotes":""},"class_list":["post-49","page","type-page","status-publish","hentry"],"yoast_head":"<!-- This site is optimized with the Yoast SEO Premium plugin v27.3 (Yoast SEO v27.3) - https:\/\/yoast.com\/product\/yoast-seo-premium-wordpress\/ -->\n<title>Pracownicy - Marketing Internetowy PANS w Kro\u015bnie<\/title>\n<meta name=\"robots\" content=\"index, follow, max-snippet:-1, max-image-preview:large, max-video-preview:-1\" \/>\n<link rel=\"canonical\" href=\"https:\/\/pans.krosno.pl\/mi\/pracownicy\/\" \/>\n<meta property=\"og:locale\" content=\"pl_PL\" \/>\n<meta property=\"og:type\" content=\"article\" \/>\n<meta property=\"og:title\" content=\"Pracownicy\" \/>\n<meta property=\"og:description\" content=\"Kierownik Zak\u0142adu Marketingu dr in\u017c. Ma\u0142gorzata G\u00f3rka Nauczyciele prowadz\u0105cy zaj\u0119cia na kierunku MARKETING INTERNETOWY: FIRMY PARTNERSKIE &#8211; STUDIA DUALNE: 1. Agencja \u2b50KS 2. Agencja reklamowa AP Reklama, mgr Artur Janas 3. Laskowski online, Wojciech Laskowski\" \/>\n<meta property=\"og:url\" content=\"https:\/\/pans.krosno.pl\/mi\/pracownicy\/\" \/>\n<meta property=\"og:site_name\" content=\"Marketing Internetowy PANS w Kro\u015bnie\" \/>\n<meta property=\"article:publisher\" content=\"https:\/\/www.facebook.com\/StudiaKrosno\/\" \/>\n<meta property=\"article:modified_time\" content=\"2026-01-27T19:29:13+00:00\" \/>\n<meta name=\"twitter:card\" content=\"summary_large_image\" \/>\n<meta name=\"twitter:label1\" content=\"Szacowany czas czytania\" \/>\n\t<meta name=\"twitter:data1\" content=\"1 minuta\" \/>\n<script type=\"application\/ld+json\" class=\"yoast-schema-graph\">{\"@context\":\"https:\\\/\\\/schema.org\",\"@graph\":[{\"@type\":\"WebPage\",\"@id\":\"https:\\\/\\\/pans.krosno.pl\\\/mi\\\/pracownicy\\\/\",\"url\":\"https:\\\/\\\/pans.krosno.pl\\\/mi\\\/pracownicy\\\/\",\"name\":\"Pracownicy - Marketing Internetowy PANS w Kro\u015bnie\",\"isPartOf\":{\"@id\":\"https:\\\/\\\/pans.krosno.pl\\\/mi\\\/#website\"},\"datePublished\":\"2020-09-11T10:10:52+00:00\",\"dateModified\":\"2026-01-27T19:29:13+00:00\",\"breadcrumb\":{\"@id\":\"https:\\\/\\\/pans.krosno.pl\\\/mi\\\/pracownicy\\\/#breadcrumb\"},\"inLanguage\":\"pl-PL\",\"potentialAction\":[{\"@type\":\"ReadAction\",\"target\":[\"https:\\\/\\\/pans.krosno.pl\\\/mi\\\/pracownicy\\\/\"]}]},{\"@type\":\"BreadcrumbList\",\"@id\":\"https:\\\/\\\/pans.krosno.pl\\\/mi\\\/pracownicy\\\/#breadcrumb\",\"itemListElement\":[{\"@type\":\"ListItem\",\"position\":1,\"name\":\"Strona g\u0142\u00f3wna\",\"item\":\"https:\\\/\\\/pans.krosno.pl\\\/mi\\\/\"},{\"@type\":\"ListItem\",\"position\":2,\"name\":\"Pracownicy\"}]},{\"@type\":\"WebSite\",\"@id\":\"https:\\\/\\\/pans.krosno.pl\\\/mi\\\/#website\",\"url\":\"https:\\\/\\\/pans.krosno.pl\\\/mi\\\/\",\"name\":\"KPU w Kro\u015bnie\",\"description\":\"Marketing Internetowy - Pa\u0144stwowa Akademia Nauk Stosowanych\",\"publisher\":{\"@id\":\"https:\\\/\\\/pans.krosno.pl\\\/mi\\\/#organization\"},\"potentialAction\":[{\"@type\":\"SearchAction\",\"target\":{\"@type\":\"EntryPoint\",\"urlTemplate\":\"https:\\\/\\\/pans.krosno.pl\\\/mi\\\/?s={search_term_string}\"},\"query-input\":{\"@type\":\"PropertyValueSpecification\",\"valueRequired\":true,\"valueName\":\"search_term_string\"}}],\"inLanguage\":\"pl-PL\"},{\"@type\":\"Organization\",\"@id\":\"https:\\\/\\\/pans.krosno.pl\\\/mi\\\/#organization\",\"name\":\"Karpacka Pa\u0144stwowa Uczelnia w Kro\u015bnie\",\"url\":\"https:\\\/\\\/pans.krosno.pl\\\/mi\\\/\",\"logo\":{\"@type\":\"ImageObject\",\"inLanguage\":\"pl-PL\",\"@id\":\"https:\\\/\\\/pans.krosno.pl\\\/mi\\\/#\\\/schema\\\/logo\\\/image\\\/\",\"url\":\"\",\"contentUrl\":\"\",\"caption\":\"Karpacka Pa\u0144stwowa Uczelnia w Kro\u015bnie\"},\"image\":{\"@id\":\"https:\\\/\\\/pans.krosno.pl\\\/mi\\\/#\\\/schema\\\/logo\\\/image\\\/\"},\"sameAs\":[\"https:\\\/\\\/www.facebook.com\\\/StudiaKrosno\\\/\",\"https:\\\/\\\/www.instagram.com\\\/studia.krosno\",\"https:\\\/\\\/pl.linkedin.com\\\/company\\\/pwsz-krosno\",\"https:\\\/\\\/www.youtube.com\\\/user\\\/pwszkrosno\\\/\",\"https:\\\/\\\/pl.wikipedia.org\\\/wiki\\\/Pa\u0144stwowa_Wy\u017csza_Szko\u0142a_Zawodowa_im._Stanis\u0142awa_Pigonia_w_Kro\u015bnie\"]}]}<\/script>\n<!-- \/ Yoast SEO Premium plugin. -->","yoast_head_json":{"title":"Pracownicy - Marketing Internetowy PANS w Kro\u015bnie","robots":{"index":"index","follow":"follow","max-snippet":"max-snippet:-1","max-image-preview":"max-image-preview:large","max-video-preview":"max-video-preview:-1"},"canonical":"https:\/\/pans.krosno.pl\/mi\/pracownicy\/","og_locale":"pl_PL","og_type":"article","og_title":"Pracownicy","og_description":"Kierownik Zak\u0142adu Marketingu dr in\u017c. Ma\u0142gorzata G\u00f3rka Nauczyciele prowadz\u0105cy zaj\u0119cia na kierunku MARKETING INTERNETOWY: FIRMY PARTNERSKIE &#8211; STUDIA DUALNE: 1. Agencja \u2b50KS 2. Agencja reklamowa AP Reklama, mgr Artur Janas 3. Laskowski online, Wojciech Laskowski","og_url":"https:\/\/pans.krosno.pl\/mi\/pracownicy\/","og_site_name":"Marketing Internetowy PANS w Kro\u015bnie","article_publisher":"https:\/\/www.facebook.com\/StudiaKrosno\/","article_modified_time":"2026-01-27T19:29:13+00:00","twitter_card":"summary_large_image","twitter_misc":{"Szacowany czas czytania":"1 minuta"},"schema":{"@context":"https:\/\/schema.org","@graph":[{"@type":"WebPage","@id":"https:\/\/pans.krosno.pl\/mi\/pracownicy\/","url":"https:\/\/pans.krosno.pl\/mi\/pracownicy\/","name":"Pracownicy - Marketing Internetowy PANS w Kro\u015bnie","isPartOf":{"@id":"https:\/\/pans.krosno.pl\/mi\/#website"},"datePublished":"2020-09-11T10:10:52+00:00","dateModified":"2026-01-27T19:29:13+00:00","breadcrumb":{"@id":"https:\/\/pans.krosno.pl\/mi\/pracownicy\/#breadcrumb"},"inLanguage":"pl-PL","potentialAction":[{"@type":"ReadAction","target":["https:\/\/pans.krosno.pl\/mi\/pracownicy\/"]}]},{"@type":"BreadcrumbList","@id":"https:\/\/pans.krosno.pl\/mi\/pracownicy\/#breadcrumb","itemListElement":[{"@type":"ListItem","position":1,"name":"Strona g\u0142\u00f3wna","item":"https:\/\/pans.krosno.pl\/mi\/"},{"@type":"ListItem","position":2,"name":"Pracownicy"}]},{"@type":"WebSite","@id":"https:\/\/pans.krosno.pl\/mi\/#website","url":"https:\/\/pans.krosno.pl\/mi\/","name":"KPU w Kro\u015bnie","description":"Marketing Internetowy - Pa\u0144stwowa Akademia Nauk Stosowanych","publisher":{"@id":"https:\/\/pans.krosno.pl\/mi\/#organization"},"potentialAction":[{"@type":"SearchAction","target":{"@type":"EntryPoint","urlTemplate":"https:\/\/pans.krosno.pl\/mi\/?s={search_term_string}"},"query-input":{"@type":"PropertyValueSpecification","valueRequired":true,"valueName":"search_term_string"}}],"inLanguage":"pl-PL"},{"@type":"Organization","@id":"https:\/\/pans.krosno.pl\/mi\/#organization","name":"Karpacka Pa\u0144stwowa Uczelnia w Kro\u015bnie","url":"https:\/\/pans.krosno.pl\/mi\/","logo":{"@type":"ImageObject","inLanguage":"pl-PL","@id":"https:\/\/pans.krosno.pl\/mi\/#\/schema\/logo\/image\/","url":"","contentUrl":"","caption":"Karpacka Pa\u0144stwowa Uczelnia w Kro\u015bnie"},"image":{"@id":"https:\/\/pans.krosno.pl\/mi\/#\/schema\/logo\/image\/"},"sameAs":["https:\/\/www.facebook.com\/StudiaKrosno\/","https:\/\/www.instagram.com\/studia.krosno","https:\/\/pl.linkedin.com\/company\/pwsz-krosno","https:\/\/www.youtube.com\/user\/pwszkrosno\/","https:\/\/pl.wikipedia.org\/wiki\/Pa\u0144stwowa_Wy\u017csza_Szko\u0142a_Zawodowa_im._Stanis\u0142awa_Pigonia_w_Kro\u015bnie"]}]}},"_links":{"self":[{"href":"https:\/\/pans.krosno.pl\/mi\/wp-json\/wp\/v2\/pages\/49","targetHints":{"allow":["GET"]}}],"collection":[{"href":"https:\/\/pans.krosno.pl\/mi\/wp-json\/wp\/v2\/pages"}],"about":[{"href":"https:\/\/pans.krosno.pl\/mi\/wp-json\/wp\/v2\/types\/page"}],"author":[{"embeddable":true,"href":"https:\/\/pans.krosno.pl\/mi\/wp-json\/wp\/v2\/users\/27"}],"replies":[{"embeddable":true,"href":"https:\/\/pans.krosno.pl\/mi\/wp-json\/wp\/v2\/comments?post=49"}],"version-history":[{"count":25,"href":"https:\/\/pans.krosno.pl\/mi\/wp-json\/wp\/v2\/pages\/49\/revisions"}],"predecessor-version":[{"id":4332,"href":"https:\/\/pans.krosno.pl\/mi\/wp-json\/wp\/v2\/pages\/49\/revisions\/4332"}],"wp:attachment":[{"href":"https:\/\/pans.krosno.pl\/mi\/wp-json\/wp\/v2\/media?parent=49"}],"curies":[{"name":"wp","href":"https:\/\/api.w.org\/{rel}","templated":true}]}}