{"id":45,"date":"2020-09-11T12:10:52","date_gmt":"2020-09-11T10:10:52","guid":{"rendered":"https:\/\/pans.krosno.pl\/mi\/?page_id=45"},"modified":"2025-10-02T10:22:36","modified_gmt":"2025-10-02T08:22:36","slug":"egzamin-dyplomowy","status":"publish","type":"page","link":"https:\/\/pans.krosno.pl\/mi\/egzamin-dyplomowy\/","title":{"rendered":"Egzamin dyplomowy"},"content":{"rendered":"\n<hr class=\"wp-block-separator has-alpha-channel-opacity\" \/>\n\n\n\n<hr class=\"wp-block-separator has-alpha-channel-opacity\" \/>\n\n\n\n<p class=\"has-medium-font-size\"><a href=\"https:\/\/pans.krosno.pl\/mi\/wp-content\/uploads\/sites\/51\/2025\/10\/program_seminarium_dyplomowego_MI_60_godzin-2025-2026.docx\">Program seminarium dyplomowego MI 60 godzin 2025\/26<\/a><br><a href=\"https:\/\/pans.krosno.pl\/mi\/wp-content\/uploads\/sites\/51\/2025\/07\/PYTANIA-ZAGADNIENIA-DO-EGZ.-DYPLOMOWEGO-MI-2024-2025r-1.docx\">Pytania do egzaminu dyplomowego<br><\/a><a href=\"https:\/\/pans.krosno.pl\/mi\/wp-content\/uploads\/sites\/51\/2022\/10\/Szczegolowe-kryteria-oceny-egzamnu-dyplomwoego-jego-czesci-pierwszej-i-drugiej-na-kierunku-MARKETING-INTERNETOWY.docx\">Szczeg\u00f3\u0142owe kryteria oceny egzaminu dyplomowego<br><\/a><a href=\"https:\/\/pans.krosno.pl\/mi\/wp-content\/uploads\/sites\/51\/2024\/12\/Wzor-strony-tytulowej-PANS-1-MI.doc\">Wz\u00f3r strony tytu\u0142owej PANS <br><\/a><a href=\"https:\/\/pans.krosno.pl\/mi\/wp-content\/uploads\/sites\/51\/2024\/12\/Procedura-WSZJK-U.6-dyplomowania-wydanie-5-1.pdf\">Procedura dyplomowania<br><\/a><a href=\"https:\/\/pans.krosno.pl\/mi\/wp-content\/uploads\/sites\/51\/2024\/01\/zasady_przygotowania_prac_dyplomowych-kierunek_studiow_MARKETING-INTERNETOWY-2023-2024-6.doc\">Zasady przygotowania prac dyplomowych<\/a><\/p>\n\n\n\n<p><\/p>\n","protected":false},"excerpt":{"rendered":"<p>Program seminarium dyplomowego MI 60 godzin 2025\/26Pytania do egzaminu dyplomowegoSzczeg\u00f3\u0142owe kryteria oceny egzaminu dyplomowegoWz\u00f3r strony tytu\u0142owej PANS Procedura dyplomowaniaZasady przygotowania prac dyplomowych<\/p>\n","protected":false},"author":27,"featured_media":0,"parent":0,"menu_order":0,"comment_status":"closed","ping_status":"closed","template":"page-templates\/template-full-width.php","meta":{"ngg_post_thumbnail":0,"footnotes":""},"class_list":["post-45","page","type-page","status-publish","hentry"],"yoast_head":"<!-- This site is optimized with the Yoast SEO Premium plugin v27.4 (Yoast SEO v27.4) - https:\/\/yoast.com\/product\/yoast-seo-premium-wordpress\/ -->\n<title>Egzamin dyplomowy - Marketing Internetowy PANS w Kro\u015bnie<\/title>\n<meta name=\"robots\" content=\"index, follow, max-snippet:-1, max-image-preview:large, max-video-preview:-1\" \/>\n<link rel=\"canonical\" href=\"https:\/\/pans.krosno.pl\/mi\/egzamin-dyplomowy\/\" \/>\n<meta property=\"og:locale\" content=\"pl_PL\" \/>\n<meta property=\"og:type\" content=\"article\" \/>\n<meta property=\"og:title\" content=\"Egzamin dyplomowy\" \/>\n<meta property=\"og:description\" content=\"Program seminarium dyplomowego MI 60 godzin 2025\/26Pytania do egzaminu dyplomowegoSzczeg\u00f3\u0142owe kryteria oceny egzaminu dyplomowegoWz\u00f3r strony tytu\u0142owej PANS Procedura dyplomowaniaZasady przygotowania prac dyplomowych\" \/>\n<meta property=\"og:url\" content=\"https:\/\/pans.krosno.pl\/mi\/egzamin-dyplomowy\/\" \/>\n<meta property=\"og:site_name\" content=\"Marketing Internetowy PANS w Kro\u015bnie\" \/>\n<meta property=\"article:publisher\" content=\"https:\/\/www.facebook.com\/StudiaKrosno\/\" \/>\n<meta property=\"article:modified_time\" content=\"2025-10-02T08:22:36+00:00\" \/>\n<meta name=\"twitter:card\" content=\"summary_large_image\" \/>\n<meta name=\"twitter:label1\" content=\"Szacowany czas czytania\" \/>\n\t<meta name=\"twitter:data1\" content=\"1 minuta\" \/>\n<script type=\"application\/ld+json\" class=\"yoast-schema-graph\">{\"@context\":\"https:\\\/\\\/schema.org\",\"@graph\":[{\"@type\":\"WebPage\",\"@id\":\"https:\\\/\\\/pans.krosno.pl\\\/mi\\\/egzamin-dyplomowy\\\/\",\"url\":\"https:\\\/\\\/pans.krosno.pl\\\/mi\\\/egzamin-dyplomowy\\\/\",\"name\":\"Egzamin dyplomowy - Marketing Internetowy PANS w Kro\u015bnie\",\"isPartOf\":{\"@id\":\"https:\\\/\\\/pans.krosno.pl\\\/mi\\\/#website\"},\"datePublished\":\"2020-09-11T10:10:52+00:00\",\"dateModified\":\"2025-10-02T08:22:36+00:00\",\"breadcrumb\":{\"@id\":\"https:\\\/\\\/pans.krosno.pl\\\/mi\\\/egzamin-dyplomowy\\\/#breadcrumb\"},\"inLanguage\":\"pl-PL\",\"potentialAction\":[{\"@type\":\"ReadAction\",\"target\":[\"https:\\\/\\\/pans.krosno.pl\\\/mi\\\/egzamin-dyplomowy\\\/\"]}]},{\"@type\":\"BreadcrumbList\",\"@id\":\"https:\\\/\\\/pans.krosno.pl\\\/mi\\\/egzamin-dyplomowy\\\/#breadcrumb\",\"itemListElement\":[{\"@type\":\"ListItem\",\"position\":1,\"name\":\"Strona g\u0142\u00f3wna\",\"item\":\"https:\\\/\\\/pans.krosno.pl\\\/mi\\\/\"},{\"@type\":\"ListItem\",\"position\":2,\"name\":\"Egzamin dyplomowy\"}]},{\"@type\":\"WebSite\",\"@id\":\"https:\\\/\\\/pans.krosno.pl\\\/mi\\\/#website\",\"url\":\"https:\\\/\\\/pans.krosno.pl\\\/mi\\\/\",\"name\":\"KPU w Kro\u015bnie\",\"description\":\"Marketing Internetowy - Pa\u0144stwowa Akademia Nauk Stosowanych\",\"publisher\":{\"@id\":\"https:\\\/\\\/pans.krosno.pl\\\/mi\\\/#organization\"},\"potentialAction\":[{\"@type\":\"SearchAction\",\"target\":{\"@type\":\"EntryPoint\",\"urlTemplate\":\"https:\\\/\\\/pans.krosno.pl\\\/mi\\\/?s={search_term_string}\"},\"query-input\":{\"@type\":\"PropertyValueSpecification\",\"valueRequired\":true,\"valueName\":\"search_term_string\"}}],\"inLanguage\":\"pl-PL\"},{\"@type\":\"Organization\",\"@id\":\"https:\\\/\\\/pans.krosno.pl\\\/mi\\\/#organization\",\"name\":\"Karpacka Pa\u0144stwowa Uczelnia w Kro\u015bnie\",\"url\":\"https:\\\/\\\/pans.krosno.pl\\\/mi\\\/\",\"logo\":{\"@type\":\"ImageObject\",\"inLanguage\":\"pl-PL\",\"@id\":\"https:\\\/\\\/pans.krosno.pl\\\/mi\\\/#\\\/schema\\\/logo\\\/image\\\/\",\"url\":\"https:\\\/\\\/pans.krosno.pl\\\/mi\\\/wp-content\\\/uploads\\\/sites\\\/51\\\/2026\\\/04\\\/image.png\",\"contentUrl\":\"https:\\\/\\\/pans.krosno.pl\\\/mi\\\/wp-content\\\/uploads\\\/sites\\\/51\\\/2026\\\/04\\\/image.png\",\"width\":945,\"height\":532,\"caption\":\"Karpacka Pa\u0144stwowa Uczelnia w Kro\u015bnie\"},\"image\":{\"@id\":\"https:\\\/\\\/pans.krosno.pl\\\/mi\\\/#\\\/schema\\\/logo\\\/image\\\/\"},\"sameAs\":[\"https:\\\/\\\/www.facebook.com\\\/StudiaKrosno\\\/\",\"https:\\\/\\\/www.instagram.com\\\/studia.krosno\",\"https:\\\/\\\/pl.linkedin.com\\\/company\\\/pwsz-krosno\",\"https:\\\/\\\/www.youtube.com\\\/user\\\/pwszkrosno\\\/\",\"https:\\\/\\\/pl.wikipedia.org\\\/wiki\\\/Pa\u0144stwowa_Wy\u017csza_Szko\u0142a_Zawodowa_im._Stanis\u0142awa_Pigonia_w_Kro\u015bnie\"]}]}<\/script>\n<!-- \/ Yoast SEO Premium plugin. -->","yoast_head_json":{"title":"Egzamin dyplomowy - Marketing Internetowy PANS w Kro\u015bnie","robots":{"index":"index","follow":"follow","max-snippet":"max-snippet:-1","max-image-preview":"max-image-preview:large","max-video-preview":"max-video-preview:-1"},"canonical":"https:\/\/pans.krosno.pl\/mi\/egzamin-dyplomowy\/","og_locale":"pl_PL","og_type":"article","og_title":"Egzamin dyplomowy","og_description":"Program seminarium dyplomowego MI 60 godzin 2025\/26Pytania do egzaminu dyplomowegoSzczeg\u00f3\u0142owe kryteria oceny egzaminu dyplomowegoWz\u00f3r strony tytu\u0142owej PANS Procedura dyplomowaniaZasady przygotowania prac dyplomowych","og_url":"https:\/\/pans.krosno.pl\/mi\/egzamin-dyplomowy\/","og_site_name":"Marketing Internetowy PANS w Kro\u015bnie","article_publisher":"https:\/\/www.facebook.com\/StudiaKrosno\/","article_modified_time":"2025-10-02T08:22:36+00:00","twitter_card":"summary_large_image","twitter_misc":{"Szacowany czas czytania":"1 minuta"},"schema":{"@context":"https:\/\/schema.org","@graph":[{"@type":"WebPage","@id":"https:\/\/pans.krosno.pl\/mi\/egzamin-dyplomowy\/","url":"https:\/\/pans.krosno.pl\/mi\/egzamin-dyplomowy\/","name":"Egzamin dyplomowy - Marketing Internetowy PANS w Kro\u015bnie","isPartOf":{"@id":"https:\/\/pans.krosno.pl\/mi\/#website"},"datePublished":"2020-09-11T10:10:52+00:00","dateModified":"2025-10-02T08:22:36+00:00","breadcrumb":{"@id":"https:\/\/pans.krosno.pl\/mi\/egzamin-dyplomowy\/#breadcrumb"},"inLanguage":"pl-PL","potentialAction":[{"@type":"ReadAction","target":["https:\/\/pans.krosno.pl\/mi\/egzamin-dyplomowy\/"]}]},{"@type":"BreadcrumbList","@id":"https:\/\/pans.krosno.pl\/mi\/egzamin-dyplomowy\/#breadcrumb","itemListElement":[{"@type":"ListItem","position":1,"name":"Strona g\u0142\u00f3wna","item":"https:\/\/pans.krosno.pl\/mi\/"},{"@type":"ListItem","position":2,"name":"Egzamin dyplomowy"}]},{"@type":"WebSite","@id":"https:\/\/pans.krosno.pl\/mi\/#website","url":"https:\/\/pans.krosno.pl\/mi\/","name":"KPU w Kro\u015bnie","description":"Marketing Internetowy - Pa\u0144stwowa Akademia Nauk Stosowanych","publisher":{"@id":"https:\/\/pans.krosno.pl\/mi\/#organization"},"potentialAction":[{"@type":"SearchAction","target":{"@type":"EntryPoint","urlTemplate":"https:\/\/pans.krosno.pl\/mi\/?s={search_term_string}"},"query-input":{"@type":"PropertyValueSpecification","valueRequired":true,"valueName":"search_term_string"}}],"inLanguage":"pl-PL"},{"@type":"Organization","@id":"https:\/\/pans.krosno.pl\/mi\/#organization","name":"Karpacka Pa\u0144stwowa Uczelnia w Kro\u015bnie","url":"https:\/\/pans.krosno.pl\/mi\/","logo":{"@type":"ImageObject","inLanguage":"pl-PL","@id":"https:\/\/pans.krosno.pl\/mi\/#\/schema\/logo\/image\/","url":"https:\/\/pans.krosno.pl\/mi\/wp-content\/uploads\/sites\/51\/2026\/04\/image.png","contentUrl":"https:\/\/pans.krosno.pl\/mi\/wp-content\/uploads\/sites\/51\/2026\/04\/image.png","width":945,"height":532,"caption":"Karpacka Pa\u0144stwowa Uczelnia w Kro\u015bnie"},"image":{"@id":"https:\/\/pans.krosno.pl\/mi\/#\/schema\/logo\/image\/"},"sameAs":["https:\/\/www.facebook.com\/StudiaKrosno\/","https:\/\/www.instagram.com\/studia.krosno","https:\/\/pl.linkedin.com\/company\/pwsz-krosno","https:\/\/www.youtube.com\/user\/pwszkrosno\/","https:\/\/pl.wikipedia.org\/wiki\/Pa\u0144stwowa_Wy\u017csza_Szko\u0142a_Zawodowa_im._Stanis\u0142awa_Pigonia_w_Kro\u015bnie"]}]}},"_links":{"self":[{"href":"https:\/\/pans.krosno.pl\/mi\/wp-json\/wp\/v2\/pages\/45","targetHints":{"allow":["GET"]}}],"collection":[{"href":"https:\/\/pans.krosno.pl\/mi\/wp-json\/wp\/v2\/pages"}],"about":[{"href":"https:\/\/pans.krosno.pl\/mi\/wp-json\/wp\/v2\/types\/page"}],"author":[{"embeddable":true,"href":"https:\/\/pans.krosno.pl\/mi\/wp-json\/wp\/v2\/users\/27"}],"replies":[{"embeddable":true,"href":"https:\/\/pans.krosno.pl\/mi\/wp-json\/wp\/v2\/comments?post=45"}],"version-history":[{"count":40,"href":"https:\/\/pans.krosno.pl\/mi\/wp-json\/wp\/v2\/pages\/45\/revisions"}],"predecessor-version":[{"id":3957,"href":"https:\/\/pans.krosno.pl\/mi\/wp-json\/wp\/v2\/pages\/45\/revisions\/3957"}],"wp:attachment":[{"href":"https:\/\/pans.krosno.pl\/mi\/wp-json\/wp\/v2\/media?parent=45"}],"curies":[{"name":"wp","href":"https:\/\/api.w.org\/{rel}","templated":true}]}}