{"id":44,"date":"2020-09-11T12:10:52","date_gmt":"2020-09-11T10:10:52","guid":{"rendered":"https:\/\/pans.krosno.pl\/mi\/?page_id=44"},"modified":"2026-03-05T19:07:07","modified_gmt":"2026-03-05T18:07:07","slug":"dyzury-pracownikow","status":"publish","type":"page","link":"https:\/\/pans.krosno.pl\/mi\/dyzury-pracownikow\/","title":{"rendered":"Dy\u017cury pracownik\u00f3w"},"content":{"rendered":"\n<p><strong>Konsultacje dla student\u00f3w w semestrze letnim 2025\/2026<\/strong><\/p>\n\n\n\n<figure class=\"wp-block-table\"><table class=\"has-fixed-layout\"><tbody><tr><td><strong>Imi\u0119 i Nazwisko<\/strong><strong><\/strong><\/td><td><strong>Dzie\u0144\/Data<\/strong><strong><\/strong><\/td><td><strong>Godzina<\/strong><strong><\/strong><\/td><td><strong>Budynek\/Sala<\/strong><strong><\/strong><\/td><\/tr><tr><td><strong>dr in\u017c. Ma\u0142gorzata G\u00f3rka KIEROWNIK ZAK\u0141ADU<\/strong><strong><\/strong><\/td><td><strong>Poniedzia\u0142ek<\/strong><\/td><td>11:00 \u2013 13:00<\/td><td>KW 4, s. 23 malgorzata.gorka@pans.krosno.pl<\/td><\/tr><tr><td><strong>dr hab. Beata Zatwarnicka-Madura, prof. PANS<\/strong><\/td><td><strong>Pi\u0105tek<\/strong><\/td><td>14.30-15.30<\/td><td>Ul. KW 4, s.24.<\/td><\/tr><tr><td rowspan=\"2\"><strong>dr hab. Bogus\u0142aw \u015alusarczyk, prof. PANS<\/strong><\/td><td><strong>Poniedzia\u0142ek (tydz. B)<\/strong><\/td><td>9:00 \u2013 10:00<\/td><td>ul. KW 4, sala 14<\/td><\/tr><tr><td><strong>Pi\u0105tek<\/strong> <strong>(tydz. A)<\/strong><\/td><td>14:25 \u2013 15:25<\/td><td>ul. Dmochowskiego, A1, s.14<\/td><\/tr><tr><td><strong>prof. dr hab. Kazimierz Sikora<\/strong><\/td><td><strong>Czwartek<\/strong> <strong>(w tygodniu zaj\u0119\u0107)<\/strong><\/td><td>15:30 \u2013 17:00<\/td><td>kazimierz.sikora@pans.krosno.pl<\/td><\/tr><tr><td><strong>dr Wojciech Grucha\u0142a<\/strong><strong><\/strong><\/td><td><strong>Wtorek<\/strong><\/td><td>8:00 \u2013 9:30<\/td><td>KW 4, s. 24 wojciech.gruchala@pans.krosno.pl<\/td><\/tr><tr><td><strong>dr in\u017c. Damian Dubis<\/strong><strong><\/strong><\/td><td><strong>Poniedzia\u0142ek<\/strong><\/td><td>11:15 \u2013 12:45<\/td><td>ul. Dmochowskiego 12, pok. 23 <a href=\"mailto:damian.dubis@pans.krosno.pl\">damian.dubis@pans.krosno.pl<\/a><\/td><\/tr><tr><td><strong>dr Partycja Pud\u0142o<\/strong><strong><\/strong><\/td><td><strong>Pi\u0105tek<\/strong><\/td><td>14:30 \u2013 16:30<\/td><td>KW 4 s. 24, KW6 s. 21 <a href=\"mailto:patrycja.pudlo@pans.krosno.pl\">patrycja.pudlo@pans.krosno.pl<\/a><\/td><\/tr><tr><td><strong>dr in\u017c. Maria Rysz<\/strong><strong><\/strong><\/td><td><strong>Wtorek<\/strong><strong><\/strong><\/td><td>15:30 \u2013 17:00<\/td><td>KW 4, sala 11 maria.rysz@pans.krosno.pl<\/td><\/tr><tr><td><strong>dr Joanna Ku\u0142akowska \u2013 Lis<\/strong><\/td><td><strong>\u015broda<\/strong><\/td><td>&nbsp;<\/td><td>joanna.kulakowska@pans.krosno.pl<\/td><\/tr><tr><td><strong>dr Anna S\u0142owik-Ciekli\u0144ska<\/strong><\/td><td><strong>Wtorek<\/strong><\/td><td>13:45 \u2013 16:45 (tydzie\u0144 A)<\/td><td>Sala 110 B, ul. Wyspia\u0144skiego 20, Krosno <a href=\"mailto:anna.slowik@pans.krosno.pl\">anna.slowik@pans.krosno.pl<\/a><\/td><\/tr><tr><td><strong>dr Alicja Kawalec \u2013 Przetacznik<\/strong><\/td><td><strong>&nbsp;<\/strong><\/td><td>&nbsp;<\/td><td>Konsultacje zdalne lub osobiste po wcze\u015bniejszym uzgodnieniu terminu drog\u0105 mailow\u0105<br><a href=\"mailto:alicja.kawalec-przetacznik@pans.krosno.pl\">alicja.kawalec-przetacznik@pans.krosno.pl<\/a>&nbsp;<\/td><\/tr><tr><td><strong>dr Rafa\u0142 Polak<\/strong><\/td><td><strong>\u015aroda<\/strong><\/td><td>&nbsp;<\/td><td>rafal.polak@pans.krosno.pl<\/td><\/tr><tr><td><strong>dr Miros\u0142aw Rymar<\/strong><strong><\/strong><\/td><td><strong>Czwartek<\/strong> <strong>(tydz. B)<\/strong><\/td><td>9:15 \u2013 9:45 11:15 \u2013 12:15<\/td><td>KW 4. s. 6 miroslaw.rymar@pans.krosno.pl<\/td><\/tr><tr><td><strong>dr in\u017c. Hubert Wojtowicz<\/strong><strong><\/strong><\/td><td>Zak\u0142ad informatyki &nbsp;<\/td><td>Ul. Wyspia\u0144skiego 20<\/td><td>hubert.wojtowicz@pans.krosno.pl<\/td><\/tr><tr><td><strong>mgr Paulina Go\u0142\u0119biowska<\/strong><strong><\/strong><\/td><td><strong>Czwartek<\/strong><\/td><td>13:00 \u2013 14:30<\/td><td>paulina.golebiowska@ks.pl zdalnie lub w siedzibie Agencji KS w Gorzycach po uprzednim um\u00f3wieniu<\/td><\/tr><tr><td><strong>mgr Artur Janas<\/strong><\/td><td><strong>Wtorek<\/strong><\/td><td>9:30 \u2013 10:30<\/td><td>KW 4, s. 24<\/td><\/tr><tr><td><strong>mgr Sylwia K\u0105tna<\/strong><strong><\/strong><\/td><td><strong>\u015broda <\/strong><strong><\/strong><\/td><td>9:30-10:30<\/td><td>KW8, s. 23<\/td><\/tr><tr><td><strong>mgr Joanna Krochmal<\/strong><strong><\/strong><\/td><td><strong>Wtorek<\/strong><\/td><td>10:00 \u2013 14:00<\/td><td>KW8, sala 23 joanna.krochmal@pans.krosno.pl<\/td><\/tr><tr><td><strong>mgr Joanna Kocur<\/strong><\/td><td><strong>Poniedzia\u0142ek<\/strong> <strong>\u015aroda<\/strong><\/td><td>12:45 \u2013 13:45 10:30 \u2013 11:30<\/td><td>KW 6, pok. 10 ul. Wyspia\u0144skiego 20, pok. 5C<\/td><\/tr><tr><td><strong>mgr Wojciech Laskowski<\/strong><strong><\/strong><\/td><td><strong>Pi\u0105tek<\/strong><\/td><td>10:00 \u2013 14:00<\/td><td>wojciech.laskowski@pans.krosno.pl W formie zdalnej lub osobi\u015bcie w siedzibie Laskowski Online w Kro\u015bnie, ul. Pi\u0142sudskiego 12; &nbsp;<a href=\"https:\/\/calendar.app.google\/D3wCqUbFrccpQTQL9\">https:\/\/calendar.app.google\/D3wCqUbFrccpQTQL9<\/a>&nbsp;<\/td><\/tr><tr><td><strong>mgr Anna \u0141obodzi\u0144ska<\/strong><\/td><td><strong>Wtorek<\/strong> <strong>Pi\u0105tek<\/strong> <strong>&nbsp;<\/strong><\/td><td>13:00 \u2013 14:00 9:00 \u2013 10:00 &nbsp;<\/td><td>Rynek 1, Czytelnia KW4, s. 1 anna.lobodzinska@pans.krosno.pl<\/td><\/tr><tr><td><strong>mgr in\u017c. Maciej P\u00f3\u0142ch\u0142opek<\/strong><\/td><td><strong>wtorek<\/strong><\/td><td>&nbsp;<\/td><td>maciej.polchlopek@pans.krosno.pl<\/td><\/tr><tr><td><strong>mgr Natalia Staro\u0144<\/strong><\/td><td><strong>poniedzia\u0142ek<\/strong><\/td><td>&nbsp;<\/td><td>natalia.staron@pans.krosno.pl<\/td><\/tr><tr><td><strong>mgr Bogdan Szczurek<\/strong><\/td><td><strong>&nbsp;<\/strong><\/td><td>&nbsp;<\/td><td>Konsultacje zdalne lub osobiste po wcze\u015bniejszym uzgodnieniu terminu drog\u0105 mailow\u0105 <a href=\"mailto:bogdan.szczurek@pans.krosno.pl\">bogdan.szczurek@pans.krosno.pl<\/a><\/td><\/tr><tr><td><strong>mgr Wioletta Zimmermann-Szubra<\/strong><\/td><td><strong>\u015broda<\/strong><\/td><td>Mi\u0119dzy zaj\u0119ciami<\/td><td>wd.szubra@gmail.com<\/td><\/tr><tr><td><strong>in\u017c. Karolina Czajkowska<\/strong><strong><\/strong><\/td><td><strong>Wtorek<\/strong><\/td><td>10:30 \u2013 12:00<\/td><td>Mailowo: <a href=\"mailto:Karolina.m.czajkowska@gmail.com\">Karolina.m.czajkowska@gmail.com,<\/a> lub<br>po wcze\u015bniejszym ustaleniu \u2013 sala &nbsp; &nbsp;24, KW4<\/td><\/tr><tr><td><strong>lic. Marek Rogowski<\/strong><\/td><td><strong>Pi\u0105tek<\/strong><\/td><td>Mi\u0119dzy zaj\u0119ciami &nbsp;<\/td><td>marek.rogowski@ks.pl<\/td><\/tr><tr><td><strong>in\u017c. Wojciech Jakie\u0142a<\/strong><\/td><td><strong>Pi\u0105tek<\/strong><\/td><td>13:00 \u2013 15:00<\/td><td>Zdalnie lub w siedzibie Agencji KS w Gorzycach po uprzednim um\u00f3wieniu przez email wojciech.jakiela@ks.pl<\/td><\/tr><\/tbody><\/table><\/figure>\n\n\n\n<p><\/p>\n","protected":false},"excerpt":{"rendered":"<p>Konsultacje dla student\u00f3w w semestrze letnim 2025\/2026 Imi\u0119 i Nazwisko Dzie\u0144\/Data Godzina Budynek\/Sala dr in\u017c. Ma\u0142gorzata G\u00f3rka KIEROWNIK ZAK\u0141ADU Poniedzia\u0142ek 11:00 \u2013 13:00 KW 4, s. 23 malgorzata.gorka@pans.krosno.pl dr hab. Beata Zatwarnicka-Madura, prof. PANS Pi\u0105tek 14.30-15.30 Ul. KW 4, s.24. dr hab. Bogus\u0142aw \u015alusarczyk, prof. PANS Poniedzia\u0142ek (tydz. B) 9:00 [\u2026] <\/p>\n<div class=\"clear\"><\/div>\n<p><a class=\"more_link clearfix\" href=\"https:\/\/pans.krosno.pl\/mi\/dyzury-pracownikow\/\" rel=\"nofollow\">Read More<\/a><\/p>\n","protected":false},"author":27,"featured_media":0,"parent":0,"menu_order":0,"comment_status":"closed","ping_status":"closed","template":"page-templates\/template-full-width.php","meta":{"ngg_post_thumbnail":0,"footnotes":""},"class_list":["post-44","page","type-page","status-publish","hentry"],"yoast_head":"<!-- This site is optimized with the Yoast SEO Premium plugin v27.3 (Yoast SEO v27.3) - https:\/\/yoast.com\/product\/yoast-seo-premium-wordpress\/ -->\n<title>Dy\u017cury pracownik\u00f3w - Marketing Internetowy PANS w Kro\u015bnie<\/title>\n<meta name=\"robots\" content=\"index, follow, max-snippet:-1, max-image-preview:large, max-video-preview:-1\" \/>\n<link rel=\"canonical\" href=\"https:\/\/pans.krosno.pl\/mi\/dyzury-pracownikow\/\" \/>\n<meta property=\"og:locale\" content=\"pl_PL\" \/>\n<meta property=\"og:type\" content=\"article\" \/>\n<meta property=\"og:title\" content=\"Dy\u017cury pracownik\u00f3w\" \/>\n<meta property=\"og:description\" content=\"Konsultacje dla student\u00f3w w semestrze letnim 2025\/2026 Imi\u0119 i Nazwisko Dzie\u0144\/Data Godzina Budynek\/Sala dr in\u017c. Ma\u0142gorzata G\u00f3rka KIEROWNIK ZAK\u0141ADU Poniedzia\u0142ek 11:00 \u2013 13:00 KW 4, s. 23 malgorzata.gorka@pans.krosno.pl dr hab. Beata Zatwarnicka-Madura, prof. PANS Pi\u0105tek 14.30-15.30 Ul. KW 4, s.24. dr hab. Bogus\u0142aw \u015alusarczyk, prof. PANS Poniedzia\u0142ek (tydz. B) 9:00 [\u2026] Read More\" \/>\n<meta property=\"og:url\" content=\"https:\/\/pans.krosno.pl\/mi\/dyzury-pracownikow\/\" \/>\n<meta property=\"og:site_name\" content=\"Marketing Internetowy PANS w Kro\u015bnie\" \/>\n<meta property=\"article:publisher\" content=\"https:\/\/www.facebook.com\/StudiaKrosno\/\" \/>\n<meta property=\"article:modified_time\" content=\"2026-03-05T18:07:07+00:00\" \/>\n<meta name=\"twitter:card\" content=\"summary_large_image\" \/>\n<meta name=\"twitter:label1\" content=\"Szacowany czas czytania\" \/>\n\t<meta name=\"twitter:data1\" content=\"3 minuty\" \/>\n<script type=\"application\/ld+json\" class=\"yoast-schema-graph\">{\"@context\":\"https:\\\/\\\/schema.org\",\"@graph\":[{\"@type\":\"WebPage\",\"@id\":\"https:\\\/\\\/pans.krosno.pl\\\/mi\\\/dyzury-pracownikow\\\/\",\"url\":\"https:\\\/\\\/pans.krosno.pl\\\/mi\\\/dyzury-pracownikow\\\/\",\"name\":\"Dy\u017cury pracownik\u00f3w - Marketing Internetowy PANS w Kro\u015bnie\",\"isPartOf\":{\"@id\":\"https:\\\/\\\/pans.krosno.pl\\\/mi\\\/#website\"},\"datePublished\":\"2020-09-11T10:10:52+00:00\",\"dateModified\":\"2026-03-05T18:07:07+00:00\",\"breadcrumb\":{\"@id\":\"https:\\\/\\\/pans.krosno.pl\\\/mi\\\/dyzury-pracownikow\\\/#breadcrumb\"},\"inLanguage\":\"pl-PL\",\"potentialAction\":[{\"@type\":\"ReadAction\",\"target\":[\"https:\\\/\\\/pans.krosno.pl\\\/mi\\\/dyzury-pracownikow\\\/\"]}]},{\"@type\":\"BreadcrumbList\",\"@id\":\"https:\\\/\\\/pans.krosno.pl\\\/mi\\\/dyzury-pracownikow\\\/#breadcrumb\",\"itemListElement\":[{\"@type\":\"ListItem\",\"position\":1,\"name\":\"Strona g\u0142\u00f3wna\",\"item\":\"https:\\\/\\\/pans.krosno.pl\\\/mi\\\/\"},{\"@type\":\"ListItem\",\"position\":2,\"name\":\"Dy\u017cury pracownik\u00f3w\"}]},{\"@type\":\"WebSite\",\"@id\":\"https:\\\/\\\/pans.krosno.pl\\\/mi\\\/#website\",\"url\":\"https:\\\/\\\/pans.krosno.pl\\\/mi\\\/\",\"name\":\"KPU w Kro\u015bnie\",\"description\":\"Marketing Internetowy - Pa\u0144stwowa Akademia Nauk Stosowanych\",\"publisher\":{\"@id\":\"https:\\\/\\\/pans.krosno.pl\\\/mi\\\/#organization\"},\"potentialAction\":[{\"@type\":\"SearchAction\",\"target\":{\"@type\":\"EntryPoint\",\"urlTemplate\":\"https:\\\/\\\/pans.krosno.pl\\\/mi\\\/?s={search_term_string}\"},\"query-input\":{\"@type\":\"PropertyValueSpecification\",\"valueRequired\":true,\"valueName\":\"search_term_string\"}}],\"inLanguage\":\"pl-PL\"},{\"@type\":\"Organization\",\"@id\":\"https:\\\/\\\/pans.krosno.pl\\\/mi\\\/#organization\",\"name\":\"Karpacka Pa\u0144stwowa Uczelnia w Kro\u015bnie\",\"url\":\"https:\\\/\\\/pans.krosno.pl\\\/mi\\\/\",\"logo\":{\"@type\":\"ImageObject\",\"inLanguage\":\"pl-PL\",\"@id\":\"https:\\\/\\\/pans.krosno.pl\\\/mi\\\/#\\\/schema\\\/logo\\\/image\\\/\",\"url\":\"\",\"contentUrl\":\"\",\"caption\":\"Karpacka Pa\u0144stwowa Uczelnia w Kro\u015bnie\"},\"image\":{\"@id\":\"https:\\\/\\\/pans.krosno.pl\\\/mi\\\/#\\\/schema\\\/logo\\\/image\\\/\"},\"sameAs\":[\"https:\\\/\\\/www.facebook.com\\\/StudiaKrosno\\\/\",\"https:\\\/\\\/www.instagram.com\\\/studia.krosno\",\"https:\\\/\\\/pl.linkedin.com\\\/company\\\/pwsz-krosno\",\"https:\\\/\\\/www.youtube.com\\\/user\\\/pwszkrosno\\\/\",\"https:\\\/\\\/pl.wikipedia.org\\\/wiki\\\/Pa\u0144stwowa_Wy\u017csza_Szko\u0142a_Zawodowa_im._Stanis\u0142awa_Pigonia_w_Kro\u015bnie\"]}]}<\/script>\n<!-- \/ Yoast SEO Premium plugin. -->","yoast_head_json":{"title":"Dy\u017cury pracownik\u00f3w - Marketing Internetowy PANS w Kro\u015bnie","robots":{"index":"index","follow":"follow","max-snippet":"max-snippet:-1","max-image-preview":"max-image-preview:large","max-video-preview":"max-video-preview:-1"},"canonical":"https:\/\/pans.krosno.pl\/mi\/dyzury-pracownikow\/","og_locale":"pl_PL","og_type":"article","og_title":"Dy\u017cury pracownik\u00f3w","og_description":"Konsultacje dla student\u00f3w w semestrze letnim 2025\/2026 Imi\u0119 i Nazwisko Dzie\u0144\/Data Godzina Budynek\/Sala dr in\u017c. Ma\u0142gorzata G\u00f3rka KIEROWNIK ZAK\u0141ADU Poniedzia\u0142ek 11:00 \u2013 13:00 KW 4, s. 23 malgorzata.gorka@pans.krosno.pl dr hab. Beata Zatwarnicka-Madura, prof. PANS Pi\u0105tek 14.30-15.30 Ul. KW 4, s.24. dr hab. Bogus\u0142aw \u015alusarczyk, prof. PANS Poniedzia\u0142ek (tydz. B) 9:00 [\u2026] Read More","og_url":"https:\/\/pans.krosno.pl\/mi\/dyzury-pracownikow\/","og_site_name":"Marketing Internetowy PANS w Kro\u015bnie","article_publisher":"https:\/\/www.facebook.com\/StudiaKrosno\/","article_modified_time":"2026-03-05T18:07:07+00:00","twitter_card":"summary_large_image","twitter_misc":{"Szacowany czas czytania":"3 minuty"},"schema":{"@context":"https:\/\/schema.org","@graph":[{"@type":"WebPage","@id":"https:\/\/pans.krosno.pl\/mi\/dyzury-pracownikow\/","url":"https:\/\/pans.krosno.pl\/mi\/dyzury-pracownikow\/","name":"Dy\u017cury pracownik\u00f3w - Marketing Internetowy PANS w Kro\u015bnie","isPartOf":{"@id":"https:\/\/pans.krosno.pl\/mi\/#website"},"datePublished":"2020-09-11T10:10:52+00:00","dateModified":"2026-03-05T18:07:07+00:00","breadcrumb":{"@id":"https:\/\/pans.krosno.pl\/mi\/dyzury-pracownikow\/#breadcrumb"},"inLanguage":"pl-PL","potentialAction":[{"@type":"ReadAction","target":["https:\/\/pans.krosno.pl\/mi\/dyzury-pracownikow\/"]}]},{"@type":"BreadcrumbList","@id":"https:\/\/pans.krosno.pl\/mi\/dyzury-pracownikow\/#breadcrumb","itemListElement":[{"@type":"ListItem","position":1,"name":"Strona g\u0142\u00f3wna","item":"https:\/\/pans.krosno.pl\/mi\/"},{"@type":"ListItem","position":2,"name":"Dy\u017cury pracownik\u00f3w"}]},{"@type":"WebSite","@id":"https:\/\/pans.krosno.pl\/mi\/#website","url":"https:\/\/pans.krosno.pl\/mi\/","name":"KPU w Kro\u015bnie","description":"Marketing Internetowy - Pa\u0144stwowa Akademia Nauk Stosowanych","publisher":{"@id":"https:\/\/pans.krosno.pl\/mi\/#organization"},"potentialAction":[{"@type":"SearchAction","target":{"@type":"EntryPoint","urlTemplate":"https:\/\/pans.krosno.pl\/mi\/?s={search_term_string}"},"query-input":{"@type":"PropertyValueSpecification","valueRequired":true,"valueName":"search_term_string"}}],"inLanguage":"pl-PL"},{"@type":"Organization","@id":"https:\/\/pans.krosno.pl\/mi\/#organization","name":"Karpacka Pa\u0144stwowa Uczelnia w Kro\u015bnie","url":"https:\/\/pans.krosno.pl\/mi\/","logo":{"@type":"ImageObject","inLanguage":"pl-PL","@id":"https:\/\/pans.krosno.pl\/mi\/#\/schema\/logo\/image\/","url":"","contentUrl":"","caption":"Karpacka Pa\u0144stwowa Uczelnia w Kro\u015bnie"},"image":{"@id":"https:\/\/pans.krosno.pl\/mi\/#\/schema\/logo\/image\/"},"sameAs":["https:\/\/www.facebook.com\/StudiaKrosno\/","https:\/\/www.instagram.com\/studia.krosno","https:\/\/pl.linkedin.com\/company\/pwsz-krosno","https:\/\/www.youtube.com\/user\/pwszkrosno\/","https:\/\/pl.wikipedia.org\/wiki\/Pa\u0144stwowa_Wy\u017csza_Szko\u0142a_Zawodowa_im._Stanis\u0142awa_Pigonia_w_Kro\u015bnie"]}]}},"_links":{"self":[{"href":"https:\/\/pans.krosno.pl\/mi\/wp-json\/wp\/v2\/pages\/44","targetHints":{"allow":["GET"]}}],"collection":[{"href":"https:\/\/pans.krosno.pl\/mi\/wp-json\/wp\/v2\/pages"}],"about":[{"href":"https:\/\/pans.krosno.pl\/mi\/wp-json\/wp\/v2\/types\/page"}],"author":[{"embeddable":true,"href":"https:\/\/pans.krosno.pl\/mi\/wp-json\/wp\/v2\/users\/27"}],"replies":[{"embeddable":true,"href":"https:\/\/pans.krosno.pl\/mi\/wp-json\/wp\/v2\/comments?post=44"}],"version-history":[{"count":52,"href":"https:\/\/pans.krosno.pl\/mi\/wp-json\/wp\/v2\/pages\/44\/revisions"}],"predecessor-version":[{"id":4364,"href":"https:\/\/pans.krosno.pl\/mi\/wp-json\/wp\/v2\/pages\/44\/revisions\/4364"}],"wp:attachment":[{"href":"https:\/\/pans.krosno.pl\/mi\/wp-json\/wp\/v2\/media?parent=44"}],"curies":[{"name":"wp","href":"https:\/\/api.w.org\/{rel}","templated":true}]}}