{"id":109,"date":"2020-09-11T13:09:05","date_gmt":"2020-09-11T11:09:05","guid":{"rendered":"https:\/\/pans.krosno.pl\/mi\/?page_id=109"},"modified":"2023-01-13T12:57:44","modified_gmt":"2023-01-13T11:57:44","slug":"nasi-partnerzy","status":"publish","type":"page","link":"https:\/\/pans.krosno.pl\/mi\/nasi-partnerzy\/","title":{"rendered":"Agencja interaktywna KS"},"content":{"rendered":"\n<p>Naszym kluczowym partnerem w prowadzeniu studi\u00f3w dualnych na kierunku Marketing Internetowy jest agencja interaktywna <a href=\"http:\/\/ks.pl\">\u00a0<a href=\"https:\/\/ks.pl\/\">agencja SEO \u2013 KS Sp. z o.o<\/a><\/a><\/p>\n\n\n\n<p>Jest to agencja marketingu internetowego, kt\u00f3ra wyspecjalizowa\u0142a si\u0119 w pozycjonowaniu stron i sklep\u00f3w internetowych w wyszukiwarce Google. Swoim partnerom biznesowym oferuje skuteczne kampanie SEO, kt\u00f3re przyczyniaj\u0105 si\u0119 do wzrostu widoczno\u015bci witryn, a tym samym do pozyskania nowych klient\u00f3w na us\u0142ugi i produkty.<\/p>\n\n\n\n<p>Poza mocno rozwini\u0119tym dzia\u0142em SEO, w agencji funkcjonuje tak\u017ce:<\/p>\n\n\n\n<ul class=\"wp-block-list\">\n<li>Dzia\u0142 Digital \u2013 zajmuj\u0105cy si\u0119&nbsp;p\u0142atnymi kampaniami w mediach spo\u0142eczno\u015bciowych oraz w Google Ads, a tak\u017ce prowadzeniem profili firmowych na Facebooku, Instagramie czy LinkedInie. W sk\u0142ad dzia\u0142u wchodz\u0105 specjalistki, analitycy i graficy, kt\u00f3rzy wsp\u00f3lnymi si\u0142ami przygotowuj\u0105 sp\u00f3jne kampanie dla naszych partner\u00f3w.<\/li>\n\n\n\n<li>Dzia\u0142 Google Maps \u2013 wyspecjalizowany w optymalizacji i pozycjonowaniu wizyt\u00f3wki Google w bezp\u0142atnych wynikach wyszukiwania. Z ich pomoc\u0105 niejedna ma\u0142a lokalna firma zyska\u0142a dost\u0119p do szerokiego strumienia klient\u00f3w.<\/li>\n\n\n\n<li>Dzia\u0142 Copywritingu \u2013 sk\u0142adaj\u0105cy si\u0119 do\u015bwiadczonych copywriter\u00f3w, kt\u00f3rzy s\u0105 w stanie przygotowa\u0107 anga\u017cuj\u0105cy tekst na ka\u017cdy mo\u017cliwy temat. \u017badna bran\u017ca nie jest im straszna.<\/li>\n\n\n\n<li>Dzia\u0142 Development \u2013 to programi\u015bci z krwi i ko\u015bci, kt\u00f3rzy wprowadzaj\u0105 wszelkie zmiany, proponowane przez inne dzia\u0142y.<\/li>\n<\/ul>\n\n\n\n<p>Specjali\u015bci Agencji KS podczas trwania studi\u00f3w naucz\u0105 Ci\u0119:<\/p>\n\n\n\n<ul class=\"wp-block-list\">\n<li>jak przygotowa\u0107 strategi\u0119 marketingow\u0105 dla firmy i jak zacz\u0105\u0107 wdra\u017ca\u0107 j\u0105 w \u017cycie,<\/li>\n\n\n\n<li>jakie kana\u0142y marketingowe wybra\u0107, aby skutecznie dotrze\u0107 do potencjalnego klienta,<\/li>\n\n\n\n<li>jak tworzy\u0107 anga\u017cuj\u0105ce teksty, kt\u00f3re zach\u0119c\u0105 u\u017cytkownika do skorzystania z oferty,<\/li>\n\n\n\n<li>jakich narz\u0119dzi u\u017cywa\u0107 do monitorowania efekt\u00f3w dzia\u0142a\u0144 w internecie<\/li>\n\n\n\n<li>jak zoptymalizowa\u0107 stron\u0119&nbsp;pod silnik wyszukiwarki Google, aby wy\u015bwietla\u0142a si\u0119 wysoko wynikach wyszukiwania,<\/li>\n\n\n\n<li>jak organizowa\u0107 prac\u0119 w dziale marketingu, by najefektywniej wykorzysta\u0107 umiej\u0119tno\u015bci poszczeg\u00f3lnych jej cz\u0142onk\u00f3w.<\/li>\n<\/ul>\n\n\n\n<p>Poza solidn\u0105 dawk\u0105 merytorycznej wiedzy b\u0119dziesz mia\u0142 okazj\u0119 pracowa\u0107 rami\u0119 w rami\u0119 ze specjalistami nad ciekawymi projektami. Podczas praktyk studenckich, pod okiem do\u015bwiadczonych pracownik\u00f3w, przekujesz zdobyt\u0105&nbsp;wiedz\u0119 w do\u015bwiadczenie, kt\u00f3re nast\u0119pnie wykorzystasz, pracuj\u0105c w agencji, dziale marketingu du\u017cej firmy lub jako freelancer.<\/p>\n","protected":false},"excerpt":{"rendered":"<p>Naszym kluczowym partnerem w prowadzeniu studi\u00f3w dualnych na kierunku Marketing Internetowy jest agencja interaktywna \u00a0agencja SEO \u2013 KS Sp. z o.o Jest to agencja marketingu internetowego, kt\u00f3ra wyspecjalizowa\u0142a si\u0119 w pozycjonowaniu stron i sklep\u00f3w internetowych w wyszukiwarce Google. Swoim partnerom biznesowym oferuje skuteczne kampanie SEO, kt\u00f3re przyczyniaj\u0105 si\u0119 do wzrostu [\u2026] <\/p>\n<div class=\"clear\"><\/div>\n<p><a class=\"more_link clearfix\" href=\"https:\/\/pans.krosno.pl\/mi\/nasi-partnerzy\/\" rel=\"nofollow\">Read More<\/a><\/p>\n","protected":false},"author":27,"featured_media":0,"parent":0,"menu_order":0,"comment_status":"closed","ping_status":"closed","template":"page-templates\/template-full-width.php","meta":{"ngg_post_thumbnail":0,"footnotes":""},"class_list":["post-109","page","type-page","status-publish","hentry"],"yoast_head":"<!-- This site is optimized with the Yoast SEO Premium plugin v27.4 (Yoast SEO v27.4) - https:\/\/yoast.com\/product\/yoast-seo-premium-wordpress\/ -->\n<title>Agencja interaktywna KS - Marketing Internetowy PANS w Kro\u015bnie<\/title>\n<meta name=\"robots\" content=\"index, follow, max-snippet:-1, max-image-preview:large, max-video-preview:-1\" \/>\n<link rel=\"canonical\" href=\"https:\/\/pans.krosno.pl\/mi\/nasi-partnerzy\/\" \/>\n<meta property=\"og:locale\" content=\"pl_PL\" \/>\n<meta property=\"og:type\" content=\"article\" \/>\n<meta property=\"og:title\" content=\"Agencja interaktywna KS\" \/>\n<meta property=\"og:description\" content=\"Naszym kluczowym partnerem w prowadzeniu studi\u00f3w dualnych na kierunku Marketing Internetowy jest agencja interaktywna \u00a0agencja SEO \u2013 KS Sp. z o.o Jest to agencja marketingu internetowego, kt\u00f3ra wyspecjalizowa\u0142a si\u0119 w pozycjonowaniu stron i sklep\u00f3w internetowych w wyszukiwarce Google. Swoim partnerom biznesowym oferuje skuteczne kampanie SEO, kt\u00f3re przyczyniaj\u0105 si\u0119 do wzrostu [\u2026] Read More\" \/>\n<meta property=\"og:url\" content=\"https:\/\/pans.krosno.pl\/mi\/nasi-partnerzy\/\" \/>\n<meta property=\"og:site_name\" content=\"Marketing Internetowy PANS w Kro\u015bnie\" \/>\n<meta property=\"article:publisher\" content=\"https:\/\/www.facebook.com\/StudiaKrosno\/\" \/>\n<meta property=\"article:modified_time\" content=\"2023-01-13T11:57:44+00:00\" \/>\n<meta name=\"twitter:card\" content=\"summary_large_image\" \/>\n<meta name=\"twitter:label1\" content=\"Szacowany czas czytania\" \/>\n\t<meta name=\"twitter:data1\" content=\"2 minuty\" \/>\n<script type=\"application\/ld+json\" class=\"yoast-schema-graph\">{\"@context\":\"https:\\\/\\\/schema.org\",\"@graph\":[{\"@type\":\"WebPage\",\"@id\":\"https:\\\/\\\/pans.krosno.pl\\\/mi\\\/nasi-partnerzy\\\/\",\"url\":\"https:\\\/\\\/pans.krosno.pl\\\/mi\\\/nasi-partnerzy\\\/\",\"name\":\"Agencja interaktywna KS - Marketing Internetowy PANS w Kro\u015bnie\",\"isPartOf\":{\"@id\":\"https:\\\/\\\/pans.krosno.pl\\\/mi\\\/#website\"},\"datePublished\":\"2020-09-11T11:09:05+00:00\",\"dateModified\":\"2023-01-13T11:57:44+00:00\",\"breadcrumb\":{\"@id\":\"https:\\\/\\\/pans.krosno.pl\\\/mi\\\/nasi-partnerzy\\\/#breadcrumb\"},\"inLanguage\":\"pl-PL\",\"potentialAction\":[{\"@type\":\"ReadAction\",\"target\":[\"https:\\\/\\\/pans.krosno.pl\\\/mi\\\/nasi-partnerzy\\\/\"]}]},{\"@type\":\"BreadcrumbList\",\"@id\":\"https:\\\/\\\/pans.krosno.pl\\\/mi\\\/nasi-partnerzy\\\/#breadcrumb\",\"itemListElement\":[{\"@type\":\"ListItem\",\"position\":1,\"name\":\"Strona g\u0142\u00f3wna\",\"item\":\"https:\\\/\\\/pans.krosno.pl\\\/mi\\\/\"},{\"@type\":\"ListItem\",\"position\":2,\"name\":\"Agencja interaktywna KS\"}]},{\"@type\":\"WebSite\",\"@id\":\"https:\\\/\\\/pans.krosno.pl\\\/mi\\\/#website\",\"url\":\"https:\\\/\\\/pans.krosno.pl\\\/mi\\\/\",\"name\":\"KPU w Kro\u015bnie\",\"description\":\"Marketing Internetowy - Pa\u0144stwowa Akademia Nauk Stosowanych\",\"publisher\":{\"@id\":\"https:\\\/\\\/pans.krosno.pl\\\/mi\\\/#organization\"},\"potentialAction\":[{\"@type\":\"SearchAction\",\"target\":{\"@type\":\"EntryPoint\",\"urlTemplate\":\"https:\\\/\\\/pans.krosno.pl\\\/mi\\\/?s={search_term_string}\"},\"query-input\":{\"@type\":\"PropertyValueSpecification\",\"valueRequired\":true,\"valueName\":\"search_term_string\"}}],\"inLanguage\":\"pl-PL\"},{\"@type\":\"Organization\",\"@id\":\"https:\\\/\\\/pans.krosno.pl\\\/mi\\\/#organization\",\"name\":\"Karpacka Pa\u0144stwowa Uczelnia w Kro\u015bnie\",\"url\":\"https:\\\/\\\/pans.krosno.pl\\\/mi\\\/\",\"logo\":{\"@type\":\"ImageObject\",\"inLanguage\":\"pl-PL\",\"@id\":\"https:\\\/\\\/pans.krosno.pl\\\/mi\\\/#\\\/schema\\\/logo\\\/image\\\/\",\"url\":\"https:\\\/\\\/pans.krosno.pl\\\/mi\\\/wp-content\\\/uploads\\\/sites\\\/51\\\/2026\\\/04\\\/image.png\",\"contentUrl\":\"https:\\\/\\\/pans.krosno.pl\\\/mi\\\/wp-content\\\/uploads\\\/sites\\\/51\\\/2026\\\/04\\\/image.png\",\"width\":945,\"height\":532,\"caption\":\"Karpacka Pa\u0144stwowa Uczelnia w Kro\u015bnie\"},\"image\":{\"@id\":\"https:\\\/\\\/pans.krosno.pl\\\/mi\\\/#\\\/schema\\\/logo\\\/image\\\/\"},\"sameAs\":[\"https:\\\/\\\/www.facebook.com\\\/StudiaKrosno\\\/\",\"https:\\\/\\\/www.instagram.com\\\/studia.krosno\",\"https:\\\/\\\/pl.linkedin.com\\\/company\\\/pwsz-krosno\",\"https:\\\/\\\/www.youtube.com\\\/user\\\/pwszkrosno\\\/\",\"https:\\\/\\\/pl.wikipedia.org\\\/wiki\\\/Pa\u0144stwowa_Wy\u017csza_Szko\u0142a_Zawodowa_im._Stanis\u0142awa_Pigonia_w_Kro\u015bnie\"]}]}<\/script>\n<!-- \/ Yoast SEO Premium plugin. -->","yoast_head_json":{"title":"Agencja interaktywna KS - Marketing Internetowy PANS w Kro\u015bnie","robots":{"index":"index","follow":"follow","max-snippet":"max-snippet:-1","max-image-preview":"max-image-preview:large","max-video-preview":"max-video-preview:-1"},"canonical":"https:\/\/pans.krosno.pl\/mi\/nasi-partnerzy\/","og_locale":"pl_PL","og_type":"article","og_title":"Agencja interaktywna KS","og_description":"Naszym kluczowym partnerem w prowadzeniu studi\u00f3w dualnych na kierunku Marketing Internetowy jest agencja interaktywna \u00a0agencja SEO \u2013 KS Sp. z o.o Jest to agencja marketingu internetowego, kt\u00f3ra wyspecjalizowa\u0142a si\u0119 w pozycjonowaniu stron i sklep\u00f3w internetowych w wyszukiwarce Google. Swoim partnerom biznesowym oferuje skuteczne kampanie SEO, kt\u00f3re przyczyniaj\u0105 si\u0119 do wzrostu [\u2026] Read More","og_url":"https:\/\/pans.krosno.pl\/mi\/nasi-partnerzy\/","og_site_name":"Marketing Internetowy PANS w Kro\u015bnie","article_publisher":"https:\/\/www.facebook.com\/StudiaKrosno\/","article_modified_time":"2023-01-13T11:57:44+00:00","twitter_card":"summary_large_image","twitter_misc":{"Szacowany czas czytania":"2 minuty"},"schema":{"@context":"https:\/\/schema.org","@graph":[{"@type":"WebPage","@id":"https:\/\/pans.krosno.pl\/mi\/nasi-partnerzy\/","url":"https:\/\/pans.krosno.pl\/mi\/nasi-partnerzy\/","name":"Agencja interaktywna KS - Marketing Internetowy PANS w Kro\u015bnie","isPartOf":{"@id":"https:\/\/pans.krosno.pl\/mi\/#website"},"datePublished":"2020-09-11T11:09:05+00:00","dateModified":"2023-01-13T11:57:44+00:00","breadcrumb":{"@id":"https:\/\/pans.krosno.pl\/mi\/nasi-partnerzy\/#breadcrumb"},"inLanguage":"pl-PL","potentialAction":[{"@type":"ReadAction","target":["https:\/\/pans.krosno.pl\/mi\/nasi-partnerzy\/"]}]},{"@type":"BreadcrumbList","@id":"https:\/\/pans.krosno.pl\/mi\/nasi-partnerzy\/#breadcrumb","itemListElement":[{"@type":"ListItem","position":1,"name":"Strona g\u0142\u00f3wna","item":"https:\/\/pans.krosno.pl\/mi\/"},{"@type":"ListItem","position":2,"name":"Agencja interaktywna KS"}]},{"@type":"WebSite","@id":"https:\/\/pans.krosno.pl\/mi\/#website","url":"https:\/\/pans.krosno.pl\/mi\/","name":"KPU w Kro\u015bnie","description":"Marketing Internetowy - Pa\u0144stwowa Akademia Nauk Stosowanych","publisher":{"@id":"https:\/\/pans.krosno.pl\/mi\/#organization"},"potentialAction":[{"@type":"SearchAction","target":{"@type":"EntryPoint","urlTemplate":"https:\/\/pans.krosno.pl\/mi\/?s={search_term_string}"},"query-input":{"@type":"PropertyValueSpecification","valueRequired":true,"valueName":"search_term_string"}}],"inLanguage":"pl-PL"},{"@type":"Organization","@id":"https:\/\/pans.krosno.pl\/mi\/#organization","name":"Karpacka Pa\u0144stwowa Uczelnia w Kro\u015bnie","url":"https:\/\/pans.krosno.pl\/mi\/","logo":{"@type":"ImageObject","inLanguage":"pl-PL","@id":"https:\/\/pans.krosno.pl\/mi\/#\/schema\/logo\/image\/","url":"https:\/\/pans.krosno.pl\/mi\/wp-content\/uploads\/sites\/51\/2026\/04\/image.png","contentUrl":"https:\/\/pans.krosno.pl\/mi\/wp-content\/uploads\/sites\/51\/2026\/04\/image.png","width":945,"height":532,"caption":"Karpacka Pa\u0144stwowa Uczelnia w Kro\u015bnie"},"image":{"@id":"https:\/\/pans.krosno.pl\/mi\/#\/schema\/logo\/image\/"},"sameAs":["https:\/\/www.facebook.com\/StudiaKrosno\/","https:\/\/www.instagram.com\/studia.krosno","https:\/\/pl.linkedin.com\/company\/pwsz-krosno","https:\/\/www.youtube.com\/user\/pwszkrosno\/","https:\/\/pl.wikipedia.org\/wiki\/Pa\u0144stwowa_Wy\u017csza_Szko\u0142a_Zawodowa_im._Stanis\u0142awa_Pigonia_w_Kro\u015bnie"]}]}},"_links":{"self":[{"href":"https:\/\/pans.krosno.pl\/mi\/wp-json\/wp\/v2\/pages\/109","targetHints":{"allow":["GET"]}}],"collection":[{"href":"https:\/\/pans.krosno.pl\/mi\/wp-json\/wp\/v2\/pages"}],"about":[{"href":"https:\/\/pans.krosno.pl\/mi\/wp-json\/wp\/v2\/types\/page"}],"author":[{"embeddable":true,"href":"https:\/\/pans.krosno.pl\/mi\/wp-json\/wp\/v2\/users\/27"}],"replies":[{"embeddable":true,"href":"https:\/\/pans.krosno.pl\/mi\/wp-json\/wp\/v2\/comments?post=109"}],"version-history":[{"count":4,"href":"https:\/\/pans.krosno.pl\/mi\/wp-json\/wp\/v2\/pages\/109\/revisions"}],"predecessor-version":[{"id":1246,"href":"https:\/\/pans.krosno.pl\/mi\/wp-json\/wp\/v2\/pages\/109\/revisions\/1246"}],"wp:attachment":[{"href":"https:\/\/pans.krosno.pl\/mi\/wp-json\/wp\/v2\/media?parent=109"}],"curies":[{"name":"wp","href":"https:\/\/api.w.org\/{rel}","templated":true}]}}