{"id":37,"date":"2021-06-21T09:28:04","date_gmt":"2021-06-21T07:28:04","guid":{"rendered":"https:\/\/pans.krosno.pl\/ls\/?page_id=37"},"modified":"2026-01-25T20:14:31","modified_gmt":"2026-01-25T19:14:31","slug":"esja-egzaminacyjna","status":"publish","type":"page","link":"https:\/\/pans.krosno.pl\/lingwistyka-praktyczna\/esja-egzaminacyjna\/","title":{"rendered":"Sesja egzaminacyjna"},"content":{"rendered":"\n<div class=\"wp-block-file\"><a id=\"wp-block-file--media-025fbe37-d053-4200-8fde-eadea630c53e\" href=\"https:\/\/pans.krosno.pl\/lingwistyka-praktyczna\/wp-content\/uploads\/sites\/58\/2026\/01\/Lingwistyka-2026.docx\">Lingwistyka_harmonogram sesji-2026<\/a><a href=\"https:\/\/pans.krosno.pl\/lingwistyka-praktyczna\/wp-content\/uploads\/sites\/58\/2026\/01\/Lingwistyka-2026.docx\" class=\"wp-block-file__button wp-element-button\" download aria-describedby=\"wp-block-file--media-025fbe37-d053-4200-8fde-eadea630c53e\">Pobierz<\/a><\/div>\n\n\n\n<div class=\"wp-block-file\"><a id=\"wp-block-file--media-51f40efc-613d-4338-85a9-01a7f89038db\" href=\"https:\/\/pans.krosno.pl\/lingwistyka-praktyczna\/wp-content\/uploads\/sites\/58\/2026\/01\/Lingwistyka-sesja-poprawkowa-2026.docx\">Lingwistyka-harmonogram sesji poprawkowej-2026<\/a><a href=\"https:\/\/pans.krosno.pl\/lingwistyka-praktyczna\/wp-content\/uploads\/sites\/58\/2026\/01\/Lingwistyka-sesja-poprawkowa-2026.docx\" class=\"wp-block-file__button wp-element-button\" download aria-describedby=\"wp-block-file--media-51f40efc-613d-4338-85a9-01a7f89038db\">Pobierz<\/a><\/div>\n\n\n\n<p><\/p>\n","protected":false},"excerpt":{"rendered":"","protected":false},"author":27,"featured_media":0,"parent":0,"menu_order":0,"comment_status":"closed","ping_status":"closed","template":"page-templates\/template-full-width.php","meta":{"ngg_post_thumbnail":0,"footnotes":""},"class_list":["post-37","page","type-page","status-publish","hentry"],"yoast_head":"<!-- This site is optimized with the Yoast SEO Premium plugin v27.4 (Yoast SEO v27.4) - https:\/\/yoast.com\/product\/yoast-seo-premium-wordpress\/ -->\n<title>Sesja egzaminacyjna - Lingwistyka Praktyczna PANS w Kro\u015bnie<\/title>\n<meta name=\"robots\" content=\"index, follow, max-snippet:-1, max-image-preview:large, max-video-preview:-1\" \/>\n<link rel=\"canonical\" href=\"https:\/\/pans.krosno.pl\/lingwistyka-praktyczna\/esja-egzaminacyjna\/\" \/>\n<meta property=\"og:locale\" content=\"pl_PL\" \/>\n<meta property=\"og:type\" content=\"article\" \/>\n<meta property=\"og:title\" content=\"Sesja egzaminacyjna\" \/>\n<meta property=\"og:url\" content=\"https:\/\/pans.krosno.pl\/lingwistyka-praktyczna\/esja-egzaminacyjna\/\" \/>\n<meta property=\"og:site_name\" content=\"Lingwistyka Praktyczna PANS w Kro\u015bnie\" \/>\n<meta property=\"article:publisher\" content=\"https:\/\/www.facebook.com\/StudiaKrosno\/\" \/>\n<meta property=\"article:modified_time\" content=\"2026-01-25T19:14:31+00:00\" \/>\n<meta name=\"twitter:card\" content=\"summary_large_image\" \/>\n<meta name=\"twitter:label1\" content=\"Szacowany czas czytania\" \/>\n\t<meta name=\"twitter:data1\" content=\"1 minuta\" \/>\n<script type=\"application\/ld+json\" class=\"yoast-schema-graph\">{\"@context\":\"https:\\\/\\\/schema.org\",\"@graph\":[{\"@type\":\"WebPage\",\"@id\":\"https:\\\/\\\/pans.krosno.pl\\\/lingwistyka-praktyczna\\\/esja-egzaminacyjna\\\/\",\"url\":\"https:\\\/\\\/pans.krosno.pl\\\/lingwistyka-praktyczna\\\/esja-egzaminacyjna\\\/\",\"name\":\"Sesja egzaminacyjna - Lingwistyka Praktyczna PANS w Kro\u015bnie\",\"isPartOf\":{\"@id\":\"https:\\\/\\\/pans.krosno.pl\\\/lingwistyka-praktyczna\\\/#website\"},\"datePublished\":\"2021-06-21T07:28:04+00:00\",\"dateModified\":\"2026-01-25T19:14:31+00:00\",\"breadcrumb\":{\"@id\":\"https:\\\/\\\/pans.krosno.pl\\\/lingwistyka-praktyczna\\\/esja-egzaminacyjna\\\/#breadcrumb\"},\"inLanguage\":\"pl-PL\",\"potentialAction\":[{\"@type\":\"ReadAction\",\"target\":[\"https:\\\/\\\/pans.krosno.pl\\\/lingwistyka-praktyczna\\\/esja-egzaminacyjna\\\/\"]}]},{\"@type\":\"BreadcrumbList\",\"@id\":\"https:\\\/\\\/pans.krosno.pl\\\/lingwistyka-praktyczna\\\/esja-egzaminacyjna\\\/#breadcrumb\",\"itemListElement\":[{\"@type\":\"ListItem\",\"position\":1,\"name\":\"Strona g\u0142\u00f3wna\",\"item\":\"https:\\\/\\\/pans.krosno.pl\\\/lingwistyka-praktyczna\\\/\"},{\"@type\":\"ListItem\",\"position\":2,\"name\":\"Sesja egzaminacyjna\"}]},{\"@type\":\"WebSite\",\"@id\":\"https:\\\/\\\/pans.krosno.pl\\\/lingwistyka-praktyczna\\\/#website\",\"url\":\"https:\\\/\\\/pans.krosno.pl\\\/lingwistyka-praktyczna\\\/\",\"name\":\"KPU w Kro\u015bnie\",\"description\":\"Lingwistyka Praktyczna - Pa\u0144stwowa Akademia Nauk Stosowanych\",\"publisher\":{\"@id\":\"https:\\\/\\\/pans.krosno.pl\\\/lingwistyka-praktyczna\\\/#organization\"},\"potentialAction\":[{\"@type\":\"SearchAction\",\"target\":{\"@type\":\"EntryPoint\",\"urlTemplate\":\"https:\\\/\\\/pans.krosno.pl\\\/lingwistyka-praktyczna\\\/?s={search_term_string}\"},\"query-input\":{\"@type\":\"PropertyValueSpecification\",\"valueRequired\":true,\"valueName\":\"search_term_string\"}}],\"inLanguage\":\"pl-PL\"},{\"@type\":\"Organization\",\"@id\":\"https:\\\/\\\/pans.krosno.pl\\\/lingwistyka-praktyczna\\\/#organization\",\"name\":\"Karpacka Pa\u0144stwowa Uczelnia w Kro\u015bnie\",\"url\":\"https:\\\/\\\/pans.krosno.pl\\\/lingwistyka-praktyczna\\\/\",\"logo\":{\"@type\":\"ImageObject\",\"inLanguage\":\"pl-PL\",\"@id\":\"https:\\\/\\\/pans.krosno.pl\\\/lingwistyka-praktyczna\\\/#\\\/schema\\\/logo\\\/image\\\/\",\"url\":\"\",\"contentUrl\":\"\",\"caption\":\"Karpacka Pa\u0144stwowa Uczelnia w Kro\u015bnie\"},\"image\":{\"@id\":\"https:\\\/\\\/pans.krosno.pl\\\/lingwistyka-praktyczna\\\/#\\\/schema\\\/logo\\\/image\\\/\"},\"sameAs\":[\"https:\\\/\\\/www.facebook.com\\\/StudiaKrosno\\\/\",\"https:\\\/\\\/www.instagram.com\\\/studia.krosno\",\"https:\\\/\\\/pl.linkedin.com\\\/company\\\/pwsz-krosno\",\"https:\\\/\\\/www.youtube.com\\\/user\\\/pwszkrosno\\\/\",\"https:\\\/\\\/pl.wikipedia.org\\\/wiki\\\/Pa\u0144stwowa_Wy\u017csza_Szko\u0142a_Zawodowa_im._Stanis\u0142awa_Pigonia_w_Kro\u015bnie\"]}]}<\/script>\n<!-- \/ Yoast SEO Premium plugin. -->","yoast_head_json":{"title":"Sesja egzaminacyjna - Lingwistyka Praktyczna PANS w Kro\u015bnie","robots":{"index":"index","follow":"follow","max-snippet":"max-snippet:-1","max-image-preview":"max-image-preview:large","max-video-preview":"max-video-preview:-1"},"canonical":"https:\/\/pans.krosno.pl\/lingwistyka-praktyczna\/esja-egzaminacyjna\/","og_locale":"pl_PL","og_type":"article","og_title":"Sesja egzaminacyjna","og_url":"https:\/\/pans.krosno.pl\/lingwistyka-praktyczna\/esja-egzaminacyjna\/","og_site_name":"Lingwistyka Praktyczna PANS w Kro\u015bnie","article_publisher":"https:\/\/www.facebook.com\/StudiaKrosno\/","article_modified_time":"2026-01-25T19:14:31+00:00","twitter_card":"summary_large_image","twitter_misc":{"Szacowany czas czytania":"1 minuta"},"schema":{"@context":"https:\/\/schema.org","@graph":[{"@type":"WebPage","@id":"https:\/\/pans.krosno.pl\/lingwistyka-praktyczna\/esja-egzaminacyjna\/","url":"https:\/\/pans.krosno.pl\/lingwistyka-praktyczna\/esja-egzaminacyjna\/","name":"Sesja egzaminacyjna - Lingwistyka Praktyczna PANS w Kro\u015bnie","isPartOf":{"@id":"https:\/\/pans.krosno.pl\/lingwistyka-praktyczna\/#website"},"datePublished":"2021-06-21T07:28:04+00:00","dateModified":"2026-01-25T19:14:31+00:00","breadcrumb":{"@id":"https:\/\/pans.krosno.pl\/lingwistyka-praktyczna\/esja-egzaminacyjna\/#breadcrumb"},"inLanguage":"pl-PL","potentialAction":[{"@type":"ReadAction","target":["https:\/\/pans.krosno.pl\/lingwistyka-praktyczna\/esja-egzaminacyjna\/"]}]},{"@type":"BreadcrumbList","@id":"https:\/\/pans.krosno.pl\/lingwistyka-praktyczna\/esja-egzaminacyjna\/#breadcrumb","itemListElement":[{"@type":"ListItem","position":1,"name":"Strona g\u0142\u00f3wna","item":"https:\/\/pans.krosno.pl\/lingwistyka-praktyczna\/"},{"@type":"ListItem","position":2,"name":"Sesja egzaminacyjna"}]},{"@type":"WebSite","@id":"https:\/\/pans.krosno.pl\/lingwistyka-praktyczna\/#website","url":"https:\/\/pans.krosno.pl\/lingwistyka-praktyczna\/","name":"KPU w Kro\u015bnie","description":"Lingwistyka Praktyczna - Pa\u0144stwowa Akademia Nauk Stosowanych","publisher":{"@id":"https:\/\/pans.krosno.pl\/lingwistyka-praktyczna\/#organization"},"potentialAction":[{"@type":"SearchAction","target":{"@type":"EntryPoint","urlTemplate":"https:\/\/pans.krosno.pl\/lingwistyka-praktyczna\/?s={search_term_string}"},"query-input":{"@type":"PropertyValueSpecification","valueRequired":true,"valueName":"search_term_string"}}],"inLanguage":"pl-PL"},{"@type":"Organization","@id":"https:\/\/pans.krosno.pl\/lingwistyka-praktyczna\/#organization","name":"Karpacka Pa\u0144stwowa Uczelnia w Kro\u015bnie","url":"https:\/\/pans.krosno.pl\/lingwistyka-praktyczna\/","logo":{"@type":"ImageObject","inLanguage":"pl-PL","@id":"https:\/\/pans.krosno.pl\/lingwistyka-praktyczna\/#\/schema\/logo\/image\/","url":"","contentUrl":"","caption":"Karpacka Pa\u0144stwowa Uczelnia w Kro\u015bnie"},"image":{"@id":"https:\/\/pans.krosno.pl\/lingwistyka-praktyczna\/#\/schema\/logo\/image\/"},"sameAs":["https:\/\/www.facebook.com\/StudiaKrosno\/","https:\/\/www.instagram.com\/studia.krosno","https:\/\/pl.linkedin.com\/company\/pwsz-krosno","https:\/\/www.youtube.com\/user\/pwszkrosno\/","https:\/\/pl.wikipedia.org\/wiki\/Pa\u0144stwowa_Wy\u017csza_Szko\u0142a_Zawodowa_im._Stanis\u0142awa_Pigonia_w_Kro\u015bnie"]}]}},"_links":{"self":[{"href":"https:\/\/pans.krosno.pl\/lingwistyka-praktyczna\/wp-json\/wp\/v2\/pages\/37","targetHints":{"allow":["GET"]}}],"collection":[{"href":"https:\/\/pans.krosno.pl\/lingwistyka-praktyczna\/wp-json\/wp\/v2\/pages"}],"about":[{"href":"https:\/\/pans.krosno.pl\/lingwistyka-praktyczna\/wp-json\/wp\/v2\/types\/page"}],"author":[{"embeddable":true,"href":"https:\/\/pans.krosno.pl\/lingwistyka-praktyczna\/wp-json\/wp\/v2\/users\/27"}],"replies":[{"embeddable":true,"href":"https:\/\/pans.krosno.pl\/lingwistyka-praktyczna\/wp-json\/wp\/v2\/comments?post=37"}],"version-history":[{"count":5,"href":"https:\/\/pans.krosno.pl\/lingwistyka-praktyczna\/wp-json\/wp\/v2\/pages\/37\/revisions"}],"predecessor-version":[{"id":273,"href":"https:\/\/pans.krosno.pl\/lingwistyka-praktyczna\/wp-json\/wp\/v2\/pages\/37\/revisions\/273"}],"wp:attachment":[{"href":"https:\/\/pans.krosno.pl\/lingwistyka-praktyczna\/wp-json\/wp\/v2\/media?parent=37"}],"curies":[{"name":"wp","href":"https:\/\/api.w.org\/{rel}","templated":true}]}}