{"id":7270,"date":"2025-02-10T15:12:36","date_gmt":"2025-02-10T14:12:36","guid":{"rendered":"https:\/\/pans.krosno.pl\/kola-naukowe\/?page_id=7270"},"modified":"2025-02-21T12:32:15","modified_gmt":"2025-02-21T11:32:15","slug":"pansgloci-zarzad","status":"publish","type":"page","link":"https:\/\/pans.krosno.pl\/kola-naukowe\/pansgloci\/pansgloci-zarzad\/","title":{"rendered":"PANSgloci &#8211; Zarz\u0105d"},"content":{"rendered":"\n<figure class=\"wp-block-image size-medium\"><img loading=\"lazy\" decoding=\"async\" width=\"300\" height=\"98\" src=\"https:\/\/pans.krosno.pl\/kola-naukowe\/wp-content\/uploads\/sites\/48\/2025\/02\/image-3-300x98.png\" alt=\"\" class=\"wp-image-7298\" srcset=\"https:\/\/pans.krosno.pl\/kola-naukowe\/wp-content\/uploads\/sites\/48\/2025\/02\/image-3-300x98.png 300w, https:\/\/pans.krosno.pl\/kola-naukowe\/wp-content\/uploads\/sites\/48\/2025\/02\/image-3-768x252.png 768w, https:\/\/pans.krosno.pl\/kola-naukowe\/wp-content\/uploads\/sites\/48\/2025\/02\/image-3-800x262.png 800w, https:\/\/pans.krosno.pl\/kola-naukowe\/wp-content\/uploads\/sites\/48\/2025\/02\/image-3-580x190.png 580w, https:\/\/pans.krosno.pl\/kola-naukowe\/wp-content\/uploads\/sites\/48\/2025\/02\/image-3.png 882w\" sizes=\"auto, (max-width: 300px) 100vw, 300px\" \/><\/figure>\n\n\n\n<p class=\"has-text-align-center has-medium-font-size\"><strong><span style=\"text-decoration: underline;\">Studenckie Ko\u0142o Naukowe PANSgloci<br><\/span>przy Pa\u0144stwowej Akademii Nauk Stosowanych w Kro\u015bnie<\/strong><\/p>\n\n\n\n<p class=\"has-text-align-left has-medium-font-size\"><strong>Sk\u0142ad Zarz\u0105du:<\/strong><\/p>\n\n\n\n<ol class=\"wp-block-list\">\n<li>Aleksandra Niemiec \u2013 przewodnicz\u0105ca<\/li>\n\n\n\n<li>Karol Twardosz \u2013 zast\u0119pca<\/li>\n\n\n\n<li>Oliwia Mastaj \u2013 sekretarz<br><\/li>\n<\/ol>\n\n\n\n<p class=\"has-text-align-left has-medium-font-size\"><strong>Opiekunowie Ko\u0142a:<\/strong><\/p>\n\n\n\n<ul class=\"wp-block-list\">\n<li>mgr Agnieszka Antosz-Kasprzyk<\/li>\n\n\n\n<li>mgr Joanna Krochmal<\/li>\n<\/ul>\n\n\n\n<hr class=\"wp-block-separator has-alpha-channel-opacity\"\/>\n\n\n\n<p class=\"has-text-align-center has-large-font-size\"><strong>Misja SKN PANSgloci:<\/strong><\/p>\n\n\n\n<ul class=\"wp-block-list\">\n<li>wsparcie student\u00f3w potrzebuj\u0105cych dodatkowych zaj\u0119\u0107 wyr\u00f3wnawczych;<\/li>\n\n\n\n<li>rozwijanie talent\u00f3w j\u0119zykowych student\u00f3w PANS w Kro\u015bnie;<\/li>\n\n\n\n<li>konwersacje;<\/li>\n\n\n\n<li>przygotowanie do egzamin\u00f3w Cambridge English Assessment;<\/li>\n\n\n\n<li>realizacja mi\u0119dzynarodowych projekt\u00f3w;<\/li>\n\n\n\n<li>aktywny udzia\u0142 w imprezach promocyjnych PANS w Kro\u015bnie;<\/li>\n\n\n\n<li>wsp\u00f3\u0142praca z lektorami w obszarze dydaktyki j\u0119zyk\u00f3w obcych (prowadzenie kurs\u00f3w wyr\u00f3wnawczych, tworzenie materia\u0142\u00f3w dydaktycznych, pomoc w organizacji dydaktycznych event\u00f3w);<\/li>\n\n\n\n<li>udzia\u0142 w zaj\u0119ciach ko\u0142a teatralnego i recytatorskiego<\/li>\n<\/ul>\n\n\n\n<hr class=\"wp-block-separator has-alpha-channel-opacity\"\/>\n\n\n\n<p class=\"has-text-align-center has-large-font-size\"><strong><a href=\"https:\/\/pans.krosno.pl\/kola-naukowe\/wp-content\/uploads\/sites\/48\/2025\/02\/Regulamin-PANSgloci.pdf\">Regulamin PANSgloci (PDF)<\/a><\/strong><\/p>\n\n\n\n<p><\/p>\n","protected":false},"excerpt":{"rendered":"<p>Studenckie Ko\u0142o Naukowe PANSglociprzy Pa\u0144stwowej Akademii Nauk Stosowanych w Kro\u015bnie Sk\u0142ad Zarz\u0105du: Opiekunowie Ko\u0142a: Misja SKN PANSgloci: Regulamin PANSgloci (PDF)<\/p>\n","protected":false},"author":27,"featured_media":0,"parent":7266,"menu_order":0,"comment_status":"closed","ping_status":"closed","template":"page-templates\/template-full-width.php","meta":{"ngg_post_thumbnail":0,"footnotes":""},"class_list":["post-7270","page","type-page","status-publish","hentry"],"yoast_head":"<!-- This site is optimized with the Yoast SEO Premium plugin v27.3 (Yoast SEO v27.3) - https:\/\/yoast.com\/product\/yoast-seo-premium-wordpress\/ -->\n<title>PANSgloci - Zarz\u0105d - Studenckie Ko\u0142a Naukowe PANS w Kro\u015bnie<\/title>\n<meta name=\"robots\" content=\"index, follow, max-snippet:-1, max-image-preview:large, max-video-preview:-1\" \/>\n<link rel=\"canonical\" href=\"https:\/\/pans.krosno.pl\/kola-naukowe\/pansgloci\/pansgloci-zarzad\/\" \/>\n<meta property=\"og:locale\" content=\"pl_PL\" \/>\n<meta property=\"og:type\" content=\"article\" \/>\n<meta property=\"og:title\" content=\"PANSgloci - Zarz\u0105d\" \/>\n<meta property=\"og:description\" content=\"Studenckie Ko\u0142o Naukowe PANSglociprzy Pa\u0144stwowej Akademii Nauk Stosowanych w Kro\u015bnie Sk\u0142ad Zarz\u0105du: Opiekunowie Ko\u0142a: Misja SKN PANSgloci: Regulamin PANSgloci (PDF)\" \/>\n<meta property=\"og:url\" content=\"https:\/\/pans.krosno.pl\/kola-naukowe\/pansgloci\/pansgloci-zarzad\/\" \/>\n<meta property=\"og:site_name\" content=\"Studenckie Ko\u0142a Naukowe PANS w Kro\u015bnie\" \/>\n<meta property=\"article:modified_time\" content=\"2025-02-21T11:32:15+00:00\" \/>\n<meta property=\"og:image\" content=\"https:\/\/pans.krosno.pl\/kola-naukowe\/wp-content\/uploads\/sites\/48\/2025\/02\/image-3.png\" \/>\n\t<meta property=\"og:image:width\" content=\"882\" \/>\n\t<meta property=\"og:image:height\" content=\"289\" \/>\n\t<meta property=\"og:image:type\" content=\"image\/png\" \/>\n<meta name=\"twitter:card\" content=\"summary_large_image\" \/>\n<meta name=\"twitter:label1\" content=\"Szacowany czas czytania\" \/>\n\t<meta name=\"twitter:data1\" content=\"1 minuta\" \/>\n<script type=\"application\/ld+json\" class=\"yoast-schema-graph\">{\"@context\":\"https:\\\/\\\/schema.org\",\"@graph\":[{\"@type\":\"WebPage\",\"@id\":\"https:\\\/\\\/pans.krosno.pl\\\/kola-naukowe\\\/pansgloci\\\/pansgloci-zarzad\\\/\",\"url\":\"https:\\\/\\\/pans.krosno.pl\\\/kola-naukowe\\\/pansgloci\\\/pansgloci-zarzad\\\/\",\"name\":\"PANSgloci - Zarz\u0105d - Studenckie Ko\u0142a Naukowe PANS w Kro\u015bnie\",\"isPartOf\":{\"@id\":\"https:\\\/\\\/pans.krosno.pl\\\/kola-naukowe\\\/#website\"},\"primaryImageOfPage\":{\"@id\":\"https:\\\/\\\/pans.krosno.pl\\\/kola-naukowe\\\/pansgloci\\\/pansgloci-zarzad\\\/#primaryimage\"},\"image\":{\"@id\":\"https:\\\/\\\/pans.krosno.pl\\\/kola-naukowe\\\/pansgloci\\\/pansgloci-zarzad\\\/#primaryimage\"},\"thumbnailUrl\":\"https:\\\/\\\/pans.krosno.pl\\\/kola-naukowe\\\/wp-content\\\/uploads\\\/sites\\\/48\\\/2025\\\/02\\\/image-3-300x98.png\",\"datePublished\":\"2025-02-10T14:12:36+00:00\",\"dateModified\":\"2025-02-21T11:32:15+00:00\",\"breadcrumb\":{\"@id\":\"https:\\\/\\\/pans.krosno.pl\\\/kola-naukowe\\\/pansgloci\\\/pansgloci-zarzad\\\/#breadcrumb\"},\"inLanguage\":\"pl-PL\",\"potentialAction\":[{\"@type\":\"ReadAction\",\"target\":[\"https:\\\/\\\/pans.krosno.pl\\\/kola-naukowe\\\/pansgloci\\\/pansgloci-zarzad\\\/\"]}]},{\"@type\":\"ImageObject\",\"inLanguage\":\"pl-PL\",\"@id\":\"https:\\\/\\\/pans.krosno.pl\\\/kola-naukowe\\\/pansgloci\\\/pansgloci-zarzad\\\/#primaryimage\",\"url\":\"https:\\\/\\\/pans.krosno.pl\\\/kola-naukowe\\\/wp-content\\\/uploads\\\/sites\\\/48\\\/2025\\\/02\\\/image-3.png\",\"contentUrl\":\"https:\\\/\\\/pans.krosno.pl\\\/kola-naukowe\\\/wp-content\\\/uploads\\\/sites\\\/48\\\/2025\\\/02\\\/image-3.png\",\"width\":882,\"height\":289},{\"@type\":\"BreadcrumbList\",\"@id\":\"https:\\\/\\\/pans.krosno.pl\\\/kola-naukowe\\\/pansgloci\\\/pansgloci-zarzad\\\/#breadcrumb\",\"itemListElement\":[{\"@type\":\"ListItem\",\"position\":1,\"name\":\"Strona g\u0142\u00f3wna\",\"item\":\"https:\\\/\\\/pans.krosno.pl\\\/kola-naukowe\\\/\"},{\"@type\":\"ListItem\",\"position\":2,\"name\":\"PANSgloci\",\"item\":\"https:\\\/\\\/pans.krosno.pl\\\/kola-naukowe\\\/pansgloci\\\/\"},{\"@type\":\"ListItem\",\"position\":3,\"name\":\"PANSgloci &#8211; Zarz\u0105d\"}]},{\"@type\":\"WebSite\",\"@id\":\"https:\\\/\\\/pans.krosno.pl\\\/kola-naukowe\\\/#website\",\"url\":\"https:\\\/\\\/pans.krosno.pl\\\/kola-naukowe\\\/\",\"name\":\"Studenckie Ko\u0142a Naukowe PANS w Kro\u015bnie\",\"description\":\"Studenckie Ko\u0142a Naukowe - Pa\u0144stwowa Akademia Nauk Stosowanych\",\"publisher\":{\"@id\":\"https:\\\/\\\/pans.krosno.pl\\\/kola-naukowe\\\/#organization\"},\"potentialAction\":[{\"@type\":\"SearchAction\",\"target\":{\"@type\":\"EntryPoint\",\"urlTemplate\":\"https:\\\/\\\/pans.krosno.pl\\\/kola-naukowe\\\/?s={search_term_string}\"},\"query-input\":{\"@type\":\"PropertyValueSpecification\",\"valueRequired\":true,\"valueName\":\"search_term_string\"}}],\"inLanguage\":\"pl-PL\"},{\"@type\":\"Organization\",\"@id\":\"https:\\\/\\\/pans.krosno.pl\\\/kola-naukowe\\\/#organization\",\"name\":\"Studenckie Ko\u0142a Naukowe PANS w Kro\u015bnie\",\"url\":\"https:\\\/\\\/pans.krosno.pl\\\/kola-naukowe\\\/\",\"logo\":{\"@type\":\"ImageObject\",\"inLanguage\":\"pl-PL\",\"@id\":\"https:\\\/\\\/pans.krosno.pl\\\/kola-naukowe\\\/#\\\/schema\\\/logo\\\/image\\\/\",\"url\":\"https:\\\/\\\/pans.krosno.pl\\\/kola-naukowe\\\/wp-content\\\/uploads\\\/sites\\\/48\\\/2023\\\/01\\\/Logo-PANS-2022-pelne.png\",\"contentUrl\":\"https:\\\/\\\/pans.krosno.pl\\\/kola-naukowe\\\/wp-content\\\/uploads\\\/sites\\\/48\\\/2023\\\/01\\\/Logo-PANS-2022-pelne.png\",\"width\":3096,\"height\":696,\"caption\":\"Studenckie Ko\u0142a Naukowe PANS w Kro\u015bnie\"},\"image\":{\"@id\":\"https:\\\/\\\/pans.krosno.pl\\\/kola-naukowe\\\/#\\\/schema\\\/logo\\\/image\\\/\"}}]}<\/script>\n<!-- \/ Yoast SEO Premium plugin. -->","yoast_head_json":{"title":"PANSgloci - Zarz\u0105d - Studenckie Ko\u0142a Naukowe PANS w Kro\u015bnie","robots":{"index":"index","follow":"follow","max-snippet":"max-snippet:-1","max-image-preview":"max-image-preview:large","max-video-preview":"max-video-preview:-1"},"canonical":"https:\/\/pans.krosno.pl\/kola-naukowe\/pansgloci\/pansgloci-zarzad\/","og_locale":"pl_PL","og_type":"article","og_title":"PANSgloci - Zarz\u0105d","og_description":"Studenckie Ko\u0142o Naukowe PANSglociprzy Pa\u0144stwowej Akademii Nauk Stosowanych w Kro\u015bnie Sk\u0142ad Zarz\u0105du: Opiekunowie Ko\u0142a: Misja SKN PANSgloci: Regulamin PANSgloci (PDF)","og_url":"https:\/\/pans.krosno.pl\/kola-naukowe\/pansgloci\/pansgloci-zarzad\/","og_site_name":"Studenckie Ko\u0142a Naukowe PANS w Kro\u015bnie","article_modified_time":"2025-02-21T11:32:15+00:00","og_image":[{"width":882,"height":289,"url":"https:\/\/pans.krosno.pl\/kola-naukowe\/wp-content\/uploads\/sites\/48\/2025\/02\/image-3.png","type":"image\/png"}],"twitter_card":"summary_large_image","twitter_misc":{"Szacowany czas czytania":"1 minuta"},"schema":{"@context":"https:\/\/schema.org","@graph":[{"@type":"WebPage","@id":"https:\/\/pans.krosno.pl\/kola-naukowe\/pansgloci\/pansgloci-zarzad\/","url":"https:\/\/pans.krosno.pl\/kola-naukowe\/pansgloci\/pansgloci-zarzad\/","name":"PANSgloci - Zarz\u0105d - Studenckie Ko\u0142a Naukowe PANS w Kro\u015bnie","isPartOf":{"@id":"https:\/\/pans.krosno.pl\/kola-naukowe\/#website"},"primaryImageOfPage":{"@id":"https:\/\/pans.krosno.pl\/kola-naukowe\/pansgloci\/pansgloci-zarzad\/#primaryimage"},"image":{"@id":"https:\/\/pans.krosno.pl\/kola-naukowe\/pansgloci\/pansgloci-zarzad\/#primaryimage"},"thumbnailUrl":"https:\/\/pans.krosno.pl\/kola-naukowe\/wp-content\/uploads\/sites\/48\/2025\/02\/image-3-300x98.png","datePublished":"2025-02-10T14:12:36+00:00","dateModified":"2025-02-21T11:32:15+00:00","breadcrumb":{"@id":"https:\/\/pans.krosno.pl\/kola-naukowe\/pansgloci\/pansgloci-zarzad\/#breadcrumb"},"inLanguage":"pl-PL","potentialAction":[{"@type":"ReadAction","target":["https:\/\/pans.krosno.pl\/kola-naukowe\/pansgloci\/pansgloci-zarzad\/"]}]},{"@type":"ImageObject","inLanguage":"pl-PL","@id":"https:\/\/pans.krosno.pl\/kola-naukowe\/pansgloci\/pansgloci-zarzad\/#primaryimage","url":"https:\/\/pans.krosno.pl\/kola-naukowe\/wp-content\/uploads\/sites\/48\/2025\/02\/image-3.png","contentUrl":"https:\/\/pans.krosno.pl\/kola-naukowe\/wp-content\/uploads\/sites\/48\/2025\/02\/image-3.png","width":882,"height":289},{"@type":"BreadcrumbList","@id":"https:\/\/pans.krosno.pl\/kola-naukowe\/pansgloci\/pansgloci-zarzad\/#breadcrumb","itemListElement":[{"@type":"ListItem","position":1,"name":"Strona g\u0142\u00f3wna","item":"https:\/\/pans.krosno.pl\/kola-naukowe\/"},{"@type":"ListItem","position":2,"name":"PANSgloci","item":"https:\/\/pans.krosno.pl\/kola-naukowe\/pansgloci\/"},{"@type":"ListItem","position":3,"name":"PANSgloci &#8211; Zarz\u0105d"}]},{"@type":"WebSite","@id":"https:\/\/pans.krosno.pl\/kola-naukowe\/#website","url":"https:\/\/pans.krosno.pl\/kola-naukowe\/","name":"Studenckie Ko\u0142a Naukowe PANS w Kro\u015bnie","description":"Studenckie Ko\u0142a Naukowe - Pa\u0144stwowa Akademia Nauk Stosowanych","publisher":{"@id":"https:\/\/pans.krosno.pl\/kola-naukowe\/#organization"},"potentialAction":[{"@type":"SearchAction","target":{"@type":"EntryPoint","urlTemplate":"https:\/\/pans.krosno.pl\/kola-naukowe\/?s={search_term_string}"},"query-input":{"@type":"PropertyValueSpecification","valueRequired":true,"valueName":"search_term_string"}}],"inLanguage":"pl-PL"},{"@type":"Organization","@id":"https:\/\/pans.krosno.pl\/kola-naukowe\/#organization","name":"Studenckie Ko\u0142a Naukowe PANS w Kro\u015bnie","url":"https:\/\/pans.krosno.pl\/kola-naukowe\/","logo":{"@type":"ImageObject","inLanguage":"pl-PL","@id":"https:\/\/pans.krosno.pl\/kola-naukowe\/#\/schema\/logo\/image\/","url":"https:\/\/pans.krosno.pl\/kola-naukowe\/wp-content\/uploads\/sites\/48\/2023\/01\/Logo-PANS-2022-pelne.png","contentUrl":"https:\/\/pans.krosno.pl\/kola-naukowe\/wp-content\/uploads\/sites\/48\/2023\/01\/Logo-PANS-2022-pelne.png","width":3096,"height":696,"caption":"Studenckie Ko\u0142a Naukowe PANS w Kro\u015bnie"},"image":{"@id":"https:\/\/pans.krosno.pl\/kola-naukowe\/#\/schema\/logo\/image\/"}}]}},"_links":{"self":[{"href":"https:\/\/pans.krosno.pl\/kola-naukowe\/wp-json\/wp\/v2\/pages\/7270","targetHints":{"allow":["GET"]}}],"collection":[{"href":"https:\/\/pans.krosno.pl\/kola-naukowe\/wp-json\/wp\/v2\/pages"}],"about":[{"href":"https:\/\/pans.krosno.pl\/kola-naukowe\/wp-json\/wp\/v2\/types\/page"}],"author":[{"embeddable":true,"href":"https:\/\/pans.krosno.pl\/kola-naukowe\/wp-json\/wp\/v2\/users\/27"}],"replies":[{"embeddable":true,"href":"https:\/\/pans.krosno.pl\/kola-naukowe\/wp-json\/wp\/v2\/comments?post=7270"}],"version-history":[{"count":5,"href":"https:\/\/pans.krosno.pl\/kola-naukowe\/wp-json\/wp\/v2\/pages\/7270\/revisions"}],"predecessor-version":[{"id":7308,"href":"https:\/\/pans.krosno.pl\/kola-naukowe\/wp-json\/wp\/v2\/pages\/7270\/revisions\/7308"}],"up":[{"embeddable":true,"href":"https:\/\/pans.krosno.pl\/kola-naukowe\/wp-json\/wp\/v2\/pages\/7266"}],"wp:attachment":[{"href":"https:\/\/pans.krosno.pl\/kola-naukowe\/wp-json\/wp\/v2\/media?parent=7270"}],"curies":[{"name":"wp","href":"https:\/\/api.w.org\/{rel}","templated":true}]}}