{"id":7269,"date":"2025-02-10T15:12:37","date_gmt":"2025-02-10T14:12:37","guid":{"rendered":"https:\/\/pans.krosno.pl\/kola-naukowe\/?page_id=7269"},"modified":"2025-02-27T14:20:31","modified_gmt":"2025-02-27T13:20:31","slug":"pansgloci-aktualnosci","status":"publish","type":"page","link":"https:\/\/pans.krosno.pl\/kola-naukowe\/pansgloci\/pansgloci-aktualnosci\/","title":{"rendered":"PANSgloci &#8211; Aktualno\u015bci"},"content":{"rendered":"<ul class=\"wp-block-latest-posts__list has-dates wp-block-latest-posts\"><li><div class=\"wp-block-latest-posts__featured-image alignleft\"><img loading=\"lazy\" decoding=\"async\" width=\"150\" height=\"150\" src=\"https:\/\/pans.krosno.pl\/kola-naukowe\/wp-content\/uploads\/sites\/48\/2025\/11\/IMG_1525-150x150.jpeg\" class=\"attachment-thumbnail size-thumbnail wp-post-image\" alt=\"\" style=\"\" \/><\/div><a class=\"wp-block-latest-posts__post-title\" href=\"https:\/\/pans.krosno.pl\/kola-naukowe\/pansgloci-w-akcji\/\">PANSgloci w akcji!<\/a><time datetime=\"2025-11-15T14:04:57+01:00\" class=\"wp-block-latest-posts__post-date\">15 listopada 2025<\/time><div class=\"wp-block-latest-posts__post-excerpt\">4 listopada 2025r. przedstawiciele Studenckiego Ko\u0142a Naukowego PANSgloci wzi\u0119li udzia\u0142 w oficjalnej prezentacji k\u00f3\u0142 naukowych PANS w Kro\u015bnie, adresowanej do student\u00f3w 1. rocznika naszej Uczelni, kt\u00f3rzy bardzo licznie zgromadzili si\u0119 na Auli w kampusie przy ul. Dmochowskiego. Aleksandra Niemiec (przewodnicz\u0105ca SKN PANSgloci) oraz Karol Twardosz (pe\u0142ni\u0105cy funkcj\u0119 wiceprzewodnicz\u0105cego) zach\u0119cali \u201e\u015bwie\u017cak\u00f3w\u201d do zaanga\u017cowania si\u0119 w aktywno\u015bci [\u2026] <div class=\"clear\"><\/div><a class=\"more_link clearfix\" href=\"https:\/\/pans.krosno.pl\/kola-naukowe\/pansgloci-w-akcji\/\" rel=\"nofollow\">Read More<\/a><\/div><\/li>\n<li><div class=\"wp-block-latest-posts__featured-image alignleft\"><img loading=\"lazy\" decoding=\"async\" width=\"150\" height=\"150\" src=\"https:\/\/pans.krosno.pl\/kola-naukowe\/wp-content\/uploads\/sites\/48\/2025\/06\/pobrane-150x150.png\" class=\"attachment-thumbnail size-thumbnail wp-post-image\" alt=\"\" style=\"\" \/><\/div><a class=\"wp-block-latest-posts__post-title\" href=\"https:\/\/pans.krosno.pl\/kola-naukowe\/informacja-zakleta-w-plakacie-czyli-pansglotowy-mistrz-grafiki\/\">Informacja zakl\u0119ta w plakacie, czyli PANSglotowy mistrz grafiki<\/a><time datetime=\"2025-06-25T14:03:07+02:00\" class=\"wp-block-latest-posts__post-date\">25 czerwca 2025<\/time><div class=\"wp-block-latest-posts__post-excerpt\">Plakaty oraz grafiki tworzone w celach informacyjnych i marketingowych to skuteczne narz\u0119dzia promocji towar\u00f3w i us\u0142ug. Ich g\u0142\u00f3wnym zadaniem jest przyci\u0105gni\u0119cie uwagi odbiorcy, przekazanie kluczowych komunikat\u00f3w oraz sprowokowanie do podj\u0119cia okre\u015blonych dzia\u0142a\u0144. \u0141atwo to zrobi\u0107 za pomoc\u0105 s\u0142\u00f3w, ale jak odda\u0107 istot\u0119 graficznego przes\u0142ania? W plakacie informacja nie jest podana wprost, jak w ulotce czy [\u2026] <div class=\"clear\"><\/div><a class=\"more_link clearfix\" href=\"https:\/\/pans.krosno.pl\/kola-naukowe\/informacja-zakleta-w-plakacie-czyli-pansglotowy-mistrz-grafiki\/\" rel=\"nofollow\">Read More<\/a><\/div><\/li>\n<li><div class=\"wp-block-latest-posts__featured-image alignleft\"><img loading=\"lazy\" decoding=\"async\" width=\"150\" height=\"150\" src=\"https:\/\/pans.krosno.pl\/kola-naukowe\/wp-content\/uploads\/sites\/48\/2025\/06\/482243361_1093766365885718_4900901777510164599_n-150x150.jpg\" class=\"attachment-thumbnail size-thumbnail wp-post-image\" alt=\"\" style=\"\" \/><\/div><a class=\"wp-block-latest-posts__post-title\" href=\"https:\/\/pans.krosno.pl\/kola-naukowe\/studentki-pedagogiki-w-misji-dzieciom\/\">Studentki Pedagogiki w misji dzieciom<\/a><time datetime=\"2025-06-25T13:57:47+02:00\" class=\"wp-block-latest-posts__post-date\">25 czerwca 2025<\/time><div class=\"wp-block-latest-posts__post-excerpt\">Studenckie Ko\u0142o Naukowe PANSgloci wspomaga dzia\u0142alno\u015b\u0107 j\u0119zykowej Academii, do kt\u00f3rej ucz\u0119szcza regularnie oko\u0142o 400 kursant\u00f3w, ucz\u0105cych si\u0119 j\u0119zyk\u00f3w obcych w 60 grupach j\u0119zykowych. 95% tej edukacyjnej spo\u0142eczno\u015bci stanowi\u0105 dzieci i m\u0142odzie\u017c w wieku 5-19 lat, dla kt\u00f3rych lektorzy organizuj\u0105 cyklicznie dodatkowe aktywno\u015bci, uatrakcyjniaj\u0105ce proces nauczania i przek\u0142adaj\u0105ce si\u0119 na wyj\u0105tkow\u0105 atmosfer\u0119 szko\u0142y. W\u015br\u00f3d nich nale\u017cy [\u2026] <div class=\"clear\"><\/div><a class=\"more_link clearfix\" href=\"https:\/\/pans.krosno.pl\/kola-naukowe\/studentki-pedagogiki-w-misji-dzieciom\/\" rel=\"nofollow\">Read More<\/a><\/div><\/li>\n<li><div class=\"wp-block-latest-posts__featured-image alignleft\"><img loading=\"lazy\" decoding=\"async\" width=\"150\" height=\"150\" src=\"https:\/\/pans.krosno.pl\/kola-naukowe\/wp-content\/uploads\/sites\/48\/2025\/06\/image-1-150x150.png\" class=\"attachment-thumbnail size-thumbnail wp-post-image\" alt=\"\" style=\"\" \/><\/div><a class=\"wp-block-latest-posts__post-title\" href=\"https:\/\/pans.krosno.pl\/kola-naukowe\/ekspertki-od-jezykowych-social-mediow\/\">Ekspertki od j\u0119zykowych social medi\u00f3w<\/a><time datetime=\"2025-06-24T09:01:24+02:00\" class=\"wp-block-latest-posts__post-date\">24 czerwca 2025<\/time><div class=\"wp-block-latest-posts__post-excerpt\">W pa\u017adzierniku 2024 roku j\u0119zykowa Academia, dzia\u0142aj\u0105ca przy Pa\u0144stwowej Akademii Nauk Stosowanych w Kro\u015bnie, zadebiutowa\u0142a na Instagramie. Jej profil \u2013 Academiajezykowa \u2013 regularnie obserwuje kilkadziesi\u0105t os\u00f3b, ucz\u0105c si\u0119 angielskiego w przepi\u0119knej, kolorowej i inspiruj\u0105cej szacie graficznej, b\u0119d\u0105cej realizacj\u0105 wizji dw\u00f3ch niesamowitych, niezawodnych i niezwykle utalentowanych studentek Marketingu Internetowego: Ani Zaj\u0105c i Dominiki Zbylut. Dziewczyny codziennie [\u2026] <div class=\"clear\"><\/div><a class=\"more_link clearfix\" href=\"https:\/\/pans.krosno.pl\/kola-naukowe\/ekspertki-od-jezykowych-social-mediow\/\" rel=\"nofollow\">Read More<\/a><\/div><\/li>\n<li><div class=\"wp-block-latest-posts__featured-image alignleft\"><img loading=\"lazy\" decoding=\"async\" width=\"150\" height=\"150\" src=\"https:\/\/pans.krosno.pl\/kola-naukowe\/wp-content\/uploads\/sites\/48\/2025\/06\/489229276_122128334222633824_2281045212547582965_n-150x150.jpg\" class=\"attachment-thumbnail size-thumbnail wp-post-image\" alt=\"\" style=\"\" \/><\/div><a class=\"wp-block-latest-posts__post-title\" href=\"https:\/\/pans.krosno.pl\/kola-naukowe\/english-today-z-pansglotami-na-pokladzie\/\">English Today z PANSglotami na pok\u0142adzie!<\/a><time datetime=\"2025-06-24T08:52:08+02:00\" class=\"wp-block-latest-posts__post-date\">24 czerwca 2025<\/time><div class=\"wp-block-latest-posts__post-excerpt\">4 kwietnia 2025 r. cz\u0142onkowie Ko\u0142a Naukowego PANSgloci wzi\u0119li udzia\u0142 w konferencji English Today: challenges and innovations, zorganizowanej przez lektor\u00f3w Studium J\u0119zyk\u00f3w Obcych PANS w Kro\u015bnie. Studenci Pedagogiki, Informatyki oraz Marketingu Internetowego czynnie uczestniczyli we wszystkich ods\u0142onach tego wyj\u0105tkowego wydarzenia dydaktyczno-naukowego, dbaj\u0105c o sprawn\u0105 logistyk\u0119 konferencyjnych sesji i opraw\u0119 medialn\u0105 tego eventu adresowanego do nauczycieli [\u2026] <div class=\"clear\"><\/div><a class=\"more_link clearfix\" href=\"https:\/\/pans.krosno.pl\/kola-naukowe\/english-today-z-pansglotami-na-pokladzie\/\" rel=\"nofollow\">Read More<\/a><\/div><\/li>\n<li><div class=\"wp-block-latest-posts__featured-image alignleft\"><img loading=\"lazy\" decoding=\"async\" width=\"150\" height=\"150\" src=\"https:\/\/pans.krosno.pl\/kola-naukowe\/wp-content\/uploads\/sites\/48\/2025\/02\/image-4-150x150.png\" class=\"attachment-thumbnail size-thumbnail wp-post-image\" alt=\"\" style=\"\" \/><\/div><a class=\"wp-block-latest-posts__post-title\" href=\"https:\/\/pans.krosno.pl\/kola-naukowe\/sjo-kursy-wyrownawcze-z-jezyka-angielskiego\/\">SJO &#8211; Kursy wyr\u00f3wnawcze z j\u0119zyka angielskiego<\/a><time datetime=\"2025-02-27T14:19:12+01:00\" class=\"wp-block-latest-posts__post-date\">27 lutego 2025<\/time><div class=\"wp-block-latest-posts__post-excerpt\">Od stycznia br. lektorzy Studium J\u0119zyk\u00f3w Obcych prowadz\u0105 kursy wyr\u00f3wnawcze z j\u0119zyka angielskiego adresowane do student\u00f3w wszystkich kierunk\u00f3w i specjalno\u015bci Pa\u0144stwowej Akademii Nauk Stosowanych w Kro\u015bnie, chc\u0105cych uzupe\u0142ni\u0107 sw\u00f3j stan j\u0119zykowej wiedzy, podnie\u015b\u0107 swe kompetencje i naby\u0107 wi\u0119kszej pewno\u015bci siebie w praktycznym zastosowaniu angielskiego w m\u00f3wieniu, czytaniu, s\u0142uchaniu i pisaniu. Zaj\u0119cia te ciesz\u0105 si\u0119 du\u017cym [\u2026] <div class=\"clear\"><\/div><a class=\"more_link clearfix\" href=\"https:\/\/pans.krosno.pl\/kola-naukowe\/sjo-kursy-wyrownawcze-z-jezyka-angielskiego\/\" rel=\"nofollow\">Read More<\/a><\/div><\/li>\n<\/ul>","protected":false},"excerpt":{"rendered":"","protected":false},"author":27,"featured_media":0,"parent":7266,"menu_order":0,"comment_status":"closed","ping_status":"closed","template":"page-templates\/template-full-width.php","meta":{"ngg_post_thumbnail":0,"footnotes":""},"class_list":["post-7269","page","type-page","status-publish","hentry"],"yoast_head":"<!-- This site is optimized with the Yoast SEO Premium plugin v27.3 (Yoast SEO v27.3) - https:\/\/yoast.com\/product\/yoast-seo-premium-wordpress\/ -->\n<title>PANSgloci - Aktualno\u015bci - Studenckie Ko\u0142a Naukowe PANS w Kro\u015bnie<\/title>\n<meta name=\"robots\" content=\"index, follow, max-snippet:-1, max-image-preview:large, max-video-preview:-1\" \/>\n<link rel=\"canonical\" href=\"https:\/\/pans.krosno.pl\/kola-naukowe\/pansgloci\/pansgloci-aktualnosci\/\" \/>\n<meta property=\"og:locale\" content=\"pl_PL\" \/>\n<meta property=\"og:type\" content=\"article\" \/>\n<meta property=\"og:title\" content=\"PANSgloci - Aktualno\u015bci\" \/>\n<meta property=\"og:url\" content=\"https:\/\/pans.krosno.pl\/kola-naukowe\/pansgloci\/pansgloci-aktualnosci\/\" \/>\n<meta property=\"og:site_name\" content=\"Studenckie Ko\u0142a Naukowe PANS w Kro\u015bnie\" \/>\n<meta property=\"article:modified_time\" content=\"2025-02-27T13:20:31+00:00\" \/>\n<meta name=\"twitter:card\" content=\"summary_large_image\" \/>\n<script type=\"application\/ld+json\" class=\"yoast-schema-graph\">{\"@context\":\"https:\\\/\\\/schema.org\",\"@graph\":[{\"@type\":\"WebPage\",\"@id\":\"https:\\\/\\\/pans.krosno.pl\\\/kola-naukowe\\\/pansgloci\\\/pansgloci-aktualnosci\\\/\",\"url\":\"https:\\\/\\\/pans.krosno.pl\\\/kola-naukowe\\\/pansgloci\\\/pansgloci-aktualnosci\\\/\",\"name\":\"PANSgloci - Aktualno\u015bci - Studenckie Ko\u0142a Naukowe PANS w Kro\u015bnie\",\"isPartOf\":{\"@id\":\"https:\\\/\\\/pans.krosno.pl\\\/kola-naukowe\\\/#website\"},\"datePublished\":\"2025-02-10T14:12:37+00:00\",\"dateModified\":\"2025-02-27T13:20:31+00:00\",\"breadcrumb\":{\"@id\":\"https:\\\/\\\/pans.krosno.pl\\\/kola-naukowe\\\/pansgloci\\\/pansgloci-aktualnosci\\\/#breadcrumb\"},\"inLanguage\":\"pl-PL\",\"potentialAction\":[{\"@type\":\"ReadAction\",\"target\":[\"https:\\\/\\\/pans.krosno.pl\\\/kola-naukowe\\\/pansgloci\\\/pansgloci-aktualnosci\\\/\"]}]},{\"@type\":\"BreadcrumbList\",\"@id\":\"https:\\\/\\\/pans.krosno.pl\\\/kola-naukowe\\\/pansgloci\\\/pansgloci-aktualnosci\\\/#breadcrumb\",\"itemListElement\":[{\"@type\":\"ListItem\",\"position\":1,\"name\":\"Strona g\u0142\u00f3wna\",\"item\":\"https:\\\/\\\/pans.krosno.pl\\\/kola-naukowe\\\/\"},{\"@type\":\"ListItem\",\"position\":2,\"name\":\"PANSgloci\",\"item\":\"https:\\\/\\\/pans.krosno.pl\\\/kola-naukowe\\\/pansgloci\\\/\"},{\"@type\":\"ListItem\",\"position\":3,\"name\":\"PANSgloci &#8211; Aktualno\u015bci\"}]},{\"@type\":\"WebSite\",\"@id\":\"https:\\\/\\\/pans.krosno.pl\\\/kola-naukowe\\\/#website\",\"url\":\"https:\\\/\\\/pans.krosno.pl\\\/kola-naukowe\\\/\",\"name\":\"Studenckie Ko\u0142a Naukowe PANS w Kro\u015bnie\",\"description\":\"Studenckie Ko\u0142a Naukowe - Pa\u0144stwowa Akademia Nauk Stosowanych\",\"publisher\":{\"@id\":\"https:\\\/\\\/pans.krosno.pl\\\/kola-naukowe\\\/#organization\"},\"potentialAction\":[{\"@type\":\"SearchAction\",\"target\":{\"@type\":\"EntryPoint\",\"urlTemplate\":\"https:\\\/\\\/pans.krosno.pl\\\/kola-naukowe\\\/?s={search_term_string}\"},\"query-input\":{\"@type\":\"PropertyValueSpecification\",\"valueRequired\":true,\"valueName\":\"search_term_string\"}}],\"inLanguage\":\"pl-PL\"},{\"@type\":\"Organization\",\"@id\":\"https:\\\/\\\/pans.krosno.pl\\\/kola-naukowe\\\/#organization\",\"name\":\"Studenckie Ko\u0142a Naukowe PANS w Kro\u015bnie\",\"url\":\"https:\\\/\\\/pans.krosno.pl\\\/kola-naukowe\\\/\",\"logo\":{\"@type\":\"ImageObject\",\"inLanguage\":\"pl-PL\",\"@id\":\"https:\\\/\\\/pans.krosno.pl\\\/kola-naukowe\\\/#\\\/schema\\\/logo\\\/image\\\/\",\"url\":\"https:\\\/\\\/pans.krosno.pl\\\/kola-naukowe\\\/wp-content\\\/uploads\\\/sites\\\/48\\\/2023\\\/01\\\/Logo-PANS-2022-pelne.png\",\"contentUrl\":\"https:\\\/\\\/pans.krosno.pl\\\/kola-naukowe\\\/wp-content\\\/uploads\\\/sites\\\/48\\\/2023\\\/01\\\/Logo-PANS-2022-pelne.png\",\"width\":3096,\"height\":696,\"caption\":\"Studenckie Ko\u0142a Naukowe PANS w Kro\u015bnie\"},\"image\":{\"@id\":\"https:\\\/\\\/pans.krosno.pl\\\/kola-naukowe\\\/#\\\/schema\\\/logo\\\/image\\\/\"}}]}<\/script>\n<!-- \/ Yoast SEO Premium plugin. -->","yoast_head_json":{"title":"PANSgloci - Aktualno\u015bci - Studenckie Ko\u0142a Naukowe PANS w Kro\u015bnie","robots":{"index":"index","follow":"follow","max-snippet":"max-snippet:-1","max-image-preview":"max-image-preview:large","max-video-preview":"max-video-preview:-1"},"canonical":"https:\/\/pans.krosno.pl\/kola-naukowe\/pansgloci\/pansgloci-aktualnosci\/","og_locale":"pl_PL","og_type":"article","og_title":"PANSgloci - Aktualno\u015bci","og_url":"https:\/\/pans.krosno.pl\/kola-naukowe\/pansgloci\/pansgloci-aktualnosci\/","og_site_name":"Studenckie Ko\u0142a Naukowe PANS w Kro\u015bnie","article_modified_time":"2025-02-27T13:20:31+00:00","twitter_card":"summary_large_image","schema":{"@context":"https:\/\/schema.org","@graph":[{"@type":"WebPage","@id":"https:\/\/pans.krosno.pl\/kola-naukowe\/pansgloci\/pansgloci-aktualnosci\/","url":"https:\/\/pans.krosno.pl\/kola-naukowe\/pansgloci\/pansgloci-aktualnosci\/","name":"PANSgloci - Aktualno\u015bci - Studenckie Ko\u0142a Naukowe PANS w Kro\u015bnie","isPartOf":{"@id":"https:\/\/pans.krosno.pl\/kola-naukowe\/#website"},"datePublished":"2025-02-10T14:12:37+00:00","dateModified":"2025-02-27T13:20:31+00:00","breadcrumb":{"@id":"https:\/\/pans.krosno.pl\/kola-naukowe\/pansgloci\/pansgloci-aktualnosci\/#breadcrumb"},"inLanguage":"pl-PL","potentialAction":[{"@type":"ReadAction","target":["https:\/\/pans.krosno.pl\/kola-naukowe\/pansgloci\/pansgloci-aktualnosci\/"]}]},{"@type":"BreadcrumbList","@id":"https:\/\/pans.krosno.pl\/kola-naukowe\/pansgloci\/pansgloci-aktualnosci\/#breadcrumb","itemListElement":[{"@type":"ListItem","position":1,"name":"Strona g\u0142\u00f3wna","item":"https:\/\/pans.krosno.pl\/kola-naukowe\/"},{"@type":"ListItem","position":2,"name":"PANSgloci","item":"https:\/\/pans.krosno.pl\/kola-naukowe\/pansgloci\/"},{"@type":"ListItem","position":3,"name":"PANSgloci &#8211; Aktualno\u015bci"}]},{"@type":"WebSite","@id":"https:\/\/pans.krosno.pl\/kola-naukowe\/#website","url":"https:\/\/pans.krosno.pl\/kola-naukowe\/","name":"Studenckie Ko\u0142a Naukowe PANS w Kro\u015bnie","description":"Studenckie Ko\u0142a Naukowe - Pa\u0144stwowa Akademia Nauk Stosowanych","publisher":{"@id":"https:\/\/pans.krosno.pl\/kola-naukowe\/#organization"},"potentialAction":[{"@type":"SearchAction","target":{"@type":"EntryPoint","urlTemplate":"https:\/\/pans.krosno.pl\/kola-naukowe\/?s={search_term_string}"},"query-input":{"@type":"PropertyValueSpecification","valueRequired":true,"valueName":"search_term_string"}}],"inLanguage":"pl-PL"},{"@type":"Organization","@id":"https:\/\/pans.krosno.pl\/kola-naukowe\/#organization","name":"Studenckie Ko\u0142a Naukowe PANS w Kro\u015bnie","url":"https:\/\/pans.krosno.pl\/kola-naukowe\/","logo":{"@type":"ImageObject","inLanguage":"pl-PL","@id":"https:\/\/pans.krosno.pl\/kola-naukowe\/#\/schema\/logo\/image\/","url":"https:\/\/pans.krosno.pl\/kola-naukowe\/wp-content\/uploads\/sites\/48\/2023\/01\/Logo-PANS-2022-pelne.png","contentUrl":"https:\/\/pans.krosno.pl\/kola-naukowe\/wp-content\/uploads\/sites\/48\/2023\/01\/Logo-PANS-2022-pelne.png","width":3096,"height":696,"caption":"Studenckie Ko\u0142a Naukowe PANS w Kro\u015bnie"},"image":{"@id":"https:\/\/pans.krosno.pl\/kola-naukowe\/#\/schema\/logo\/image\/"}}]}},"_links":{"self":[{"href":"https:\/\/pans.krosno.pl\/kola-naukowe\/wp-json\/wp\/v2\/pages\/7269","targetHints":{"allow":["GET"]}}],"collection":[{"href":"https:\/\/pans.krosno.pl\/kola-naukowe\/wp-json\/wp\/v2\/pages"}],"about":[{"href":"https:\/\/pans.krosno.pl\/kola-naukowe\/wp-json\/wp\/v2\/types\/page"}],"author":[{"embeddable":true,"href":"https:\/\/pans.krosno.pl\/kola-naukowe\/wp-json\/wp\/v2\/users\/27"}],"replies":[{"embeddable":true,"href":"https:\/\/pans.krosno.pl\/kola-naukowe\/wp-json\/wp\/v2\/comments?post=7269"}],"version-history":[{"count":2,"href":"https:\/\/pans.krosno.pl\/kola-naukowe\/wp-json\/wp\/v2\/pages\/7269\/revisions"}],"predecessor-version":[{"id":7316,"href":"https:\/\/pans.krosno.pl\/kola-naukowe\/wp-json\/wp\/v2\/pages\/7269\/revisions\/7316"}],"up":[{"embeddable":true,"href":"https:\/\/pans.krosno.pl\/kola-naukowe\/wp-json\/wp\/v2\/pages\/7266"}],"wp:attachment":[{"href":"https:\/\/pans.krosno.pl\/kola-naukowe\/wp-json\/wp\/v2\/media?parent=7269"}],"curies":[{"name":"wp","href":"https:\/\/api.w.org\/{rel}","templated":true}]}}