{"id":7267,"date":"2025-02-10T15:12:09","date_gmt":"2025-02-10T14:12:09","guid":{"rendered":"https:\/\/pans.krosno.pl\/kola-naukowe\/?page_id=7267"},"modified":"2025-02-21T10:07:17","modified_gmt":"2025-02-21T09:07:17","slug":"pansgloci-informacje-o-kole","status":"publish","type":"page","link":"https:\/\/pans.krosno.pl\/kola-naukowe\/pansgloci\/pansgloci-informacje-o-kole\/","title":{"rendered":"PANSgloci &#8211; Informacje o Kole"},"content":{"rendered":"\n<figure class=\"wp-block-image size-full\"><img loading=\"lazy\" decoding=\"async\" width=\"537\" height=\"91\" src=\"https:\/\/pans.krosno.pl\/kola-naukowe\/wp-content\/uploads\/sites\/48\/2025\/02\/image-2.png\" alt=\"\" class=\"wp-image-7293\" srcset=\"https:\/\/pans.krosno.pl\/kola-naukowe\/wp-content\/uploads\/sites\/48\/2025\/02\/image-2.png 537w, https:\/\/pans.krosno.pl\/kola-naukowe\/wp-content\/uploads\/sites\/48\/2025\/02\/image-2-300x51.png 300w\" sizes=\"auto, (max-width: 537px) 100vw, 537px\" \/><\/figure>\n\n\n\n<p>Studenckie Ko\u0142o Naukowe PANSgloci dzia\u0142aj\u0105ce pod opiek\u0105 lektor\u00f3w Studium J\u0119zyk\u00f3w Obcych zrzesza student\u00f3w wszystkich kierunk\u00f3w Pa\u0144stwowej Akademii Nauk Stosowanych w Kro\u015bnie anga\u017cuj\u0105c ich w rozmaite formy aktywno\u015bci o charakterze promocyjnym, dydaktycznym i naukowym, skoncentrowane na:<\/p>\n\n\n\n<ul class=\"wp-block-list\">\n<li>rozwijaniu umiej\u0119tno\u015bci j\u0119zykowych i zainteresowa\u0144 naukowych jego cz\u0142onk\u00f3w (redagowanie artyku\u0142\u00f3w akademickich, rejestrowanie bada\u0144 i ankiet, tworzenie materia\u0142\u00f3w dydaktycznych, udzia\u0142 w konferencjach i warsztatach szkoleniowych)<\/li>\n<\/ul>\n\n\n\n<ul class=\"wp-block-list\">\n<li>nabywaniu nowych kompetencji i kszta\u0142towanie profesjonalnego wizerunku jego cz\u0142onk\u00f3w (praktyki w zawodzie nauczyciela oraz w obszarze marketingu internetowego, praca w zespole, rozw\u00f3j umiej\u0119tno\u015bci prezentacji, wyst\u0105pie\u0144 publicznych oraz kontakt\u00f3w interpersonalnych)<\/li>\n<\/ul>\n\n\n\n<ul class=\"wp-block-list\">\n<li>promowaniu indywidualnych talent\u00f3w i zdolno\u015bci student\u00f3w (tworzenie dekoracji na potrzeby uczelni, Studium J\u0119zyk\u00f3w Obcych i j\u0119zykowej Academii, wyst\u0119py w ramach angloj\u0119zycznej grupy teatralnej, oprawa graficzna materia\u0142\u00f3w dydaktyczno-promocyjnych: plakat\u00f3w, post\u00f3w w social mediach oraz zestaw\u00f3w do nauki j\u0119zyk\u00f3w)<\/li>\n<\/ul>\n\n\n\n<figure class=\"wp-block-image size-full\"><img loading=\"lazy\" decoding=\"async\" width=\"1031\" height=\"580\" src=\"https:\/\/pans.krosno.pl\/kola-naukowe\/wp-content\/uploads\/sites\/48\/2025\/02\/image-1.png\" alt=\"\" class=\"wp-image-7290\" srcset=\"https:\/\/pans.krosno.pl\/kola-naukowe\/wp-content\/uploads\/sites\/48\/2025\/02\/image-1.png 1031w, https:\/\/pans.krosno.pl\/kola-naukowe\/wp-content\/uploads\/sites\/48\/2025\/02\/image-1-300x169.png 300w, https:\/\/pans.krosno.pl\/kola-naukowe\/wp-content\/uploads\/sites\/48\/2025\/02\/image-1-1024x576.png 1024w, https:\/\/pans.krosno.pl\/kola-naukowe\/wp-content\/uploads\/sites\/48\/2025\/02\/image-1-768x432.png 768w, https:\/\/pans.krosno.pl\/kola-naukowe\/wp-content\/uploads\/sites\/48\/2025\/02\/image-1-800x450.png 800w, https:\/\/pans.krosno.pl\/kola-naukowe\/wp-content\/uploads\/sites\/48\/2025\/02\/image-1-270x152.png 270w, https:\/\/pans.krosno.pl\/kola-naukowe\/wp-content\/uploads\/sites\/48\/2025\/02\/image-1-580x326.png 580w\" sizes=\"auto, (max-width: 1031px) 100vw, 1031px\" \/><\/figure>\n","protected":false},"excerpt":{"rendered":"<p>Studenckie Ko\u0142o Naukowe PANSgloci dzia\u0142aj\u0105ce pod opiek\u0105 lektor\u00f3w Studium J\u0119zyk\u00f3w Obcych zrzesza student\u00f3w wszystkich kierunk\u00f3w Pa\u0144stwowej Akademii Nauk Stosowanych w Kro\u015bnie anga\u017cuj\u0105c ich w rozmaite formy aktywno\u015bci o charakterze promocyjnym, dydaktycznym i naukowym, skoncentrowane na:<\/p>\n","protected":false},"author":27,"featured_media":0,"parent":7266,"menu_order":0,"comment_status":"closed","ping_status":"closed","template":"page-templates\/template-full-width.php","meta":{"ngg_post_thumbnail":0,"footnotes":""},"class_list":["post-7267","page","type-page","status-publish","hentry"],"yoast_head":"<!-- This site is optimized with the Yoast SEO Premium plugin v27.3 (Yoast SEO v27.3) - https:\/\/yoast.com\/product\/yoast-seo-premium-wordpress\/ -->\n<title>PANSgloci - Informacje o Kole - Studenckie Ko\u0142a Naukowe PANS w Kro\u015bnie<\/title>\n<meta name=\"robots\" content=\"index, follow, max-snippet:-1, max-image-preview:large, max-video-preview:-1\" \/>\n<link rel=\"canonical\" href=\"https:\/\/pans.krosno.pl\/kola-naukowe\/pansgloci\/pansgloci-informacje-o-kole\/\" \/>\n<meta property=\"og:locale\" content=\"pl_PL\" \/>\n<meta property=\"og:type\" content=\"article\" \/>\n<meta property=\"og:title\" content=\"PANSgloci - Informacje o Kole\" \/>\n<meta property=\"og:description\" content=\"Studenckie Ko\u0142o Naukowe PANSgloci dzia\u0142aj\u0105ce pod opiek\u0105 lektor\u00f3w Studium J\u0119zyk\u00f3w Obcych zrzesza student\u00f3w wszystkich kierunk\u00f3w Pa\u0144stwowej Akademii Nauk Stosowanych w Kro\u015bnie anga\u017cuj\u0105c ich w rozmaite formy aktywno\u015bci o charakterze promocyjnym, dydaktycznym i naukowym, skoncentrowane na:\" \/>\n<meta property=\"og:url\" content=\"https:\/\/pans.krosno.pl\/kola-naukowe\/pansgloci\/pansgloci-informacje-o-kole\/\" \/>\n<meta property=\"og:site_name\" content=\"Studenckie Ko\u0142a Naukowe PANS w Kro\u015bnie\" \/>\n<meta property=\"article:modified_time\" content=\"2025-02-21T09:07:17+00:00\" \/>\n<meta property=\"og:image\" content=\"https:\/\/pans.krosno.pl\/kola-naukowe\/wp-content\/uploads\/sites\/48\/2025\/02\/image-2.png\" \/>\n\t<meta property=\"og:image:width\" content=\"537\" \/>\n\t<meta property=\"og:image:height\" content=\"91\" \/>\n\t<meta property=\"og:image:type\" content=\"image\/png\" \/>\n<meta name=\"twitter:card\" content=\"summary_large_image\" \/>\n<meta name=\"twitter:label1\" content=\"Szacowany czas czytania\" \/>\n\t<meta name=\"twitter:data1\" content=\"2 minuty\" \/>\n<script type=\"application\/ld+json\" class=\"yoast-schema-graph\">{\"@context\":\"https:\\\/\\\/schema.org\",\"@graph\":[{\"@type\":\"WebPage\",\"@id\":\"https:\\\/\\\/pans.krosno.pl\\\/kola-naukowe\\\/pansgloci\\\/pansgloci-informacje-o-kole\\\/\",\"url\":\"https:\\\/\\\/pans.krosno.pl\\\/kola-naukowe\\\/pansgloci\\\/pansgloci-informacje-o-kole\\\/\",\"name\":\"PANSgloci - Informacje o Kole - Studenckie Ko\u0142a Naukowe PANS w Kro\u015bnie\",\"isPartOf\":{\"@id\":\"https:\\\/\\\/pans.krosno.pl\\\/kola-naukowe\\\/#website\"},\"primaryImageOfPage\":{\"@id\":\"https:\\\/\\\/pans.krosno.pl\\\/kola-naukowe\\\/pansgloci\\\/pansgloci-informacje-o-kole\\\/#primaryimage\"},\"image\":{\"@id\":\"https:\\\/\\\/pans.krosno.pl\\\/kola-naukowe\\\/pansgloci\\\/pansgloci-informacje-o-kole\\\/#primaryimage\"},\"thumbnailUrl\":\"https:\\\/\\\/pans.krosno.pl\\\/kola-naukowe\\\/wp-content\\\/uploads\\\/sites\\\/48\\\/2025\\\/02\\\/image-2.png\",\"datePublished\":\"2025-02-10T14:12:09+00:00\",\"dateModified\":\"2025-02-21T09:07:17+00:00\",\"breadcrumb\":{\"@id\":\"https:\\\/\\\/pans.krosno.pl\\\/kola-naukowe\\\/pansgloci\\\/pansgloci-informacje-o-kole\\\/#breadcrumb\"},\"inLanguage\":\"pl-PL\",\"potentialAction\":[{\"@type\":\"ReadAction\",\"target\":[\"https:\\\/\\\/pans.krosno.pl\\\/kola-naukowe\\\/pansgloci\\\/pansgloci-informacje-o-kole\\\/\"]}]},{\"@type\":\"ImageObject\",\"inLanguage\":\"pl-PL\",\"@id\":\"https:\\\/\\\/pans.krosno.pl\\\/kola-naukowe\\\/pansgloci\\\/pansgloci-informacje-o-kole\\\/#primaryimage\",\"url\":\"https:\\\/\\\/pans.krosno.pl\\\/kola-naukowe\\\/wp-content\\\/uploads\\\/sites\\\/48\\\/2025\\\/02\\\/image-2.png\",\"contentUrl\":\"https:\\\/\\\/pans.krosno.pl\\\/kola-naukowe\\\/wp-content\\\/uploads\\\/sites\\\/48\\\/2025\\\/02\\\/image-2.png\",\"width\":537,\"height\":91},{\"@type\":\"BreadcrumbList\",\"@id\":\"https:\\\/\\\/pans.krosno.pl\\\/kola-naukowe\\\/pansgloci\\\/pansgloci-informacje-o-kole\\\/#breadcrumb\",\"itemListElement\":[{\"@type\":\"ListItem\",\"position\":1,\"name\":\"Strona g\u0142\u00f3wna\",\"item\":\"https:\\\/\\\/pans.krosno.pl\\\/kola-naukowe\\\/\"},{\"@type\":\"ListItem\",\"position\":2,\"name\":\"PANSgloci\",\"item\":\"https:\\\/\\\/pans.krosno.pl\\\/kola-naukowe\\\/pansgloci\\\/\"},{\"@type\":\"ListItem\",\"position\":3,\"name\":\"PANSgloci &#8211; Informacje o Kole\"}]},{\"@type\":\"WebSite\",\"@id\":\"https:\\\/\\\/pans.krosno.pl\\\/kola-naukowe\\\/#website\",\"url\":\"https:\\\/\\\/pans.krosno.pl\\\/kola-naukowe\\\/\",\"name\":\"Studenckie Ko\u0142a Naukowe PANS w Kro\u015bnie\",\"description\":\"Studenckie Ko\u0142a Naukowe - Pa\u0144stwowa Akademia Nauk Stosowanych\",\"publisher\":{\"@id\":\"https:\\\/\\\/pans.krosno.pl\\\/kola-naukowe\\\/#organization\"},\"potentialAction\":[{\"@type\":\"SearchAction\",\"target\":{\"@type\":\"EntryPoint\",\"urlTemplate\":\"https:\\\/\\\/pans.krosno.pl\\\/kola-naukowe\\\/?s={search_term_string}\"},\"query-input\":{\"@type\":\"PropertyValueSpecification\",\"valueRequired\":true,\"valueName\":\"search_term_string\"}}],\"inLanguage\":\"pl-PL\"},{\"@type\":\"Organization\",\"@id\":\"https:\\\/\\\/pans.krosno.pl\\\/kola-naukowe\\\/#organization\",\"name\":\"Studenckie Ko\u0142a Naukowe PANS w Kro\u015bnie\",\"url\":\"https:\\\/\\\/pans.krosno.pl\\\/kola-naukowe\\\/\",\"logo\":{\"@type\":\"ImageObject\",\"inLanguage\":\"pl-PL\",\"@id\":\"https:\\\/\\\/pans.krosno.pl\\\/kola-naukowe\\\/#\\\/schema\\\/logo\\\/image\\\/\",\"url\":\"https:\\\/\\\/pans.krosno.pl\\\/kola-naukowe\\\/wp-content\\\/uploads\\\/sites\\\/48\\\/2023\\\/01\\\/Logo-PANS-2022-pelne.png\",\"contentUrl\":\"https:\\\/\\\/pans.krosno.pl\\\/kola-naukowe\\\/wp-content\\\/uploads\\\/sites\\\/48\\\/2023\\\/01\\\/Logo-PANS-2022-pelne.png\",\"width\":3096,\"height\":696,\"caption\":\"Studenckie Ko\u0142a Naukowe PANS w Kro\u015bnie\"},\"image\":{\"@id\":\"https:\\\/\\\/pans.krosno.pl\\\/kola-naukowe\\\/#\\\/schema\\\/logo\\\/image\\\/\"}}]}<\/script>\n<!-- \/ Yoast SEO Premium plugin. -->","yoast_head_json":{"title":"PANSgloci - Informacje o Kole - Studenckie Ko\u0142a Naukowe PANS w Kro\u015bnie","robots":{"index":"index","follow":"follow","max-snippet":"max-snippet:-1","max-image-preview":"max-image-preview:large","max-video-preview":"max-video-preview:-1"},"canonical":"https:\/\/pans.krosno.pl\/kola-naukowe\/pansgloci\/pansgloci-informacje-o-kole\/","og_locale":"pl_PL","og_type":"article","og_title":"PANSgloci - Informacje o Kole","og_description":"Studenckie Ko\u0142o Naukowe PANSgloci dzia\u0142aj\u0105ce pod opiek\u0105 lektor\u00f3w Studium J\u0119zyk\u00f3w Obcych zrzesza student\u00f3w wszystkich kierunk\u00f3w Pa\u0144stwowej Akademii Nauk Stosowanych w Kro\u015bnie anga\u017cuj\u0105c ich w rozmaite formy aktywno\u015bci o charakterze promocyjnym, dydaktycznym i naukowym, skoncentrowane na:","og_url":"https:\/\/pans.krosno.pl\/kola-naukowe\/pansgloci\/pansgloci-informacje-o-kole\/","og_site_name":"Studenckie Ko\u0142a Naukowe PANS w Kro\u015bnie","article_modified_time":"2025-02-21T09:07:17+00:00","og_image":[{"width":537,"height":91,"url":"https:\/\/pans.krosno.pl\/kola-naukowe\/wp-content\/uploads\/sites\/48\/2025\/02\/image-2.png","type":"image\/png"}],"twitter_card":"summary_large_image","twitter_misc":{"Szacowany czas czytania":"2 minuty"},"schema":{"@context":"https:\/\/schema.org","@graph":[{"@type":"WebPage","@id":"https:\/\/pans.krosno.pl\/kola-naukowe\/pansgloci\/pansgloci-informacje-o-kole\/","url":"https:\/\/pans.krosno.pl\/kola-naukowe\/pansgloci\/pansgloci-informacje-o-kole\/","name":"PANSgloci - Informacje o Kole - Studenckie Ko\u0142a Naukowe PANS w Kro\u015bnie","isPartOf":{"@id":"https:\/\/pans.krosno.pl\/kola-naukowe\/#website"},"primaryImageOfPage":{"@id":"https:\/\/pans.krosno.pl\/kola-naukowe\/pansgloci\/pansgloci-informacje-o-kole\/#primaryimage"},"image":{"@id":"https:\/\/pans.krosno.pl\/kola-naukowe\/pansgloci\/pansgloci-informacje-o-kole\/#primaryimage"},"thumbnailUrl":"https:\/\/pans.krosno.pl\/kola-naukowe\/wp-content\/uploads\/sites\/48\/2025\/02\/image-2.png","datePublished":"2025-02-10T14:12:09+00:00","dateModified":"2025-02-21T09:07:17+00:00","breadcrumb":{"@id":"https:\/\/pans.krosno.pl\/kola-naukowe\/pansgloci\/pansgloci-informacje-o-kole\/#breadcrumb"},"inLanguage":"pl-PL","potentialAction":[{"@type":"ReadAction","target":["https:\/\/pans.krosno.pl\/kola-naukowe\/pansgloci\/pansgloci-informacje-o-kole\/"]}]},{"@type":"ImageObject","inLanguage":"pl-PL","@id":"https:\/\/pans.krosno.pl\/kola-naukowe\/pansgloci\/pansgloci-informacje-o-kole\/#primaryimage","url":"https:\/\/pans.krosno.pl\/kola-naukowe\/wp-content\/uploads\/sites\/48\/2025\/02\/image-2.png","contentUrl":"https:\/\/pans.krosno.pl\/kola-naukowe\/wp-content\/uploads\/sites\/48\/2025\/02\/image-2.png","width":537,"height":91},{"@type":"BreadcrumbList","@id":"https:\/\/pans.krosno.pl\/kola-naukowe\/pansgloci\/pansgloci-informacje-o-kole\/#breadcrumb","itemListElement":[{"@type":"ListItem","position":1,"name":"Strona g\u0142\u00f3wna","item":"https:\/\/pans.krosno.pl\/kola-naukowe\/"},{"@type":"ListItem","position":2,"name":"PANSgloci","item":"https:\/\/pans.krosno.pl\/kola-naukowe\/pansgloci\/"},{"@type":"ListItem","position":3,"name":"PANSgloci &#8211; Informacje o Kole"}]},{"@type":"WebSite","@id":"https:\/\/pans.krosno.pl\/kola-naukowe\/#website","url":"https:\/\/pans.krosno.pl\/kola-naukowe\/","name":"Studenckie Ko\u0142a Naukowe PANS w Kro\u015bnie","description":"Studenckie Ko\u0142a Naukowe - Pa\u0144stwowa Akademia Nauk Stosowanych","publisher":{"@id":"https:\/\/pans.krosno.pl\/kola-naukowe\/#organization"},"potentialAction":[{"@type":"SearchAction","target":{"@type":"EntryPoint","urlTemplate":"https:\/\/pans.krosno.pl\/kola-naukowe\/?s={search_term_string}"},"query-input":{"@type":"PropertyValueSpecification","valueRequired":true,"valueName":"search_term_string"}}],"inLanguage":"pl-PL"},{"@type":"Organization","@id":"https:\/\/pans.krosno.pl\/kola-naukowe\/#organization","name":"Studenckie Ko\u0142a Naukowe PANS w Kro\u015bnie","url":"https:\/\/pans.krosno.pl\/kola-naukowe\/","logo":{"@type":"ImageObject","inLanguage":"pl-PL","@id":"https:\/\/pans.krosno.pl\/kola-naukowe\/#\/schema\/logo\/image\/","url":"https:\/\/pans.krosno.pl\/kola-naukowe\/wp-content\/uploads\/sites\/48\/2023\/01\/Logo-PANS-2022-pelne.png","contentUrl":"https:\/\/pans.krosno.pl\/kola-naukowe\/wp-content\/uploads\/sites\/48\/2023\/01\/Logo-PANS-2022-pelne.png","width":3096,"height":696,"caption":"Studenckie Ko\u0142a Naukowe PANS w Kro\u015bnie"},"image":{"@id":"https:\/\/pans.krosno.pl\/kola-naukowe\/#\/schema\/logo\/image\/"}}]}},"_links":{"self":[{"href":"https:\/\/pans.krosno.pl\/kola-naukowe\/wp-json\/wp\/v2\/pages\/7267","targetHints":{"allow":["GET"]}}],"collection":[{"href":"https:\/\/pans.krosno.pl\/kola-naukowe\/wp-json\/wp\/v2\/pages"}],"about":[{"href":"https:\/\/pans.krosno.pl\/kola-naukowe\/wp-json\/wp\/v2\/types\/page"}],"author":[{"embeddable":true,"href":"https:\/\/pans.krosno.pl\/kola-naukowe\/wp-json\/wp\/v2\/users\/27"}],"replies":[{"embeddable":true,"href":"https:\/\/pans.krosno.pl\/kola-naukowe\/wp-json\/wp\/v2\/comments?post=7267"}],"version-history":[{"count":3,"href":"https:\/\/pans.krosno.pl\/kola-naukowe\/wp-json\/wp\/v2\/pages\/7267\/revisions"}],"predecessor-version":[{"id":7296,"href":"https:\/\/pans.krosno.pl\/kola-naukowe\/wp-json\/wp\/v2\/pages\/7267\/revisions\/7296"}],"up":[{"embeddable":true,"href":"https:\/\/pans.krosno.pl\/kola-naukowe\/wp-json\/wp\/v2\/pages\/7266"}],"wp:attachment":[{"href":"https:\/\/pans.krosno.pl\/kola-naukowe\/wp-json\/wp\/v2\/media?parent=7267"}],"curies":[{"name":"wp","href":"https:\/\/api.w.org\/{rel}","templated":true}]}}