{"id":6624,"date":"2024-10-10T13:35:56","date_gmt":"2024-10-10T11:35:56","guid":{"rendered":"https:\/\/pans.krosno.pl\/kola-naukowe\/?page_id=6624"},"modified":"2024-12-19T11:42:58","modified_gmt":"2024-12-19T10:42:58","slug":"studenckie-kolo-naukowe-jezyka-i-kultury-hiszpanii-lince","status":"publish","type":"page","link":"https:\/\/pans.krosno.pl\/kola-naukowe\/studenckie-kolo-naukowe-jezyka-i-kultury-hiszpanii-lince\/","title":{"rendered":"Studenckie\u00a0Ko\u0142o\u00a0Naukowe\u00a0J\u0119zyka\u00a0i\u00a0Kultury\u00a0Hiszpanii\u00a0&#8222;LINCE&#8221;"},"content":{"rendered":"\n<ul class=\"wp-block-list\">\n<li class=\"has-large-font-size\">Informacje&nbsp;o&nbsp;kole,&nbsp;<\/li>\n<\/ul>\n\n\n\n<p><strong>Ko\u0142o Naukowe &#8222;LINCE&#8221; dzia\u0142a dopiero od 2023 roku, ale ju\u017c uda\u0142o im si\u0119 wzi\u0105\u0107 udzia\u0142 w kilku wa\u017cnych wydarzeniach uczelnianych, a nawet aktywnie wsp\u00f3\u0142organizowa\u0107 VI edycj\u0119 Dnia Hiszpa\u0144skiego!<\/strong><\/p>\n\n\n\n<ul class=\"wp-block-list\">\n<li class=\"has-large-font-size\">Aktualno\u015bci,&nbsp;<\/li>\n\n\n\n<li class=\"has-large-font-size\">Zarz\u0105d<\/li>\n<\/ul>\n\n\n\n<p>Przewodnicz\u0105cy: Martyna Jakie\u0142a<\/p>\n\n\n\n<p><img decoding=\"async\" src=\"\" alt=\"*\">Z-ca Przewodnicz\u0105cego: Oliwia Wielgosz<\/p>\n\n\n\n<p><img decoding=\"async\" src=\"\" alt=\"*\">Sekretarz: Mateusz Urbaniak<\/p>\n\n\n\n<ul class=\"wp-block-list\">\n<li class=\"has-large-font-size\">Kontakt<\/li>\n<\/ul>\n\n\n\n<p>circulo.lince.2024@gmail.com<\/p>\n\n\n\n<p>martyna.jakiela@gmail.com<\/p>\n\n\n\n<p><\/p>\n\n\n\n<p>Odwied\u017a nasz\u0105 stron\u0119 na Instagramie: <\/p>\n\n\n\n<div class=\"wp-block-wpzoom-blocks-social-icons is-style-with-canvas-round\" style=\"--wpz-social-icons-block-item-font-size:38px;--wpz-social-icons-block-item-padding-horizontal:40px;--wpz-social-icons-block-item-padding-vertical:0px;--wpz-social-icons-block-item-margin-horizontal:85px;--wpz-social-icons-block-item-margin-vertical:1px;--wpz-social-icons-block-item-border-radius:50px;--wpz-social-icons-block-label-font-size:16px;--wpz-social-icons-block-label-color:#2e3131;--wpz-social-icons-block-label-color-hover:#2e3131;--wpz-social-icons-alignment:flex-start\"><a href=\"https:\/\/www.instagram.com\/lince.panskrosno\/\" class=\"social-icon-link\" title=\"Instagram\" style=\"--wpz-social-icons-block-item-color:#E4405F;--wpz-social-icons-block-item-color-hover:#E4405F\"><span class=\"social-icon socicon socicon-instagram\"><\/span><\/a><\/div>\n","protected":false},"excerpt":{"rendered":"<p>Ko\u0142o Naukowe &#8222;LINCE&#8221; dzia\u0142a dopiero od 2023 roku, ale ju\u017c uda\u0142o im si\u0119 wzi\u0105\u0107 udzia\u0142 w kilku wa\u017cnych wydarzeniach uczelnianych, a nawet aktywnie wsp\u00f3\u0142organizowa\u0107 VI edycj\u0119 Dnia Hiszpa\u0144skiego! Przewodnicz\u0105cy: Martyna Jakie\u0142a Z-ca Przewodnicz\u0105cego: Oliwia Wielgosz Sekretarz: Mateusz Urbaniak circulo.lince.2024@gmail.com martyna.jakiela@gmail.com Odwied\u017a nasz\u0105 stron\u0119 na Instagramie:<\/p>\n","protected":false},"author":27,"featured_media":0,"parent":0,"menu_order":0,"comment_status":"closed","ping_status":"closed","template":"","meta":{"ngg_post_thumbnail":0,"footnotes":""},"class_list":["post-6624","page","type-page","status-publish","hentry"],"yoast_head":"<!-- This site is optimized with the Yoast SEO Premium plugin v27.3 (Yoast SEO v27.3) - https:\/\/yoast.com\/product\/yoast-seo-premium-wordpress\/ -->\n<title>Studenckie\u00a0Ko\u0142o\u00a0Naukowe\u00a0J\u0119zyka\u00a0i\u00a0Kultury\u00a0Hiszpanii\u00a0&quot;LINCE&quot; - Studenckie Ko\u0142a Naukowe PANS w Kro\u015bnie<\/title>\n<meta name=\"robots\" content=\"index, follow, max-snippet:-1, max-image-preview:large, max-video-preview:-1\" \/>\n<link rel=\"canonical\" href=\"https:\/\/pans.krosno.pl\/kola-naukowe\/studenckie-kolo-naukowe-jezyka-i-kultury-hiszpanii-lince\/\" \/>\n<meta property=\"og:locale\" content=\"pl_PL\" \/>\n<meta property=\"og:type\" content=\"article\" \/>\n<meta property=\"og:title\" content=\"Studenckie\u00a0Ko\u0142o\u00a0Naukowe\u00a0J\u0119zyka\u00a0i\u00a0Kultury\u00a0Hiszpanii\u00a0&quot;LINCE&quot;\" \/>\n<meta property=\"og:description\" content=\"Ko\u0142o Naukowe &#8222;LINCE&#8221; dzia\u0142a dopiero od 2023 roku, ale ju\u017c uda\u0142o im si\u0119 wzi\u0105\u0107 udzia\u0142 w kilku wa\u017cnych wydarzeniach uczelnianych, a nawet aktywnie wsp\u00f3\u0142organizowa\u0107 VI edycj\u0119 Dnia Hiszpa\u0144skiego! Przewodnicz\u0105cy: Martyna Jakie\u0142a Z-ca Przewodnicz\u0105cego: Oliwia Wielgosz Sekretarz: Mateusz Urbaniak circulo.lince.2024@gmail.com martyna.jakiela@gmail.com Odwied\u017a nasz\u0105 stron\u0119 na Instagramie:\" \/>\n<meta property=\"og:url\" content=\"https:\/\/pans.krosno.pl\/kola-naukowe\/studenckie-kolo-naukowe-jezyka-i-kultury-hiszpanii-lince\/\" \/>\n<meta property=\"og:site_name\" content=\"Studenckie Ko\u0142a Naukowe PANS w Kro\u015bnie\" \/>\n<meta property=\"article:modified_time\" content=\"2024-12-19T10:42:58+00:00\" \/>\n<meta name=\"twitter:card\" content=\"summary_large_image\" \/>\n<meta name=\"twitter:label1\" content=\"Szacowany czas czytania\" \/>\n\t<meta name=\"twitter:data1\" content=\"1 minuta\" \/>\n<script type=\"application\/ld+json\" class=\"yoast-schema-graph\">{\"@context\":\"https:\\\/\\\/schema.org\",\"@graph\":[{\"@type\":\"WebPage\",\"@id\":\"https:\\\/\\\/pans.krosno.pl\\\/kola-naukowe\\\/studenckie-kolo-naukowe-jezyka-i-kultury-hiszpanii-lince\\\/\",\"url\":\"https:\\\/\\\/pans.krosno.pl\\\/kola-naukowe\\\/studenckie-kolo-naukowe-jezyka-i-kultury-hiszpanii-lince\\\/\",\"name\":\"Studenckie\u00a0Ko\u0142o\u00a0Naukowe\u00a0J\u0119zyka\u00a0i\u00a0Kultury\u00a0Hiszpanii\u00a0\\\"LINCE\\\" - Studenckie Ko\u0142a Naukowe PANS w Kro\u015bnie\",\"isPartOf\":{\"@id\":\"https:\\\/\\\/pans.krosno.pl\\\/kola-naukowe\\\/#website\"},\"datePublished\":\"2024-10-10T11:35:56+00:00\",\"dateModified\":\"2024-12-19T10:42:58+00:00\",\"breadcrumb\":{\"@id\":\"https:\\\/\\\/pans.krosno.pl\\\/kola-naukowe\\\/studenckie-kolo-naukowe-jezyka-i-kultury-hiszpanii-lince\\\/#breadcrumb\"},\"inLanguage\":\"pl-PL\",\"potentialAction\":[{\"@type\":\"ReadAction\",\"target\":[\"https:\\\/\\\/pans.krosno.pl\\\/kola-naukowe\\\/studenckie-kolo-naukowe-jezyka-i-kultury-hiszpanii-lince\\\/\"]}]},{\"@type\":\"BreadcrumbList\",\"@id\":\"https:\\\/\\\/pans.krosno.pl\\\/kola-naukowe\\\/studenckie-kolo-naukowe-jezyka-i-kultury-hiszpanii-lince\\\/#breadcrumb\",\"itemListElement\":[{\"@type\":\"ListItem\",\"position\":1,\"name\":\"Strona g\u0142\u00f3wna\",\"item\":\"https:\\\/\\\/pans.krosno.pl\\\/kola-naukowe\\\/\"},{\"@type\":\"ListItem\",\"position\":2,\"name\":\"Studenckie\u00a0Ko\u0142o\u00a0Naukowe\u00a0J\u0119zyka\u00a0i\u00a0Kultury\u00a0Hiszpanii\u00a0&#8222;LINCE&#8221;\"}]},{\"@type\":\"WebSite\",\"@id\":\"https:\\\/\\\/pans.krosno.pl\\\/kola-naukowe\\\/#website\",\"url\":\"https:\\\/\\\/pans.krosno.pl\\\/kola-naukowe\\\/\",\"name\":\"Studenckie Ko\u0142a Naukowe PANS w Kro\u015bnie\",\"description\":\"Studenckie Ko\u0142a Naukowe - Pa\u0144stwowa Akademia Nauk Stosowanych\",\"publisher\":{\"@id\":\"https:\\\/\\\/pans.krosno.pl\\\/kola-naukowe\\\/#organization\"},\"potentialAction\":[{\"@type\":\"SearchAction\",\"target\":{\"@type\":\"EntryPoint\",\"urlTemplate\":\"https:\\\/\\\/pans.krosno.pl\\\/kola-naukowe\\\/?s={search_term_string}\"},\"query-input\":{\"@type\":\"PropertyValueSpecification\",\"valueRequired\":true,\"valueName\":\"search_term_string\"}}],\"inLanguage\":\"pl-PL\"},{\"@type\":\"Organization\",\"@id\":\"https:\\\/\\\/pans.krosno.pl\\\/kola-naukowe\\\/#organization\",\"name\":\"Studenckie Ko\u0142a Naukowe PANS w Kro\u015bnie\",\"url\":\"https:\\\/\\\/pans.krosno.pl\\\/kola-naukowe\\\/\",\"logo\":{\"@type\":\"ImageObject\",\"inLanguage\":\"pl-PL\",\"@id\":\"https:\\\/\\\/pans.krosno.pl\\\/kola-naukowe\\\/#\\\/schema\\\/logo\\\/image\\\/\",\"url\":\"https:\\\/\\\/pans.krosno.pl\\\/kola-naukowe\\\/wp-content\\\/uploads\\\/sites\\\/48\\\/2023\\\/01\\\/Logo-PANS-2022-pelne.png\",\"contentUrl\":\"https:\\\/\\\/pans.krosno.pl\\\/kola-naukowe\\\/wp-content\\\/uploads\\\/sites\\\/48\\\/2023\\\/01\\\/Logo-PANS-2022-pelne.png\",\"width\":3096,\"height\":696,\"caption\":\"Studenckie Ko\u0142a Naukowe PANS w Kro\u015bnie\"},\"image\":{\"@id\":\"https:\\\/\\\/pans.krosno.pl\\\/kola-naukowe\\\/#\\\/schema\\\/logo\\\/image\\\/\"}}]}<\/script>\n<!-- \/ Yoast SEO Premium plugin. -->","yoast_head_json":{"title":"Studenckie\u00a0Ko\u0142o\u00a0Naukowe\u00a0J\u0119zyka\u00a0i\u00a0Kultury\u00a0Hiszpanii\u00a0\"LINCE\" - Studenckie Ko\u0142a Naukowe PANS w Kro\u015bnie","robots":{"index":"index","follow":"follow","max-snippet":"max-snippet:-1","max-image-preview":"max-image-preview:large","max-video-preview":"max-video-preview:-1"},"canonical":"https:\/\/pans.krosno.pl\/kola-naukowe\/studenckie-kolo-naukowe-jezyka-i-kultury-hiszpanii-lince\/","og_locale":"pl_PL","og_type":"article","og_title":"Studenckie\u00a0Ko\u0142o\u00a0Naukowe\u00a0J\u0119zyka\u00a0i\u00a0Kultury\u00a0Hiszpanii\u00a0\"LINCE\"","og_description":"Ko\u0142o Naukowe &#8222;LINCE&#8221; dzia\u0142a dopiero od 2023 roku, ale ju\u017c uda\u0142o im si\u0119 wzi\u0105\u0107 udzia\u0142 w kilku wa\u017cnych wydarzeniach uczelnianych, a nawet aktywnie wsp\u00f3\u0142organizowa\u0107 VI edycj\u0119 Dnia Hiszpa\u0144skiego! Przewodnicz\u0105cy: Martyna Jakie\u0142a Z-ca Przewodnicz\u0105cego: Oliwia Wielgosz Sekretarz: Mateusz Urbaniak circulo.lince.2024@gmail.com martyna.jakiela@gmail.com Odwied\u017a nasz\u0105 stron\u0119 na Instagramie:","og_url":"https:\/\/pans.krosno.pl\/kola-naukowe\/studenckie-kolo-naukowe-jezyka-i-kultury-hiszpanii-lince\/","og_site_name":"Studenckie Ko\u0142a Naukowe PANS w Kro\u015bnie","article_modified_time":"2024-12-19T10:42:58+00:00","twitter_card":"summary_large_image","twitter_misc":{"Szacowany czas czytania":"1 minuta"},"schema":{"@context":"https:\/\/schema.org","@graph":[{"@type":"WebPage","@id":"https:\/\/pans.krosno.pl\/kola-naukowe\/studenckie-kolo-naukowe-jezyka-i-kultury-hiszpanii-lince\/","url":"https:\/\/pans.krosno.pl\/kola-naukowe\/studenckie-kolo-naukowe-jezyka-i-kultury-hiszpanii-lince\/","name":"Studenckie\u00a0Ko\u0142o\u00a0Naukowe\u00a0J\u0119zyka\u00a0i\u00a0Kultury\u00a0Hiszpanii\u00a0\"LINCE\" - Studenckie Ko\u0142a Naukowe PANS w Kro\u015bnie","isPartOf":{"@id":"https:\/\/pans.krosno.pl\/kola-naukowe\/#website"},"datePublished":"2024-10-10T11:35:56+00:00","dateModified":"2024-12-19T10:42:58+00:00","breadcrumb":{"@id":"https:\/\/pans.krosno.pl\/kola-naukowe\/studenckie-kolo-naukowe-jezyka-i-kultury-hiszpanii-lince\/#breadcrumb"},"inLanguage":"pl-PL","potentialAction":[{"@type":"ReadAction","target":["https:\/\/pans.krosno.pl\/kola-naukowe\/studenckie-kolo-naukowe-jezyka-i-kultury-hiszpanii-lince\/"]}]},{"@type":"BreadcrumbList","@id":"https:\/\/pans.krosno.pl\/kola-naukowe\/studenckie-kolo-naukowe-jezyka-i-kultury-hiszpanii-lince\/#breadcrumb","itemListElement":[{"@type":"ListItem","position":1,"name":"Strona g\u0142\u00f3wna","item":"https:\/\/pans.krosno.pl\/kola-naukowe\/"},{"@type":"ListItem","position":2,"name":"Studenckie\u00a0Ko\u0142o\u00a0Naukowe\u00a0J\u0119zyka\u00a0i\u00a0Kultury\u00a0Hiszpanii\u00a0&#8222;LINCE&#8221;"}]},{"@type":"WebSite","@id":"https:\/\/pans.krosno.pl\/kola-naukowe\/#website","url":"https:\/\/pans.krosno.pl\/kola-naukowe\/","name":"Studenckie Ko\u0142a Naukowe PANS w Kro\u015bnie","description":"Studenckie Ko\u0142a Naukowe - Pa\u0144stwowa Akademia Nauk Stosowanych","publisher":{"@id":"https:\/\/pans.krosno.pl\/kola-naukowe\/#organization"},"potentialAction":[{"@type":"SearchAction","target":{"@type":"EntryPoint","urlTemplate":"https:\/\/pans.krosno.pl\/kola-naukowe\/?s={search_term_string}"},"query-input":{"@type":"PropertyValueSpecification","valueRequired":true,"valueName":"search_term_string"}}],"inLanguage":"pl-PL"},{"@type":"Organization","@id":"https:\/\/pans.krosno.pl\/kola-naukowe\/#organization","name":"Studenckie Ko\u0142a Naukowe PANS w Kro\u015bnie","url":"https:\/\/pans.krosno.pl\/kola-naukowe\/","logo":{"@type":"ImageObject","inLanguage":"pl-PL","@id":"https:\/\/pans.krosno.pl\/kola-naukowe\/#\/schema\/logo\/image\/","url":"https:\/\/pans.krosno.pl\/kola-naukowe\/wp-content\/uploads\/sites\/48\/2023\/01\/Logo-PANS-2022-pelne.png","contentUrl":"https:\/\/pans.krosno.pl\/kola-naukowe\/wp-content\/uploads\/sites\/48\/2023\/01\/Logo-PANS-2022-pelne.png","width":3096,"height":696,"caption":"Studenckie Ko\u0142a Naukowe PANS w Kro\u015bnie"},"image":{"@id":"https:\/\/pans.krosno.pl\/kola-naukowe\/#\/schema\/logo\/image\/"}}]}},"_links":{"self":[{"href":"https:\/\/pans.krosno.pl\/kola-naukowe\/wp-json\/wp\/v2\/pages\/6624","targetHints":{"allow":["GET"]}}],"collection":[{"href":"https:\/\/pans.krosno.pl\/kola-naukowe\/wp-json\/wp\/v2\/pages"}],"about":[{"href":"https:\/\/pans.krosno.pl\/kola-naukowe\/wp-json\/wp\/v2\/types\/page"}],"author":[{"embeddable":true,"href":"https:\/\/pans.krosno.pl\/kola-naukowe\/wp-json\/wp\/v2\/users\/27"}],"replies":[{"embeddable":true,"href":"https:\/\/pans.krosno.pl\/kola-naukowe\/wp-json\/wp\/v2\/comments?post=6624"}],"version-history":[{"count":5,"href":"https:\/\/pans.krosno.pl\/kola-naukowe\/wp-json\/wp\/v2\/pages\/6624\/revisions"}],"predecessor-version":[{"id":7232,"href":"https:\/\/pans.krosno.pl\/kola-naukowe\/wp-json\/wp\/v2\/pages\/6624\/revisions\/7232"}],"wp:attachment":[{"href":"https:\/\/pans.krosno.pl\/kola-naukowe\/wp-json\/wp\/v2\/media?parent=6624"}],"curies":[{"name":"wp","href":"https:\/\/api.w.org\/{rel}","templated":true}]}}